{"id":45621,"date":"2022-11-29T18:52:28","date_gmt":"2022-11-29T17:52:28","guid":{"rendered":"https:\/\/meinradladen.com\/?post_type=product&#038;p=45621"},"modified":"2023-08-10T21:29:15","modified_gmt":"2023-08-10T19:29:15","slug":"garmin-swim-2-gps-schwimmuhr","status":"publish","type":"product","link":"https:\/\/cioelectro.com\/en\/produkt\/garmin-swim-2-gps-schwimmuhr\/","title":{"rendered":"Garmin Swim 2 &#8211; GPS-Schwimmuhr"},"content":{"rendered":"<h2 class=\"product--title\"><strong>Garmin<\/strong>\u00a0Swim 2 &#8211; GPS-Schwimmuhr<\/h2>\n<p>Mit der Garmin Swim 2 kannst du dank GPS \u00fcberall schwimmen und auch deinen anderen Sportarten nachgehen. Die Swim 2 misst nun auch bei Einheiten im Schwimmbad oder beim Freiwasserschwimmen die Herzfrequenz am Handgelenk unter Wasser. Zeichne Distanz, Pace, Anzahl der Z\u00fcge, Schwimmstil und Distanz pro Zug auf. Mach dich einfach auf ins Nass.<\/p>\n<hr \/>\n<h3>Die Highlights der Swim\u2122 2<\/h3>\n<ul>\n<li>Misst auch unter Wasser die Herzfrequenz am Handgelenk &#8211; ganz ohne Brustgurt<\/li>\n<li>Schwimmbad-Modus: Aufzeichnung von Distanz, Pace, Anzahl der Z\u00fcge, Schwimmstil und SWOLF (Effizienz beim Schwimmen)<\/li>\n<li>Freiwasserschwimm-Modus: Integriertes GPS f\u00fcr das Schwimmen in Seen, Fl\u00fcssen oder im Meer; Aufzeichnung von Distanz, Pace, Anzahl der Z\u00fcge, SWOLF, Zugzahl und Zugdistanz<\/li>\n<li>Erweiterte Funktionen zur Beibehaltung der Pace, Aufzeichnung von \u00dcbungen u.v.m.<\/li>\n<li>Perfekte Analysem\u00f6glichkeit deiner Trainings auf der Online-Community Garmin Connect\u2122; erstelle zudem benutzerdefinierte Trainings und teile deine Erfolge mit Freunden<\/li>\n<li>Akkulaufzeit: Bis zu 7 Tage im Smartwatch-Modus, 13 Stunden im GPS-Modus mit optischer Herzfrequenzmessung, 72 Stunden im Schwimmbadmodus mit optischer Herzfrequenzmessung<\/li>\n<\/ul>\n<hr \/>\n<h3>Features<\/h3>\n<p><strong>Herzfrequenzmessung am Handgelenk unter Wasser<\/strong><br \/>\nDie Garmin Swim 2 mit Elevate\u2122-Herzfrequenztechnologie misst die Herzfrequenz rund um die Uhr, auch bei deinen Schwimmeinheiten. Sieh dir beim Schwimmen deine Herzfrequenz an, lies bei Erholungsphasen deine durchschnittlichen und maximalen Werte ab und analysiere deine Herzfrequenz nach dem Schwimmen bei Garmin Connect.<\/p>\n<p><strong>Schwimmbad und Freiwasserschwimmen<\/strong><br \/>\nDie Garmin Swim 2 speichert dein Training, wo auch immer du schwimmen gehst. Dank des integrierten GPS kannst du in Seen, im Meer und in Fl\u00fcssen trainieren und dabei Distanz, Pace, Anzahl der Z\u00fcge, Zugdistanz und SWOLF aufzeichnen, um mit jedem Zug besser zu werden. Wenn du lieber im Schwimmbad trainierst, stehen zus\u00e4tzlich zu diesen Funktionen auch erweiterte Schwimmbadfunktionen zur Verf\u00fcgung, darunter eine neue Auto-Erholungsfunktion, bei der die Erholungs- und Schwimmintervalle automatisch gespeichert werden \u2013 ganz ohne Tastenbedienung.<\/p>\n<p><strong>Dein Fitness-Coach am Handgelenk<\/strong><br \/>\nZus\u00e4tzlich zu den Schwimmfunktionen bietet die Garmin Swim 2 umfassende Fitness-\/Health-Funktionen. F\u00fcr Schwimmer sind Funktionen wie das ganzt\u00e4gige Stress-Level-Tracking und die erweiterte Schlaf\u00fcberwachung ein n\u00fctzlicher Messwert f\u00fcr ihre allgemeine Gesundheit und ihr Wohlbefinden. Richte f\u00fcr die Verwendung au\u00dferhalb des Wassers Aktivit\u00e4tsziele ein, speichere deine Schrittanzahl, \u00fcberwache dein Body Battery-Energielevel, f\u00fchre Atem\u00fcbungen durch und zeichne Trainings auf, einschlie\u00dflich Radfahr- und Lauftrainings.<\/p>\n<hr \/>\n<h3>Farbe (Variante w\u00e4hlen)<\/h3>\n<ul>\n<li>Schiefergrau\/Silber<\/li>\n<li>Steinwei\u00df\/Silber<\/li>\n<\/ul>\n<h3>Gewicht<\/h3>\n<ul>\n<li>36 g (Herstellerangabe)<\/li>\n<\/ul>\n<hr \/>\n<h3>Lieferumfang<\/h3>\n<ul>\n<li>Swim\u2122 2<\/li>\n<li>Ladekabel<\/li>\n<li>Dokumentation<\/li>\n<\/ul>\n<hr \/>\n<h3>Garmin Swim 2 &#8211; die neue Schwimmuhr<\/h3>\n<p><iframe src=\"https:\/\/www.youtube-nocookie.com\/embed\/8BPTffaKiiY\" width=\"640\" height=\"360\" frameborder=\"0\" allowfullscreen=\"allowfullscreen\" data-mce-fragment=\"1\"><\/iframe><\/p>","protected":false},"excerpt":{"rendered":"<p>Garmin\u00a0Swim 2 &#8211; GPS-Schwimmuhr Mit der Garmin Swim 2 kannst du dank GPS \u00fcberall schwimmen und auch deinen anderen Sportarten<\/p>","protected":false},"featured_media":63799,"comment_status":"open","ping_status":"closed","template":"","meta":{"_rtcl_gb_attr":""},"product_brand":[],"product_cat":[537,318],"product_tag":[],"class_list":{"0":"post-45621","1":"product","2":"type-product","3":"status-publish","4":"has-post-thumbnail","6":"product_cat-elektronik","7":"product_cat-outdoor","8":"pa_marke-garmin","10":"first","11":"instock","12":"sale","13":"taxable","14":"shipping-taxable","15":"purchasable","16":"product-type-variable"},"yoast_head":"<!-- This site is optimized with the Yoast SEO Premium plugin v20.12 (Yoast SEO v27.4) - https:\/\/yoast.com\/product\/yoast-seo-premium-wordpress\/ -->\n<title>Garmin Swim 2 - GPS-Schwimmuhr<\/title>\n<meta name=\"description\" content=\"cioelectro.com bietet Ihnen das Garmin Swim 2 - GPS-Schwimmuhr zum besten Preis mit kostenlosem Versand in ganz EuropaGarmin Swim 2Garmin Swim 2\" \/>\n<meta name=\"robots\" content=\"index, follow, max-snippet:-1, max-image-preview:large, max-video-preview:-1\" \/>\n<link rel=\"canonical\" href=\"https:\/\/cioelectro.com\/en\/produkt\/garmin-swim-2-gps-schwimmuhr\/\" \/>\n<meta property=\"og:locale\" content=\"en_US\" \/>\n<meta property=\"og:type\" content=\"article\" \/>\n<meta property=\"og:title\" content=\"Garmin Swim 2 - GPS-Schwimmuhr\" \/>\n<meta property=\"og:description\" content=\"Entdecken Sie unseren Online-Fahrradladen: Gro\u00dfe Auswahl an Modellen f\u00fcr alle Radsportbegeisterten. Von Rennr\u00e4dern bis zu Mountainbikes - finden Sie heute Ihren perfekten Wegbegleiter!\" \/>\n<meta property=\"og:url\" content=\"https:\/\/cioelectro.com\/en\/produkt\/garmin-swim-2-gps-schwimmuhr\/\" \/>\n<meta property=\"og:site_name\" content=\"cioelectro.com\" \/>\n<meta property=\"article:modified_time\" content=\"2023-08-10T19:29:15+00:00\" \/>\n<meta property=\"og:image\" content=\"https:\/\/cioelectro.com\/wp-content\/uploads\/2023\/06\/Garmin-Swim-2-GPS-Schwimmuhr-010-02247-10_Master_800x800-00.jpg\" \/>\n\t<meta property=\"og:image:width\" content=\"800\" \/>\n\t<meta property=\"og:image:height\" content=\"710\" \/>\n\t<meta property=\"og:image:type\" content=\"image\/jpeg\" \/>\n<meta name=\"twitter:card\" content=\"summary_large_image\" \/>\n<meta name=\"twitter:label1\" content=\"Est. reading time\" \/>\n\t<meta name=\"twitter:data1\" content=\"3 minutes\" \/>\n<script type=\"application\/ld+json\" class=\"yoast-schema-graph\">{\"@context\":\"https:\\\/\\\/schema.org\",\"@graph\":[{\"@type\":\"WebPage\",\"@id\":\"https:\\\/\\\/cioelectro.com\\\/produkt\\\/garmin-swim-2-gps-schwimmuhr\\\/\",\"url\":\"https:\\\/\\\/cioelectro.com\\\/produkt\\\/garmin-swim-2-gps-schwimmuhr\\\/\",\"name\":\"Garmin Swim 2 - GPS-Schwimmuhr\",\"isPartOf\":{\"@id\":\"https:\\\/\\\/cioelectro.com\\\/#website\"},\"primaryImageOfPage\":{\"@id\":\"https:\\\/\\\/cioelectro.com\\\/produkt\\\/garmin-swim-2-gps-schwimmuhr\\\/#primaryimage\"},\"image\":{\"@id\":\"https:\\\/\\\/cioelectro.com\\\/produkt\\\/garmin-swim-2-gps-schwimmuhr\\\/#primaryimage\"},\"thumbnailUrl\":\"https:\\\/\\\/cioelectro.com\\\/wp-content\\\/uploads\\\/2023\\\/06\\\/Garmin-Swim-2-GPS-Schwimmuhr-010-02247-10_Master_800x800-00.jpg\",\"datePublished\":\"2022-11-29T17:52:28+00:00\",\"dateModified\":\"2023-08-10T19:29:15+00:00\",\"description\":\"cioelectro.com bietet Ihnen das Garmin Swim 2 - GPS-Schwimmuhr zum besten Preis mit kostenlosem Versand in ganz EuropaGarmin Swim 2Garmin Swim 2\",\"breadcrumb\":{\"@id\":\"https:\\\/\\\/cioelectro.com\\\/produkt\\\/garmin-swim-2-gps-schwimmuhr\\\/#breadcrumb\"},\"inLanguage\":\"en-US\",\"potentialAction\":[{\"@type\":\"ReadAction\",\"target\":[\"https:\\\/\\\/cioelectro.com\\\/produkt\\\/garmin-swim-2-gps-schwimmuhr\\\/\"]}]},{\"@type\":\"ImageObject\",\"inLanguage\":\"en-US\",\"@id\":\"https:\\\/\\\/cioelectro.com\\\/produkt\\\/garmin-swim-2-gps-schwimmuhr\\\/#primaryimage\",\"url\":\"https:\\\/\\\/cioelectro.com\\\/wp-content\\\/uploads\\\/2023\\\/06\\\/Garmin-Swim-2-GPS-Schwimmuhr-010-02247-10_Master_800x800-00.jpg\",\"contentUrl\":\"https:\\\/\\\/cioelectro.com\\\/wp-content\\\/uploads\\\/2023\\\/06\\\/Garmin-Swim-2-GPS-Schwimmuhr-010-02247-10_Master_800x800-00.jpg\",\"width\":800,\"height\":710,\"caption\":\"Garmin Swim 2 - GPS-Schwimmuhr\"},{\"@type\":\"BreadcrumbList\",\"@id\":\"https:\\\/\\\/cioelectro.com\\\/produkt\\\/garmin-swim-2-gps-schwimmuhr\\\/#breadcrumb\",\"itemListElement\":[{\"@type\":\"ListItem\",\"position\":1,\"name\":\"Startseite\",\"item\":\"https:\\\/\\\/cioelectro.com\\\/\"},{\"@type\":\"ListItem\",\"position\":2,\"name\":\"LADEN\",\"item\":\"https:\\\/\\\/cioelectro.com\\\/laden\\\/\"},{\"@type\":\"ListItem\",\"position\":3,\"name\":\"Garmin Swim 2 &#8211; GPS-Schwimmuhr\"}]},{\"@type\":\"WebSite\",\"@id\":\"https:\\\/\\\/cioelectro.com\\\/#website\",\"url\":\"https:\\\/\\\/cioelectro.com\\\/\",\"name\":\"cioelectro.com\",\"description\":\"Treten Sie mit uns ins Abenteuer!\",\"publisher\":{\"@id\":\"https:\\\/\\\/cioelectro.com\\\/#organization\"},\"alternateName\":\"MEIN RADLADEN\",\"potentialAction\":[{\"@type\":\"SearchAction\",\"target\":{\"@type\":\"EntryPoint\",\"urlTemplate\":\"https:\\\/\\\/cioelectro.com\\\/?s={search_term_string}\"},\"query-input\":{\"@type\":\"PropertyValueSpecification\",\"valueRequired\":true,\"valueName\":\"search_term_string\"}}],\"inLanguage\":\"en-US\"},{\"@type\":\"Organization\",\"@id\":\"https:\\\/\\\/cioelectro.com\\\/#organization\",\"name\":\"CIOELECTRO\",\"alternateName\":\"MEIN RADLADEN\",\"url\":\"https:\\\/\\\/cioelectro.com\\\/\",\"logo\":{\"@type\":\"ImageObject\",\"inLanguage\":\"en-US\",\"@id\":\"https:\\\/\\\/cioelectro.com\\\/#\\\/schema\\\/logo\\\/image\\\/\",\"url\":\"https:\\\/\\\/cioelectro.com\\\/wp-content\\\/uploads\\\/2025\\\/12\\\/Logo-2-1200x800.png\",\"contentUrl\":\"https:\\\/\\\/cioelectro.com\\\/wp-content\\\/uploads\\\/2025\\\/12\\\/Logo-2-1200x800.png\",\"width\":1200,\"height\":800,\"caption\":\"CIOELECTRO\"},\"image\":{\"@id\":\"https:\\\/\\\/cioelectro.com\\\/#\\\/schema\\\/logo\\\/image\\\/\"}}]}<\/script>\n<!-- \/ Yoast SEO Premium plugin. -->","yoast_head_json":{"title":"Garmin Swim 2 - GPS-Schwimmuhr","description":"cioelectro.com bietet Ihnen das Garmin Swim 2 - GPS-Schwimmuhr zum besten Preis mit kostenlosem Versand in ganz EuropaGarmin Swim 2Garmin Swim 2","robots":{"index":"index","follow":"follow","max-snippet":"max-snippet:-1","max-image-preview":"max-image-preview:large","max-video-preview":"max-video-preview:-1"},"canonical":"https:\/\/cioelectro.com\/en\/produkt\/garmin-swim-2-gps-schwimmuhr\/","og_locale":"en_US","og_type":"article","og_title":"Garmin Swim 2 - GPS-Schwimmuhr","og_description":"Entdecken Sie unseren Online-Fahrradladen: Gro\u00dfe Auswahl an Modellen f\u00fcr alle Radsportbegeisterten. Von Rennr\u00e4dern bis zu Mountainbikes - finden Sie heute Ihren perfekten Wegbegleiter!","og_url":"https:\/\/cioelectro.com\/en\/produkt\/garmin-swim-2-gps-schwimmuhr\/","og_site_name":"cioelectro.com","article_modified_time":"2023-08-10T19:29:15+00:00","og_image":[{"width":800,"height":710,"url":"https:\/\/cioelectro.com\/wp-content\/uploads\/2023\/06\/Garmin-Swim-2-GPS-Schwimmuhr-010-02247-10_Master_800x800-00.jpg","type":"image\/jpeg"}],"twitter_card":"summary_large_image","twitter_misc":{"Est. reading time":"3 minutes"},"schema":{"@context":"https:\/\/schema.org","@graph":[{"@type":"WebPage","@id":"https:\/\/cioelectro.com\/produkt\/garmin-swim-2-gps-schwimmuhr\/","url":"https:\/\/cioelectro.com\/produkt\/garmin-swim-2-gps-schwimmuhr\/","name":"Garmin Swim 2 - GPS-Schwimmuhr","isPartOf":{"@id":"https:\/\/cioelectro.com\/#website"},"primaryImageOfPage":{"@id":"https:\/\/cioelectro.com\/produkt\/garmin-swim-2-gps-schwimmuhr\/#primaryimage"},"image":{"@id":"https:\/\/cioelectro.com\/produkt\/garmin-swim-2-gps-schwimmuhr\/#primaryimage"},"thumbnailUrl":"https:\/\/cioelectro.com\/wp-content\/uploads\/2023\/06\/Garmin-Swim-2-GPS-Schwimmuhr-010-02247-10_Master_800x800-00.jpg","datePublished":"2022-11-29T17:52:28+00:00","dateModified":"2023-08-10T19:29:15+00:00","description":"cioelectro.com bietet Ihnen das Garmin Swim 2 - GPS-Schwimmuhr zum besten Preis mit kostenlosem Versand in ganz EuropaGarmin Swim 2Garmin Swim 2","breadcrumb":{"@id":"https:\/\/cioelectro.com\/produkt\/garmin-swim-2-gps-schwimmuhr\/#breadcrumb"},"inLanguage":"en-US","potentialAction":[{"@type":"ReadAction","target":["https:\/\/cioelectro.com\/produkt\/garmin-swim-2-gps-schwimmuhr\/"]}]},{"@type":"ImageObject","inLanguage":"en-US","@id":"https:\/\/cioelectro.com\/produkt\/garmin-swim-2-gps-schwimmuhr\/#primaryimage","url":"https:\/\/cioelectro.com\/wp-content\/uploads\/2023\/06\/Garmin-Swim-2-GPS-Schwimmuhr-010-02247-10_Master_800x800-00.jpg","contentUrl":"https:\/\/cioelectro.com\/wp-content\/uploads\/2023\/06\/Garmin-Swim-2-GPS-Schwimmuhr-010-02247-10_Master_800x800-00.jpg","width":800,"height":710,"caption":"Garmin Swim 2 - GPS-Schwimmuhr"},{"@type":"BreadcrumbList","@id":"https:\/\/cioelectro.com\/produkt\/garmin-swim-2-gps-schwimmuhr\/#breadcrumb","itemListElement":[{"@type":"ListItem","position":1,"name":"Startseite","item":"https:\/\/cioelectro.com\/"},{"@type":"ListItem","position":2,"name":"LADEN","item":"https:\/\/cioelectro.com\/laden\/"},{"@type":"ListItem","position":3,"name":"Garmin Swim 2 &#8211; GPS-Schwimmuhr"}]},{"@type":"WebSite","@id":"https:\/\/cioelectro.com\/#website","url":"https:\/\/cioelectro.com\/","name":"cioelectro.com","description":"Treten Sie mit uns ins Abenteuer!","publisher":{"@id":"https:\/\/cioelectro.com\/#organization"},"alternateName":"MEIN RADLADEN","potentialAction":[{"@type":"SearchAction","target":{"@type":"EntryPoint","urlTemplate":"https:\/\/cioelectro.com\/?s={search_term_string}"},"query-input":{"@type":"PropertyValueSpecification","valueRequired":true,"valueName":"search_term_string"}}],"inLanguage":"en-US"},{"@type":"Organization","@id":"https:\/\/cioelectro.com\/#organization","name":"CIOELECTRO","alternateName":"MEIN RADLADEN","url":"https:\/\/cioelectro.com\/","logo":{"@type":"ImageObject","inLanguage":"en-US","@id":"https:\/\/cioelectro.com\/#\/schema\/logo\/image\/","url":"https:\/\/cioelectro.com\/wp-content\/uploads\/2025\/12\/Logo-2-1200x800.png","contentUrl":"https:\/\/cioelectro.com\/wp-content\/uploads\/2025\/12\/Logo-2-1200x800.png","width":1200,"height":800,"caption":"CIOELECTRO"},"image":{"@id":"https:\/\/cioelectro.com\/#\/schema\/logo\/image\/"}}]}},"_links":{"self":[{"href":"https:\/\/cioelectro.com\/en\/wp-json\/wp\/v2\/product\/45621","targetHints":{"allow":["GET"]}}],"collection":[{"href":"https:\/\/cioelectro.com\/en\/wp-json\/wp\/v2\/product"}],"about":[{"href":"https:\/\/cioelectro.com\/en\/wp-json\/wp\/v2\/types\/product"}],"replies":[{"embeddable":true,"href":"https:\/\/cioelectro.com\/en\/wp-json\/wp\/v2\/comments?post=45621"}],"version-history":[{"count":0,"href":"https:\/\/cioelectro.com\/en\/wp-json\/wp\/v2\/product\/45621\/revisions"}],"wp:featuredmedia":[{"embeddable":true,"href":"https:\/\/cioelectro.com\/en\/wp-json\/wp\/v2\/media\/63799"}],"wp:attachment":[{"href":"https:\/\/cioelectro.com\/en\/wp-json\/wp\/v2\/media?parent=45621"}],"wp:term":[{"taxonomy":"product_brand","embeddable":true,"href":"https:\/\/cioelectro.com\/en\/wp-json\/wp\/v2\/product_brand?post=45621"},{"taxonomy":"product_cat","embeddable":true,"href":"https:\/\/cioelectro.com\/en\/wp-json\/wp\/v2\/product_cat?post=45621"},{"taxonomy":"product_tag","embeddable":true,"href":"https:\/\/cioelectro.com\/en\/wp-json\/wp\/v2\/product_tag?post=45621"}],"curies":[{"name":"wp","href":"https:\/\/api.w.org\/{rel}","templated":true}]}}