{"id":45631,"date":"2022-11-29T19:25:20","date_gmt":"2022-11-29T18:25:20","guid":{"rendered":"https:\/\/meinradladen.com\/?post_type=product&#038;p=45631"},"modified":"2023-08-10T21:28:58","modified_gmt":"2023-08-10T19:28:58","slug":"garmin-forerunner-945-triathlon-bundle-multisport-gps","status":"publish","type":"product","link":"https:\/\/cioelectro.com\/en\/produkt\/garmin-forerunner-945-triathlon-bundle-multisport-gps\/","title":{"rendered":"Garmin Forerunner 945 &#8211; Triathlon-Bundle Multisport GPS"},"content":{"rendered":"<h2 class=\"product--title\"><strong>Garmin<\/strong>\u00a0Forerunner 945 &#8211; Triathlon-Bundle Multisport GPS<\/h2>\n<p>Der Garmin Forerunner 945 ist eine f\u00fcr ambitionierte <a href=\"http:\/\/1-1\">L\u00e4ufer<\/a> und Triathleten. Er kommt nat\u00fcrlich mit Pulsmessung am Handgelenk, Speicherplatz f\u00fcr jede Menge deiner Lieblings-Songs, der Bezahlfunktion Garmin Pay und mit Werten zu VO2max, Trainingszustand, H\u00f6hen- und W\u00e4rmeakklimatisierung und vielen mehr. Das Triathlon-Bundle beinhaltet neben der Uhr noch die Herzfrequenz-Brustgurte HRM-Tri und HRM-Swim.<\/p>\n<h2>GPS-Multisportuhr mit zwei Brustgurten f\u00fcr Triathleten: Garmin Forerunner\u00ae 945<\/h2>\n<p>Garmin hat diese Uhr f\u00fcr dich entwickelt: f\u00fcr fr\u00fchmorgendliche L\u00e4ufer und f\u00fcr schmerzerprobte Triathleten. W\u00e4hrend du auf den n\u00e4chsten Sieg hinarbeitest, stelle sicher, dass du das richtige Equipment f\u00fcr dein Training verwendest. Garmin bietet es dir mit dem Forerunner\u00ae 945.<\/p>\n<hr \/>\n<h3>Lieferumfang &#8211; Forerunner\u00ae 945 Triathlon-Bundle<\/h3>\n<ul>\n<li>Forerunner 945 GPS-Multisportuhr<\/li>\n<li>1 zus\u00e4tzliches Armband (schwarz)<\/li>\n<li>Herzfrequenz-Brustgurt HRM-Tri\u2122<\/li>\n<li>Herzfrequenz-Brustgurt HRM-Swim\u2122<\/li>\n<li>Schnellwechsel-Kit<\/li>\n<li>USB Lade-\/Sync-Kabel<\/li>\n<li>Dokumentation<\/li>\n<\/ul>\n<hr \/>\n<h3>Die Highlights der Forerunner\u00ae 945<\/h3>\n<ul>\n<li>Laufe zu deinen Lieblingssongs &#8211; ohne Smartphone. Synchronisiere Musik von bestimmten Premium-Streaming-Services oder speichere bis zu 1.000 Titel auf der Uhr; genie\u00dfe deine Musik \u00fcber Bluetooth\u00ae Kopfh\u00f6rer (separat erh\u00e4ltlich)<\/li>\n<li>Trainiere so effizient wie nie. Mit Werten zu VO2max, Trainingszustand, H\u00f6hen- und W\u00e4rmeakklimatisierung, Trainingsbelastungsfokus, Erholungszeit sowie aerober und anaerober Training Effect erreichst du auch ambitionierte Ziele<\/li>\n<li>Bezahle im Handumdrehen &#8211; mit Garmin Pay\u2122 f\u00fcr das kontaktlose Bezahlen. Bargeld und Kreditkarten k\u00f6nnen zuhause bleiben.<\/li>\n<\/ul>\n<p>&nbsp;<\/p>\n<ul>\n<li>Finde die besten Strecken. Mit topographischen Karten und Trendline Popularity Routing\u2122 f\u00fcr die beliebtesten Touren<\/li>\n<li>Sei sicher unterwegs. Sicherheits- und Trackingfunktionen wie die integrierte Unfallbenachrichtigung (bei bestimmten Aktivit\u00e4ten) sorgen f\u00fcr mehr Sicherheit beim Training. Wenn dir etwas passiert, wird deine Echtzeitposition automatisch an Notfallkontakte gesendet<\/li>\n<li>So ausdauernd wie du selbst: Akkulaufzeit von bis zu 2 Wochen im Smartwatch-Modus, 10 Stunden im GPS-Modus mit Musik oder 60 Stunden im UltraTrac\u2122-Modus<\/li>\n<\/ul>\n<hr \/>\n<h3>Features<\/h3>\n<p><strong>Laufe zu deinen Lieblingssongs \u2013 ohne Smartphone<\/strong><br \/>\nNimm deine Lieblingsmusik einfach mit. Synchronisiere deine sorgsam zusammengestellten Playlisten von bestimmten Premium-Streaming-Musikservices wie Deezer und Spotify\u00ae, um werbefrei Musik zu h\u00f6ren. Du kannst bis zu 1.000 Songs direkt auf der Uhr speichern und Musik au\u00dferdem aus deiner Computerbibliothek \u00fcbertragen. W\u00e4hle dann deine Lieblingsplaylist aus, verbinde deine Bluetooth-Kopfh\u00f6rer und los geht&#8217;s!<\/p>\n<hr \/>\n<h3>Farbe<\/h3>\n<ul>\n<li>blau \/ schiefer<\/li>\n<\/ul>\n<h3>Gewicht<\/h3>\n<ul>\n<li>50 g (Herstellerangabe)<\/li>\n<\/ul>\n<hr \/>\n<h3>Garmin Forerunner 945: Designed for the Driven<\/h3>\n<p><iframe src=\"https:\/\/www.youtube-nocookie.com\/embed\/tvqoTcv7H4Q\" width=\"640\" height=\"360\" frameborder=\"0\" allowfullscreen=\"allowfullscreen\" data-mce-fragment=\"1\"><\/iframe><\/p>\n<hr \/>\n<h3>Features &#8211; HRM-Tri\u2122- und HRM-Swim\u2122<\/h3>\n<ul>\n<li>Entwickelt f\u00fcr das Triathlon-Training und f\u00fcr Wettk\u00e4mpfe<\/li>\n<li>Speichert Herzfrequenzdaten und sendet sie an kompatible Ger\u00e4te<\/li>\n<li>Speichert bis zu 20 Stunden an Herzfrequenzdaten.<\/li>\n<li>Schrittfrequenz: Die Anzahl der Schritte pro Minute.<\/li>\n<li>Vertikale Bewegung: Die Hoch-Tiefbewegung deiner Laufbewegung, sie zeigt die vertikale Bewegung des Rumpfes an (gemessen in Zentimetern).<\/li>\n<li>Bodenkontaktzeit: Die Zeit jedes Schrittes, die du beim Laufen am Boden verbringst (gemessen in Millisekunden).<\/li>\n<\/ul>\n<p>&nbsp;<\/p>\n<p><strong>Beispiele f\u00fcr typischen Gebrauch:<\/strong><\/p>\n<p>&nbsp;<\/p>\n<table border=\"1\" cellspacing=\"0\" cellpadding=\"0\">\n<tbody>\n<tr>\n<td valign=\"top\" width=\"325\">\n<p align=\"center\"><strong>HRM-Tri<\/strong><\/p>\n<\/td>\n<td valign=\"top\" width=\"325\">\n<p align=\"center\"><strong>HRM-Swim<\/strong><\/p>\n<\/td>\n<\/tr>\n<tr>\n<td valign=\"top\" width=\"325\">Radtraining und\u00a0Lauftraining<\/td>\n<td valign=\"top\" width=\"325\">Schwimmbadschwimmen<\/td>\n<\/tr>\n<tr>\n<td valign=\"top\" width=\"325\">Freiwasserschwimmen<\/td>\n<td valign=\"top\" width=\"325\">Freiwasserschwimmen<\/td>\n<\/tr>\n<tr>\n<td valign=\"top\" width=\"325\">Triathlon-Wettkampf (Freiwasserschwimmen)<\/td>\n<td valign=\"top\" width=\"325\">DerTriathlon-Wettkampf (Freiwasserschwimmen), keine Triathlon-Kleidung erforderlich<\/td>\n<\/tr>\n<tr>\n<td valign=\"top\" width=\"325\">IstTriathlon-Wettkampf (mit Freiwasserschwimmen) beim Tragen von Triathlon-Kleidung<\/td>\n<td valign=\"top\" width=\"325\">Lauf- oder Radtraining als Teil einer Multisport-Aktivit\u00e4t mit Schwimmbadschwimmen<\/td>\n<\/tr>\n<\/tbody>\n<\/table>\n<h3>Support: Erste Schritte mit dem Forerunner\u00ae 945<\/h3>\n<p><iframe src=\"https:\/\/www.youtube-nocookie.com\/embed\/KWphpu2h5zU\" width=\"640\" height=\"360\" frameborder=\"0\" allowfullscreen=\"allowfullscreen\" data-mce-fragment=\"1\"><\/iframe><\/p>\n<h3>Garmin Coach &#8211; Dein pers\u00f6nlicher Lauf-Coach<\/h3>\n<p><iframe src=\"https:\/\/www.youtube-nocookie.com\/embed\/zJjJmGXD-0c\" width=\"640\" height=\"360\" frameborder=\"0\" allowfullscreen=\"allowfullscreen\" data-mce-fragment=\"1\"><\/iframe><\/p>","protected":false},"excerpt":{"rendered":"<p>Garmin\u00a0Forerunner 945 &#8211; Triathlon-Bundle Multisport GPS Der Garmin Forerunner 945 ist eine f\u00fcr ambitionierte L\u00e4ufer und Triathleten. Er kommt nat\u00fcrlich<\/p>","protected":false},"featured_media":63805,"comment_status":"open","ping_status":"closed","template":"","meta":{"_rtcl_gb_attr":""},"product_brand":[],"product_cat":[537,318],"product_tag":[],"class_list":{"0":"post-45631","1":"product","2":"type-product","3":"status-publish","4":"has-post-thumbnail","6":"product_cat-elektronik","7":"product_cat-outdoor","8":"pa_marke-garmin","10":"first","11":"instock","12":"sale","13":"taxable","14":"shipping-taxable","15":"purchasable","16":"product-type-simple"},"yoast_head":"<!-- This site is optimized with the Yoast SEO Premium plugin v20.12 (Yoast SEO v27.4) - https:\/\/yoast.com\/product\/yoast-seo-premium-wordpress\/ -->\n<title>Garmin Forerunner 945 - Triathlon-Bundle Multisport GPS<\/title>\n<meta name=\"description\" content=\"Entdecken Sie unseren Online-Fahrradladen: Gro\u00dfe Auswahl an Modellen f\u00fcr alle Radsportbegeisterten. Von Rennr\u00e4dern bis zu Mountainbikes - finden Sie heute Ihren perfekten Wegbegleiter!\" \/>\n<meta name=\"robots\" content=\"index, follow, max-snippet:-1, max-image-preview:large, max-video-preview:-1\" \/>\n<link rel=\"canonical\" href=\"https:\/\/cioelectro.com\/en\/produkt\/garmin-forerunner-945-triathlon-bundle-multisport-gps\/\" \/>\n<meta property=\"og:locale\" content=\"en_US\" \/>\n<meta property=\"og:type\" content=\"article\" \/>\n<meta property=\"og:title\" content=\"Garmin Forerunner 945 - Triathlon-Bundle Multisport GPS\" \/>\n<meta property=\"og:description\" content=\"Entdecken Sie unseren Online-Fahrradladen: Gro\u00dfe Auswahl an Modellen f\u00fcr alle Radsportbegeisterten. Von Rennr\u00e4dern bis zu Mountainbikes - finden Sie heute Ihren perfekten Wegbegleiter!\" \/>\n<meta property=\"og:url\" content=\"https:\/\/cioelectro.com\/en\/produkt\/garmin-forerunner-945-triathlon-bundle-multisport-gps\/\" \/>\n<meta property=\"og:site_name\" content=\"cioelectro.com\" \/>\n<meta property=\"article:modified_time\" content=\"2023-08-10T19:28:58+00:00\" \/>\n<meta property=\"og:image\" content=\"https:\/\/cioelectro.com\/wp-content\/uploads\/2023\/06\/Garmin-Forerunner_945_Triathlon_Bundle-010-02063-11-01_800x800-00.jpg\" \/>\n\t<meta property=\"og:image:width\" content=\"800\" \/>\n\t<meta property=\"og:image:height\" content=\"519\" \/>\n\t<meta property=\"og:image:type\" content=\"image\/jpeg\" \/>\n<meta name=\"twitter:card\" content=\"summary_large_image\" \/>\n<meta name=\"twitter:label1\" content=\"Est. reading time\" \/>\n\t<meta name=\"twitter:data1\" content=\"3 minutes\" \/>\n<script type=\"application\/ld+json\" class=\"yoast-schema-graph\">{\"@context\":\"https:\\\/\\\/schema.org\",\"@graph\":[{\"@type\":\"WebPage\",\"@id\":\"https:\\\/\\\/cioelectro.com\\\/produkt\\\/garmin-forerunner-945-triathlon-bundle-multisport-gps\\\/\",\"url\":\"https:\\\/\\\/cioelectro.com\\\/produkt\\\/garmin-forerunner-945-triathlon-bundle-multisport-gps\\\/\",\"name\":\"Garmin Forerunner 945 - Triathlon-Bundle Multisport GPS\",\"isPartOf\":{\"@id\":\"https:\\\/\\\/cioelectro.com\\\/#website\"},\"primaryImageOfPage\":{\"@id\":\"https:\\\/\\\/cioelectro.com\\\/produkt\\\/garmin-forerunner-945-triathlon-bundle-multisport-gps\\\/#primaryimage\"},\"image\":{\"@id\":\"https:\\\/\\\/cioelectro.com\\\/produkt\\\/garmin-forerunner-945-triathlon-bundle-multisport-gps\\\/#primaryimage\"},\"thumbnailUrl\":\"https:\\\/\\\/cioelectro.com\\\/wp-content\\\/uploads\\\/2023\\\/06\\\/Garmin-Forerunner_945_Triathlon_Bundle-010-02063-11-01_800x800-00.jpg\",\"datePublished\":\"2022-11-29T18:25:20+00:00\",\"dateModified\":\"2023-08-10T19:28:58+00:00\",\"description\":\"Entdecken Sie unseren Online-Fahrradladen: Gro\u00dfe Auswahl an Modellen f\u00fcr alle Radsportbegeisterten. Von Rennr\u00e4dern bis zu Mountainbikes - finden Sie heute Ihren perfekten Wegbegleiter!\",\"breadcrumb\":{\"@id\":\"https:\\\/\\\/cioelectro.com\\\/produkt\\\/garmin-forerunner-945-triathlon-bundle-multisport-gps\\\/#breadcrumb\"},\"inLanguage\":\"en-US\",\"potentialAction\":[{\"@type\":\"ReadAction\",\"target\":[\"https:\\\/\\\/cioelectro.com\\\/produkt\\\/garmin-forerunner-945-triathlon-bundle-multisport-gps\\\/\"]}]},{\"@type\":\"ImageObject\",\"inLanguage\":\"en-US\",\"@id\":\"https:\\\/\\\/cioelectro.com\\\/produkt\\\/garmin-forerunner-945-triathlon-bundle-multisport-gps\\\/#primaryimage\",\"url\":\"https:\\\/\\\/cioelectro.com\\\/wp-content\\\/uploads\\\/2023\\\/06\\\/Garmin-Forerunner_945_Triathlon_Bundle-010-02063-11-01_800x800-00.jpg\",\"contentUrl\":\"https:\\\/\\\/cioelectro.com\\\/wp-content\\\/uploads\\\/2023\\\/06\\\/Garmin-Forerunner_945_Triathlon_Bundle-010-02063-11-01_800x800-00.jpg\",\"width\":800,\"height\":519,\"caption\":\"Garmin Forerunner 945 - Triathlon-Bundle Multisport GPS\"},{\"@type\":\"BreadcrumbList\",\"@id\":\"https:\\\/\\\/cioelectro.com\\\/produkt\\\/garmin-forerunner-945-triathlon-bundle-multisport-gps\\\/#breadcrumb\",\"itemListElement\":[{\"@type\":\"ListItem\",\"position\":1,\"name\":\"Startseite\",\"item\":\"https:\\\/\\\/cioelectro.com\\\/\"},{\"@type\":\"ListItem\",\"position\":2,\"name\":\"LADEN\",\"item\":\"https:\\\/\\\/cioelectro.com\\\/laden\\\/\"},{\"@type\":\"ListItem\",\"position\":3,\"name\":\"Garmin Forerunner 945 &#8211; Triathlon-Bundle Multisport GPS\"}]},{\"@type\":\"WebSite\",\"@id\":\"https:\\\/\\\/cioelectro.com\\\/#website\",\"url\":\"https:\\\/\\\/cioelectro.com\\\/\",\"name\":\"cioelectro.com\",\"description\":\"Treten Sie mit uns ins Abenteuer!\",\"publisher\":{\"@id\":\"https:\\\/\\\/cioelectro.com\\\/#organization\"},\"alternateName\":\"MEIN RADLADEN\",\"potentialAction\":[{\"@type\":\"SearchAction\",\"target\":{\"@type\":\"EntryPoint\",\"urlTemplate\":\"https:\\\/\\\/cioelectro.com\\\/?s={search_term_string}\"},\"query-input\":{\"@type\":\"PropertyValueSpecification\",\"valueRequired\":true,\"valueName\":\"search_term_string\"}}],\"inLanguage\":\"en-US\"},{\"@type\":\"Organization\",\"@id\":\"https:\\\/\\\/cioelectro.com\\\/#organization\",\"name\":\"CIOELECTRO\",\"alternateName\":\"MEIN RADLADEN\",\"url\":\"https:\\\/\\\/cioelectro.com\\\/\",\"logo\":{\"@type\":\"ImageObject\",\"inLanguage\":\"en-US\",\"@id\":\"https:\\\/\\\/cioelectro.com\\\/#\\\/schema\\\/logo\\\/image\\\/\",\"url\":\"https:\\\/\\\/cioelectro.com\\\/wp-content\\\/uploads\\\/2025\\\/12\\\/Logo-2-1200x800.png\",\"contentUrl\":\"https:\\\/\\\/cioelectro.com\\\/wp-content\\\/uploads\\\/2025\\\/12\\\/Logo-2-1200x800.png\",\"width\":1200,\"height\":800,\"caption\":\"CIOELECTRO\"},\"image\":{\"@id\":\"https:\\\/\\\/cioelectro.com\\\/#\\\/schema\\\/logo\\\/image\\\/\"}}]}<\/script>\n<!-- \/ Yoast SEO Premium plugin. -->","yoast_head_json":{"title":"Garmin Forerunner 945 - Triathlon-Bundle Multisport GPS","description":"Entdecken Sie unseren Online-Fahrradladen: Gro\u00dfe Auswahl an Modellen f\u00fcr alle Radsportbegeisterten. Von Rennr\u00e4dern bis zu Mountainbikes - finden Sie heute Ihren perfekten Wegbegleiter!","robots":{"index":"index","follow":"follow","max-snippet":"max-snippet:-1","max-image-preview":"max-image-preview:large","max-video-preview":"max-video-preview:-1"},"canonical":"https:\/\/cioelectro.com\/en\/produkt\/garmin-forerunner-945-triathlon-bundle-multisport-gps\/","og_locale":"en_US","og_type":"article","og_title":"Garmin Forerunner 945 - Triathlon-Bundle Multisport GPS","og_description":"Entdecken Sie unseren Online-Fahrradladen: Gro\u00dfe Auswahl an Modellen f\u00fcr alle Radsportbegeisterten. Von Rennr\u00e4dern bis zu Mountainbikes - finden Sie heute Ihren perfekten Wegbegleiter!","og_url":"https:\/\/cioelectro.com\/en\/produkt\/garmin-forerunner-945-triathlon-bundle-multisport-gps\/","og_site_name":"cioelectro.com","article_modified_time":"2023-08-10T19:28:58+00:00","og_image":[{"width":800,"height":519,"url":"https:\/\/cioelectro.com\/wp-content\/uploads\/2023\/06\/Garmin-Forerunner_945_Triathlon_Bundle-010-02063-11-01_800x800-00.jpg","type":"image\/jpeg"}],"twitter_card":"summary_large_image","twitter_misc":{"Est. reading time":"3 minutes"},"schema":{"@context":"https:\/\/schema.org","@graph":[{"@type":"WebPage","@id":"https:\/\/cioelectro.com\/produkt\/garmin-forerunner-945-triathlon-bundle-multisport-gps\/","url":"https:\/\/cioelectro.com\/produkt\/garmin-forerunner-945-triathlon-bundle-multisport-gps\/","name":"Garmin Forerunner 945 - Triathlon-Bundle Multisport GPS","isPartOf":{"@id":"https:\/\/cioelectro.com\/#website"},"primaryImageOfPage":{"@id":"https:\/\/cioelectro.com\/produkt\/garmin-forerunner-945-triathlon-bundle-multisport-gps\/#primaryimage"},"image":{"@id":"https:\/\/cioelectro.com\/produkt\/garmin-forerunner-945-triathlon-bundle-multisport-gps\/#primaryimage"},"thumbnailUrl":"https:\/\/cioelectro.com\/wp-content\/uploads\/2023\/06\/Garmin-Forerunner_945_Triathlon_Bundle-010-02063-11-01_800x800-00.jpg","datePublished":"2022-11-29T18:25:20+00:00","dateModified":"2023-08-10T19:28:58+00:00","description":"Entdecken Sie unseren Online-Fahrradladen: Gro\u00dfe Auswahl an Modellen f\u00fcr alle Radsportbegeisterten. Von Rennr\u00e4dern bis zu Mountainbikes - finden Sie heute Ihren perfekten Wegbegleiter!","breadcrumb":{"@id":"https:\/\/cioelectro.com\/produkt\/garmin-forerunner-945-triathlon-bundle-multisport-gps\/#breadcrumb"},"inLanguage":"en-US","potentialAction":[{"@type":"ReadAction","target":["https:\/\/cioelectro.com\/produkt\/garmin-forerunner-945-triathlon-bundle-multisport-gps\/"]}]},{"@type":"ImageObject","inLanguage":"en-US","@id":"https:\/\/cioelectro.com\/produkt\/garmin-forerunner-945-triathlon-bundle-multisport-gps\/#primaryimage","url":"https:\/\/cioelectro.com\/wp-content\/uploads\/2023\/06\/Garmin-Forerunner_945_Triathlon_Bundle-010-02063-11-01_800x800-00.jpg","contentUrl":"https:\/\/cioelectro.com\/wp-content\/uploads\/2023\/06\/Garmin-Forerunner_945_Triathlon_Bundle-010-02063-11-01_800x800-00.jpg","width":800,"height":519,"caption":"Garmin Forerunner 945 - Triathlon-Bundle Multisport GPS"},{"@type":"BreadcrumbList","@id":"https:\/\/cioelectro.com\/produkt\/garmin-forerunner-945-triathlon-bundle-multisport-gps\/#breadcrumb","itemListElement":[{"@type":"ListItem","position":1,"name":"Startseite","item":"https:\/\/cioelectro.com\/"},{"@type":"ListItem","position":2,"name":"LADEN","item":"https:\/\/cioelectro.com\/laden\/"},{"@type":"ListItem","position":3,"name":"Garmin Forerunner 945 &#8211; Triathlon-Bundle Multisport GPS"}]},{"@type":"WebSite","@id":"https:\/\/cioelectro.com\/#website","url":"https:\/\/cioelectro.com\/","name":"cioelectro.com","description":"Treten Sie mit uns ins Abenteuer!","publisher":{"@id":"https:\/\/cioelectro.com\/#organization"},"alternateName":"MEIN RADLADEN","potentialAction":[{"@type":"SearchAction","target":{"@type":"EntryPoint","urlTemplate":"https:\/\/cioelectro.com\/?s={search_term_string}"},"query-input":{"@type":"PropertyValueSpecification","valueRequired":true,"valueName":"search_term_string"}}],"inLanguage":"en-US"},{"@type":"Organization","@id":"https:\/\/cioelectro.com\/#organization","name":"CIOELECTRO","alternateName":"MEIN RADLADEN","url":"https:\/\/cioelectro.com\/","logo":{"@type":"ImageObject","inLanguage":"en-US","@id":"https:\/\/cioelectro.com\/#\/schema\/logo\/image\/","url":"https:\/\/cioelectro.com\/wp-content\/uploads\/2025\/12\/Logo-2-1200x800.png","contentUrl":"https:\/\/cioelectro.com\/wp-content\/uploads\/2025\/12\/Logo-2-1200x800.png","width":1200,"height":800,"caption":"CIOELECTRO"},"image":{"@id":"https:\/\/cioelectro.com\/#\/schema\/logo\/image\/"}}]}},"_links":{"self":[{"href":"https:\/\/cioelectro.com\/en\/wp-json\/wp\/v2\/product\/45631","targetHints":{"allow":["GET"]}}],"collection":[{"href":"https:\/\/cioelectro.com\/en\/wp-json\/wp\/v2\/product"}],"about":[{"href":"https:\/\/cioelectro.com\/en\/wp-json\/wp\/v2\/types\/product"}],"replies":[{"embeddable":true,"href":"https:\/\/cioelectro.com\/en\/wp-json\/wp\/v2\/comments?post=45631"}],"version-history":[{"count":0,"href":"https:\/\/cioelectro.com\/en\/wp-json\/wp\/v2\/product\/45631\/revisions"}],"wp:featuredmedia":[{"embeddable":true,"href":"https:\/\/cioelectro.com\/en\/wp-json\/wp\/v2\/media\/63805"}],"wp:attachment":[{"href":"https:\/\/cioelectro.com\/en\/wp-json\/wp\/v2\/media?parent=45631"}],"wp:term":[{"taxonomy":"product_brand","embeddable":true,"href":"https:\/\/cioelectro.com\/en\/wp-json\/wp\/v2\/product_brand?post=45631"},{"taxonomy":"product_cat","embeddable":true,"href":"https:\/\/cioelectro.com\/en\/wp-json\/wp\/v2\/product_cat?post=45631"},{"taxonomy":"product_tag","embeddable":true,"href":"https:\/\/cioelectro.com\/en\/wp-json\/wp\/v2\/product_tag?post=45631"}],"curies":[{"name":"wp","href":"https:\/\/api.w.org\/{rel}","templated":true}]}}