{"id":45694,"date":"2022-11-29T20:23:31","date_gmt":"2022-11-29T19:23:31","guid":{"rendered":"https:\/\/meinradladen.com\/?post_type=product&#038;p=45694"},"modified":"2023-08-10T21:28:05","modified_gmt":"2023-08-10T19:28:05","slug":"garmin-instinct-2s-camo-edition-gps-multisport-smartwatch","status":"publish","type":"product","link":"https:\/\/cioelectro.com\/en\/produkt\/garmin-instinct-2s-camo-edition-gps-multisport-smartwatch\/","title":{"rendered":"Garmin Instinct 2S CAMO EDITION &#8211; GPS Multisport Smartwatch"},"content":{"rendered":"<h2 class=\"product--title\"><strong>Garmin<\/strong>\u00a0Instinct 2S CAMO EDITION &#8211; GPS Multisport Smartwatch<\/h2>\n<p>Die Garmin Instinct 2S Smartwatch st\u00fcrzt sich mit dir in jedes Erlebnis Ihr toughes Design passt zu jedem deiner Styles . Miss deine Herzfrequenz, deinen Schlaf, deinen Stress und lebe noch ges\u00fcnder. Gehe mit ihr laufen, biken, boarden surfen f\u00fcr alles hat sie eine App parat. Dabei bleibst du immer in Verbindung mit Smart Notifications und Garmin Connect mit einer \u00dcbersicht deiner letzten Moves.<\/p>\n<hr \/>\n<h3>Die Highlights der Garmin Instinct\u00ae 2S CAMO EDITION<\/h3>\n<ul>\n<li>GPS Smartwatch in zwei Gr\u00f6\u00dfen und trendigen Farben f\u00fcr den ganz pers\u00f6nlichen Style<\/li>\n<li>F\u00fcr jede Aktivit\u00e4t bereit. Die perfekte Multisportuhr f\u00fcr In- und Outdoor<\/li>\n<li>Fitness und Gesundheit im Blick. Mit Herzfrequenzmessung, Schlaf oder Stresslevel Analyse<\/li>\n<li>Beste Orientierung durch Multi Satellitenempfang, Streckennavigation, H\u00f6henmesser und Kompass<\/li>\n<\/ul>\n<hr \/>\n<h3>Features<\/h3>\n<p><strong>GARMIN CONNECT APP<\/strong><br \/>\nDie App zeigt \u00fcbersichtlich, wo du \u00fcberall warst und liefert dir jede Menge Daten zum Auswerten. Verbessere deine Leistung und teile deine Erfolge mit Freunden oder plane deine n\u00e4chsten Abenteuer.<\/p>\n<hr \/>\n<h3>Produkteigenschaften<\/h3>\n<ul>\n<li><strong>Produktabmessungen:<\/strong>\u00a040 x 40 x 13,3 mm<\/li>\n<li><strong>Linsenmaterial:<\/strong>\u00a0Chemisch verst\u00e4rktes Glas<\/li>\n<li><strong>Displaytyp:<\/strong>\u00a0Transflektives MIP<\/li>\n<li><strong>Displayaufl\u00f6sung:<\/strong>\u00a0156 x 156 Pixel<\/li>\n<li><strong>Interne Speicherkapazit\u00e4t:<\/strong>\u00a032 MB<\/li>\n<li><strong>Batterietyp:<\/strong>\u00a0Lithium-Ion<\/li>\n<li><strong>Akkulaufzeit:<\/strong>\n<ul>\n<li><strong>Smartwatch bis zu:<\/strong>\u00a021 Tage<\/li>\n<li><strong>GPS bis zu:<\/strong>\u00a022 Stunden<\/li>\n<li><strong>Max. Battery GPS Modus:<\/strong>\u00a054 Stunden<\/li>\n<li><strong>GPS- Expeditionsmodus:<\/strong>\u00a025 Tage<\/li>\n<li><strong>Batteriespar-Modus:<\/strong>\u00a050 Tage<\/li>\n<\/ul>\n<\/li>\n<\/ul>\n<h3>Farbe<\/h3>\n<ul>\n<li>Camo grau<\/li>\n<\/ul>\n<h3>Gewicht<\/h3>\n<ul>\n<li>42 g (Herstellerangabe)<\/li>\n<\/ul>\n<hr \/>\n<h3>Lieferumfang<\/h3>\n<ul>\n<li>Instinct 2S CAMO EDITION<\/li>\n<li>USB Lade-\/Sync-Kabel<\/li>\n<li>Dokumentation<\/li>\n<\/ul>\n<hr \/>\n<h3>Wir pr\u00e4sentieren den Instinct 2 | Outdoor-Smartwatch | Garmin<\/h3>\n<p><iframe title=\"YouTube video player\" src=\"https:\/\/www.youtube-nocookie.com\/embed\/MQW_W6PP6jA\" width=\"640\" height=\"360\" frameborder=\"0\" allowfullscreen=\"allowfullscreen\" data-mce-fragment=\"1\"><\/iframe><\/p>","protected":false},"excerpt":{"rendered":"<p>Garmin\u00a0Instinct 2S CAMO EDITION &#8211; GPS Multisport Smartwatch Die Garmin Instinct 2S Smartwatch st\u00fcrzt sich mit dir in jedes Erlebnis<\/p>","protected":false},"featured_media":63817,"comment_status":"open","ping_status":"closed","template":"","meta":{"_rtcl_gb_attr":""},"product_brand":[],"product_cat":[537,318],"product_tag":[],"class_list":{"0":"post-45694","1":"product","2":"type-product","3":"status-publish","4":"has-post-thumbnail","6":"product_cat-elektronik","7":"product_cat-outdoor","8":"pa_marke-garmin","10":"first","11":"instock","12":"sale","13":"taxable","14":"shipping-taxable","15":"purchasable","16":"product-type-simple"},"yoast_head":"<!-- This site is optimized with the Yoast SEO Premium plugin v20.12 (Yoast SEO v27.4) - https:\/\/yoast.com\/product\/yoast-seo-premium-wordpress\/ -->\n<title>Garmin Instinct 2S CAMO EDITION - GPS Multisport Smartwatch<\/title>\n<meta name=\"description\" content=\"Entdecken Sie unseren Online-Fahrradladen: Gro\u00dfe Auswahl an Modellen f\u00fcr alle Radsportbegeisterten. Von Rennr\u00e4dern bis zu Mountainbikes - finden Sie heute Ihren perfekten Wegbegleiter!\" \/>\n<meta name=\"robots\" content=\"index, follow, max-snippet:-1, max-image-preview:large, max-video-preview:-1\" \/>\n<link rel=\"canonical\" href=\"https:\/\/cioelectro.com\/en\/produkt\/garmin-instinct-2s-camo-edition-gps-multisport-smartwatch\/\" \/>\n<meta property=\"og:locale\" content=\"en_US\" \/>\n<meta property=\"og:type\" content=\"article\" \/>\n<meta property=\"og:title\" content=\"Garmin Instinct 2S CAMO EDITION - GPS Multisport Smartwatch\" \/>\n<meta property=\"og:description\" content=\"Entdecken Sie unseren Online-Fahrradladen: Gro\u00dfe Auswahl an Modellen f\u00fcr alle Radsportbegeisterten. Von Rennr\u00e4dern bis zu Mountainbikes - finden Sie heute Ihren perfekten Wegbegleiter!\" \/>\n<meta property=\"og:url\" content=\"https:\/\/cioelectro.com\/en\/produkt\/garmin-instinct-2s-camo-edition-gps-multisport-smartwatch\/\" \/>\n<meta property=\"og:site_name\" content=\"cioelectro.com\" \/>\n<meta property=\"article:modified_time\" content=\"2023-08-10T19:28:05+00:00\" \/>\n<meta property=\"og:image\" content=\"https:\/\/cioelectro.com\/wp-content\/uploads\/2023\/06\/Garmin-Instinct-2S-CAMO-EDITION-GPS-Multisport-Smartwatch-010-02563-03_800x800-0.jpg\" \/>\n\t<meta property=\"og:image:width\" content=\"674\" \/>\n\t<meta property=\"og:image:height\" content=\"800\" \/>\n\t<meta property=\"og:image:type\" content=\"image\/jpeg\" \/>\n<meta name=\"twitter:card\" content=\"summary_large_image\" \/>\n<meta name=\"twitter:label1\" content=\"Est. reading time\" \/>\n\t<meta name=\"twitter:data1\" content=\"2 minutes\" \/>\n<script type=\"application\/ld+json\" class=\"yoast-schema-graph\">{\"@context\":\"https:\\\/\\\/schema.org\",\"@graph\":[{\"@type\":\"WebPage\",\"@id\":\"https:\\\/\\\/cioelectro.com\\\/produkt\\\/garmin-instinct-2s-camo-edition-gps-multisport-smartwatch\\\/\",\"url\":\"https:\\\/\\\/cioelectro.com\\\/produkt\\\/garmin-instinct-2s-camo-edition-gps-multisport-smartwatch\\\/\",\"name\":\"Garmin Instinct 2S CAMO EDITION - GPS Multisport Smartwatch\",\"isPartOf\":{\"@id\":\"https:\\\/\\\/cioelectro.com\\\/#website\"},\"primaryImageOfPage\":{\"@id\":\"https:\\\/\\\/cioelectro.com\\\/produkt\\\/garmin-instinct-2s-camo-edition-gps-multisport-smartwatch\\\/#primaryimage\"},\"image\":{\"@id\":\"https:\\\/\\\/cioelectro.com\\\/produkt\\\/garmin-instinct-2s-camo-edition-gps-multisport-smartwatch\\\/#primaryimage\"},\"thumbnailUrl\":\"https:\\\/\\\/cioelectro.com\\\/wp-content\\\/uploads\\\/2023\\\/06\\\/Garmin-Instinct-2S-CAMO-EDITION-GPS-Multisport-Smartwatch-010-02563-03_800x800-0.jpg\",\"datePublished\":\"2022-11-29T19:23:31+00:00\",\"dateModified\":\"2023-08-10T19:28:05+00:00\",\"description\":\"Entdecken Sie unseren Online-Fahrradladen: Gro\u00dfe Auswahl an Modellen f\u00fcr alle Radsportbegeisterten. Von Rennr\u00e4dern bis zu Mountainbikes - finden Sie heute Ihren perfekten Wegbegleiter!\",\"breadcrumb\":{\"@id\":\"https:\\\/\\\/cioelectro.com\\\/produkt\\\/garmin-instinct-2s-camo-edition-gps-multisport-smartwatch\\\/#breadcrumb\"},\"inLanguage\":\"en-US\",\"potentialAction\":[{\"@type\":\"ReadAction\",\"target\":[\"https:\\\/\\\/cioelectro.com\\\/produkt\\\/garmin-instinct-2s-camo-edition-gps-multisport-smartwatch\\\/\"]}]},{\"@type\":\"ImageObject\",\"inLanguage\":\"en-US\",\"@id\":\"https:\\\/\\\/cioelectro.com\\\/produkt\\\/garmin-instinct-2s-camo-edition-gps-multisport-smartwatch\\\/#primaryimage\",\"url\":\"https:\\\/\\\/cioelectro.com\\\/wp-content\\\/uploads\\\/2023\\\/06\\\/Garmin-Instinct-2S-CAMO-EDITION-GPS-Multisport-Smartwatch-010-02563-03_800x800-0.jpg\",\"contentUrl\":\"https:\\\/\\\/cioelectro.com\\\/wp-content\\\/uploads\\\/2023\\\/06\\\/Garmin-Instinct-2S-CAMO-EDITION-GPS-Multisport-Smartwatch-010-02563-03_800x800-0.jpg\",\"width\":674,\"height\":800,\"caption\":\"Garmin Instinct 2S CAMO EDITION - GPS Multisport Smartwatch\"},{\"@type\":\"BreadcrumbList\",\"@id\":\"https:\\\/\\\/cioelectro.com\\\/produkt\\\/garmin-instinct-2s-camo-edition-gps-multisport-smartwatch\\\/#breadcrumb\",\"itemListElement\":[{\"@type\":\"ListItem\",\"position\":1,\"name\":\"Startseite\",\"item\":\"https:\\\/\\\/cioelectro.com\\\/\"},{\"@type\":\"ListItem\",\"position\":2,\"name\":\"LADEN\",\"item\":\"https:\\\/\\\/cioelectro.com\\\/laden\\\/\"},{\"@type\":\"ListItem\",\"position\":3,\"name\":\"Garmin Instinct 2S CAMO EDITION &#8211; GPS Multisport Smartwatch\"}]},{\"@type\":\"WebSite\",\"@id\":\"https:\\\/\\\/cioelectro.com\\\/#website\",\"url\":\"https:\\\/\\\/cioelectro.com\\\/\",\"name\":\"cioelectro.com\",\"description\":\"Treten Sie mit uns ins Abenteuer!\",\"publisher\":{\"@id\":\"https:\\\/\\\/cioelectro.com\\\/#organization\"},\"alternateName\":\"MEIN RADLADEN\",\"potentialAction\":[{\"@type\":\"SearchAction\",\"target\":{\"@type\":\"EntryPoint\",\"urlTemplate\":\"https:\\\/\\\/cioelectro.com\\\/?s={search_term_string}\"},\"query-input\":{\"@type\":\"PropertyValueSpecification\",\"valueRequired\":true,\"valueName\":\"search_term_string\"}}],\"inLanguage\":\"en-US\"},{\"@type\":\"Organization\",\"@id\":\"https:\\\/\\\/cioelectro.com\\\/#organization\",\"name\":\"CIOELECTRO\",\"alternateName\":\"MEIN RADLADEN\",\"url\":\"https:\\\/\\\/cioelectro.com\\\/\",\"logo\":{\"@type\":\"ImageObject\",\"inLanguage\":\"en-US\",\"@id\":\"https:\\\/\\\/cioelectro.com\\\/#\\\/schema\\\/logo\\\/image\\\/\",\"url\":\"https:\\\/\\\/cioelectro.com\\\/wp-content\\\/uploads\\\/2025\\\/12\\\/Logo-2-1200x800.png\",\"contentUrl\":\"https:\\\/\\\/cioelectro.com\\\/wp-content\\\/uploads\\\/2025\\\/12\\\/Logo-2-1200x800.png\",\"width\":1200,\"height\":800,\"caption\":\"CIOELECTRO\"},\"image\":{\"@id\":\"https:\\\/\\\/cioelectro.com\\\/#\\\/schema\\\/logo\\\/image\\\/\"}}]}<\/script>\n<!-- \/ Yoast SEO Premium plugin. -->","yoast_head_json":{"title":"Garmin Instinct 2S CAMO EDITION - GPS Multisport Smartwatch","description":"Entdecken Sie unseren Online-Fahrradladen: Gro\u00dfe Auswahl an Modellen f\u00fcr alle Radsportbegeisterten. Von Rennr\u00e4dern bis zu Mountainbikes - finden Sie heute Ihren perfekten Wegbegleiter!","robots":{"index":"index","follow":"follow","max-snippet":"max-snippet:-1","max-image-preview":"max-image-preview:large","max-video-preview":"max-video-preview:-1"},"canonical":"https:\/\/cioelectro.com\/en\/produkt\/garmin-instinct-2s-camo-edition-gps-multisport-smartwatch\/","og_locale":"en_US","og_type":"article","og_title":"Garmin Instinct 2S CAMO EDITION - GPS Multisport Smartwatch","og_description":"Entdecken Sie unseren Online-Fahrradladen: Gro\u00dfe Auswahl an Modellen f\u00fcr alle Radsportbegeisterten. Von Rennr\u00e4dern bis zu Mountainbikes - finden Sie heute Ihren perfekten Wegbegleiter!","og_url":"https:\/\/cioelectro.com\/en\/produkt\/garmin-instinct-2s-camo-edition-gps-multisport-smartwatch\/","og_site_name":"cioelectro.com","article_modified_time":"2023-08-10T19:28:05+00:00","og_image":[{"width":674,"height":800,"url":"https:\/\/cioelectro.com\/wp-content\/uploads\/2023\/06\/Garmin-Instinct-2S-CAMO-EDITION-GPS-Multisport-Smartwatch-010-02563-03_800x800-0.jpg","type":"image\/jpeg"}],"twitter_card":"summary_large_image","twitter_misc":{"Est. reading time":"2 minutes"},"schema":{"@context":"https:\/\/schema.org","@graph":[{"@type":"WebPage","@id":"https:\/\/cioelectro.com\/produkt\/garmin-instinct-2s-camo-edition-gps-multisport-smartwatch\/","url":"https:\/\/cioelectro.com\/produkt\/garmin-instinct-2s-camo-edition-gps-multisport-smartwatch\/","name":"Garmin Instinct 2S CAMO EDITION - GPS Multisport Smartwatch","isPartOf":{"@id":"https:\/\/cioelectro.com\/#website"},"primaryImageOfPage":{"@id":"https:\/\/cioelectro.com\/produkt\/garmin-instinct-2s-camo-edition-gps-multisport-smartwatch\/#primaryimage"},"image":{"@id":"https:\/\/cioelectro.com\/produkt\/garmin-instinct-2s-camo-edition-gps-multisport-smartwatch\/#primaryimage"},"thumbnailUrl":"https:\/\/cioelectro.com\/wp-content\/uploads\/2023\/06\/Garmin-Instinct-2S-CAMO-EDITION-GPS-Multisport-Smartwatch-010-02563-03_800x800-0.jpg","datePublished":"2022-11-29T19:23:31+00:00","dateModified":"2023-08-10T19:28:05+00:00","description":"Entdecken Sie unseren Online-Fahrradladen: Gro\u00dfe Auswahl an Modellen f\u00fcr alle Radsportbegeisterten. Von Rennr\u00e4dern bis zu Mountainbikes - finden Sie heute Ihren perfekten Wegbegleiter!","breadcrumb":{"@id":"https:\/\/cioelectro.com\/produkt\/garmin-instinct-2s-camo-edition-gps-multisport-smartwatch\/#breadcrumb"},"inLanguage":"en-US","potentialAction":[{"@type":"ReadAction","target":["https:\/\/cioelectro.com\/produkt\/garmin-instinct-2s-camo-edition-gps-multisport-smartwatch\/"]}]},{"@type":"ImageObject","inLanguage":"en-US","@id":"https:\/\/cioelectro.com\/produkt\/garmin-instinct-2s-camo-edition-gps-multisport-smartwatch\/#primaryimage","url":"https:\/\/cioelectro.com\/wp-content\/uploads\/2023\/06\/Garmin-Instinct-2S-CAMO-EDITION-GPS-Multisport-Smartwatch-010-02563-03_800x800-0.jpg","contentUrl":"https:\/\/cioelectro.com\/wp-content\/uploads\/2023\/06\/Garmin-Instinct-2S-CAMO-EDITION-GPS-Multisport-Smartwatch-010-02563-03_800x800-0.jpg","width":674,"height":800,"caption":"Garmin Instinct 2S CAMO EDITION - GPS Multisport Smartwatch"},{"@type":"BreadcrumbList","@id":"https:\/\/cioelectro.com\/produkt\/garmin-instinct-2s-camo-edition-gps-multisport-smartwatch\/#breadcrumb","itemListElement":[{"@type":"ListItem","position":1,"name":"Startseite","item":"https:\/\/cioelectro.com\/"},{"@type":"ListItem","position":2,"name":"LADEN","item":"https:\/\/cioelectro.com\/laden\/"},{"@type":"ListItem","position":3,"name":"Garmin Instinct 2S CAMO EDITION &#8211; GPS Multisport Smartwatch"}]},{"@type":"WebSite","@id":"https:\/\/cioelectro.com\/#website","url":"https:\/\/cioelectro.com\/","name":"cioelectro.com","description":"Treten Sie mit uns ins Abenteuer!","publisher":{"@id":"https:\/\/cioelectro.com\/#organization"},"alternateName":"MEIN RADLADEN","potentialAction":[{"@type":"SearchAction","target":{"@type":"EntryPoint","urlTemplate":"https:\/\/cioelectro.com\/?s={search_term_string}"},"query-input":{"@type":"PropertyValueSpecification","valueRequired":true,"valueName":"search_term_string"}}],"inLanguage":"en-US"},{"@type":"Organization","@id":"https:\/\/cioelectro.com\/#organization","name":"CIOELECTRO","alternateName":"MEIN RADLADEN","url":"https:\/\/cioelectro.com\/","logo":{"@type":"ImageObject","inLanguage":"en-US","@id":"https:\/\/cioelectro.com\/#\/schema\/logo\/image\/","url":"https:\/\/cioelectro.com\/wp-content\/uploads\/2025\/12\/Logo-2-1200x800.png","contentUrl":"https:\/\/cioelectro.com\/wp-content\/uploads\/2025\/12\/Logo-2-1200x800.png","width":1200,"height":800,"caption":"CIOELECTRO"},"image":{"@id":"https:\/\/cioelectro.com\/#\/schema\/logo\/image\/"}}]}},"_links":{"self":[{"href":"https:\/\/cioelectro.com\/en\/wp-json\/wp\/v2\/product\/45694","targetHints":{"allow":["GET"]}}],"collection":[{"href":"https:\/\/cioelectro.com\/en\/wp-json\/wp\/v2\/product"}],"about":[{"href":"https:\/\/cioelectro.com\/en\/wp-json\/wp\/v2\/types\/product"}],"replies":[{"embeddable":true,"href":"https:\/\/cioelectro.com\/en\/wp-json\/wp\/v2\/comments?post=45694"}],"version-history":[{"count":0,"href":"https:\/\/cioelectro.com\/en\/wp-json\/wp\/v2\/product\/45694\/revisions"}],"wp:featuredmedia":[{"embeddable":true,"href":"https:\/\/cioelectro.com\/en\/wp-json\/wp\/v2\/media\/63817"}],"wp:attachment":[{"href":"https:\/\/cioelectro.com\/en\/wp-json\/wp\/v2\/media?parent=45694"}],"wp:term":[{"taxonomy":"product_brand","embeddable":true,"href":"https:\/\/cioelectro.com\/en\/wp-json\/wp\/v2\/product_brand?post=45694"},{"taxonomy":"product_cat","embeddable":true,"href":"https:\/\/cioelectro.com\/en\/wp-json\/wp\/v2\/product_cat?post=45694"},{"taxonomy":"product_tag","embeddable":true,"href":"https:\/\/cioelectro.com\/en\/wp-json\/wp\/v2\/product_tag?post=45694"}],"curies":[{"name":"wp","href":"https:\/\/api.w.org\/{rel}","templated":true}]}}