{"id":45820,"date":"2022-11-30T09:56:33","date_gmt":"2022-11-30T08:56:33","guid":{"rendered":"https:\/\/meinradladen.com\/?post_type=product&#038;p=45820"},"modified":"2023-08-10T21:22:28","modified_gmt":"2023-08-10T19:22:28","slug":"garmin-edge-explore-2-gps-fahrradcomputer","status":"publish","type":"product","link":"https:\/\/cioelectro.com\/en\/produkt\/garmin-edge-explore-2-gps-fahrradcomputer\/","title":{"rendered":"Garmin Edge Explore 2 &#8211; GPS Fahrradcomputer"},"content":{"rendered":"<h2 class=\"product--title\"><strong>Garmin<\/strong>\u00a0Edge Explore 2 &#8211; GPS Fahrradcomputer<\/h2>\n<p>Mach Garmin Edge Explore 2 dich bereit f\u00fcr deine sch\u00f6nsten <a href=\"http:\/\/1-1\">Radtouren<\/a>: Das Fahrradnavi findet sie f\u00fcr dich \u2013 und bringt dich zuverl\u00e4ssig ans Ziel. Sein 3\u201c gro\u00dfes Touchdisplay, die einfache Bedienung und intelligente Navigationsfunktionen machen es dir leicht, neue Wege auf und neben dem Asphalt zu entdecken und verkehrsreiche Stra\u00dfen zu meiden.<\/p>\n<p>W\u00e4hle aus drei Aktivit\u00e4tsprofilen, um f\u00fcr jede Fahrt ger\u00fcstet zu sein. Bei Anstiegen unterst\u00fctzt dich ClimbPro\u2122 beim Einteilen deiner Kr\u00e4fte. Die automatische Unfallbenachrichtigung und optional erh\u00e4ltliche Varia Sicherheitsprodukte geben dir zus\u00e4tzlich Schutz.<\/p>\n<hr \/>\n<h3>Die Highlights des Garmin Edge Explore 2<\/h3>\n<ul>\n<li>GPS-Fahrradnavi f\u00fcr Tourenradfahrer und E-Biker mit 3\u201c gro\u00dfem Touchdisplay<\/li>\n<li>Lange Akkulaufzeit von bis zu 16 Stunden bei intensiver Nutzung<\/li>\n<li>E-Bike Routing in Abh\u00e4ngigkeit der Reichweiteninformation des EBikes<\/li>\n<li>Routing Option zur Vermeidung von Stra\u00dfen mit erh\u00f6htem Verkehrsaufkommen<\/li>\n<li>Vorinstallierte Garmin Europa Fahrradkarte mit Popularity Karten<\/li>\n<li>\u00dcberarbeitete, moderne Benutzeroberfl\u00e4che mit 3 Aktivit\u00e4tsprofilen<\/li>\n<li>Einstellungen einfach und in Echtzeit \u00fcber das Telefon<\/li>\n<li>Intensit\u00e4tsminuten, Erholungsratgeber und VO2max<\/li>\n<\/ul>\n<hr \/>\n<h3>Features<\/h3>\n<p><strong>DESIGN<\/strong><br \/>\nModernes Design mit reaktionsschnellem, immer gut lesbaren, 3\u2018\u2018 Touchdisplay.<\/p>\n<p><strong>LANGE AKKULAUFZEIT<\/strong><br \/>\nBis zu 16 Stunden GPS-Akkulaufzeit bei gekoppelten Sensoren und aktiver Navigation f\u00fcr lange Radtouren.<\/p>\n<p><strong>MULTI-GNSS<\/strong><br \/>\nNutze mehrere globale Navigationssatellitensysteme (GPS, GLONASS, Galileo, BeiDou), um in schwierigeren Umgebungen eine bessere Positionsfindung als bei ausschlie\u00dflicher Verwendung von GPS zu erhalten.<\/p>\n<p><strong>EINSTELLUNG PER APP<\/strong><br \/>\nGer\u00e4teeinstellungen \u2013 inklusive Datenfelder \u2013 sind direkt auf dem Edge oder via Smartphone in der Garmin Connect App mit Echtzeitsynchronisierung einfach vorzunehmen.<\/p>\n<p><strong>NEUE BENUTZEROBERFL\u00c4CHE<\/strong><br \/>\nDie neue Benutzeroberfl\u00e4che mit \u00dcbersichten, die du schnell durch Wischen nach oben erreichst, hilft dir, immer den \u00dcberblick zu behalten.<\/p>\n<p><strong>FAHRRAD-NAVIGATION<\/strong><br \/>\nUmfangreiche Navigationsfunktionen auf der vorinstallierten Garmin Europa Fahrradkarte. Optimierte Neuberechnung der Route auf den beliebtesten Stra\u00dfen und Wegen direkt auf dem Ger\u00e4t.<\/p>\n<hr \/>\n<h3>Produkteigenschaften<\/h3>\n<ul>\n<li><strong>Abmessungen:<\/strong>\u00a055,7 x 106,1 x 20,6 mm<\/li>\n<li><strong>Displaygr\u00f6\u00dfe:<\/strong>\u00a03\u201c<\/li>\n<li><strong>Displayaufl\u00f6sung:<\/strong>\u00a0240 x 400 Pixel<\/li>\n<li><strong>Displaytyp:<\/strong>\u00a0Transflektives MIP<\/li>\n<li><strong>Interner Speicher:<\/strong>\u00a016 GB<\/li>\n<li><strong>Akkulaufzeit GPS-Modus:<\/strong>\u00a0Bis zu 45 Stunden<\/li>\n<li><strong>Energiesparmodus:<\/strong>\u00a0Bis zu 100 Stunden<\/li>\n<\/ul>\n<h3>Farbe<\/h3>\n<ul>\n<li>wei\u00df\/schwarz<\/li>\n<\/ul>\n<h3>Gewicht<\/h3>\n<ul>\n<li>104 g (Herstellerangabe)<\/li>\n<\/ul>\n<hr \/>\n<h3><strong>Lieferumfang<br \/>\n<\/strong><\/h3>\n<ul>\n<li>Garmin Edge Explore 2<\/li>\n<li>Standard-Halterung<\/li>\n<li>Befestigungsband<\/li>\n<li>USB-Kabel (USB-A auf USB-C)<\/li>\n<li>Schnellstartanleitung<\/li>\n<\/ul>","protected":false},"excerpt":{"rendered":"<p>Garmin\u00a0Edge Explore 2 &#8211; GPS Fahrradcomputer Mach Garmin Edge Explore 2 dich bereit f\u00fcr deine sch\u00f6nsten Radtouren: Das Fahrradnavi findet<\/p>","protected":false},"featured_media":63868,"comment_status":"open","ping_status":"closed","template":"","meta":{"_rtcl_gb_attr":""},"product_brand":[],"product_cat":[537,318],"product_tag":[],"class_list":{"0":"post-45820","1":"product","2":"type-product","3":"status-publish","4":"has-post-thumbnail","6":"product_cat-elektronik","7":"product_cat-outdoor","8":"pa_marke-garmin","10":"first","11":"instock","12":"sale","13":"taxable","14":"shipping-taxable","15":"purchasable","16":"product-type-simple"},"yoast_head":"<!-- This site is optimized with the Yoast SEO Premium plugin v20.12 (Yoast SEO v27.4) - https:\/\/yoast.com\/product\/yoast-seo-premium-wordpress\/ -->\n<title>Garmin Edge Explore 2 - GPS Fahrradcomputer<\/title>\n<meta name=\"description\" content=\"Entdecken Sie unseren Online-Fahrradladen: Gro\u00dfe Auswahl an Modellen f\u00fcr alle Radsportbegeisterten. Von Rennr\u00e4dern bis zu Mountainbikes - finden Sie heute Ihren perfekten Wegbegleiter!\" \/>\n<meta name=\"robots\" content=\"index, follow, max-snippet:-1, max-image-preview:large, max-video-preview:-1\" \/>\n<link rel=\"canonical\" href=\"https:\/\/cioelectro.com\/en\/produkt\/garmin-edge-explore-2-gps-fahrradcomputer\/\" \/>\n<meta property=\"og:locale\" content=\"en_US\" \/>\n<meta property=\"og:type\" content=\"article\" \/>\n<meta property=\"og:title\" content=\"Garmin Edge Explore 2 - GPS Fahrradcomputer\" \/>\n<meta property=\"og:description\" content=\"Entdecken Sie unseren Online-Fahrradladen: Gro\u00dfe Auswahl an Modellen f\u00fcr alle Radsportbegeisterten. Von Rennr\u00e4dern bis zu Mountainbikes - finden Sie heute Ihren perfekten Wegbegleiter!\" \/>\n<meta property=\"og:url\" content=\"https:\/\/cioelectro.com\/en\/produkt\/garmin-edge-explore-2-gps-fahrradcomputer\/\" \/>\n<meta property=\"og:site_name\" content=\"cioelectro.com\" \/>\n<meta property=\"article:modified_time\" content=\"2023-08-10T19:22:28+00:00\" \/>\n<meta property=\"og:image\" content=\"https:\/\/cioelectro.com\/wp-content\/uploads\/2023\/06\/Garmin-Edge-Explore-2-GPS-Fahrradcomputer-010-02703-10_800x800-0.jpg\" \/>\n\t<meta property=\"og:image:width\" content=\"435\" \/>\n\t<meta property=\"og:image:height\" content=\"800\" \/>\n\t<meta property=\"og:image:type\" content=\"image\/jpeg\" \/>\n<meta name=\"twitter:card\" content=\"summary_large_image\" \/>\n<meta name=\"twitter:label1\" content=\"Est. reading time\" \/>\n\t<meta name=\"twitter:data1\" content=\"2 minutes\" \/>\n<script type=\"application\/ld+json\" class=\"yoast-schema-graph\">{\"@context\":\"https:\\\/\\\/schema.org\",\"@graph\":[{\"@type\":\"WebPage\",\"@id\":\"https:\\\/\\\/cioelectro.com\\\/produkt\\\/garmin-edge-explore-2-gps-fahrradcomputer\\\/\",\"url\":\"https:\\\/\\\/cioelectro.com\\\/produkt\\\/garmin-edge-explore-2-gps-fahrradcomputer\\\/\",\"name\":\"Garmin Edge Explore 2 - GPS Fahrradcomputer\",\"isPartOf\":{\"@id\":\"https:\\\/\\\/cioelectro.com\\\/#website\"},\"primaryImageOfPage\":{\"@id\":\"https:\\\/\\\/cioelectro.com\\\/produkt\\\/garmin-edge-explore-2-gps-fahrradcomputer\\\/#primaryimage\"},\"image\":{\"@id\":\"https:\\\/\\\/cioelectro.com\\\/produkt\\\/garmin-edge-explore-2-gps-fahrradcomputer\\\/#primaryimage\"},\"thumbnailUrl\":\"https:\\\/\\\/cioelectro.com\\\/wp-content\\\/uploads\\\/2023\\\/06\\\/Garmin-Edge-Explore-2-GPS-Fahrradcomputer-010-02703-10_800x800-0.jpg\",\"datePublished\":\"2022-11-30T08:56:33+00:00\",\"dateModified\":\"2023-08-10T19:22:28+00:00\",\"description\":\"Entdecken Sie unseren Online-Fahrradladen: Gro\u00dfe Auswahl an Modellen f\u00fcr alle Radsportbegeisterten. Von Rennr\u00e4dern bis zu Mountainbikes - finden Sie heute Ihren perfekten Wegbegleiter!\",\"breadcrumb\":{\"@id\":\"https:\\\/\\\/cioelectro.com\\\/produkt\\\/garmin-edge-explore-2-gps-fahrradcomputer\\\/#breadcrumb\"},\"inLanguage\":\"en-US\",\"potentialAction\":[{\"@type\":\"ReadAction\",\"target\":[\"https:\\\/\\\/cioelectro.com\\\/produkt\\\/garmin-edge-explore-2-gps-fahrradcomputer\\\/\"]}]},{\"@type\":\"ImageObject\",\"inLanguage\":\"en-US\",\"@id\":\"https:\\\/\\\/cioelectro.com\\\/produkt\\\/garmin-edge-explore-2-gps-fahrradcomputer\\\/#primaryimage\",\"url\":\"https:\\\/\\\/cioelectro.com\\\/wp-content\\\/uploads\\\/2023\\\/06\\\/Garmin-Edge-Explore-2-GPS-Fahrradcomputer-010-02703-10_800x800-0.jpg\",\"contentUrl\":\"https:\\\/\\\/cioelectro.com\\\/wp-content\\\/uploads\\\/2023\\\/06\\\/Garmin-Edge-Explore-2-GPS-Fahrradcomputer-010-02703-10_800x800-0.jpg\",\"width\":435,\"height\":800,\"caption\":\"Garmin Edge Explore 2 - GPS Fahrradcomputer\"},{\"@type\":\"BreadcrumbList\",\"@id\":\"https:\\\/\\\/cioelectro.com\\\/produkt\\\/garmin-edge-explore-2-gps-fahrradcomputer\\\/#breadcrumb\",\"itemListElement\":[{\"@type\":\"ListItem\",\"position\":1,\"name\":\"Startseite\",\"item\":\"https:\\\/\\\/cioelectro.com\\\/\"},{\"@type\":\"ListItem\",\"position\":2,\"name\":\"LADEN\",\"item\":\"https:\\\/\\\/cioelectro.com\\\/laden\\\/\"},{\"@type\":\"ListItem\",\"position\":3,\"name\":\"Garmin Edge Explore 2 &#8211; GPS Fahrradcomputer\"}]},{\"@type\":\"WebSite\",\"@id\":\"https:\\\/\\\/cioelectro.com\\\/#website\",\"url\":\"https:\\\/\\\/cioelectro.com\\\/\",\"name\":\"cioelectro.com\",\"description\":\"Treten Sie mit uns ins Abenteuer!\",\"publisher\":{\"@id\":\"https:\\\/\\\/cioelectro.com\\\/#organization\"},\"alternateName\":\"MEIN RADLADEN\",\"potentialAction\":[{\"@type\":\"SearchAction\",\"target\":{\"@type\":\"EntryPoint\",\"urlTemplate\":\"https:\\\/\\\/cioelectro.com\\\/?s={search_term_string}\"},\"query-input\":{\"@type\":\"PropertyValueSpecification\",\"valueRequired\":true,\"valueName\":\"search_term_string\"}}],\"inLanguage\":\"en-US\"},{\"@type\":\"Organization\",\"@id\":\"https:\\\/\\\/cioelectro.com\\\/#organization\",\"name\":\"CIOELECTRO\",\"alternateName\":\"MEIN RADLADEN\",\"url\":\"https:\\\/\\\/cioelectro.com\\\/\",\"logo\":{\"@type\":\"ImageObject\",\"inLanguage\":\"en-US\",\"@id\":\"https:\\\/\\\/cioelectro.com\\\/#\\\/schema\\\/logo\\\/image\\\/\",\"url\":\"https:\\\/\\\/cioelectro.com\\\/wp-content\\\/uploads\\\/2025\\\/12\\\/Logo-2-1200x800.png\",\"contentUrl\":\"https:\\\/\\\/cioelectro.com\\\/wp-content\\\/uploads\\\/2025\\\/12\\\/Logo-2-1200x800.png\",\"width\":1200,\"height\":800,\"caption\":\"CIOELECTRO\"},\"image\":{\"@id\":\"https:\\\/\\\/cioelectro.com\\\/#\\\/schema\\\/logo\\\/image\\\/\"}}]}<\/script>\n<!-- \/ Yoast SEO Premium plugin. -->","yoast_head_json":{"title":"Garmin Edge Explore 2 - GPS Fahrradcomputer","description":"Entdecken Sie unseren Online-Fahrradladen: Gro\u00dfe Auswahl an Modellen f\u00fcr alle Radsportbegeisterten. Von Rennr\u00e4dern bis zu Mountainbikes - finden Sie heute Ihren perfekten Wegbegleiter!","robots":{"index":"index","follow":"follow","max-snippet":"max-snippet:-1","max-image-preview":"max-image-preview:large","max-video-preview":"max-video-preview:-1"},"canonical":"https:\/\/cioelectro.com\/en\/produkt\/garmin-edge-explore-2-gps-fahrradcomputer\/","og_locale":"en_US","og_type":"article","og_title":"Garmin Edge Explore 2 - GPS Fahrradcomputer","og_description":"Entdecken Sie unseren Online-Fahrradladen: Gro\u00dfe Auswahl an Modellen f\u00fcr alle Radsportbegeisterten. Von Rennr\u00e4dern bis zu Mountainbikes - finden Sie heute Ihren perfekten Wegbegleiter!","og_url":"https:\/\/cioelectro.com\/en\/produkt\/garmin-edge-explore-2-gps-fahrradcomputer\/","og_site_name":"cioelectro.com","article_modified_time":"2023-08-10T19:22:28+00:00","og_image":[{"width":435,"height":800,"url":"https:\/\/cioelectro.com\/wp-content\/uploads\/2023\/06\/Garmin-Edge-Explore-2-GPS-Fahrradcomputer-010-02703-10_800x800-0.jpg","type":"image\/jpeg"}],"twitter_card":"summary_large_image","twitter_misc":{"Est. reading time":"2 minutes"},"schema":{"@context":"https:\/\/schema.org","@graph":[{"@type":"WebPage","@id":"https:\/\/cioelectro.com\/produkt\/garmin-edge-explore-2-gps-fahrradcomputer\/","url":"https:\/\/cioelectro.com\/produkt\/garmin-edge-explore-2-gps-fahrradcomputer\/","name":"Garmin Edge Explore 2 - GPS Fahrradcomputer","isPartOf":{"@id":"https:\/\/cioelectro.com\/#website"},"primaryImageOfPage":{"@id":"https:\/\/cioelectro.com\/produkt\/garmin-edge-explore-2-gps-fahrradcomputer\/#primaryimage"},"image":{"@id":"https:\/\/cioelectro.com\/produkt\/garmin-edge-explore-2-gps-fahrradcomputer\/#primaryimage"},"thumbnailUrl":"https:\/\/cioelectro.com\/wp-content\/uploads\/2023\/06\/Garmin-Edge-Explore-2-GPS-Fahrradcomputer-010-02703-10_800x800-0.jpg","datePublished":"2022-11-30T08:56:33+00:00","dateModified":"2023-08-10T19:22:28+00:00","description":"Entdecken Sie unseren Online-Fahrradladen: Gro\u00dfe Auswahl an Modellen f\u00fcr alle Radsportbegeisterten. Von Rennr\u00e4dern bis zu Mountainbikes - finden Sie heute Ihren perfekten Wegbegleiter!","breadcrumb":{"@id":"https:\/\/cioelectro.com\/produkt\/garmin-edge-explore-2-gps-fahrradcomputer\/#breadcrumb"},"inLanguage":"en-US","potentialAction":[{"@type":"ReadAction","target":["https:\/\/cioelectro.com\/produkt\/garmin-edge-explore-2-gps-fahrradcomputer\/"]}]},{"@type":"ImageObject","inLanguage":"en-US","@id":"https:\/\/cioelectro.com\/produkt\/garmin-edge-explore-2-gps-fahrradcomputer\/#primaryimage","url":"https:\/\/cioelectro.com\/wp-content\/uploads\/2023\/06\/Garmin-Edge-Explore-2-GPS-Fahrradcomputer-010-02703-10_800x800-0.jpg","contentUrl":"https:\/\/cioelectro.com\/wp-content\/uploads\/2023\/06\/Garmin-Edge-Explore-2-GPS-Fahrradcomputer-010-02703-10_800x800-0.jpg","width":435,"height":800,"caption":"Garmin Edge Explore 2 - GPS Fahrradcomputer"},{"@type":"BreadcrumbList","@id":"https:\/\/cioelectro.com\/produkt\/garmin-edge-explore-2-gps-fahrradcomputer\/#breadcrumb","itemListElement":[{"@type":"ListItem","position":1,"name":"Startseite","item":"https:\/\/cioelectro.com\/"},{"@type":"ListItem","position":2,"name":"LADEN","item":"https:\/\/cioelectro.com\/laden\/"},{"@type":"ListItem","position":3,"name":"Garmin Edge Explore 2 &#8211; GPS Fahrradcomputer"}]},{"@type":"WebSite","@id":"https:\/\/cioelectro.com\/#website","url":"https:\/\/cioelectro.com\/","name":"cioelectro.com","description":"Treten Sie mit uns ins Abenteuer!","publisher":{"@id":"https:\/\/cioelectro.com\/#organization"},"alternateName":"MEIN RADLADEN","potentialAction":[{"@type":"SearchAction","target":{"@type":"EntryPoint","urlTemplate":"https:\/\/cioelectro.com\/?s={search_term_string}"},"query-input":{"@type":"PropertyValueSpecification","valueRequired":true,"valueName":"search_term_string"}}],"inLanguage":"en-US"},{"@type":"Organization","@id":"https:\/\/cioelectro.com\/#organization","name":"CIOELECTRO","alternateName":"MEIN RADLADEN","url":"https:\/\/cioelectro.com\/","logo":{"@type":"ImageObject","inLanguage":"en-US","@id":"https:\/\/cioelectro.com\/#\/schema\/logo\/image\/","url":"https:\/\/cioelectro.com\/wp-content\/uploads\/2025\/12\/Logo-2-1200x800.png","contentUrl":"https:\/\/cioelectro.com\/wp-content\/uploads\/2025\/12\/Logo-2-1200x800.png","width":1200,"height":800,"caption":"CIOELECTRO"},"image":{"@id":"https:\/\/cioelectro.com\/#\/schema\/logo\/image\/"}}]}},"_links":{"self":[{"href":"https:\/\/cioelectro.com\/en\/wp-json\/wp\/v2\/product\/45820","targetHints":{"allow":["GET"]}}],"collection":[{"href":"https:\/\/cioelectro.com\/en\/wp-json\/wp\/v2\/product"}],"about":[{"href":"https:\/\/cioelectro.com\/en\/wp-json\/wp\/v2\/types\/product"}],"replies":[{"embeddable":true,"href":"https:\/\/cioelectro.com\/en\/wp-json\/wp\/v2\/comments?post=45820"}],"version-history":[{"count":0,"href":"https:\/\/cioelectro.com\/en\/wp-json\/wp\/v2\/product\/45820\/revisions"}],"wp:featuredmedia":[{"embeddable":true,"href":"https:\/\/cioelectro.com\/en\/wp-json\/wp\/v2\/media\/63868"}],"wp:attachment":[{"href":"https:\/\/cioelectro.com\/en\/wp-json\/wp\/v2\/media?parent=45820"}],"wp:term":[{"taxonomy":"product_brand","embeddable":true,"href":"https:\/\/cioelectro.com\/en\/wp-json\/wp\/v2\/product_brand?post=45820"},{"taxonomy":"product_cat","embeddable":true,"href":"https:\/\/cioelectro.com\/en\/wp-json\/wp\/v2\/product_cat?post=45820"},{"taxonomy":"product_tag","embeddable":true,"href":"https:\/\/cioelectro.com\/en\/wp-json\/wp\/v2\/product_tag?post=45820"}],"curies":[{"name":"wp","href":"https:\/\/api.w.org\/{rel}","templated":true}]}}