{"id":45882,"date":"2022-11-30T11:47:41","date_gmt":"2022-11-30T10:47:41","guid":{"rendered":"https:\/\/meinradladen.com\/?post_type=product&#038;p=45882"},"modified":"2023-08-10T21:20:26","modified_gmt":"2023-08-10T19:20:26","slug":"supernova-m99-mini-pro-25-u-serie-e-bike-scheinwerfer","status":"publish","type":"product","link":"https:\/\/cioelectro.com\/en\/produkt\/supernova-m99-mini-pro-25-u-serie-e-bike-scheinwerfer\/","title":{"rendered":"Supernova M99 Mini Pro 25 U-Serie &#8211; E-Bike-Scheinwerfer"},"content":{"rendered":"<h2 class=\"product--title\"><strong>Supernova<\/strong>\u00a0M99 Mini Pro 25 U-Serie &#8211; E-Bike-Scheinwerfer<\/h2>\n<p>Der Supernova M99 Mini von\u00a0 verpackt das gleiche weitreichende und enorm breite Licht des gro\u00dfen Bruders in ein unglaublich kompaktes Geh\u00e4use. Mit Abblendlicht blendfrei durch die Stadt und auf Knopfdruck mit Fernlicht im Wald.<\/p>\n<p>Fernlicht ist essentiell im Offroad-Einsatz und verbessert die Ausleuchtung von engen Kurven erheblich. Dadurch wir die Sicherheit massiv erh\u00f6ht, da die gesamte Umgebung des Trails angeleuchtet wird. Nach der sportlichen Abendrunde kann die Heimfahrt dann ganz entspannt mit dem integrierten Abblendlicht eingel\u00e4utet werden \u2013 ganz ohne den Gegenverkehr zu blenden.<\/p>\n<p>Die Elektronik kann unter anderem mit modernen E-Bikes kommunizieren. Auch ohne Softwareanbindung steuern die integrierten Sensoren den Scheinwerfer intelligent, so dass er an allen g\u00e4ngigen E-Bike Systemen funktioniert.<\/p>\n<hr \/>\n<h3>Produkteigenschaften &#8211; Supernova M99 Mini Pro U-Serie<\/h3>\n<ul>\n<li><strong>Fahrradkategorie:<\/strong>\u00a0E-Bike (25 km\/h)<\/li>\n<li><strong>Funktionen:<\/strong>\u00a0Fernlicht, Abblendlicht<\/li>\n<li><strong>Abblendlicht:<\/strong>\u00a0450 lm, 150 lx<\/li>\n<li><strong>Leistung Abblendlicht<\/strong>\n<ul>\n<li><strong>5 V\/6 V\/12 V:<\/strong>\u00a05,2 W<\/li>\n<\/ul>\n<\/li>\n<li><strong>Fernlicht:<\/strong>\u00a01150 lm, 260 lx<\/li>\n<li><strong>Leistung Fernlicht<\/strong>\n<ul>\n<li><strong>5 V:<\/strong>\u00a010 W<\/li>\n<li><strong>6 V:<\/strong>\u00a08 W<\/li>\n<li><strong>12 V:<\/strong>\u00a016 W*<\/li>\n<\/ul>\n<\/li>\n<li><strong>Versorgungsspannung:<\/strong>\u00a05 V &#8211; 12 V DC<\/li>\n<li><strong>Leuchtmittel:<\/strong>\u00a010 automotive LEDs<\/li>\n<li><strong>Zulassung:<\/strong>\u00a0K-Nummer<\/li>\n<li><strong>Gr\u00f6\u00dfe:<\/strong>\u00a038 x 78 x 50 mm<\/li>\n<li><strong>Kabell\u00e4nge:<\/strong>\u00a01450 mm<\/li>\n<li><strong>Kabell\u00e4nge zum Fernlichtstecker:<\/strong>\u00a0212 mm (mit Micro-Goldstecker und magnetische Halterung f\u00fcr dezentrale Lenkerklemmung, \u00d8 22,0 mm, (MSH22))<\/li>\n<li><em>*Automatische Leistungsanpassung an die Anschlussspannung. Das bedeutet, dass die Scheinwerfer an einem 12 V Anschluss mehr Leistung haben als an einem 6 V Anschluss<\/em><\/li>\n<\/ul>\n<h3>Material<\/h3>\n<ul>\n<li>6061 Aluminium<\/li>\n<\/ul>\n<h3>Farbe<\/h3>\n<ul>\n<li>schwarz<\/li>\n<\/ul>\n<h3>Gewicht<\/h3>\n<ul>\n<li>120 g (Herstellerangabe)<\/li>\n<\/ul>\n<hr \/>\n<h3>Lieferumfang<\/h3>\n<ul>\n<li>1 x Supernova M99 Mini Pro 25 Scheinwerfer U-Serie<\/li>\n<li><span class=\"metafield-multi_line_text_field\">Fernlichttaster<\/span><\/li>\n<li><span class=\"metafield-multi_line_text_field\">MSH22 Fernlichttaster Halterung<\/span><\/li>\n<li><span class=\"metafield-multi_line_text_field\">POWER CONNECTOR CABLE &#8211; Bosch Gen.1-4<\/span><\/li>\n<\/ul>\n<p><em>Lampenhalterung und weitere Adapterkabel nicht im Lieferumfang enthalten!<\/em><\/p>\n<hr \/>\n<h3>Technologien<\/h3>\n<p><strong>SUPERNOVA FERNLICHT<\/strong><br \/>\nAls erster Hersteller hat Supernova mit dem M99 MINI PRO25 ein zugelassenes Fernlicht f\u00fcr Fahrr\u00e4der auf den Markt gebracht. Fernlicht geh\u00f6rt seit der neuen Gesetzeslage zu den wichtigsten Innovationen der Fahrradbeleuchtungsbranche. Fernlicht bietet neben der wortw\u00f6rtlichen Reichweite eine enorme Ausleuchtung und erh\u00f6ht den Sicherheitsfaktor um ein Vielfaches.<\/p>\n<p><strong>EINTAUCHEN DER FEDERGABEL<\/strong><br \/>\nDas Problem ist vor allem bei MTBs bekannt: Diese verf\u00fcgen oft \u00fcber lange Federwege, die besonders beim Bremsvorgang eintauchen, sodass sich die Leuchtweite teilweise bis zu 90% reduziert. Das spezielle Fernlicht von Supernova ist so optimiert, dass besonders viel Licht oberhalb der Hell-Dunkel-Grenze zur Verf\u00fcgung steht, sodass die Gabelbewegung ausgeglichen wird und die Sicht auf den Weg erh\u00e4lt. Das Fernlicht des M99 Reflektors hat einen 56% gr\u00f6\u00dferen \u00d6ffnungswinkel als andere vergleichbare Scheinwerfer. Auf der Anfahrt zum Trail in der Stadt kann im Abblendlichtmodus blendfrei gefahren werden. Sobald ben\u00f6tigt, kann das Fernlicht per Tastendruck zugeschaltet werden.<\/p>\n<p><strong>KURVENAUSLEUCHTUNG<\/strong><br \/>\nLegt sich der Radfahrende in die Kurve, kippt das am Blendhorizont scharf begrenzte Abblendlicht mit ihm zur Seite, sodass nur noch ein Teil des vor ihm liegenden Weges beleuchtet wird. Die stark erh\u00f6hte Leuchtkraft des Fernlichts strahlt weit \u00fcber den Blendhorizont hinaus und erzeugt ein Hineinleuchten in die Kurve. Dadurch resultiert eine vielfach verbesserte Ausleuchtung des Weges bei Kurvenfahrt und somit ein enormer Zugewinn an Sicherheit f\u00fcr den Radfahrenden.<\/p>","protected":false},"excerpt":{"rendered":"<p>Supernova\u00a0M99 Mini Pro 25 U-Serie &#8211; E-Bike-Scheinwerfer Der Supernova M99 Mini von\u00a0 verpackt das gleiche weitreichende und enorm breite Licht<\/p>","protected":false},"featured_media":63908,"comment_status":"open","ping_status":"closed","template":"","meta":{"_rtcl_gb_attr":""},"product_brand":[],"product_cat":[537,318],"product_tag":[],"class_list":{"0":"post-45882","1":"product","2":"type-product","3":"status-publish","4":"has-post-thumbnail","6":"product_cat-elektronik","7":"product_cat-outdoor","8":"pa_marke-supernova","10":"first","11":"instock","12":"sale","13":"taxable","14":"shipping-taxable","15":"purchasable","16":"product-type-simple"},"yoast_head":"<!-- This site is optimized with the Yoast SEO Premium plugin v20.12 (Yoast SEO v27.4) - https:\/\/yoast.com\/product\/yoast-seo-premium-wordpress\/ -->\n<title>Supernova M99 Mini Pro 25 U-Serie - E-Bike-Scheinwerfer<\/title>\n<meta name=\"description\" content=\"Entdecken Sie unseren Online-Fahrradladen: Gro\u00dfe Auswahl an Modellen f\u00fcr alle Radsportbegeisterten. Von Rennr\u00e4dern bis zu Mountainbikes - finden Sie heute Ihren perfekten Wegbegleiter!\" \/>\n<meta name=\"robots\" content=\"index, follow, max-snippet:-1, max-image-preview:large, max-video-preview:-1\" \/>\n<link rel=\"canonical\" href=\"https:\/\/cioelectro.com\/en\/produkt\/supernova-m99-mini-pro-25-u-serie-e-bike-scheinwerfer\/\" \/>\n<meta property=\"og:locale\" content=\"en_US\" \/>\n<meta property=\"og:type\" content=\"article\" \/>\n<meta property=\"og:title\" content=\"Supernova M99 Mini Pro 25 U-Serie - E-Bike-Scheinwerfer\" \/>\n<meta property=\"og:description\" content=\"Entdecken Sie unseren Online-Fahrradladen: Gro\u00dfe Auswahl an Modellen f\u00fcr alle Radsportbegeisterten. Von Rennr\u00e4dern bis zu Mountainbikes - finden Sie heute Ihren perfekten Wegbegleiter!\" \/>\n<meta property=\"og:url\" content=\"https:\/\/cioelectro.com\/en\/produkt\/supernova-m99-mini-pro-25-u-serie-e-bike-scheinwerfer\/\" \/>\n<meta property=\"og:site_name\" content=\"cioelectro.com\" \/>\n<meta property=\"article:modified_time\" content=\"2023-08-10T19:20:26+00:00\" \/>\n<meta property=\"og:image\" content=\"https:\/\/cioelectro.com\/wp-content\/uploads\/2023\/06\/Supernova-M99-Mini-Pro-U-Serie_800x800.jpg\" \/>\n\t<meta property=\"og:image:width\" content=\"800\" \/>\n\t<meta property=\"og:image:height\" content=\"754\" \/>\n\t<meta property=\"og:image:type\" content=\"image\/jpeg\" \/>\n<meta name=\"twitter:card\" content=\"summary_large_image\" \/>\n<meta name=\"twitter:label1\" content=\"Est. reading time\" \/>\n\t<meta name=\"twitter:data1\" content=\"3 minutes\" \/>\n<script type=\"application\/ld+json\" class=\"yoast-schema-graph\">{\"@context\":\"https:\\\/\\\/schema.org\",\"@graph\":[{\"@type\":\"WebPage\",\"@id\":\"https:\\\/\\\/cioelectro.com\\\/produkt\\\/supernova-m99-mini-pro-25-u-serie-e-bike-scheinwerfer\\\/\",\"url\":\"https:\\\/\\\/cioelectro.com\\\/produkt\\\/supernova-m99-mini-pro-25-u-serie-e-bike-scheinwerfer\\\/\",\"name\":\"Supernova M99 Mini Pro 25 U-Serie - E-Bike-Scheinwerfer\",\"isPartOf\":{\"@id\":\"https:\\\/\\\/cioelectro.com\\\/#website\"},\"primaryImageOfPage\":{\"@id\":\"https:\\\/\\\/cioelectro.com\\\/produkt\\\/supernova-m99-mini-pro-25-u-serie-e-bike-scheinwerfer\\\/#primaryimage\"},\"image\":{\"@id\":\"https:\\\/\\\/cioelectro.com\\\/produkt\\\/supernova-m99-mini-pro-25-u-serie-e-bike-scheinwerfer\\\/#primaryimage\"},\"thumbnailUrl\":\"https:\\\/\\\/cioelectro.com\\\/wp-content\\\/uploads\\\/2023\\\/06\\\/Supernova-M99-Mini-Pro-U-Serie_800x800.jpg\",\"datePublished\":\"2022-11-30T10:47:41+00:00\",\"dateModified\":\"2023-08-10T19:20:26+00:00\",\"description\":\"Entdecken Sie unseren Online-Fahrradladen: Gro\u00dfe Auswahl an Modellen f\u00fcr alle Radsportbegeisterten. Von Rennr\u00e4dern bis zu Mountainbikes - finden Sie heute Ihren perfekten Wegbegleiter!\",\"breadcrumb\":{\"@id\":\"https:\\\/\\\/cioelectro.com\\\/produkt\\\/supernova-m99-mini-pro-25-u-serie-e-bike-scheinwerfer\\\/#breadcrumb\"},\"inLanguage\":\"en-US\",\"potentialAction\":[{\"@type\":\"ReadAction\",\"target\":[\"https:\\\/\\\/cioelectro.com\\\/produkt\\\/supernova-m99-mini-pro-25-u-serie-e-bike-scheinwerfer\\\/\"]}]},{\"@type\":\"ImageObject\",\"inLanguage\":\"en-US\",\"@id\":\"https:\\\/\\\/cioelectro.com\\\/produkt\\\/supernova-m99-mini-pro-25-u-serie-e-bike-scheinwerfer\\\/#primaryimage\",\"url\":\"https:\\\/\\\/cioelectro.com\\\/wp-content\\\/uploads\\\/2023\\\/06\\\/Supernova-M99-Mini-Pro-U-Serie_800x800.jpg\",\"contentUrl\":\"https:\\\/\\\/cioelectro.com\\\/wp-content\\\/uploads\\\/2023\\\/06\\\/Supernova-M99-Mini-Pro-U-Serie_800x800.jpg\",\"width\":800,\"height\":754,\"caption\":\"Supernova M99 Mini Pro 25 U-Serie - E-Bike-Scheinwerfer\"},{\"@type\":\"BreadcrumbList\",\"@id\":\"https:\\\/\\\/cioelectro.com\\\/produkt\\\/supernova-m99-mini-pro-25-u-serie-e-bike-scheinwerfer\\\/#breadcrumb\",\"itemListElement\":[{\"@type\":\"ListItem\",\"position\":1,\"name\":\"Startseite\",\"item\":\"https:\\\/\\\/cioelectro.com\\\/\"},{\"@type\":\"ListItem\",\"position\":2,\"name\":\"LADEN\",\"item\":\"https:\\\/\\\/cioelectro.com\\\/laden\\\/\"},{\"@type\":\"ListItem\",\"position\":3,\"name\":\"Supernova M99 Mini Pro 25 U-Serie &#8211; E-Bike-Scheinwerfer\"}]},{\"@type\":\"WebSite\",\"@id\":\"https:\\\/\\\/cioelectro.com\\\/#website\",\"url\":\"https:\\\/\\\/cioelectro.com\\\/\",\"name\":\"cioelectro.com\",\"description\":\"Treten Sie mit uns ins Abenteuer!\",\"publisher\":{\"@id\":\"https:\\\/\\\/cioelectro.com\\\/#organization\"},\"alternateName\":\"MEIN RADLADEN\",\"potentialAction\":[{\"@type\":\"SearchAction\",\"target\":{\"@type\":\"EntryPoint\",\"urlTemplate\":\"https:\\\/\\\/cioelectro.com\\\/?s={search_term_string}\"},\"query-input\":{\"@type\":\"PropertyValueSpecification\",\"valueRequired\":true,\"valueName\":\"search_term_string\"}}],\"inLanguage\":\"en-US\"},{\"@type\":\"Organization\",\"@id\":\"https:\\\/\\\/cioelectro.com\\\/#organization\",\"name\":\"CIOELECTRO\",\"alternateName\":\"MEIN RADLADEN\",\"url\":\"https:\\\/\\\/cioelectro.com\\\/\",\"logo\":{\"@type\":\"ImageObject\",\"inLanguage\":\"en-US\",\"@id\":\"https:\\\/\\\/cioelectro.com\\\/#\\\/schema\\\/logo\\\/image\\\/\",\"url\":\"https:\\\/\\\/cioelectro.com\\\/wp-content\\\/uploads\\\/2025\\\/12\\\/Logo-2-1200x800.png\",\"contentUrl\":\"https:\\\/\\\/cioelectro.com\\\/wp-content\\\/uploads\\\/2025\\\/12\\\/Logo-2-1200x800.png\",\"width\":1200,\"height\":800,\"caption\":\"CIOELECTRO\"},\"image\":{\"@id\":\"https:\\\/\\\/cioelectro.com\\\/#\\\/schema\\\/logo\\\/image\\\/\"}}]}<\/script>\n<!-- \/ Yoast SEO Premium plugin. -->","yoast_head_json":{"title":"Supernova M99 Mini Pro 25 U-Serie - E-Bike-Scheinwerfer","description":"Entdecken Sie unseren Online-Fahrradladen: Gro\u00dfe Auswahl an Modellen f\u00fcr alle Radsportbegeisterten. Von Rennr\u00e4dern bis zu Mountainbikes - finden Sie heute Ihren perfekten Wegbegleiter!","robots":{"index":"index","follow":"follow","max-snippet":"max-snippet:-1","max-image-preview":"max-image-preview:large","max-video-preview":"max-video-preview:-1"},"canonical":"https:\/\/cioelectro.com\/en\/produkt\/supernova-m99-mini-pro-25-u-serie-e-bike-scheinwerfer\/","og_locale":"en_US","og_type":"article","og_title":"Supernova M99 Mini Pro 25 U-Serie - E-Bike-Scheinwerfer","og_description":"Entdecken Sie unseren Online-Fahrradladen: Gro\u00dfe Auswahl an Modellen f\u00fcr alle Radsportbegeisterten. Von Rennr\u00e4dern bis zu Mountainbikes - finden Sie heute Ihren perfekten Wegbegleiter!","og_url":"https:\/\/cioelectro.com\/en\/produkt\/supernova-m99-mini-pro-25-u-serie-e-bike-scheinwerfer\/","og_site_name":"cioelectro.com","article_modified_time":"2023-08-10T19:20:26+00:00","og_image":[{"width":800,"height":754,"url":"https:\/\/cioelectro.com\/wp-content\/uploads\/2023\/06\/Supernova-M99-Mini-Pro-U-Serie_800x800.jpg","type":"image\/jpeg"}],"twitter_card":"summary_large_image","twitter_misc":{"Est. reading time":"3 minutes"},"schema":{"@context":"https:\/\/schema.org","@graph":[{"@type":"WebPage","@id":"https:\/\/cioelectro.com\/produkt\/supernova-m99-mini-pro-25-u-serie-e-bike-scheinwerfer\/","url":"https:\/\/cioelectro.com\/produkt\/supernova-m99-mini-pro-25-u-serie-e-bike-scheinwerfer\/","name":"Supernova M99 Mini Pro 25 U-Serie - E-Bike-Scheinwerfer","isPartOf":{"@id":"https:\/\/cioelectro.com\/#website"},"primaryImageOfPage":{"@id":"https:\/\/cioelectro.com\/produkt\/supernova-m99-mini-pro-25-u-serie-e-bike-scheinwerfer\/#primaryimage"},"image":{"@id":"https:\/\/cioelectro.com\/produkt\/supernova-m99-mini-pro-25-u-serie-e-bike-scheinwerfer\/#primaryimage"},"thumbnailUrl":"https:\/\/cioelectro.com\/wp-content\/uploads\/2023\/06\/Supernova-M99-Mini-Pro-U-Serie_800x800.jpg","datePublished":"2022-11-30T10:47:41+00:00","dateModified":"2023-08-10T19:20:26+00:00","description":"Entdecken Sie unseren Online-Fahrradladen: Gro\u00dfe Auswahl an Modellen f\u00fcr alle Radsportbegeisterten. Von Rennr\u00e4dern bis zu Mountainbikes - finden Sie heute Ihren perfekten Wegbegleiter!","breadcrumb":{"@id":"https:\/\/cioelectro.com\/produkt\/supernova-m99-mini-pro-25-u-serie-e-bike-scheinwerfer\/#breadcrumb"},"inLanguage":"en-US","potentialAction":[{"@type":"ReadAction","target":["https:\/\/cioelectro.com\/produkt\/supernova-m99-mini-pro-25-u-serie-e-bike-scheinwerfer\/"]}]},{"@type":"ImageObject","inLanguage":"en-US","@id":"https:\/\/cioelectro.com\/produkt\/supernova-m99-mini-pro-25-u-serie-e-bike-scheinwerfer\/#primaryimage","url":"https:\/\/cioelectro.com\/wp-content\/uploads\/2023\/06\/Supernova-M99-Mini-Pro-U-Serie_800x800.jpg","contentUrl":"https:\/\/cioelectro.com\/wp-content\/uploads\/2023\/06\/Supernova-M99-Mini-Pro-U-Serie_800x800.jpg","width":800,"height":754,"caption":"Supernova M99 Mini Pro 25 U-Serie - E-Bike-Scheinwerfer"},{"@type":"BreadcrumbList","@id":"https:\/\/cioelectro.com\/produkt\/supernova-m99-mini-pro-25-u-serie-e-bike-scheinwerfer\/#breadcrumb","itemListElement":[{"@type":"ListItem","position":1,"name":"Startseite","item":"https:\/\/cioelectro.com\/"},{"@type":"ListItem","position":2,"name":"LADEN","item":"https:\/\/cioelectro.com\/laden\/"},{"@type":"ListItem","position":3,"name":"Supernova M99 Mini Pro 25 U-Serie &#8211; E-Bike-Scheinwerfer"}]},{"@type":"WebSite","@id":"https:\/\/cioelectro.com\/#website","url":"https:\/\/cioelectro.com\/","name":"cioelectro.com","description":"Treten Sie mit uns ins Abenteuer!","publisher":{"@id":"https:\/\/cioelectro.com\/#organization"},"alternateName":"MEIN RADLADEN","potentialAction":[{"@type":"SearchAction","target":{"@type":"EntryPoint","urlTemplate":"https:\/\/cioelectro.com\/?s={search_term_string}"},"query-input":{"@type":"PropertyValueSpecification","valueRequired":true,"valueName":"search_term_string"}}],"inLanguage":"en-US"},{"@type":"Organization","@id":"https:\/\/cioelectro.com\/#organization","name":"CIOELECTRO","alternateName":"MEIN RADLADEN","url":"https:\/\/cioelectro.com\/","logo":{"@type":"ImageObject","inLanguage":"en-US","@id":"https:\/\/cioelectro.com\/#\/schema\/logo\/image\/","url":"https:\/\/cioelectro.com\/wp-content\/uploads\/2025\/12\/Logo-2-1200x800.png","contentUrl":"https:\/\/cioelectro.com\/wp-content\/uploads\/2025\/12\/Logo-2-1200x800.png","width":1200,"height":800,"caption":"CIOELECTRO"},"image":{"@id":"https:\/\/cioelectro.com\/#\/schema\/logo\/image\/"}}]}},"_links":{"self":[{"href":"https:\/\/cioelectro.com\/en\/wp-json\/wp\/v2\/product\/45882","targetHints":{"allow":["GET"]}}],"collection":[{"href":"https:\/\/cioelectro.com\/en\/wp-json\/wp\/v2\/product"}],"about":[{"href":"https:\/\/cioelectro.com\/en\/wp-json\/wp\/v2\/types\/product"}],"replies":[{"embeddable":true,"href":"https:\/\/cioelectro.com\/en\/wp-json\/wp\/v2\/comments?post=45882"}],"version-history":[{"count":0,"href":"https:\/\/cioelectro.com\/en\/wp-json\/wp\/v2\/product\/45882\/revisions"}],"wp:featuredmedia":[{"embeddable":true,"href":"https:\/\/cioelectro.com\/en\/wp-json\/wp\/v2\/media\/63908"}],"wp:attachment":[{"href":"https:\/\/cioelectro.com\/en\/wp-json\/wp\/v2\/media?parent=45882"}],"wp:term":[{"taxonomy":"product_brand","embeddable":true,"href":"https:\/\/cioelectro.com\/en\/wp-json\/wp\/v2\/product_brand?post=45882"},{"taxonomy":"product_cat","embeddable":true,"href":"https:\/\/cioelectro.com\/en\/wp-json\/wp\/v2\/product_cat?post=45882"},{"taxonomy":"product_tag","embeddable":true,"href":"https:\/\/cioelectro.com\/en\/wp-json\/wp\/v2\/product_tag?post=45882"}],"curies":[{"name":"wp","href":"https:\/\/api.w.org\/{rel}","templated":true}]}}