{"id":45965,"date":"2022-11-30T13:20:56","date_gmt":"2022-11-30T12:20:56","guid":{"rendered":"https:\/\/meinradladen.com\/?post_type=product&#038;p=45965"},"modified":"2023-08-10T21:19:36","modified_gmt":"2023-08-10T19:19:36","slug":"garmin-gpsmap-66sr","status":"publish","type":"product","link":"https:\/\/cioelectro.com\/en\/produkt\/garmin-gpsmap-66sr\/","title":{"rendered":"Garmin GPSMAP 66sr"},"content":{"rendered":"<h2 class=\"product--title\"><strong>Garmin<\/strong>\u00a0GPSMAP 66sr<\/h2>\n<p>Das Garmin GPSMAP 66sr ist das GPS-Ger\u00e4t <a href=\"http:\/\/1-1\">f\u00fcr<\/a> deine Outdoorabenteuer mit einer Akkulaufzeit von bis zu 450 Stunden. Damit du sofort loslegen kannst, sind topografische Karten von Europa bereits vorinstalliert. Multi-Frequenz-Technologie und 5 Satellitensysteme sorgen f\u00fcr optimale Trackinggenauigkeit.<\/p>\n<h2>GPS Outdoor-Navigationsger\u00e4t mit TopoActive Karten: das GPSMAP\u00ae 66sr von Garmin<\/h2>\n<p>Das nach US-Milit\u00e4rstandard gepr\u00fcfte Outdoor-Handger\u00e4t l\u00e4sst sich dank 3,0 Zoll Farbdisplay sehr gut ablesen, verf\u00fcgt \u00fcber ABC-Sensoren und l\u00e4sst dich dank Wetterdaten und Wettervorhersagen nicht im Regen stehen. Ob beim Wandern, Mountainbiken, Bergsteigen, Geocaching, Kajakfahren oder bei der Arbeit im Freien \u2013 mit diesem widerstandsf\u00e4higen Handger\u00e4t kannst du einfach mehr entdecken.<\/p>\n<hr \/>\n<h3><strong>Lieferumfang &#8211; GPSMAP\u00ae 66sr<br \/>\n<\/strong><\/h3>\n<ul>\n<li>GPSMAP 66sr<\/li>\n<li>USB-Kabel<\/li>\n<li>Karabinerclip<\/li>\n<li>Dokumentation<\/li>\n<\/ul>\n<h3><strong style=\"font-size: 16px;\">\u00dcBERRAGENDE AKKULAUFZEIT<\/strong><\/h3>\n<p>Ein integrierter Lithium-Ionen-Akku liefert eine Laufzeit von bis zu 36 Stunden im GPS-Modus und bis zu 3 Wochen im Expeditionsmodus.<\/p>\n<hr \/>\n<h3>GPSMAP 66sr Multi-GNSS Outdoor-Handger\u00e4t<\/h3>\n<p><iframe src=\"https:\/\/www.youtube-nocookie.com\/embed\/pu8S5zhk_BI\" width=\"640\" height=\"360\" frameborder=\"0\" allowfullscreen=\"allowfullscreen\" data-mce-fragment=\"1\"><\/iframe><\/p>\n<hr \/>\n<h3>Produkteigenschaften<\/h3>\n<div class=\"app__render-content\">\n<div>\n<table>\n<tbody>\n<tr class=\"title\">\n<td colspan=\"2\">\n<h3>Allgemein<\/h3>\n<\/td>\n<\/tr>\n<tr>\n<th scope=\"row\">Abmessungen<\/th>\n<td>6,2\u00a0x 16,3\u00a0x 3,5\u00a0cm<\/td>\n<\/tr>\n<tr>\n<th scope=\"row\">Anzeigegr\u00f6\u00dfe, B x H<\/th>\n<td>3,8\u00a0x 6,3 cm; 7,6 cm (3\u00a0Zoll) Diagonale<\/td>\n<\/tr>\n<tr>\n<th scope=\"row\">Anzeigeaufl\u00f6sung, B x H<\/th>\n<td>240 x 400 pixels<\/td>\n<\/tr>\n<tr>\n<th scope=\"row\">Anzeigetyp<\/th>\n<td>Transflektives TFT-Farbdisplay<\/td>\n<\/tr>\n<tr>\n<th scope=\"row\">Gewicht<\/th>\n<td>230\u00a0g mit Batterien<\/td>\n<\/tr>\n<tr>\n<th scope=\"row\">Batterie<\/th>\n<td>Integrierter Lithium-Ionen-Akku<\/td>\n<\/tr>\n<tr>\n<th scope=\"row\">Batterielaufzeit<\/th>\n<td>Bis zu 36\u00a0Stunden, bis zu 450\u00a0Stunden im Expeditionsmodus<\/td>\n<\/tr>\n<tr>\n<th scope=\"row\">Wasserdichtigkeit<\/th>\n<td>IPX7<\/td>\n<\/tr>\n<tr>\n<th scope=\"row\">MIL-STD-810<\/th>\n<td>Ja (thermische Leistung, Sto\u00dffestigkeit, Wasserbest\u00e4ndigkeit)<\/td>\n<\/tr>\n<tr>\n<th scope=\"row\">Hochempfindlicher GPS Empf\u00e4nger<\/th>\n<td>\u2714<\/td>\n<\/tr>\n<tr>\n<th scope=\"row\">Schnittstelle<\/th>\n<td>Mit Highspeed-Micro-USB und NMEA\u00a00183 kompatibel<\/td>\n<\/tr>\n<tr>\n<th scope=\"row\">Speicher\/Protokoll<\/th>\n<td>16\u00a0GB (der f\u00fcr den Benutzer verf\u00fcgbare Speicherplatz ist von den integrierten Karten abh\u00e4ngig)<\/td>\n<\/tr>\n<\/tbody>\n<\/table>\n<table>\n<tbody>\n<tr class=\"title\">\n<td colspan=\"2\">\n<h3>Karten und Speicher<\/h3>\n<\/td>\n<\/tr>\n<tr>\n<th scope=\"row\">Vorinstallierte Karten<\/th>\n<td>Ja (TopoActive Europe; routingf\u00e4hig)<\/td>\n<\/tr>\n<tr>\n<th scope=\"row\">M\u00f6glichkeit, Karten hinzuzuf\u00fcgen<\/th>\n<td>\u2714<\/td>\n<\/tr>\n<tr>\n<th scope=\"row\">Basiskarte<\/th>\n<td>\u2714<\/td>\n<\/tr>\n<tr>\n<th scope=\"row\">Automatische Routenf\u00fchrung (Abbiegehinweise auf Stra\u00dfen)<\/th>\n<td>\u2714<\/td>\n<\/tr>\n<tr>\n<th scope=\"row\">Kartensegmente<\/th>\n<td>15<\/td>\n<\/tr>\n<tr>\n<th scope=\"row\">BirdsEye<\/th>\n<td>Ja (direkt auf das Ger\u00e4t)<\/td>\n<\/tr>\n<tr>\n<th scope=\"row\">Umfasst detaillierte hydrografische Merkmale (K\u00fcstenlinien, Uferlinien von Seen\/Fl\u00fcssen, Feuchtgebiete und st\u00e4ndige sowie saisonale Wasserl\u00e4ufe)<\/th>\n<td>\u2714<\/td>\n<\/tr>\n<tr>\n<th scope=\"row\">Umfasst durchsuchbare Points of Interest (Parks, Campingpl\u00e4tze, Aussichtspunkte und Picknickpl\u00e4tze)<\/th>\n<td>\u2714<\/td>\n<\/tr>\n<tr>\n<th scope=\"row\">Nationale, bundesstaatliche und lokale Parks, W\u00e4lder und Naturgebiete<\/th>\n<td>\u2714<\/td>\n<\/tr>\n<tr>\n<th scope=\"row\">Speicher- und Leistungskapazit\u00e4t<\/th>\n<td>Ja (microSD\u2122-Karte mit maximal 32\u00a0GB)<\/td>\n<\/tr>\n<tr>\n<th scope=\"row\">Wegpunkte<\/th>\n<td>10<\/td>\n<\/tr>\n<tr>\n<th scope=\"row\">Tracks<\/th>\n<td>250<\/td>\n<\/tr>\n<tr>\n<th scope=\"row\">Trackaufzeichnung<\/th>\n<td>20.000\u00a0Punkte, 250\u00a0gespeicherte GPX-Tracks, 300\u00a0gespeicherte FIT-Aktivit\u00e4ten<\/td>\n<\/tr>\n<tr>\n<th scope=\"row\">Routen<\/th>\n<td>200, 250\u00a0Punkte pro Route; 50\u00a0Punkte bei automatischer Routenberechnung<\/td>\n<\/tr>\n<tr>\n<th scope=\"row\">Rinex-Aufzeichnung<\/th>\n<td>\u2714<\/td>\n<\/tr>\n<\/tbody>\n<\/table>\n<table>\n<tbody>\n<tr class=\"title\">\n<td colspan=\"2\">\n<h3>Sensoren<\/h3>\n<\/td>\n<\/tr>\n<tr>\n<th scope=\"row\">GPS<\/th>\n<td>\u2714<\/td>\n<\/tr>\n<tr>\n<th scope=\"row\">GLONASS<\/th>\n<td>\u2714<\/td>\n<\/tr>\n<tr>\n<th scope=\"row\">Galileo<\/th>\n<td>\u2714<\/td>\n<\/tr>\n<tr>\n<th scope=\"row\">Barometrischer H\u00f6henmesser<\/th>\n<td>\u2714<\/td>\n<\/tr>\n<tr>\n<th scope=\"row\">Kompass<\/th>\n<td>Ja (3\u00a0Achsen, Neigungskorrektur)<\/td>\n<\/tr>\n<tr>\n<th scope=\"row\">GPS-Kompass (wenn in Bewegung)<\/th>\n<td>\u2714<\/td>\n<\/tr>\n<\/tbody>\n<\/table>\n<table>\n<tbody>\n<tr class=\"title\">\n<td colspan=\"2\">\n<h3>T\u00e4gliche Smart-Funktionen<\/h3>\n<\/td>\n<\/tr>\n<tr>\n<th scope=\"row\">Connect\u00a0IQ<sup>\u2122<\/sup>\u00a0(herunterladbare Displaydesigns, Datenfelder, Widgets und Apps)<\/th>\n<td>\u2714<\/td>\n<\/tr>\n<tr>\n<th scope=\"row\">VIRB\u00ae-Fernbedienung<\/th>\n<td>\u2714<\/td>\n<\/tr>\n<tr>\n<th scope=\"row\">Kompatibel mit Garmin Connect<sup>\u2122<\/sup>\u00a0Mobile<\/th>\n<td>\u2714<\/td>\n<\/tr>\n<tr>\n<th scope=\"row\">Aktive Wetterdaten<\/th>\n<td>\u2714<\/td>\n<\/tr>\n<tr>\n<th scope=\"row\">Smart Notifications auf dem Handger\u00e4t<\/th>\n<td>\u2714<\/td>\n<\/tr>\n<\/tbody>\n<\/table>\n<table>\n<tbody>\n<tr class=\"title\">\n<td colspan=\"2\">\n<h3>Sicherheits- und Trackingfunktionen<\/h3>\n<\/td>\n<\/tr>\n<tr>\n<th scope=\"row\">LiveTrack<\/th>\n<td>\u2714<\/td>\n<\/tr>\n<\/tbody>\n<\/table>\n<table>\n<tbody>\n<tr class=\"title\">\n<td colspan=\"2\">\n<h3>Outdoor-Freizeitfunktionen<\/h3>\n<\/td>\n<\/tr>\n<tr>\n<th scope=\"row\">Punkt-zu-Punkt-Navigation<\/th>\n<td>\u2714<\/td>\n<\/tr>\n<tr>\n<th scope=\"row\">Kompatibel mit BaseCamp\u2122<\/th>\n<td>\u2714<\/td>\n<\/tr>\n<tr>\n<th scope=\"row\">Fl\u00e4chenberechnung<\/th>\n<td>\u2714<\/td>\n<\/tr>\n<tr>\n<th scope=\"row\">Jagd- und Angelkalender<\/th>\n<td>\u2714<\/td>\n<\/tr>\n<tr>\n<th scope=\"row\">Sonnen- und Mondkalender<\/th>\n<td>\u2714<\/td>\n<\/tr>\n<tr>\n<th scope=\"row\">XERO<sup>\u2122<\/sup>-Standorte<\/th>\n<td>\u2714<\/td>\n<\/tr>\n<tr>\n<th scope=\"row\">Geocaching-Modus<\/th>\n<td>Ja (Geocaching Live)<\/td>\n<\/tr>\n<tr>\n<th scope=\"row\">Kompatibel mit Custom Maps<\/th>\n<td>Ja (500 benutzerdefinierte Kartenkacheln)<\/td>\n<\/tr>\n<tr>\n<th scope=\"row\">Bildbetrachter<\/th>\n<td>\u2714<\/td>\n<\/tr>\n<tr>\n<th scope=\"row\">inReach-Fernbedienungswidget<\/th>\n<td>\u2714<\/td>\n<\/tr>\n<tr>\n<th scope=\"row\">LED-Ortungslicht<\/th>\n<td>\u2714<\/td>\n<\/tr>\n<\/tbody>\n<\/table>\n<table>\n<tbody>\n<tr class=\"title\">\n<td colspan=\"2\">\n<h3>Au\u00dfenanwendungen<\/h3>\n<\/td>\n<\/tr>\n<tr>\n<th scope=\"row\">Kompatibel mit der Garmin Explore \u2122 App<\/th>\n<td>\u2714<\/td>\n<\/tr>\n<tr>\n<th scope=\"row\">Kompatibel mit der Garmin Explore-Website<\/th>\n<td>\u2714<\/td>\n<\/tr>\n<\/tbody>\n<\/table>\n<\/div>\n<\/div>\n<h2 class=\"product--rating-container\"><\/h2>","protected":false},"excerpt":{"rendered":"<p>Garmin\u00a0GPSMAP 66sr Das Garmin GPSMAP 66sr ist das GPS-Ger\u00e4t f\u00fcr deine Outdoorabenteuer mit einer Akkulaufzeit von bis zu 450 Stunden.<\/p>","protected":false},"featured_media":63932,"comment_status":"open","ping_status":"closed","template":"","meta":{"_rtcl_gb_attr":""},"product_brand":[],"product_cat":[537,318],"product_tag":[],"class_list":{"0":"post-45965","1":"product","2":"type-product","3":"status-publish","4":"has-post-thumbnail","6":"product_cat-elektronik","7":"product_cat-outdoor","8":"pa_marke-garmin","10":"first","11":"instock","12":"sale","13":"taxable","14":"shipping-taxable","15":"purchasable","16":"product-type-simple"},"yoast_head":"<!-- This site is optimized with the Yoast SEO Premium plugin v20.12 (Yoast SEO v27.4) - https:\/\/yoast.com\/product\/yoast-seo-premium-wordpress\/ -->\n<title>Garmin GPSMAP 66sr<\/title>\n<meta name=\"description\" content=\"Entdecken Sie unseren Online-Fahrradladen: Gro\u00dfe Auswahl an Modellen f\u00fcr alle Radsportbegeisterten. Von Rennr\u00e4dern bis zu Mountainbikes - finden Sie heute Ihren perfekten Wegbegleiter!\" \/>\n<meta name=\"robots\" content=\"index, follow, max-snippet:-1, max-image-preview:large, max-video-preview:-1\" \/>\n<link rel=\"canonical\" href=\"https:\/\/cioelectro.com\/en\/produkt\/garmin-gpsmap-66sr\/\" \/>\n<meta property=\"og:locale\" content=\"en_US\" \/>\n<meta property=\"og:type\" content=\"article\" \/>\n<meta property=\"og:title\" content=\"Garmin GPSMAP 66sr\" \/>\n<meta property=\"og:description\" content=\"Entdecken Sie unseren Online-Fahrradladen: Gro\u00dfe Auswahl an Modellen f\u00fcr alle Radsportbegeisterten. Von Rennr\u00e4dern bis zu Mountainbikes - finden Sie heute Ihren perfekten Wegbegleiter!\" \/>\n<meta property=\"og:url\" content=\"https:\/\/cioelectro.com\/en\/produkt\/garmin-gpsmap-66sr\/\" \/>\n<meta property=\"og:site_name\" content=\"cioelectro.com\" \/>\n<meta property=\"article:modified_time\" content=\"2023-08-10T19:19:36+00:00\" \/>\n<meta property=\"og:image\" content=\"https:\/\/cioelectro.com\/wp-content\/uploads\/2023\/06\/Garmin-GPSMAP_66sr-010-02431-01_01_800x800-00.jpg\" \/>\n\t<meta property=\"og:image:width\" content=\"606\" \/>\n\t<meta property=\"og:image:height\" content=\"800\" \/>\n\t<meta property=\"og:image:type\" content=\"image\/jpeg\" \/>\n<meta name=\"twitter:card\" content=\"summary_large_image\" \/>\n<meta name=\"twitter:label1\" content=\"Est. reading time\" \/>\n\t<meta name=\"twitter:data1\" content=\"3 minutes\" \/>\n<script type=\"application\/ld+json\" class=\"yoast-schema-graph\">{\"@context\":\"https:\\\/\\\/schema.org\",\"@graph\":[{\"@type\":\"WebPage\",\"@id\":\"https:\\\/\\\/cioelectro.com\\\/produkt\\\/garmin-gpsmap-66sr\\\/\",\"url\":\"https:\\\/\\\/cioelectro.com\\\/produkt\\\/garmin-gpsmap-66sr\\\/\",\"name\":\"Garmin GPSMAP 66sr\",\"isPartOf\":{\"@id\":\"https:\\\/\\\/cioelectro.com\\\/#website\"},\"primaryImageOfPage\":{\"@id\":\"https:\\\/\\\/cioelectro.com\\\/produkt\\\/garmin-gpsmap-66sr\\\/#primaryimage\"},\"image\":{\"@id\":\"https:\\\/\\\/cioelectro.com\\\/produkt\\\/garmin-gpsmap-66sr\\\/#primaryimage\"},\"thumbnailUrl\":\"https:\\\/\\\/cioelectro.com\\\/wp-content\\\/uploads\\\/2023\\\/06\\\/Garmin-GPSMAP_66sr-010-02431-01_01_800x800-00.jpg\",\"datePublished\":\"2022-11-30T12:20:56+00:00\",\"dateModified\":\"2023-08-10T19:19:36+00:00\",\"description\":\"Entdecken Sie unseren Online-Fahrradladen: Gro\u00dfe Auswahl an Modellen f\u00fcr alle Radsportbegeisterten. Von Rennr\u00e4dern bis zu Mountainbikes - finden Sie heute Ihren perfekten Wegbegleiter!\",\"breadcrumb\":{\"@id\":\"https:\\\/\\\/cioelectro.com\\\/produkt\\\/garmin-gpsmap-66sr\\\/#breadcrumb\"},\"inLanguage\":\"en-US\",\"potentialAction\":[{\"@type\":\"ReadAction\",\"target\":[\"https:\\\/\\\/cioelectro.com\\\/produkt\\\/garmin-gpsmap-66sr\\\/\"]}]},{\"@type\":\"ImageObject\",\"inLanguage\":\"en-US\",\"@id\":\"https:\\\/\\\/cioelectro.com\\\/produkt\\\/garmin-gpsmap-66sr\\\/#primaryimage\",\"url\":\"https:\\\/\\\/cioelectro.com\\\/wp-content\\\/uploads\\\/2023\\\/06\\\/Garmin-GPSMAP_66sr-010-02431-01_01_800x800-00.jpg\",\"contentUrl\":\"https:\\\/\\\/cioelectro.com\\\/wp-content\\\/uploads\\\/2023\\\/06\\\/Garmin-GPSMAP_66sr-010-02431-01_01_800x800-00.jpg\",\"width\":606,\"height\":800,\"caption\":\"Garmin GPSMAP 66sr\"},{\"@type\":\"BreadcrumbList\",\"@id\":\"https:\\\/\\\/cioelectro.com\\\/produkt\\\/garmin-gpsmap-66sr\\\/#breadcrumb\",\"itemListElement\":[{\"@type\":\"ListItem\",\"position\":1,\"name\":\"Startseite\",\"item\":\"https:\\\/\\\/cioelectro.com\\\/\"},{\"@type\":\"ListItem\",\"position\":2,\"name\":\"LADEN\",\"item\":\"https:\\\/\\\/cioelectro.com\\\/laden\\\/\"},{\"@type\":\"ListItem\",\"position\":3,\"name\":\"Garmin GPSMAP 66sr\"}]},{\"@type\":\"WebSite\",\"@id\":\"https:\\\/\\\/cioelectro.com\\\/#website\",\"url\":\"https:\\\/\\\/cioelectro.com\\\/\",\"name\":\"cioelectro.com\",\"description\":\"Treten Sie mit uns ins Abenteuer!\",\"publisher\":{\"@id\":\"https:\\\/\\\/cioelectro.com\\\/#organization\"},\"alternateName\":\"MEIN RADLADEN\",\"potentialAction\":[{\"@type\":\"SearchAction\",\"target\":{\"@type\":\"EntryPoint\",\"urlTemplate\":\"https:\\\/\\\/cioelectro.com\\\/?s={search_term_string}\"},\"query-input\":{\"@type\":\"PropertyValueSpecification\",\"valueRequired\":true,\"valueName\":\"search_term_string\"}}],\"inLanguage\":\"en-US\"},{\"@type\":\"Organization\",\"@id\":\"https:\\\/\\\/cioelectro.com\\\/#organization\",\"name\":\"CIOELECTRO\",\"alternateName\":\"MEIN RADLADEN\",\"url\":\"https:\\\/\\\/cioelectro.com\\\/\",\"logo\":{\"@type\":\"ImageObject\",\"inLanguage\":\"en-US\",\"@id\":\"https:\\\/\\\/cioelectro.com\\\/#\\\/schema\\\/logo\\\/image\\\/\",\"url\":\"https:\\\/\\\/cioelectro.com\\\/wp-content\\\/uploads\\\/2025\\\/12\\\/Logo-2-1200x800.png\",\"contentUrl\":\"https:\\\/\\\/cioelectro.com\\\/wp-content\\\/uploads\\\/2025\\\/12\\\/Logo-2-1200x800.png\",\"width\":1200,\"height\":800,\"caption\":\"CIOELECTRO\"},\"image\":{\"@id\":\"https:\\\/\\\/cioelectro.com\\\/#\\\/schema\\\/logo\\\/image\\\/\"}}]}<\/script>\n<!-- \/ Yoast SEO Premium plugin. -->","yoast_head_json":{"title":"Garmin GPSMAP 66sr","description":"Entdecken Sie unseren Online-Fahrradladen: Gro\u00dfe Auswahl an Modellen f\u00fcr alle Radsportbegeisterten. Von Rennr\u00e4dern bis zu Mountainbikes - finden Sie heute Ihren perfekten Wegbegleiter!","robots":{"index":"index","follow":"follow","max-snippet":"max-snippet:-1","max-image-preview":"max-image-preview:large","max-video-preview":"max-video-preview:-1"},"canonical":"https:\/\/cioelectro.com\/en\/produkt\/garmin-gpsmap-66sr\/","og_locale":"en_US","og_type":"article","og_title":"Garmin GPSMAP 66sr","og_description":"Entdecken Sie unseren Online-Fahrradladen: Gro\u00dfe Auswahl an Modellen f\u00fcr alle Radsportbegeisterten. Von Rennr\u00e4dern bis zu Mountainbikes - finden Sie heute Ihren perfekten Wegbegleiter!","og_url":"https:\/\/cioelectro.com\/en\/produkt\/garmin-gpsmap-66sr\/","og_site_name":"cioelectro.com","article_modified_time":"2023-08-10T19:19:36+00:00","og_image":[{"width":606,"height":800,"url":"https:\/\/cioelectro.com\/wp-content\/uploads\/2023\/06\/Garmin-GPSMAP_66sr-010-02431-01_01_800x800-00.jpg","type":"image\/jpeg"}],"twitter_card":"summary_large_image","twitter_misc":{"Est. reading time":"3 minutes"},"schema":{"@context":"https:\/\/schema.org","@graph":[{"@type":"WebPage","@id":"https:\/\/cioelectro.com\/produkt\/garmin-gpsmap-66sr\/","url":"https:\/\/cioelectro.com\/produkt\/garmin-gpsmap-66sr\/","name":"Garmin GPSMAP 66sr","isPartOf":{"@id":"https:\/\/cioelectro.com\/#website"},"primaryImageOfPage":{"@id":"https:\/\/cioelectro.com\/produkt\/garmin-gpsmap-66sr\/#primaryimage"},"image":{"@id":"https:\/\/cioelectro.com\/produkt\/garmin-gpsmap-66sr\/#primaryimage"},"thumbnailUrl":"https:\/\/cioelectro.com\/wp-content\/uploads\/2023\/06\/Garmin-GPSMAP_66sr-010-02431-01_01_800x800-00.jpg","datePublished":"2022-11-30T12:20:56+00:00","dateModified":"2023-08-10T19:19:36+00:00","description":"Entdecken Sie unseren Online-Fahrradladen: Gro\u00dfe Auswahl an Modellen f\u00fcr alle Radsportbegeisterten. Von Rennr\u00e4dern bis zu Mountainbikes - finden Sie heute Ihren perfekten Wegbegleiter!","breadcrumb":{"@id":"https:\/\/cioelectro.com\/produkt\/garmin-gpsmap-66sr\/#breadcrumb"},"inLanguage":"en-US","potentialAction":[{"@type":"ReadAction","target":["https:\/\/cioelectro.com\/produkt\/garmin-gpsmap-66sr\/"]}]},{"@type":"ImageObject","inLanguage":"en-US","@id":"https:\/\/cioelectro.com\/produkt\/garmin-gpsmap-66sr\/#primaryimage","url":"https:\/\/cioelectro.com\/wp-content\/uploads\/2023\/06\/Garmin-GPSMAP_66sr-010-02431-01_01_800x800-00.jpg","contentUrl":"https:\/\/cioelectro.com\/wp-content\/uploads\/2023\/06\/Garmin-GPSMAP_66sr-010-02431-01_01_800x800-00.jpg","width":606,"height":800,"caption":"Garmin GPSMAP 66sr"},{"@type":"BreadcrumbList","@id":"https:\/\/cioelectro.com\/produkt\/garmin-gpsmap-66sr\/#breadcrumb","itemListElement":[{"@type":"ListItem","position":1,"name":"Startseite","item":"https:\/\/cioelectro.com\/"},{"@type":"ListItem","position":2,"name":"LADEN","item":"https:\/\/cioelectro.com\/laden\/"},{"@type":"ListItem","position":3,"name":"Garmin GPSMAP 66sr"}]},{"@type":"WebSite","@id":"https:\/\/cioelectro.com\/#website","url":"https:\/\/cioelectro.com\/","name":"cioelectro.com","description":"Treten Sie mit uns ins Abenteuer!","publisher":{"@id":"https:\/\/cioelectro.com\/#organization"},"alternateName":"MEIN RADLADEN","potentialAction":[{"@type":"SearchAction","target":{"@type":"EntryPoint","urlTemplate":"https:\/\/cioelectro.com\/?s={search_term_string}"},"query-input":{"@type":"PropertyValueSpecification","valueRequired":true,"valueName":"search_term_string"}}],"inLanguage":"en-US"},{"@type":"Organization","@id":"https:\/\/cioelectro.com\/#organization","name":"CIOELECTRO","alternateName":"MEIN RADLADEN","url":"https:\/\/cioelectro.com\/","logo":{"@type":"ImageObject","inLanguage":"en-US","@id":"https:\/\/cioelectro.com\/#\/schema\/logo\/image\/","url":"https:\/\/cioelectro.com\/wp-content\/uploads\/2025\/12\/Logo-2-1200x800.png","contentUrl":"https:\/\/cioelectro.com\/wp-content\/uploads\/2025\/12\/Logo-2-1200x800.png","width":1200,"height":800,"caption":"CIOELECTRO"},"image":{"@id":"https:\/\/cioelectro.com\/#\/schema\/logo\/image\/"}}]}},"_links":{"self":[{"href":"https:\/\/cioelectro.com\/en\/wp-json\/wp\/v2\/product\/45965","targetHints":{"allow":["GET"]}}],"collection":[{"href":"https:\/\/cioelectro.com\/en\/wp-json\/wp\/v2\/product"}],"about":[{"href":"https:\/\/cioelectro.com\/en\/wp-json\/wp\/v2\/types\/product"}],"replies":[{"embeddable":true,"href":"https:\/\/cioelectro.com\/en\/wp-json\/wp\/v2\/comments?post=45965"}],"version-history":[{"count":0,"href":"https:\/\/cioelectro.com\/en\/wp-json\/wp\/v2\/product\/45965\/revisions"}],"wp:featuredmedia":[{"embeddable":true,"href":"https:\/\/cioelectro.com\/en\/wp-json\/wp\/v2\/media\/63932"}],"wp:attachment":[{"href":"https:\/\/cioelectro.com\/en\/wp-json\/wp\/v2\/media?parent=45965"}],"wp:term":[{"taxonomy":"product_brand","embeddable":true,"href":"https:\/\/cioelectro.com\/en\/wp-json\/wp\/v2\/product_brand?post=45965"},{"taxonomy":"product_cat","embeddable":true,"href":"https:\/\/cioelectro.com\/en\/wp-json\/wp\/v2\/product_cat?post=45965"},{"taxonomy":"product_tag","embeddable":true,"href":"https:\/\/cioelectro.com\/en\/wp-json\/wp\/v2\/product_tag?post=45965"}],"curies":[{"name":"wp","href":"https:\/\/api.w.org\/{rel}","templated":true}]}}