{"id":46745,"date":"2022-11-30T14:51:47","date_gmt":"2022-11-30T13:51:47","guid":{"rendered":"https:\/\/meinradladen.com\/?post_type=product&#038;p=46745"},"modified":"2023-08-10T21:18:37","modified_gmt":"2023-08-10T19:18:37","slug":"garmin-montana-750i-outdoor-navigationsgeraet","status":"publish","type":"product","link":"https:\/\/cioelectro.com\/en\/produkt\/garmin-montana-750i-outdoor-navigationsgeraet\/","title":{"rendered":"Garmin Montana\u00ae 750i Outdoor-Navigationsger\u00e4t"},"content":{"rendered":"<h2 class=\"product--title\"><strong>Garmin<\/strong>\u00a0Montana\u00ae 750i Outdoor-Navigationsger\u00e4t<\/h2>\n<p>Der Garmin Montana\u00ae 750i vereint <a href=\"http:\/\/1-1\">perfekte<\/a>\u00a0 und das Plus an Sicherheit in einem Outdoor-Navi. Mit globalem Nachrichtenversand und interaktiven SOS-Notrufen \u00fcber die inReach-Satellitentechnologie. Mit integrierter 8-MP-Kamera<\/p>\n<hr \/>\n<h3>Die Highlights des Garmin Montana\u00ae 750i<\/h3>\n<ul>\n<li>Tolle Neuigkeiten. Tippe Nachrichten auf einer vollst\u00e4ndigen QWERTZ-Tastatur<\/li>\n<li>Versende und empfange weltweit Nachrichten dank inReach und setze rund um die Uhr Notrufe ab<\/li>\n<li>Navi und Kamera, ein tolles Team. Bilder deiner Touren werden mit Geotags versehen, so siehst du die Positionen auf der Karte<\/li>\n<li>Routingf\u00e4hige TopoActive Europa-Karten. Jetzt kannst du im Gel\u00e4nde und auf der Stra\u00dfe alles entdecken<\/li>\n<li>H\u00e4lt alles aus. Robust nach US-Milit\u00e4rstandard MIL-STD 810, u.a. Sto\u00dffestigkeit, Hitze und Wasserdichtigkeit<\/li>\n<li>Erhalte eine klare Perspektive von BirdsEye-Satellitenbildern direkt auf dem Ger\u00e4t<\/li>\n<li>Der Lithium-Ionen-Akku h\u00e4lt mit einer Laufzeit von mehr als 18 Stunden im GPS-Modus lange durch<\/li>\n<\/ul>\n<hr \/>\n<h3>Features<\/h3>\n<p><strong>Zwei-Wege-Nachrichtenversand<\/strong><br \/>\nTausche weltweit SMS-Nachrichten mit Freunden und Familie aus, ver\u00f6ffentliche Beitr\u00e4ge auf sozialen Medien oder kommuniziere mit dem inReach-Ger\u00e4t mit anderen inReach-Ger\u00e4ten. (aktives Satellitenabonnement erforderlich).<\/p>\n<hr \/>\n<h3>Farbe<\/h3>\n<ul>\n<li>schwarz<\/li>\n<\/ul>\n<h3>Gewicht<\/h3>\n<ul>\n<li>410g (Herstellerangabe)<\/li>\n<\/ul>\n<hr \/>\n<h3>Lieferumfang<\/h3>\n<ul>\n<li>Montana\u00ae 750i<\/li>\n<li>Lithium-Ionen-Akkupack<\/li>\n<li>USB Lade-\/Sync-Kabel<\/li>\n<li>Dokumentation<\/li>\n<\/ul>\n<hr \/>\n<h3>inReach: Entdecke globale Kommunikations- und Navigationsfunktionen von Garmin<\/h3>\n<p><iframe src=\"https:\/\/www.youtube-nocookie.com\/embed\/D45dyuErguQ\" width=\"640\" height=\"360\" frameborder=\"0\" allowfullscreen=\"allowfullscreen\" data-mce-fragment=\"1\"><\/iframe><\/p>\n<hr \/>\n<h3>Produkteigenschaften<\/h3>\n<div>\n<table>\n<tbody>\n<tr>\n<td colspan=\"2\">\n<h3>Allgemein<\/h3>\n<\/td>\n<\/tr>\n<tr>\n<td>Abmessungen<\/td>\n<td>9.19 x 18,3 x 3,27 cm<\/td>\n<\/tr>\n<tr>\n<td>Touchscreen<\/td>\n<td>\u2714<\/td>\n<\/tr>\n<tr>\n<td>Anzeigegr\u00f6\u00dfe, B x H<\/td>\n<td>6,48 x 10,8 cm; 12,7 cm (5 Zoll) Diagonale<\/td>\n<\/tr>\n<tr>\n<td>Anzeigeaufl\u00f6sung, B x H<\/td>\n<td>480 x 800 Pixel<\/td>\n<\/tr>\n<tr>\n<td>Anzeigetyp<\/td>\n<td>Transflektives WVGA-Display mit w\u00e4hlbarer Ausrichtung<\/td>\n<\/tr>\n<tr>\n<td>Gewicht<\/td>\n<td>410 g mit Lithium-Ionen-Akkupack aus dem Lieferumfang<\/td>\n<\/tr>\n<tr>\n<td>Batterie<\/td>\n<td>Aufladbarer Lithium-Ionen-Akku (im Lieferumfang enthalten)<\/td>\n<\/tr>\n<tr>\n<td>Batterielaufzeit<\/td>\n<td>GPS-Modus: Bis zu 18 Stunden<br \/>\nExpeditionsmodus: Bis zu 330 Stunden<br \/>\nGPS-Modus mit 10-min\u00fctigem Tracking: Bis zu 18 Stunden<br \/>\nExpeditionsmodus mit 30-min\u00fctigem Tracking: Bis zu 300 Stunden<\/td>\n<\/tr>\n<tr>\n<td>Wasserdichtigkeit<\/td>\n<td>IPX7<\/td>\n<\/tr>\n<tr>\n<td>MIL-STD-810<\/td>\n<td>yes (thermal, shock, water, vibe)<\/td>\n<\/tr>\n<tr>\n<td>Hochempfindlicher GPS Empf\u00e4nger<\/td>\n<td>\u2714<\/td>\n<\/tr>\n<tr>\n<td>Schnittstelle<\/td>\n<td>Mit Highspeed-Micro-USB und NMEA 0183 kompatibel<\/td>\n<\/tr>\n<tr>\n<td>Speicher\/Protokoll<\/td>\n<td>16 GB (der f\u00fcr den Benutzer verf\u00fcgbare Speicherplatz ist von den integrierten Karten abh\u00e4ngig)<\/td>\n<\/tr>\n<\/tbody>\n<\/table>\n<table>\n<tbody>\n<tr>\n<td colspan=\"2\">\n<h3>Karten und Speicher<\/h3>\n<\/td>\n<\/tr>\n<tr>\n<td>Vorinstallierte Karten<\/td>\n<td>Ja (TopoActive Europe)<\/td>\n<\/tr>\n<tr>\n<td>M\u00f6glichkeit, Karten hinzuzuf\u00fcgen<\/td>\n<td>\u2714<\/td>\n<\/tr>\n<tr>\n<td>Basiskarte<\/td>\n<td>\u2714<\/td>\n<\/tr>\n<tr>\n<td>Automatische Routenf\u00fchrung (Abbiegehinweise auf Stra\u00dfen)<\/td>\n<td>Ja (mit optionalen Karten f\u00fcr detaillierte Stra\u00dfeninformationen)<\/td>\n<\/tr>\n<tr>\n<td>Kartensegmente<\/td>\n<td>15<\/td>\n<\/tr>\n<tr>\n<td>BirdsEye<\/td>\n<td>Ja (direkt auf das Ger\u00e4t)<\/td>\n<\/tr>\n<tr>\n<td>Umfasst detaillierte hydrografische Merkmale (K\u00fcstenlinien, Uferlinien von Seen\/Fl\u00fcssen, Feuchtgebiete und st\u00e4ndige sowie saisonale Wasserl\u00e4ufe)<\/td>\n<td>\u2714<\/td>\n<\/tr>\n<tr>\n<td>Umfasst durchsuchbare Points of Interest (Parks, Campingpl\u00e4tze, Aussichtspunkte und Picknickpl\u00e4tze)<\/td>\n<td>\u2714<\/td>\n<\/tr>\n<tr>\n<td>Nationale, bundesstaatliche und lokale Parks, W\u00e4lder und Naturgebiete<\/td>\n<td>\u2714<\/td>\n<\/tr>\n<tr>\n<td>Speicher- und Leistungskapazit\u00e4t<\/td>\n<td>Ja (microSD\u2122-Karte mit maximal 32 GB)<\/td>\n<\/tr>\n<tr>\n<td>Wegpunkte<\/td>\n<td>10000<\/td>\n<\/tr>\n<tr>\n<td>Tracks<\/td>\n<td>250<\/td>\n<\/tr>\n<tr>\n<td>Trackaufzeichnung<\/td>\n<td>20.000 Punkte, 250 gespeicherte GPX-Tracks, 300 gespeicherte FIT-Aktivit\u00e4ten<\/td>\n<\/tr>\n<tr>\n<td>Routen<\/td>\n<td>250, 250 Punkte pro Route; 50 Punkte bei automatischer Routenberechnung<\/td>\n<\/tr>\n<tr>\n<td>Rinex-Aufzeichnung<\/td>\n<td>\u2714<\/td>\n<\/tr>\n<\/tbody>\n<\/table>\n<table>\n<tbody>\n<tr>\n<td colspan=\"2\">\n<h3>Sensoren<\/h3>\n<\/td>\n<\/tr>\n<tr>\n<td>GPS<\/td>\n<td>\u2714<\/td>\n<\/tr>\n<tr>\n<td>Galileo<\/td>\n<td>\u2714<\/td>\n<\/tr>\n<tr>\n<td>Barometrischer H\u00f6henmesser<\/td>\n<td>\u2714<\/td>\n<\/tr>\n<tr>\n<td>Kompass<\/td>\n<td>Ja (3 Achsen, Neigungskorrektur)<\/td>\n<\/tr>\n<tr>\n<td>GPS-Kompass (wenn in Bewegung)<\/td>\n<td>\u2714<\/td>\n<\/tr>\n<\/tbody>\n<\/table>\n<table>\n<tbody>\n<tr>\n<td colspan=\"2\">\n<h3>T\u00e4gliche Smart-Funktionen<\/h3>\n<\/td>\n<\/tr>\n<tr>\n<td>Connect IQ<sup>\u2122<\/sup>\u00a0(herunterladbare Displaydesigns, Datenfelder, Widgets und Apps)<\/td>\n<td>\u2714<\/td>\n<\/tr>\n<tr>\n<td>Wetter<\/td>\n<td>\u2714<\/td>\n<\/tr>\n<tr>\n<td>VIRB\u00ae-Fernbedienung<\/td>\n<td>\u2714<\/td>\n<\/tr>\n<tr>\n<td>Kompatibel mit Garmin Connect<sup>\u2122<\/sup>\u00a0Mobile<\/td>\n<td>\u2714<\/td>\n<\/tr>\n<tr>\n<td>Aktive Wetterdaten<\/td>\n<td>\u2714<\/td>\n<\/tr>\n<tr>\n<td>Smart Notifications auf dem Handger\u00e4t<\/td>\n<td>\u2714<\/td>\n<\/tr>\n<\/tbody>\n<\/table>\n<table>\n<tbody>\n<tr>\n<td colspan=\"2\">\n<h3>Sicherheits- und Trackingfunktionen<\/h3>\n<\/td>\n<\/tr>\n<tr>\n<td>LiveTrack<\/td>\n<td>\u2714<\/td>\n<\/tr>\n<\/tbody>\n<\/table>\n<table>\n<tbody>\n<tr>\n<td colspan=\"2\">\n<h3>Outdoor-Freizeitfunktionen<\/h3>\n<\/td>\n<\/tr>\n<tr>\n<td>Punkt-zu-Punkt-Navigation<\/td>\n<td>\u2714<\/td>\n<\/tr>\n<tr>\n<td>Kompatibel mit BaseCamp\u2122<\/td>\n<td>\u2714<\/td>\n<\/tr>\n<tr>\n<td>Fl\u00e4chenberechnung<\/td>\n<td>\u2714<\/td>\n<\/tr>\n<tr>\n<td>Jagd- und Angelkalender<\/td>\n<td>\u2714<\/td>\n<\/tr>\n<tr>\n<td>Sonnen- und Mondkalender<\/td>\n<td>\u2714<\/td>\n<\/tr>\n<tr>\n<td>XERO<sup>\u2122<\/sup>-Standorte<\/td>\n<td>\u2714<\/td>\n<\/tr>\n<tr>\n<td>Geocaching-Modus<\/td>\n<td>Ja (Geocaching Live)<\/td>\n<\/tr>\n<tr>\n<td>Kompatibel mit Custom Maps<\/td>\n<td>Ja (500 benutzerdefinierte Kartenkacheln)<\/td>\n<\/tr>\n<tr>\n<td>Bildbetrachter<\/td>\n<td>\u2714<\/td>\n<\/tr>\n<tr>\n<td>Kamera<\/td>\n<td>Ja (8 Megapixel mit Autofokus; automatische Geotagging-Funktion)<\/td>\n<\/tr>\n<tr>\n<td>LED-Ortungslicht<\/td>\n<td>\u2714<\/td>\n<\/tr>\n<\/tbody>\n<\/table>\n<table>\n<tbody>\n<tr>\n<td colspan=\"2\">\n<h3>inReach\u00ae Features<\/h3>\n<\/td>\n<\/tr>\n<tr>\n<td>Interaktive SOS-Notrufe<\/td>\n<td>\u2714<\/td>\n<\/tr>\n<tr>\n<td>Nachrichtenaustausch (Senden und Empfangen) \u00fcber SMS und Email<\/td>\n<td>\u2714<\/td>\n<\/tr>\n<tr>\n<td>SMS-Nachrichtenaustausch (Senden und Empfangen) \u00fcber anderes inReach-Ger\u00e4t<\/td>\n<td>\u2714<\/td>\n<\/tr>\n<tr>\n<td>Austausch von Positionen mit anderem inReach-Ger\u00e4t<\/td>\n<td>\u2714<\/td>\n<\/tr>\n<tr>\n<td>Kompatibel mit MapShare mit Tracking<\/td>\n<td>\u2714<\/td>\n<\/tr>\n<tr>\n<td>Virtuelle Tastatur zum Verfassen eigener Nachrichten<\/td>\n<td>\u2714<\/td>\n<\/tr>\n<tr>\n<td>Senden von Wegpunkten an MapShare w\u00e4hrend der Reise<\/td>\n<td>\u2714<\/td>\n<\/tr>\n<tr>\n<td>Senden der Routenauswahl an MapShare w\u00e4hrend der Reise<\/td>\n<td>\u2714<\/td>\n<\/tr>\n<tr>\n<td>Kompatibel mit inReach-Fernbedienung<\/td>\n<td>\u2714<\/td>\n<\/tr>\n<\/tbody>\n<\/table>\n<table>\n<tbody>\n<tr>\n<td colspan=\"2\">\n<h3>Sprechfunkger\u00e4tfunktionen<\/h3>\n<\/td>\n<\/tr>\n<tr>\n<td>Kontakte<\/td>\n<td>\u2714<\/td>\n<\/tr>\n<\/tbody>\n<\/table>\n<table>\n<tbody>\n<tr>\n<td colspan=\"2\">\n<h3>Au\u00dfenanwendungen<\/h3>\n<\/td>\n<\/tr>\n<tr>\n<td>Kompatibel mit der Garmin Explore \u2122 App<\/td>\n<td>\u2714<\/td>\n<\/tr>\n<tr>\n<td>Kompatibel mit der Garmin Explore-Website<\/td>\n<td>\u2714<\/td>\n<\/tr>\n<tr>\n<td>Hundeortung<\/td>\n<td>Ja (bei Kopplung mit einem kompatiblen Hundeortungssystem)<\/td>\n<\/tr>\n<\/tbody>\n<\/table>\n<\/div>\n<h2 class=\"product--rating-container\"><\/h2>","protected":false},"excerpt":{"rendered":"<p>Garmin\u00a0Montana\u00ae 750i Outdoor-Navigationsger\u00e4t Der Garmin Montana\u00ae 750i vereint perfekte\u00a0 und das Plus an Sicherheit in einem Outdoor-Navi. Mit globalem Nachrichtenversand<\/p>","protected":false},"featured_media":63958,"comment_status":"open","ping_status":"closed","template":"","meta":{"_rtcl_gb_attr":""},"product_brand":[],"product_cat":[537,318],"product_tag":[],"class_list":{"0":"post-46745","1":"product","2":"type-product","3":"status-publish","4":"has-post-thumbnail","6":"product_cat-elektronik","7":"product_cat-outdoor","8":"pa_marke-garmin","10":"first","11":"instock","12":"sale","13":"taxable","14":"shipping-taxable","15":"purchasable","16":"product-type-simple"},"yoast_head":"<!-- This site is optimized with the Yoast SEO Premium plugin v20.12 (Yoast SEO v27.4) - https:\/\/yoast.com\/product\/yoast-seo-premium-wordpress\/ -->\n<title>Garmin Montana\u00ae 750i Outdoor-Navigationsger\u00e4t<\/title>\n<meta name=\"description\" content=\"Entdecken Sie unseren Online-Fahrradladen: Gro\u00dfe Auswahl an Modellen f\u00fcr alle Radsportbegeisterten. Von Rennr\u00e4dern bis zu Mountainbikes - finden Sie heute Ihren perfekten Wegbegleiter!\" \/>\n<meta name=\"robots\" content=\"index, follow, max-snippet:-1, max-image-preview:large, max-video-preview:-1\" \/>\n<link rel=\"canonical\" href=\"https:\/\/cioelectro.com\/en\/produkt\/garmin-montana-750i-outdoor-navigationsgeraet\/\" \/>\n<meta property=\"og:locale\" content=\"en_US\" \/>\n<meta property=\"og:type\" content=\"article\" \/>\n<meta property=\"og:title\" content=\"Garmin Montana\u00ae 750i Outdoor-Navigationsger\u00e4t\" \/>\n<meta property=\"og:description\" content=\"Entdecken Sie unseren Online-Fahrradladen: Gro\u00dfe Auswahl an Modellen f\u00fcr alle Radsportbegeisterten. Von Rennr\u00e4dern bis zu Mountainbikes - finden Sie heute Ihren perfekten Wegbegleiter!\" \/>\n<meta property=\"og:url\" content=\"https:\/\/cioelectro.com\/en\/produkt\/garmin-montana-750i-outdoor-navigationsgeraet\/\" \/>\n<meta property=\"og:site_name\" content=\"cioelectro.com\" \/>\n<meta property=\"article:modified_time\" content=\"2023-08-10T19:18:37+00:00\" \/>\n<meta property=\"og:image\" content=\"https:\/\/cioelectro.com\/wp-content\/uploads\/2023\/06\/Garmin-Montana-R-750i-Outdoor-Navigationsgeraet-010-02347-01_800x800-00.jpg\" \/>\n\t<meta property=\"og:image:width\" content=\"420\" \/>\n\t<meta property=\"og:image:height\" content=\"800\" \/>\n\t<meta property=\"og:image:type\" content=\"image\/jpeg\" \/>\n<meta name=\"twitter:card\" content=\"summary_large_image\" \/>\n<meta name=\"twitter:label1\" content=\"Est. reading time\" \/>\n\t<meta name=\"twitter:data1\" content=\"4 minutes\" \/>\n<script type=\"application\/ld+json\" class=\"yoast-schema-graph\">{\"@context\":\"https:\\\/\\\/schema.org\",\"@graph\":[{\"@type\":\"WebPage\",\"@id\":\"https:\\\/\\\/cioelectro.com\\\/produkt\\\/garmin-montana-750i-outdoor-navigationsgeraet\\\/\",\"url\":\"https:\\\/\\\/cioelectro.com\\\/produkt\\\/garmin-montana-750i-outdoor-navigationsgeraet\\\/\",\"name\":\"Garmin Montana\u00ae 750i Outdoor-Navigationsger\u00e4t\",\"isPartOf\":{\"@id\":\"https:\\\/\\\/cioelectro.com\\\/#website\"},\"primaryImageOfPage\":{\"@id\":\"https:\\\/\\\/cioelectro.com\\\/produkt\\\/garmin-montana-750i-outdoor-navigationsgeraet\\\/#primaryimage\"},\"image\":{\"@id\":\"https:\\\/\\\/cioelectro.com\\\/produkt\\\/garmin-montana-750i-outdoor-navigationsgeraet\\\/#primaryimage\"},\"thumbnailUrl\":\"https:\\\/\\\/cioelectro.com\\\/wp-content\\\/uploads\\\/2023\\\/06\\\/Garmin-Montana-R-750i-Outdoor-Navigationsgeraet-010-02347-01_800x800-00.jpg\",\"datePublished\":\"2022-11-30T13:51:47+00:00\",\"dateModified\":\"2023-08-10T19:18:37+00:00\",\"description\":\"Entdecken Sie unseren Online-Fahrradladen: Gro\u00dfe Auswahl an Modellen f\u00fcr alle Radsportbegeisterten. Von Rennr\u00e4dern bis zu Mountainbikes - finden Sie heute Ihren perfekten Wegbegleiter!\",\"breadcrumb\":{\"@id\":\"https:\\\/\\\/cioelectro.com\\\/produkt\\\/garmin-montana-750i-outdoor-navigationsgeraet\\\/#breadcrumb\"},\"inLanguage\":\"en-US\",\"potentialAction\":[{\"@type\":\"ReadAction\",\"target\":[\"https:\\\/\\\/cioelectro.com\\\/produkt\\\/garmin-montana-750i-outdoor-navigationsgeraet\\\/\"]}]},{\"@type\":\"ImageObject\",\"inLanguage\":\"en-US\",\"@id\":\"https:\\\/\\\/cioelectro.com\\\/produkt\\\/garmin-montana-750i-outdoor-navigationsgeraet\\\/#primaryimage\",\"url\":\"https:\\\/\\\/cioelectro.com\\\/wp-content\\\/uploads\\\/2023\\\/06\\\/Garmin-Montana-R-750i-Outdoor-Navigationsgeraet-010-02347-01_800x800-00.jpg\",\"contentUrl\":\"https:\\\/\\\/cioelectro.com\\\/wp-content\\\/uploads\\\/2023\\\/06\\\/Garmin-Montana-R-750i-Outdoor-Navigationsgeraet-010-02347-01_800x800-00.jpg\",\"width\":420,\"height\":800,\"caption\":\"Garmin Montana\u00ae 750i Outdoor-Navigationsger\u00e4t\"},{\"@type\":\"BreadcrumbList\",\"@id\":\"https:\\\/\\\/cioelectro.com\\\/produkt\\\/garmin-montana-750i-outdoor-navigationsgeraet\\\/#breadcrumb\",\"itemListElement\":[{\"@type\":\"ListItem\",\"position\":1,\"name\":\"Startseite\",\"item\":\"https:\\\/\\\/cioelectro.com\\\/\"},{\"@type\":\"ListItem\",\"position\":2,\"name\":\"LADEN\",\"item\":\"https:\\\/\\\/cioelectro.com\\\/laden\\\/\"},{\"@type\":\"ListItem\",\"position\":3,\"name\":\"Garmin Montana\u00ae 750i Outdoor-Navigationsger\u00e4t\"}]},{\"@type\":\"WebSite\",\"@id\":\"https:\\\/\\\/cioelectro.com\\\/#website\",\"url\":\"https:\\\/\\\/cioelectro.com\\\/\",\"name\":\"cioelectro.com\",\"description\":\"Treten Sie mit uns ins Abenteuer!\",\"publisher\":{\"@id\":\"https:\\\/\\\/cioelectro.com\\\/#organization\"},\"alternateName\":\"MEIN RADLADEN\",\"potentialAction\":[{\"@type\":\"SearchAction\",\"target\":{\"@type\":\"EntryPoint\",\"urlTemplate\":\"https:\\\/\\\/cioelectro.com\\\/?s={search_term_string}\"},\"query-input\":{\"@type\":\"PropertyValueSpecification\",\"valueRequired\":true,\"valueName\":\"search_term_string\"}}],\"inLanguage\":\"en-US\"},{\"@type\":\"Organization\",\"@id\":\"https:\\\/\\\/cioelectro.com\\\/#organization\",\"name\":\"CIOELECTRO\",\"alternateName\":\"MEIN RADLADEN\",\"url\":\"https:\\\/\\\/cioelectro.com\\\/\",\"logo\":{\"@type\":\"ImageObject\",\"inLanguage\":\"en-US\",\"@id\":\"https:\\\/\\\/cioelectro.com\\\/#\\\/schema\\\/logo\\\/image\\\/\",\"url\":\"https:\\\/\\\/cioelectro.com\\\/wp-content\\\/uploads\\\/2025\\\/12\\\/Logo-2-1200x800.png\",\"contentUrl\":\"https:\\\/\\\/cioelectro.com\\\/wp-content\\\/uploads\\\/2025\\\/12\\\/Logo-2-1200x800.png\",\"width\":1200,\"height\":800,\"caption\":\"CIOELECTRO\"},\"image\":{\"@id\":\"https:\\\/\\\/cioelectro.com\\\/#\\\/schema\\\/logo\\\/image\\\/\"}}]}<\/script>\n<!-- \/ Yoast SEO Premium plugin. -->","yoast_head_json":{"title":"Garmin Montana\u00ae 750i Outdoor-Navigationsger\u00e4t","description":"Entdecken Sie unseren Online-Fahrradladen: Gro\u00dfe Auswahl an Modellen f\u00fcr alle Radsportbegeisterten. Von Rennr\u00e4dern bis zu Mountainbikes - finden Sie heute Ihren perfekten Wegbegleiter!","robots":{"index":"index","follow":"follow","max-snippet":"max-snippet:-1","max-image-preview":"max-image-preview:large","max-video-preview":"max-video-preview:-1"},"canonical":"https:\/\/cioelectro.com\/en\/produkt\/garmin-montana-750i-outdoor-navigationsgeraet\/","og_locale":"en_US","og_type":"article","og_title":"Garmin Montana\u00ae 750i Outdoor-Navigationsger\u00e4t","og_description":"Entdecken Sie unseren Online-Fahrradladen: Gro\u00dfe Auswahl an Modellen f\u00fcr alle Radsportbegeisterten. Von Rennr\u00e4dern bis zu Mountainbikes - finden Sie heute Ihren perfekten Wegbegleiter!","og_url":"https:\/\/cioelectro.com\/en\/produkt\/garmin-montana-750i-outdoor-navigationsgeraet\/","og_site_name":"cioelectro.com","article_modified_time":"2023-08-10T19:18:37+00:00","og_image":[{"width":420,"height":800,"url":"https:\/\/cioelectro.com\/wp-content\/uploads\/2023\/06\/Garmin-Montana-R-750i-Outdoor-Navigationsgeraet-010-02347-01_800x800-00.jpg","type":"image\/jpeg"}],"twitter_card":"summary_large_image","twitter_misc":{"Est. reading time":"4 minutes"},"schema":{"@context":"https:\/\/schema.org","@graph":[{"@type":"WebPage","@id":"https:\/\/cioelectro.com\/produkt\/garmin-montana-750i-outdoor-navigationsgeraet\/","url":"https:\/\/cioelectro.com\/produkt\/garmin-montana-750i-outdoor-navigationsgeraet\/","name":"Garmin Montana\u00ae 750i Outdoor-Navigationsger\u00e4t","isPartOf":{"@id":"https:\/\/cioelectro.com\/#website"},"primaryImageOfPage":{"@id":"https:\/\/cioelectro.com\/produkt\/garmin-montana-750i-outdoor-navigationsgeraet\/#primaryimage"},"image":{"@id":"https:\/\/cioelectro.com\/produkt\/garmin-montana-750i-outdoor-navigationsgeraet\/#primaryimage"},"thumbnailUrl":"https:\/\/cioelectro.com\/wp-content\/uploads\/2023\/06\/Garmin-Montana-R-750i-Outdoor-Navigationsgeraet-010-02347-01_800x800-00.jpg","datePublished":"2022-11-30T13:51:47+00:00","dateModified":"2023-08-10T19:18:37+00:00","description":"Entdecken Sie unseren Online-Fahrradladen: Gro\u00dfe Auswahl an Modellen f\u00fcr alle Radsportbegeisterten. Von Rennr\u00e4dern bis zu Mountainbikes - finden Sie heute Ihren perfekten Wegbegleiter!","breadcrumb":{"@id":"https:\/\/cioelectro.com\/produkt\/garmin-montana-750i-outdoor-navigationsgeraet\/#breadcrumb"},"inLanguage":"en-US","potentialAction":[{"@type":"ReadAction","target":["https:\/\/cioelectro.com\/produkt\/garmin-montana-750i-outdoor-navigationsgeraet\/"]}]},{"@type":"ImageObject","inLanguage":"en-US","@id":"https:\/\/cioelectro.com\/produkt\/garmin-montana-750i-outdoor-navigationsgeraet\/#primaryimage","url":"https:\/\/cioelectro.com\/wp-content\/uploads\/2023\/06\/Garmin-Montana-R-750i-Outdoor-Navigationsgeraet-010-02347-01_800x800-00.jpg","contentUrl":"https:\/\/cioelectro.com\/wp-content\/uploads\/2023\/06\/Garmin-Montana-R-750i-Outdoor-Navigationsgeraet-010-02347-01_800x800-00.jpg","width":420,"height":800,"caption":"Garmin Montana\u00ae 750i Outdoor-Navigationsger\u00e4t"},{"@type":"BreadcrumbList","@id":"https:\/\/cioelectro.com\/produkt\/garmin-montana-750i-outdoor-navigationsgeraet\/#breadcrumb","itemListElement":[{"@type":"ListItem","position":1,"name":"Startseite","item":"https:\/\/cioelectro.com\/"},{"@type":"ListItem","position":2,"name":"LADEN","item":"https:\/\/cioelectro.com\/laden\/"},{"@type":"ListItem","position":3,"name":"Garmin Montana\u00ae 750i Outdoor-Navigationsger\u00e4t"}]},{"@type":"WebSite","@id":"https:\/\/cioelectro.com\/#website","url":"https:\/\/cioelectro.com\/","name":"cioelectro.com","description":"Treten Sie mit uns ins Abenteuer!","publisher":{"@id":"https:\/\/cioelectro.com\/#organization"},"alternateName":"MEIN RADLADEN","potentialAction":[{"@type":"SearchAction","target":{"@type":"EntryPoint","urlTemplate":"https:\/\/cioelectro.com\/?s={search_term_string}"},"query-input":{"@type":"PropertyValueSpecification","valueRequired":true,"valueName":"search_term_string"}}],"inLanguage":"en-US"},{"@type":"Organization","@id":"https:\/\/cioelectro.com\/#organization","name":"CIOELECTRO","alternateName":"MEIN RADLADEN","url":"https:\/\/cioelectro.com\/","logo":{"@type":"ImageObject","inLanguage":"en-US","@id":"https:\/\/cioelectro.com\/#\/schema\/logo\/image\/","url":"https:\/\/cioelectro.com\/wp-content\/uploads\/2025\/12\/Logo-2-1200x800.png","contentUrl":"https:\/\/cioelectro.com\/wp-content\/uploads\/2025\/12\/Logo-2-1200x800.png","width":1200,"height":800,"caption":"CIOELECTRO"},"image":{"@id":"https:\/\/cioelectro.com\/#\/schema\/logo\/image\/"}}]}},"_links":{"self":[{"href":"https:\/\/cioelectro.com\/en\/wp-json\/wp\/v2\/product\/46745","targetHints":{"allow":["GET"]}}],"collection":[{"href":"https:\/\/cioelectro.com\/en\/wp-json\/wp\/v2\/product"}],"about":[{"href":"https:\/\/cioelectro.com\/en\/wp-json\/wp\/v2\/types\/product"}],"replies":[{"embeddable":true,"href":"https:\/\/cioelectro.com\/en\/wp-json\/wp\/v2\/comments?post=46745"}],"version-history":[{"count":0,"href":"https:\/\/cioelectro.com\/en\/wp-json\/wp\/v2\/product\/46745\/revisions"}],"wp:featuredmedia":[{"embeddable":true,"href":"https:\/\/cioelectro.com\/en\/wp-json\/wp\/v2\/media\/63958"}],"wp:attachment":[{"href":"https:\/\/cioelectro.com\/en\/wp-json\/wp\/v2\/media?parent=46745"}],"wp:term":[{"taxonomy":"product_brand","embeddable":true,"href":"https:\/\/cioelectro.com\/en\/wp-json\/wp\/v2\/product_brand?post=46745"},{"taxonomy":"product_cat","embeddable":true,"href":"https:\/\/cioelectro.com\/en\/wp-json\/wp\/v2\/product_cat?post=46745"},{"taxonomy":"product_tag","embeddable":true,"href":"https:\/\/cioelectro.com\/en\/wp-json\/wp\/v2\/product_tag?post=46745"}],"curies":[{"name":"wp","href":"https:\/\/api.w.org\/{rel}","templated":true}]}}