{"id":46765,"date":"2022-11-30T16:19:24","date_gmt":"2022-11-30T15:19:24","guid":{"rendered":"https:\/\/meinradladen.com\/?post_type=product&#038;p=46765"},"modified":"2023-08-10T21:18:19","modified_gmt":"2023-08-10T19:18:19","slug":"garmin-montana-700i-outdoor-navigationsgeraet-touchscreen-und-inreach","status":"publish","type":"product","link":"https:\/\/cioelectro.com\/en\/produkt\/garmin-montana-700i-outdoor-navigationsgeraet-touchscreen-und-inreach\/","title":{"rendered":"Garmin Montana\u00ae 700i Outdoor-Navigationsger\u00e4t Touchscreen"},"content":{"rendered":"<h2 class=\"product--title\"><strong>Garmin<\/strong>\u00a0Montana\u00ae 700i Outdoor-Navigationsger\u00e4t Touchscreen und inReach\u00ae<\/h2>\n<p>Der Montana\u00ae 700i Outdoorvereint perfekte Outdoor-Navigation und das Plus an Sicherheit in einem Outdoor-Navi. Mit globalem Nachrichtenversand und <a href=\"http:\/\/1-1\">interaktiven<\/a> SOS-Notrufen \u00fcber die inReach-Satellitentechnologie.<\/p>\n<hr \/>\n<h3>Die Highlights des Garmin Montana\u00ae 700i<\/h3>\n<ul>\n<li>Tolle Neuigkeiten. Tippe Nachrichten auf einer vollst\u00e4ndigen QWERTZ-Tastatur<\/li>\n<li>Versende und empfange weltweit Nachrichten dank inReach und setze rund um die Uhr Notrufe ab<\/li>\n<li>Routingf\u00e4hige TopoActive Europa-Karten. Jetzt kannst du im Gel\u00e4nde und auf der Stra\u00dfe alles entdecken<\/li>\n<li>H\u00e4lt alles aus. Robust nach US-Milit\u00e4rstandard MIL-STD 810, u.a. Sto\u00dffestigkeit, Hitze und Wasserdichtigkeit<\/li>\n<li>Erhalte eine klare Perspektive von BirdsEye-Satellitenbildern direkt auf dem Ger\u00e4t<\/li>\n<li>Der Lithium-Ionen-Akku h\u00e4lt mit einer Laufzeit von mehr als 18 Stunden im GPS-Modus lange durch<\/li>\n<\/ul>\n<hr \/>\n<h3>Features<\/h3>\n<p><strong>Zwei-Wege-Nachrichtenversand<\/strong><br \/>\nT<br \/>\n<strong>City Navigator-Karten<\/strong><br \/>\nWechsle nahtlos zwischen der Navigation im Gel\u00e4nde und auf der Stra\u00dfe dank vorinstallierter City Navigator<br \/>\n<strong>Halterung f\u00fcr Boote, Motorr\u00e4der U.V.M.<\/strong><br \/>\nMit einer Vielzahl von Halterungen, die mit dem Montana-Handger\u00e4t kompatibel sind (separat erh\u00e4ltlich), kannst du das Navigationsger\u00e4t mit Gel\u00e4ndefahrzeugen, Booten, Autos, Motorr\u00e4dern, Wohnmobilen oder anderen Fahrzeugen verwenden.<\/p>\n<hr \/>\n<h3>Farbe<\/h3>\n<ul>\n<li>schwarz<\/li>\n<\/ul>\n<h3>Gewicht<\/h3>\n<ul>\n<li>410g (Herstellerangabe)<\/li>\n<\/ul>\n<hr \/>\n<h3>Lieferumfang<\/h3>\n<ul>\n<li>Montana\u00ae 700i<\/li>\n<li>Lithium-Ionen-Akkupack<\/li>\n<li>USB Lade-\/Sync-Kabel<\/li>\n<li>Dokumentation<\/li>\n<\/ul>\n<hr \/>\n<h3>inReach: Entdecke globale Kommunikations- und Navigationsfunktionen von Garmin<\/h3>\n<p><iframe src=\"https:\/\/www.youtube-nocookie.com\/embed\/D45dyuErguQ\" width=\"640\" height=\"360\" frameborder=\"0\" allowfullscreen=\"allowfullscreen\" data-mce-fragment=\"1\"><\/iframe><\/p>","protected":false},"excerpt":{"rendered":"<p>Garmin\u00a0Montana\u00ae 700i Outdoor-Navigationsger\u00e4t Touchscreen und inReach\u00ae Der Montana\u00ae 700i Outdoorvereint perfekte Outdoor-Navigation und das Plus an Sicherheit in einem Outdoor-Navi.<\/p>","protected":false},"featured_media":63971,"comment_status":"open","ping_status":"closed","template":"","meta":{"_rtcl_gb_attr":""},"product_brand":[],"product_cat":[537,318],"product_tag":[],"class_list":{"0":"post-46765","1":"product","2":"type-product","3":"status-publish","4":"has-post-thumbnail","6":"product_cat-elektronik","7":"product_cat-outdoor","8":"pa_marke-garmin","10":"first","11":"instock","12":"sale","13":"taxable","14":"shipping-taxable","15":"purchasable","16":"product-type-simple"},"yoast_head":"<!-- This site is optimized with the Yoast SEO Premium plugin v20.12 (Yoast SEO v27.4) - https:\/\/yoast.com\/product\/yoast-seo-premium-wordpress\/ -->\n<title>Garmin Montana\u00ae 700i Outdoor-Navigationsger\u00e4t Touchscreen<\/title>\n<meta name=\"description\" content=\"Entdecken Sie unseren Online-Fahrradladen: Gro\u00dfe Auswahl an Modellen f\u00fcr alle Radsportbegeisterten. Von Rennr\u00e4dern bis zu Mountainbikes - finden Sie heute Ihren perfekten Wegbegleiter!\" \/>\n<meta name=\"robots\" content=\"index, follow, max-snippet:-1, max-image-preview:large, max-video-preview:-1\" \/>\n<link rel=\"canonical\" href=\"https:\/\/cioelectro.com\/en\/produkt\/garmin-montana-700i-outdoor-navigationsgeraet-touchscreen-und-inreach\/\" \/>\n<meta property=\"og:locale\" content=\"en_US\" \/>\n<meta property=\"og:type\" content=\"article\" \/>\n<meta property=\"og:title\" content=\"Garmin Montana\u00ae 700i Outdoor-Navigationsger\u00e4t Touchscreen\" \/>\n<meta property=\"og:description\" content=\"Entdecken Sie unseren Online-Fahrradladen: Gro\u00dfe Auswahl an Modellen f\u00fcr alle Radsportbegeisterten. Von Rennr\u00e4dern bis zu Mountainbikes - finden Sie heute Ihren perfekten Wegbegleiter!\" \/>\n<meta property=\"og:url\" content=\"https:\/\/cioelectro.com\/en\/produkt\/garmin-montana-700i-outdoor-navigationsgeraet-touchscreen-und-inreach\/\" \/>\n<meta property=\"og:site_name\" content=\"cioelectro.com\" \/>\n<meta property=\"article:modified_time\" content=\"2023-08-10T19:18:19+00:00\" \/>\n<meta property=\"og:image\" content=\"https:\/\/cioelectro.com\/wp-content\/uploads\/2023\/06\/Garmin-Montana-R-750i-Outdoor-Navigationsgeraet-010-02347-01-7_800x800-6-1.jpg\" \/>\n\t<meta property=\"og:image:width\" content=\"465\" \/>\n\t<meta property=\"og:image:height\" content=\"800\" \/>\n\t<meta property=\"og:image:type\" content=\"image\/jpeg\" \/>\n<meta name=\"twitter:card\" content=\"summary_large_image\" \/>\n<meta name=\"twitter:label1\" content=\"Est. reading time\" \/>\n\t<meta name=\"twitter:data1\" content=\"2 minutes\" \/>\n<script type=\"application\/ld+json\" class=\"yoast-schema-graph\">{\"@context\":\"https:\\\/\\\/schema.org\",\"@graph\":[{\"@type\":\"WebPage\",\"@id\":\"https:\\\/\\\/cioelectro.com\\\/produkt\\\/garmin-montana-700i-outdoor-navigationsgeraet-touchscreen-und-inreach\\\/\",\"url\":\"https:\\\/\\\/cioelectro.com\\\/produkt\\\/garmin-montana-700i-outdoor-navigationsgeraet-touchscreen-und-inreach\\\/\",\"name\":\"Garmin Montana\u00ae 700i Outdoor-Navigationsger\u00e4t Touchscreen\",\"isPartOf\":{\"@id\":\"https:\\\/\\\/cioelectro.com\\\/#website\"},\"primaryImageOfPage\":{\"@id\":\"https:\\\/\\\/cioelectro.com\\\/produkt\\\/garmin-montana-700i-outdoor-navigationsgeraet-touchscreen-und-inreach\\\/#primaryimage\"},\"image\":{\"@id\":\"https:\\\/\\\/cioelectro.com\\\/produkt\\\/garmin-montana-700i-outdoor-navigationsgeraet-touchscreen-und-inreach\\\/#primaryimage\"},\"thumbnailUrl\":\"https:\\\/\\\/cioelectro.com\\\/wp-content\\\/uploads\\\/2023\\\/06\\\/Garmin-Montana-R-750i-Outdoor-Navigationsgeraet-010-02347-01-7_800x800-6-1.jpg\",\"datePublished\":\"2022-11-30T15:19:24+00:00\",\"dateModified\":\"2023-08-10T19:18:19+00:00\",\"description\":\"Entdecken Sie unseren Online-Fahrradladen: Gro\u00dfe Auswahl an Modellen f\u00fcr alle Radsportbegeisterten. Von Rennr\u00e4dern bis zu Mountainbikes - finden Sie heute Ihren perfekten Wegbegleiter!\",\"breadcrumb\":{\"@id\":\"https:\\\/\\\/cioelectro.com\\\/produkt\\\/garmin-montana-700i-outdoor-navigationsgeraet-touchscreen-und-inreach\\\/#breadcrumb\"},\"inLanguage\":\"en-US\",\"potentialAction\":[{\"@type\":\"ReadAction\",\"target\":[\"https:\\\/\\\/cioelectro.com\\\/produkt\\\/garmin-montana-700i-outdoor-navigationsgeraet-touchscreen-und-inreach\\\/\"]}]},{\"@type\":\"ImageObject\",\"inLanguage\":\"en-US\",\"@id\":\"https:\\\/\\\/cioelectro.com\\\/produkt\\\/garmin-montana-700i-outdoor-navigationsgeraet-touchscreen-und-inreach\\\/#primaryimage\",\"url\":\"https:\\\/\\\/cioelectro.com\\\/wp-content\\\/uploads\\\/2023\\\/06\\\/Garmin-Montana-R-750i-Outdoor-Navigationsgeraet-010-02347-01-7_800x800-6-1.jpg\",\"contentUrl\":\"https:\\\/\\\/cioelectro.com\\\/wp-content\\\/uploads\\\/2023\\\/06\\\/Garmin-Montana-R-750i-Outdoor-Navigationsgeraet-010-02347-01-7_800x800-6-1.jpg\",\"width\":465,\"height\":800,\"caption\":\"Garmin Montana\u00ae 700i Outdoor-Navigationsger\u00e4t Touchscreen und inReach\u00ae\"},{\"@type\":\"BreadcrumbList\",\"@id\":\"https:\\\/\\\/cioelectro.com\\\/produkt\\\/garmin-montana-700i-outdoor-navigationsgeraet-touchscreen-und-inreach\\\/#breadcrumb\",\"itemListElement\":[{\"@type\":\"ListItem\",\"position\":1,\"name\":\"Startseite\",\"item\":\"https:\\\/\\\/cioelectro.com\\\/\"},{\"@type\":\"ListItem\",\"position\":2,\"name\":\"LADEN\",\"item\":\"https:\\\/\\\/cioelectro.com\\\/laden\\\/\"},{\"@type\":\"ListItem\",\"position\":3,\"name\":\"Garmin Montana\u00ae 700i Outdoor-Navigationsger\u00e4t Touchscreen\"}]},{\"@type\":\"WebSite\",\"@id\":\"https:\\\/\\\/cioelectro.com\\\/#website\",\"url\":\"https:\\\/\\\/cioelectro.com\\\/\",\"name\":\"cioelectro.com\",\"description\":\"Treten Sie mit uns ins Abenteuer!\",\"publisher\":{\"@id\":\"https:\\\/\\\/cioelectro.com\\\/#organization\"},\"alternateName\":\"MEIN RADLADEN\",\"potentialAction\":[{\"@type\":\"SearchAction\",\"target\":{\"@type\":\"EntryPoint\",\"urlTemplate\":\"https:\\\/\\\/cioelectro.com\\\/?s={search_term_string}\"},\"query-input\":{\"@type\":\"PropertyValueSpecification\",\"valueRequired\":true,\"valueName\":\"search_term_string\"}}],\"inLanguage\":\"en-US\"},{\"@type\":\"Organization\",\"@id\":\"https:\\\/\\\/cioelectro.com\\\/#organization\",\"name\":\"CIOELECTRO\",\"alternateName\":\"MEIN RADLADEN\",\"url\":\"https:\\\/\\\/cioelectro.com\\\/\",\"logo\":{\"@type\":\"ImageObject\",\"inLanguage\":\"en-US\",\"@id\":\"https:\\\/\\\/cioelectro.com\\\/#\\\/schema\\\/logo\\\/image\\\/\",\"url\":\"https:\\\/\\\/cioelectro.com\\\/wp-content\\\/uploads\\\/2025\\\/12\\\/Logo-2-1200x800.png\",\"contentUrl\":\"https:\\\/\\\/cioelectro.com\\\/wp-content\\\/uploads\\\/2025\\\/12\\\/Logo-2-1200x800.png\",\"width\":1200,\"height\":800,\"caption\":\"CIOELECTRO\"},\"image\":{\"@id\":\"https:\\\/\\\/cioelectro.com\\\/#\\\/schema\\\/logo\\\/image\\\/\"}}]}<\/script>\n<!-- \/ Yoast SEO Premium plugin. -->","yoast_head_json":{"title":"Garmin Montana\u00ae 700i Outdoor-Navigationsger\u00e4t Touchscreen","description":"Entdecken Sie unseren Online-Fahrradladen: Gro\u00dfe Auswahl an Modellen f\u00fcr alle Radsportbegeisterten. Von Rennr\u00e4dern bis zu Mountainbikes - finden Sie heute Ihren perfekten Wegbegleiter!","robots":{"index":"index","follow":"follow","max-snippet":"max-snippet:-1","max-image-preview":"max-image-preview:large","max-video-preview":"max-video-preview:-1"},"canonical":"https:\/\/cioelectro.com\/en\/produkt\/garmin-montana-700i-outdoor-navigationsgeraet-touchscreen-und-inreach\/","og_locale":"en_US","og_type":"article","og_title":"Garmin Montana\u00ae 700i Outdoor-Navigationsger\u00e4t Touchscreen","og_description":"Entdecken Sie unseren Online-Fahrradladen: Gro\u00dfe Auswahl an Modellen f\u00fcr alle Radsportbegeisterten. Von Rennr\u00e4dern bis zu Mountainbikes - finden Sie heute Ihren perfekten Wegbegleiter!","og_url":"https:\/\/cioelectro.com\/en\/produkt\/garmin-montana-700i-outdoor-navigationsgeraet-touchscreen-und-inreach\/","og_site_name":"cioelectro.com","article_modified_time":"2023-08-10T19:18:19+00:00","og_image":[{"width":465,"height":800,"url":"https:\/\/cioelectro.com\/wp-content\/uploads\/2023\/06\/Garmin-Montana-R-750i-Outdoor-Navigationsgeraet-010-02347-01-7_800x800-6-1.jpg","type":"image\/jpeg"}],"twitter_card":"summary_large_image","twitter_misc":{"Est. reading time":"2 minutes"},"schema":{"@context":"https:\/\/schema.org","@graph":[{"@type":"WebPage","@id":"https:\/\/cioelectro.com\/produkt\/garmin-montana-700i-outdoor-navigationsgeraet-touchscreen-und-inreach\/","url":"https:\/\/cioelectro.com\/produkt\/garmin-montana-700i-outdoor-navigationsgeraet-touchscreen-und-inreach\/","name":"Garmin Montana\u00ae 700i Outdoor-Navigationsger\u00e4t Touchscreen","isPartOf":{"@id":"https:\/\/cioelectro.com\/#website"},"primaryImageOfPage":{"@id":"https:\/\/cioelectro.com\/produkt\/garmin-montana-700i-outdoor-navigationsgeraet-touchscreen-und-inreach\/#primaryimage"},"image":{"@id":"https:\/\/cioelectro.com\/produkt\/garmin-montana-700i-outdoor-navigationsgeraet-touchscreen-und-inreach\/#primaryimage"},"thumbnailUrl":"https:\/\/cioelectro.com\/wp-content\/uploads\/2023\/06\/Garmin-Montana-R-750i-Outdoor-Navigationsgeraet-010-02347-01-7_800x800-6-1.jpg","datePublished":"2022-11-30T15:19:24+00:00","dateModified":"2023-08-10T19:18:19+00:00","description":"Entdecken Sie unseren Online-Fahrradladen: Gro\u00dfe Auswahl an Modellen f\u00fcr alle Radsportbegeisterten. Von Rennr\u00e4dern bis zu Mountainbikes - finden Sie heute Ihren perfekten Wegbegleiter!","breadcrumb":{"@id":"https:\/\/cioelectro.com\/produkt\/garmin-montana-700i-outdoor-navigationsgeraet-touchscreen-und-inreach\/#breadcrumb"},"inLanguage":"en-US","potentialAction":[{"@type":"ReadAction","target":["https:\/\/cioelectro.com\/produkt\/garmin-montana-700i-outdoor-navigationsgeraet-touchscreen-und-inreach\/"]}]},{"@type":"ImageObject","inLanguage":"en-US","@id":"https:\/\/cioelectro.com\/produkt\/garmin-montana-700i-outdoor-navigationsgeraet-touchscreen-und-inreach\/#primaryimage","url":"https:\/\/cioelectro.com\/wp-content\/uploads\/2023\/06\/Garmin-Montana-R-750i-Outdoor-Navigationsgeraet-010-02347-01-7_800x800-6-1.jpg","contentUrl":"https:\/\/cioelectro.com\/wp-content\/uploads\/2023\/06\/Garmin-Montana-R-750i-Outdoor-Navigationsgeraet-010-02347-01-7_800x800-6-1.jpg","width":465,"height":800,"caption":"Garmin Montana\u00ae 700i Outdoor-Navigationsger\u00e4t Touchscreen und inReach\u00ae"},{"@type":"BreadcrumbList","@id":"https:\/\/cioelectro.com\/produkt\/garmin-montana-700i-outdoor-navigationsgeraet-touchscreen-und-inreach\/#breadcrumb","itemListElement":[{"@type":"ListItem","position":1,"name":"Startseite","item":"https:\/\/cioelectro.com\/"},{"@type":"ListItem","position":2,"name":"LADEN","item":"https:\/\/cioelectro.com\/laden\/"},{"@type":"ListItem","position":3,"name":"Garmin Montana\u00ae 700i Outdoor-Navigationsger\u00e4t Touchscreen"}]},{"@type":"WebSite","@id":"https:\/\/cioelectro.com\/#website","url":"https:\/\/cioelectro.com\/","name":"cioelectro.com","description":"Treten Sie mit uns ins Abenteuer!","publisher":{"@id":"https:\/\/cioelectro.com\/#organization"},"alternateName":"MEIN RADLADEN","potentialAction":[{"@type":"SearchAction","target":{"@type":"EntryPoint","urlTemplate":"https:\/\/cioelectro.com\/?s={search_term_string}"},"query-input":{"@type":"PropertyValueSpecification","valueRequired":true,"valueName":"search_term_string"}}],"inLanguage":"en-US"},{"@type":"Organization","@id":"https:\/\/cioelectro.com\/#organization","name":"CIOELECTRO","alternateName":"MEIN RADLADEN","url":"https:\/\/cioelectro.com\/","logo":{"@type":"ImageObject","inLanguage":"en-US","@id":"https:\/\/cioelectro.com\/#\/schema\/logo\/image\/","url":"https:\/\/cioelectro.com\/wp-content\/uploads\/2025\/12\/Logo-2-1200x800.png","contentUrl":"https:\/\/cioelectro.com\/wp-content\/uploads\/2025\/12\/Logo-2-1200x800.png","width":1200,"height":800,"caption":"CIOELECTRO"},"image":{"@id":"https:\/\/cioelectro.com\/#\/schema\/logo\/image\/"}}]}},"_links":{"self":[{"href":"https:\/\/cioelectro.com\/en\/wp-json\/wp\/v2\/product\/46765","targetHints":{"allow":["GET"]}}],"collection":[{"href":"https:\/\/cioelectro.com\/en\/wp-json\/wp\/v2\/product"}],"about":[{"href":"https:\/\/cioelectro.com\/en\/wp-json\/wp\/v2\/types\/product"}],"replies":[{"embeddable":true,"href":"https:\/\/cioelectro.com\/en\/wp-json\/wp\/v2\/comments?post=46765"}],"version-history":[{"count":0,"href":"https:\/\/cioelectro.com\/en\/wp-json\/wp\/v2\/product\/46765\/revisions"}],"wp:featuredmedia":[{"embeddable":true,"href":"https:\/\/cioelectro.com\/en\/wp-json\/wp\/v2\/media\/63971"}],"wp:attachment":[{"href":"https:\/\/cioelectro.com\/en\/wp-json\/wp\/v2\/media?parent=46765"}],"wp:term":[{"taxonomy":"product_brand","embeddable":true,"href":"https:\/\/cioelectro.com\/en\/wp-json\/wp\/v2\/product_brand?post=46765"},{"taxonomy":"product_cat","embeddable":true,"href":"https:\/\/cioelectro.com\/en\/wp-json\/wp\/v2\/product_cat?post=46765"},{"taxonomy":"product_tag","embeddable":true,"href":"https:\/\/cioelectro.com\/en\/wp-json\/wp\/v2\/product_tag?post=46765"}],"curies":[{"name":"wp","href":"https:\/\/api.w.org\/{rel}","templated":true}]}}