{"id":46819,"date":"2022-11-30T17:03:55","date_gmt":"2022-11-30T16:03:55","guid":{"rendered":"https:\/\/meinradladen.com\/?post_type=product&#038;p=46819"},"modified":"2023-08-10T21:05:25","modified_gmt":"2023-08-10T19:05:25","slug":"garmin-gpsmap-66i-gps-handgeraet","status":"publish","type":"product","link":"https:\/\/cioelectro.com\/en\/produkt\/garmin-gpsmap-66i-gps-handgeraet\/","title":{"rendered":"Garmin GPSMap\u00ae 66i GPS Handger\u00e4t"},"content":{"rendered":"<h2 class=\"product--title\"><strong>Garmin<\/strong>\u00a0GPSMap\u00ae 66i GPS Handger\u00e4t<\/h2>\n<p>Das robuste Garmin GPSMap\u00ae 66i Outdoor-Handger\u00e4t f\u00fcr perfekte Navigation und weltweite Erreichbarkeit dank inReach\u00ae-Technologie \u00fcber das globale Iridium Satelliten-Netzwerk.<\/p>\n<hr \/>\n<h3>Die Highlights des Garmin GPSMap\u00ae 66i GPS Handger\u00e4t<\/h3>\n<ul>\n<li><strong>PERFEKTE ABLESBARKEIT:<\/strong>\u00a0Bei jedem Licht lesbar. Bei allen Bedingungen verwendbar. Daf\u00fcr wurde das GPSMAP 66i geschaffen.<\/li>\n<li><strong>WELTWEIT ERREICHBAR:<\/strong>\u00a0Dein Mobiltelefon hat keinen Empfang? Nimm das inReach. Kommuniziere \u00fcberall auf der Welt.<\/li>\n<li><strong>SATELLITENSYSTEME:<\/strong>\u00a0Mehrere, globale Satellitensysteme sorgen f\u00fcr eine hochpr\u00e4zise Positionsbestimmung.<\/li>\n<li><strong>ZUS\u00c4TZLICHE KARTEN:<\/strong>\u00a0Erhalte detailgetreue Karten ganz ohne Abonnement. Der interne, 16 GB gro\u00dfe Speicher bietet ausreichend Platz.<\/li>\n<li><strong>PERFEKTE NAVIGATION:<\/strong>\u00a0Dank der vorinstallierten TopoActive-Europakarte kannst du direkt mit der Navigation starten.<\/li>\n<li><strong>LANGE AKKULAUFZEIT:\u00a0<\/strong>Im Trackingmodus h\u00e4lt das Ger\u00e4t bis zu 35 Stunden durch, im Expeditionsmodus \u00fcber eine Woche.<\/li>\n<\/ul>\n<hr \/>\n<h3>Features<\/h3>\n<p><strong>EIN AKKU, DER EINE WOCHE DURCHH\u00c4LT<\/strong><br \/>\nIm Expeditionsmodus kannst du \u00fcber eine Woche lang unterwegs sein, ohne zwischendurch aufladen zu m\u00fcssen. Im LiveTrack-Modus mit 10-min\u00fctigem Tracking-Intervall betr\u00e4gt die Laufzeit immer noch bis zu 35 Stunden, also ein Wochenende.<\/p>\n<hr \/>\n<h3>Farbe<\/h3>\n<ul>\n<li>schwarz\/rot<\/li>\n<\/ul>\n<h3>Gewicht<\/h3>\n<ul>\n<li>241 g (Herstellerangabe)<\/li>\n<\/ul>\n<hr \/>\n<h3>Lieferumfang<\/h3>\n<ul>\n<li>GPSMap\u00ae 66i GPS Handger\u00e4t<\/li>\n<li>USB Lade-\/Sync-Kabel<\/li>\n<li>Karabinerclip<\/li>\n<li>Zugriff auf BirdsEye-Satellitenbilder<\/li>\n<li>Dokumentation<\/li>\n<\/ul>\n<hr \/>\n<h3>GPSMAP 66i: Robustes GPS-Outdoor-Handger\u00e4t f\u00fcr perfekte Navigation und weltweite Erreichbarkeit<\/h3>\n<p><iframe title=\"YouTube video player\" src=\"https:\/\/www.youtube-nocookie.com\/embed\/4oFNRFpRGig\" width=\"640\" height=\"360\" frameborder=\"0\" allowfullscreen=\"allowfullscreen\" data-mce-fragment=\"1\"><\/iframe><\/p>\n<hr \/>\n<h3>Produkteigenschaften<\/h3>\n<div>\n<table>\n<tbody>\n<tr>\n<td colspan=\"2\">\n<h3>Allgemein<\/h3>\n<\/td>\n<\/tr>\n<tr>\n<td>Hochempfindlicher GPS Empf\u00e4nger<\/td>\n<td>\u2714<\/td>\n<\/tr>\n<tr>\n<td>Abmessungen<\/td>\n<td>6,6\u00a0x 16,3\u00a0x 3,5\u00a0cm<\/td>\n<\/tr>\n<tr>\n<td>Anzeigegr\u00f6\u00dfe, B x H<\/td>\n<td>3,8\u00a0x 6,3\u00a0cm; 7,6\u00a0cm Diagonale (3\u00a0Zoll)<\/td>\n<\/tr>\n<tr>\n<td>Anzeigeaufl\u00f6sung, B x H<\/td>\n<td>240\u00a0x 400\u00a0Pixel<\/td>\n<\/tr>\n<tr>\n<td>Anzeigetyp<\/td>\n<td>Transflektives TFT-Farbdisplay<\/td>\n<\/tr>\n<tr>\n<td>Gewicht<\/td>\n<td>241\u00a0g<\/td>\n<\/tr>\n<tr>\n<td>Batterie<\/td>\n<td>Lithium-Ionen-Akku<\/td>\n<\/tr>\n<tr>\n<td>Batterielaufzeit<\/td>\n<td>Bis zu 35\u00a0Stunden mit 10-min\u00fctigem Tracking; bis zu 200\u00a0Stunden mit 30-min\u00fctigem Tracking (Energiesparmodus)<\/td>\n<\/tr>\n<tr>\n<td>Wasserdichtigkeit<\/td>\n<td>IPX7<\/td>\n<\/tr>\n<tr>\n<td>MIL-STD-810<\/td>\n<td>Ja (thermische Leistung, Sto\u00dffestigkeit, Wasserbest\u00e4ndigkeit)<\/td>\n<\/tr>\n<tr>\n<td>Schnittstelle<\/td>\n<td>high speed micro USB and NMEA 0183 compatible<\/td>\n<\/tr>\n<tr>\n<td>Speicher\/Protokoll<\/td>\n<td>16\u00a0GB<\/td>\n<\/tr>\n<\/tbody>\n<\/table>\n<table>\n<tbody>\n<tr>\n<td colspan=\"2\">\n<h3>Karten und Speicher<\/h3>\n<\/td>\n<\/tr>\n<tr>\n<td>Vorinstallierte Karten<\/td>\n<td>Ja (topografisch)<\/td>\n<\/tr>\n<tr>\n<td>M\u00f6glichkeit, Karten hinzuzuf\u00fcgen<\/td>\n<td>\u2714<\/td>\n<\/tr>\n<tr>\n<td>Basiskarte<\/td>\n<td>\u2714<\/td>\n<\/tr>\n<tr>\n<td>Automatische Routenf\u00fchrung (Abbiegehinweise auf Stra\u00dfen)<\/td>\n<td>\u2714<\/td>\n<\/tr>\n<tr>\n<td>Kartensegmente<\/td>\n<td>15000<\/td>\n<\/tr>\n<tr>\n<td>BirdsEye<\/td>\n<td>yes (direct to device)<\/td>\n<\/tr>\n<tr>\n<td>Umfasst detaillierte hydrografische Merkmale (K\u00fcstenlinien, Uferlinien von Seen\/Fl\u00fcssen, Feuchtgebiete und st\u00e4ndige sowie saisonale Wasserl\u00e4ufe)<\/td>\n<td>\u2714<\/td>\n<\/tr>\n<tr>\n<td>Umfasst durchsuchbare Points of Interest (Parks, Campingpl\u00e4tze, Aussichtspunkte und Picknickpl\u00e4tze)<\/td>\n<td>\u2714<\/td>\n<\/tr>\n<tr>\n<td>Nationale, bundesstaatliche und lokale Parks, W\u00e4lder und Naturgebiete<\/td>\n<td>\u2714<\/td>\n<\/tr>\n<tr>\n<td>Speicher- und Leistungskapazit\u00e4t<\/td>\n<td>MicroSD\u2122-Karte (nicht im Lieferumfang enthalten)<\/td>\n<\/tr>\n<tr>\n<td>Wegpunkte<\/td>\n<td>10.000<\/td>\n<\/tr>\n<tr>\n<td>Tracks<\/td>\n<td>250<\/td>\n<\/tr>\n<tr>\n<td>Trackaufzeichnung<\/td>\n<td>20.000\u00a0Punkte, 250\u00a0gespeicherte GPX-Tracks, 300\u00a0gespeicherte FIT-Archive<\/td>\n<\/tr>\n<tr>\n<td>Routen<\/td>\n<td>250<\/td>\n<\/tr>\n<tr>\n<td>Rinex-Aufzeichnung<\/td>\n<td>\u2714<\/td>\n<\/tr>\n<\/tbody>\n<\/table>\n<table>\n<tbody>\n<tr>\n<td colspan=\"2\">\n<h3>Sensoren<\/h3>\n<\/td>\n<\/tr>\n<tr>\n<td>GPS<\/td>\n<td>\u2714<\/td>\n<\/tr>\n<tr>\n<td>Galileo<\/td>\n<td>\u2714<\/td>\n<\/tr>\n<tr>\n<td>Barometrischer H\u00f6henmesser<\/td>\n<td>\u2714<\/td>\n<\/tr>\n<tr>\n<td>Kompass<\/td>\n<td>Ja (3\u00a0Achsen, Neigungskorrektur)<\/td>\n<\/tr>\n<tr>\n<td>GPS-Kompass (wenn in Bewegung)<\/td>\n<td>\u2714<\/td>\n<\/tr>\n<\/tbody>\n<\/table>\n<table>\n<tbody>\n<tr>\n<td colspan=\"2\">\n<h3>T\u00e4gliche Smart-Funktionen<\/h3>\n<\/td>\n<\/tr>\n<tr>\n<td>Connect\u00a0IQ<sup>\u2122<\/sup>\u00a0(herunterladbare Displaydesigns, Datenfelder, Widgets und Apps)<\/td>\n<td>\u2714<\/td>\n<\/tr>\n<tr>\n<td>Smart Notifications auf dem Handger\u00e4t<\/td>\n<td>\u2714<\/td>\n<\/tr>\n<tr>\n<td>Wetter<\/td>\n<td>\u2714<\/td>\n<\/tr>\n<tr>\n<td>VIRB\u00ae-Fernbedienung<\/td>\n<td>\u2714<\/td>\n<\/tr>\n<tr>\n<td>Kompatibel mit Garmin Connect<sup>\u2122<\/sup>\u00a0Mobile<\/td>\n<td>\u2714<\/td>\n<\/tr>\n<tr>\n<td>Aktive Wetterdaten<\/td>\n<td>\u2714<\/td>\n<\/tr>\n<\/tbody>\n<\/table>\n<table>\n<tbody>\n<tr>\n<td colspan=\"2\">\n<h3>Sicherheits- und Trackingfunktionen<\/h3>\n<\/td>\n<\/tr>\n<tr>\n<td>LiveTrack<\/td>\n<td>\u2714<\/td>\n<\/tr>\n<\/tbody>\n<\/table>\n<table>\n<tbody>\n<tr>\n<td colspan=\"2\">\n<h3>Outdoor-Freizeitfunktionen<\/h3>\n<\/td>\n<\/tr>\n<tr>\n<td>Punkt-zu-Punkt-Navigation<\/td>\n<td>\u2714<\/td>\n<\/tr>\n<tr>\n<td>Kompatibel mit BaseCamp\u2122<\/td>\n<td>\u2714<\/td>\n<\/tr>\n<tr>\n<td>Fl\u00e4chenberechnung<\/td>\n<td>\u2714<\/td>\n<\/tr>\n<tr>\n<td>Jagd- und Angelkalender<\/td>\n<td>\u2714<\/td>\n<\/tr>\n<tr>\n<td>Sonnen- und Mondkalender<\/td>\n<td>\u2714<\/td>\n<\/tr>\n<tr>\n<td>XERO<sup>\u2122<\/sup>-Standorte<\/td>\n<td>\u2714<\/td>\n<\/tr>\n<tr>\n<td>Geocaching-Modus<\/td>\n<td>Ja (Geocaching Live)<\/td>\n<\/tr>\n<tr>\n<td>Kompatibel mit Custom Maps<\/td>\n<td>Ja (500 benutzerdefinierte Kartenkacheln)<\/td>\n<\/tr>\n<tr>\n<td>Bildbetrachter<\/td>\n<td>\u2714<\/td>\n<\/tr>\n<tr>\n<td>LED-Ortungslicht<\/td>\n<td>\u2714<\/td>\n<\/tr>\n<\/tbody>\n<\/table>\n<table>\n<tbody>\n<tr>\n<td colspan=\"2\">\n<h3>inReach\u00ae-Funktionen<\/h3>\n<\/td>\n<\/tr>\n<tr>\n<td>Interaktive SOS-Notrufe<\/td>\n<td>\u2714<\/td>\n<\/tr>\n<tr>\n<td>Nachrichtenaustausch (Senden und Empfangen) \u00fcber SMS und Email<\/td>\n<td>\u2714<\/td>\n<\/tr>\n<tr>\n<td>SMS-Nachrichtenaustausch (Senden und Empfangen) \u00fcber anderes inReach-Ger\u00e4t<\/td>\n<td>\u2714<\/td>\n<\/tr>\n<tr>\n<td>Austausch von Positionen mit anderem inReach-Ger\u00e4t<\/td>\n<td>\u2714<\/td>\n<\/tr>\n<tr>\n<td>Kompatibel mit MapShare mit Tracking<\/td>\n<td>\u2714<\/td>\n<\/tr>\n<tr>\n<td>Virtuelle Tastatur zum Verfassen eigener Nachrichten<\/td>\n<td>\u2714<\/td>\n<\/tr>\n<tr>\n<td>Senden von Wegpunkten an MapShare w\u00e4hrend der Reise<\/td>\n<td>\u2714<\/td>\n<\/tr>\n<tr>\n<td>Senden der Routenauswahl an MapShare w\u00e4hrend der Reise<\/td>\n<td>\u2714<\/td>\n<\/tr>\n<tr>\n<td>inReach\u00ae-Kompatibilit\u00e4t<\/td>\n<td>\u2714<\/td>\n<\/tr>\n<\/tbody>\n<\/table>\n<table>\n<tbody>\n<tr>\n<td colspan=\"2\">\n<h3>Au\u00dfenanwendungen<\/h3>\n<\/td>\n<\/tr>\n<tr>\n<td>Kompatibel mit der Garmin Explore \u2122 App<\/td>\n<td>\u2714<\/td>\n<\/tr>\n<tr>\n<td>Kompatibel mit der Garmin Explore-Website<\/td>\n<td>\u2714<\/td>\n<\/tr>\n<\/tbody>\n<\/table>\n<table>\n<tbody>\n<tr>\n<td colspan=\"2\">\n<h3>Verbindungen<\/h3>\n<\/td>\n<\/tr>\n<tr>\n<td>Drahtlose Konnektivit\u00e4t<\/td>\n<td>yes (Wi-Fi\u00ae, BLUETOOTH\u00ae, ANT+\u00ae)<\/td>\n<\/tr>\n<\/tbody>\n<\/table>\n<table>\n<tbody>\n<tr>\n<td colspan=\"2\">\n<h3>Zus\u00e4tzliches<\/h3>\n<\/td>\n<\/tr>\n<tr>\n<td>Zus\u00e4tzliches<\/td>\n<td>\n<ul>\n<li>Ausl\u00f6sen eines interaktiven SOS-Notrufs an die rund um die Uhr besetzte Notfall\u00fcberwachungszentrale: Ja<\/li>\n<li>Nachrichtenaustausch (Senden und Empfangen) \u00fcber SMS und Email: Ja<\/li>\n<li>Nachrichtenaustausch (Senden und Empfangen) mit anderen inReach\u00ae-Benutzern, Austausch von Positionen: Ja<\/li>\n<li>Tracking und Teilen von Positionen mit Freunden und Familie \u00fcber das webbasierte MapShare\u00ae-Portal: Ja<\/li>\n<li>Virtuelle Tastatur zum Verfassen eigener Nachrichten: Ja<\/li>\n<li>Garmin Explore<sup>\u2122<\/sup>-Kompatibilit\u00e4t: Ja<\/li>\n<li>Garmin Connect<sup>\u2122<\/sup>\u00a0IQ-Kompatibilit\u00e4t: Ja<\/li>\n<li>Drahtlose Verbindungen: Ja (WLAN, Bluetooth<sup>\u00ae<\/sup>\u00a0und ANT+<sup>\u00ae<\/sup>)<\/li>\n<li>Kartensegmente: 15.000<\/li>\n<li>Aktive Wetterdaten: Ja<\/li>\n<li>Anfordern von Wettervorhersagen f\u00fcr die aktuelle Position und geplante Ziele: Ja<\/li>\n<li>Smart Notifications: Ja<\/li>\n<li>LiveTrack: Ja (mit Garmin Explore)<\/li>\n<li>BirdsEye-Direkt-Download auf Ger\u00e4t: Ja (kein Jahresabonnement erforderlich)<\/li>\n<li>Milit\u00e4rstandard MIL-STD-810G in Bezug auf thermische Leistung, Sto\u00dffestigkeit und Wasserbest\u00e4ndigkeit<\/li>\n<li>RINEX-Aufzeichnung: Ja<\/li>\n<\/ul>\n<\/td>\n<\/tr>\n<\/tbody>\n<\/table>\n<\/div>","protected":false},"excerpt":{"rendered":"<p>Garmin\u00a0GPSMap\u00ae 66i GPS Handger\u00e4t Das robuste Garmin GPSMap\u00ae 66i Outdoor-Handger\u00e4t f\u00fcr perfekte Navigation und weltweite Erreichbarkeit dank inReach\u00ae-Technologie \u00fcber das<\/p>","protected":false},"featured_media":63997,"comment_status":"open","ping_status":"closed","template":"","meta":{"_rtcl_gb_attr":""},"product_brand":[],"product_cat":[318],"product_tag":[],"class_list":{"0":"post-46819","1":"product","2":"type-product","3":"status-publish","4":"has-post-thumbnail","6":"product_cat-outdoor","7":"pa_marke-garmin","9":"first","10":"instock","11":"sale","12":"taxable","13":"shipping-taxable","14":"purchasable","15":"product-type-simple"},"yoast_head":"<!-- This site is optimized with the Yoast SEO Premium plugin v20.12 (Yoast SEO v27.4) - https:\/\/yoast.com\/product\/yoast-seo-premium-wordpress\/ -->\n<title>Garmin GPSMap\u00ae 66i GPS Handger\u00e4t<\/title>\n<meta name=\"description\" content=\"cioelectro.com bietet Ihnen das Garmin GPSMap\u00ae 66i GPS Handger\u00e4t zum besten Preis mit kostenlosem Versand in ganz EuropaGarmin GPSMap\u00ae 66iGarmin GPSMap\u00ae 66i\" \/>\n<meta name=\"robots\" content=\"index, follow, max-snippet:-1, max-image-preview:large, max-video-preview:-1\" \/>\n<link rel=\"canonical\" href=\"https:\/\/cioelectro.com\/en\/produkt\/garmin-gpsmap-66i-gps-handgeraet\/\" \/>\n<meta property=\"og:locale\" content=\"en_US\" \/>\n<meta property=\"og:type\" content=\"article\" \/>\n<meta property=\"og:title\" content=\"Garmin GPSMap\u00ae 66i GPS Handger\u00e4t\" \/>\n<meta property=\"og:description\" content=\"Entdecken Sie unseren Online-Fahrradladen: Gro\u00dfe Auswahl an Modellen f\u00fcr alle Radsportbegeisterten. Von Rennr\u00e4dern bis zu Mountainbikes - finden Sie heute Ihren perfekten Wegbegleiter!\" \/>\n<meta property=\"og:url\" content=\"https:\/\/cioelectro.com\/en\/produkt\/garmin-gpsmap-66i-gps-handgeraet\/\" \/>\n<meta property=\"og:site_name\" content=\"cioelectro.com\" \/>\n<meta property=\"article:modified_time\" content=\"2023-08-10T19:05:25+00:00\" \/>\n<meta property=\"og:image\" content=\"https:\/\/cioelectro.com\/wp-content\/uploads\/2023\/06\/Garmin-GPSMap-R-66i-GPS-Handgerat-010-02088-02_800x800-0.jpg\" \/>\n\t<meta property=\"og:image:width\" content=\"332\" \/>\n\t<meta property=\"og:image:height\" content=\"800\" \/>\n\t<meta property=\"og:image:type\" content=\"image\/jpeg\" \/>\n<meta name=\"twitter:card\" content=\"summary_large_image\" \/>\n<meta name=\"twitter:label1\" content=\"Est. reading time\" \/>\n\t<meta name=\"twitter:data1\" content=\"4 minutes\" \/>\n<script type=\"application\/ld+json\" class=\"yoast-schema-graph\">{\"@context\":\"https:\\\/\\\/schema.org\",\"@graph\":[{\"@type\":\"WebPage\",\"@id\":\"https:\\\/\\\/cioelectro.com\\\/produkt\\\/garmin-gpsmap-66i-gps-handgeraet\\\/\",\"url\":\"https:\\\/\\\/cioelectro.com\\\/produkt\\\/garmin-gpsmap-66i-gps-handgeraet\\\/\",\"name\":\"Garmin GPSMap\u00ae 66i GPS Handger\u00e4t\",\"isPartOf\":{\"@id\":\"https:\\\/\\\/cioelectro.com\\\/#website\"},\"primaryImageOfPage\":{\"@id\":\"https:\\\/\\\/cioelectro.com\\\/produkt\\\/garmin-gpsmap-66i-gps-handgeraet\\\/#primaryimage\"},\"image\":{\"@id\":\"https:\\\/\\\/cioelectro.com\\\/produkt\\\/garmin-gpsmap-66i-gps-handgeraet\\\/#primaryimage\"},\"thumbnailUrl\":\"https:\\\/\\\/cioelectro.com\\\/wp-content\\\/uploads\\\/2023\\\/06\\\/Garmin-GPSMap-R-66i-GPS-Handgerat-010-02088-02_800x800-0.jpg\",\"datePublished\":\"2022-11-30T16:03:55+00:00\",\"dateModified\":\"2023-08-10T19:05:25+00:00\",\"description\":\"cioelectro.com bietet Ihnen das Garmin GPSMap\u00ae 66i GPS Handger\u00e4t zum besten Preis mit kostenlosem Versand in ganz EuropaGarmin GPSMap\u00ae 66iGarmin GPSMap\u00ae 66i\",\"breadcrumb\":{\"@id\":\"https:\\\/\\\/cioelectro.com\\\/produkt\\\/garmin-gpsmap-66i-gps-handgeraet\\\/#breadcrumb\"},\"inLanguage\":\"en-US\",\"potentialAction\":[{\"@type\":\"ReadAction\",\"target\":[\"https:\\\/\\\/cioelectro.com\\\/produkt\\\/garmin-gpsmap-66i-gps-handgeraet\\\/\"]}]},{\"@type\":\"ImageObject\",\"inLanguage\":\"en-US\",\"@id\":\"https:\\\/\\\/cioelectro.com\\\/produkt\\\/garmin-gpsmap-66i-gps-handgeraet\\\/#primaryimage\",\"url\":\"https:\\\/\\\/cioelectro.com\\\/wp-content\\\/uploads\\\/2023\\\/06\\\/Garmin-GPSMap-R-66i-GPS-Handgerat-010-02088-02_800x800-0.jpg\",\"contentUrl\":\"https:\\\/\\\/cioelectro.com\\\/wp-content\\\/uploads\\\/2023\\\/06\\\/Garmin-GPSMap-R-66i-GPS-Handgerat-010-02088-02_800x800-0.jpg\",\"width\":332,\"height\":800,\"caption\":\"Garmin GPSMap\u00ae 66i GPS Handger\u00e4t\"},{\"@type\":\"BreadcrumbList\",\"@id\":\"https:\\\/\\\/cioelectro.com\\\/produkt\\\/garmin-gpsmap-66i-gps-handgeraet\\\/#breadcrumb\",\"itemListElement\":[{\"@type\":\"ListItem\",\"position\":1,\"name\":\"Startseite\",\"item\":\"https:\\\/\\\/cioelectro.com\\\/\"},{\"@type\":\"ListItem\",\"position\":2,\"name\":\"LADEN\",\"item\":\"https:\\\/\\\/cioelectro.com\\\/laden\\\/\"},{\"@type\":\"ListItem\",\"position\":3,\"name\":\"Garmin GPSMap\u00ae 66i GPS Handger\u00e4t\"}]},{\"@type\":\"WebSite\",\"@id\":\"https:\\\/\\\/cioelectro.com\\\/#website\",\"url\":\"https:\\\/\\\/cioelectro.com\\\/\",\"name\":\"cioelectro.com\",\"description\":\"Treten Sie mit uns ins Abenteuer!\",\"publisher\":{\"@id\":\"https:\\\/\\\/cioelectro.com\\\/#organization\"},\"alternateName\":\"MEIN RADLADEN\",\"potentialAction\":[{\"@type\":\"SearchAction\",\"target\":{\"@type\":\"EntryPoint\",\"urlTemplate\":\"https:\\\/\\\/cioelectro.com\\\/?s={search_term_string}\"},\"query-input\":{\"@type\":\"PropertyValueSpecification\",\"valueRequired\":true,\"valueName\":\"search_term_string\"}}],\"inLanguage\":\"en-US\"},{\"@type\":\"Organization\",\"@id\":\"https:\\\/\\\/cioelectro.com\\\/#organization\",\"name\":\"CIOELECTRO\",\"alternateName\":\"MEIN RADLADEN\",\"url\":\"https:\\\/\\\/cioelectro.com\\\/\",\"logo\":{\"@type\":\"ImageObject\",\"inLanguage\":\"en-US\",\"@id\":\"https:\\\/\\\/cioelectro.com\\\/#\\\/schema\\\/logo\\\/image\\\/\",\"url\":\"https:\\\/\\\/cioelectro.com\\\/wp-content\\\/uploads\\\/2025\\\/12\\\/Logo-2-1200x800.png\",\"contentUrl\":\"https:\\\/\\\/cioelectro.com\\\/wp-content\\\/uploads\\\/2025\\\/12\\\/Logo-2-1200x800.png\",\"width\":1200,\"height\":800,\"caption\":\"CIOELECTRO\"},\"image\":{\"@id\":\"https:\\\/\\\/cioelectro.com\\\/#\\\/schema\\\/logo\\\/image\\\/\"}}]}<\/script>\n<!-- \/ Yoast SEO Premium plugin. -->","yoast_head_json":{"title":"Garmin GPSMap\u00ae 66i GPS Handger\u00e4t","description":"cioelectro.com bietet Ihnen das Garmin GPSMap\u00ae 66i GPS Handger\u00e4t zum besten Preis mit kostenlosem Versand in ganz EuropaGarmin GPSMap\u00ae 66iGarmin GPSMap\u00ae 66i","robots":{"index":"index","follow":"follow","max-snippet":"max-snippet:-1","max-image-preview":"max-image-preview:large","max-video-preview":"max-video-preview:-1"},"canonical":"https:\/\/cioelectro.com\/en\/produkt\/garmin-gpsmap-66i-gps-handgeraet\/","og_locale":"en_US","og_type":"article","og_title":"Garmin GPSMap\u00ae 66i GPS Handger\u00e4t","og_description":"Entdecken Sie unseren Online-Fahrradladen: Gro\u00dfe Auswahl an Modellen f\u00fcr alle Radsportbegeisterten. Von Rennr\u00e4dern bis zu Mountainbikes - finden Sie heute Ihren perfekten Wegbegleiter!","og_url":"https:\/\/cioelectro.com\/en\/produkt\/garmin-gpsmap-66i-gps-handgeraet\/","og_site_name":"cioelectro.com","article_modified_time":"2023-08-10T19:05:25+00:00","og_image":[{"width":332,"height":800,"url":"https:\/\/cioelectro.com\/wp-content\/uploads\/2023\/06\/Garmin-GPSMap-R-66i-GPS-Handgerat-010-02088-02_800x800-0.jpg","type":"image\/jpeg"}],"twitter_card":"summary_large_image","twitter_misc":{"Est. reading time":"4 minutes"},"schema":{"@context":"https:\/\/schema.org","@graph":[{"@type":"WebPage","@id":"https:\/\/cioelectro.com\/produkt\/garmin-gpsmap-66i-gps-handgeraet\/","url":"https:\/\/cioelectro.com\/produkt\/garmin-gpsmap-66i-gps-handgeraet\/","name":"Garmin GPSMap\u00ae 66i GPS Handger\u00e4t","isPartOf":{"@id":"https:\/\/cioelectro.com\/#website"},"primaryImageOfPage":{"@id":"https:\/\/cioelectro.com\/produkt\/garmin-gpsmap-66i-gps-handgeraet\/#primaryimage"},"image":{"@id":"https:\/\/cioelectro.com\/produkt\/garmin-gpsmap-66i-gps-handgeraet\/#primaryimage"},"thumbnailUrl":"https:\/\/cioelectro.com\/wp-content\/uploads\/2023\/06\/Garmin-GPSMap-R-66i-GPS-Handgerat-010-02088-02_800x800-0.jpg","datePublished":"2022-11-30T16:03:55+00:00","dateModified":"2023-08-10T19:05:25+00:00","description":"cioelectro.com bietet Ihnen das Garmin GPSMap\u00ae 66i GPS Handger\u00e4t zum besten Preis mit kostenlosem Versand in ganz EuropaGarmin GPSMap\u00ae 66iGarmin GPSMap\u00ae 66i","breadcrumb":{"@id":"https:\/\/cioelectro.com\/produkt\/garmin-gpsmap-66i-gps-handgeraet\/#breadcrumb"},"inLanguage":"en-US","potentialAction":[{"@type":"ReadAction","target":["https:\/\/cioelectro.com\/produkt\/garmin-gpsmap-66i-gps-handgeraet\/"]}]},{"@type":"ImageObject","inLanguage":"en-US","@id":"https:\/\/cioelectro.com\/produkt\/garmin-gpsmap-66i-gps-handgeraet\/#primaryimage","url":"https:\/\/cioelectro.com\/wp-content\/uploads\/2023\/06\/Garmin-GPSMap-R-66i-GPS-Handgerat-010-02088-02_800x800-0.jpg","contentUrl":"https:\/\/cioelectro.com\/wp-content\/uploads\/2023\/06\/Garmin-GPSMap-R-66i-GPS-Handgerat-010-02088-02_800x800-0.jpg","width":332,"height":800,"caption":"Garmin GPSMap\u00ae 66i GPS Handger\u00e4t"},{"@type":"BreadcrumbList","@id":"https:\/\/cioelectro.com\/produkt\/garmin-gpsmap-66i-gps-handgeraet\/#breadcrumb","itemListElement":[{"@type":"ListItem","position":1,"name":"Startseite","item":"https:\/\/cioelectro.com\/"},{"@type":"ListItem","position":2,"name":"LADEN","item":"https:\/\/cioelectro.com\/laden\/"},{"@type":"ListItem","position":3,"name":"Garmin GPSMap\u00ae 66i GPS Handger\u00e4t"}]},{"@type":"WebSite","@id":"https:\/\/cioelectro.com\/#website","url":"https:\/\/cioelectro.com\/","name":"cioelectro.com","description":"Treten Sie mit uns ins Abenteuer!","publisher":{"@id":"https:\/\/cioelectro.com\/#organization"},"alternateName":"MEIN RADLADEN","potentialAction":[{"@type":"SearchAction","target":{"@type":"EntryPoint","urlTemplate":"https:\/\/cioelectro.com\/?s={search_term_string}"},"query-input":{"@type":"PropertyValueSpecification","valueRequired":true,"valueName":"search_term_string"}}],"inLanguage":"en-US"},{"@type":"Organization","@id":"https:\/\/cioelectro.com\/#organization","name":"CIOELECTRO","alternateName":"MEIN RADLADEN","url":"https:\/\/cioelectro.com\/","logo":{"@type":"ImageObject","inLanguage":"en-US","@id":"https:\/\/cioelectro.com\/#\/schema\/logo\/image\/","url":"https:\/\/cioelectro.com\/wp-content\/uploads\/2025\/12\/Logo-2-1200x800.png","contentUrl":"https:\/\/cioelectro.com\/wp-content\/uploads\/2025\/12\/Logo-2-1200x800.png","width":1200,"height":800,"caption":"CIOELECTRO"},"image":{"@id":"https:\/\/cioelectro.com\/#\/schema\/logo\/image\/"}}]}},"_links":{"self":[{"href":"https:\/\/cioelectro.com\/en\/wp-json\/wp\/v2\/product\/46819","targetHints":{"allow":["GET"]}}],"collection":[{"href":"https:\/\/cioelectro.com\/en\/wp-json\/wp\/v2\/product"}],"about":[{"href":"https:\/\/cioelectro.com\/en\/wp-json\/wp\/v2\/types\/product"}],"replies":[{"embeddable":true,"href":"https:\/\/cioelectro.com\/en\/wp-json\/wp\/v2\/comments?post=46819"}],"version-history":[{"count":0,"href":"https:\/\/cioelectro.com\/en\/wp-json\/wp\/v2\/product\/46819\/revisions"}],"wp:featuredmedia":[{"embeddable":true,"href":"https:\/\/cioelectro.com\/en\/wp-json\/wp\/v2\/media\/63997"}],"wp:attachment":[{"href":"https:\/\/cioelectro.com\/en\/wp-json\/wp\/v2\/media?parent=46819"}],"wp:term":[{"taxonomy":"product_brand","embeddable":true,"href":"https:\/\/cioelectro.com\/en\/wp-json\/wp\/v2\/product_brand?post=46819"},{"taxonomy":"product_cat","embeddable":true,"href":"https:\/\/cioelectro.com\/en\/wp-json\/wp\/v2\/product_cat?post=46819"},{"taxonomy":"product_tag","embeddable":true,"href":"https:\/\/cioelectro.com\/en\/wp-json\/wp\/v2\/product_tag?post=46819"}],"curies":[{"name":"wp","href":"https:\/\/api.w.org\/{rel}","templated":true}]}}