{"id":46840,"date":"2022-11-30T17:21:41","date_gmt":"2022-11-30T16:21:41","guid":{"rendered":"https:\/\/meinradladen.com\/?post_type=product&#038;p=46840"},"modified":"2023-08-10T21:04:30","modified_gmt":"2023-08-10T19:04:30","slug":"garmin-gpsmap-65s","status":"publish","type":"product","link":"https:\/\/cioelectro.com\/en\/produkt\/garmin-gpsmap-65s\/","title":{"rendered":"Garmin GPSMAP 65s"},"content":{"rendered":"<h2 class=\"product--title\"><strong>Garmin<\/strong>\u00a0GPSMAP 65s<\/h2>\n<p>Du bist Garmin GPSMAP 65s bereit, die gro\u00dfe, weite Welt zu <a href=\"http:\/\/1-1\">entdecken<\/a>? Mit dem robusten\u00a0 verlierst du nie die Orientierung. Dank der revolution\u00e4ren Multi-Frequenz-Technologie sowie der Unterst\u00fctzung von f\u00fcnf Satellitensystemen wei\u00dft du auch im Wald, in Schluchten oder im st\u00e4dtischen Umfeld immer genau, wo du bist. Das verf\u00fcgt im Gegensatz zum \u00fcber einen barometrischen H\u00f6henmesser und einen 3-Achsen-Kompass.<\/p>\n<h2>GPS Outdoor-Navigationsger\u00e4t, mit dem du immer ans Ziel kommst: das GPSMAP\u00ae 65s von Garmin<\/h2>\n<p>Dabei hilft dir die vorinstallierte TopoActive Europa-Karte, immer den richtigen Weg zu finden und dich auf deinen individuellen Routen zu navigieren. Durch die Verbindung mit deinem Smartphone bleibst du jederzeit Up-toDate.<\/p>\n<hr \/>\n<h3><strong>Lieferumfang &#8211; Garmin GPSMAP\u00ae 65s<br \/>\n<\/strong><\/h3>\n<ul>\n<li>Garmin GPSMAP 65s<\/li>\n<li>USB-Kabel<\/li>\n<li>Karabinerclip<\/li>\n<li>Dokumentation<\/li>\n<\/ul>\n<p><strong><em>Batterien nicht im Lieferumfang enthalten!<\/em><\/strong><\/p>\n<hr \/>\n<h3>Features<\/h3>\n<ul>\n<li>Auf dem gro\u00dfen, auch bei Sonneneinstrahlung gut lesbaren Farbdisplay entgeht dir kein Detail.<\/li>\n<li>Dank Multi-Frequenz-Technologie und Multi-Satellitensystemen findest du dich \u00fcberall zurecht.<\/li>\n<li>Durchquere das Land mit den vorinstallierten, routingf\u00e4higen TopoActive Europa-Karten.<\/li>\n<li>Der barometrische H\u00f6henmesser und 3-Achsen-Kompass sorgen f\u00fcr die ideale Orientierung.<\/li>\n<li>Interner Speicher von 16 GB.<\/li>\n<\/ul>\n<p>&nbsp;<\/p>\n<ul>\n<li>Organisiere dein Abenteuer \u00fcberall mit der Garmin Explore\u2122-Website und -App. Entdecke noch mehr.<\/li>\n<li>ANT+ und Bluetooth-Konnektivit\u00e4t.<\/li>\n<li>Mit einer Akkulaufzeit von bis zu 16 Stunden im GPS-Modus bist du bereit f\u00fcr lange Touren.<\/li>\n<\/ul>\n<p><strong>Garmin Explore-App<\/strong><br \/>\nMit der Garmin Explore-App und -Website kannst du Wegpunkte, Routen und Tracks planen, anzeigen und synchronisieren. Du kannst sogar unterwegs bereits abgeschlossene Aktivit\u00e4ten anzeigen.<\/p>\n<hr \/>\n<h3>Garmin GPSMAP 65 Serie: Finde deinen Weg in der gro\u00dfen, weiten Welt<\/h3>\n<p><iframe src=\"https:\/\/www.youtube-nocookie.com\/embed\/pMufaMrX2Es\" width=\"640\" height=\"360\" frameborder=\"0\" allowfullscreen=\"allowfullscreen\" data-mce-fragment=\"1\"><\/iframe><\/p>\n<hr \/>\n<h3>Produkteigenschaften<\/h3>\n<div class=\"app__render-content\">\n<div>\n<table>\n<tbody>\n<tr class=\"title\">\n<td colspan=\"2\">\n<h3>Allgemein<\/h3>\n<\/td>\n<\/tr>\n<tr>\n<th scope=\"row\">Abmessungen<\/th>\n<td>6,1\u00a0x 16\u00a0x 3,6\u00a0cm<\/td>\n<\/tr>\n<tr>\n<th scope=\"row\">Anzeigegr\u00f6\u00dfe, B x H<\/th>\n<td>3,6\u00a0x 5,5\u00a0cm; 6,6\u00a0cm (2,6\u00a0Zoll) Diagonale<\/td>\n<\/tr>\n<tr>\n<th scope=\"row\">Anzeigeaufl\u00f6sung, B x H<\/th>\n<td>160 x 240 pixels<\/td>\n<\/tr>\n<tr>\n<th scope=\"row\">Anzeigetyp<\/th>\n<td>Transflektives TFT-Display mit 65.000\u00a0Farben<\/td>\n<\/tr>\n<tr>\n<th scope=\"row\">Gewicht<\/th>\n<td>217\u00a0g mit Batterien<\/td>\n<\/tr>\n<tr>\n<th scope=\"row\">Batterie<\/th>\n<td>2\u00a0AA-Batterien (nicht im Lieferumfang enthalten); NiMH oder Lithium empfohlen<\/td>\n<\/tr>\n<tr>\n<th scope=\"row\">Batterielaufzeit<\/th>\n<td>16\u00a0Stunden<\/td>\n<\/tr>\n<tr>\n<th scope=\"row\">Wasserdichtigkeit<\/th>\n<td>IPX7<\/td>\n<\/tr>\n<tr>\n<th scope=\"row\">Hochempfindlicher GPS Empf\u00e4nger<\/th>\n<td>\u2714<\/td>\n<\/tr>\n<tr>\n<th scope=\"row\">Schnittstelle<\/th>\n<td>Mit Highspeed-Mini-USB und NMEA\u00a00183 kompatibel<\/td>\n<\/tr>\n<tr>\n<th scope=\"row\">Speicher\/Protokoll<\/th>\n<td>16\u00a0GB (der f\u00fcr den Benutzer verf\u00fcgbare Speicherplatz ist von den integrierten Karten abh\u00e4ngig)<\/td>\n<\/tr>\n<\/tbody>\n<\/table>\n<table>\n<tbody>\n<tr class=\"title\">\n<td colspan=\"2\">\n<h3>Karten und Speicher<\/h3>\n<\/td>\n<\/tr>\n<tr>\n<th scope=\"row\">Vorinstallierte Karten<\/th>\n<td>Ja (TopoActive Europe; routingf\u00e4hig)<\/td>\n<\/tr>\n<tr>\n<th scope=\"row\">M\u00f6glichkeit, Karten hinzuzuf\u00fcgen<\/th>\n<td>\u2714<\/td>\n<\/tr>\n<tr>\n<th scope=\"row\">Basiskarte<\/th>\n<td>\u2714<\/td>\n<\/tr>\n<tr>\n<th scope=\"row\">Automatische Routenf\u00fchrung (Abbiegehinweise auf Stra\u00dfen)<\/th>\n<td>\u2714<\/td>\n<\/tr>\n<tr>\n<th scope=\"row\">Kartensegmente<\/th>\n<td>3<\/td>\n<\/tr>\n<tr>\n<th scope=\"row\">BirdsEye<\/th>\n<td>250\u00a0BirdsEye-Bilddateien<\/td>\n<\/tr>\n<tr>\n<th scope=\"row\">Umfasst detaillierte hydrografische Merkmale (K\u00fcstenlinien, Uferlinien von Seen\/Fl\u00fcssen, Feuchtgebiete und st\u00e4ndige sowie saisonale Wasserl\u00e4ufe)<\/th>\n<td>\u2714<\/td>\n<\/tr>\n<tr>\n<th scope=\"row\">Umfasst durchsuchbare Points of Interest (Parks, Campingpl\u00e4tze, Aussichtspunkte und Picknickpl\u00e4tze)<\/th>\n<td>\u2714<\/td>\n<\/tr>\n<tr>\n<th scope=\"row\">Nationale, bundesstaatliche und lokale Parks, W\u00e4lder und Naturgebiete<\/th>\n<td>\u2714<\/td>\n<\/tr>\n<tr>\n<th scope=\"row\">Speicher- und Leistungskapazit\u00e4t<\/th>\n<td>Ja (microSD\u2122-Karte mit maximal 32\u00a0GB)<\/td>\n<\/tr>\n<tr>\n<th scope=\"row\">Wegpunkte<\/th>\n<td>5<\/td>\n<\/tr>\n<tr>\n<th scope=\"row\">Tracks<\/th>\n<td>200<\/td>\n<\/tr>\n<tr>\n<th scope=\"row\">Trackaufzeichnung<\/th>\n<td>10.000\u00a0Punkte, 200\u00a0gespeicherte Tracks<\/td>\n<\/tr>\n<tr>\n<th scope=\"row\">Routen<\/th>\n<td>200, 250\u00a0Punkte pro Route; 50\u00a0Punkte bei automatischer Routenberechnung<\/td>\n<\/tr>\n<\/tbody>\n<\/table>\n<table>\n<tbody>\n<tr class=\"title\">\n<td colspan=\"2\">\n<h3>Sensoren<\/h3>\n<\/td>\n<\/tr>\n<tr>\n<th scope=\"row\">GPS<\/th>\n<td>\u2714<\/td>\n<\/tr>\n<tr>\n<th scope=\"row\">GLONASS<\/th>\n<td>\u2714<\/td>\n<\/tr>\n<tr>\n<th scope=\"row\">Galileo<\/th>\n<td>\u2714<\/td>\n<\/tr>\n<tr>\n<th scope=\"row\">Barometrischer H\u00f6henmesser<\/th>\n<td>\u2714<\/td>\n<\/tr>\n<tr>\n<th scope=\"row\">Kompass<\/th>\n<td>Ja (3\u00a0Achsen, Neigungskorrektur)<\/td>\n<\/tr>\n<tr>\n<th scope=\"row\">GPS-Kompass (wenn in Bewegung)<\/th>\n<td>\u2714<\/td>\n<\/tr>\n<\/tbody>\n<\/table>\n<table>\n<tbody>\n<tr class=\"title\">\n<td colspan=\"2\">\n<h3>T\u00e4gliche Smart-Funktionen<\/h3>\n<\/td>\n<\/tr>\n<tr>\n<th scope=\"row\">VIRB\u00ae-Fernbedienung<\/th>\n<td>\u2714<\/td>\n<\/tr>\n<tr>\n<th scope=\"row\">Kompatibel mit Garmin Connect<sup>\u2122<\/sup>\u00a0Mobile<\/th>\n<td>\u2714<\/td>\n<\/tr>\n<tr>\n<th scope=\"row\">Smart Notifications auf dem Handger\u00e4t<\/th>\n<td>\u2714<\/td>\n<\/tr>\n<\/tbody>\n<\/table>\n<table>\n<tbody>\n<tr class=\"title\">\n<td colspan=\"2\">\n<h3>Outdoor-Freizeitfunktionen<\/h3>\n<\/td>\n<\/tr>\n<tr>\n<th scope=\"row\">Punkt-zu-Punkt-Navigation<\/th>\n<td>\u2714<\/td>\n<\/tr>\n<tr>\n<th scope=\"row\">Kompatibel mit BaseCamp\u2122<\/th>\n<td>\u2714<\/td>\n<\/tr>\n<tr>\n<th scope=\"row\">Fl\u00e4chenberechnung<\/th>\n<td>\u2714<\/td>\n<\/tr>\n<tr>\n<th scope=\"row\">Jagd- und Angelkalender<\/th>\n<td>\u2714<\/td>\n<\/tr>\n<tr>\n<th scope=\"row\">Sonnen- und Mondkalender<\/th>\n<td>\u2714<\/td>\n<\/tr>\n<tr>\n<th scope=\"row\">Geocaching-Modus<\/th>\n<td>Ja (papierlos)<\/td>\n<\/tr>\n<tr>\n<th scope=\"row\">Kompatibel mit Custom Maps<\/th>\n<td>Ja (500 benutzerdefinierte Kartenkacheln)<\/td>\n<\/tr>\n<tr>\n<th scope=\"row\">Bildbetrachter<\/th>\n<td>\u2714<\/td>\n<\/tr>\n<\/tbody>\n<\/table>\n<table>\n<tbody>\n<tr class=\"title\">\n<td colspan=\"2\">\n<h3>Au\u00dfenanwendungen<\/h3>\n<\/td>\n<\/tr>\n<tr>\n<th scope=\"row\">Kompatibel mit der Garmin Explore \u2122 App<\/th>\n<td>\u2714<\/td>\n<\/tr>\n<tr>\n<th scope=\"row\">Kompatibel mit der Garmin Explore-Website<\/th>\n<td>\u2714<\/td>\n<\/tr>\n<\/tbody>\n<\/table>\n<\/div>\n<\/div>","protected":false},"excerpt":{"rendered":"<p>Garmin\u00a0GPSMAP 65s Du bist Garmin GPSMAP 65s bereit, die gro\u00dfe, weite Welt zu entdecken? Mit dem robusten\u00a0 verlierst du nie<\/p>","protected":false},"featured_media":64009,"comment_status":"open","ping_status":"closed","template":"","meta":{"_rtcl_gb_attr":""},"product_brand":[],"product_cat":[537,318],"product_tag":[],"class_list":{"0":"post-46840","1":"product","2":"type-product","3":"status-publish","4":"has-post-thumbnail","6":"product_cat-elektronik","7":"product_cat-outdoor","8":"pa_marke-garmin","10":"first","11":"instock","12":"sale","13":"taxable","14":"shipping-taxable","15":"purchasable","16":"product-type-simple"},"yoast_head":"<!-- This site is optimized with the Yoast SEO Premium plugin v20.12 (Yoast SEO v27.4) - https:\/\/yoast.com\/product\/yoast-seo-premium-wordpress\/ -->\n<title>Garmin GPSMAP 65s<\/title>\n<meta name=\"description\" content=\"cioelectro.com bietet Ihnen das Garmin GPSMAP 65s zum besten Preis mit kostenlosem Versand in ganz EuropaGarmin GPSMAP 65sGarmin GPSMAP 65s\" \/>\n<meta name=\"robots\" content=\"index, follow, max-snippet:-1, max-image-preview:large, max-video-preview:-1\" \/>\n<link rel=\"canonical\" href=\"https:\/\/cioelectro.com\/en\/produkt\/garmin-gpsmap-65s\/\" \/>\n<meta property=\"og:locale\" content=\"en_US\" \/>\n<meta property=\"og:type\" content=\"article\" \/>\n<meta property=\"og:title\" content=\"Garmin GPSMAP 65s\" \/>\n<meta property=\"og:description\" content=\"Entdecken Sie unseren Online-Fahrradladen: Gro\u00dfe Auswahl an Modellen f\u00fcr alle Radsportbegeisterten. Von Rennr\u00e4dern bis zu Mountainbikes - finden Sie heute Ihren perfekten Wegbegleiter!\" \/>\n<meta property=\"og:url\" content=\"https:\/\/cioelectro.com\/en\/produkt\/garmin-gpsmap-65s\/\" \/>\n<meta property=\"og:site_name\" content=\"cioelectro.com\" \/>\n<meta property=\"article:modified_time\" content=\"2023-08-10T19:04:30+00:00\" \/>\n<meta property=\"og:image\" content=\"https:\/\/cioelectro.com\/wp-content\/uploads\/2023\/06\/Garmin-GPSMap-R-66i-GPS-Handgerat-010-02088-02_800x800-0-1.jpg\" \/>\n\t<meta property=\"og:image:width\" content=\"332\" \/>\n\t<meta property=\"og:image:height\" content=\"800\" \/>\n\t<meta property=\"og:image:type\" content=\"image\/jpeg\" \/>\n<meta name=\"twitter:card\" content=\"summary_large_image\" \/>\n<meta name=\"twitter:label1\" content=\"Est. reading time\" \/>\n\t<meta name=\"twitter:data1\" content=\"3 minutes\" \/>\n<script type=\"application\/ld+json\" class=\"yoast-schema-graph\">{\"@context\":\"https:\\\/\\\/schema.org\",\"@graph\":[{\"@type\":\"WebPage\",\"@id\":\"https:\\\/\\\/cioelectro.com\\\/produkt\\\/garmin-gpsmap-65s\\\/\",\"url\":\"https:\\\/\\\/cioelectro.com\\\/produkt\\\/garmin-gpsmap-65s\\\/\",\"name\":\"Garmin GPSMAP 65s\",\"isPartOf\":{\"@id\":\"https:\\\/\\\/cioelectro.com\\\/#website\"},\"primaryImageOfPage\":{\"@id\":\"https:\\\/\\\/cioelectro.com\\\/produkt\\\/garmin-gpsmap-65s\\\/#primaryimage\"},\"image\":{\"@id\":\"https:\\\/\\\/cioelectro.com\\\/produkt\\\/garmin-gpsmap-65s\\\/#primaryimage\"},\"thumbnailUrl\":\"https:\\\/\\\/cioelectro.com\\\/wp-content\\\/uploads\\\/2023\\\/06\\\/Garmin-GPSMap-R-66i-GPS-Handgerat-010-02088-02_800x800-0-1.jpg\",\"datePublished\":\"2022-11-30T16:21:41+00:00\",\"dateModified\":\"2023-08-10T19:04:30+00:00\",\"description\":\"cioelectro.com bietet Ihnen das Garmin GPSMAP 65s zum besten Preis mit kostenlosem Versand in ganz EuropaGarmin GPSMAP 65sGarmin GPSMAP 65s\",\"breadcrumb\":{\"@id\":\"https:\\\/\\\/cioelectro.com\\\/produkt\\\/garmin-gpsmap-65s\\\/#breadcrumb\"},\"inLanguage\":\"en-US\",\"potentialAction\":[{\"@type\":\"ReadAction\",\"target\":[\"https:\\\/\\\/cioelectro.com\\\/produkt\\\/garmin-gpsmap-65s\\\/\"]}]},{\"@type\":\"ImageObject\",\"inLanguage\":\"en-US\",\"@id\":\"https:\\\/\\\/cioelectro.com\\\/produkt\\\/garmin-gpsmap-65s\\\/#primaryimage\",\"url\":\"https:\\\/\\\/cioelectro.com\\\/wp-content\\\/uploads\\\/2023\\\/06\\\/Garmin-GPSMap-R-66i-GPS-Handgerat-010-02088-02_800x800-0-1.jpg\",\"contentUrl\":\"https:\\\/\\\/cioelectro.com\\\/wp-content\\\/uploads\\\/2023\\\/06\\\/Garmin-GPSMap-R-66i-GPS-Handgerat-010-02088-02_800x800-0-1.jpg\",\"width\":332,\"height\":800,\"caption\":\"Garmin GPSMAP 65s\"},{\"@type\":\"BreadcrumbList\",\"@id\":\"https:\\\/\\\/cioelectro.com\\\/produkt\\\/garmin-gpsmap-65s\\\/#breadcrumb\",\"itemListElement\":[{\"@type\":\"ListItem\",\"position\":1,\"name\":\"Startseite\",\"item\":\"https:\\\/\\\/cioelectro.com\\\/\"},{\"@type\":\"ListItem\",\"position\":2,\"name\":\"LADEN\",\"item\":\"https:\\\/\\\/cioelectro.com\\\/laden\\\/\"},{\"@type\":\"ListItem\",\"position\":3,\"name\":\"Garmin GPSMAP 65s\"}]},{\"@type\":\"WebSite\",\"@id\":\"https:\\\/\\\/cioelectro.com\\\/#website\",\"url\":\"https:\\\/\\\/cioelectro.com\\\/\",\"name\":\"cioelectro.com\",\"description\":\"Treten Sie mit uns ins Abenteuer!\",\"publisher\":{\"@id\":\"https:\\\/\\\/cioelectro.com\\\/#organization\"},\"alternateName\":\"MEIN RADLADEN\",\"potentialAction\":[{\"@type\":\"SearchAction\",\"target\":{\"@type\":\"EntryPoint\",\"urlTemplate\":\"https:\\\/\\\/cioelectro.com\\\/?s={search_term_string}\"},\"query-input\":{\"@type\":\"PropertyValueSpecification\",\"valueRequired\":true,\"valueName\":\"search_term_string\"}}],\"inLanguage\":\"en-US\"},{\"@type\":\"Organization\",\"@id\":\"https:\\\/\\\/cioelectro.com\\\/#organization\",\"name\":\"CIOELECTRO\",\"alternateName\":\"MEIN RADLADEN\",\"url\":\"https:\\\/\\\/cioelectro.com\\\/\",\"logo\":{\"@type\":\"ImageObject\",\"inLanguage\":\"en-US\",\"@id\":\"https:\\\/\\\/cioelectro.com\\\/#\\\/schema\\\/logo\\\/image\\\/\",\"url\":\"https:\\\/\\\/cioelectro.com\\\/wp-content\\\/uploads\\\/2025\\\/12\\\/Logo-2-1200x800.png\",\"contentUrl\":\"https:\\\/\\\/cioelectro.com\\\/wp-content\\\/uploads\\\/2025\\\/12\\\/Logo-2-1200x800.png\",\"width\":1200,\"height\":800,\"caption\":\"CIOELECTRO\"},\"image\":{\"@id\":\"https:\\\/\\\/cioelectro.com\\\/#\\\/schema\\\/logo\\\/image\\\/\"}}]}<\/script>\n<!-- \/ Yoast SEO Premium plugin. -->","yoast_head_json":{"title":"Garmin GPSMAP 65s","description":"cioelectro.com bietet Ihnen das Garmin GPSMAP 65s zum besten Preis mit kostenlosem Versand in ganz EuropaGarmin GPSMAP 65sGarmin GPSMAP 65s","robots":{"index":"index","follow":"follow","max-snippet":"max-snippet:-1","max-image-preview":"max-image-preview:large","max-video-preview":"max-video-preview:-1"},"canonical":"https:\/\/cioelectro.com\/en\/produkt\/garmin-gpsmap-65s\/","og_locale":"en_US","og_type":"article","og_title":"Garmin GPSMAP 65s","og_description":"Entdecken Sie unseren Online-Fahrradladen: Gro\u00dfe Auswahl an Modellen f\u00fcr alle Radsportbegeisterten. Von Rennr\u00e4dern bis zu Mountainbikes - finden Sie heute Ihren perfekten Wegbegleiter!","og_url":"https:\/\/cioelectro.com\/en\/produkt\/garmin-gpsmap-65s\/","og_site_name":"cioelectro.com","article_modified_time":"2023-08-10T19:04:30+00:00","og_image":[{"width":332,"height":800,"url":"https:\/\/cioelectro.com\/wp-content\/uploads\/2023\/06\/Garmin-GPSMap-R-66i-GPS-Handgerat-010-02088-02_800x800-0-1.jpg","type":"image\/jpeg"}],"twitter_card":"summary_large_image","twitter_misc":{"Est. reading time":"3 minutes"},"schema":{"@context":"https:\/\/schema.org","@graph":[{"@type":"WebPage","@id":"https:\/\/cioelectro.com\/produkt\/garmin-gpsmap-65s\/","url":"https:\/\/cioelectro.com\/produkt\/garmin-gpsmap-65s\/","name":"Garmin GPSMAP 65s","isPartOf":{"@id":"https:\/\/cioelectro.com\/#website"},"primaryImageOfPage":{"@id":"https:\/\/cioelectro.com\/produkt\/garmin-gpsmap-65s\/#primaryimage"},"image":{"@id":"https:\/\/cioelectro.com\/produkt\/garmin-gpsmap-65s\/#primaryimage"},"thumbnailUrl":"https:\/\/cioelectro.com\/wp-content\/uploads\/2023\/06\/Garmin-GPSMap-R-66i-GPS-Handgerat-010-02088-02_800x800-0-1.jpg","datePublished":"2022-11-30T16:21:41+00:00","dateModified":"2023-08-10T19:04:30+00:00","description":"cioelectro.com bietet Ihnen das Garmin GPSMAP 65s zum besten Preis mit kostenlosem Versand in ganz EuropaGarmin GPSMAP 65sGarmin GPSMAP 65s","breadcrumb":{"@id":"https:\/\/cioelectro.com\/produkt\/garmin-gpsmap-65s\/#breadcrumb"},"inLanguage":"en-US","potentialAction":[{"@type":"ReadAction","target":["https:\/\/cioelectro.com\/produkt\/garmin-gpsmap-65s\/"]}]},{"@type":"ImageObject","inLanguage":"en-US","@id":"https:\/\/cioelectro.com\/produkt\/garmin-gpsmap-65s\/#primaryimage","url":"https:\/\/cioelectro.com\/wp-content\/uploads\/2023\/06\/Garmin-GPSMap-R-66i-GPS-Handgerat-010-02088-02_800x800-0-1.jpg","contentUrl":"https:\/\/cioelectro.com\/wp-content\/uploads\/2023\/06\/Garmin-GPSMap-R-66i-GPS-Handgerat-010-02088-02_800x800-0-1.jpg","width":332,"height":800,"caption":"Garmin GPSMAP 65s"},{"@type":"BreadcrumbList","@id":"https:\/\/cioelectro.com\/produkt\/garmin-gpsmap-65s\/#breadcrumb","itemListElement":[{"@type":"ListItem","position":1,"name":"Startseite","item":"https:\/\/cioelectro.com\/"},{"@type":"ListItem","position":2,"name":"LADEN","item":"https:\/\/cioelectro.com\/laden\/"},{"@type":"ListItem","position":3,"name":"Garmin GPSMAP 65s"}]},{"@type":"WebSite","@id":"https:\/\/cioelectro.com\/#website","url":"https:\/\/cioelectro.com\/","name":"cioelectro.com","description":"Treten Sie mit uns ins Abenteuer!","publisher":{"@id":"https:\/\/cioelectro.com\/#organization"},"alternateName":"MEIN RADLADEN","potentialAction":[{"@type":"SearchAction","target":{"@type":"EntryPoint","urlTemplate":"https:\/\/cioelectro.com\/?s={search_term_string}"},"query-input":{"@type":"PropertyValueSpecification","valueRequired":true,"valueName":"search_term_string"}}],"inLanguage":"en-US"},{"@type":"Organization","@id":"https:\/\/cioelectro.com\/#organization","name":"CIOELECTRO","alternateName":"MEIN RADLADEN","url":"https:\/\/cioelectro.com\/","logo":{"@type":"ImageObject","inLanguage":"en-US","@id":"https:\/\/cioelectro.com\/#\/schema\/logo\/image\/","url":"https:\/\/cioelectro.com\/wp-content\/uploads\/2025\/12\/Logo-2-1200x800.png","contentUrl":"https:\/\/cioelectro.com\/wp-content\/uploads\/2025\/12\/Logo-2-1200x800.png","width":1200,"height":800,"caption":"CIOELECTRO"},"image":{"@id":"https:\/\/cioelectro.com\/#\/schema\/logo\/image\/"}}]}},"_links":{"self":[{"href":"https:\/\/cioelectro.com\/en\/wp-json\/wp\/v2\/product\/46840","targetHints":{"allow":["GET"]}}],"collection":[{"href":"https:\/\/cioelectro.com\/en\/wp-json\/wp\/v2\/product"}],"about":[{"href":"https:\/\/cioelectro.com\/en\/wp-json\/wp\/v2\/types\/product"}],"replies":[{"embeddable":true,"href":"https:\/\/cioelectro.com\/en\/wp-json\/wp\/v2\/comments?post=46840"}],"version-history":[{"count":0,"href":"https:\/\/cioelectro.com\/en\/wp-json\/wp\/v2\/product\/46840\/revisions"}],"wp:featuredmedia":[{"embeddable":true,"href":"https:\/\/cioelectro.com\/en\/wp-json\/wp\/v2\/media\/64009"}],"wp:attachment":[{"href":"https:\/\/cioelectro.com\/en\/wp-json\/wp\/v2\/media?parent=46840"}],"wp:term":[{"taxonomy":"product_brand","embeddable":true,"href":"https:\/\/cioelectro.com\/en\/wp-json\/wp\/v2\/product_brand?post=46840"},{"taxonomy":"product_cat","embeddable":true,"href":"https:\/\/cioelectro.com\/en\/wp-json\/wp\/v2\/product_cat?post=46840"},{"taxonomy":"product_tag","embeddable":true,"href":"https:\/\/cioelectro.com\/en\/wp-json\/wp\/v2\/product_tag?post=46840"}],"curies":[{"name":"wp","href":"https:\/\/api.w.org\/{rel}","templated":true}]}}