{"id":46906,"date":"2022-11-30T19:38:43","date_gmt":"2022-11-30T18:38:43","guid":{"rendered":"https:\/\/meinradladen.com\/?post_type=product&#038;p=46906"},"modified":"2023-08-10T20:58:32","modified_gmt":"2023-08-10T18:58:32","slug":"tacx-indoor-training-bundle-neo-2t-t2875-smart-motion-plates-matte-6-monate-abo","status":"publish","type":"product","link":"https:\/\/cioelectro.com\/en\/produkt\/tacx-indoor-training-bundle-neo-2t-t2875-smart-motion-plates-matte-6-monate-abo\/","title":{"rendered":"Tacx Indoor Training Bundle NEO 2T T2875 Smart  Matte"},"content":{"rendered":"<h2 class=\"product--title\"><strong>Tacx<\/strong>\u00a0Indoor Training Bundle NEO 2T T2875 Smart + Motion Plates + Matte + 6 Monate Abo<\/h2>\n<p>Mit Tacx Indoor Training <a href=\"http:\/\/1-1\">Smart<\/a> Indoor-Training Bundle steht deinem ultimativen Indoor-Erlebnis nichts mehr im Weg. Die Kombination aus Tacx NEO und Motion Plates bietet dir dank multidirektionaler Beweglichkeit ein Fahrgef\u00fchl wie bei deinen Touren im Freien. Da dich deine Aktivit\u00e4ten sicherlich zum Schwitzen bringen, sch\u00fctzt die in diesem Set enthaltene Trainermatte deine Fu\u00dfb\u00f6den.<\/p>\n<hr \/>\n<h3>Lieferumfang &#8211; TACX Indoor Training Bundle NEO 2T T2875 Smart Trainer + NEO Motion Plates + Tainermatte + 6 Monate Tacx Premium Abo<\/h3>\n<ul>\n<li>1 x Tacx NEO 2T Smart T2875 Heimtrainer<\/li>\n<li>1 x Tacx Vorderradhalterung<\/li>\n<li>1 x Tacx Schnellspanner (5 mm) mit Adaptern<\/li>\n<li>1 x Tacx NEO Motion Plates<\/li>\n<li>1 x Tacx Trainermatte T2918 rollbar<\/li>\n<li>6 Monate Tacx Premium gratis (Prepaid Card)<\/li>\n<\/ul>\n<p><em><b>Hinweis:<\/b>\u00a0Eine Zahnkranz-Kassette ist nicht im Lieferumfang enthalten!<\/em><\/p>\n<hr \/>\n<h2>Indoor-Training so smooth wie \u00fcberhaupt m\u00f6glich: der NEO 2T Smart T2875 Direktantriebstrainer von Tacx<\/h2>\n<p>Der NEO 2T verf\u00fcgt nat\u00fcrlich nach wie vor \u00fcber die renommierten Funktionen wie Stra\u00dfengef\u00fchl, dynamische Tr\u00e4gheit und Abfahrtssimulation. Die Pedalhubanalyse wurde nochmals verbessert und kann nun mit Anwendungen von Drittanbietern angezeigt werden, so dass du deine Leistung ganz flexibel mit der Software deiner Wahl verbessern kannst. Mit dem NEO 2T Smart Direkttrainer hat Tacx etwas geschafft, was als unm\u00f6glich galt: einen extrem leisen Rollentrainer. Durch die Neugestaltung der internen Komponenten konnten Lautst\u00e4rkeentwicklung und Leistung des NEO 2T deutlich verbessert werden.<\/p>\n<h3>Features &#8211; Tacx NEO 2T Smart T2875 Direktantriebstrainer<\/h3>\n<ul>\n<li><b>Pedaltritt-Analyse:<\/b>\u00a0Misst die genaue Position deines linken und rechten Beins<\/li>\n<li><b>Road Feel:<\/b>\u00a0Erlebe das typische R\u00fctteln beim Fahren \u00fcber Kopfsteinpflaster und Kies<\/li>\n<li><b>Isokinetisch und Isotonisch:<\/b>\u00a0Trainiere mit gleichbleibender Geschwindigkeit oder fest eingestelltem Leistungsniveau<\/li>\n<li><b>Kalibrierung:\u00a0<\/b>Keine Kalibrierung notwenig<\/li>\n<li><b>Verbindungsanzeigen:<\/b>\u00a0Intuitiv verst\u00e4ndliche LED-Leuchten zeigen, ob du verbunden bist und Strom hast oder nicht<\/li>\n<li><b>Faltrahmen:<\/b>\u00a0Durch den Faltrahmen l\u00e4sst er sich einfach transportieren und verstauen<\/li>\n<\/ul>\n<h3>Produkteigenschaften<\/h3>\n<ul>\n<li><strong>Trainertyp:\u00a0<\/strong>Interaktiver Smart-Trainer, Direktantrieb mit Motorbremse<\/li>\n<li><strong>Magnete:<\/strong>\u00a032 Neodym-Magnete<\/li>\n<li><strong>\u00dcbertragung:<\/strong>\u00a0Nein<\/li>\n<li><strong>Elektrischer Anschluss:\u00a0<\/strong>110-240 Volt, Netzstecker optional<\/li>\n<li><strong>Leistungsanzeige:\u00a0<\/strong>Mehrfarbige LED, Spotlight auf dem Boden<\/li>\n<li><strong>Verbindungsanzeige:\u00a0<\/strong>2 LEDs<\/li>\n<li><strong>Firmware Upgrade-f\u00e4hig:\u00a0<\/strong>Ja<\/li>\n<li><strong>Geeignete Kassetten:\u00a0<\/strong>Shimano &amp; SRAM: 8 t\/m 11 speed. Der Campagnolo-Freilaufk\u00f6rper wird separat verkauft.<\/li>\n<li><strong>Geeignete Achsen:\u00a0<\/strong>Breite der Hinterradgabel: Race 130mm, MTB 135mm, 142mm und 148mm. Adapter f\u00fcr 135x10mm erh\u00e4ltlich<\/li>\n<\/ul>\n<h3>Leistungs-Spezifikationen<\/h3>\n<ul>\n<li><strong>Max. Leistung (40 km\/h):\u00a0<\/strong>2200 Watt<\/li>\n<li><strong>Max. incline:<\/strong>\u00a025%<\/li>\n<li><strong>Abfahrtssimulation:<\/strong>\u00a0Ja<\/li>\n<li><strong>Max. Moment:\u00a0<\/strong>88 Nm<\/li>\n<li><strong>Max. Bremskraft:\u00a0<\/strong>260 N<\/li>\n<li><strong>Schwungrad:<\/strong>\u00a0Virtuell<\/li>\n<li><strong>Massentr\u00e4gheit:<\/strong>\u00a0Variabel bis 125 kg (275.6lbs)<\/li>\n<li><strong>Fl\u00e4che (L x B x H):\u00a0<\/strong>575 \u00d7 750 x 550mm<\/li>\n<li><strong>Abmessungen zusammengeklappt:\u00a0<\/strong>620\u00d7260\u00d7440 mm<\/li>\n<\/ul>\n<h3>Datenausgabe und Steuerung<\/h3>\n<ul>\n<li><strong>Kabellose Kommunikation:<\/strong>\u00a0ANT+ FE-C , Bluetooth Smart open<\/li>\n<li><strong>Bedienung mit:\u00a0<\/strong>Smartphone, Tablet, ANT+FE-C Fahrradcomputer, Standalone Link, Computer \u00fcber ANT+ Antenne<\/li>\n<li><strong>Ausgabe:<\/strong>\u00a0Tempo, Trittfrequenz, Leistung<\/li>\n<li><strong>Ausleseger\u00e4te:\u00a0<\/strong>Smartphone, Tablet, Fahrradcomputer, Sportuhr, Computer mit ANT+ Antenne<\/li>\n<li><strong>Genauigkeit:\u00a0<\/strong>&lt;1%<\/li>\n<\/ul>\n<h3>Gewicht<\/h3>\n<ul>\n<li>21,5\u202fkg (Herstellerangabe)<\/li>\n<\/ul>\n<p><strong>Deine Lieblings-Apps:\u00a0<\/strong>Trainiere mit deiner Lieblings-Fahrrad-Software, wie Zwift, TrainerRoad und Sufferfest. Die Tacx Smart-Trainer lassen sich m\u00fchelos an die beliebtesten Trainings-Apps anschlie\u00dfen und \u00fcber diese Apps steuern. Fahre online Rennen in den virtuellen Welten von Zwift, erreiche deine Radsportziele mit den Trainingspl\u00e4nen von TrainerRoad oder tue einfach, worauf du gerade Lust hast.<\/p>\n<h3>Kompatible Software<\/h3>\n<ul>\n<li>Tacx<\/li>\n<li>Zwift<\/li>\n<li>Trainerroad<\/li>\n<li>Rouvy<\/li>\n<li>Sufferfest<\/li>\n<li>Kinomap<\/li>\n<li>Fulgaz<\/li>\n<li>Bkool<\/li>\n<li>Road Grand Tours<\/li>\n<\/ul>\n<p><strong>Tacx Utility-App<\/strong><br \/>\nMit der Tacx Utility App kannst du einfach die Firmware deines Tacx Smart-Trainers aktualisieren sowie den Trainer testen und kalibrieren. Lade die App kostenlos aus dem App Store oder aus Google Play herunter.\u00a0Fahrradcomputer und Sportuhren<br \/>\nVerbinde deinen Smart-Trainer m\u00fchelos mit Fahrradcomputer oder Sportuhr. Zeige deine Trainingsdaten auf diesen Ger\u00e4ten an. Eine Reihe von Fahrradcomputern und Sportuhren kann auch den Fahrwiderstand deines Smart-Fahrradtrainers steuern.<\/p>\n<hr \/>\n<h3>Tacx\u00ae NEO 2T Smart Trainer: Everything you need to know<\/h3>\n<p><iframe title=\"YouTube video player\" src=\"https:\/\/www.youtube-nocookie.com\/embed\/JYvdO4KXp5E\" width=\"640\" height=\"360\" frameborder=\"0\" allowfullscreen=\"allowfullscreen\" data-mce-fragment=\"1\"><\/iframe><\/p>\n<hr \/>\n<h3>Features &#8211; Tacx NEO Motion Plates<\/h3>\n<ul>\n<li>Die multidirektionale Beweglichkeit simuliert das Gef\u00fchl einer Tour im Freien<\/li>\n<li>Du bist sofort bereit &#8211; Die Motion Plates lassen sich einfach, schnell und werkzeugfrei montieren<\/li>\n<li>Nimm eine nat\u00fcrlichere Fahrposition ein und trainiere noch effizienter<\/li>\n<li>Dein Trainer der NEO-Serie ist nahezu ger\u00e4uschlos. So bleibt es auch.<\/li>\n<\/ul>\n<h3>Produkteigenschaften<\/h3>\n<ul>\n<li><strong>Gr\u00f6\u00dfe:<\/strong>\u00a0582 x 122 x 102 mm<\/li>\n<li><strong>Zus\u00e4tzliche H\u00f6he des Trainers:<\/strong>\u00a025 mm<\/li>\n<li><strong>Bewegungsbereich:<\/strong>\u00a050 mm<\/li>\n<li><strong>Kompatible Trainer:<\/strong>\u00a0Neo, Neo 2, Neo 2T<\/li>\n<li><strong>Reifenkompatibilit\u00e4t f\u00fcr die Vorderradst\u00fctze:<\/strong>\u00a0Bis zu 28 mm<\/li>\n<\/ul>\n<h3>Gewicht<\/h3>\n<ul>\n<li>1,55 kg (Herstellerangabe)<\/li>\n<\/ul>\n<hr \/>\n<h3>Garmin Tacx Motion Plates<\/h3>\n<p><iframe title=\"YouTube video player\" src=\"https:\/\/www.youtube-nocookie.com\/embed\/xxzsDqKZdIE\" width=\"640\" height=\"360\" frameborder=\"0\" allowfullscreen=\"allowfullscreen\" data-mce-fragment=\"1\"><\/iframe><\/p>\n<hr \/>\n<h3>Features\u00a0&#8211; Trainermatte T2918 rollbar<\/h3>\n<ul>\n<li>Sch\u00fctzt den Boden vor Schwei\u00df, Abrieb und ggf. Schmutz vom Fahrrad<\/li>\n<li>Rutschfest<\/li>\n<li>Absorbiert Vibrationen und L\u00e4rm<\/li>\n<\/ul>\n<h3>Farbe<\/h3>\n<ul>\n<li>schwarz\/blau<\/li>\n<\/ul>\n<hr \/>\n<h3>Features\u00a0&#8211; Tacx Premium Software<\/h3>\n<ul>\n<li>Alle Funktionen der Gratisversion<\/li>\n<li>Filme in hoher Qualit\u00e4t<\/li>\n<li>Bis zu 30 Filme pro Monat streamen (nur Desktop App)<\/li>\n<li>Importieren von 3D GPX Trainings<\/li>\n<li>Trainingspl\u00e4ne<\/li>\n<li>Trainingsbibliothek<\/li>\n<\/ul>","protected":false},"excerpt":{"rendered":"<p>Tacx\u00a0Indoor Training Bundle NEO 2T T2875 Smart + Motion Plates + Matte + 6 Monate Abo Mit Tacx Indoor Training<\/p>","protected":false},"featured_media":64045,"comment_status":"open","ping_status":"closed","template":"","meta":{"_rtcl_gb_attr":""},"product_brand":[],"product_cat":[537,318],"product_tag":[],"class_list":{"0":"post-46906","1":"product","2":"type-product","3":"status-publish","4":"has-post-thumbnail","6":"product_cat-elektronik","7":"product_cat-outdoor","8":"pa_marke-tacx","10":"first","11":"instock","12":"sale","13":"taxable","14":"shipping-taxable","15":"purchasable","16":"product-type-simple"},"yoast_head":"<!-- This site is optimized with the Yoast SEO Premium plugin v20.12 (Yoast SEO v27.4) - https:\/\/yoast.com\/product\/yoast-seo-premium-wordpress\/ -->\n<title>Tacx Indoor Training Bundle NEO 2T T2875 Smart Matte<\/title>\n<meta name=\"description\" content=\"cioelectro.com bietet Ihnen das Tacx Indoor Training Bundle NEO 2T T2875 Smart Matte zum besten Preis mit kostenlosem Versand i\" \/>\n<meta name=\"robots\" content=\"index, follow, max-snippet:-1, max-image-preview:large, max-video-preview:-1\" \/>\n<link rel=\"canonical\" href=\"https:\/\/cioelectro.com\/en\/produkt\/tacx-indoor-training-bundle-neo-2t-t2875-smart-motion-plates-matte-6-monate-abo\/\" \/>\n<meta property=\"og:locale\" content=\"en_US\" \/>\n<meta property=\"og:type\" content=\"article\" \/>\n<meta property=\"og:title\" content=\"Tacx Indoor Training Bundle NEO 2T T2875 Smart Matte\" \/>\n<meta property=\"og:description\" content=\"Entdecken Sie unseren Online-Fahrradladen: Gro\u00dfe Auswahl an Modellen f\u00fcr alle Radsportbegeisterten. Von Rennr\u00e4dern bis zu Mountainbikes - finden Sie heute Ihren perfekten Wegbegleiter!\" \/>\n<meta property=\"og:url\" content=\"https:\/\/cioelectro.com\/en\/produkt\/tacx-indoor-training-bundle-neo-2t-t2875-smart-motion-plates-matte-6-monate-abo\/\" \/>\n<meta property=\"og:site_name\" content=\"cioelectro.com\" \/>\n<meta property=\"article:modified_time\" content=\"2023-08-10T18:58:32+00:00\" \/>\n<meta property=\"og:image\" content=\"https:\/\/cioelectro.com\/wp-content\/uploads\/2023\/06\/Tacx-Neo-2T-Smart-Indoor-Training-Bundle-20120328-Masterl0c5HfJHFVrxg_800x800-0.jpg\" \/>\n\t<meta property=\"og:image:width\" content=\"800\" \/>\n\t<meta property=\"og:image:height\" content=\"800\" \/>\n\t<meta property=\"og:image:type\" content=\"image\/jpeg\" \/>\n<meta name=\"twitter:card\" content=\"summary_large_image\" \/>\n<meta name=\"twitter:label1\" content=\"Est. reading time\" \/>\n\t<meta name=\"twitter:data1\" content=\"5 minutes\" \/>\n<script type=\"application\/ld+json\" class=\"yoast-schema-graph\">{\"@context\":\"https:\\\/\\\/schema.org\",\"@graph\":[{\"@type\":\"WebPage\",\"@id\":\"https:\\\/\\\/cioelectro.com\\\/produkt\\\/tacx-indoor-training-bundle-neo-2t-t2875-smart-motion-plates-matte-6-monate-abo\\\/\",\"url\":\"https:\\\/\\\/cioelectro.com\\\/produkt\\\/tacx-indoor-training-bundle-neo-2t-t2875-smart-motion-plates-matte-6-monate-abo\\\/\",\"name\":\"Tacx Indoor Training Bundle NEO 2T T2875 Smart Matte\",\"isPartOf\":{\"@id\":\"https:\\\/\\\/cioelectro.com\\\/#website\"},\"primaryImageOfPage\":{\"@id\":\"https:\\\/\\\/cioelectro.com\\\/produkt\\\/tacx-indoor-training-bundle-neo-2t-t2875-smart-motion-plates-matte-6-monate-abo\\\/#primaryimage\"},\"image\":{\"@id\":\"https:\\\/\\\/cioelectro.com\\\/produkt\\\/tacx-indoor-training-bundle-neo-2t-t2875-smart-motion-plates-matte-6-monate-abo\\\/#primaryimage\"},\"thumbnailUrl\":\"https:\\\/\\\/cioelectro.com\\\/wp-content\\\/uploads\\\/2023\\\/06\\\/Tacx-Neo-2T-Smart-Indoor-Training-Bundle-20120328-Masterl0c5HfJHFVrxg_800x800-0.jpg\",\"datePublished\":\"2022-11-30T18:38:43+00:00\",\"dateModified\":\"2023-08-10T18:58:32+00:00\",\"description\":\"cioelectro.com bietet Ihnen das Tacx Indoor Training Bundle NEO 2T T2875 Smart Matte zum besten Preis mit kostenlosem Versand i\",\"breadcrumb\":{\"@id\":\"https:\\\/\\\/cioelectro.com\\\/produkt\\\/tacx-indoor-training-bundle-neo-2t-t2875-smart-motion-plates-matte-6-monate-abo\\\/#breadcrumb\"},\"inLanguage\":\"en-US\",\"potentialAction\":[{\"@type\":\"ReadAction\",\"target\":[\"https:\\\/\\\/cioelectro.com\\\/produkt\\\/tacx-indoor-training-bundle-neo-2t-t2875-smart-motion-plates-matte-6-monate-abo\\\/\"]}]},{\"@type\":\"ImageObject\",\"inLanguage\":\"en-US\",\"@id\":\"https:\\\/\\\/cioelectro.com\\\/produkt\\\/tacx-indoor-training-bundle-neo-2t-t2875-smart-motion-plates-matte-6-monate-abo\\\/#primaryimage\",\"url\":\"https:\\\/\\\/cioelectro.com\\\/wp-content\\\/uploads\\\/2023\\\/06\\\/Tacx-Neo-2T-Smart-Indoor-Training-Bundle-20120328-Masterl0c5HfJHFVrxg_800x800-0.jpg\",\"contentUrl\":\"https:\\\/\\\/cioelectro.com\\\/wp-content\\\/uploads\\\/2023\\\/06\\\/Tacx-Neo-2T-Smart-Indoor-Training-Bundle-20120328-Masterl0c5HfJHFVrxg_800x800-0.jpg\",\"width\":800,\"height\":800,\"caption\":\"Tacx Indoor Training Bundle NEO 2T T2875 Smart + Motion Plates + Matte + 6 Monate Abo\"},{\"@type\":\"BreadcrumbList\",\"@id\":\"https:\\\/\\\/cioelectro.com\\\/produkt\\\/tacx-indoor-training-bundle-neo-2t-t2875-smart-motion-plates-matte-6-monate-abo\\\/#breadcrumb\",\"itemListElement\":[{\"@type\":\"ListItem\",\"position\":1,\"name\":\"Startseite\",\"item\":\"https:\\\/\\\/cioelectro.com\\\/\"},{\"@type\":\"ListItem\",\"position\":2,\"name\":\"LADEN\",\"item\":\"https:\\\/\\\/cioelectro.com\\\/laden\\\/\"},{\"@type\":\"ListItem\",\"position\":3,\"name\":\"Tacx Indoor Training Bundle NEO 2T T2875 Smart Matte\"}]},{\"@type\":\"WebSite\",\"@id\":\"https:\\\/\\\/cioelectro.com\\\/#website\",\"url\":\"https:\\\/\\\/cioelectro.com\\\/\",\"name\":\"cioelectro.com\",\"description\":\"Treten Sie mit uns ins Abenteuer!\",\"publisher\":{\"@id\":\"https:\\\/\\\/cioelectro.com\\\/#organization\"},\"alternateName\":\"MEIN RADLADEN\",\"potentialAction\":[{\"@type\":\"SearchAction\",\"target\":{\"@type\":\"EntryPoint\",\"urlTemplate\":\"https:\\\/\\\/cioelectro.com\\\/?s={search_term_string}\"},\"query-input\":{\"@type\":\"PropertyValueSpecification\",\"valueRequired\":true,\"valueName\":\"search_term_string\"}}],\"inLanguage\":\"en-US\"},{\"@type\":\"Organization\",\"@id\":\"https:\\\/\\\/cioelectro.com\\\/#organization\",\"name\":\"CIOELECTRO\",\"alternateName\":\"MEIN RADLADEN\",\"url\":\"https:\\\/\\\/cioelectro.com\\\/\",\"logo\":{\"@type\":\"ImageObject\",\"inLanguage\":\"en-US\",\"@id\":\"https:\\\/\\\/cioelectro.com\\\/#\\\/schema\\\/logo\\\/image\\\/\",\"url\":\"https:\\\/\\\/cioelectro.com\\\/wp-content\\\/uploads\\\/2025\\\/12\\\/Logo-2-1200x800.png\",\"contentUrl\":\"https:\\\/\\\/cioelectro.com\\\/wp-content\\\/uploads\\\/2025\\\/12\\\/Logo-2-1200x800.png\",\"width\":1200,\"height\":800,\"caption\":\"CIOELECTRO\"},\"image\":{\"@id\":\"https:\\\/\\\/cioelectro.com\\\/#\\\/schema\\\/logo\\\/image\\\/\"}}]}<\/script>\n<!-- \/ Yoast SEO Premium plugin. -->","yoast_head_json":{"title":"Tacx Indoor Training Bundle NEO 2T T2875 Smart Matte","description":"cioelectro.com bietet Ihnen das Tacx Indoor Training Bundle NEO 2T T2875 Smart Matte zum besten Preis mit kostenlosem Versand i","robots":{"index":"index","follow":"follow","max-snippet":"max-snippet:-1","max-image-preview":"max-image-preview:large","max-video-preview":"max-video-preview:-1"},"canonical":"https:\/\/cioelectro.com\/en\/produkt\/tacx-indoor-training-bundle-neo-2t-t2875-smart-motion-plates-matte-6-monate-abo\/","og_locale":"en_US","og_type":"article","og_title":"Tacx Indoor Training Bundle NEO 2T T2875 Smart Matte","og_description":"Entdecken Sie unseren Online-Fahrradladen: Gro\u00dfe Auswahl an Modellen f\u00fcr alle Radsportbegeisterten. Von Rennr\u00e4dern bis zu Mountainbikes - finden Sie heute Ihren perfekten Wegbegleiter!","og_url":"https:\/\/cioelectro.com\/en\/produkt\/tacx-indoor-training-bundle-neo-2t-t2875-smart-motion-plates-matte-6-monate-abo\/","og_site_name":"cioelectro.com","article_modified_time":"2023-08-10T18:58:32+00:00","og_image":[{"width":800,"height":800,"url":"https:\/\/cioelectro.com\/wp-content\/uploads\/2023\/06\/Tacx-Neo-2T-Smart-Indoor-Training-Bundle-20120328-Masterl0c5HfJHFVrxg_800x800-0.jpg","type":"image\/jpeg"}],"twitter_card":"summary_large_image","twitter_misc":{"Est. reading time":"5 minutes"},"schema":{"@context":"https:\/\/schema.org","@graph":[{"@type":"WebPage","@id":"https:\/\/cioelectro.com\/produkt\/tacx-indoor-training-bundle-neo-2t-t2875-smart-motion-plates-matte-6-monate-abo\/","url":"https:\/\/cioelectro.com\/produkt\/tacx-indoor-training-bundle-neo-2t-t2875-smart-motion-plates-matte-6-monate-abo\/","name":"Tacx Indoor Training Bundle NEO 2T T2875 Smart Matte","isPartOf":{"@id":"https:\/\/cioelectro.com\/#website"},"primaryImageOfPage":{"@id":"https:\/\/cioelectro.com\/produkt\/tacx-indoor-training-bundle-neo-2t-t2875-smart-motion-plates-matte-6-monate-abo\/#primaryimage"},"image":{"@id":"https:\/\/cioelectro.com\/produkt\/tacx-indoor-training-bundle-neo-2t-t2875-smart-motion-plates-matte-6-monate-abo\/#primaryimage"},"thumbnailUrl":"https:\/\/cioelectro.com\/wp-content\/uploads\/2023\/06\/Tacx-Neo-2T-Smart-Indoor-Training-Bundle-20120328-Masterl0c5HfJHFVrxg_800x800-0.jpg","datePublished":"2022-11-30T18:38:43+00:00","dateModified":"2023-08-10T18:58:32+00:00","description":"cioelectro.com bietet Ihnen das Tacx Indoor Training Bundle NEO 2T T2875 Smart Matte zum besten Preis mit kostenlosem Versand i","breadcrumb":{"@id":"https:\/\/cioelectro.com\/produkt\/tacx-indoor-training-bundle-neo-2t-t2875-smart-motion-plates-matte-6-monate-abo\/#breadcrumb"},"inLanguage":"en-US","potentialAction":[{"@type":"ReadAction","target":["https:\/\/cioelectro.com\/produkt\/tacx-indoor-training-bundle-neo-2t-t2875-smart-motion-plates-matte-6-monate-abo\/"]}]},{"@type":"ImageObject","inLanguage":"en-US","@id":"https:\/\/cioelectro.com\/produkt\/tacx-indoor-training-bundle-neo-2t-t2875-smart-motion-plates-matte-6-monate-abo\/#primaryimage","url":"https:\/\/cioelectro.com\/wp-content\/uploads\/2023\/06\/Tacx-Neo-2T-Smart-Indoor-Training-Bundle-20120328-Masterl0c5HfJHFVrxg_800x800-0.jpg","contentUrl":"https:\/\/cioelectro.com\/wp-content\/uploads\/2023\/06\/Tacx-Neo-2T-Smart-Indoor-Training-Bundle-20120328-Masterl0c5HfJHFVrxg_800x800-0.jpg","width":800,"height":800,"caption":"Tacx Indoor Training Bundle NEO 2T T2875 Smart + Motion Plates + Matte + 6 Monate Abo"},{"@type":"BreadcrumbList","@id":"https:\/\/cioelectro.com\/produkt\/tacx-indoor-training-bundle-neo-2t-t2875-smart-motion-plates-matte-6-monate-abo\/#breadcrumb","itemListElement":[{"@type":"ListItem","position":1,"name":"Startseite","item":"https:\/\/cioelectro.com\/"},{"@type":"ListItem","position":2,"name":"LADEN","item":"https:\/\/cioelectro.com\/laden\/"},{"@type":"ListItem","position":3,"name":"Tacx Indoor Training Bundle NEO 2T T2875 Smart Matte"}]},{"@type":"WebSite","@id":"https:\/\/cioelectro.com\/#website","url":"https:\/\/cioelectro.com\/","name":"cioelectro.com","description":"Treten Sie mit uns ins Abenteuer!","publisher":{"@id":"https:\/\/cioelectro.com\/#organization"},"alternateName":"MEIN RADLADEN","potentialAction":[{"@type":"SearchAction","target":{"@type":"EntryPoint","urlTemplate":"https:\/\/cioelectro.com\/?s={search_term_string}"},"query-input":{"@type":"PropertyValueSpecification","valueRequired":true,"valueName":"search_term_string"}}],"inLanguage":"en-US"},{"@type":"Organization","@id":"https:\/\/cioelectro.com\/#organization","name":"CIOELECTRO","alternateName":"MEIN RADLADEN","url":"https:\/\/cioelectro.com\/","logo":{"@type":"ImageObject","inLanguage":"en-US","@id":"https:\/\/cioelectro.com\/#\/schema\/logo\/image\/","url":"https:\/\/cioelectro.com\/wp-content\/uploads\/2025\/12\/Logo-2-1200x800.png","contentUrl":"https:\/\/cioelectro.com\/wp-content\/uploads\/2025\/12\/Logo-2-1200x800.png","width":1200,"height":800,"caption":"CIOELECTRO"},"image":{"@id":"https:\/\/cioelectro.com\/#\/schema\/logo\/image\/"}}]}},"_links":{"self":[{"href":"https:\/\/cioelectro.com\/en\/wp-json\/wp\/v2\/product\/46906","targetHints":{"allow":["GET"]}}],"collection":[{"href":"https:\/\/cioelectro.com\/en\/wp-json\/wp\/v2\/product"}],"about":[{"href":"https:\/\/cioelectro.com\/en\/wp-json\/wp\/v2\/types\/product"}],"replies":[{"embeddable":true,"href":"https:\/\/cioelectro.com\/en\/wp-json\/wp\/v2\/comments?post=46906"}],"version-history":[{"count":0,"href":"https:\/\/cioelectro.com\/en\/wp-json\/wp\/v2\/product\/46906\/revisions"}],"wp:featuredmedia":[{"embeddable":true,"href":"https:\/\/cioelectro.com\/en\/wp-json\/wp\/v2\/media\/64045"}],"wp:attachment":[{"href":"https:\/\/cioelectro.com\/en\/wp-json\/wp\/v2\/media?parent=46906"}],"wp:term":[{"taxonomy":"product_brand","embeddable":true,"href":"https:\/\/cioelectro.com\/en\/wp-json\/wp\/v2\/product_brand?post=46906"},{"taxonomy":"product_cat","embeddable":true,"href":"https:\/\/cioelectro.com\/en\/wp-json\/wp\/v2\/product_cat?post=46906"},{"taxonomy":"product_tag","embeddable":true,"href":"https:\/\/cioelectro.com\/en\/wp-json\/wp\/v2\/product_tag?post=46906"}],"curies":[{"name":"wp","href":"https:\/\/api.w.org\/{rel}","templated":true}]}}