{"id":47032,"date":"2022-12-01T12:34:44","date_gmt":"2022-12-01T11:34:44","guid":{"rendered":"https:\/\/meinradladen.com\/?post_type=product&#038;p=47032"},"modified":"2023-08-10T20:52:20","modified_gmt":"2023-08-10T18:52:20","slug":"focus-jam%c2%b2-7-9-2","status":"publish","type":"product","link":"https:\/\/cioelectro.com\/en\/produkt\/focus-jam%c2%b2-7-9-2\/","title":{"rendered":"Focus JAM\u00b2 7.9"},"content":{"rendered":"<div class=\"product--headername\">\n<div class=\"product--headername\">\n<div class=\"product--headername\">\n<div class=\"product--headername\">\n<h2 class=\"product--title\"><strong>Focus<\/strong> JAM\u00b2 7.9<\/h2>\n<p>Das FOCUS JAM\u00b2 verschreibt sich voll und ganz dem Spa\u00df auf dem Trail. Unterst\u00fctzt vom kompakten Shimano EP8 E-Antrieb mit 720 Wh kannst du noch mehr Trails in der gleichen Zeit fahren. Das perfekt abgestimmte 150 mm F.O.L.D. Fahrwerk, 29\u201c-Laufr\u00e4der und eine super agile Geometrie machen das JAM\u00b2 verspielter als je zuvor. Du wirst mehr Berge, mehr Trails und mehr Erlebnisse sammeln.<\/p>\n<hr \/>\n<h3>Features &#8211; JAM\u00b2 7.9<\/h3>\n<p><b>Leicht und sexy<\/b><br \/>\nDank seines geringen Gewichts erklimmt das JAM\u00b2 alle Berge \u2013 und das mit Style. Der E-Antrieb sitzt formsch\u00f6n integriert im Unterrohr und verschwendet kaum Unterst\u00fctzung f\u00fcr die wenigen Kilos des Bikes.<\/p>\n<p><b>Optimale Federungs-Performance f\u00fcr jede Situation<\/b><br \/>\nDas F.O.L.D.-Fahrwerk ist speziell auf die erh\u00f6hten Anforderungen eines E-MTBs abgestimmt. So garantiert Focus auch am E-All-Mountain JAM\u00b2 den perfekten Mix: F.O.L.D. spricht extrem sensibel an, bietet aber dennoch genug Progressivit\u00e4t, damit der D\u00e4mpfer nicht durchschl\u00e4gt.<\/p>\n<p><b>Die Fahreigenschaften z\u00e4hlen<\/b><br \/>\nFocus nutzt nur Antriebe und Akkus, die es ihnen dank ihrer kompakten Bauweise erm\u00f6glichen, die Geometrie des JAM\u00b2 modern, agil und aggressiv zu zeichnen. So hast du auf dem Trail genauso viel Spa\u00df wie mit einem JAM ohne Unterst\u00fctzung.<\/p>\n<p><b>Zubeh\u00f6rtasche<\/b><br \/>\nZwischen dem Ober- und dem Unterrohr hat Focus eine praktische Zubeh\u00f6rtasche platziert. Sie ist gerade gro\u00df genug, dass ein Schlauch, ein Minitool und eine kleine Pumpe hineinpassen. Mit zwei Innensechskantschrauben ist sie <a href=\"http:\/\/focus.de\">sicher<\/a> am Rahmen befestigt und perfekt in das Design des Bikes integriert.<\/p>\n<p><b>USB-C<\/b><br \/>\nPraktisch: am Hauptschalter des Bikes ist auch eine USB-C Ladeoption integriert. Dort kannst du dein Telefon oder GPS-Ger\u00e4t laden.<\/p>\n<p><b>Adapter f\u00fcr St\u00e4nder<\/b><br \/>\nBeim JAM\u00b2 7. hat Focus eine versteckte M\u00f6glichkeit entwickelt, um einen St\u00e4nder zu montieren. Alle Modelle haben einen winzigen Adapter integriert, um einen 18 mm Standard- St\u00e4nder anzubringen \u2013 f\u00fcr jeden, der einen m\u00f6chte. F\u00fcr alle anderen ist er nahezu unsichtbar.<\/p>\n<hr \/>\n<h3>Technologien<\/h3>\n<p><b>BATTERIE INTEGRATION<\/b><br \/>\nFocus hat ein Batteriesystem mit 720 Wh f\u00fcr die JAM\u00b2 7. Serie entwickelt. Es ist vollintegriert aber einfach zu entnehmen und verf\u00fcgt \u00fcber eine externe und interne Ladem\u00f6glichkeit. Wer den Akku zum Laden entnehmen m\u00f6chte, muss nur einen einzigen Bolzen herausschrauben und kann die Batterie herausziehen. Alle anderen k\u00f6nnen den Akku ganz einfach am unteren Ende des Unterrohrs laden. Das Design der Batterie ist wegen seiner Form einzigartig. Wie das Unterrohr ist diese leicht geschwungen, um die tadellos funktionierende Geometrie zu realisieren.<\/p>\n<p><b>FOCUS OPTIMIZED LINKAGE DESIGN F.O.L.D.<\/b><br \/>\nF.O.L.D. steht f\u00fcr FOCUS Optimized Linkage Design und bietet die ultimative Hinterbaufederung. Die patentierte F.O.L.D.-Kinematik erm\u00f6glicht es, den Hinterbau f\u00fcr die unterschiedlichsten Anforderungen zu optimieren: F.O.L.D. spricht extrem sensibel an, bietet aber dennoch genug Progressivit\u00e4t, damit der D\u00e4mpfer nicht durchschl\u00e4gt. F\u00fcr das Modelljahr 2020 hat Focus F.O.L.D. einem Update unterzogen. Dabei ist der Hinterbau steifer geworden, ohne auf die bew\u00e4hrten Vorteile zu verzichten. Wie das funktioniert? Der Guidelink bewegt sich jetzt im Mainlink.<\/p>\n<p><b>FLIP CHIP<\/b><br \/>\nUnterschiedliche Fahrer*innen haben unterschiedliche Vorlieben und unterschiedliche Trails k\u00f6nnen ein unterschiedliches Set-Up verlangen. Deshalb wollen wir, dass unser Bike zu deinem Fahrstil und den lokalen Trails passt! F\u00fcr flinkes Handling auf verspielten Trails, kannst du den FLIP CHIP in der \u201eHIGH\u201c Position lassen und er gibt dir viel Agilit\u00e4t. Wenn du es hart und rau magst und anspruchsvolle Trails um die Ecke hast, stelle auf \u201eLOW\u201c.<\/p>\n<hr \/>\n<h3>Daves Suche nach dem Gl\u00fcck &#8211; Jam\u00b2 7-Serie<\/h3>\n<p><iframe title=\"YouTube video player\" src=\"https:\/\/www.youtube-nocookie.com\/embed\/yEvR0XjXBdM\" width=\"640\" height=\"360\" frameborder=\"0\" allowfullscreen=\"allowfullscreen\" data-mce-fragment=\"1\"><\/iframe><\/p>\n<h2>Ausstattung<\/h2>\n<div class=\"product--properties panel has--border\">\n<table class=\"product--properties-table\">\n<tbody>\n<tr class=\"product--properties-row row1\">\n<td class=\"product--properties-label is--bold\">Rahmen:<\/td>\n<td class=\"product--properties-value\">7005 hydroformed aluminium, 3D forging, 150 mm F.O.L.D. GEN2 kinematic, 148&#215;12 mm thru axle, internal cable routing, post mount 203 mm<\/td>\n<\/tr>\n<tr class=\"product--properties-row row2\">\n<td class=\"product--properties-label is--bold\">Rahmenmaterial:<\/td>\n<td class=\"product--properties-value\">Aluminium<\/td>\n<\/tr>\n<tr class=\"product--properties-row row3\">\n<td class=\"product--properties-label is--bold\">Laufradgr\u00f6\u00dfe:<\/td>\n<td class=\"product--properties-value\">29&#8243;<\/td>\n<\/tr>\n<tr class=\"product--properties-row row4\">\n<td class=\"product--properties-label is--bold\">Farbe:<\/td>\n<td class=\"product--properties-value\">Slate Grey<\/td>\n<\/tr>\n<tr class=\"product--properties-row row5\">\n<td class=\"product--properties-label is--bold\">Gabel:<\/td>\n<td class=\"product--properties-value\">FOX 36 Float Rhythm 29, Grip Remote, 110&#215;15 mm, 44 mm rake<\/td>\n<\/tr>\n<tr class=\"product--properties-row row6\">\n<td class=\"product--properties-label is--bold\">D\u00e4mpfer:<\/td>\n<td class=\"product--properties-value\">FOX Float X Performance, 210 \/ 55 mm, hardware: 25.0 x 8.0 mm, no Bushing<\/td>\n<\/tr>\n<tr class=\"product--properties-row row7\">\n<td class=\"product--properties-label is--bold\">Federweg:<\/td>\n<td class=\"product--properties-value\">150 mm \/ 150 mm<\/td>\n<\/tr>\n<tr class=\"product--properties-row row8\">\n<td class=\"product--properties-label is--bold\">Bremsen:<\/td>\n<td class=\"product--properties-value\">Shimano XT M8120, 4 piston<\/td>\n<\/tr>\n<tr class=\"product--properties-row row9\">\n<td class=\"product--properties-label is--bold\">Bremsscheiben:<\/td>\n<td class=\"product--properties-value\">200 mm \/ 200 mm<\/td>\n<\/tr>\n<tr class=\"product--properties-row row10\">\n<td class=\"product--properties-label is--bold\">Steuersatz:<\/td>\n<td class=\"product--properties-value\">ACROS ZS56 \/ ZS60, FOCUS C.I.S. Integrated<\/td>\n<\/tr>\n<tr class=\"product--properties-row row11\">\n<td class=\"product--properties-label is--bold\">Vorbau:<\/td>\n<td class=\"product--properties-value\">FOCUS C.I.S. integrated, 50 mm, 0\u00b0, 35 mm, aluminium<\/td>\n<\/tr>\n<tr class=\"product--properties-row row12\">\n<td class=\"product--properties-label is--bold\">Lenker:<\/td>\n<td class=\"product--properties-value\">Handlebar, 800 mm, rise: 35 mm, backsweep: 9\u00b0<\/td>\n<\/tr>\n<tr class=\"product--properties-row row13\">\n<td class=\"product--properties-label is--bold\">Griffe:<\/td>\n<td class=\"product--properties-value\">Focus Locker SL<\/td>\n<\/tr>\n<tr class=\"product--properties-row row14\">\n<td class=\"product--properties-label is--bold\">Sattel:<\/td>\n<td class=\"product--properties-value\">Proxim W350<\/td>\n<\/tr>\n<tr class=\"product--properties-row row15\">\n<td class=\"product--properties-label is--bold\">Sattelst\u00fctze:<\/td>\n<td class=\"product--properties-value\">FOCUS Post Modern dropper post PM-214, 34.9 mm<\/td>\n<\/tr>\n<\/tbody>\n<\/table>\n<table class=\"product--properties-table\">\n<tbody>\n<tr class=\"product--properties-row row16\">\n<td class=\"product--properties-label is--bold\">Kurbel:<\/td>\n<td class=\"product--properties-value\">Shimano FC-EM600, 12-speed, 36T<\/td>\n<\/tr>\n<tr class=\"product--properties-row row17\">\n<td class=\"product--properties-label is--bold\">Tretlager\/Innenlager:<\/td>\n<td class=\"product--properties-value\">Integrated in Drive Unit<\/td>\n<\/tr>\n<tr class=\"product--properties-row row18\">\n<td class=\"product--properties-label is--bold\">Schaltwerk:<\/td>\n<td class=\"product--properties-value\">Shimano Deore XT M8100, 12-speed<\/td>\n<\/tr>\n<tr class=\"product--properties-row row19\">\n<td class=\"product--properties-label is--bold\">Schalthebel:<\/td>\n<td class=\"product--properties-value\">Shimano Deore XT M8100, 12-speed<\/td>\n<\/tr>\n<tr class=\"product--properties-row row20\">\n<td class=\"product--properties-label is--bold\">Kassette:<\/td>\n<td class=\"product--properties-value\">Shimano SLX M7100, 12-speed, 11-51t<\/td>\n<\/tr>\n<tr class=\"product--properties-row row21\">\n<td class=\"product--properties-label is--bold\">Reifen:<\/td>\n<td class=\"product--properties-value\">Maxxis Minion DHF II, 2.6, 66-622<\/td>\n<\/tr>\n<tr class=\"product--properties-row row22\">\n<td class=\"product--properties-label is--bold\">Naben:<\/td>\n<td class=\"product--properties-value\">Novatec D041, 15&#215;110 mm \/ Novatec D462 Disc, 12&#215;148 mm thru axle<\/td>\n<\/tr>\n<tr class=\"product--properties-row row23\">\n<td class=\"product--properties-label is--bold\">Felgen:<\/td>\n<td class=\"product--properties-value\">RaceFace AR30 Offset<\/td>\n<\/tr>\n<tr class=\"product--properties-row row24\">\n<td class=\"product--properties-label is--bold\">Display:<\/td>\n<td class=\"product--properties-value\">Shimano Steps EM800<\/td>\n<\/tr>\n<tr class=\"product--properties-row row25\">\n<td class=\"product--properties-label is--bold\">Akku:<\/td>\n<td class=\"product--properties-value\">FOCUS Integrated, 720 Wh, removeable<\/td>\n<\/tr>\n<tr class=\"product--properties-row row26\">\n<td class=\"product--properties-label is--bold\">Motor:<\/td>\n<td class=\"product--properties-value\">Shimano Steps EP8, 250 W, 85 Nm<\/td>\n<\/tr>\n<tr class=\"product--properties-row row27\">\n<td class=\"product--properties-label is--bold\">Pedale:<\/td>\n<td class=\"product--properties-value\">nicht im Lieferumfang enthalten<\/td>\n<\/tr>\n<tr class=\"product--properties-row row28\">\n<td class=\"product--properties-label is--bold\">Zul\u00e4ssiges Gesamtgewicht:<\/td>\n<td class=\"product--properties-value\">150 kg (K\u00f6rpergewicht + Fahrrad + Ausr\u00fcstung)<\/td>\n<\/tr>\n<tr class=\"product--properties-row row29\">\n<td class=\"product--properties-label is--bold\">Gewicht Komplettrad:<\/td>\n<td class=\"product--properties-value\">24,80 kg<\/td>\n<\/tr>\n<\/tbody>\n<\/table>\n<\/div>\n<\/div>\n<\/div>\n<\/div>\n<\/div>","protected":false},"excerpt":{"rendered":"<p>Focus JAM\u00b2 7.9 Das FOCUS JAM\u00b2 verschreibt sich voll und ganz dem Spa\u00df auf dem Trail. Unterst\u00fctzt vom kompakten Shimano<\/p>","protected":false},"featured_media":64105,"comment_status":"open","ping_status":"closed","template":"","meta":{"_rtcl_gb_attr":""},"product_brand":[],"product_cat":[33,35,475],"product_tag":[],"class_list":{"0":"post-47032","1":"product","2":"type-product","3":"status-publish","4":"has-post-thumbnail","6":"product_cat-e-bike","7":"product_cat-e-bikes-2022","8":"product_cat-e-mountainbike","9":"pa_marke-focus","11":"first","12":"instock","13":"sale","14":"taxable","15":"shipping-taxable","16":"purchasable","17":"product-type-variable"},"yoast_head":"<!-- This site is optimized with the Yoast SEO Premium plugin v20.12 (Yoast SEO v27.4) - https:\/\/yoast.com\/product\/yoast-seo-premium-wordpress\/ -->\n<title>Focus JAM\u00b2 7.9<\/title>\n<meta name=\"description\" content=\"cioelectro.com bietet Ihnen das Focus JAM\u00b2 7.9 zum besten Preis mit kostenlosem Versand in ganz EuropaFocus JAM\u00b2 7.9Focus JAM\u00b2 7.9\" \/>\n<meta name=\"robots\" content=\"index, follow, max-snippet:-1, max-image-preview:large, max-video-preview:-1\" \/>\n<link rel=\"canonical\" href=\"https:\/\/cioelectro.com\/en\/produkt\/focus-jam\u00b2-7-9-2\/\" \/>\n<meta property=\"og:locale\" content=\"en_US\" \/>\n<meta property=\"og:type\" content=\"article\" \/>\n<meta property=\"og:title\" content=\"Focus JAM\u00b2 7.9\" \/>\n<meta property=\"og:description\" content=\"Entdecken Sie unseren Online-Fahrradladen: Gro\u00dfe Auswahl an Modellen f\u00fcr alle Radsportbegeisterten. Von Rennr\u00e4dern bis zu Mountainbikes - finden Sie heute Ihren perfekten Wegbegleiter!\" \/>\n<meta property=\"og:url\" content=\"https:\/\/cioelectro.com\/en\/produkt\/focus-jam\u00b2-7-9-2\/\" \/>\n<meta property=\"og:site_name\" content=\"cioelectro.com\" \/>\n<meta property=\"article:modified_time\" content=\"2023-08-10T18:52:20+00:00\" \/>\n<meta property=\"og:image\" content=\"https:\/\/cioelectro.com\/wp-content\/uploads\/2023\/06\/FO5400042v2022_2022_29_DI_GRY_090_PRO_JAM2-7-9-DEC_800x800.jpg\" \/>\n\t<meta property=\"og:image:width\" content=\"800\" \/>\n\t<meta property=\"og:image:height\" content=\"433\" \/>\n\t<meta property=\"og:image:type\" content=\"image\/jpeg\" \/>\n<meta name=\"twitter:card\" content=\"summary_large_image\" \/>\n<meta name=\"twitter:label1\" content=\"Est. reading time\" \/>\n\t<meta name=\"twitter:data1\" content=\"5 minutes\" \/>\n<script type=\"application\/ld+json\" class=\"yoast-schema-graph\">{\"@context\":\"https:\\\/\\\/schema.org\",\"@graph\":[{\"@type\":\"WebPage\",\"@id\":\"https:\\\/\\\/cioelectro.com\\\/produkt\\\/focus-jam%c2%b2-7-9-2\\\/\",\"url\":\"https:\\\/\\\/cioelectro.com\\\/produkt\\\/focus-jam%c2%b2-7-9-2\\\/\",\"name\":\"Focus JAM\u00b2 7.9\",\"isPartOf\":{\"@id\":\"https:\\\/\\\/cioelectro.com\\\/#website\"},\"primaryImageOfPage\":{\"@id\":\"https:\\\/\\\/cioelectro.com\\\/produkt\\\/focus-jam%c2%b2-7-9-2\\\/#primaryimage\"},\"image\":{\"@id\":\"https:\\\/\\\/cioelectro.com\\\/produkt\\\/focus-jam%c2%b2-7-9-2\\\/#primaryimage\"},\"thumbnailUrl\":\"https:\\\/\\\/cioelectro.com\\\/wp-content\\\/uploads\\\/2023\\\/06\\\/FO5400042v2022_2022_29_DI_GRY_090_PRO_JAM2-7-9-DEC_800x800.jpg\",\"datePublished\":\"2022-12-01T11:34:44+00:00\",\"dateModified\":\"2023-08-10T18:52:20+00:00\",\"description\":\"cioelectro.com bietet Ihnen das Focus JAM\u00b2 7.9 zum besten Preis mit kostenlosem Versand in ganz EuropaFocus JAM\u00b2 7.9Focus JAM\u00b2 7.9\",\"breadcrumb\":{\"@id\":\"https:\\\/\\\/cioelectro.com\\\/produkt\\\/focus-jam%c2%b2-7-9-2\\\/#breadcrumb\"},\"inLanguage\":\"en-US\",\"potentialAction\":[{\"@type\":\"ReadAction\",\"target\":[\"https:\\\/\\\/cioelectro.com\\\/produkt\\\/focus-jam%c2%b2-7-9-2\\\/\"]}]},{\"@type\":\"ImageObject\",\"inLanguage\":\"en-US\",\"@id\":\"https:\\\/\\\/cioelectro.com\\\/produkt\\\/focus-jam%c2%b2-7-9-2\\\/#primaryimage\",\"url\":\"https:\\\/\\\/cioelectro.com\\\/wp-content\\\/uploads\\\/2023\\\/06\\\/FO5400042v2022_2022_29_DI_GRY_090_PRO_JAM2-7-9-DEC_800x800.jpg\",\"contentUrl\":\"https:\\\/\\\/cioelectro.com\\\/wp-content\\\/uploads\\\/2023\\\/06\\\/FO5400042v2022_2022_29_DI_GRY_090_PRO_JAM2-7-9-DEC_800x800.jpg\",\"width\":800,\"height\":433,\"caption\":\"Focus JAM\u00b2 7.9\"},{\"@type\":\"BreadcrumbList\",\"@id\":\"https:\\\/\\\/cioelectro.com\\\/produkt\\\/focus-jam%c2%b2-7-9-2\\\/#breadcrumb\",\"itemListElement\":[{\"@type\":\"ListItem\",\"position\":1,\"name\":\"Startseite\",\"item\":\"https:\\\/\\\/cioelectro.com\\\/\"},{\"@type\":\"ListItem\",\"position\":2,\"name\":\"LADEN\",\"item\":\"https:\\\/\\\/cioelectro.com\\\/laden\\\/\"},{\"@type\":\"ListItem\",\"position\":3,\"name\":\"Focus JAM\u00b2 7.9\"}]},{\"@type\":\"WebSite\",\"@id\":\"https:\\\/\\\/cioelectro.com\\\/#website\",\"url\":\"https:\\\/\\\/cioelectro.com\\\/\",\"name\":\"cioelectro.com\",\"description\":\"Treten Sie mit uns ins Abenteuer!\",\"publisher\":{\"@id\":\"https:\\\/\\\/cioelectro.com\\\/#organization\"},\"alternateName\":\"MEIN RADLADEN\",\"potentialAction\":[{\"@type\":\"SearchAction\",\"target\":{\"@type\":\"EntryPoint\",\"urlTemplate\":\"https:\\\/\\\/cioelectro.com\\\/?s={search_term_string}\"},\"query-input\":{\"@type\":\"PropertyValueSpecification\",\"valueRequired\":true,\"valueName\":\"search_term_string\"}}],\"inLanguage\":\"en-US\"},{\"@type\":\"Organization\",\"@id\":\"https:\\\/\\\/cioelectro.com\\\/#organization\",\"name\":\"CIOELECTRO\",\"alternateName\":\"MEIN RADLADEN\",\"url\":\"https:\\\/\\\/cioelectro.com\\\/\",\"logo\":{\"@type\":\"ImageObject\",\"inLanguage\":\"en-US\",\"@id\":\"https:\\\/\\\/cioelectro.com\\\/#\\\/schema\\\/logo\\\/image\\\/\",\"url\":\"https:\\\/\\\/cioelectro.com\\\/wp-content\\\/uploads\\\/2025\\\/12\\\/Logo-2-1200x800.png\",\"contentUrl\":\"https:\\\/\\\/cioelectro.com\\\/wp-content\\\/uploads\\\/2025\\\/12\\\/Logo-2-1200x800.png\",\"width\":1200,\"height\":800,\"caption\":\"CIOELECTRO\"},\"image\":{\"@id\":\"https:\\\/\\\/cioelectro.com\\\/#\\\/schema\\\/logo\\\/image\\\/\"}}]}<\/script>\n<!-- \/ Yoast SEO Premium plugin. -->","yoast_head_json":{"title":"Focus JAM\u00b2 7.9","description":"cioelectro.com bietet Ihnen das Focus JAM\u00b2 7.9 zum besten Preis mit kostenlosem Versand in ganz EuropaFocus JAM\u00b2 7.9Focus JAM\u00b2 7.9","robots":{"index":"index","follow":"follow","max-snippet":"max-snippet:-1","max-image-preview":"max-image-preview:large","max-video-preview":"max-video-preview:-1"},"canonical":"https:\/\/cioelectro.com\/en\/produkt\/focus-jam\u00b2-7-9-2\/","og_locale":"en_US","og_type":"article","og_title":"Focus JAM\u00b2 7.9","og_description":"Entdecken Sie unseren Online-Fahrradladen: Gro\u00dfe Auswahl an Modellen f\u00fcr alle Radsportbegeisterten. Von Rennr\u00e4dern bis zu Mountainbikes - finden Sie heute Ihren perfekten Wegbegleiter!","og_url":"https:\/\/cioelectro.com\/en\/produkt\/focus-jam\u00b2-7-9-2\/","og_site_name":"cioelectro.com","article_modified_time":"2023-08-10T18:52:20+00:00","og_image":[{"width":800,"height":433,"url":"https:\/\/cioelectro.com\/wp-content\/uploads\/2023\/06\/FO5400042v2022_2022_29_DI_GRY_090_PRO_JAM2-7-9-DEC_800x800.jpg","type":"image\/jpeg"}],"twitter_card":"summary_large_image","twitter_misc":{"Est. reading time":"5 minutes"},"schema":{"@context":"https:\/\/schema.org","@graph":[{"@type":"WebPage","@id":"https:\/\/cioelectro.com\/produkt\/focus-jam%c2%b2-7-9-2\/","url":"https:\/\/cioelectro.com\/produkt\/focus-jam%c2%b2-7-9-2\/","name":"Focus JAM\u00b2 7.9","isPartOf":{"@id":"https:\/\/cioelectro.com\/#website"},"primaryImageOfPage":{"@id":"https:\/\/cioelectro.com\/produkt\/focus-jam%c2%b2-7-9-2\/#primaryimage"},"image":{"@id":"https:\/\/cioelectro.com\/produkt\/focus-jam%c2%b2-7-9-2\/#primaryimage"},"thumbnailUrl":"https:\/\/cioelectro.com\/wp-content\/uploads\/2023\/06\/FO5400042v2022_2022_29_DI_GRY_090_PRO_JAM2-7-9-DEC_800x800.jpg","datePublished":"2022-12-01T11:34:44+00:00","dateModified":"2023-08-10T18:52:20+00:00","description":"cioelectro.com bietet Ihnen das Focus JAM\u00b2 7.9 zum besten Preis mit kostenlosem Versand in ganz EuropaFocus JAM\u00b2 7.9Focus JAM\u00b2 7.9","breadcrumb":{"@id":"https:\/\/cioelectro.com\/produkt\/focus-jam%c2%b2-7-9-2\/#breadcrumb"},"inLanguage":"en-US","potentialAction":[{"@type":"ReadAction","target":["https:\/\/cioelectro.com\/produkt\/focus-jam%c2%b2-7-9-2\/"]}]},{"@type":"ImageObject","inLanguage":"en-US","@id":"https:\/\/cioelectro.com\/produkt\/focus-jam%c2%b2-7-9-2\/#primaryimage","url":"https:\/\/cioelectro.com\/wp-content\/uploads\/2023\/06\/FO5400042v2022_2022_29_DI_GRY_090_PRO_JAM2-7-9-DEC_800x800.jpg","contentUrl":"https:\/\/cioelectro.com\/wp-content\/uploads\/2023\/06\/FO5400042v2022_2022_29_DI_GRY_090_PRO_JAM2-7-9-DEC_800x800.jpg","width":800,"height":433,"caption":"Focus JAM\u00b2 7.9"},{"@type":"BreadcrumbList","@id":"https:\/\/cioelectro.com\/produkt\/focus-jam%c2%b2-7-9-2\/#breadcrumb","itemListElement":[{"@type":"ListItem","position":1,"name":"Startseite","item":"https:\/\/cioelectro.com\/"},{"@type":"ListItem","position":2,"name":"LADEN","item":"https:\/\/cioelectro.com\/laden\/"},{"@type":"ListItem","position":3,"name":"Focus JAM\u00b2 7.9"}]},{"@type":"WebSite","@id":"https:\/\/cioelectro.com\/#website","url":"https:\/\/cioelectro.com\/","name":"cioelectro.com","description":"Treten Sie mit uns ins Abenteuer!","publisher":{"@id":"https:\/\/cioelectro.com\/#organization"},"alternateName":"MEIN RADLADEN","potentialAction":[{"@type":"SearchAction","target":{"@type":"EntryPoint","urlTemplate":"https:\/\/cioelectro.com\/?s={search_term_string}"},"query-input":{"@type":"PropertyValueSpecification","valueRequired":true,"valueName":"search_term_string"}}],"inLanguage":"en-US"},{"@type":"Organization","@id":"https:\/\/cioelectro.com\/#organization","name":"CIOELECTRO","alternateName":"MEIN RADLADEN","url":"https:\/\/cioelectro.com\/","logo":{"@type":"ImageObject","inLanguage":"en-US","@id":"https:\/\/cioelectro.com\/#\/schema\/logo\/image\/","url":"https:\/\/cioelectro.com\/wp-content\/uploads\/2025\/12\/Logo-2-1200x800.png","contentUrl":"https:\/\/cioelectro.com\/wp-content\/uploads\/2025\/12\/Logo-2-1200x800.png","width":1200,"height":800,"caption":"CIOELECTRO"},"image":{"@id":"https:\/\/cioelectro.com\/#\/schema\/logo\/image\/"}}]}},"_links":{"self":[{"href":"https:\/\/cioelectro.com\/en\/wp-json\/wp\/v2\/product\/47032","targetHints":{"allow":["GET"]}}],"collection":[{"href":"https:\/\/cioelectro.com\/en\/wp-json\/wp\/v2\/product"}],"about":[{"href":"https:\/\/cioelectro.com\/en\/wp-json\/wp\/v2\/types\/product"}],"replies":[{"embeddable":true,"href":"https:\/\/cioelectro.com\/en\/wp-json\/wp\/v2\/comments?post=47032"}],"version-history":[{"count":0,"href":"https:\/\/cioelectro.com\/en\/wp-json\/wp\/v2\/product\/47032\/revisions"}],"wp:featuredmedia":[{"embeddable":true,"href":"https:\/\/cioelectro.com\/en\/wp-json\/wp\/v2\/media\/64105"}],"wp:attachment":[{"href":"https:\/\/cioelectro.com\/en\/wp-json\/wp\/v2\/media?parent=47032"}],"wp:term":[{"taxonomy":"product_brand","embeddable":true,"href":"https:\/\/cioelectro.com\/en\/wp-json\/wp\/v2\/product_brand?post=47032"},{"taxonomy":"product_cat","embeddable":true,"href":"https:\/\/cioelectro.com\/en\/wp-json\/wp\/v2\/product_cat?post=47032"},{"taxonomy":"product_tag","embeddable":true,"href":"https:\/\/cioelectro.com\/en\/wp-json\/wp\/v2\/product_tag?post=47032"}],"curies":[{"name":"wp","href":"https:\/\/api.w.org\/{rel}","templated":true}]}}