{"id":47066,"date":"2022-12-01T13:13:10","date_gmt":"2022-12-01T12:13:10","guid":{"rendered":"https:\/\/meinradladen.com\/?post_type=product&#038;p=47066"},"modified":"2023-08-10T20:46:45","modified_gmt":"2023-08-10T18:46:45","slug":"mavic-allroad-sl-dcl-vorderrad","status":"publish","type":"product","link":"https:\/\/cioelectro.com\/en\/produkt\/mavic-allroad-sl-dcl-vorderrad\/","title":{"rendered":"Mavic Allroad SL DCL Vorderrad"},"content":{"rendered":"<div class=\"product--headername\">\n<h2 class=\"product--title\"><strong>Mavic<\/strong> Allroad SL DCL Vorderrad<\/h2>\n<\/div>\n<p>Mavic Allroad SL Linie hat keine <a href=\"http:\/\/1-1\">Pr\u00e4ferenzen<\/a>, was den Untergrund angeht: raue Stra\u00dfen, Pflaster, schlechter Asphalt, Waldwege oder Schotter \u2013 die hochwertigen Alu-Laufr\u00e4der sind f\u00fcr alles zu haben. Sie vereinen auf spielerische Weise Geschwindigkeit und Kontrolle. Mit 22mm Maulweite f\u00fcr gro\u00dfvolumige Reifen optimiert, ist dieses Tubeless-Laufrad geschaffen f\u00fcr dein n\u00e4chstes Allroad-Abenteuer.<\/p>\n<hr \/>\n<h3>Features &#8211; Allroad SL Disc Center-Lock<\/h3>\n<ul>\n<li>22mm breite UST-Felgen f\u00fcr eine ruhige Fahrt mit einer gro\u00dfen Auswahl an Tubeless-Reifen von 28 bis 64mm<\/li>\n<li>UST Road Tubeless bietet Komfort und Kontrolle auf unebenen Stra\u00dfen mit geringerem Reifendruck<\/li>\n<li>Kein Schlauch bedeutet weniger Reibung, bessere Effizienz und Griffigkeit<\/li>\n<li>ISM4D-Felge wiegt nur 440g<\/li>\n<li>Patentierte leichte Aero-Speichen<\/li>\n<li>Automatische Lagervorspannung (QRM Auto) erfordert keine Einstellung und garantiert langfristige Haltbarkeit<\/li>\n<li>Fore Technology macht Felgenband \u00fcberfl\u00fcssig und spart 30g pro Laufrad<\/li>\n<li>17mm Achse und neues Nabendesign<\/li>\n<\/ul>\n<h3>Produkteigenschaften<\/h3>\n<ul>\n<li><strong>Einsatzbereich:\u00a0<\/strong>Rennrad, Gravel, Cyclocross<strong><br \/>\n<\/strong><\/li>\n<li><strong>Modell:\u00a0<\/strong>Allroad<\/li>\n<li><strong>Laufradgr\u00f6\u00dfe:\u00a0<\/strong>28&#8243;<\/li>\n<li><strong>Felgentyp:<\/strong>\u00a0Clincher (Falt-\/Drahtreifen)<\/li>\n<li><strong>Tubeless:\u00a0<\/strong>\u2714<\/li>\n<li><strong>ETRTO:<\/strong>\u00a0622<\/li>\n<li><strong>Lager:<\/strong>\u00a0Selbstjustierende gedichtete Industrielager (QRM Auto)<\/li>\n<li><strong>Felgenbreite innen:\u00a0<\/strong>22mm<\/li>\n<li><strong>Felgenh\u00f6he:<\/strong>\u00a022mm<\/li>\n<li><strong>Einbaubreite:<\/strong>\u00a012 x 100mm Steckachse<\/li>\n<li><strong>Speichentyp:<\/strong>\u00a0straight pull, elliptical aero, double butted (patented)<\/li>\n<li><strong>Speichen:\u00a0<\/strong>24 crossed 2<\/li>\n<li><b>Bremsentyp:<\/b>\u00a0Scheibenbremse<\/li>\n<li><b>Bremssystem:<\/b>\u00a0Disc Center-Lock<\/li>\n<li><strong>Empf. Bereifung:\u00a0<\/strong>28 mm bis 64 mm (1.1&#8243; bis 2.5&#8243;)<\/li>\n<li><strong>Ventilloch:\u00a0<\/strong>Presta \/ SV \u00d8 6.5mm<\/li>\n<li><strong>ASTM Kategorie:<\/strong>\u00a02 &#8211; f\u00fcr den Einsatz auf Stra\u00dfen und im Gel\u00e4nde mit Spr\u00fcngen bis zu einer H\u00f6he von 15cm<\/li>\n<li><strong>Max. Systemgewicht:\u00a0<\/strong>120kg (Fahrer + Bike + Ausr\u00fcstung)<\/li>\n<\/ul>\n<h3>Material<\/h3>\n<ul>\n<li><strong>Felge:<\/strong>\u00a0Maxtal Aluminum<\/li>\n<li><strong>Nabenk\u00f6rper:<\/strong>\u00a0Aluminum<\/li>\n<li><strong>Freilauf:<\/strong>\u00a0Aluminium<\/li>\n<li><strong>Speichen:<\/strong>\u00a0Stahl<\/li>\n<li><strong>Speichennippel:\u00a0<\/strong>Aluminum<\/li>\n<\/ul>\n<h3>Farbe<\/h3>\n<ul>\n<li>schwarz<\/li>\n<\/ul>\n<h3>Gewicht (Herstellerangabe)<\/h3>\n<ul>\n<li>740g<\/li>\n<\/ul>\n<hr \/>\n<h3>Lieferumfang<\/h3>\n<ul>\n<li>1 Mavic Allroad SL DCL Vorderrad<\/li>\n<li>1 Tubeless-Ventil und Zubeh\u00f6r<\/li>\n<\/ul>\n<hr \/>\n<h3>Technologie<\/h3>\n<p><strong>Fore Technology<\/strong><br \/>\nDie Fore-Technologie von Mavic ist die neueste Errungenschaft der franz\u00f6sischen Traditionsschmiede. Sie ist das Ergebnis jahrelanger Forschung und kombiniert geringes Gewicht und verbesserte schlauchlose Montage mit erh\u00f6hter Steifigkeit und Reparaturfreundlichkeit. Die Fore Technology ist 10% leichter und stabiler als herk\u00f6mmliche Laufrad-Designs.<\/p>\n<p><strong>Infinity-Nabe<\/strong><br \/>\nMavics Infinity-Nabe steht f\u00fcr optimale Leistungs\u00fcbertragung, Haltbarkeit und Kompatibilit\u00e4t. Infinity bietet eine automatische Lagervorspannungseinstellung (QRM Auto), die ohne Spezialwerkzeug einfach zu warten ist. Die auf Kompatibilit\u00e4t und Benutzerfreundlichkeit ausgelegte Infinity Nabe kann auf alle wichtigen Freilaufoptionen und Achsabmessungen umger\u00fcstet werden.<\/p>\n<p><strong>UST Tubeless Technologie<\/strong><br \/>\nTraktion, Kontrolle und Leichtgewicht. Das UST-Konzept verbessert Traktion, Kontrolle und Komfort \u2013 und vermindert zugleich Tr\u00e4gheit und Pannenrisiko. Mavics Tubeless-Bauweise reduziert den Rollwiderstand, macht das Laufrad leichter und zaubert mehr Fahrkomfort auf die Stra\u00dfe.<\/p>\n<p><strong>QRM (Qualit\u00e9 de Roulements Mavic)<\/strong><br \/>\nQualit\u00e9 de Roulements Mavic. Mavic verwendet ausschlie\u00dflich hochwertige, abgedichtete Patronenlager. Bei QRM-R\u00e4dern sind sie doppelt abgedichtet (2RS oder LLU) und verf\u00fcgen \u00fcber ein enges C3-Innenspiel.<\/p>","protected":false},"excerpt":{"rendered":"<p>Mavic Allroad SL DCL Vorderrad Mavic Allroad SL Linie hat keine Pr\u00e4ferenzen, was den Untergrund angeht: raue Stra\u00dfen, Pflaster, schlechter<\/p>","protected":false},"featured_media":64117,"comment_status":"open","ping_status":"closed","template":"","meta":{"_rtcl_gb_attr":""},"product_brand":[],"product_cat":[247,318],"product_tag":[],"class_list":{"0":"post-47066","1":"product","2":"type-product","3":"status-publish","4":"has-post-thumbnail","6":"product_cat-e-bike-trekking","7":"product_cat-outdoor","8":"pa_marke-mavic","10":"first","11":"instock","12":"sale","13":"taxable","14":"shipping-taxable","15":"purchasable","16":"product-type-simple"},"yoast_head":"<!-- This site is optimized with the Yoast SEO Premium plugin v20.12 (Yoast SEO v27.4) - https:\/\/yoast.com\/product\/yoast-seo-premium-wordpress\/ -->\n<title>Mavic Allroad SL DCL Vorderrad<\/title>\n<meta name=\"description\" content=\"cioelectro.com bietet Ihnen das Mavic Allroad SL DCL Vorderrad zum besten Preis mit kostenlosem Versand in ganz EuropaMavic Allroad SL\" \/>\n<meta name=\"robots\" content=\"index, follow, max-snippet:-1, max-image-preview:large, max-video-preview:-1\" \/>\n<link rel=\"canonical\" href=\"https:\/\/cioelectro.com\/en\/produkt\/mavic-allroad-sl-dcl-vorderrad\/\" \/>\n<meta property=\"og:locale\" content=\"en_US\" \/>\n<meta property=\"og:type\" content=\"article\" \/>\n<meta property=\"og:title\" content=\"Mavic Allroad SL DCL Vorderrad\" \/>\n<meta property=\"og:description\" content=\"Entdecken Sie unseren Online-Fahrradladen: Gro\u00dfe Auswahl an Modellen f\u00fcr alle Radsportbegeisterten. Von Rennr\u00e4dern bis zu Mountainbikes - finden Sie heute Ihren perfekten Wegbegleiter!\" \/>\n<meta property=\"og:url\" content=\"https:\/\/cioelectro.com\/en\/produkt\/mavic-allroad-sl-dcl-vorderrad\/\" \/>\n<meta property=\"og:site_name\" content=\"cioelectro.com\" \/>\n<meta property=\"article:modified_time\" content=\"2023-08-10T18:46:45+00:00\" \/>\n<meta property=\"og:image\" content=\"https:\/\/cioelectro.com\/wp-content\/uploads\/2023\/06\/mavic_allroad-sl-dcl_LF9033100_F_1_800x800-0.jpg\" \/>\n\t<meta property=\"og:image:width\" content=\"800\" \/>\n\t<meta property=\"og:image:height\" content=\"800\" \/>\n\t<meta property=\"og:image:type\" content=\"image\/jpeg\" \/>\n<meta name=\"twitter:card\" content=\"summary_large_image\" \/>\n<meta name=\"twitter:label1\" content=\"Est. reading time\" \/>\n\t<meta name=\"twitter:data1\" content=\"3 minutes\" \/>\n<script type=\"application\/ld+json\" class=\"yoast-schema-graph\">{\"@context\":\"https:\\\/\\\/schema.org\",\"@graph\":[{\"@type\":\"WebPage\",\"@id\":\"https:\\\/\\\/cioelectro.com\\\/produkt\\\/mavic-allroad-sl-dcl-vorderrad\\\/\",\"url\":\"https:\\\/\\\/cioelectro.com\\\/produkt\\\/mavic-allroad-sl-dcl-vorderrad\\\/\",\"name\":\"Mavic Allroad SL DCL Vorderrad\",\"isPartOf\":{\"@id\":\"https:\\\/\\\/cioelectro.com\\\/#website\"},\"primaryImageOfPage\":{\"@id\":\"https:\\\/\\\/cioelectro.com\\\/produkt\\\/mavic-allroad-sl-dcl-vorderrad\\\/#primaryimage\"},\"image\":{\"@id\":\"https:\\\/\\\/cioelectro.com\\\/produkt\\\/mavic-allroad-sl-dcl-vorderrad\\\/#primaryimage\"},\"thumbnailUrl\":\"https:\\\/\\\/cioelectro.com\\\/wp-content\\\/uploads\\\/2023\\\/06\\\/mavic_allroad-sl-dcl_LF9033100_F_1_800x800-0.jpg\",\"datePublished\":\"2022-12-01T12:13:10+00:00\",\"dateModified\":\"2023-08-10T18:46:45+00:00\",\"description\":\"cioelectro.com bietet Ihnen das Mavic Allroad SL DCL Vorderrad zum besten Preis mit kostenlosem Versand in ganz EuropaMavic Allroad SL\",\"breadcrumb\":{\"@id\":\"https:\\\/\\\/cioelectro.com\\\/produkt\\\/mavic-allroad-sl-dcl-vorderrad\\\/#breadcrumb\"},\"inLanguage\":\"en-US\",\"potentialAction\":[{\"@type\":\"ReadAction\",\"target\":[\"https:\\\/\\\/cioelectro.com\\\/produkt\\\/mavic-allroad-sl-dcl-vorderrad\\\/\"]}]},{\"@type\":\"ImageObject\",\"inLanguage\":\"en-US\",\"@id\":\"https:\\\/\\\/cioelectro.com\\\/produkt\\\/mavic-allroad-sl-dcl-vorderrad\\\/#primaryimage\",\"url\":\"https:\\\/\\\/cioelectro.com\\\/wp-content\\\/uploads\\\/2023\\\/06\\\/mavic_allroad-sl-dcl_LF9033100_F_1_800x800-0.jpg\",\"contentUrl\":\"https:\\\/\\\/cioelectro.com\\\/wp-content\\\/uploads\\\/2023\\\/06\\\/mavic_allroad-sl-dcl_LF9033100_F_1_800x800-0.jpg\",\"width\":800,\"height\":800,\"caption\":\"Mavic Allroad SL DCL Vorderrad\"},{\"@type\":\"BreadcrumbList\",\"@id\":\"https:\\\/\\\/cioelectro.com\\\/produkt\\\/mavic-allroad-sl-dcl-vorderrad\\\/#breadcrumb\",\"itemListElement\":[{\"@type\":\"ListItem\",\"position\":1,\"name\":\"Startseite\",\"item\":\"https:\\\/\\\/cioelectro.com\\\/\"},{\"@type\":\"ListItem\",\"position\":2,\"name\":\"LADEN\",\"item\":\"https:\\\/\\\/cioelectro.com\\\/laden\\\/\"},{\"@type\":\"ListItem\",\"position\":3,\"name\":\"Mavic Allroad SL DCL Vorderrad\"}]},{\"@type\":\"WebSite\",\"@id\":\"https:\\\/\\\/cioelectro.com\\\/#website\",\"url\":\"https:\\\/\\\/cioelectro.com\\\/\",\"name\":\"cioelectro.com\",\"description\":\"Treten Sie mit uns ins Abenteuer!\",\"publisher\":{\"@id\":\"https:\\\/\\\/cioelectro.com\\\/#organization\"},\"alternateName\":\"MEIN RADLADEN\",\"potentialAction\":[{\"@type\":\"SearchAction\",\"target\":{\"@type\":\"EntryPoint\",\"urlTemplate\":\"https:\\\/\\\/cioelectro.com\\\/?s={search_term_string}\"},\"query-input\":{\"@type\":\"PropertyValueSpecification\",\"valueRequired\":true,\"valueName\":\"search_term_string\"}}],\"inLanguage\":\"en-US\"},{\"@type\":\"Organization\",\"@id\":\"https:\\\/\\\/cioelectro.com\\\/#organization\",\"name\":\"CIOELECTRO\",\"alternateName\":\"MEIN RADLADEN\",\"url\":\"https:\\\/\\\/cioelectro.com\\\/\",\"logo\":{\"@type\":\"ImageObject\",\"inLanguage\":\"en-US\",\"@id\":\"https:\\\/\\\/cioelectro.com\\\/#\\\/schema\\\/logo\\\/image\\\/\",\"url\":\"https:\\\/\\\/cioelectro.com\\\/wp-content\\\/uploads\\\/2025\\\/12\\\/Logo-2-1200x800.png\",\"contentUrl\":\"https:\\\/\\\/cioelectro.com\\\/wp-content\\\/uploads\\\/2025\\\/12\\\/Logo-2-1200x800.png\",\"width\":1200,\"height\":800,\"caption\":\"CIOELECTRO\"},\"image\":{\"@id\":\"https:\\\/\\\/cioelectro.com\\\/#\\\/schema\\\/logo\\\/image\\\/\"}}]}<\/script>\n<!-- \/ Yoast SEO Premium plugin. -->","yoast_head_json":{"title":"Mavic Allroad SL DCL Vorderrad","description":"cioelectro.com bietet Ihnen das Mavic Allroad SL DCL Vorderrad zum besten Preis mit kostenlosem Versand in ganz EuropaMavic Allroad SL","robots":{"index":"index","follow":"follow","max-snippet":"max-snippet:-1","max-image-preview":"max-image-preview:large","max-video-preview":"max-video-preview:-1"},"canonical":"https:\/\/cioelectro.com\/en\/produkt\/mavic-allroad-sl-dcl-vorderrad\/","og_locale":"en_US","og_type":"article","og_title":"Mavic Allroad SL DCL Vorderrad","og_description":"Entdecken Sie unseren Online-Fahrradladen: Gro\u00dfe Auswahl an Modellen f\u00fcr alle Radsportbegeisterten. Von Rennr\u00e4dern bis zu Mountainbikes - finden Sie heute Ihren perfekten Wegbegleiter!","og_url":"https:\/\/cioelectro.com\/en\/produkt\/mavic-allroad-sl-dcl-vorderrad\/","og_site_name":"cioelectro.com","article_modified_time":"2023-08-10T18:46:45+00:00","og_image":[{"width":800,"height":800,"url":"https:\/\/cioelectro.com\/wp-content\/uploads\/2023\/06\/mavic_allroad-sl-dcl_LF9033100_F_1_800x800-0.jpg","type":"image\/jpeg"}],"twitter_card":"summary_large_image","twitter_misc":{"Est. reading time":"3 minutes"},"schema":{"@context":"https:\/\/schema.org","@graph":[{"@type":"WebPage","@id":"https:\/\/cioelectro.com\/produkt\/mavic-allroad-sl-dcl-vorderrad\/","url":"https:\/\/cioelectro.com\/produkt\/mavic-allroad-sl-dcl-vorderrad\/","name":"Mavic Allroad SL DCL Vorderrad","isPartOf":{"@id":"https:\/\/cioelectro.com\/#website"},"primaryImageOfPage":{"@id":"https:\/\/cioelectro.com\/produkt\/mavic-allroad-sl-dcl-vorderrad\/#primaryimage"},"image":{"@id":"https:\/\/cioelectro.com\/produkt\/mavic-allroad-sl-dcl-vorderrad\/#primaryimage"},"thumbnailUrl":"https:\/\/cioelectro.com\/wp-content\/uploads\/2023\/06\/mavic_allroad-sl-dcl_LF9033100_F_1_800x800-0.jpg","datePublished":"2022-12-01T12:13:10+00:00","dateModified":"2023-08-10T18:46:45+00:00","description":"cioelectro.com bietet Ihnen das Mavic Allroad SL DCL Vorderrad zum besten Preis mit kostenlosem Versand in ganz EuropaMavic Allroad SL","breadcrumb":{"@id":"https:\/\/cioelectro.com\/produkt\/mavic-allroad-sl-dcl-vorderrad\/#breadcrumb"},"inLanguage":"en-US","potentialAction":[{"@type":"ReadAction","target":["https:\/\/cioelectro.com\/produkt\/mavic-allroad-sl-dcl-vorderrad\/"]}]},{"@type":"ImageObject","inLanguage":"en-US","@id":"https:\/\/cioelectro.com\/produkt\/mavic-allroad-sl-dcl-vorderrad\/#primaryimage","url":"https:\/\/cioelectro.com\/wp-content\/uploads\/2023\/06\/mavic_allroad-sl-dcl_LF9033100_F_1_800x800-0.jpg","contentUrl":"https:\/\/cioelectro.com\/wp-content\/uploads\/2023\/06\/mavic_allroad-sl-dcl_LF9033100_F_1_800x800-0.jpg","width":800,"height":800,"caption":"Mavic Allroad SL DCL Vorderrad"},{"@type":"BreadcrumbList","@id":"https:\/\/cioelectro.com\/produkt\/mavic-allroad-sl-dcl-vorderrad\/#breadcrumb","itemListElement":[{"@type":"ListItem","position":1,"name":"Startseite","item":"https:\/\/cioelectro.com\/"},{"@type":"ListItem","position":2,"name":"LADEN","item":"https:\/\/cioelectro.com\/laden\/"},{"@type":"ListItem","position":3,"name":"Mavic Allroad SL DCL Vorderrad"}]},{"@type":"WebSite","@id":"https:\/\/cioelectro.com\/#website","url":"https:\/\/cioelectro.com\/","name":"cioelectro.com","description":"Treten Sie mit uns ins Abenteuer!","publisher":{"@id":"https:\/\/cioelectro.com\/#organization"},"alternateName":"MEIN RADLADEN","potentialAction":[{"@type":"SearchAction","target":{"@type":"EntryPoint","urlTemplate":"https:\/\/cioelectro.com\/?s={search_term_string}"},"query-input":{"@type":"PropertyValueSpecification","valueRequired":true,"valueName":"search_term_string"}}],"inLanguage":"en-US"},{"@type":"Organization","@id":"https:\/\/cioelectro.com\/#organization","name":"CIOELECTRO","alternateName":"MEIN RADLADEN","url":"https:\/\/cioelectro.com\/","logo":{"@type":"ImageObject","inLanguage":"en-US","@id":"https:\/\/cioelectro.com\/#\/schema\/logo\/image\/","url":"https:\/\/cioelectro.com\/wp-content\/uploads\/2025\/12\/Logo-2-1200x800.png","contentUrl":"https:\/\/cioelectro.com\/wp-content\/uploads\/2025\/12\/Logo-2-1200x800.png","width":1200,"height":800,"caption":"CIOELECTRO"},"image":{"@id":"https:\/\/cioelectro.com\/#\/schema\/logo\/image\/"}}]}},"_links":{"self":[{"href":"https:\/\/cioelectro.com\/en\/wp-json\/wp\/v2\/product\/47066","targetHints":{"allow":["GET"]}}],"collection":[{"href":"https:\/\/cioelectro.com\/en\/wp-json\/wp\/v2\/product"}],"about":[{"href":"https:\/\/cioelectro.com\/en\/wp-json\/wp\/v2\/types\/product"}],"replies":[{"embeddable":true,"href":"https:\/\/cioelectro.com\/en\/wp-json\/wp\/v2\/comments?post=47066"}],"version-history":[{"count":0,"href":"https:\/\/cioelectro.com\/en\/wp-json\/wp\/v2\/product\/47066\/revisions"}],"wp:featuredmedia":[{"embeddable":true,"href":"https:\/\/cioelectro.com\/en\/wp-json\/wp\/v2\/media\/64117"}],"wp:attachment":[{"href":"https:\/\/cioelectro.com\/en\/wp-json\/wp\/v2\/media?parent=47066"}],"wp:term":[{"taxonomy":"product_brand","embeddable":true,"href":"https:\/\/cioelectro.com\/en\/wp-json\/wp\/v2\/product_brand?post=47066"},{"taxonomy":"product_cat","embeddable":true,"href":"https:\/\/cioelectro.com\/en\/wp-json\/wp\/v2\/product_cat?post=47066"},{"taxonomy":"product_tag","embeddable":true,"href":"https:\/\/cioelectro.com\/en\/wp-json\/wp\/v2\/product_tag?post=47066"}],"curies":[{"name":"wp","href":"https:\/\/api.w.org\/{rel}","templated":true}]}}