{"id":47075,"date":"2022-12-01T13:57:54","date_gmt":"2022-12-01T12:57:54","guid":{"rendered":"https:\/\/meinradladen.com\/?post_type=product&#038;p=47075"},"modified":"2023-08-10T20:45:46","modified_gmt":"2023-08-10T18:45:46","slug":"zipp-303-firecrest-carbon-disc-tubeless-sram-xdr-laufradsatz","status":"publish","type":"product","link":"https:\/\/cioelectro.com\/en\/produkt\/zipp-303-firecrest-carbon-disc-tubeless-sram-xdr-laufradsatz\/","title":{"rendered":"Zipp 303 Firecrest\u00ae Carbon Disc Tubeless Sram XDR Laufradsatz"},"content":{"rendered":"<h2 class=\"product--title\"><strong>Zipp<\/strong>\u00a0303 Firecrest\u00ae Carbon Disc Tubeless Sram XDR Laufradsatz<\/h2>\n<p>Das Zipp 303 Firecrest\u00ae Brake Laufrad von Zipp wurde f\u00fcr reale <a href=\"http:\/\/1-1\">Bedingungen<\/a> entwickelt \u2013 f\u00fcr eine Welt also, in der die Stra\u00dfenbel\u00e4ge nicht immer perfekt sind und in der die einfache Formel gilt, dass Effizienz sich in Geschwindigkeit \u00fcbersetzt. Dieses Laufrad ist schneller, leichter und selbst auf wechselndem, unebenem Terrain enorm leistungsf\u00e4hig \u2013 egal, ob es sich dabei um asphaltierte oder unasphaltierte Stra\u00dfen handelt.<\/p>\n<hr \/>\n<h3>Features &#8211; Zipp 303 Firecrest Tubeless Disc-brake<\/h3>\n<ul>\n<li><strong>Einsatzbereich:<\/strong>\u00a0Rennrad, Cyclocross<\/li>\n<li><strong>Modell:<\/strong>\u00a0303 Firecrest Carbon Clincher<\/li>\n<li><strong>Felgengr\u00f6\u00dfe:<\/strong>\u00a028&#8243;<\/li>\n<li><strong>Speichen:\u00a0<\/strong>24<\/li>\n<li><strong>Bremssystem:<\/strong>\u00a0Centerl Lock Scheibenbremse<\/li>\n<li><strong>Tubeless-System:<\/strong>\u00a0Ja<\/li>\n<li><strong>Maximal empfohlenes Systemgewicht:<\/strong>\u00a0115kg (K\u00f6rpergewicht + Fahrrad + Ausr\u00fcstung)<\/li>\n<li><strong>Maximaler\u00a0<\/strong><\/li>\n<\/ul>\n<h3>Freilauf Kompatibilit\u00e4t<\/h3>\n<h3>Zipp Firecrest Difference<\/h3>\n<p><iframe src=\"https:\/\/www.youtube-nocookie.com\/embed\/UnFCqs9iduY?rel=0\" width=\"640\" height=\"360\" frameborder=\"0\" allowfullscreen=\"allowfullscreen\" data-mce-fragment=\"1\"><\/iframe><\/p>\n<h3>Zipp Firecrest Numerology<\/h3>\n<p><iframe src=\"https:\/\/www.youtube-nocookie.com\/embed\/VgB3prnMRkA?rel=0\" width=\"640\" height=\"360\" frameborder=\"0\" allowfullscreen=\"allowfullscreen\" data-mce-fragment=\"1\"><\/iframe><\/p>\n<hr \/>\n<p><img fetchpriority=\"high\" decoding=\"async\" src=\"https:\/\/cd.bike-discount.de\/media\/image\/f8\/0d\/d0\/zipp-hookless-tire-compatibility.jpg\" alt=\"\" width=\"1000\" height=\"5032\" align=\"center\" data-src=\"media\/image\/zipp-hookless-tire-compatibility.jpg\" \/><\/p>","protected":false},"excerpt":{"rendered":"<p>Zipp\u00a0303 Firecrest\u00ae Carbon Disc Tubeless Sram XDR Laufradsatz Das Zipp 303 Firecrest\u00ae Brake Laufrad von Zipp wurde f\u00fcr reale Bedingungen<\/p>","protected":false},"featured_media":64119,"comment_status":"open","ping_status":"closed","template":"","meta":{"_rtcl_gb_attr":""},"product_brand":[],"product_cat":[247,318],"product_tag":[],"class_list":{"0":"post-47075","1":"product","2":"type-product","3":"status-publish","4":"has-post-thumbnail","6":"product_cat-e-bike-trekking","7":"product_cat-outdoor","8":"pa_marke-zipp","10":"first","11":"instock","12":"sale","13":"taxable","14":"shipping-taxable","15":"purchasable","16":"product-type-simple"},"yoast_head":"<!-- This site is optimized with the Yoast SEO Premium plugin v20.12 (Yoast SEO v27.4) - https:\/\/yoast.com\/product\/yoast-seo-premium-wordpress\/ -->\n<title>Zipp 303 Firecrest\u00ae Carbon Disc Tubeless Sram XDR Laufradsatz<\/title>\n<meta name=\"description\" content=\"Entdecken Sie unseren Online-Fahrradladen: Gro\u00dfe Auswahl an Modellen f\u00fcr alle Radsportbegeisterten. Von Rennr\u00e4dern bis zu Mountainbikes - finden Sie heute Ihren perfekten Wegbegleiter!\" \/>\n<meta name=\"robots\" content=\"index, follow, max-snippet:-1, max-image-preview:large, max-video-preview:-1\" \/>\n<link rel=\"canonical\" href=\"https:\/\/cioelectro.com\/en\/produkt\/zipp-303-firecrest-carbon-disc-tubeless-sram-xdr-laufradsatz\/\" \/>\n<meta property=\"og:locale\" content=\"en_US\" \/>\n<meta property=\"og:type\" content=\"article\" \/>\n<meta property=\"og:title\" content=\"Zipp 303 Firecrest\u00ae Carbon Disc Tubeless Sram XDR Laufradsatz\" \/>\n<meta property=\"og:description\" content=\"Entdecken Sie unseren Online-Fahrradladen: Gro\u00dfe Auswahl an Modellen f\u00fcr alle Radsportbegeisterten. Von Rennr\u00e4dern bis zu Mountainbikes - finden Sie heute Ihren perfekten Wegbegleiter!\" \/>\n<meta property=\"og:url\" content=\"https:\/\/cioelectro.com\/en\/produkt\/zipp-303-firecrest-carbon-disc-tubeless-sram-xdr-laufradsatz\/\" \/>\n<meta property=\"og:site_name\" content=\"cioelectro.com\" \/>\n<meta property=\"article:modified_time\" content=\"2023-08-10T18:45:46+00:00\" \/>\n<meta property=\"og:image\" content=\"https:\/\/cioelectro.com\/wp-content\/uploads\/2023\/06\/Zipp-303-Firecrest-R-Carbon-Disc-Tubeless-Laufradsatz_800x800-0-1.jpg\" \/>\n\t<meta property=\"og:image:width\" content=\"800\" \/>\n\t<meta property=\"og:image:height\" content=\"482\" \/>\n\t<meta property=\"og:image:type\" content=\"image\/jpeg\" \/>\n<meta name=\"twitter:card\" content=\"summary_large_image\" \/>\n<meta name=\"twitter:label1\" content=\"Est. reading time\" \/>\n\t<meta name=\"twitter:data1\" content=\"1 minute\" \/>\n<script type=\"application\/ld+json\" class=\"yoast-schema-graph\">{\"@context\":\"https:\\\/\\\/schema.org\",\"@graph\":[{\"@type\":\"WebPage\",\"@id\":\"https:\\\/\\\/cioelectro.com\\\/produkt\\\/zipp-303-firecrest-carbon-disc-tubeless-sram-xdr-laufradsatz\\\/\",\"url\":\"https:\\\/\\\/cioelectro.com\\\/produkt\\\/zipp-303-firecrest-carbon-disc-tubeless-sram-xdr-laufradsatz\\\/\",\"name\":\"Zipp 303 Firecrest\u00ae Carbon Disc Tubeless Sram XDR Laufradsatz\",\"isPartOf\":{\"@id\":\"https:\\\/\\\/cioelectro.com\\\/#website\"},\"primaryImageOfPage\":{\"@id\":\"https:\\\/\\\/cioelectro.com\\\/produkt\\\/zipp-303-firecrest-carbon-disc-tubeless-sram-xdr-laufradsatz\\\/#primaryimage\"},\"image\":{\"@id\":\"https:\\\/\\\/cioelectro.com\\\/produkt\\\/zipp-303-firecrest-carbon-disc-tubeless-sram-xdr-laufradsatz\\\/#primaryimage\"},\"thumbnailUrl\":\"https:\\\/\\\/cioelectro.com\\\/wp-content\\\/uploads\\\/2023\\\/06\\\/Zipp-303-Firecrest-R-Carbon-Disc-Tubeless-Laufradsatz_800x800-0-1.jpg\",\"datePublished\":\"2022-12-01T12:57:54+00:00\",\"dateModified\":\"2023-08-10T18:45:46+00:00\",\"description\":\"Entdecken Sie unseren Online-Fahrradladen: Gro\u00dfe Auswahl an Modellen f\u00fcr alle Radsportbegeisterten. Von Rennr\u00e4dern bis zu Mountainbikes - finden Sie heute Ihren perfekten Wegbegleiter!\",\"breadcrumb\":{\"@id\":\"https:\\\/\\\/cioelectro.com\\\/produkt\\\/zipp-303-firecrest-carbon-disc-tubeless-sram-xdr-laufradsatz\\\/#breadcrumb\"},\"inLanguage\":\"en-US\",\"potentialAction\":[{\"@type\":\"ReadAction\",\"target\":[\"https:\\\/\\\/cioelectro.com\\\/produkt\\\/zipp-303-firecrest-carbon-disc-tubeless-sram-xdr-laufradsatz\\\/\"]}]},{\"@type\":\"ImageObject\",\"inLanguage\":\"en-US\",\"@id\":\"https:\\\/\\\/cioelectro.com\\\/produkt\\\/zipp-303-firecrest-carbon-disc-tubeless-sram-xdr-laufradsatz\\\/#primaryimage\",\"url\":\"https:\\\/\\\/cioelectro.com\\\/wp-content\\\/uploads\\\/2023\\\/06\\\/Zipp-303-Firecrest-R-Carbon-Disc-Tubeless-Laufradsatz_800x800-0-1.jpg\",\"contentUrl\":\"https:\\\/\\\/cioelectro.com\\\/wp-content\\\/uploads\\\/2023\\\/06\\\/Zipp-303-Firecrest-R-Carbon-Disc-Tubeless-Laufradsatz_800x800-0-1.jpg\",\"width\":800,\"height\":482,\"caption\":\"Zipp 303 Firecrest\u00ae Carbon Disc Tubeless Sram XDR Laufradsatz\"},{\"@type\":\"BreadcrumbList\",\"@id\":\"https:\\\/\\\/cioelectro.com\\\/produkt\\\/zipp-303-firecrest-carbon-disc-tubeless-sram-xdr-laufradsatz\\\/#breadcrumb\",\"itemListElement\":[{\"@type\":\"ListItem\",\"position\":1,\"name\":\"Startseite\",\"item\":\"https:\\\/\\\/cioelectro.com\\\/\"},{\"@type\":\"ListItem\",\"position\":2,\"name\":\"LADEN\",\"item\":\"https:\\\/\\\/cioelectro.com\\\/laden\\\/\"},{\"@type\":\"ListItem\",\"position\":3,\"name\":\"Zipp 303 Firecrest\u00ae Carbon Disc Tubeless Sram XDR Laufradsatz\"}]},{\"@type\":\"WebSite\",\"@id\":\"https:\\\/\\\/cioelectro.com\\\/#website\",\"url\":\"https:\\\/\\\/cioelectro.com\\\/\",\"name\":\"cioelectro.com\",\"description\":\"Treten Sie mit uns ins Abenteuer!\",\"publisher\":{\"@id\":\"https:\\\/\\\/cioelectro.com\\\/#organization\"},\"alternateName\":\"MEIN RADLADEN\",\"potentialAction\":[{\"@type\":\"SearchAction\",\"target\":{\"@type\":\"EntryPoint\",\"urlTemplate\":\"https:\\\/\\\/cioelectro.com\\\/?s={search_term_string}\"},\"query-input\":{\"@type\":\"PropertyValueSpecification\",\"valueRequired\":true,\"valueName\":\"search_term_string\"}}],\"inLanguage\":\"en-US\"},{\"@type\":\"Organization\",\"@id\":\"https:\\\/\\\/cioelectro.com\\\/#organization\",\"name\":\"CIOELECTRO\",\"alternateName\":\"MEIN RADLADEN\",\"url\":\"https:\\\/\\\/cioelectro.com\\\/\",\"logo\":{\"@type\":\"ImageObject\",\"inLanguage\":\"en-US\",\"@id\":\"https:\\\/\\\/cioelectro.com\\\/#\\\/schema\\\/logo\\\/image\\\/\",\"url\":\"https:\\\/\\\/cioelectro.com\\\/wp-content\\\/uploads\\\/2025\\\/12\\\/Logo-2-1200x800.png\",\"contentUrl\":\"https:\\\/\\\/cioelectro.com\\\/wp-content\\\/uploads\\\/2025\\\/12\\\/Logo-2-1200x800.png\",\"width\":1200,\"height\":800,\"caption\":\"CIOELECTRO\"},\"image\":{\"@id\":\"https:\\\/\\\/cioelectro.com\\\/#\\\/schema\\\/logo\\\/image\\\/\"}}]}<\/script>\n<!-- \/ Yoast SEO Premium plugin. -->","yoast_head_json":{"title":"Zipp 303 Firecrest\u00ae Carbon Disc Tubeless Sram XDR Laufradsatz","description":"Entdecken Sie unseren Online-Fahrradladen: Gro\u00dfe Auswahl an Modellen f\u00fcr alle Radsportbegeisterten. Von Rennr\u00e4dern bis zu Mountainbikes - finden Sie heute Ihren perfekten Wegbegleiter!","robots":{"index":"index","follow":"follow","max-snippet":"max-snippet:-1","max-image-preview":"max-image-preview:large","max-video-preview":"max-video-preview:-1"},"canonical":"https:\/\/cioelectro.com\/en\/produkt\/zipp-303-firecrest-carbon-disc-tubeless-sram-xdr-laufradsatz\/","og_locale":"en_US","og_type":"article","og_title":"Zipp 303 Firecrest\u00ae Carbon Disc Tubeless Sram XDR Laufradsatz","og_description":"Entdecken Sie unseren Online-Fahrradladen: Gro\u00dfe Auswahl an Modellen f\u00fcr alle Radsportbegeisterten. Von Rennr\u00e4dern bis zu Mountainbikes - finden Sie heute Ihren perfekten Wegbegleiter!","og_url":"https:\/\/cioelectro.com\/en\/produkt\/zipp-303-firecrest-carbon-disc-tubeless-sram-xdr-laufradsatz\/","og_site_name":"cioelectro.com","article_modified_time":"2023-08-10T18:45:46+00:00","og_image":[{"width":800,"height":482,"url":"https:\/\/cioelectro.com\/wp-content\/uploads\/2023\/06\/Zipp-303-Firecrest-R-Carbon-Disc-Tubeless-Laufradsatz_800x800-0-1.jpg","type":"image\/jpeg"}],"twitter_card":"summary_large_image","twitter_misc":{"Est. reading time":"1 minute"},"schema":{"@context":"https:\/\/schema.org","@graph":[{"@type":"WebPage","@id":"https:\/\/cioelectro.com\/produkt\/zipp-303-firecrest-carbon-disc-tubeless-sram-xdr-laufradsatz\/","url":"https:\/\/cioelectro.com\/produkt\/zipp-303-firecrest-carbon-disc-tubeless-sram-xdr-laufradsatz\/","name":"Zipp 303 Firecrest\u00ae Carbon Disc Tubeless Sram XDR Laufradsatz","isPartOf":{"@id":"https:\/\/cioelectro.com\/#website"},"primaryImageOfPage":{"@id":"https:\/\/cioelectro.com\/produkt\/zipp-303-firecrest-carbon-disc-tubeless-sram-xdr-laufradsatz\/#primaryimage"},"image":{"@id":"https:\/\/cioelectro.com\/produkt\/zipp-303-firecrest-carbon-disc-tubeless-sram-xdr-laufradsatz\/#primaryimage"},"thumbnailUrl":"https:\/\/cioelectro.com\/wp-content\/uploads\/2023\/06\/Zipp-303-Firecrest-R-Carbon-Disc-Tubeless-Laufradsatz_800x800-0-1.jpg","datePublished":"2022-12-01T12:57:54+00:00","dateModified":"2023-08-10T18:45:46+00:00","description":"Entdecken Sie unseren Online-Fahrradladen: Gro\u00dfe Auswahl an Modellen f\u00fcr alle Radsportbegeisterten. Von Rennr\u00e4dern bis zu Mountainbikes - finden Sie heute Ihren perfekten Wegbegleiter!","breadcrumb":{"@id":"https:\/\/cioelectro.com\/produkt\/zipp-303-firecrest-carbon-disc-tubeless-sram-xdr-laufradsatz\/#breadcrumb"},"inLanguage":"en-US","potentialAction":[{"@type":"ReadAction","target":["https:\/\/cioelectro.com\/produkt\/zipp-303-firecrest-carbon-disc-tubeless-sram-xdr-laufradsatz\/"]}]},{"@type":"ImageObject","inLanguage":"en-US","@id":"https:\/\/cioelectro.com\/produkt\/zipp-303-firecrest-carbon-disc-tubeless-sram-xdr-laufradsatz\/#primaryimage","url":"https:\/\/cioelectro.com\/wp-content\/uploads\/2023\/06\/Zipp-303-Firecrest-R-Carbon-Disc-Tubeless-Laufradsatz_800x800-0-1.jpg","contentUrl":"https:\/\/cioelectro.com\/wp-content\/uploads\/2023\/06\/Zipp-303-Firecrest-R-Carbon-Disc-Tubeless-Laufradsatz_800x800-0-1.jpg","width":800,"height":482,"caption":"Zipp 303 Firecrest\u00ae Carbon Disc Tubeless Sram XDR Laufradsatz"},{"@type":"BreadcrumbList","@id":"https:\/\/cioelectro.com\/produkt\/zipp-303-firecrest-carbon-disc-tubeless-sram-xdr-laufradsatz\/#breadcrumb","itemListElement":[{"@type":"ListItem","position":1,"name":"Startseite","item":"https:\/\/cioelectro.com\/"},{"@type":"ListItem","position":2,"name":"LADEN","item":"https:\/\/cioelectro.com\/laden\/"},{"@type":"ListItem","position":3,"name":"Zipp 303 Firecrest\u00ae Carbon Disc Tubeless Sram XDR Laufradsatz"}]},{"@type":"WebSite","@id":"https:\/\/cioelectro.com\/#website","url":"https:\/\/cioelectro.com\/","name":"cioelectro.com","description":"Treten Sie mit uns ins Abenteuer!","publisher":{"@id":"https:\/\/cioelectro.com\/#organization"},"alternateName":"MEIN RADLADEN","potentialAction":[{"@type":"SearchAction","target":{"@type":"EntryPoint","urlTemplate":"https:\/\/cioelectro.com\/?s={search_term_string}"},"query-input":{"@type":"PropertyValueSpecification","valueRequired":true,"valueName":"search_term_string"}}],"inLanguage":"en-US"},{"@type":"Organization","@id":"https:\/\/cioelectro.com\/#organization","name":"CIOELECTRO","alternateName":"MEIN RADLADEN","url":"https:\/\/cioelectro.com\/","logo":{"@type":"ImageObject","inLanguage":"en-US","@id":"https:\/\/cioelectro.com\/#\/schema\/logo\/image\/","url":"https:\/\/cioelectro.com\/wp-content\/uploads\/2025\/12\/Logo-2-1200x800.png","contentUrl":"https:\/\/cioelectro.com\/wp-content\/uploads\/2025\/12\/Logo-2-1200x800.png","width":1200,"height":800,"caption":"CIOELECTRO"},"image":{"@id":"https:\/\/cioelectro.com\/#\/schema\/logo\/image\/"}}]}},"_links":{"self":[{"href":"https:\/\/cioelectro.com\/en\/wp-json\/wp\/v2\/product\/47075","targetHints":{"allow":["GET"]}}],"collection":[{"href":"https:\/\/cioelectro.com\/en\/wp-json\/wp\/v2\/product"}],"about":[{"href":"https:\/\/cioelectro.com\/en\/wp-json\/wp\/v2\/types\/product"}],"replies":[{"embeddable":true,"href":"https:\/\/cioelectro.com\/en\/wp-json\/wp\/v2\/comments?post=47075"}],"version-history":[{"count":0,"href":"https:\/\/cioelectro.com\/en\/wp-json\/wp\/v2\/product\/47075\/revisions"}],"wp:featuredmedia":[{"embeddable":true,"href":"https:\/\/cioelectro.com\/en\/wp-json\/wp\/v2\/media\/64119"}],"wp:attachment":[{"href":"https:\/\/cioelectro.com\/en\/wp-json\/wp\/v2\/media?parent=47075"}],"wp:term":[{"taxonomy":"product_brand","embeddable":true,"href":"https:\/\/cioelectro.com\/en\/wp-json\/wp\/v2\/product_brand?post=47075"},{"taxonomy":"product_cat","embeddable":true,"href":"https:\/\/cioelectro.com\/en\/wp-json\/wp\/v2\/product_cat?post=47075"},{"taxonomy":"product_tag","embeddable":true,"href":"https:\/\/cioelectro.com\/en\/wp-json\/wp\/v2\/product_tag?post=47075"}],"curies":[{"name":"wp","href":"https:\/\/api.w.org\/{rel}","templated":true}]}}