{"id":47134,"date":"2022-12-01T15:05:22","date_gmt":"2022-12-01T14:05:22","guid":{"rendered":"https:\/\/meinradladen.com\/?post_type=product&#038;p=47134"},"modified":"2023-08-10T20:45:17","modified_gmt":"2023-08-10T18:45:17","slug":"zipp-303-firecrest-carbon-disc-tubeless-hinterrad","status":"publish","type":"product","link":"https:\/\/cioelectro.com\/en\/produkt\/zipp-303-firecrest-carbon-disc-tubeless-hinterrad\/","title":{"rendered":"Zipp 303 Firecrest\u00ae Carbon Disc Tubeless Hinterrad"},"content":{"rendered":"<div class=\"product--headername\">\n<h2 class=\"product--title\"><strong>Zipp<\/strong> 303 Firecrest\u00ae Carbon Disc Tubeless Hinterrad<\/h2>\n<\/div>\n<p>Das Zipp 303 Firecrest\u00ae Carbon Tubeless Disc-Brake Laufrad von Zipp wurde f\u00fcr reale Bedingungen entwickelt \u2013 f\u00fcr eine Welt also, in der die Stra\u00dfenbel\u00e4ge nicht immer perfekt sind und in der die einfache Formel gilt, dass Effizienz sich in Geschwindigkeit \u00fcbersetzt. Dieses Laufrad ist schneller, leichter und selbst auf wechselndem, unebenem Terrain enorm leistungsf\u00e4hig \u2013 egal, ob es sich dabei um asphaltierte oder unasphaltierte Stra\u00dfen handelt.<\/p>\n<h3>Material<\/h3>\n<div>\n<ul>\n<li><strong>Felge:<\/strong>\u00a0Carbon<\/li>\n<li><strong>Nabenk\u00f6rper:\u00a0<\/strong>Aluminium<\/li>\n<li><strong>Speichen:<\/strong>\u00a0Edelstahl<\/li>\n<li><strong>Lager:\u00a0<\/strong>Stahl<\/li>\n<\/ul>\n<h3>Farbe<\/h3>\n<ul>\n<li>schwarz<\/li>\n<\/ul>\n<h3>Gewicht<\/h3>\n<ul>\n<li>739g (Herstellerangabe)<\/li>\n<\/ul>\n<\/div>\n<hr \/>\n<h3>Technologien<\/h3>\n<div>\n<hr \/>\n<h3>Zipp Firecrest Revolution<\/h3>\n<p><iframe src=\"https:\/\/www.youtube-nocookie.com\/embed\/vXrNfIwnk7M?rel=0\" width=\"640\" height=\"360\" frameborder=\"0\" allowfullscreen=\"allowfullscreen\" data-mce-fragment=\"1\"><\/iframe><\/p>\n<\/div>\n<h3>Zipp Firecrest Difference<\/h3>\n<p><iframe src=\"https:\/\/www.youtube-nocookie.com\/embed\/UnFCqs9iduY?rel=0\" width=\"640\" height=\"360\" frameborder=\"0\" allowfullscreen=\"allowfullscreen\" data-mce-fragment=\"1\"><\/iframe><\/p>\n<h3>Zipp Firecrest Numerology<\/h3>\n<p><iframe src=\"https:\/\/www.youtube-nocookie.com\/embed\/VgB3prnMRkA?rel=0\" width=\"640\" height=\"360\" frameborder=\"0\" allowfullscreen=\"allowfullscreen\" data-mce-fragment=\"1\"><\/iframe><\/p>\n<hr \/>\n<p><img fetchpriority=\"high\" decoding=\"async\" src=\"https:\/\/cd.bike-discount.de\/media\/image\/f8\/0d\/d0\/zipp-hookless-tire-compatibility.jpg\" alt=\"\" width=\"1000\" height=\"5032\" align=\"center\" data-src=\"media\/image\/zipp-hookless-tire-compatibility.jpg\" \/><\/p>\n<h2 class=\"image-slider--container\"><\/h2>","protected":false},"excerpt":{"rendered":"<p>Zipp 303 Firecrest\u00ae Carbon Disc Tubeless Hinterrad Das Zipp 303 Firecrest\u00ae Carbon Tubeless Disc-Brake Laufrad von Zipp wurde f\u00fcr reale<\/p>","protected":false},"featured_media":64138,"comment_status":"open","ping_status":"closed","template":"","meta":{"_rtcl_gb_attr":""},"product_brand":[],"product_cat":[318],"product_tag":[],"class_list":{"0":"post-47134","1":"product","2":"type-product","3":"status-publish","4":"has-post-thumbnail","6":"product_cat-outdoor","7":"pa_marke-zipp","9":"first","10":"instock","11":"sale","12":"taxable","13":"shipping-taxable","14":"purchasable","15":"product-type-variable"},"yoast_head":"<!-- This site is optimized with the Yoast SEO Premium plugin v20.12 (Yoast SEO v27.4) - https:\/\/yoast.com\/product\/yoast-seo-premium-wordpress\/ -->\n<title>Zipp 303 Firecrest\u00ae Carbon Disc Tubeless Hinterrad<\/title>\n<meta name=\"description\" content=\"Entdecken Sie unseren Online-Fahrradladen: Gro\u00dfe Auswahl an Modellen f\u00fcr alle Radsportbegeisterten. Von Rennr\u00e4dern bis zu Mountainbikes - finden Sie heute Ihren perfekten Wegbegleiter!\" \/>\n<meta name=\"robots\" content=\"index, follow, max-snippet:-1, max-image-preview:large, max-video-preview:-1\" \/>\n<link rel=\"canonical\" href=\"https:\/\/cioelectro.com\/en\/produkt\/zipp-303-firecrest-carbon-disc-tubeless-hinterrad\/\" \/>\n<meta property=\"og:locale\" content=\"en_US\" \/>\n<meta property=\"og:type\" content=\"article\" \/>\n<meta property=\"og:title\" content=\"Zipp 303 Firecrest\u00ae Carbon Disc Tubeless Hinterrad\" \/>\n<meta property=\"og:description\" content=\"Entdecken Sie unseren Online-Fahrradladen: Gro\u00dfe Auswahl an Modellen f\u00fcr alle Radsportbegeisterten. Von Rennr\u00e4dern bis zu Mountainbikes - finden Sie heute Ihren perfekten Wegbegleiter!\" \/>\n<meta property=\"og:url\" content=\"https:\/\/cioelectro.com\/en\/produkt\/zipp-303-firecrest-carbon-disc-tubeless-hinterrad\/\" \/>\n<meta property=\"og:site_name\" content=\"cioelectro.com\" \/>\n<meta property=\"article:modified_time\" content=\"2023-08-10T18:45:17+00:00\" \/>\n<meta property=\"og:image\" content=\"https:\/\/cioelectro.com\/wp-content\/uploads\/2023\/06\/Zipp-303-Firecrest-R-Carbon-Tubeless-Hinterrad-00-1918-530-000B9zsTxITl91sx_800x800-0-2.jpg\" \/>\n\t<meta property=\"og:image:width\" content=\"800\" \/>\n\t<meta property=\"og:image:height\" content=\"790\" \/>\n\t<meta property=\"og:image:type\" content=\"image\/jpeg\" \/>\n<meta name=\"twitter:card\" content=\"summary_large_image\" \/>\n<meta name=\"twitter:label1\" content=\"Est. reading time\" \/>\n\t<meta name=\"twitter:data1\" content=\"1 minute\" \/>\n<script type=\"application\/ld+json\" class=\"yoast-schema-graph\">{\"@context\":\"https:\\\/\\\/schema.org\",\"@graph\":[{\"@type\":\"WebPage\",\"@id\":\"https:\\\/\\\/cioelectro.com\\\/produkt\\\/zipp-303-firecrest-carbon-disc-tubeless-hinterrad\\\/\",\"url\":\"https:\\\/\\\/cioelectro.com\\\/produkt\\\/zipp-303-firecrest-carbon-disc-tubeless-hinterrad\\\/\",\"name\":\"Zipp 303 Firecrest\u00ae Carbon Disc Tubeless Hinterrad\",\"isPartOf\":{\"@id\":\"https:\\\/\\\/cioelectro.com\\\/#website\"},\"primaryImageOfPage\":{\"@id\":\"https:\\\/\\\/cioelectro.com\\\/produkt\\\/zipp-303-firecrest-carbon-disc-tubeless-hinterrad\\\/#primaryimage\"},\"image\":{\"@id\":\"https:\\\/\\\/cioelectro.com\\\/produkt\\\/zipp-303-firecrest-carbon-disc-tubeless-hinterrad\\\/#primaryimage\"},\"thumbnailUrl\":\"https:\\\/\\\/cioelectro.com\\\/wp-content\\\/uploads\\\/2023\\\/06\\\/Zipp-303-Firecrest-R-Carbon-Tubeless-Hinterrad-00-1918-530-000B9zsTxITl91sx_800x800-0-2.jpg\",\"datePublished\":\"2022-12-01T14:05:22+00:00\",\"dateModified\":\"2023-08-10T18:45:17+00:00\",\"description\":\"Entdecken Sie unseren Online-Fahrradladen: Gro\u00dfe Auswahl an Modellen f\u00fcr alle Radsportbegeisterten. Von Rennr\u00e4dern bis zu Mountainbikes - finden Sie heute Ihren perfekten Wegbegleiter!\",\"breadcrumb\":{\"@id\":\"https:\\\/\\\/cioelectro.com\\\/produkt\\\/zipp-303-firecrest-carbon-disc-tubeless-hinterrad\\\/#breadcrumb\"},\"inLanguage\":\"en-US\",\"potentialAction\":[{\"@type\":\"ReadAction\",\"target\":[\"https:\\\/\\\/cioelectro.com\\\/produkt\\\/zipp-303-firecrest-carbon-disc-tubeless-hinterrad\\\/\"]}]},{\"@type\":\"ImageObject\",\"inLanguage\":\"en-US\",\"@id\":\"https:\\\/\\\/cioelectro.com\\\/produkt\\\/zipp-303-firecrest-carbon-disc-tubeless-hinterrad\\\/#primaryimage\",\"url\":\"https:\\\/\\\/cioelectro.com\\\/wp-content\\\/uploads\\\/2023\\\/06\\\/Zipp-303-Firecrest-R-Carbon-Tubeless-Hinterrad-00-1918-530-000B9zsTxITl91sx_800x800-0-2.jpg\",\"contentUrl\":\"https:\\\/\\\/cioelectro.com\\\/wp-content\\\/uploads\\\/2023\\\/06\\\/Zipp-303-Firecrest-R-Carbon-Tubeless-Hinterrad-00-1918-530-000B9zsTxITl91sx_800x800-0-2.jpg\",\"width\":800,\"height\":790,\"caption\":\"Zipp 303 Firecrest\u00ae Carbon Disc Tubeless Hinterrad\"},{\"@type\":\"BreadcrumbList\",\"@id\":\"https:\\\/\\\/cioelectro.com\\\/produkt\\\/zipp-303-firecrest-carbon-disc-tubeless-hinterrad\\\/#breadcrumb\",\"itemListElement\":[{\"@type\":\"ListItem\",\"position\":1,\"name\":\"Startseite\",\"item\":\"https:\\\/\\\/cioelectro.com\\\/\"},{\"@type\":\"ListItem\",\"position\":2,\"name\":\"LADEN\",\"item\":\"https:\\\/\\\/cioelectro.com\\\/laden\\\/\"},{\"@type\":\"ListItem\",\"position\":3,\"name\":\"Zipp 303 Firecrest\u00ae Carbon Disc Tubeless Hinterrad\"}]},{\"@type\":\"WebSite\",\"@id\":\"https:\\\/\\\/cioelectro.com\\\/#website\",\"url\":\"https:\\\/\\\/cioelectro.com\\\/\",\"name\":\"cioelectro.com\",\"description\":\"Treten Sie mit uns ins Abenteuer!\",\"publisher\":{\"@id\":\"https:\\\/\\\/cioelectro.com\\\/#organization\"},\"alternateName\":\"MEIN RADLADEN\",\"potentialAction\":[{\"@type\":\"SearchAction\",\"target\":{\"@type\":\"EntryPoint\",\"urlTemplate\":\"https:\\\/\\\/cioelectro.com\\\/?s={search_term_string}\"},\"query-input\":{\"@type\":\"PropertyValueSpecification\",\"valueRequired\":true,\"valueName\":\"search_term_string\"}}],\"inLanguage\":\"en-US\"},{\"@type\":\"Organization\",\"@id\":\"https:\\\/\\\/cioelectro.com\\\/#organization\",\"name\":\"CIOELECTRO\",\"alternateName\":\"MEIN RADLADEN\",\"url\":\"https:\\\/\\\/cioelectro.com\\\/\",\"logo\":{\"@type\":\"ImageObject\",\"inLanguage\":\"en-US\",\"@id\":\"https:\\\/\\\/cioelectro.com\\\/#\\\/schema\\\/logo\\\/image\\\/\",\"url\":\"https:\\\/\\\/cioelectro.com\\\/wp-content\\\/uploads\\\/2025\\\/12\\\/Logo-2-1200x800.png\",\"contentUrl\":\"https:\\\/\\\/cioelectro.com\\\/wp-content\\\/uploads\\\/2025\\\/12\\\/Logo-2-1200x800.png\",\"width\":1200,\"height\":800,\"caption\":\"CIOELECTRO\"},\"image\":{\"@id\":\"https:\\\/\\\/cioelectro.com\\\/#\\\/schema\\\/logo\\\/image\\\/\"}}]}<\/script>\n<!-- \/ Yoast SEO Premium plugin. -->","yoast_head_json":{"title":"Zipp 303 Firecrest\u00ae Carbon Disc Tubeless Hinterrad","description":"Entdecken Sie unseren Online-Fahrradladen: Gro\u00dfe Auswahl an Modellen f\u00fcr alle Radsportbegeisterten. Von Rennr\u00e4dern bis zu Mountainbikes - finden Sie heute Ihren perfekten Wegbegleiter!","robots":{"index":"index","follow":"follow","max-snippet":"max-snippet:-1","max-image-preview":"max-image-preview:large","max-video-preview":"max-video-preview:-1"},"canonical":"https:\/\/cioelectro.com\/en\/produkt\/zipp-303-firecrest-carbon-disc-tubeless-hinterrad\/","og_locale":"en_US","og_type":"article","og_title":"Zipp 303 Firecrest\u00ae Carbon Disc Tubeless Hinterrad","og_description":"Entdecken Sie unseren Online-Fahrradladen: Gro\u00dfe Auswahl an Modellen f\u00fcr alle Radsportbegeisterten. Von Rennr\u00e4dern bis zu Mountainbikes - finden Sie heute Ihren perfekten Wegbegleiter!","og_url":"https:\/\/cioelectro.com\/en\/produkt\/zipp-303-firecrest-carbon-disc-tubeless-hinterrad\/","og_site_name":"cioelectro.com","article_modified_time":"2023-08-10T18:45:17+00:00","og_image":[{"width":800,"height":790,"url":"https:\/\/cioelectro.com\/wp-content\/uploads\/2023\/06\/Zipp-303-Firecrest-R-Carbon-Tubeless-Hinterrad-00-1918-530-000B9zsTxITl91sx_800x800-0-2.jpg","type":"image\/jpeg"}],"twitter_card":"summary_large_image","twitter_misc":{"Est. reading time":"1 minute"},"schema":{"@context":"https:\/\/schema.org","@graph":[{"@type":"WebPage","@id":"https:\/\/cioelectro.com\/produkt\/zipp-303-firecrest-carbon-disc-tubeless-hinterrad\/","url":"https:\/\/cioelectro.com\/produkt\/zipp-303-firecrest-carbon-disc-tubeless-hinterrad\/","name":"Zipp 303 Firecrest\u00ae Carbon Disc Tubeless Hinterrad","isPartOf":{"@id":"https:\/\/cioelectro.com\/#website"},"primaryImageOfPage":{"@id":"https:\/\/cioelectro.com\/produkt\/zipp-303-firecrest-carbon-disc-tubeless-hinterrad\/#primaryimage"},"image":{"@id":"https:\/\/cioelectro.com\/produkt\/zipp-303-firecrest-carbon-disc-tubeless-hinterrad\/#primaryimage"},"thumbnailUrl":"https:\/\/cioelectro.com\/wp-content\/uploads\/2023\/06\/Zipp-303-Firecrest-R-Carbon-Tubeless-Hinterrad-00-1918-530-000B9zsTxITl91sx_800x800-0-2.jpg","datePublished":"2022-12-01T14:05:22+00:00","dateModified":"2023-08-10T18:45:17+00:00","description":"Entdecken Sie unseren Online-Fahrradladen: Gro\u00dfe Auswahl an Modellen f\u00fcr alle Radsportbegeisterten. Von Rennr\u00e4dern bis zu Mountainbikes - finden Sie heute Ihren perfekten Wegbegleiter!","breadcrumb":{"@id":"https:\/\/cioelectro.com\/produkt\/zipp-303-firecrest-carbon-disc-tubeless-hinterrad\/#breadcrumb"},"inLanguage":"en-US","potentialAction":[{"@type":"ReadAction","target":["https:\/\/cioelectro.com\/produkt\/zipp-303-firecrest-carbon-disc-tubeless-hinterrad\/"]}]},{"@type":"ImageObject","inLanguage":"en-US","@id":"https:\/\/cioelectro.com\/produkt\/zipp-303-firecrest-carbon-disc-tubeless-hinterrad\/#primaryimage","url":"https:\/\/cioelectro.com\/wp-content\/uploads\/2023\/06\/Zipp-303-Firecrest-R-Carbon-Tubeless-Hinterrad-00-1918-530-000B9zsTxITl91sx_800x800-0-2.jpg","contentUrl":"https:\/\/cioelectro.com\/wp-content\/uploads\/2023\/06\/Zipp-303-Firecrest-R-Carbon-Tubeless-Hinterrad-00-1918-530-000B9zsTxITl91sx_800x800-0-2.jpg","width":800,"height":790,"caption":"Zipp 303 Firecrest\u00ae Carbon Disc Tubeless Hinterrad"},{"@type":"BreadcrumbList","@id":"https:\/\/cioelectro.com\/produkt\/zipp-303-firecrest-carbon-disc-tubeless-hinterrad\/#breadcrumb","itemListElement":[{"@type":"ListItem","position":1,"name":"Startseite","item":"https:\/\/cioelectro.com\/"},{"@type":"ListItem","position":2,"name":"LADEN","item":"https:\/\/cioelectro.com\/laden\/"},{"@type":"ListItem","position":3,"name":"Zipp 303 Firecrest\u00ae Carbon Disc Tubeless Hinterrad"}]},{"@type":"WebSite","@id":"https:\/\/cioelectro.com\/#website","url":"https:\/\/cioelectro.com\/","name":"cioelectro.com","description":"Treten Sie mit uns ins Abenteuer!","publisher":{"@id":"https:\/\/cioelectro.com\/#organization"},"alternateName":"MEIN RADLADEN","potentialAction":[{"@type":"SearchAction","target":{"@type":"EntryPoint","urlTemplate":"https:\/\/cioelectro.com\/?s={search_term_string}"},"query-input":{"@type":"PropertyValueSpecification","valueRequired":true,"valueName":"search_term_string"}}],"inLanguage":"en-US"},{"@type":"Organization","@id":"https:\/\/cioelectro.com\/#organization","name":"CIOELECTRO","alternateName":"MEIN RADLADEN","url":"https:\/\/cioelectro.com\/","logo":{"@type":"ImageObject","inLanguage":"en-US","@id":"https:\/\/cioelectro.com\/#\/schema\/logo\/image\/","url":"https:\/\/cioelectro.com\/wp-content\/uploads\/2025\/12\/Logo-2-1200x800.png","contentUrl":"https:\/\/cioelectro.com\/wp-content\/uploads\/2025\/12\/Logo-2-1200x800.png","width":1200,"height":800,"caption":"CIOELECTRO"},"image":{"@id":"https:\/\/cioelectro.com\/#\/schema\/logo\/image\/"}}]}},"_links":{"self":[{"href":"https:\/\/cioelectro.com\/en\/wp-json\/wp\/v2\/product\/47134","targetHints":{"allow":["GET"]}}],"collection":[{"href":"https:\/\/cioelectro.com\/en\/wp-json\/wp\/v2\/product"}],"about":[{"href":"https:\/\/cioelectro.com\/en\/wp-json\/wp\/v2\/types\/product"}],"replies":[{"embeddable":true,"href":"https:\/\/cioelectro.com\/en\/wp-json\/wp\/v2\/comments?post=47134"}],"version-history":[{"count":0,"href":"https:\/\/cioelectro.com\/en\/wp-json\/wp\/v2\/product\/47134\/revisions"}],"wp:featuredmedia":[{"embeddable":true,"href":"https:\/\/cioelectro.com\/en\/wp-json\/wp\/v2\/media\/64138"}],"wp:attachment":[{"href":"https:\/\/cioelectro.com\/en\/wp-json\/wp\/v2\/media?parent=47134"}],"wp:term":[{"taxonomy":"product_brand","embeddable":true,"href":"https:\/\/cioelectro.com\/en\/wp-json\/wp\/v2\/product_brand?post=47134"},{"taxonomy":"product_cat","embeddable":true,"href":"https:\/\/cioelectro.com\/en\/wp-json\/wp\/v2\/product_cat?post=47134"},{"taxonomy":"product_tag","embeddable":true,"href":"https:\/\/cioelectro.com\/en\/wp-json\/wp\/v2\/product_tag?post=47134"}],"curies":[{"name":"wp","href":"https:\/\/api.w.org\/{rel}","templated":true}]}}