{"id":47187,"date":"2022-12-01T15:49:20","date_gmt":"2022-12-01T14:49:20","guid":{"rendered":"https:\/\/meinradladen.com\/?post_type=product&#038;p=47187"},"modified":"2023-08-10T20:43:47","modified_gmt":"2023-08-10T18:43:47","slug":"mavic-allroad-pro-carbon-sl-dcl-shimano-laufradsatz","status":"publish","type":"product","link":"https:\/\/cioelectro.com\/en\/produkt\/mavic-allroad-pro-carbon-sl-dcl-shimano-laufradsatz\/","title":{"rendered":"Mavic Allroad Pro Carbon SL DCL Shimano Laufradsatz"},"content":{"rendered":"<h2 class=\"product--title\"><strong>Mavic<\/strong>\u00a0Allroad Pro Carbon SL DCL Shimano Laufradsatz<\/h2>\n<p>Mavics Mavic Allroad Pro Linie hat keine <a href=\"http:\/\/1-1\">Pr\u00e4ferenzen<\/a>, was den Untergrund angeht: raue Stra\u00dfen, Pflaster, schlechter Asphalt, Waldwege oder Schotter \u2013 alles kein Problem f\u00fcr die leistungsstarken Carbon-Allroad-Laufr\u00e4der! Sie vereinen auf spielerische Weise Geschwindigkeit und Kontrolle \u2013 und bieten damit dynamische Gravel-Fahrqualit\u00e4t in allen Situationen. Mit 23mm Maulweite f\u00fcr gro\u00dfvolumige Reifen optimiert, sind diese Tubeless-Laufr\u00e4der geschaffen f\u00fcr dein n\u00e4chstes Allroad-Abenteuer.<\/p>\n<h2>DAS Gravel- und Cyclocross-Laufrad von Mavic: das Allroad Pro Carbon SL Disc<\/h2>\n<p>Auf holprigen Stra\u00dfen und Schotterpisten bietet das Allroad Pro Carbon SL die typische geschmeidige Performance von Tubeless-Systemen \u2013 und ist dazu besonders bedienungsfreundlich und einfach zu handhaben. Sein geringer Rollwiderstand und das verminderte Pannenrisiko tragen zu einem Plus an Fahrspa\u00df bei \u2013 vor allem bei schlechteren Streckenverh\u00e4ltnissen. Vollendet wird diese Agilit\u00e4t durch das geringe Gewicht des hochwertigen Carbon-Laufrades.<\/p>\n<hr \/>\n<h3>Features &#8211; Allroad Pro Carbon SL Disc Center-Lock<\/h3>\n<ul>\n<li>Superleichte Vollcarbon-Felgen optimiert f\u00fcr Schlagfestigkeit<\/li>\n<li>Leichte, doppelt konifizierte Stahlspeichen halten das Gewicht niedrig und sorgen gleichzeitig f\u00fcr vertikale Flexiblit\u00e4t<\/li>\n<li>Instant Drive 360 Freilauf f\u00fcr schnelles Greifen und hohe Zuverl\u00e4ssigkeit<\/li>\n<li>23mm breite UST-Felgen und Tubeless-Reifen reduzieren den Rollwiderstand<\/li>\n<li>UST Road Tubeless erm\u00f6glicht einen niedrigeren Reifendruck f\u00fcr Komfort und Kontrolle auf unebenen Stra\u00dfen<\/li>\n<li>Kompatibel mit einer breiten Palette von Reifen von 28-64mm<\/li>\n<li>24 Speichen vorne und hinten f\u00fcr optimierte Bremskraftverteilung<\/li>\n<li>Vollachskompatibilit\u00e4t einschlie\u00dflich 12mm, 15mm Steckachse oder QR<\/li>\n<\/ul>\n<h3>Produkteigenschaften<\/h3>\n<ul>\n<li><strong>Einsatzbereich:\u00a0<\/strong>Rennrad, Gravel, Cyclocross<strong><br \/>\n<\/strong><\/li>\n<li><strong>Modell:\u00a0<\/strong>Allroad<\/li>\n<li><strong>Laufradgr\u00f6\u00dfe:\u00a0<\/strong>28&#8243;<\/li>\n<li><strong>Felgentyp:<\/strong>\u00a0Clincher (Falt-\/Drahtreifen)<\/li>\n<li><strong>Tubeless:\u00a0<\/strong>\u2714<\/li>\n<li><strong>ETRTO:<\/strong>\u00a0622<\/li>\n<li><strong>Lager:<\/strong>\u00a0Selbstjustierende gedichtete Industrielager (QRM Auto)<\/li>\n<li><strong>Freilaufsystem:<\/strong>\u00a0Instant Drive 360<\/li>\n<li><b>Freilauf:<\/b>\u00a0Shimano\/SRAM 9-\/10-\/11-fach<\/li>\n<li><strong>Felgenbreite innen:\u00a0<\/strong>23mm<\/li>\n<li><strong>Felgenh\u00f6he:<\/strong>\u00a025mm<\/li>\n<li><strong>Einbaubreite:<\/strong>\n<ul>\n<li><strong>Vorne:<\/strong>\u00a012 x 100mm Steckachse<\/li>\n<li><strong>Hinten:<\/strong>\u00a012 x 142mm Steckachse<\/li>\n<\/ul>\n<\/li>\n<li><strong>Speichentyp:<\/strong>\u00a0straight pull, flat, double butted<\/li>\n<li><strong>Speichen:\u00a0<\/strong>\n<ul>\n<li><strong>Vorne:<\/strong>\u00a024 crossed 2<\/li>\n<li><strong>Hinten:<\/strong>\u00a024 Isopulse<\/li>\n<\/ul>\n<\/li>\n<li><b>Bremsentyp:<\/b>\u00a0Scheibenbremse<\/li>\n<li><b>Bremssystem:<\/b>\u00a0Disc Center-Lock<\/li>\n<li><strong>Empf. Bereifung:\u00a0<\/strong>28 mm bis 64 mm (1.1&#8243; bis 2.5&#8243;)<\/li>\n<li><strong>Ventilloch:\u00a0<\/strong>Presta \/ SV \u00d8 6.5mm<\/li>\n<li><strong>ASTM Kategorie:<\/strong>\u00a02 &#8211; f\u00fcr den Einsatz auf Stra\u00dfen und im Gel\u00e4nde mit Spr\u00fcngen bis zu einer H\u00f6he von 15 cm<\/li>\n<li><strong>Max. Systemgewicht:\u00a0<\/strong>120 kg (Fahrer + Bike + Ausr\u00fcstung)<\/li>\n<\/ul>\n<h3>Material<\/h3>\n<ul>\n<li><strong>Felge:<\/strong>\u00a0100% Unidirectional carbon fiber<\/li>\n<li><strong>Nabenk\u00f6rper:<\/strong>\u00a0Aluminium<\/li>\n<li><strong>Freilauf:<\/strong>\u00a0Aluminium<\/li>\n<li><strong>Speichen:<\/strong>\u00a0Stahl<\/li>\n<li><strong>Speichennippel:\u00a0<\/strong>Aluminium<\/li>\n<\/ul>\n<h3>Farbe<\/h3>\n<ul>\n<li>schwarz<\/li>\n<\/ul>\n<h3>Gewicht (Herstellerangabe)<\/h3>\n<ul>\n<li><strong>Vorne:<\/strong>\u00a0670g<\/li>\n<li><strong>Hinten:<\/strong>\u00a0775g<\/li>\n<li><strong>Set:<\/strong>\u00a01445g<\/li>\n<\/ul>\n<hr \/>\n<h3>Lieferumfang<\/h3>\n<ul>\n<li>1 Mavic Allroad Pro Carbon SL DCL Hinterrad<\/li>\n<li>1 Mavic Tubeless-Reifendichtmittel<\/li>\n<li>1 Dichtmittel-Einf\u00fcllspritze<\/li>\n<li>1 Adapter vorne auf 5mm-Schnellspanner<\/li>\n<li>1 Adapter hinten auf 5mm-Schnellspanner<\/li>\n<li>2 Tubeless-Ventile und Zubeh\u00f6r<\/li>\n<\/ul>\n<hr \/>\n<h3>Technologie<\/h3>\n<p><strong>Infinity-Nabe<\/strong><br \/>\nMavics Infinity-Nabe steht f\u00fcr optimale Leistungs\u00fcbertragung, Haltbarkeit und Kompatibilit\u00e4t. Die Instant-Drive-360-Freilauftechnologie gew\u00e4hrleistet schnelles Greifen bei Belastung mit hoher Steifigkeit und Haltbarkeit und bietet eine automatische Lagervorspannungseinstellung (QRM Auto), die ohne Spezialwerkzeug einfach zu warten ist. Die auf Kompatibilit\u00e4t und Benutzerfreundlichkeit ausgelegte Infinity Nabe kann auf alle wichtigen Freilaufoptionen und Achsabmessungen umger\u00fcstet werden.<\/p>","protected":false},"excerpt":{"rendered":"<p>Mavic\u00a0Allroad Pro Carbon SL DCL Shimano Laufradsatz Mavics Mavic Allroad Pro Linie hat keine Pr\u00e4ferenzen, was den Untergrund angeht: raue<\/p>","protected":false},"featured_media":64152,"comment_status":"open","ping_status":"closed","template":"","meta":{"_rtcl_gb_attr":""},"product_brand":[],"product_cat":[247],"product_tag":[],"class_list":{"0":"post-47187","1":"product","2":"type-product","3":"status-publish","4":"has-post-thumbnail","6":"product_cat-e-bike-trekking","7":"pa_marke-mavic","9":"first","10":"instock","11":"sale","12":"taxable","13":"shipping-taxable","14":"purchasable","15":"product-type-simple"},"yoast_head":"<!-- This site is optimized with the Yoast SEO Premium plugin v20.12 (Yoast SEO v27.4) - https:\/\/yoast.com\/product\/yoast-seo-premium-wordpress\/ -->\n<title>Mavic Allroad Pro Carbon SL DCL Shimano Laufradsatz<\/title>\n<meta name=\"description\" content=\"Entdecken Sie unseren Online-Fahrradladen: Gro\u00dfe Auswahl an Modellen f\u00fcr alle Radsportbegeisterten. Von Rennr\u00e4dern bis zu Mountainbikes - finden Sie heute Ihren perfekten Wegbegleiter!\" \/>\n<meta name=\"robots\" content=\"index, follow, max-snippet:-1, max-image-preview:large, max-video-preview:-1\" \/>\n<link rel=\"canonical\" href=\"https:\/\/cioelectro.com\/en\/produkt\/mavic-allroad-pro-carbon-sl-dcl-shimano-laufradsatz\/\" \/>\n<meta property=\"og:locale\" content=\"en_US\" \/>\n<meta property=\"og:type\" content=\"article\" \/>\n<meta property=\"og:title\" content=\"Mavic Allroad Pro Carbon SL DCL Shimano Laufradsatz\" \/>\n<meta property=\"og:description\" content=\"Entdecken Sie unseren Online-Fahrradladen: Gro\u00dfe Auswahl an Modellen f\u00fcr alle Radsportbegeisterten. Von Rennr\u00e4dern bis zu Mountainbikes - finden Sie heute Ihren perfekten Wegbegleiter!\" \/>\n<meta property=\"og:url\" content=\"https:\/\/cioelectro.com\/en\/produkt\/mavic-allroad-pro-carbon-sl-dcl-shimano-laufradsatz\/\" \/>\n<meta property=\"og:site_name\" content=\"cioelectro.com\" \/>\n<meta property=\"article:modified_time\" content=\"2023-08-10T18:43:47+00:00\" \/>\n<meta property=\"og:image\" content=\"https:\/\/cioelectro.com\/wp-content\/uploads\/2023\/06\/mavic_Allroad-Pro-Carbon-SL-DCL_1_800x800-0.jpg\" \/>\n\t<meta property=\"og:image:width\" content=\"800\" \/>\n\t<meta property=\"og:image:height\" content=\"418\" \/>\n\t<meta property=\"og:image:type\" content=\"image\/jpeg\" \/>\n<meta name=\"twitter:card\" content=\"summary_large_image\" \/>\n<meta name=\"twitter:label1\" content=\"Est. reading time\" \/>\n\t<meta name=\"twitter:data1\" content=\"3 minutes\" \/>\n<script type=\"application\/ld+json\" class=\"yoast-schema-graph\">{\"@context\":\"https:\\\/\\\/schema.org\",\"@graph\":[{\"@type\":\"WebPage\",\"@id\":\"https:\\\/\\\/cioelectro.com\\\/produkt\\\/mavic-allroad-pro-carbon-sl-dcl-shimano-laufradsatz\\\/\",\"url\":\"https:\\\/\\\/cioelectro.com\\\/produkt\\\/mavic-allroad-pro-carbon-sl-dcl-shimano-laufradsatz\\\/\",\"name\":\"Mavic Allroad Pro Carbon SL DCL Shimano Laufradsatz\",\"isPartOf\":{\"@id\":\"https:\\\/\\\/cioelectro.com\\\/#website\"},\"primaryImageOfPage\":{\"@id\":\"https:\\\/\\\/cioelectro.com\\\/produkt\\\/mavic-allroad-pro-carbon-sl-dcl-shimano-laufradsatz\\\/#primaryimage\"},\"image\":{\"@id\":\"https:\\\/\\\/cioelectro.com\\\/produkt\\\/mavic-allroad-pro-carbon-sl-dcl-shimano-laufradsatz\\\/#primaryimage\"},\"thumbnailUrl\":\"https:\\\/\\\/cioelectro.com\\\/wp-content\\\/uploads\\\/2023\\\/06\\\/mavic_Allroad-Pro-Carbon-SL-DCL_1_800x800-0.jpg\",\"datePublished\":\"2022-12-01T14:49:20+00:00\",\"dateModified\":\"2023-08-10T18:43:47+00:00\",\"description\":\"Entdecken Sie unseren Online-Fahrradladen: Gro\u00dfe Auswahl an Modellen f\u00fcr alle Radsportbegeisterten. Von Rennr\u00e4dern bis zu Mountainbikes - finden Sie heute Ihren perfekten Wegbegleiter!\",\"breadcrumb\":{\"@id\":\"https:\\\/\\\/cioelectro.com\\\/produkt\\\/mavic-allroad-pro-carbon-sl-dcl-shimano-laufradsatz\\\/#breadcrumb\"},\"inLanguage\":\"en-US\",\"potentialAction\":[{\"@type\":\"ReadAction\",\"target\":[\"https:\\\/\\\/cioelectro.com\\\/produkt\\\/mavic-allroad-pro-carbon-sl-dcl-shimano-laufradsatz\\\/\"]}]},{\"@type\":\"ImageObject\",\"inLanguage\":\"en-US\",\"@id\":\"https:\\\/\\\/cioelectro.com\\\/produkt\\\/mavic-allroad-pro-carbon-sl-dcl-shimano-laufradsatz\\\/#primaryimage\",\"url\":\"https:\\\/\\\/cioelectro.com\\\/wp-content\\\/uploads\\\/2023\\\/06\\\/mavic_Allroad-Pro-Carbon-SL-DCL_1_800x800-0.jpg\",\"contentUrl\":\"https:\\\/\\\/cioelectro.com\\\/wp-content\\\/uploads\\\/2023\\\/06\\\/mavic_Allroad-Pro-Carbon-SL-DCL_1_800x800-0.jpg\",\"width\":800,\"height\":418,\"caption\":\"Mavic Allroad Pro Carbon SL DCL Shimano Laufradsatz\"},{\"@type\":\"BreadcrumbList\",\"@id\":\"https:\\\/\\\/cioelectro.com\\\/produkt\\\/mavic-allroad-pro-carbon-sl-dcl-shimano-laufradsatz\\\/#breadcrumb\",\"itemListElement\":[{\"@type\":\"ListItem\",\"position\":1,\"name\":\"Startseite\",\"item\":\"https:\\\/\\\/cioelectro.com\\\/\"},{\"@type\":\"ListItem\",\"position\":2,\"name\":\"LADEN\",\"item\":\"https:\\\/\\\/cioelectro.com\\\/laden\\\/\"},{\"@type\":\"ListItem\",\"position\":3,\"name\":\"Mavic Allroad Pro Carbon SL DCL Shimano Laufradsatz\"}]},{\"@type\":\"WebSite\",\"@id\":\"https:\\\/\\\/cioelectro.com\\\/#website\",\"url\":\"https:\\\/\\\/cioelectro.com\\\/\",\"name\":\"cioelectro.com\",\"description\":\"Treten Sie mit uns ins Abenteuer!\",\"publisher\":{\"@id\":\"https:\\\/\\\/cioelectro.com\\\/#organization\"},\"alternateName\":\"MEIN RADLADEN\",\"potentialAction\":[{\"@type\":\"SearchAction\",\"target\":{\"@type\":\"EntryPoint\",\"urlTemplate\":\"https:\\\/\\\/cioelectro.com\\\/?s={search_term_string}\"},\"query-input\":{\"@type\":\"PropertyValueSpecification\",\"valueRequired\":true,\"valueName\":\"search_term_string\"}}],\"inLanguage\":\"en-US\"},{\"@type\":\"Organization\",\"@id\":\"https:\\\/\\\/cioelectro.com\\\/#organization\",\"name\":\"CIOELECTRO\",\"alternateName\":\"MEIN RADLADEN\",\"url\":\"https:\\\/\\\/cioelectro.com\\\/\",\"logo\":{\"@type\":\"ImageObject\",\"inLanguage\":\"en-US\",\"@id\":\"https:\\\/\\\/cioelectro.com\\\/#\\\/schema\\\/logo\\\/image\\\/\",\"url\":\"https:\\\/\\\/cioelectro.com\\\/wp-content\\\/uploads\\\/2025\\\/12\\\/Logo-2-1200x800.png\",\"contentUrl\":\"https:\\\/\\\/cioelectro.com\\\/wp-content\\\/uploads\\\/2025\\\/12\\\/Logo-2-1200x800.png\",\"width\":1200,\"height\":800,\"caption\":\"CIOELECTRO\"},\"image\":{\"@id\":\"https:\\\/\\\/cioelectro.com\\\/#\\\/schema\\\/logo\\\/image\\\/\"}}]}<\/script>\n<!-- \/ Yoast SEO Premium plugin. -->","yoast_head_json":{"title":"Mavic Allroad Pro Carbon SL DCL Shimano Laufradsatz","description":"Entdecken Sie unseren Online-Fahrradladen: Gro\u00dfe Auswahl an Modellen f\u00fcr alle Radsportbegeisterten. Von Rennr\u00e4dern bis zu Mountainbikes - finden Sie heute Ihren perfekten Wegbegleiter!","robots":{"index":"index","follow":"follow","max-snippet":"max-snippet:-1","max-image-preview":"max-image-preview:large","max-video-preview":"max-video-preview:-1"},"canonical":"https:\/\/cioelectro.com\/en\/produkt\/mavic-allroad-pro-carbon-sl-dcl-shimano-laufradsatz\/","og_locale":"en_US","og_type":"article","og_title":"Mavic Allroad Pro Carbon SL DCL Shimano Laufradsatz","og_description":"Entdecken Sie unseren Online-Fahrradladen: Gro\u00dfe Auswahl an Modellen f\u00fcr alle Radsportbegeisterten. Von Rennr\u00e4dern bis zu Mountainbikes - finden Sie heute Ihren perfekten Wegbegleiter!","og_url":"https:\/\/cioelectro.com\/en\/produkt\/mavic-allroad-pro-carbon-sl-dcl-shimano-laufradsatz\/","og_site_name":"cioelectro.com","article_modified_time":"2023-08-10T18:43:47+00:00","og_image":[{"width":800,"height":418,"url":"https:\/\/cioelectro.com\/wp-content\/uploads\/2023\/06\/mavic_Allroad-Pro-Carbon-SL-DCL_1_800x800-0.jpg","type":"image\/jpeg"}],"twitter_card":"summary_large_image","twitter_misc":{"Est. reading time":"3 minutes"},"schema":{"@context":"https:\/\/schema.org","@graph":[{"@type":"WebPage","@id":"https:\/\/cioelectro.com\/produkt\/mavic-allroad-pro-carbon-sl-dcl-shimano-laufradsatz\/","url":"https:\/\/cioelectro.com\/produkt\/mavic-allroad-pro-carbon-sl-dcl-shimano-laufradsatz\/","name":"Mavic Allroad Pro Carbon SL DCL Shimano Laufradsatz","isPartOf":{"@id":"https:\/\/cioelectro.com\/#website"},"primaryImageOfPage":{"@id":"https:\/\/cioelectro.com\/produkt\/mavic-allroad-pro-carbon-sl-dcl-shimano-laufradsatz\/#primaryimage"},"image":{"@id":"https:\/\/cioelectro.com\/produkt\/mavic-allroad-pro-carbon-sl-dcl-shimano-laufradsatz\/#primaryimage"},"thumbnailUrl":"https:\/\/cioelectro.com\/wp-content\/uploads\/2023\/06\/mavic_Allroad-Pro-Carbon-SL-DCL_1_800x800-0.jpg","datePublished":"2022-12-01T14:49:20+00:00","dateModified":"2023-08-10T18:43:47+00:00","description":"Entdecken Sie unseren Online-Fahrradladen: Gro\u00dfe Auswahl an Modellen f\u00fcr alle Radsportbegeisterten. Von Rennr\u00e4dern bis zu Mountainbikes - finden Sie heute Ihren perfekten Wegbegleiter!","breadcrumb":{"@id":"https:\/\/cioelectro.com\/produkt\/mavic-allroad-pro-carbon-sl-dcl-shimano-laufradsatz\/#breadcrumb"},"inLanguage":"en-US","potentialAction":[{"@type":"ReadAction","target":["https:\/\/cioelectro.com\/produkt\/mavic-allroad-pro-carbon-sl-dcl-shimano-laufradsatz\/"]}]},{"@type":"ImageObject","inLanguage":"en-US","@id":"https:\/\/cioelectro.com\/produkt\/mavic-allroad-pro-carbon-sl-dcl-shimano-laufradsatz\/#primaryimage","url":"https:\/\/cioelectro.com\/wp-content\/uploads\/2023\/06\/mavic_Allroad-Pro-Carbon-SL-DCL_1_800x800-0.jpg","contentUrl":"https:\/\/cioelectro.com\/wp-content\/uploads\/2023\/06\/mavic_Allroad-Pro-Carbon-SL-DCL_1_800x800-0.jpg","width":800,"height":418,"caption":"Mavic Allroad Pro Carbon SL DCL Shimano Laufradsatz"},{"@type":"BreadcrumbList","@id":"https:\/\/cioelectro.com\/produkt\/mavic-allroad-pro-carbon-sl-dcl-shimano-laufradsatz\/#breadcrumb","itemListElement":[{"@type":"ListItem","position":1,"name":"Startseite","item":"https:\/\/cioelectro.com\/"},{"@type":"ListItem","position":2,"name":"LADEN","item":"https:\/\/cioelectro.com\/laden\/"},{"@type":"ListItem","position":3,"name":"Mavic Allroad Pro Carbon SL DCL Shimano Laufradsatz"}]},{"@type":"WebSite","@id":"https:\/\/cioelectro.com\/#website","url":"https:\/\/cioelectro.com\/","name":"cioelectro.com","description":"Treten Sie mit uns ins Abenteuer!","publisher":{"@id":"https:\/\/cioelectro.com\/#organization"},"alternateName":"MEIN RADLADEN","potentialAction":[{"@type":"SearchAction","target":{"@type":"EntryPoint","urlTemplate":"https:\/\/cioelectro.com\/?s={search_term_string}"},"query-input":{"@type":"PropertyValueSpecification","valueRequired":true,"valueName":"search_term_string"}}],"inLanguage":"en-US"},{"@type":"Organization","@id":"https:\/\/cioelectro.com\/#organization","name":"CIOELECTRO","alternateName":"MEIN RADLADEN","url":"https:\/\/cioelectro.com\/","logo":{"@type":"ImageObject","inLanguage":"en-US","@id":"https:\/\/cioelectro.com\/#\/schema\/logo\/image\/","url":"https:\/\/cioelectro.com\/wp-content\/uploads\/2025\/12\/Logo-2-1200x800.png","contentUrl":"https:\/\/cioelectro.com\/wp-content\/uploads\/2025\/12\/Logo-2-1200x800.png","width":1200,"height":800,"caption":"CIOELECTRO"},"image":{"@id":"https:\/\/cioelectro.com\/#\/schema\/logo\/image\/"}}]}},"_links":{"self":[{"href":"https:\/\/cioelectro.com\/en\/wp-json\/wp\/v2\/product\/47187","targetHints":{"allow":["GET"]}}],"collection":[{"href":"https:\/\/cioelectro.com\/en\/wp-json\/wp\/v2\/product"}],"about":[{"href":"https:\/\/cioelectro.com\/en\/wp-json\/wp\/v2\/types\/product"}],"replies":[{"embeddable":true,"href":"https:\/\/cioelectro.com\/en\/wp-json\/wp\/v2\/comments?post=47187"}],"version-history":[{"count":0,"href":"https:\/\/cioelectro.com\/en\/wp-json\/wp\/v2\/product\/47187\/revisions"}],"wp:featuredmedia":[{"embeddable":true,"href":"https:\/\/cioelectro.com\/en\/wp-json\/wp\/v2\/media\/64152"}],"wp:attachment":[{"href":"https:\/\/cioelectro.com\/en\/wp-json\/wp\/v2\/media?parent=47187"}],"wp:term":[{"taxonomy":"product_brand","embeddable":true,"href":"https:\/\/cioelectro.com\/en\/wp-json\/wp\/v2\/product_brand?post=47187"},{"taxonomy":"product_cat","embeddable":true,"href":"https:\/\/cioelectro.com\/en\/wp-json\/wp\/v2\/product_cat?post=47187"},{"taxonomy":"product_tag","embeddable":true,"href":"https:\/\/cioelectro.com\/en\/wp-json\/wp\/v2\/product_tag?post=47187"}],"curies":[{"name":"wp","href":"https:\/\/api.w.org\/{rel}","templated":true}]}}