{"id":47662,"date":"2022-12-02T19:18:40","date_gmt":"2022-12-02T18:18:40","guid":{"rendered":"https:\/\/meinradladen.com\/?post_type=product&#038;p=47662"},"modified":"2023-08-10T20:27:24","modified_gmt":"2023-08-10T18:27:24","slug":"lapierre-zesty-am-cf-7-9","status":"publish","type":"product","link":"https:\/\/cioelectro.com\/en\/produkt\/lapierre-zesty-am-cf-7-9\/","title":{"rendered":"Lapierre ZESTY AM CF 7.9"},"content":{"rendered":"<h2 class=\"content--title\"><strong>Lapierre<\/strong>\u00a0ZESTY AM CF 7.9<\/h2>\n<p class=\"product--description\">Das Lapierre Zesty AM CF 7.9 ist das optimale Bike f\u00fcr gro\u00dfe und kleine Touren. Dank hochwertigem Vollcarbon-Rahmen, Dropper Post und Fox-Fahrwerk mit ordentlich Federweg besticht das All Mountain Bike auch auf technischem Terrain, sowohl bergauf als auch auf schnellen Abfahrten. Die innenverlegten Z\u00fcge sorgen f\u00fcr einen cleanen Look und betonen so das elegante Rahmendesign.<\/p>\n<hr \/>\n<h3>Die Highlights des Lapierre Zesty AM CF 7.9<\/h3>\n<ul>\n<li>Robuster SRAM Eagle 1&#215;12-fach Antrieb<\/li>\n<li>Fox-Fahrwerk mit 150mm Federweg, vorne wie hinten<\/li>\n<li>All Mountain-spezifische Geometrie<\/li>\n<li>Dropper Post f\u00fcr maximalen Komfort<\/li>\n<li>Maxxis Bereifung f\u00fcr besten Grip<\/li>\n<li>Staufach am unteren Teil des Unterrohrs (LP Box)<\/li>\n<li>Arretierungshebel der Steckachse mit Flaschen\u00f6ffner<\/li>\n<\/ul>\n<hr \/>\n<h3>Lapierre Technologie<\/h3>\n<p><strong>Carbon<\/strong><br \/>\nLapierre setzt auf vier spezifische Faserarten mit jeweils ganz speziellen Eigenschaften. Mit diesen unterschiedlichen Fasern k\u00f6nnen ihre Ingenieure die Steifigkeit, Nachgiebigkeit und Festigkeit optimal an die unterschiedlichen Anforderungen der einzelnen Rahmenbereiche anpassen. Hochfeste Fasern dienen der Sto\u00dfd\u00e4mpfung und dem Komfort: Sattelst\u00fctze, Kettenstreben, Sitzstreben oder sogar der gesamte Rahmen. Dar\u00fcber hinaus erzielen sie aufgrund des sehr hohen Elastizit\u00e4tsmoduls ideale Steifigkeits- und Effizienzwerte.<\/p>\n<p><strong>LP Box<\/strong><br \/>\nF\u00fcr eine optimale Integration und Funktionalit\u00e4t kann die in der N\u00e4he des Tretlagers befindliche LP Box einen Schlauch und weitere n\u00fctzliche Tools aufnehmen, damit du im Fall einer Panne unterwegs immer bestens ger\u00fcstet bist.<\/p>\n<h2>Ausstattung<\/h2>\n<div class=\"product--properties panel has--border\">\n<table class=\"product--properties-table\">\n<tbody>\n<tr class=\"product--properties-row row1\">\n<td class=\"product--properties-label is--bold\">Rahmen:<\/td>\n<td class=\"product--properties-value\">Zesty AM Full carbon Ultimate 150mm travel (29&#8243;), pressfit, boost, metric, thru axle<\/td>\n<\/tr>\n<tr class=\"product--properties-row row2\">\n<td class=\"product--properties-label is--bold\">Rahmenmaterial:<\/td>\n<td class=\"product--properties-value\">Carbon<\/td>\n<\/tr>\n<tr class=\"product--properties-row row3\">\n<td class=\"product--properties-label is--bold\">Laufradgr\u00f6\u00dfe:<\/td>\n<td class=\"product--properties-value\">29&#8243;<\/td>\n<\/tr>\n<tr class=\"product--properties-row row4\">\n<td class=\"product--properties-label is--bold\">Farbe:<\/td>\n<td class=\"product--properties-value\">Beige<\/td>\n<\/tr>\n<tr class=\"product--properties-row row5\">\n<td class=\"product--properties-label is--bold\">Gabel:<\/td>\n<td class=\"product--properties-value\">Fox 36 Performance Float 3 Pos Micro Adj lever 150mm (29&#8221;) 44mm rake<\/td>\n<\/tr>\n<tr class=\"product--properties-row row6\">\n<td class=\"product--properties-label is--bold\">D\u00e4mpfer:<\/td>\n<td class=\"product--properties-value\">Fox Float DPS Performance Float 3-position lever, LV Evol 205&#215;57.5mm (Trunnion type)<\/td>\n<\/tr>\n<tr class=\"product--properties-row row7\">\n<td class=\"product--properties-label is--bold\">Federweg:<\/td>\n<td class=\"product--properties-value\">150mm \/ 150mm<\/td>\n<\/tr>\n<tr class=\"product--properties-row row8\">\n<td class=\"product--properties-label is--bold\">Bremsen:<\/td>\n<td class=\"product--properties-value\">SRAM G2 R Gloss black 4 pistons<\/td>\n<\/tr>\n<tr class=\"product--properties-row row9\">\n<td class=\"product--properties-label is--bold\">Bremsscheiben:<\/td>\n<td class=\"product--properties-value\">SRAM Centerline Rounded 200mm\/180mm<\/td>\n<\/tr>\n<tr class=\"product--properties-row row10\">\n<td class=\"product--properties-label is--bold\">Steuersatz:<\/td>\n<td class=\"product--properties-value\">FSA Orbit Zero stack<\/td>\n<\/tr>\n<tr class=\"product--properties-row row11\">\n<td class=\"product--properties-label is--bold\">Vorbau:<\/td>\n<td class=\"product--properties-value\">Lapierre Full CNC alloy, 0\u00b0, L: 40mm (S), 45mm (M), 50mm (L\/XL)<\/td>\n<\/tr>\n<tr class=\"product--properties-row row12\">\n<td class=\"product--properties-label is--bold\">Lenker:<\/td>\n<td class=\"product--properties-value\">Lapierre alloy 6061DB, Width: 760mm, Rise: 15mm, (S\/M), Width: 780mm, Rise: 30mm (L\/XL), \u00d8: 31.8mm bar bore<\/td>\n<\/tr>\n<tr class=\"product--properties-row row13\">\n<td class=\"product--properties-label is--bold\">Griffe:<\/td>\n<td class=\"product--properties-value\">Lapierre &#8220;Fit&#8221; grips, S\/M: small size, L\/XL: large size<\/td>\n<\/tr>\n<tr class=\"product--properties-row row14\">\n<td class=\"product--properties-label is--bold\">Sattel:<\/td>\n<td class=\"product--properties-value\">Lapierre Crmo by Velo<\/td>\n<\/tr>\n<tr class=\"product--properties-row row15\">\n<td class=\"product--properties-label is--bold\">Sattelst\u00fctze:<\/td>\n<td class=\"product--properties-value\">Lapierre dropper by JD, travel: 100mm (S), 130mm (M), 150mm (L\/XL)<\/td>\n<\/tr>\n<\/tbody>\n<\/table>\n<table class=\"product--properties-table\">\n<tbody>\n<tr class=\"product--properties-row row16\">\n<td class=\"product--properties-label is--bold\">Kurbel:<\/td>\n<td class=\"product--properties-value\">SRAM GX Lunar Eagle boost 148 Dub 12s 32T 165mm (S) \/ 170mm (M) \/ 175mm (L\/XL)<\/td>\n<\/tr>\n<tr class=\"product--properties-row row17\">\n<td class=\"product--properties-label is--bold\">Tretlager\/Innenlager:<\/td>\n<td class=\"product--properties-value\">Sram DUB Pressfit MTB 92<\/td>\n<\/tr>\n<tr class=\"product--properties-row row18\">\n<td class=\"product--properties-label is--bold\">Schaltwerk:<\/td>\n<td class=\"product--properties-value\">SRAM New GX Lunar Eagle, 12s<\/td>\n<\/tr>\n<tr class=\"product--properties-row row19\">\n<td class=\"product--properties-label is--bold\">Schalthebel:<\/td>\n<td class=\"product--properties-value\">SRAM NX Eagle 12s<\/td>\n<\/tr>\n<tr class=\"product--properties-row row20\">\n<td class=\"product--properties-label is--bold\">Kassette:<\/td>\n<td class=\"product--properties-value\">SRAM PG1210 Eagle 11-50 12s<\/td>\n<\/tr>\n<tr class=\"product--properties-row row21\">\n<td class=\"product--properties-label is--bold\">Kette:<\/td>\n<td class=\"product--properties-value\">Sram SX Eagle 12s<\/td>\n<\/tr>\n<tr class=\"product--properties-row row22\">\n<td class=\"product--properties-label is--bold\">Reifen vorne:<\/td>\n<td class=\"product--properties-value\">Maxxis ASSEGAI 3C MaxxTerra\/EXO+\/TR 29X2.50 Wide Trail 29&#215;2.5<\/td>\n<\/tr>\n<tr class=\"product--properties-row row23\">\n<td class=\"product--properties-label is--bold\">Reifen hinten:<\/td>\n<td class=\"product--properties-value\">Maxxis Minion DHR Wide Trail 29&#215;2.4<\/td>\n<\/tr>\n<tr class=\"product--properties-row row24\">\n<td class=\"product--properties-label is--bold\">Nabe Vorderrad:<\/td>\n<td class=\"product--properties-value\">Lapierre by Fastace DF813 , boost 15&#215;110, 32H<\/td>\n<\/tr>\n<tr class=\"product--properties-row row25\">\n<td class=\"product--properties-label is--bold\">Nabe Hinterrad:<\/td>\n<td class=\"product--properties-value\">Lapierre by Fastace DR813, 4 sealed bearings, boost 12&#215;148, 32H<\/td>\n<\/tr>\n<tr class=\"product--properties-row row26\">\n<td class=\"product--properties-label is--bold\">Felgen:<\/td>\n<td class=\"product--properties-value\">Rodi Tryp 30 tubeless ready, 30-622 (29&#8243;)<\/td>\n<\/tr>\n<tr class=\"product--properties-row row27\">\n<td class=\"product--properties-label is--bold\">Pedale:<\/td>\n<td class=\"product--properties-value\">FPD NW-91K steel cage<\/td>\n<\/tr>\n<tr class=\"product--properties-row row28\">\n<td class=\"product--properties-label is--bold\">Sonstiges:<\/td>\n<td class=\"product--properties-value\">Tubeless flap + valves + Thru axle Bottle opener lever<\/td>\n<\/tr>\n<\/tbody>\n<\/table>\n<\/div>","protected":false},"excerpt":{"rendered":"<div class=\"tab-menu--product js--tab-menu\">\n<div class=\"tab--container-list\">\n<div class=\"tab--container description has--content is--active\">\n<div class=\"tab--content box-description\">\n<div class=\"content--description\">\n<div class=\"ean-box\"><label>Modelljahr: <span style=\"font-size: 16px;\">2022<\/span><\/label><\/div>\n<\/div>\n<\/div>\n<\/div>\n<\/div>\n<\/div>\n<p><a class=\"rating-link-info--box\" name=\"product--publish-comment\"><\/a><\/p>\n<div id=\"detail--product-reviews\" class=\"content--product-reviews 123\"><\/div>","protected":false},"featured_media":64296,"comment_status":"open","ping_status":"closed","template":"","meta":{"_rtcl_gb_attr":""},"product_brand":[],"product_cat":[36,426,220],"product_tag":[],"class_list":{"0":"post-47662","1":"product","2":"type-product","3":"status-publish","4":"has-post-thumbnail","6":"product_cat-fahrrad","7":"product_cat-fullsuspension","8":"product_cat-mountainbike","9":"pa_marke-lapierre","11":"first","12":"instock","13":"sale","14":"taxable","15":"shipping-taxable","16":"purchasable","17":"product-type-variable"},"yoast_head":"<!-- This site is optimized with the Yoast SEO Premium plugin v20.12 (Yoast SEO v27.4) - https:\/\/yoast.com\/product\/yoast-seo-premium-wordpress\/ -->\n<title>Lapierre ZESTY AM CF 7.9<\/title>\n<meta name=\"description\" content=\"cioelectro.com bietet Ihnen das Lapierre ZESTY AM CF 7.9 zum besten Preis mit kostenlosem Versand in ganz EuropaLapierre Zesty AM CF 7.9Lapierre Zesty AM CF 7.9\" \/>\n<meta name=\"robots\" content=\"index, follow, max-snippet:-1, max-image-preview:large, max-video-preview:-1\" \/>\n<link rel=\"canonical\" href=\"https:\/\/cioelectro.com\/en\/produkt\/lapierre-zesty-am-cf-7-9\/\" \/>\n<meta property=\"og:locale\" content=\"en_US\" \/>\n<meta property=\"og:type\" content=\"article\" \/>\n<meta property=\"og:title\" content=\"Lapierre ZESTY AM CF 7.9\" \/>\n<meta property=\"og:description\" content=\"Entdecken Sie unseren Online-Fahrradladen: Gro\u00dfe Auswahl an Modellen f\u00fcr alle Radsportbegeisterten. Von Rennr\u00e4dern bis zu Mountainbikes - finden Sie heute Ihren perfekten Wegbegleiter!\" \/>\n<meta property=\"og:url\" content=\"https:\/\/cioelectro.com\/en\/produkt\/lapierre-zesty-am-cf-7-9\/\" \/>\n<meta property=\"og:site_name\" content=\"cioelectro.com\" \/>\n<meta property=\"article:modified_time\" content=\"2023-08-10T18:27:24+00:00\" \/>\n<meta property=\"og:image\" content=\"https:\/\/cioelectro.com\/wp-content\/uploads\/2023\/06\/Lapierre-ZESTY-AM-CF-7.9.jpg\" \/>\n\t<meta property=\"og:image:width\" content=\"800\" \/>\n\t<meta property=\"og:image:height\" content=\"448\" \/>\n\t<meta property=\"og:image:type\" content=\"image\/jpeg\" \/>\n<meta name=\"twitter:card\" content=\"summary_large_image\" \/>\n<meta name=\"twitter:label1\" content=\"Est. reading time\" \/>\n\t<meta name=\"twitter:data1\" content=\"3 minutes\" \/>\n<script type=\"application\/ld+json\" class=\"yoast-schema-graph\">{\"@context\":\"https:\\\/\\\/schema.org\",\"@graph\":[{\"@type\":\"WebPage\",\"@id\":\"https:\\\/\\\/cioelectro.com\\\/produkt\\\/lapierre-zesty-am-cf-7-9\\\/\",\"url\":\"https:\\\/\\\/cioelectro.com\\\/produkt\\\/lapierre-zesty-am-cf-7-9\\\/\",\"name\":\"Lapierre ZESTY AM CF 7.9\",\"isPartOf\":{\"@id\":\"https:\\\/\\\/cioelectro.com\\\/#website\"},\"primaryImageOfPage\":{\"@id\":\"https:\\\/\\\/cioelectro.com\\\/produkt\\\/lapierre-zesty-am-cf-7-9\\\/#primaryimage\"},\"image\":{\"@id\":\"https:\\\/\\\/cioelectro.com\\\/produkt\\\/lapierre-zesty-am-cf-7-9\\\/#primaryimage\"},\"thumbnailUrl\":\"https:\\\/\\\/cioelectro.com\\\/wp-content\\\/uploads\\\/2023\\\/06\\\/Lapierre-ZESTY-AM-CF-7.9.jpg\",\"datePublished\":\"2022-12-02T18:18:40+00:00\",\"dateModified\":\"2023-08-10T18:27:24+00:00\",\"description\":\"cioelectro.com bietet Ihnen das Lapierre ZESTY AM CF 7.9 zum besten Preis mit kostenlosem Versand in ganz EuropaLapierre Zesty AM CF 7.9Lapierre Zesty AM CF 7.9\",\"breadcrumb\":{\"@id\":\"https:\\\/\\\/cioelectro.com\\\/produkt\\\/lapierre-zesty-am-cf-7-9\\\/#breadcrumb\"},\"inLanguage\":\"en-US\",\"potentialAction\":[{\"@type\":\"ReadAction\",\"target\":[\"https:\\\/\\\/cioelectro.com\\\/produkt\\\/lapierre-zesty-am-cf-7-9\\\/\"]}]},{\"@type\":\"ImageObject\",\"inLanguage\":\"en-US\",\"@id\":\"https:\\\/\\\/cioelectro.com\\\/produkt\\\/lapierre-zesty-am-cf-7-9\\\/#primaryimage\",\"url\":\"https:\\\/\\\/cioelectro.com\\\/wp-content\\\/uploads\\\/2023\\\/06\\\/Lapierre-ZESTY-AM-CF-7.9.jpg\",\"contentUrl\":\"https:\\\/\\\/cioelectro.com\\\/wp-content\\\/uploads\\\/2023\\\/06\\\/Lapierre-ZESTY-AM-CF-7.9.jpg\",\"width\":800,\"height\":448,\"caption\":\"Lapierre\u00a0ZESTY AM CF 7.9\"},{\"@type\":\"BreadcrumbList\",\"@id\":\"https:\\\/\\\/cioelectro.com\\\/produkt\\\/lapierre-zesty-am-cf-7-9\\\/#breadcrumb\",\"itemListElement\":[{\"@type\":\"ListItem\",\"position\":1,\"name\":\"Startseite\",\"item\":\"https:\\\/\\\/cioelectro.com\\\/\"},{\"@type\":\"ListItem\",\"position\":2,\"name\":\"LADEN\",\"item\":\"https:\\\/\\\/cioelectro.com\\\/laden\\\/\"},{\"@type\":\"ListItem\",\"position\":3,\"name\":\"Lapierre ZESTY AM CF 7.9\"}]},{\"@type\":\"WebSite\",\"@id\":\"https:\\\/\\\/cioelectro.com\\\/#website\",\"url\":\"https:\\\/\\\/cioelectro.com\\\/\",\"name\":\"cioelectro.com\",\"description\":\"Treten Sie mit uns ins Abenteuer!\",\"publisher\":{\"@id\":\"https:\\\/\\\/cioelectro.com\\\/#organization\"},\"alternateName\":\"MEIN RADLADEN\",\"potentialAction\":[{\"@type\":\"SearchAction\",\"target\":{\"@type\":\"EntryPoint\",\"urlTemplate\":\"https:\\\/\\\/cioelectro.com\\\/?s={search_term_string}\"},\"query-input\":{\"@type\":\"PropertyValueSpecification\",\"valueRequired\":true,\"valueName\":\"search_term_string\"}}],\"inLanguage\":\"en-US\"},{\"@type\":\"Organization\",\"@id\":\"https:\\\/\\\/cioelectro.com\\\/#organization\",\"name\":\"CIOELECTRO\",\"alternateName\":\"MEIN RADLADEN\",\"url\":\"https:\\\/\\\/cioelectro.com\\\/\",\"logo\":{\"@type\":\"ImageObject\",\"inLanguage\":\"en-US\",\"@id\":\"https:\\\/\\\/cioelectro.com\\\/#\\\/schema\\\/logo\\\/image\\\/\",\"url\":\"https:\\\/\\\/cioelectro.com\\\/wp-content\\\/uploads\\\/2025\\\/12\\\/Logo-2-1200x800.png\",\"contentUrl\":\"https:\\\/\\\/cioelectro.com\\\/wp-content\\\/uploads\\\/2025\\\/12\\\/Logo-2-1200x800.png\",\"width\":1200,\"height\":800,\"caption\":\"CIOELECTRO\"},\"image\":{\"@id\":\"https:\\\/\\\/cioelectro.com\\\/#\\\/schema\\\/logo\\\/image\\\/\"}}]}<\/script>\n<!-- \/ Yoast SEO Premium plugin. -->","yoast_head_json":{"title":"Lapierre ZESTY AM CF 7.9","description":"cioelectro.com bietet Ihnen das Lapierre ZESTY AM CF 7.9 zum besten Preis mit kostenlosem Versand in ganz EuropaLapierre Zesty AM CF 7.9Lapierre Zesty AM CF 7.9","robots":{"index":"index","follow":"follow","max-snippet":"max-snippet:-1","max-image-preview":"max-image-preview:large","max-video-preview":"max-video-preview:-1"},"canonical":"https:\/\/cioelectro.com\/en\/produkt\/lapierre-zesty-am-cf-7-9\/","og_locale":"en_US","og_type":"article","og_title":"Lapierre ZESTY AM CF 7.9","og_description":"Entdecken Sie unseren Online-Fahrradladen: Gro\u00dfe Auswahl an Modellen f\u00fcr alle Radsportbegeisterten. Von Rennr\u00e4dern bis zu Mountainbikes - finden Sie heute Ihren perfekten Wegbegleiter!","og_url":"https:\/\/cioelectro.com\/en\/produkt\/lapierre-zesty-am-cf-7-9\/","og_site_name":"cioelectro.com","article_modified_time":"2023-08-10T18:27:24+00:00","og_image":[{"width":800,"height":448,"url":"https:\/\/cioelectro.com\/wp-content\/uploads\/2023\/06\/Lapierre-ZESTY-AM-CF-7.9.jpg","type":"image\/jpeg"}],"twitter_card":"summary_large_image","twitter_misc":{"Est. reading time":"3 minutes"},"schema":{"@context":"https:\/\/schema.org","@graph":[{"@type":"WebPage","@id":"https:\/\/cioelectro.com\/produkt\/lapierre-zesty-am-cf-7-9\/","url":"https:\/\/cioelectro.com\/produkt\/lapierre-zesty-am-cf-7-9\/","name":"Lapierre ZESTY AM CF 7.9","isPartOf":{"@id":"https:\/\/cioelectro.com\/#website"},"primaryImageOfPage":{"@id":"https:\/\/cioelectro.com\/produkt\/lapierre-zesty-am-cf-7-9\/#primaryimage"},"image":{"@id":"https:\/\/cioelectro.com\/produkt\/lapierre-zesty-am-cf-7-9\/#primaryimage"},"thumbnailUrl":"https:\/\/cioelectro.com\/wp-content\/uploads\/2023\/06\/Lapierre-ZESTY-AM-CF-7.9.jpg","datePublished":"2022-12-02T18:18:40+00:00","dateModified":"2023-08-10T18:27:24+00:00","description":"cioelectro.com bietet Ihnen das Lapierre ZESTY AM CF 7.9 zum besten Preis mit kostenlosem Versand in ganz EuropaLapierre Zesty AM CF 7.9Lapierre Zesty AM CF 7.9","breadcrumb":{"@id":"https:\/\/cioelectro.com\/produkt\/lapierre-zesty-am-cf-7-9\/#breadcrumb"},"inLanguage":"en-US","potentialAction":[{"@type":"ReadAction","target":["https:\/\/cioelectro.com\/produkt\/lapierre-zesty-am-cf-7-9\/"]}]},{"@type":"ImageObject","inLanguage":"en-US","@id":"https:\/\/cioelectro.com\/produkt\/lapierre-zesty-am-cf-7-9\/#primaryimage","url":"https:\/\/cioelectro.com\/wp-content\/uploads\/2023\/06\/Lapierre-ZESTY-AM-CF-7.9.jpg","contentUrl":"https:\/\/cioelectro.com\/wp-content\/uploads\/2023\/06\/Lapierre-ZESTY-AM-CF-7.9.jpg","width":800,"height":448,"caption":"Lapierre\u00a0ZESTY AM CF 7.9"},{"@type":"BreadcrumbList","@id":"https:\/\/cioelectro.com\/produkt\/lapierre-zesty-am-cf-7-9\/#breadcrumb","itemListElement":[{"@type":"ListItem","position":1,"name":"Startseite","item":"https:\/\/cioelectro.com\/"},{"@type":"ListItem","position":2,"name":"LADEN","item":"https:\/\/cioelectro.com\/laden\/"},{"@type":"ListItem","position":3,"name":"Lapierre ZESTY AM CF 7.9"}]},{"@type":"WebSite","@id":"https:\/\/cioelectro.com\/#website","url":"https:\/\/cioelectro.com\/","name":"cioelectro.com","description":"Treten Sie mit uns ins Abenteuer!","publisher":{"@id":"https:\/\/cioelectro.com\/#organization"},"alternateName":"MEIN RADLADEN","potentialAction":[{"@type":"SearchAction","target":{"@type":"EntryPoint","urlTemplate":"https:\/\/cioelectro.com\/?s={search_term_string}"},"query-input":{"@type":"PropertyValueSpecification","valueRequired":true,"valueName":"search_term_string"}}],"inLanguage":"en-US"},{"@type":"Organization","@id":"https:\/\/cioelectro.com\/#organization","name":"CIOELECTRO","alternateName":"MEIN RADLADEN","url":"https:\/\/cioelectro.com\/","logo":{"@type":"ImageObject","inLanguage":"en-US","@id":"https:\/\/cioelectro.com\/#\/schema\/logo\/image\/","url":"https:\/\/cioelectro.com\/wp-content\/uploads\/2025\/12\/Logo-2-1200x800.png","contentUrl":"https:\/\/cioelectro.com\/wp-content\/uploads\/2025\/12\/Logo-2-1200x800.png","width":1200,"height":800,"caption":"CIOELECTRO"},"image":{"@id":"https:\/\/cioelectro.com\/#\/schema\/logo\/image\/"}}]}},"_links":{"self":[{"href":"https:\/\/cioelectro.com\/en\/wp-json\/wp\/v2\/product\/47662","targetHints":{"allow":["GET"]}}],"collection":[{"href":"https:\/\/cioelectro.com\/en\/wp-json\/wp\/v2\/product"}],"about":[{"href":"https:\/\/cioelectro.com\/en\/wp-json\/wp\/v2\/types\/product"}],"replies":[{"embeddable":true,"href":"https:\/\/cioelectro.com\/en\/wp-json\/wp\/v2\/comments?post=47662"}],"version-history":[{"count":0,"href":"https:\/\/cioelectro.com\/en\/wp-json\/wp\/v2\/product\/47662\/revisions"}],"wp:featuredmedia":[{"embeddable":true,"href":"https:\/\/cioelectro.com\/en\/wp-json\/wp\/v2\/media\/64296"}],"wp:attachment":[{"href":"https:\/\/cioelectro.com\/en\/wp-json\/wp\/v2\/media?parent=47662"}],"wp:term":[{"taxonomy":"product_brand","embeddable":true,"href":"https:\/\/cioelectro.com\/en\/wp-json\/wp\/v2\/product_brand?post=47662"},{"taxonomy":"product_cat","embeddable":true,"href":"https:\/\/cioelectro.com\/en\/wp-json\/wp\/v2\/product_cat?post=47662"},{"taxonomy":"product_tag","embeddable":true,"href":"https:\/\/cioelectro.com\/en\/wp-json\/wp\/v2\/product_tag?post=47662"}],"curies":[{"name":"wp","href":"https:\/\/api.w.org\/{rel}","templated":true}]}}