{"id":47755,"date":"2022-12-02T19:41:04","date_gmt":"2022-12-02T18:41:04","guid":{"rendered":"https:\/\/meinradladen.com\/?post_type=product&#038;p=47755"},"modified":"2023-08-10T20:26:02","modified_gmt":"2023-08-10T18:26:02","slug":"mondraker-raze-carbon-r","status":"publish","type":"product","link":"https:\/\/cioelectro.com\/en\/produkt\/mondraker-raze-carbon-r\/","title":{"rendered":"Mondraker RAZE CARBON R"},"content":{"rendered":"<h2 class=\"content--title\"><strong>Mondraker<\/strong>\u00a0RAZE CARBON R<\/h2>\n<p class=\"product--description\">Wenn du ein aggressives Trail Bike willst, das auch noch richtig gut nach vorn geht, dann ist das leichte Carbon Trail Bike Mondraker RAZE CAEBON R der spanischen Edelmarke Mondraker genau das Richtige Bike f\u00fcr dich. Seine Klettereigenschaften sind herausragend, so dass nur deine Beine dem Weg nach oben Grenzen setzen. Doch so atemberaubend dieses Bike auch bergauf f\u00e4hrt \u2013 es ist ein noch besseres Werkzeug f\u00fcr den Job bergab. Seine D\u00e4mpfung, Leichtigkeit und Steifigkeit machen es zum konkurrenzlos besten Allzweck-Bike.<\/p>\n<hr \/>\n<h3>Features &#8211; MONDRAKER RAZE CARBON R<\/h3>\n<p>Der cool designte Rahmen mit auff\u00e4lliger Formgebung bietet einen hohen Wiedererkennungswert und ist sofort als Mondraker MTB zu identifizieren. Dazu sieht der Rahmen des Foxy nicht einfach nur gut aus, er wirkt auch gestreckter als bei anderen Mountainbikes. Und tats\u00e4chlich \u2013 der Eindruck t\u00e4uscht nicht. Dies liegt an der innovativen Mondraker Forward Geometry: der l\u00e4ngere Reach, der durch das verl\u00e4ngerte Oberrohr entsteht, erm\u00f6glicht einen l\u00e4ngeren Radstand, was mehr Kontrolle und Souver\u00e4nit\u00e4t verspricht. Der Fahrer r\u00fcckt weiter vom Vorderrad weg, weshalb der Vorbau mit 30mm sehr kurz ausf\u00e4llt.<\/p>\n<p>Der SRAM Eagle 1&#215;12-fach Antrieb bietet gen\u00fcgend Bandbreite f\u00fcr harte Anstiege. Bei knackigen Abfahrten wird das Bike zuverl\u00e4ssig durch die SRAM Bremsanlage verz\u00f6gert. Die Bremsscheiben mit einem Durchmesser von 180 mm vorne und hinten bieten gen\u00fcgend Reserven, um sicher vom hohen Gipfel nach unten zu kommen. Dabei sorgen die Maxxis Reifen f\u00fcr zuverl\u00e4ssigen Grip. Dank der Fox 36 Float Grip Performance Federgabel mit 150 mm Federweg an der Front und Fox Float DPS Performance am Heck geht es auch mit viel Reserven wieder bergab.<\/p>\n<hr \/>\n<h3>Technologien<\/h3>\n<p><strong>ZERO SUSPENSION SYSTEM<\/strong><\/p>\n<p>Zero ist Mondrakers patentiertes effizientestes und leistungsst\u00e4rkstes Premium-Federungssystem. Z ist eine Dual-Link-Konstruktion mit einem D\u00e4mpfer, der schwimmend zwischen den beiden Gelenken gelagert ist und an beiden Enden Kr\u00e4fte aufnehmen kann. Dadurch spricht die hintere Federung extrem sensibel auf kleine St\u00f6\u00dfe an und schluckt zugleich gro\u00dfe Schl\u00e4ge.<\/p>\n<p>Die wesentlichen Vorteile der \u00fcberlegenen Zero-Technologie sind null Leistungsverlust \u2013 dank absolut wippfreiem Fahren beim Pedalieren; null Pedalr\u00fcckschlag \u2013 dank minimaler Kettenl\u00e4ngung beim Einfedern; null Brems-Federungsverh\u00e4rtung \u2013 dank isolierter Brems- und Federkr\u00e4fte; und null St\u00f6\u00dfe \u2013 dank ihrer herausragenden F\u00e4higkeit, jeden Sto\u00df aufzusaugen und so wirksam den Bodenkontakt des Hinterrads zu halten.<\/p>\n<h4><strong>FORWARD GEOMETRY<\/strong><\/h4>\n<p>Mondrakers propriet\u00e4re Forward Geometry ist bis heute technologisch einzigartig und f\u00fchrend. Sie hat bewiesen, dass sie die Geometriereferenz f\u00fcr heutige High-End-Performance Mountainbikes ist.<\/p>\n<p>Die entscheidenden Vorteile der Forward Geometry sind eine erh\u00f6hte Sicherheit und ein gr\u00f6\u00dferes Zutrauen beim Fahren von steilen Abfahrten \u2013 auch bei hohen Geschwindigkeiten; ein reaktiveres, pr\u00e4ziseres und direkteres Handling; h\u00f6here Uphill-Pr\u00e4zision und mehr Stabilit\u00e4t auf technischen und rauen Terrains dank besserem Grip und insgesamt verbesserter Kontrolle. In dieser Saison bieten wir dir die gr\u00f6\u00dfte Auswahl an FG-Modellen.<\/p>\n<p>Basierend auf einer Geometrie mit l\u00e4ngerem Reach und l\u00e4ngeren Oberrohren, ist die Sitzposition mit FG30-Vorbau (30 mm) perfekt ausbalanciert f\u00fcr jedes Bike-Modell und jeden Einsatzzweck. Die Extra-Verl\u00e4ngerung des Oberrohrs wird bei allen FG-Modellen und jeder Rahmengr\u00f6\u00dfe mit unserem patentierten FG30-Vorbau ausgeglichen. Der Front-Mitte-Abstand vergr\u00f6\u00dfert sich und bewirkt ein verl\u00e4ssliches Fahrverhalten, das dich schneller und leichter fahren l\u00e4sst und noch mehr Fahrspa\u00df bietet.<\/p>\n<h4><strong>STEALTH ALLOY<\/strong><\/h4>\n<p>Stealth Alloy umfasst alle Prozesse der Rahmenentwicklung, von der Konstruktion bis zur spezifischen Fertigung jedes einzelnen Rohres mit der Berechnung der pr\u00e4zisesten Details. Jedes Rohr und Bauteil wird sorgf\u00e4ltig konstruiert, damit es eine spezifische Funktion erf\u00fcllt, und dabei wird das geringstm\u00f6gliche Gewicht angestrebt. Die Stealth-Technologie wird Jahr f\u00fcr Jahr durch optimierte Formen und interne Neuerungen weiterentwickelt, um das beste Fahrerlebnis mit den Mondraker-Aluminiumrahmen zu bieten.<\/p>\n<h2>Ausstattung<\/h2>\n<div class=\"product--properties panel has--border\">\n<table class=\"product--properties-table\">\n<tbody>\n<tr class=\"product--properties-row row1\">\n<td class=\"product--properties-label is--bold\">Rahmen:<\/td>\n<td class=\"product--properties-value\">Raze 29 Stealth Air full Carbon, Zero Suspension System, 130mm travel, Forward Geometry, Carbon Monoblock upper link, Boost 12x148mm rear axle, tapered head tube, 73mm BSA bottom bracket, dedicated 1x drivetrain design, HHG internal cable routing, Enduro<\/td>\n<\/tr>\n<tr class=\"product--properties-row row2\">\n<td class=\"product--properties-label is--bold\">Rahmenmaterial:<\/td>\n<td class=\"product--properties-value\">Carbon<\/td>\n<\/tr>\n<tr class=\"product--properties-row row3\">\n<td class=\"product--properties-label is--bold\">Laufradgr\u00f6\u00dfe:<\/td>\n<td class=\"product--properties-value\">29&#8243;<\/td>\n<\/tr>\n<tr class=\"product--properties-row row4\">\n<td class=\"product--properties-label is--bold\">Farbe:<\/td>\n<td class=\"product--properties-value\">Racing Silver &#8211; Orange<\/td>\n<\/tr>\n<tr class=\"product--properties-row row5\">\n<td class=\"product--properties-label is--bold\">Gabel:<\/td>\n<td class=\"product--properties-value\">Fox 36 29 Float GRIP EVOL Performance, 150mm, tapered steerer tube, Boost 15x110mm axle, 44mm offset. Settings: 3 positions with micro adjust compression, low-speed rebound, air preload<\/td>\n<\/tr>\n<tr class=\"product--properties-row row6\">\n<td class=\"product--properties-label is--bold\">D\u00e4mpfer:<\/td>\n<td class=\"product--properties-value\">Fox Float DPS LV EVOL Performance, 205&#215;57.5mm. Settings: rebound, 3-position compression adjustment (Open\/Mid\/Lock), air preload. Trunnion top mount, 30x8mm bottom bushings<\/td>\n<\/tr>\n<tr class=\"product--properties-row row7\">\n<td class=\"product--properties-label is--bold\">Federweg:<\/td>\n<td class=\"product--properties-value\">150 mm<\/td>\n<\/tr>\n<tr class=\"product--properties-row row8\">\n<td class=\"product--properties-label is--bold\">Bremsen:<\/td>\n<td class=\"product--properties-value\">Sram G2 R, 4-piston caliper, Centerline 180mm IS 6 bolts one-piece rotor, steel-backed organic pads<\/td>\n<\/tr>\n<tr class=\"product--properties-row row9\">\n<td class=\"product--properties-label is--bold\">Bremsscheiben:<\/td>\n<td class=\"product--properties-value\">180mm \/ 180mm<\/td>\n<\/tr>\n<tr class=\"product--properties-row row10\">\n<td class=\"product--properties-label is--bold\">Bremshebel:<\/td>\n<td class=\"product--properties-value\">Sram G2, SwingLink, tool-free reach adjust<\/td>\n<\/tr>\n<tr class=\"product--properties-row row11\">\n<td class=\"product--properties-label is--bold\">Steuersatz:<\/td>\n<td class=\"product--properties-value\">Acros custom for 1-1\/2&#8243; head tube, angular contact bearings 40x52x7, Internal cable routing<\/td>\n<\/tr>\n<tr class=\"product--properties-row row12\">\n<td class=\"product--properties-label is--bold\">Vorbau:<\/td>\n<td class=\"product--properties-value\">Onoff Sulfur FG 30mm 0\u00ba, 6061 forged alloy, 31.8mm barbore<\/td>\n<\/tr>\n<tr class=\"product--properties-row row13\">\n<td class=\"product--properties-label is--bold\">Lenker:<\/td>\n<td class=\"product--properties-value\">ONOFF Sulfur 1.0 double butted 6061 alloy, rise: 20mm, width: 800mm, 9\u00ba backsweep, 5\u00ba upsweep, 31.8mm barbore<\/td>\n<\/tr>\n<tr class=\"product--properties-row row14\">\n<td class=\"product--properties-label is--bold\">Griffe:<\/td>\n<td class=\"product--properties-value\">Onoff Desert, 1lock-on, 135mm<\/td>\n<\/tr>\n<tr class=\"product--properties-row row15\">\n<td class=\"product--properties-label is--bold\">Sattel:<\/td>\n<td class=\"product--properties-value\">Fizik Antares R7<\/td>\n<\/tr>\n<\/tbody>\n<\/table>\n<table class=\"product--properties-table\">\n<tbody>\n<tr class=\"product--properties-row row16\">\n<td class=\"product--properties-label is--bold\">Sattelst\u00fctze:<\/td>\n<td class=\"product--properties-value\">Onoff Pija dropper internal, diameter 31.6mm, S size: 405&#215;95-125mm, M size 458&#215;120-150mm, L size: 498&#215;140-170mm, XL size: 498&#215;140-170mm<\/td>\n<\/tr>\n<tr class=\"product--properties-row row17\">\n<td class=\"product--properties-label is--bold\">Kurbel:<\/td>\n<td class=\"product--properties-value\">Truvativ Stylo 7k Eagle, Boost, DUB axle, Direct mount chain ring, S\/M size: 170mm, L\/XL size: 175mm, 32T, CNC-machined alloy, X-SYNC 2<\/td>\n<\/tr>\n<tr class=\"product--properties-row row18\">\n<td class=\"product--properties-label is--bold\">Tretlager\/Innenlager:<\/td>\n<td class=\"product--properties-value\">Sram DUB BSA, sealed bearings, 73mm<\/td>\n<\/tr>\n<tr class=\"product--properties-row row19\">\n<td class=\"product--properties-label is--bold\">Schaltwerk:<\/td>\n<td class=\"product--properties-value\">Sram GX Eagle, Type 3 roller bearing clutch, cage lock, 1x12s, X-Actuation 1:1<\/td>\n<\/tr>\n<tr class=\"product--properties-row row20\">\n<td class=\"product--properties-label is--bold\">Schalthebel:<\/td>\n<td class=\"product--properties-value\">Sram Trigger NX Eagle, 12s, X-Actuation 1:1<\/td>\n<\/tr>\n<tr class=\"product--properties-row row21\">\n<td class=\"product--properties-label is--bold\">Kassette:<\/td>\n<td class=\"product--properties-value\">Sram XG-1275, 10-52T, 12s<\/td>\n<\/tr>\n<tr class=\"product--properties-row row22\">\n<td class=\"product--properties-label is--bold\">\n<h5>Kette:<\/h5>\n<\/td>\n<td class=\"product--properties-value\">Sram NX Eagle, 12s, Powerlock<\/td>\n<\/tr>\n<tr class=\"product--properties-row row23\">\n<td class=\"product--properties-label is--bold\">Reifen vorne:<\/td>\n<td class=\"product--properties-value\">Maxxis Dissector 29&#215;2.4 WT, tubeless ready, 3C MAXX TERRA compound, EXO+ protection, 120TPI, folding bead<\/td>\n<\/tr>\n<tr class=\"product--properties-row row24\">\n<td class=\"product--properties-label is--bold\">Reifen hinten:<\/td>\n<td class=\"product--properties-value\">Maxxis Aggressor 29&#215;2.3, tubeless ready, dual compound, Exo protection, 60TPI, folding bead<\/td>\n<\/tr>\n<tr class=\"product--properties-row row25\">\n<td class=\"product--properties-label is--bold\">Nabe Vorderrad:<\/td>\n<td class=\"product--properties-value\">Infinity hub, Boost 15x110mm, IS 6 bolts<\/td>\n<\/tr>\n<tr class=\"product--properties-row row26\">\n<td class=\"product--properties-label is--bold\">Nabe Hinterrad:<\/td>\n<td class=\"product--properties-value\">Infinity hub, ID360 freewheel technology, Boost 12x148mm, IS 6 bolts<\/td>\n<\/tr>\n<tr class=\"product--properties-row row27\">\n<td class=\"product--properties-label is--bold\">Speichen:<\/td>\n<td class=\"product--properties-value\">24 straight-pull double butted spokes<\/td>\n<\/tr>\n<tr class=\"product--properties-row row28\">\n<td class=\"product--properties-label is--bold\">Felgen:<\/td>\n<td class=\"product--properties-value\">Mavic CrossMax XL S, 29 Boost 30mm internal width, hookless, tubeless ready, 24 spokes<\/td>\n<\/tr>\n<tr class=\"product--properties-row row29\">\n<td class=\"product--properties-label is--bold\">Pedale:<\/td>\n<td class=\"product--properties-value\">nicht im Lieferumfang enthalten<\/td>\n<\/tr>\n<tr class=\"product--properties-row row30\">\n<td class=\"product--properties-label is--bold\">Sonstiges:<\/td>\n<td class=\"product--properties-value\">Derailleur hanger: Sram UDH<\/td>\n<\/tr>\n<tr class=\"product--properties-row row31\">\n<td class=\"product--properties-label is--bold\">Gewicht Komplettrad:<\/td>\n<td class=\"product--properties-value\">13.5 kg<\/td>\n<\/tr>\n<\/tbody>\n<\/table>\n<\/div>","protected":false},"excerpt":{"rendered":"<p><strong><label>EAN: <span style=\"font-size: 16px;\">8435392857956<\/span><\/label><label>Modelljahr: <span style=\"font-size: 16px;\">2023<\/span><\/label><\/strong><\/p>","protected":false},"featured_media":64334,"comment_status":"open","ping_status":"closed","template":"","meta":{"_rtcl_gb_attr":""},"product_brand":[],"product_cat":[36,426,220],"product_tag":[],"class_list":{"0":"post-47755","1":"product","2":"type-product","3":"status-publish","4":"has-post-thumbnail","6":"product_cat-fahrrad","7":"product_cat-fullsuspension","8":"product_cat-mountainbike","9":"pa_marke-mondraker","11":"first","12":"instock","13":"sale","14":"taxable","15":"shipping-taxable","16":"purchasable","17":"product-type-variable"},"yoast_head":"<!-- This site is optimized with the Yoast SEO Premium plugin v20.12 (Yoast SEO v27.4) - https:\/\/yoast.com\/product\/yoast-seo-premium-wordpress\/ -->\n<title>Mondraker RAZE CARBON R<\/title>\n<meta name=\"description\" content=\"cioelectro.com bietet Ihnen das Mondraker RAZE CARBON R zum besten Preis mit kostenlosem Versand in ganz EuropaMondraker RAZE CAEBON R\" \/>\n<meta name=\"robots\" content=\"index, follow, max-snippet:-1, max-image-preview:large, max-video-preview:-1\" \/>\n<link rel=\"canonical\" href=\"https:\/\/cioelectro.com\/en\/produkt\/mondraker-raze-carbon-r\/\" \/>\n<meta property=\"og:locale\" content=\"en_US\" \/>\n<meta property=\"og:type\" content=\"article\" \/>\n<meta property=\"og:title\" content=\"Mondraker RAZE CARBON R\" \/>\n<meta property=\"og:description\" content=\"Entdecken Sie unseren Online-Fahrradladen: Gro\u00dfe Auswahl an Modellen f\u00fcr alle Radsportbegeisterten. Von Rennr\u00e4dern bis zu Mountainbikes - finden Sie heute Ihren perfekten Wegbegleiter!\" \/>\n<meta property=\"og:url\" content=\"https:\/\/cioelectro.com\/en\/produkt\/mondraker-raze-carbon-r\/\" \/>\n<meta property=\"og:site_name\" content=\"cioelectro.com\" \/>\n<meta property=\"article:modified_time\" content=\"2023-08-10T18:26:02+00:00\" \/>\n<meta property=\"og:image\" content=\"https:\/\/cioelectro.com\/wp-content\/uploads\/2023\/06\/Mondraker-RAZE-CARBON-R.jpg\" \/>\n\t<meta property=\"og:image:width\" content=\"800\" \/>\n\t<meta property=\"og:image:height\" content=\"440\" \/>\n\t<meta property=\"og:image:type\" content=\"image\/jpeg\" \/>\n<meta name=\"twitter:card\" content=\"summary_large_image\" \/>\n<meta name=\"twitter:label1\" content=\"Est. reading time\" \/>\n\t<meta name=\"twitter:data1\" content=\"6 minutes\" \/>\n<script type=\"application\/ld+json\" class=\"yoast-schema-graph\">{\"@context\":\"https:\\\/\\\/schema.org\",\"@graph\":[{\"@type\":\"WebPage\",\"@id\":\"https:\\\/\\\/cioelectro.com\\\/produkt\\\/mondraker-raze-carbon-r\\\/\",\"url\":\"https:\\\/\\\/cioelectro.com\\\/produkt\\\/mondraker-raze-carbon-r\\\/\",\"name\":\"Mondraker RAZE CARBON R\",\"isPartOf\":{\"@id\":\"https:\\\/\\\/cioelectro.com\\\/#website\"},\"primaryImageOfPage\":{\"@id\":\"https:\\\/\\\/cioelectro.com\\\/produkt\\\/mondraker-raze-carbon-r\\\/#primaryimage\"},\"image\":{\"@id\":\"https:\\\/\\\/cioelectro.com\\\/produkt\\\/mondraker-raze-carbon-r\\\/#primaryimage\"},\"thumbnailUrl\":\"https:\\\/\\\/cioelectro.com\\\/wp-content\\\/uploads\\\/2023\\\/06\\\/Mondraker-RAZE-CARBON-R.jpg\",\"datePublished\":\"2022-12-02T18:41:04+00:00\",\"dateModified\":\"2023-08-10T18:26:02+00:00\",\"description\":\"cioelectro.com bietet Ihnen das Mondraker RAZE CARBON R zum besten Preis mit kostenlosem Versand in ganz EuropaMondraker RAZE CAEBON R\",\"breadcrumb\":{\"@id\":\"https:\\\/\\\/cioelectro.com\\\/produkt\\\/mondraker-raze-carbon-r\\\/#breadcrumb\"},\"inLanguage\":\"en-US\",\"potentialAction\":[{\"@type\":\"ReadAction\",\"target\":[\"https:\\\/\\\/cioelectro.com\\\/produkt\\\/mondraker-raze-carbon-r\\\/\"]}]},{\"@type\":\"ImageObject\",\"inLanguage\":\"en-US\",\"@id\":\"https:\\\/\\\/cioelectro.com\\\/produkt\\\/mondraker-raze-carbon-r\\\/#primaryimage\",\"url\":\"https:\\\/\\\/cioelectro.com\\\/wp-content\\\/uploads\\\/2023\\\/06\\\/Mondraker-RAZE-CARBON-R.jpg\",\"contentUrl\":\"https:\\\/\\\/cioelectro.com\\\/wp-content\\\/uploads\\\/2023\\\/06\\\/Mondraker-RAZE-CARBON-R.jpg\",\"width\":800,\"height\":440,\"caption\":\"Mondraker RAZE CARBON R\"},{\"@type\":\"BreadcrumbList\",\"@id\":\"https:\\\/\\\/cioelectro.com\\\/produkt\\\/mondraker-raze-carbon-r\\\/#breadcrumb\",\"itemListElement\":[{\"@type\":\"ListItem\",\"position\":1,\"name\":\"Startseite\",\"item\":\"https:\\\/\\\/cioelectro.com\\\/\"},{\"@type\":\"ListItem\",\"position\":2,\"name\":\"LADEN\",\"item\":\"https:\\\/\\\/cioelectro.com\\\/laden\\\/\"},{\"@type\":\"ListItem\",\"position\":3,\"name\":\"Mondraker RAZE CARBON R\"}]},{\"@type\":\"WebSite\",\"@id\":\"https:\\\/\\\/cioelectro.com\\\/#website\",\"url\":\"https:\\\/\\\/cioelectro.com\\\/\",\"name\":\"cioelectro.com\",\"description\":\"Treten Sie mit uns ins Abenteuer!\",\"publisher\":{\"@id\":\"https:\\\/\\\/cioelectro.com\\\/#organization\"},\"alternateName\":\"MEIN RADLADEN\",\"potentialAction\":[{\"@type\":\"SearchAction\",\"target\":{\"@type\":\"EntryPoint\",\"urlTemplate\":\"https:\\\/\\\/cioelectro.com\\\/?s={search_term_string}\"},\"query-input\":{\"@type\":\"PropertyValueSpecification\",\"valueRequired\":true,\"valueName\":\"search_term_string\"}}],\"inLanguage\":\"en-US\"},{\"@type\":\"Organization\",\"@id\":\"https:\\\/\\\/cioelectro.com\\\/#organization\",\"name\":\"CIOELECTRO\",\"alternateName\":\"MEIN RADLADEN\",\"url\":\"https:\\\/\\\/cioelectro.com\\\/\",\"logo\":{\"@type\":\"ImageObject\",\"inLanguage\":\"en-US\",\"@id\":\"https:\\\/\\\/cioelectro.com\\\/#\\\/schema\\\/logo\\\/image\\\/\",\"url\":\"https:\\\/\\\/cioelectro.com\\\/wp-content\\\/uploads\\\/2025\\\/12\\\/Logo-2-1200x800.png\",\"contentUrl\":\"https:\\\/\\\/cioelectro.com\\\/wp-content\\\/uploads\\\/2025\\\/12\\\/Logo-2-1200x800.png\",\"width\":1200,\"height\":800,\"caption\":\"CIOELECTRO\"},\"image\":{\"@id\":\"https:\\\/\\\/cioelectro.com\\\/#\\\/schema\\\/logo\\\/image\\\/\"}}]}<\/script>\n<!-- \/ Yoast SEO Premium plugin. -->","yoast_head_json":{"title":"Mondraker RAZE CARBON R","description":"cioelectro.com bietet Ihnen das Mondraker RAZE CARBON R zum besten Preis mit kostenlosem Versand in ganz EuropaMondraker RAZE CAEBON R","robots":{"index":"index","follow":"follow","max-snippet":"max-snippet:-1","max-image-preview":"max-image-preview:large","max-video-preview":"max-video-preview:-1"},"canonical":"https:\/\/cioelectro.com\/en\/produkt\/mondraker-raze-carbon-r\/","og_locale":"en_US","og_type":"article","og_title":"Mondraker RAZE CARBON R","og_description":"Entdecken Sie unseren Online-Fahrradladen: Gro\u00dfe Auswahl an Modellen f\u00fcr alle Radsportbegeisterten. Von Rennr\u00e4dern bis zu Mountainbikes - finden Sie heute Ihren perfekten Wegbegleiter!","og_url":"https:\/\/cioelectro.com\/en\/produkt\/mondraker-raze-carbon-r\/","og_site_name":"cioelectro.com","article_modified_time":"2023-08-10T18:26:02+00:00","og_image":[{"width":800,"height":440,"url":"https:\/\/cioelectro.com\/wp-content\/uploads\/2023\/06\/Mondraker-RAZE-CARBON-R.jpg","type":"image\/jpeg"}],"twitter_card":"summary_large_image","twitter_misc":{"Est. reading time":"6 minutes"},"schema":{"@context":"https:\/\/schema.org","@graph":[{"@type":"WebPage","@id":"https:\/\/cioelectro.com\/produkt\/mondraker-raze-carbon-r\/","url":"https:\/\/cioelectro.com\/produkt\/mondraker-raze-carbon-r\/","name":"Mondraker RAZE CARBON R","isPartOf":{"@id":"https:\/\/cioelectro.com\/#website"},"primaryImageOfPage":{"@id":"https:\/\/cioelectro.com\/produkt\/mondraker-raze-carbon-r\/#primaryimage"},"image":{"@id":"https:\/\/cioelectro.com\/produkt\/mondraker-raze-carbon-r\/#primaryimage"},"thumbnailUrl":"https:\/\/cioelectro.com\/wp-content\/uploads\/2023\/06\/Mondraker-RAZE-CARBON-R.jpg","datePublished":"2022-12-02T18:41:04+00:00","dateModified":"2023-08-10T18:26:02+00:00","description":"cioelectro.com bietet Ihnen das Mondraker RAZE CARBON R zum besten Preis mit kostenlosem Versand in ganz EuropaMondraker RAZE CAEBON R","breadcrumb":{"@id":"https:\/\/cioelectro.com\/produkt\/mondraker-raze-carbon-r\/#breadcrumb"},"inLanguage":"en-US","potentialAction":[{"@type":"ReadAction","target":["https:\/\/cioelectro.com\/produkt\/mondraker-raze-carbon-r\/"]}]},{"@type":"ImageObject","inLanguage":"en-US","@id":"https:\/\/cioelectro.com\/produkt\/mondraker-raze-carbon-r\/#primaryimage","url":"https:\/\/cioelectro.com\/wp-content\/uploads\/2023\/06\/Mondraker-RAZE-CARBON-R.jpg","contentUrl":"https:\/\/cioelectro.com\/wp-content\/uploads\/2023\/06\/Mondraker-RAZE-CARBON-R.jpg","width":800,"height":440,"caption":"Mondraker RAZE CARBON R"},{"@type":"BreadcrumbList","@id":"https:\/\/cioelectro.com\/produkt\/mondraker-raze-carbon-r\/#breadcrumb","itemListElement":[{"@type":"ListItem","position":1,"name":"Startseite","item":"https:\/\/cioelectro.com\/"},{"@type":"ListItem","position":2,"name":"LADEN","item":"https:\/\/cioelectro.com\/laden\/"},{"@type":"ListItem","position":3,"name":"Mondraker RAZE CARBON R"}]},{"@type":"WebSite","@id":"https:\/\/cioelectro.com\/#website","url":"https:\/\/cioelectro.com\/","name":"cioelectro.com","description":"Treten Sie mit uns ins Abenteuer!","publisher":{"@id":"https:\/\/cioelectro.com\/#organization"},"alternateName":"MEIN RADLADEN","potentialAction":[{"@type":"SearchAction","target":{"@type":"EntryPoint","urlTemplate":"https:\/\/cioelectro.com\/?s={search_term_string}"},"query-input":{"@type":"PropertyValueSpecification","valueRequired":true,"valueName":"search_term_string"}}],"inLanguage":"en-US"},{"@type":"Organization","@id":"https:\/\/cioelectro.com\/#organization","name":"CIOELECTRO","alternateName":"MEIN RADLADEN","url":"https:\/\/cioelectro.com\/","logo":{"@type":"ImageObject","inLanguage":"en-US","@id":"https:\/\/cioelectro.com\/#\/schema\/logo\/image\/","url":"https:\/\/cioelectro.com\/wp-content\/uploads\/2025\/12\/Logo-2-1200x800.png","contentUrl":"https:\/\/cioelectro.com\/wp-content\/uploads\/2025\/12\/Logo-2-1200x800.png","width":1200,"height":800,"caption":"CIOELECTRO"},"image":{"@id":"https:\/\/cioelectro.com\/#\/schema\/logo\/image\/"}}]}},"_links":{"self":[{"href":"https:\/\/cioelectro.com\/en\/wp-json\/wp\/v2\/product\/47755","targetHints":{"allow":["GET"]}}],"collection":[{"href":"https:\/\/cioelectro.com\/en\/wp-json\/wp\/v2\/product"}],"about":[{"href":"https:\/\/cioelectro.com\/en\/wp-json\/wp\/v2\/types\/product"}],"replies":[{"embeddable":true,"href":"https:\/\/cioelectro.com\/en\/wp-json\/wp\/v2\/comments?post=47755"}],"version-history":[{"count":0,"href":"https:\/\/cioelectro.com\/en\/wp-json\/wp\/v2\/product\/47755\/revisions"}],"wp:featuredmedia":[{"embeddable":true,"href":"https:\/\/cioelectro.com\/en\/wp-json\/wp\/v2\/media\/64334"}],"wp:attachment":[{"href":"https:\/\/cioelectro.com\/en\/wp-json\/wp\/v2\/media?parent=47755"}],"wp:term":[{"taxonomy":"product_brand","embeddable":true,"href":"https:\/\/cioelectro.com\/en\/wp-json\/wp\/v2\/product_brand?post=47755"},{"taxonomy":"product_cat","embeddable":true,"href":"https:\/\/cioelectro.com\/en\/wp-json\/wp\/v2\/product_cat?post=47755"},{"taxonomy":"product_tag","embeddable":true,"href":"https:\/\/cioelectro.com\/en\/wp-json\/wp\/v2\/product_tag?post=47755"}],"curies":[{"name":"wp","href":"https:\/\/api.w.org\/{rel}","templated":true}]}}