{"id":47798,"date":"2022-12-02T20:00:17","date_gmt":"2022-12-02T19:00:17","guid":{"rendered":"https:\/\/meinradladen.com\/?post_type=product&#038;p=47798"},"modified":"2023-08-10T20:24:05","modified_gmt":"2023-08-10T18:24:05","slug":"cube-reaction-hybrid-slt-750-goblinnyellow","status":"publish","type":"product","link":"https:\/\/cioelectro.com\/en\/produkt\/cube-reaction-hybrid-slt-750-goblinnyellow\/","title":{"rendered":"Cube Reaction Hybrid SLT 750 goblin\u00b4n\u00b4yellow"},"content":{"rendered":"<h2 class=\"product--title\"><strong>Cube<\/strong>\u00a0Reaction Hybrid SLT 750 goblin\u00b4n\u00b4yellow<\/h2>\n<p>Sich voll ins Abenteuer zu st\u00fcrzen, hat noch nie so viel Spa\u00df gemacht wie mit dem CUBE Reaction Hybrid SLT 750. Kein Wunder, schlie\u00dflich ist dieses E-Hardtail mit einem Bosch Motor der vierten Generation mit Smart System und einem hochkapazitivem PowerTube Akku ausgestattet. F\u00fcr Reichweite (fast) ohne Ende!<\/p>\n<hr \/>\n<p><a href=\"https:\/\/www.cube.eu\/360\/634413\" target=\"_blank\" rel=\"noopener\"><img decoding=\"async\" title=\"360\u00b0\" src=\"https:\/\/cd.bike-discount.de\/media\/image\/3a\/ee\/83\/360.png\" alt=\"\" width=\"40\" height=\"39\" data-mid=\"729769\" data-src=\"media\/image\/360.png\" \/>360\u00b0-Ansicht \u00f6ffnen<\/a><\/p>\n<hr \/>\n<p>Und mit einer Shimano XT 12-Gang Schaltung, die f\u00fcr ihre Pr\u00e4zision und Zuverl\u00e4ssigkeit bekannt ist und die Power top \u00fcbersetzt in Vortrieb umwandelt. Dazu kommen Newmen Laufr\u00e4der und 2.6 Zoll breite, Kevlar-verst\u00e4rkte und damit superrobuste Smart Sam Pneus von Schwalbe f\u00fcr top Grip. Und weil so viel Vorw\u00e4rtsdrang auch souver\u00e4n kontrolliert werden will, wurden progressive hydraulische Shimano XT Scheibenbremsen mit 4-Kolben Konstruktion verbaut, die bei jeder Witterung kraftvoll zupacken und das Bike verz\u00f6gern. Also, wo soll&#8217;s als N\u00e4chstes hingehen?<\/p>\n<hr \/>\n<p><strong>In der Rahmengr\u00f6\u00dfe S (15&#8243;) als 27,5er. In den Rahmengr\u00f6\u00dfen M (17&#8243;), L (19&#8243;), XL (21&#8243;) und XXL (23&#8243;) als 29er.<\/strong><\/p>\n<hr \/>\n<h3>RAHMEN Cube Reaction Hybrid SLT 750<\/h3>\n<p>Beim Reaction Hybrid liegt die Qualit\u00e4t im Detail: Dieses Chassis ist so clever und formsch\u00f6n designt, dass der hochkapazitive Bosch Akku \u2013 jetzt sogar bei kleineren Rahmengr\u00f6\u00dfen mit bis zu 750 Wh \u2013 kaum auff\u00e4llt. Was aber auff\u00e4llt, ist der kraftvolle Vortrieb dank leistungsstarkem Bosch CX Motor der vierten Generation mit Smart System! Die Agile Ride Geometry sorgt dabei f\u00fcr ein erwartungsgem\u00e4\u00df zuverl\u00e4ssiges Handling. Und dann die Vielfalt: Der Rahmen kann mit einer versenkbaren Sattelst\u00fctze nachger\u00fcstet werden, au\u00dferdem gibt es ihn auch als Tiefeinsteiger und in der neuen Gr\u00f6\u00dfe S mit 27.5 Zoll Laufr\u00e4dern \u2013 da ist f\u00fcr alle Anforderungen die richtige Passform mit dabei. Gut, dass die Kabelz\u00fcge im Inneren verlaufen, denn das reduziert den Wartungaufwand auf ein Minimum und dir bleibt mehr Zeit zum Biken!<\/p>\n<h2>Ausstattung<\/h2>\n<div class=\"product--properties panel has--border\">\n<table class=\"product--properties-table\">\n<tbody>\n<tr class=\"product--properties-row row1\">\n<td class=\"product--properties-label is--bold\">Rahmen:<\/td>\n<td class=\"product--properties-value\">Aluminium Superlite, Gravity Casting, Agile Ride Geometry, 1.5 Headtube, Boost 148, Full Integrated Battery, Advanced Internal Cable Routing, Kickstand\/Fender\/Carrier Mounting Points<\/td>\n<\/tr>\n<tr class=\"product--properties-row row2\">\n<td class=\"product--properties-label is--bold\">Rahmenmaterial:<\/td>\n<td class=\"product--properties-value\">Aluminium<\/td>\n<\/tr>\n<tr class=\"product--properties-row row3\">\n<td class=\"product--properties-label is--bold\">Laufradgr\u00f6\u00dfe:<\/td>\n<td class=\"product--properties-value\">Size Split: 27.5: S (15&#8243;) \/\/ 29&#8243;: M (17&#8243;), L (19&#8243;), XL (21&#8243;), XXL (23&#8243;)<\/td>\n<\/tr>\n<tr class=\"product--properties-row row4\">\n<td class=\"product--properties-label is--bold\">Farbe:<\/td>\n<td class=\"product--properties-value\">goblin\u00b4n\u00b4yellow<\/td>\n<\/tr>\n<tr class=\"product--properties-row row5\">\n<td class=\"product--properties-label is--bold\">Gabel:<\/td>\n<td class=\"product--properties-value\">Fox 34 Float AWL, 2-Position Sweep-Adjust RAIL Damper, Tapered, 15x110mm, E-Bike Optimized, 120mm<\/td>\n<\/tr>\n<tr class=\"product--properties-row row6\">\n<td class=\"product--properties-label is--bold\">Federweg:<\/td>\n<td class=\"product--properties-value\">120mm<\/td>\n<\/tr>\n<tr class=\"product--properties-row row7\">\n<td class=\"product--properties-label is--bold\">Bremsen:<\/td>\n<td class=\"product--properties-value\">Shimano XT BR-M8120, Hydr. Disc Brake<\/td>\n<\/tr>\n<tr class=\"product--properties-row row8\">\n<td class=\"product--properties-label is--bold\">Bremsscheiben:<\/td>\n<td class=\"product--properties-value\">203\/203mm<\/td>\n<\/tr>\n<tr class=\"product--properties-row row9\">\n<td class=\"product--properties-label is--bold\">Steuersatz:<\/td>\n<td class=\"product--properties-value\">ACROS AZF-1035, ICR (Integrated Cable Routing), BlockLock 120\u00b0, Top Zero-Stack 1 1\/2&#8243; (ZS 56mm), Bottom Zero-Stack 1 1\/2&#8243; (ZS 56mm)<\/td>\n<\/tr>\n<tr class=\"product--properties-row row10\">\n<td class=\"product--properties-label is--bold\">Vorbau:<\/td>\n<td class=\"product--properties-value\">CUBE Performance Stem E-MTB, 31.8mm<\/td>\n<\/tr>\n<tr class=\"product--properties-row row11\">\n<td class=\"product--properties-label is--bold\">Lenker:<\/td>\n<td class=\"product--properties-value\">CUBE Rise Trail Bar Pro, 740mm<\/td>\n<\/tr>\n<tr class=\"product--properties-row row12\">\n<td class=\"product--properties-label is--bold\">Griffe:<\/td>\n<td class=\"product--properties-value\">ACID React Pro<\/td>\n<\/tr>\n<tr class=\"product--properties-row row13\">\n<td class=\"product--properties-label is--bold\">Sattel:<\/td>\n<td class=\"product--properties-value\">Natural Fit Sequence<\/td>\n<\/tr>\n<tr class=\"product--properties-row row14\">\n<td class=\"product--properties-label is--bold\">Sattelst\u00fctze:<\/td>\n<td class=\"product--properties-value\">CUBE Performance Post, 30.9mm<\/td>\n<\/tr>\n<tr class=\"product--properties-row row15\">\n<td class=\"product--properties-label is--bold\">Sattelklemme:<\/td>\n<td class=\"product--properties-value\">CUBE Screwlock Semi Integrated w\/ Hidden Tool, 36mm<\/td>\n<\/tr>\n<\/tbody>\n<\/table>\n<table class=\"product--properties-table\">\n<tbody>\n<tr class=\"product--properties-row row16\">\n<td class=\"product--properties-label is--bold\">Kurbel:<\/td>\n<td class=\"product--properties-value\">ACID MTB Hybrid Pro Crank, 38T, 175mm<\/td>\n<\/tr>\n<tr class=\"product--properties-row row17\">\n<td class=\"product--properties-label is--bold\">Schaltwerk:<\/td>\n<td class=\"product--properties-value\">Shimano XT RD-M8100-SGS, ShadowPlus, 12-Speed<\/td>\n<\/tr>\n<tr class=\"product--properties-row row18\">\n<td class=\"product--properties-label is--bold\">Schalthebel:<\/td>\n<td class=\"product--properties-value\">Shimano XT SL-M8100-IR, Direct Attach<\/td>\n<\/tr>\n<tr class=\"product--properties-row row19\">\n<td class=\"product--properties-label is--bold\">Kassette:<\/td>\n<td class=\"product--properties-value\">Shimano Deore CS-M6100, 10-51T<\/td>\n<\/tr>\n<tr class=\"product--properties-row row20\">\n<td class=\"product--properties-label is--bold\">Kette:<\/td>\n<td class=\"product--properties-value\">Shimano CN-M6100<\/td>\n<\/tr>\n<tr class=\"product--properties-row row21\">\n<td class=\"product--properties-label is--bold\">Reifen:<\/td>\n<td class=\"product--properties-value\">Schwalbe Smart Sam, Performance, Double Defense, 2.6, Next Gen<\/td>\n<\/tr>\n<tr class=\"product--properties-row row22\">\n<td class=\"product--properties-label is--bold\">Laufradsatz:<\/td>\n<td class=\"product--properties-value\">Newmen Performance 30, 28\/28 Spokes, 15x110mm\/12x148mm, Tubeless Ready<\/td>\n<\/tr>\n<tr class=\"product--properties-row row23\">\n<td class=\"product--properties-label is--bold\">Display:<\/td>\n<td class=\"product--properties-value\">Bosch LED Remote, Bosch Kiox 300<\/td>\n<\/tr>\n<tr class=\"product--properties-row row24\">\n<td class=\"product--properties-label is--bold\">Akku:<\/td>\n<td class=\"product--properties-value\">Bosch PowerTube 750<\/td>\n<\/tr>\n<tr class=\"product--properties-row row25\">\n<td class=\"product--properties-label is--bold\">Ladeger\u00e4t:<\/td>\n<td class=\"product--properties-value\">Bosch 4A<\/td>\n<\/tr>\n<tr class=\"product--properties-row row26\">\n<td class=\"product--properties-label is--bold\">Motor:<\/td>\n<td class=\"product--properties-value\">Bosch Drive Unit Performance CX Generation 4 (85Nm) Cruise (250Watt), Smart System<\/td>\n<\/tr>\n<tr class=\"product--properties-row row27\">\n<td class=\"product--properties-label is--bold\">Pedale:<\/td>\n<td class=\"product--properties-value\">ACID PP MTB<\/td>\n<\/tr>\n<tr class=\"product--properties-row row28\">\n<td class=\"product--properties-label is--bold\">Zul\u00e4ssiges Gesamtgewicht:<\/td>\n<td class=\"product--properties-value\">160 kg (K\u00f6rpergewicht + Fahrrad + Ausr\u00fcstung)<\/td>\n<\/tr>\n<tr class=\"product--properties-row row29\">\n<td class=\"product--properties-label is--bold\">Gewicht Komplettrad:<\/td>\n<td class=\"product--properties-value\">ab 23,8 kg<\/td>\n<\/tr>\n<\/tbody>\n<\/table>\n<\/div>","protected":false},"excerpt":{"rendered":"<p>Cube\u00a0Reaction Hybrid SLT 750 goblin\u00b4n\u00b4yellow Sich voll ins Abenteuer zu st\u00fcrzen, hat noch nie so viel Spa\u00df gemacht wie mit<\/p>","protected":false},"featured_media":64352,"comment_status":"open","ping_status":"closed","template":"","meta":{"_rtcl_gb_attr":""},"product_brand":[],"product_cat":[33,270,475],"product_tag":[],"class_list":{"0":"post-47798","1":"product","2":"type-product","3":"status-publish","4":"has-post-thumbnail","6":"product_cat-e-bike","7":"product_cat-e-bikes-2023","8":"product_cat-e-mountainbike","9":"pa_marke-cube","11":"first","12":"instock","13":"taxable","14":"shipping-taxable","15":"purchasable","16":"product-type-variable"},"yoast_head":"<!-- This site is optimized with the Yoast SEO Premium plugin v20.12 (Yoast SEO v27.4) - https:\/\/yoast.com\/product\/yoast-seo-premium-wordpress\/ -->\n<title>Cube Reaction Hybrid SLT 750 goblin\u00b4n\u00b4yellow<\/title>\n<meta name=\"description\" content=\"Entdecken Sie unseren Online-Fahrradladen: Gro\u00dfe Auswahl an Modellen f\u00fcr alle Radsportbegeisterten. Von Rennr\u00e4dern bis zu Mountainbikes - finden Sie heute Ihren perfekten Wegbegleiter!\" \/>\n<meta name=\"robots\" content=\"index, follow, max-snippet:-1, max-image-preview:large, max-video-preview:-1\" \/>\n<link rel=\"canonical\" href=\"https:\/\/cioelectro.com\/en\/produkt\/cube-reaction-hybrid-slt-750-goblinnyellow\/\" \/>\n<meta property=\"og:locale\" content=\"en_US\" \/>\n<meta property=\"og:type\" content=\"article\" \/>\n<meta property=\"og:title\" content=\"Cube Reaction Hybrid SLT 750 goblin\u00b4n\u00b4yellow\" \/>\n<meta property=\"og:description\" content=\"Entdecken Sie unseren Online-Fahrradladen: Gro\u00dfe Auswahl an Modellen f\u00fcr alle Radsportbegeisterten. Von Rennr\u00e4dern bis zu Mountainbikes - finden Sie heute Ihren perfekten Wegbegleiter!\" \/>\n<meta property=\"og:url\" content=\"https:\/\/cioelectro.com\/en\/produkt\/cube-reaction-hybrid-slt-750-goblinnyellow\/\" \/>\n<meta property=\"og:site_name\" content=\"cioelectro.com\" \/>\n<meta property=\"article:modified_time\" content=\"2023-08-10T18:24:05+00:00\" \/>\n<meta property=\"og:image\" content=\"https:\/\/cioelectro.com\/wp-content\/uploads\/2023\/06\/CUBE-Reaction-Hybrid-SLT-750-goblin-n-yellow-634413-1_800x800.jpg\" \/>\n\t<meta property=\"og:image:width\" content=\"800\" \/>\n\t<meta property=\"og:image:height\" content=\"464\" \/>\n\t<meta property=\"og:image:type\" content=\"image\/jpeg\" \/>\n<meta name=\"twitter:card\" content=\"summary_large_image\" \/>\n<meta name=\"twitter:label1\" content=\"Est. reading time\" \/>\n\t<meta name=\"twitter:data1\" content=\"3 minutes\" \/>\n<script type=\"application\/ld+json\" class=\"yoast-schema-graph\">{\"@context\":\"https:\\\/\\\/schema.org\",\"@graph\":[{\"@type\":\"WebPage\",\"@id\":\"https:\\\/\\\/cioelectro.com\\\/produkt\\\/cube-reaction-hybrid-slt-750-goblinnyellow\\\/\",\"url\":\"https:\\\/\\\/cioelectro.com\\\/produkt\\\/cube-reaction-hybrid-slt-750-goblinnyellow\\\/\",\"name\":\"Cube Reaction Hybrid SLT 750 goblin\u00b4n\u00b4yellow\",\"isPartOf\":{\"@id\":\"https:\\\/\\\/cioelectro.com\\\/#website\"},\"primaryImageOfPage\":{\"@id\":\"https:\\\/\\\/cioelectro.com\\\/produkt\\\/cube-reaction-hybrid-slt-750-goblinnyellow\\\/#primaryimage\"},\"image\":{\"@id\":\"https:\\\/\\\/cioelectro.com\\\/produkt\\\/cube-reaction-hybrid-slt-750-goblinnyellow\\\/#primaryimage\"},\"thumbnailUrl\":\"https:\\\/\\\/cioelectro.com\\\/wp-content\\\/uploads\\\/2023\\\/06\\\/CUBE-Reaction-Hybrid-SLT-750-goblin-n-yellow-634413-1_800x800.jpg\",\"datePublished\":\"2022-12-02T19:00:17+00:00\",\"dateModified\":\"2023-08-10T18:24:05+00:00\",\"description\":\"Entdecken Sie unseren Online-Fahrradladen: Gro\u00dfe Auswahl an Modellen f\u00fcr alle Radsportbegeisterten. Von Rennr\u00e4dern bis zu Mountainbikes - finden Sie heute Ihren perfekten Wegbegleiter!\",\"breadcrumb\":{\"@id\":\"https:\\\/\\\/cioelectro.com\\\/produkt\\\/cube-reaction-hybrid-slt-750-goblinnyellow\\\/#breadcrumb\"},\"inLanguage\":\"en-US\",\"potentialAction\":[{\"@type\":\"ReadAction\",\"target\":[\"https:\\\/\\\/cioelectro.com\\\/produkt\\\/cube-reaction-hybrid-slt-750-goblinnyellow\\\/\"]}]},{\"@type\":\"ImageObject\",\"inLanguage\":\"en-US\",\"@id\":\"https:\\\/\\\/cioelectro.com\\\/produkt\\\/cube-reaction-hybrid-slt-750-goblinnyellow\\\/#primaryimage\",\"url\":\"https:\\\/\\\/cioelectro.com\\\/wp-content\\\/uploads\\\/2023\\\/06\\\/CUBE-Reaction-Hybrid-SLT-750-goblin-n-yellow-634413-1_800x800.jpg\",\"contentUrl\":\"https:\\\/\\\/cioelectro.com\\\/wp-content\\\/uploads\\\/2023\\\/06\\\/CUBE-Reaction-Hybrid-SLT-750-goblin-n-yellow-634413-1_800x800.jpg\",\"width\":800,\"height\":464,\"caption\":\"Cube Reaction Hybrid SLT 750 goblin\u00b4n\u00b4yellow\"},{\"@type\":\"BreadcrumbList\",\"@id\":\"https:\\\/\\\/cioelectro.com\\\/produkt\\\/cube-reaction-hybrid-slt-750-goblinnyellow\\\/#breadcrumb\",\"itemListElement\":[{\"@type\":\"ListItem\",\"position\":1,\"name\":\"Startseite\",\"item\":\"https:\\\/\\\/cioelectro.com\\\/\"},{\"@type\":\"ListItem\",\"position\":2,\"name\":\"LADEN\",\"item\":\"https:\\\/\\\/cioelectro.com\\\/laden\\\/\"},{\"@type\":\"ListItem\",\"position\":3,\"name\":\"Cube Reaction Hybrid SLT 750 goblin\u00b4n\u00b4yellow\"}]},{\"@type\":\"WebSite\",\"@id\":\"https:\\\/\\\/cioelectro.com\\\/#website\",\"url\":\"https:\\\/\\\/cioelectro.com\\\/\",\"name\":\"cioelectro.com\",\"description\":\"Treten Sie mit uns ins Abenteuer!\",\"publisher\":{\"@id\":\"https:\\\/\\\/cioelectro.com\\\/#organization\"},\"alternateName\":\"MEIN RADLADEN\",\"potentialAction\":[{\"@type\":\"SearchAction\",\"target\":{\"@type\":\"EntryPoint\",\"urlTemplate\":\"https:\\\/\\\/cioelectro.com\\\/?s={search_term_string}\"},\"query-input\":{\"@type\":\"PropertyValueSpecification\",\"valueRequired\":true,\"valueName\":\"search_term_string\"}}],\"inLanguage\":\"en-US\"},{\"@type\":\"Organization\",\"@id\":\"https:\\\/\\\/cioelectro.com\\\/#organization\",\"name\":\"CIOELECTRO\",\"alternateName\":\"MEIN RADLADEN\",\"url\":\"https:\\\/\\\/cioelectro.com\\\/\",\"logo\":{\"@type\":\"ImageObject\",\"inLanguage\":\"en-US\",\"@id\":\"https:\\\/\\\/cioelectro.com\\\/#\\\/schema\\\/logo\\\/image\\\/\",\"url\":\"https:\\\/\\\/cioelectro.com\\\/wp-content\\\/uploads\\\/2025\\\/12\\\/Logo-2-1200x800.png\",\"contentUrl\":\"https:\\\/\\\/cioelectro.com\\\/wp-content\\\/uploads\\\/2025\\\/12\\\/Logo-2-1200x800.png\",\"width\":1200,\"height\":800,\"caption\":\"CIOELECTRO\"},\"image\":{\"@id\":\"https:\\\/\\\/cioelectro.com\\\/#\\\/schema\\\/logo\\\/image\\\/\"}}]}<\/script>\n<!-- \/ Yoast SEO Premium plugin. -->","yoast_head_json":{"title":"Cube Reaction Hybrid SLT 750 goblin\u00b4n\u00b4yellow","description":"Entdecken Sie unseren Online-Fahrradladen: Gro\u00dfe Auswahl an Modellen f\u00fcr alle Radsportbegeisterten. Von Rennr\u00e4dern bis zu Mountainbikes - finden Sie heute Ihren perfekten Wegbegleiter!","robots":{"index":"index","follow":"follow","max-snippet":"max-snippet:-1","max-image-preview":"max-image-preview:large","max-video-preview":"max-video-preview:-1"},"canonical":"https:\/\/cioelectro.com\/en\/produkt\/cube-reaction-hybrid-slt-750-goblinnyellow\/","og_locale":"en_US","og_type":"article","og_title":"Cube Reaction Hybrid SLT 750 goblin\u00b4n\u00b4yellow","og_description":"Entdecken Sie unseren Online-Fahrradladen: Gro\u00dfe Auswahl an Modellen f\u00fcr alle Radsportbegeisterten. Von Rennr\u00e4dern bis zu Mountainbikes - finden Sie heute Ihren perfekten Wegbegleiter!","og_url":"https:\/\/cioelectro.com\/en\/produkt\/cube-reaction-hybrid-slt-750-goblinnyellow\/","og_site_name":"cioelectro.com","article_modified_time":"2023-08-10T18:24:05+00:00","og_image":[{"width":800,"height":464,"url":"https:\/\/cioelectro.com\/wp-content\/uploads\/2023\/06\/CUBE-Reaction-Hybrid-SLT-750-goblin-n-yellow-634413-1_800x800.jpg","type":"image\/jpeg"}],"twitter_card":"summary_large_image","twitter_misc":{"Est. reading time":"3 minutes"},"schema":{"@context":"https:\/\/schema.org","@graph":[{"@type":"WebPage","@id":"https:\/\/cioelectro.com\/produkt\/cube-reaction-hybrid-slt-750-goblinnyellow\/","url":"https:\/\/cioelectro.com\/produkt\/cube-reaction-hybrid-slt-750-goblinnyellow\/","name":"Cube Reaction Hybrid SLT 750 goblin\u00b4n\u00b4yellow","isPartOf":{"@id":"https:\/\/cioelectro.com\/#website"},"primaryImageOfPage":{"@id":"https:\/\/cioelectro.com\/produkt\/cube-reaction-hybrid-slt-750-goblinnyellow\/#primaryimage"},"image":{"@id":"https:\/\/cioelectro.com\/produkt\/cube-reaction-hybrid-slt-750-goblinnyellow\/#primaryimage"},"thumbnailUrl":"https:\/\/cioelectro.com\/wp-content\/uploads\/2023\/06\/CUBE-Reaction-Hybrid-SLT-750-goblin-n-yellow-634413-1_800x800.jpg","datePublished":"2022-12-02T19:00:17+00:00","dateModified":"2023-08-10T18:24:05+00:00","description":"Entdecken Sie unseren Online-Fahrradladen: Gro\u00dfe Auswahl an Modellen f\u00fcr alle Radsportbegeisterten. Von Rennr\u00e4dern bis zu Mountainbikes - finden Sie heute Ihren perfekten Wegbegleiter!","breadcrumb":{"@id":"https:\/\/cioelectro.com\/produkt\/cube-reaction-hybrid-slt-750-goblinnyellow\/#breadcrumb"},"inLanguage":"en-US","potentialAction":[{"@type":"ReadAction","target":["https:\/\/cioelectro.com\/produkt\/cube-reaction-hybrid-slt-750-goblinnyellow\/"]}]},{"@type":"ImageObject","inLanguage":"en-US","@id":"https:\/\/cioelectro.com\/produkt\/cube-reaction-hybrid-slt-750-goblinnyellow\/#primaryimage","url":"https:\/\/cioelectro.com\/wp-content\/uploads\/2023\/06\/CUBE-Reaction-Hybrid-SLT-750-goblin-n-yellow-634413-1_800x800.jpg","contentUrl":"https:\/\/cioelectro.com\/wp-content\/uploads\/2023\/06\/CUBE-Reaction-Hybrid-SLT-750-goblin-n-yellow-634413-1_800x800.jpg","width":800,"height":464,"caption":"Cube Reaction Hybrid SLT 750 goblin\u00b4n\u00b4yellow"},{"@type":"BreadcrumbList","@id":"https:\/\/cioelectro.com\/produkt\/cube-reaction-hybrid-slt-750-goblinnyellow\/#breadcrumb","itemListElement":[{"@type":"ListItem","position":1,"name":"Startseite","item":"https:\/\/cioelectro.com\/"},{"@type":"ListItem","position":2,"name":"LADEN","item":"https:\/\/cioelectro.com\/laden\/"},{"@type":"ListItem","position":3,"name":"Cube Reaction Hybrid SLT 750 goblin\u00b4n\u00b4yellow"}]},{"@type":"WebSite","@id":"https:\/\/cioelectro.com\/#website","url":"https:\/\/cioelectro.com\/","name":"cioelectro.com","description":"Treten Sie mit uns ins Abenteuer!","publisher":{"@id":"https:\/\/cioelectro.com\/#organization"},"alternateName":"MEIN RADLADEN","potentialAction":[{"@type":"SearchAction","target":{"@type":"EntryPoint","urlTemplate":"https:\/\/cioelectro.com\/?s={search_term_string}"},"query-input":{"@type":"PropertyValueSpecification","valueRequired":true,"valueName":"search_term_string"}}],"inLanguage":"en-US"},{"@type":"Organization","@id":"https:\/\/cioelectro.com\/#organization","name":"CIOELECTRO","alternateName":"MEIN RADLADEN","url":"https:\/\/cioelectro.com\/","logo":{"@type":"ImageObject","inLanguage":"en-US","@id":"https:\/\/cioelectro.com\/#\/schema\/logo\/image\/","url":"https:\/\/cioelectro.com\/wp-content\/uploads\/2025\/12\/Logo-2-1200x800.png","contentUrl":"https:\/\/cioelectro.com\/wp-content\/uploads\/2025\/12\/Logo-2-1200x800.png","width":1200,"height":800,"caption":"CIOELECTRO"},"image":{"@id":"https:\/\/cioelectro.com\/#\/schema\/logo\/image\/"}}]}},"_links":{"self":[{"href":"https:\/\/cioelectro.com\/en\/wp-json\/wp\/v2\/product\/47798","targetHints":{"allow":["GET"]}}],"collection":[{"href":"https:\/\/cioelectro.com\/en\/wp-json\/wp\/v2\/product"}],"about":[{"href":"https:\/\/cioelectro.com\/en\/wp-json\/wp\/v2\/types\/product"}],"replies":[{"embeddable":true,"href":"https:\/\/cioelectro.com\/en\/wp-json\/wp\/v2\/comments?post=47798"}],"version-history":[{"count":0,"href":"https:\/\/cioelectro.com\/en\/wp-json\/wp\/v2\/product\/47798\/revisions"}],"wp:featuredmedia":[{"embeddable":true,"href":"https:\/\/cioelectro.com\/en\/wp-json\/wp\/v2\/media\/64352"}],"wp:attachment":[{"href":"https:\/\/cioelectro.com\/en\/wp-json\/wp\/v2\/media?parent=47798"}],"wp:term":[{"taxonomy":"product_brand","embeddable":true,"href":"https:\/\/cioelectro.com\/en\/wp-json\/wp\/v2\/product_brand?post=47798"},{"taxonomy":"product_cat","embeddable":true,"href":"https:\/\/cioelectro.com\/en\/wp-json\/wp\/v2\/product_cat?post=47798"},{"taxonomy":"product_tag","embeddable":true,"href":"https:\/\/cioelectro.com\/en\/wp-json\/wp\/v2\/product_tag?post=47798"}],"curies":[{"name":"wp","href":"https:\/\/api.w.org\/{rel}","templated":true}]}}