{"id":47926,"date":"2022-12-05T13:58:56","date_gmt":"2022-12-05T12:58:56","guid":{"rendered":"https:\/\/meinradladen.com\/?post_type=product&#038;p=47926"},"modified":"2023-08-10T20:18:17","modified_gmt":"2023-08-10T18:18:17","slug":"thule-chariot-lite-1","status":"publish","type":"product","link":"https:\/\/cioelectro.com\/en\/produkt\/thule-chariot-lite-1\/","title":{"rendered":"Thule Chariot Lite 1"},"content":{"rendered":"<h2 class=\"product--title\"><strong>Thule<\/strong>\u00a0Chariot Lite 1<\/h2>\n<p>Der Thule Chariot Lite 1 von Thule ist ein <a href=\"http:\/\/1-1\">leichter<\/a> Anh\u00e4nger oder Buggy f\u00fcr die allt\u00e4glichen Aktivit\u00e4ten.<\/p>\n<hr \/>\n<h3>Features &#8211; Thule Chariot Lite 1 (2021)<\/h3>\n<ul>\n<li>4 Aktivit\u00e4ten \u2013 bestens geeignet f\u00fcr alle vier Aktivit\u00e4ten: Radfahren, Joggen, Spazierengehen und Skilanglauf<\/li>\n<li>Kompakt zusammenklappbar \u2013 so k\u00f6nnen Sie den Tr\u00e4ger problemlos mitnehmen<\/li>\n<li>Das Thule VersaWing System \u2013 Erm\u00f6glicht schnelles und einfaches Umr\u00fcsten zwischen verschiedenen Aktivit\u00e4ten unabh\u00e4ngig vom verwendeten Set<\/li>\n<li>Federung \u2013 sorgt bei Eltern und Kind f\u00fcr eine angenehme Fahrt<\/li>\n<li>Thule Click n\u2019 Store \u2013 bequemes Mitf\u00fchren des Spazier-, Jogging- und Radfahr-Sets an Bord, wenn Sie zwischen verschiedenen Aktivit\u00e4ten wechseln m\u00f6chten<\/li>\n<li>R\u00fcckleuchte f\u00fcr erh\u00f6hte Sichtbarkeit und Sicherheit im Lieferumfang enthalten<\/li>\n<li>Leicht verstellbare L\u00fcftungsschlitze sorgen f\u00fcr einen optimalen Luftstrom und Klimatisierung, abnehmbare Klemmen sorgen f\u00fcr mehr Bel\u00fcftung bei Verwendung eines Regenverdecks<\/li>\n<li>Fahrradanh\u00e4nger- und Buggy-Set inbegriffen<\/li>\n<li>Modelljahr: 2021<\/li>\n<\/ul>\n<h3>Produkteigenschaften<\/h3>\n<ul>\n<li><strong>Tragf\u00e4higkeit:\u00a0<\/strong>34 kg<\/li>\n<li><strong>Ma\u00dfe zusammengeklappt:\u00a0<\/strong>87 x 65 x 37,5 cm<\/li>\n<li><strong>Schulterbreite:<\/strong>\u00a036,5 cm<\/li>\n<li><strong>Sitzh\u00f6he:\u00a0<\/strong>68 cm<\/li>\n<li><strong>T\u00fcrbreite:<\/strong>\u00a065 cm<\/li>\n<li><strong>Sicherheitsgurt:<\/strong>\u00a05-Punkt<\/li>\n<li><strong>Erf\u00fcllt die Sicherheitsnormen:\u00a0<\/strong>Ja<\/li>\n<li><strong>Kinder:<\/strong>\u00a01<\/li>\n<\/ul>\n<h3>Farbe<\/h3>\n<ul>\n<li>agave<\/li>\n<\/ul>\n<h3>Gewicht<\/h3>\n<ul>\n<li>11,7 kg<\/li>\n<\/ul>\n<hr \/>\n<h3>Lieferumfang<\/h3>\n<ul>\n<li>1 x Chariot Lite 1 (2021)<\/li>\n<li>1 x Fahrrad- und Buggyset<\/li>\n<\/ul>\n<p><em>Jogging- und Langlauf-Kit k\u00f6nnen separat erworben werden<\/em><\/p>\n<hr \/>\n<h3>Multisport trailer &#8211; Thule Chariot Lite<\/h3>\n<p><iframe src=\"https:\/\/www.youtube-nocookie.com\/embed\/FAltulwyFbY?rel=0\" width=\"640\" height=\"360\" frameborder=\"0\" allowfullscreen=\"allowfullscreen\" data-mce-fragment=\"1\"><\/iframe><\/p>","protected":false},"excerpt":{"rendered":"<p>Thule\u00a0Chariot Lite 1 Der Thule Chariot Lite 1 von Thule ist ein leichter Anh\u00e4nger oder Buggy f\u00fcr die allt\u00e4glichen Aktivit\u00e4ten.<\/p>","protected":false},"featured_media":64419,"comment_status":"open","ping_status":"closed","template":"","meta":{"_rtcl_gb_attr":""},"product_brand":[],"product_cat":[783],"product_tag":[],"class_list":{"0":"post-47926","1":"product","2":"type-product","3":"status-publish","4":"has-post-thumbnail","6":"product_cat-accessories","7":"pa_marke-thule","9":"first","10":"instock","11":"sale","12":"taxable","13":"shipping-taxable","14":"purchasable","15":"product-type-simple"},"yoast_head":"<!-- This site is optimized with the Yoast SEO Premium plugin v20.12 (Yoast SEO v27.4) - https:\/\/yoast.com\/product\/yoast-seo-premium-wordpress\/ -->\n<title>Thule Chariot Lite 1<\/title>\n<meta name=\"description\" content=\"cioelectro.com bietet Ihnen das Thule Chariot Lite 1 zum besten Preis mit kostenlosem Versand in ganz EuropaThule Chariot Lite 1\" \/>\n<meta name=\"robots\" content=\"index, follow, max-snippet:-1, max-image-preview:large, max-video-preview:-1\" \/>\n<link rel=\"canonical\" href=\"https:\/\/cioelectro.com\/en\/produkt\/thule-chariot-lite-1\/\" \/>\n<meta property=\"og:locale\" content=\"en_US\" \/>\n<meta property=\"og:type\" content=\"article\" \/>\n<meta property=\"og:title\" content=\"Thule Chariot Lite 1\" \/>\n<meta property=\"og:description\" content=\"Entdecken Sie unseren Online-Fahrradladen: Gro\u00dfe Auswahl an Modellen f\u00fcr alle Radsportbegeisterten. Von Rennr\u00e4dern bis zu Mountainbikes - finden Sie heute Ihren perfekten Wegbegleiter!\" \/>\n<meta property=\"og:url\" content=\"https:\/\/cioelectro.com\/en\/produkt\/thule-chariot-lite-1\/\" \/>\n<meta property=\"og:site_name\" content=\"cioelectro.com\" \/>\n<meta property=\"article:modified_time\" content=\"2023-08-10T18:18:17+00:00\" \/>\n<meta property=\"og:image\" content=\"https:\/\/cioelectro.com\/wp-content\/uploads\/2023\/06\/888043_sized_900x600_800x800-0.jpg\" \/>\n\t<meta property=\"og:image:width\" content=\"800\" \/>\n\t<meta property=\"og:image:height\" content=\"534\" \/>\n\t<meta property=\"og:image:type\" content=\"image\/jpeg\" \/>\n<meta name=\"twitter:card\" content=\"summary_large_image\" \/>\n<meta name=\"twitter:label1\" content=\"Est. reading time\" \/>\n\t<meta name=\"twitter:data1\" content=\"2 minutes\" \/>\n<script type=\"application\/ld+json\" class=\"yoast-schema-graph\">{\"@context\":\"https:\\\/\\\/schema.org\",\"@graph\":[{\"@type\":\"WebPage\",\"@id\":\"https:\\\/\\\/cioelectro.com\\\/produkt\\\/thule-chariot-lite-1\\\/\",\"url\":\"https:\\\/\\\/cioelectro.com\\\/produkt\\\/thule-chariot-lite-1\\\/\",\"name\":\"Thule Chariot Lite 1\",\"isPartOf\":{\"@id\":\"https:\\\/\\\/cioelectro.com\\\/#website\"},\"primaryImageOfPage\":{\"@id\":\"https:\\\/\\\/cioelectro.com\\\/produkt\\\/thule-chariot-lite-1\\\/#primaryimage\"},\"image\":{\"@id\":\"https:\\\/\\\/cioelectro.com\\\/produkt\\\/thule-chariot-lite-1\\\/#primaryimage\"},\"thumbnailUrl\":\"https:\\\/\\\/cioelectro.com\\\/wp-content\\\/uploads\\\/2023\\\/06\\\/888043_sized_900x600_800x800-0.jpg\",\"datePublished\":\"2022-12-05T12:58:56+00:00\",\"dateModified\":\"2023-08-10T18:18:17+00:00\",\"description\":\"cioelectro.com bietet Ihnen das Thule Chariot Lite 1 zum besten Preis mit kostenlosem Versand in ganz EuropaThule Chariot Lite 1\",\"breadcrumb\":{\"@id\":\"https:\\\/\\\/cioelectro.com\\\/produkt\\\/thule-chariot-lite-1\\\/#breadcrumb\"},\"inLanguage\":\"en-US\",\"potentialAction\":[{\"@type\":\"ReadAction\",\"target\":[\"https:\\\/\\\/cioelectro.com\\\/produkt\\\/thule-chariot-lite-1\\\/\"]}]},{\"@type\":\"ImageObject\",\"inLanguage\":\"en-US\",\"@id\":\"https:\\\/\\\/cioelectro.com\\\/produkt\\\/thule-chariot-lite-1\\\/#primaryimage\",\"url\":\"https:\\\/\\\/cioelectro.com\\\/wp-content\\\/uploads\\\/2023\\\/06\\\/888043_sized_900x600_800x800-0.jpg\",\"contentUrl\":\"https:\\\/\\\/cioelectro.com\\\/wp-content\\\/uploads\\\/2023\\\/06\\\/888043_sized_900x600_800x800-0.jpg\",\"width\":800,\"height\":534,\"caption\":\"Thule Chariot Lite 1\"},{\"@type\":\"BreadcrumbList\",\"@id\":\"https:\\\/\\\/cioelectro.com\\\/produkt\\\/thule-chariot-lite-1\\\/#breadcrumb\",\"itemListElement\":[{\"@type\":\"ListItem\",\"position\":1,\"name\":\"Startseite\",\"item\":\"https:\\\/\\\/cioelectro.com\\\/\"},{\"@type\":\"ListItem\",\"position\":2,\"name\":\"LADEN\",\"item\":\"https:\\\/\\\/cioelectro.com\\\/laden\\\/\"},{\"@type\":\"ListItem\",\"position\":3,\"name\":\"Thule Chariot Lite 1\"}]},{\"@type\":\"WebSite\",\"@id\":\"https:\\\/\\\/cioelectro.com\\\/#website\",\"url\":\"https:\\\/\\\/cioelectro.com\\\/\",\"name\":\"cioelectro.com\",\"description\":\"Treten Sie mit uns ins Abenteuer!\",\"publisher\":{\"@id\":\"https:\\\/\\\/cioelectro.com\\\/#organization\"},\"alternateName\":\"MEIN RADLADEN\",\"potentialAction\":[{\"@type\":\"SearchAction\",\"target\":{\"@type\":\"EntryPoint\",\"urlTemplate\":\"https:\\\/\\\/cioelectro.com\\\/?s={search_term_string}\"},\"query-input\":{\"@type\":\"PropertyValueSpecification\",\"valueRequired\":true,\"valueName\":\"search_term_string\"}}],\"inLanguage\":\"en-US\"},{\"@type\":\"Organization\",\"@id\":\"https:\\\/\\\/cioelectro.com\\\/#organization\",\"name\":\"CIOELECTRO\",\"alternateName\":\"MEIN RADLADEN\",\"url\":\"https:\\\/\\\/cioelectro.com\\\/\",\"logo\":{\"@type\":\"ImageObject\",\"inLanguage\":\"en-US\",\"@id\":\"https:\\\/\\\/cioelectro.com\\\/#\\\/schema\\\/logo\\\/image\\\/\",\"url\":\"https:\\\/\\\/cioelectro.com\\\/wp-content\\\/uploads\\\/2025\\\/12\\\/Logo-2-1200x800.png\",\"contentUrl\":\"https:\\\/\\\/cioelectro.com\\\/wp-content\\\/uploads\\\/2025\\\/12\\\/Logo-2-1200x800.png\",\"width\":1200,\"height\":800,\"caption\":\"CIOELECTRO\"},\"image\":{\"@id\":\"https:\\\/\\\/cioelectro.com\\\/#\\\/schema\\\/logo\\\/image\\\/\"}}]}<\/script>\n<!-- \/ Yoast SEO Premium plugin. -->","yoast_head_json":{"title":"Thule Chariot Lite 1","description":"cioelectro.com bietet Ihnen das Thule Chariot Lite 1 zum besten Preis mit kostenlosem Versand in ganz EuropaThule Chariot Lite 1","robots":{"index":"index","follow":"follow","max-snippet":"max-snippet:-1","max-image-preview":"max-image-preview:large","max-video-preview":"max-video-preview:-1"},"canonical":"https:\/\/cioelectro.com\/en\/produkt\/thule-chariot-lite-1\/","og_locale":"en_US","og_type":"article","og_title":"Thule Chariot Lite 1","og_description":"Entdecken Sie unseren Online-Fahrradladen: Gro\u00dfe Auswahl an Modellen f\u00fcr alle Radsportbegeisterten. Von Rennr\u00e4dern bis zu Mountainbikes - finden Sie heute Ihren perfekten Wegbegleiter!","og_url":"https:\/\/cioelectro.com\/en\/produkt\/thule-chariot-lite-1\/","og_site_name":"cioelectro.com","article_modified_time":"2023-08-10T18:18:17+00:00","og_image":[{"width":800,"height":534,"url":"https:\/\/cioelectro.com\/wp-content\/uploads\/2023\/06\/888043_sized_900x600_800x800-0.jpg","type":"image\/jpeg"}],"twitter_card":"summary_large_image","twitter_misc":{"Est. reading time":"2 minutes"},"schema":{"@context":"https:\/\/schema.org","@graph":[{"@type":"WebPage","@id":"https:\/\/cioelectro.com\/produkt\/thule-chariot-lite-1\/","url":"https:\/\/cioelectro.com\/produkt\/thule-chariot-lite-1\/","name":"Thule Chariot Lite 1","isPartOf":{"@id":"https:\/\/cioelectro.com\/#website"},"primaryImageOfPage":{"@id":"https:\/\/cioelectro.com\/produkt\/thule-chariot-lite-1\/#primaryimage"},"image":{"@id":"https:\/\/cioelectro.com\/produkt\/thule-chariot-lite-1\/#primaryimage"},"thumbnailUrl":"https:\/\/cioelectro.com\/wp-content\/uploads\/2023\/06\/888043_sized_900x600_800x800-0.jpg","datePublished":"2022-12-05T12:58:56+00:00","dateModified":"2023-08-10T18:18:17+00:00","description":"cioelectro.com bietet Ihnen das Thule Chariot Lite 1 zum besten Preis mit kostenlosem Versand in ganz EuropaThule Chariot Lite 1","breadcrumb":{"@id":"https:\/\/cioelectro.com\/produkt\/thule-chariot-lite-1\/#breadcrumb"},"inLanguage":"en-US","potentialAction":[{"@type":"ReadAction","target":["https:\/\/cioelectro.com\/produkt\/thule-chariot-lite-1\/"]}]},{"@type":"ImageObject","inLanguage":"en-US","@id":"https:\/\/cioelectro.com\/produkt\/thule-chariot-lite-1\/#primaryimage","url":"https:\/\/cioelectro.com\/wp-content\/uploads\/2023\/06\/888043_sized_900x600_800x800-0.jpg","contentUrl":"https:\/\/cioelectro.com\/wp-content\/uploads\/2023\/06\/888043_sized_900x600_800x800-0.jpg","width":800,"height":534,"caption":"Thule Chariot Lite 1"},{"@type":"BreadcrumbList","@id":"https:\/\/cioelectro.com\/produkt\/thule-chariot-lite-1\/#breadcrumb","itemListElement":[{"@type":"ListItem","position":1,"name":"Startseite","item":"https:\/\/cioelectro.com\/"},{"@type":"ListItem","position":2,"name":"LADEN","item":"https:\/\/cioelectro.com\/laden\/"},{"@type":"ListItem","position":3,"name":"Thule Chariot Lite 1"}]},{"@type":"WebSite","@id":"https:\/\/cioelectro.com\/#website","url":"https:\/\/cioelectro.com\/","name":"cioelectro.com","description":"Treten Sie mit uns ins Abenteuer!","publisher":{"@id":"https:\/\/cioelectro.com\/#organization"},"alternateName":"MEIN RADLADEN","potentialAction":[{"@type":"SearchAction","target":{"@type":"EntryPoint","urlTemplate":"https:\/\/cioelectro.com\/?s={search_term_string}"},"query-input":{"@type":"PropertyValueSpecification","valueRequired":true,"valueName":"search_term_string"}}],"inLanguage":"en-US"},{"@type":"Organization","@id":"https:\/\/cioelectro.com\/#organization","name":"CIOELECTRO","alternateName":"MEIN RADLADEN","url":"https:\/\/cioelectro.com\/","logo":{"@type":"ImageObject","inLanguage":"en-US","@id":"https:\/\/cioelectro.com\/#\/schema\/logo\/image\/","url":"https:\/\/cioelectro.com\/wp-content\/uploads\/2025\/12\/Logo-2-1200x800.png","contentUrl":"https:\/\/cioelectro.com\/wp-content\/uploads\/2025\/12\/Logo-2-1200x800.png","width":1200,"height":800,"caption":"CIOELECTRO"},"image":{"@id":"https:\/\/cioelectro.com\/#\/schema\/logo\/image\/"}}]}},"_links":{"self":[{"href":"https:\/\/cioelectro.com\/en\/wp-json\/wp\/v2\/product\/47926","targetHints":{"allow":["GET"]}}],"collection":[{"href":"https:\/\/cioelectro.com\/en\/wp-json\/wp\/v2\/product"}],"about":[{"href":"https:\/\/cioelectro.com\/en\/wp-json\/wp\/v2\/types\/product"}],"replies":[{"embeddable":true,"href":"https:\/\/cioelectro.com\/en\/wp-json\/wp\/v2\/comments?post=47926"}],"version-history":[{"count":0,"href":"https:\/\/cioelectro.com\/en\/wp-json\/wp\/v2\/product\/47926\/revisions"}],"wp:featuredmedia":[{"embeddable":true,"href":"https:\/\/cioelectro.com\/en\/wp-json\/wp\/v2\/media\/64419"}],"wp:attachment":[{"href":"https:\/\/cioelectro.com\/en\/wp-json\/wp\/v2\/media?parent=47926"}],"wp:term":[{"taxonomy":"product_brand","embeddable":true,"href":"https:\/\/cioelectro.com\/en\/wp-json\/wp\/v2\/product_brand?post=47926"},{"taxonomy":"product_cat","embeddable":true,"href":"https:\/\/cioelectro.com\/en\/wp-json\/wp\/v2\/product_cat?post=47926"},{"taxonomy":"product_tag","embeddable":true,"href":"https:\/\/cioelectro.com\/en\/wp-json\/wp\/v2\/product_tag?post=47926"}],"curies":[{"name":"wp","href":"https:\/\/api.w.org\/{rel}","templated":true}]}}