{"id":48224,"date":"2022-12-06T12:35:54","date_gmt":"2022-12-06T11:35:54","guid":{"rendered":"https:\/\/meinradladen.com\/?post_type=product&#038;p=48224"},"modified":"2023-08-10T20:03:59","modified_gmt":"2023-08-10T18:03:59","slug":"dreirad-24-20-mit-3-gang-klappdreirad-faltbar","status":"publish","type":"product","link":"https:\/\/cioelectro.com\/en\/produkt\/dreirad-24-20-mit-3-gang-klappdreirad-faltbar\/","title":{"rendered":"Dreirad 24-20 mit 3-Gang Klappdreirad faltbar"},"content":{"rendered":"<h2 class=\"rd-title\" title=\"Dreirad 24\/20&quot; mit 3-Gang Klappdreirad faltbar\">Dreirad 24-20 mit 3-Gang Klappdreirad faltbar<\/h2>\n<p>Sichere und bequeme Mobilit\u00e4t und Spa\u00df beim Radfahren und Transportieren! Dreirad 24-20 Dank des tiefen Einstiegs k\u00f6nnen Senioren oder Personen mit k\u00f6rperlichen Einschr\u00e4nkungen mobil und aktiv bleiben und sicher ans Ziel kommen. Mittels des Klappmechanismus im Rahmen kann man das Dreirad schnell und einfach zusammengeklappt und m\u00fchelos im Kofferraum oder Keller verstaut werden.<br \/>\nDer gro\u00dfe hintere Korb ist ideal f\u00fcr Eink\u00e4ufe und im vorderen Korb am Lenker k\u00f6nnen Kleinigkeiten oder auch die Handtasche verstaut werden. Abgerundet wird die Ausstattung des Dreirades durch den bequemen Sattel, die Schutzbleche und die Feststellbremse. Zudem sorgt die helle Beleuchtung mit Seitenl\u00e4uferdynamo f\u00fcr Sicherheit auch in der Dunkelheit.<\/p>\n<p>&#8211; HiTen Rahmen mit tiefem Einstieg<br \/>\n&#8211; Rahmen faltbar durch Schnellspannhebel<br \/>\n&#8211; Rahmenh\u00f6he 41 cm<br \/>\n&#8211; HiTen Unicrown Gabel<br \/>\n&#8211; Gesamtbelastung bis ca. 120 kg inklusive Gep\u00e4ck<br \/>\n&#8211; 3-Gang Shimano Nexus Nabenschaltung mit R\u00fccktrittbremse<br \/>\n&#8211; Aluminium V-Brake (V-Bremse) vorne<br \/>\n&#8211; R\u00fccktrittbremse hinten<br \/>\n&#8211; Aluminium Felgen<br \/>\n&#8211; Reha-Naben hinten<br \/>\n&#8211; bequemer City-Lenker<br \/>\n&#8211; bequemer City-Sattel<br \/>\n&#8211; Beleuchtung nach StVZO<\/p>\n<p>Die Aufbauma\u00dfe:<br \/>\nL\u00e4nge 170 cm \/ Breite 75 cm \/ H\u00f6he 110 cm<\/p>\n<p>Die Klappma\u00dfe:<br \/>\nL\u00e4nge 108 cm \/ Breite 75 cm \/ H\u00f6he 110 cm<\/p>\n<p>Dieses Fahrrad ist zu 98% vormontiert. Lediglich der Lenker muss noch justiert werden. Bitte lesen Sie dazu unbedingt vorher die Bedienungsanleitung. Die Schaltung und die Bremsen sind werksseitig bereits eingestellt<\/p>","protected":false},"excerpt":{"rendered":"<p>Dreirad 24-20 mit 3-Gang Klappdreirad faltbar Sichere und bequeme Mobilit\u00e4t und Spa\u00df beim Radfahren und Transportieren! Dreirad 24-20 Dank des<\/p>","protected":false},"featured_media":64594,"comment_status":"open","ping_status":"closed","template":"","meta":{"_rtcl_gb_attr":""},"product_brand":[],"product_cat":[33,34],"product_tag":[],"class_list":{"0":"post-48224","1":"product","2":"type-product","3":"status-publish","4":"has-post-thumbnail","6":"product_cat-e-bike","7":"product_cat-e-bike-city-urban","8":"pa_marke-dreirad","10":"first","11":"instock","12":"taxable","13":"shipping-taxable","14":"purchasable","15":"product-type-variable"},"yoast_head":"<!-- This site is optimized with the Yoast SEO Premium plugin v20.12 (Yoast SEO v27.4) - https:\/\/yoast.com\/product\/yoast-seo-premium-wordpress\/ -->\n<title>Dreirad 24-20 mit 3-Gang Klappdreirad faltbar<\/title>\n<meta name=\"description\" content=\"Entdecken Sie unseren Online-Fahrradladen: Gro\u00dfe Auswahl an Modellen f\u00fcr alle Radsportbegeisterten. Von Rennr\u00e4dern bis zu Mountainbikes - finden Sie heute Ihren perfekten Wegbegleiter!\" \/>\n<meta name=\"robots\" content=\"index, follow, max-snippet:-1, max-image-preview:large, max-video-preview:-1\" \/>\n<link rel=\"canonical\" href=\"https:\/\/cioelectro.com\/en\/produkt\/dreirad-24-20-mit-3-gang-klappdreirad-faltbar\/\" \/>\n<meta property=\"og:locale\" content=\"en_US\" \/>\n<meta property=\"og:type\" content=\"article\" \/>\n<meta property=\"og:title\" content=\"Dreirad 24-20 mit 3-Gang Klappdreirad faltbar\" \/>\n<meta property=\"og:description\" content=\"Entdecken Sie unseren Online-Fahrradladen: Gro\u00dfe Auswahl an Modellen f\u00fcr alle Radsportbegeisterten. Von Rennr\u00e4dern bis zu Mountainbikes - finden Sie heute Ihren perfekten Wegbegleiter!\" \/>\n<meta property=\"og:url\" content=\"https:\/\/cioelectro.com\/en\/produkt\/dreirad-24-20-mit-3-gang-klappdreirad-faltbar\/\" \/>\n<meta property=\"og:site_name\" content=\"cioelectro.com\" \/>\n<meta property=\"article:modified_time\" content=\"2023-08-10T18:03:59+00:00\" \/>\n<meta property=\"og:image\" content=\"https:\/\/cioelectro.com\/wp-content\/uploads\/2023\/06\/540d58dd15bdd83ca46d8277425a4526.webp\" \/>\n\t<meta property=\"og:image:width\" content=\"2048\" \/>\n\t<meta property=\"og:image:height\" content=\"1391\" \/>\n\t<meta property=\"og:image:type\" content=\"image\/webp\" \/>\n<meta name=\"twitter:card\" content=\"summary_large_image\" \/>\n<meta name=\"twitter:label1\" content=\"Est. reading time\" \/>\n\t<meta name=\"twitter:data1\" content=\"2 minutes\" \/>\n<script type=\"application\/ld+json\" class=\"yoast-schema-graph\">{\"@context\":\"https:\\\/\\\/schema.org\",\"@graph\":[{\"@type\":\"WebPage\",\"@id\":\"https:\\\/\\\/cioelectro.com\\\/produkt\\\/dreirad-24-20-mit-3-gang-klappdreirad-faltbar\\\/\",\"url\":\"https:\\\/\\\/cioelectro.com\\\/produkt\\\/dreirad-24-20-mit-3-gang-klappdreirad-faltbar\\\/\",\"name\":\"Dreirad 24-20 mit 3-Gang Klappdreirad faltbar\",\"isPartOf\":{\"@id\":\"https:\\\/\\\/cioelectro.com\\\/#website\"},\"primaryImageOfPage\":{\"@id\":\"https:\\\/\\\/cioelectro.com\\\/produkt\\\/dreirad-24-20-mit-3-gang-klappdreirad-faltbar\\\/#primaryimage\"},\"image\":{\"@id\":\"https:\\\/\\\/cioelectro.com\\\/produkt\\\/dreirad-24-20-mit-3-gang-klappdreirad-faltbar\\\/#primaryimage\"},\"thumbnailUrl\":\"https:\\\/\\\/cioelectro.com\\\/wp-content\\\/uploads\\\/2023\\\/06\\\/540d58dd15bdd83ca46d8277425a4526.webp\",\"datePublished\":\"2022-12-06T11:35:54+00:00\",\"dateModified\":\"2023-08-10T18:03:59+00:00\",\"description\":\"Entdecken Sie unseren Online-Fahrradladen: Gro\u00dfe Auswahl an Modellen f\u00fcr alle Radsportbegeisterten. Von Rennr\u00e4dern bis zu Mountainbikes - finden Sie heute Ihren perfekten Wegbegleiter!\",\"breadcrumb\":{\"@id\":\"https:\\\/\\\/cioelectro.com\\\/produkt\\\/dreirad-24-20-mit-3-gang-klappdreirad-faltbar\\\/#breadcrumb\"},\"inLanguage\":\"en-US\",\"potentialAction\":[{\"@type\":\"ReadAction\",\"target\":[\"https:\\\/\\\/cioelectro.com\\\/produkt\\\/dreirad-24-20-mit-3-gang-klappdreirad-faltbar\\\/\"]}]},{\"@type\":\"ImageObject\",\"inLanguage\":\"en-US\",\"@id\":\"https:\\\/\\\/cioelectro.com\\\/produkt\\\/dreirad-24-20-mit-3-gang-klappdreirad-faltbar\\\/#primaryimage\",\"url\":\"https:\\\/\\\/cioelectro.com\\\/wp-content\\\/uploads\\\/2023\\\/06\\\/540d58dd15bdd83ca46d8277425a4526.webp\",\"contentUrl\":\"https:\\\/\\\/cioelectro.com\\\/wp-content\\\/uploads\\\/2023\\\/06\\\/540d58dd15bdd83ca46d8277425a4526.webp\",\"width\":2048,\"height\":1391,\"caption\":\"Dreirad 24-20 mit 3-Gang Klappdreirad faltbar\"},{\"@type\":\"BreadcrumbList\",\"@id\":\"https:\\\/\\\/cioelectro.com\\\/produkt\\\/dreirad-24-20-mit-3-gang-klappdreirad-faltbar\\\/#breadcrumb\",\"itemListElement\":[{\"@type\":\"ListItem\",\"position\":1,\"name\":\"Startseite\",\"item\":\"https:\\\/\\\/cioelectro.com\\\/\"},{\"@type\":\"ListItem\",\"position\":2,\"name\":\"LADEN\",\"item\":\"https:\\\/\\\/cioelectro.com\\\/laden\\\/\"},{\"@type\":\"ListItem\",\"position\":3,\"name\":\"Dreirad 24-20 mit 3-Gang Klappdreirad faltbar\"}]},{\"@type\":\"WebSite\",\"@id\":\"https:\\\/\\\/cioelectro.com\\\/#website\",\"url\":\"https:\\\/\\\/cioelectro.com\\\/\",\"name\":\"cioelectro.com\",\"description\":\"Treten Sie mit uns ins Abenteuer!\",\"publisher\":{\"@id\":\"https:\\\/\\\/cioelectro.com\\\/#organization\"},\"alternateName\":\"MEIN RADLADEN\",\"potentialAction\":[{\"@type\":\"SearchAction\",\"target\":{\"@type\":\"EntryPoint\",\"urlTemplate\":\"https:\\\/\\\/cioelectro.com\\\/?s={search_term_string}\"},\"query-input\":{\"@type\":\"PropertyValueSpecification\",\"valueRequired\":true,\"valueName\":\"search_term_string\"}}],\"inLanguage\":\"en-US\"},{\"@type\":\"Organization\",\"@id\":\"https:\\\/\\\/cioelectro.com\\\/#organization\",\"name\":\"CIOELECTRO\",\"alternateName\":\"MEIN RADLADEN\",\"url\":\"https:\\\/\\\/cioelectro.com\\\/\",\"logo\":{\"@type\":\"ImageObject\",\"inLanguage\":\"en-US\",\"@id\":\"https:\\\/\\\/cioelectro.com\\\/#\\\/schema\\\/logo\\\/image\\\/\",\"url\":\"https:\\\/\\\/cioelectro.com\\\/wp-content\\\/uploads\\\/2025\\\/12\\\/Logo-2-1200x800.png\",\"contentUrl\":\"https:\\\/\\\/cioelectro.com\\\/wp-content\\\/uploads\\\/2025\\\/12\\\/Logo-2-1200x800.png\",\"width\":1200,\"height\":800,\"caption\":\"CIOELECTRO\"},\"image\":{\"@id\":\"https:\\\/\\\/cioelectro.com\\\/#\\\/schema\\\/logo\\\/image\\\/\"}}]}<\/script>\n<!-- \/ Yoast SEO Premium plugin. -->","yoast_head_json":{"title":"Dreirad 24-20 mit 3-Gang Klappdreirad faltbar","description":"Entdecken Sie unseren Online-Fahrradladen: Gro\u00dfe Auswahl an Modellen f\u00fcr alle Radsportbegeisterten. Von Rennr\u00e4dern bis zu Mountainbikes - finden Sie heute Ihren perfekten Wegbegleiter!","robots":{"index":"index","follow":"follow","max-snippet":"max-snippet:-1","max-image-preview":"max-image-preview:large","max-video-preview":"max-video-preview:-1"},"canonical":"https:\/\/cioelectro.com\/en\/produkt\/dreirad-24-20-mit-3-gang-klappdreirad-faltbar\/","og_locale":"en_US","og_type":"article","og_title":"Dreirad 24-20 mit 3-Gang Klappdreirad faltbar","og_description":"Entdecken Sie unseren Online-Fahrradladen: Gro\u00dfe Auswahl an Modellen f\u00fcr alle Radsportbegeisterten. Von Rennr\u00e4dern bis zu Mountainbikes - finden Sie heute Ihren perfekten Wegbegleiter!","og_url":"https:\/\/cioelectro.com\/en\/produkt\/dreirad-24-20-mit-3-gang-klappdreirad-faltbar\/","og_site_name":"cioelectro.com","article_modified_time":"2023-08-10T18:03:59+00:00","og_image":[{"width":2048,"height":1391,"url":"https:\/\/cioelectro.com\/wp-content\/uploads\/2023\/06\/540d58dd15bdd83ca46d8277425a4526.webp","type":"image\/webp"}],"twitter_card":"summary_large_image","twitter_misc":{"Est. reading time":"2 minutes"},"schema":{"@context":"https:\/\/schema.org","@graph":[{"@type":"WebPage","@id":"https:\/\/cioelectro.com\/produkt\/dreirad-24-20-mit-3-gang-klappdreirad-faltbar\/","url":"https:\/\/cioelectro.com\/produkt\/dreirad-24-20-mit-3-gang-klappdreirad-faltbar\/","name":"Dreirad 24-20 mit 3-Gang Klappdreirad faltbar","isPartOf":{"@id":"https:\/\/cioelectro.com\/#website"},"primaryImageOfPage":{"@id":"https:\/\/cioelectro.com\/produkt\/dreirad-24-20-mit-3-gang-klappdreirad-faltbar\/#primaryimage"},"image":{"@id":"https:\/\/cioelectro.com\/produkt\/dreirad-24-20-mit-3-gang-klappdreirad-faltbar\/#primaryimage"},"thumbnailUrl":"https:\/\/cioelectro.com\/wp-content\/uploads\/2023\/06\/540d58dd15bdd83ca46d8277425a4526.webp","datePublished":"2022-12-06T11:35:54+00:00","dateModified":"2023-08-10T18:03:59+00:00","description":"Entdecken Sie unseren Online-Fahrradladen: Gro\u00dfe Auswahl an Modellen f\u00fcr alle Radsportbegeisterten. Von Rennr\u00e4dern bis zu Mountainbikes - finden Sie heute Ihren perfekten Wegbegleiter!","breadcrumb":{"@id":"https:\/\/cioelectro.com\/produkt\/dreirad-24-20-mit-3-gang-klappdreirad-faltbar\/#breadcrumb"},"inLanguage":"en-US","potentialAction":[{"@type":"ReadAction","target":["https:\/\/cioelectro.com\/produkt\/dreirad-24-20-mit-3-gang-klappdreirad-faltbar\/"]}]},{"@type":"ImageObject","inLanguage":"en-US","@id":"https:\/\/cioelectro.com\/produkt\/dreirad-24-20-mit-3-gang-klappdreirad-faltbar\/#primaryimage","url":"https:\/\/cioelectro.com\/wp-content\/uploads\/2023\/06\/540d58dd15bdd83ca46d8277425a4526.webp","contentUrl":"https:\/\/cioelectro.com\/wp-content\/uploads\/2023\/06\/540d58dd15bdd83ca46d8277425a4526.webp","width":2048,"height":1391,"caption":"Dreirad 24-20 mit 3-Gang Klappdreirad faltbar"},{"@type":"BreadcrumbList","@id":"https:\/\/cioelectro.com\/produkt\/dreirad-24-20-mit-3-gang-klappdreirad-faltbar\/#breadcrumb","itemListElement":[{"@type":"ListItem","position":1,"name":"Startseite","item":"https:\/\/cioelectro.com\/"},{"@type":"ListItem","position":2,"name":"LADEN","item":"https:\/\/cioelectro.com\/laden\/"},{"@type":"ListItem","position":3,"name":"Dreirad 24-20 mit 3-Gang Klappdreirad faltbar"}]},{"@type":"WebSite","@id":"https:\/\/cioelectro.com\/#website","url":"https:\/\/cioelectro.com\/","name":"cioelectro.com","description":"Treten Sie mit uns ins Abenteuer!","publisher":{"@id":"https:\/\/cioelectro.com\/#organization"},"alternateName":"MEIN RADLADEN","potentialAction":[{"@type":"SearchAction","target":{"@type":"EntryPoint","urlTemplate":"https:\/\/cioelectro.com\/?s={search_term_string}"},"query-input":{"@type":"PropertyValueSpecification","valueRequired":true,"valueName":"search_term_string"}}],"inLanguage":"en-US"},{"@type":"Organization","@id":"https:\/\/cioelectro.com\/#organization","name":"CIOELECTRO","alternateName":"MEIN RADLADEN","url":"https:\/\/cioelectro.com\/","logo":{"@type":"ImageObject","inLanguage":"en-US","@id":"https:\/\/cioelectro.com\/#\/schema\/logo\/image\/","url":"https:\/\/cioelectro.com\/wp-content\/uploads\/2025\/12\/Logo-2-1200x800.png","contentUrl":"https:\/\/cioelectro.com\/wp-content\/uploads\/2025\/12\/Logo-2-1200x800.png","width":1200,"height":800,"caption":"CIOELECTRO"},"image":{"@id":"https:\/\/cioelectro.com\/#\/schema\/logo\/image\/"}}]}},"_links":{"self":[{"href":"https:\/\/cioelectro.com\/en\/wp-json\/wp\/v2\/product\/48224","targetHints":{"allow":["GET"]}}],"collection":[{"href":"https:\/\/cioelectro.com\/en\/wp-json\/wp\/v2\/product"}],"about":[{"href":"https:\/\/cioelectro.com\/en\/wp-json\/wp\/v2\/types\/product"}],"replies":[{"embeddable":true,"href":"https:\/\/cioelectro.com\/en\/wp-json\/wp\/v2\/comments?post=48224"}],"version-history":[{"count":0,"href":"https:\/\/cioelectro.com\/en\/wp-json\/wp\/v2\/product\/48224\/revisions"}],"wp:featuredmedia":[{"embeddable":true,"href":"https:\/\/cioelectro.com\/en\/wp-json\/wp\/v2\/media\/64594"}],"wp:attachment":[{"href":"https:\/\/cioelectro.com\/en\/wp-json\/wp\/v2\/media?parent=48224"}],"wp:term":[{"taxonomy":"product_brand","embeddable":true,"href":"https:\/\/cioelectro.com\/en\/wp-json\/wp\/v2\/product_brand?post=48224"},{"taxonomy":"product_cat","embeddable":true,"href":"https:\/\/cioelectro.com\/en\/wp-json\/wp\/v2\/product_cat?post=48224"},{"taxonomy":"product_tag","embeddable":true,"href":"https:\/\/cioelectro.com\/en\/wp-json\/wp\/v2\/product_tag?post=48224"}],"curies":[{"name":"wp","href":"https:\/\/api.w.org\/{rel}","templated":true}]}}