{"id":48266,"date":"2022-12-06T12:49:09","date_gmt":"2022-12-06T11:49:09","guid":{"rendered":"https:\/\/meinradladen.com\/?post_type=product&#038;p=48266"},"modified":"2023-08-10T20:03:31","modified_gmt":"2023-08-10T18:03:31","slug":"goetze-28-zoll-eco-fahrrad-damenfahrrad-herrenfahrrad-citybike-schwarz","status":"publish","type":"product","link":"https:\/\/cioelectro.com\/en\/produkt\/goetze-28-zoll-eco-fahrrad-damenfahrrad-herrenfahrrad-citybike-schwarz\/","title":{"rendered":"Goetze 28 Zoll Eco Fahrrad Damenfahrrad Citybike Schwarz"},"content":{"rendered":"<h2>Goetze 28 Zoll Eco Fahrrad Damenfahrrad Herrenfahrrad Citybike Schwarz<\/h2>\n<p>Goetze 28 Zoll Eco ist ein stylisches Citybike, das Ihren Alltag zu einem aussergew\u00f6hnlichen und aufregenden Erlebnis werden l\u00e4sst.<br \/>\nAttraktives Design, das eine einzigartige Mischung aus Stil, Eleganz und Pragmatismus ist.<\/p>\n<div>Dr\u00fccken Sie Ihren einzigartigen Stil aus und w\u00e4hlen Sie Goetze.<\/div>\n<div><\/div>\n<div>\n<div>\n<h3>Spezifikation:<\/h3>\n<ul>\n<li>Stahlrahmen<\/li>\n<li>Rahmengr\u00f6\u00dfe 18 &#8220;<\/li>\n<li>Alufelgen 28 &#8220;<\/li>\n<li>LED-Batteriebeleuchtung<\/li>\n<li>Anzahl der G\u00e4nge 0<\/li>\n<li>Unterst\u00fctzung auf Maschinenlagern<\/li>\n<li>Bremse vorne \/ hinten V-Bremse \/ Torpedo (an Pedalen)<\/li>\n<li>VELOSTEEL Nabe<\/li>\n<li>Reifen 28&#215;1,75<\/li>\n<li>Sattel breit auf Federn<\/li>\n<li>profilierte Griffe<\/li>\n<\/ul>\n<\/div>\n<\/div>","protected":false},"excerpt":{"rendered":"<p>Goetze 28 Zoll Eco Fahrrad Damenfahrrad Herrenfahrrad Citybike Schwarz Goetze 28 Zoll Eco ist ein stylisches Citybike, das Ihren Alltag<\/p>","protected":false},"featured_media":64618,"comment_status":"open","ping_status":"closed","template":"","meta":{"_rtcl_gb_attr":""},"product_brand":[],"product_cat":[33,34],"product_tag":[],"class_list":{"0":"post-48266","1":"product","2":"type-product","3":"status-publish","4":"has-post-thumbnail","6":"product_cat-e-bike","7":"product_cat-e-bike-city-urban","8":"pa_marke-goetze","10":"first","11":"instock","12":"taxable","13":"shipping-taxable","14":"purchasable","15":"product-type-variable"},"yoast_head":"<!-- This site is optimized with the Yoast SEO Premium plugin v20.12 (Yoast SEO v27.4) - https:\/\/yoast.com\/product\/yoast-seo-premium-wordpress\/ -->\n<title>Goetze 28 Zoll Eco Fahrrad Damenfahrrad Citybike Schwarz<\/title>\n<meta name=\"description\" content=\"Entdecken Sie unseren Online-Fahrradladen: Gro\u00dfe Auswahl an Modellen f\u00fcr alle Radsportbegeisterten. Von Rennr\u00e4dern bis zu Mountainbikes - finden Sie heute Ihren perfekten Wegbegleiter!\" \/>\n<meta name=\"robots\" content=\"index, follow, max-snippet:-1, max-image-preview:large, max-video-preview:-1\" \/>\n<link rel=\"canonical\" href=\"https:\/\/cioelectro.com\/en\/produkt\/goetze-28-zoll-eco-fahrrad-damenfahrrad-herrenfahrrad-citybike-schwarz\/\" \/>\n<meta property=\"og:locale\" content=\"en_US\" \/>\n<meta property=\"og:type\" content=\"article\" \/>\n<meta property=\"og:title\" content=\"Goetze 28 Zoll Eco Fahrrad Damenfahrrad Citybike Schwarz\" \/>\n<meta property=\"og:description\" content=\"Entdecken Sie unseren Online-Fahrradladen: Gro\u00dfe Auswahl an Modellen f\u00fcr alle Radsportbegeisterten. Von Rennr\u00e4dern bis zu Mountainbikes - finden Sie heute Ihren perfekten Wegbegleiter!\" \/>\n<meta property=\"og:url\" content=\"https:\/\/cioelectro.com\/en\/produkt\/goetze-28-zoll-eco-fahrrad-damenfahrrad-herrenfahrrad-citybike-schwarz\/\" \/>\n<meta property=\"og:site_name\" content=\"cioelectro.com\" \/>\n<meta property=\"article:modified_time\" content=\"2023-08-10T18:03:31+00:00\" \/>\n<meta property=\"og:image\" content=\"https:\/\/cioelectro.com\/wp-content\/uploads\/2023\/06\/3af7907a751999577aa1b8cf524aa1b4-1.webp\" \/>\n\t<meta property=\"og:image:width\" content=\"2048\" \/>\n\t<meta property=\"og:image:height\" content=\"1478\" \/>\n\t<meta property=\"og:image:type\" content=\"image\/webp\" \/>\n<meta name=\"twitter:card\" content=\"summary_large_image\" \/>\n<meta name=\"twitter:label1\" content=\"Est. reading time\" \/>\n\t<meta name=\"twitter:data1\" content=\"1 minute\" \/>\n<script type=\"application\/ld+json\" class=\"yoast-schema-graph\">{\"@context\":\"https:\\\/\\\/schema.org\",\"@graph\":[{\"@type\":\"WebPage\",\"@id\":\"https:\\\/\\\/cioelectro.com\\\/produkt\\\/goetze-28-zoll-eco-fahrrad-damenfahrrad-herrenfahrrad-citybike-schwarz\\\/\",\"url\":\"https:\\\/\\\/cioelectro.com\\\/produkt\\\/goetze-28-zoll-eco-fahrrad-damenfahrrad-herrenfahrrad-citybike-schwarz\\\/\",\"name\":\"Goetze 28 Zoll Eco Fahrrad Damenfahrrad Citybike Schwarz\",\"isPartOf\":{\"@id\":\"https:\\\/\\\/cioelectro.com\\\/#website\"},\"primaryImageOfPage\":{\"@id\":\"https:\\\/\\\/cioelectro.com\\\/produkt\\\/goetze-28-zoll-eco-fahrrad-damenfahrrad-herrenfahrrad-citybike-schwarz\\\/#primaryimage\"},\"image\":{\"@id\":\"https:\\\/\\\/cioelectro.com\\\/produkt\\\/goetze-28-zoll-eco-fahrrad-damenfahrrad-herrenfahrrad-citybike-schwarz\\\/#primaryimage\"},\"thumbnailUrl\":\"https:\\\/\\\/cioelectro.com\\\/wp-content\\\/uploads\\\/2023\\\/06\\\/3af7907a751999577aa1b8cf524aa1b4-1.webp\",\"datePublished\":\"2022-12-06T11:49:09+00:00\",\"dateModified\":\"2023-08-10T18:03:31+00:00\",\"description\":\"Entdecken Sie unseren Online-Fahrradladen: Gro\u00dfe Auswahl an Modellen f\u00fcr alle Radsportbegeisterten. Von Rennr\u00e4dern bis zu Mountainbikes - finden Sie heute Ihren perfekten Wegbegleiter!\",\"breadcrumb\":{\"@id\":\"https:\\\/\\\/cioelectro.com\\\/produkt\\\/goetze-28-zoll-eco-fahrrad-damenfahrrad-herrenfahrrad-citybike-schwarz\\\/#breadcrumb\"},\"inLanguage\":\"en-US\",\"potentialAction\":[{\"@type\":\"ReadAction\",\"target\":[\"https:\\\/\\\/cioelectro.com\\\/produkt\\\/goetze-28-zoll-eco-fahrrad-damenfahrrad-herrenfahrrad-citybike-schwarz\\\/\"]}]},{\"@type\":\"ImageObject\",\"inLanguage\":\"en-US\",\"@id\":\"https:\\\/\\\/cioelectro.com\\\/produkt\\\/goetze-28-zoll-eco-fahrrad-damenfahrrad-herrenfahrrad-citybike-schwarz\\\/#primaryimage\",\"url\":\"https:\\\/\\\/cioelectro.com\\\/wp-content\\\/uploads\\\/2023\\\/06\\\/3af7907a751999577aa1b8cf524aa1b4-1.webp\",\"contentUrl\":\"https:\\\/\\\/cioelectro.com\\\/wp-content\\\/uploads\\\/2023\\\/06\\\/3af7907a751999577aa1b8cf524aa1b4-1.webp\",\"width\":2048,\"height\":1478,\"caption\":\"Goetze 28 Zoll Eco Fahrrad Damenfahrrad Herrenfahrrad Citybike Schwarz\"},{\"@type\":\"BreadcrumbList\",\"@id\":\"https:\\\/\\\/cioelectro.com\\\/produkt\\\/goetze-28-zoll-eco-fahrrad-damenfahrrad-herrenfahrrad-citybike-schwarz\\\/#breadcrumb\",\"itemListElement\":[{\"@type\":\"ListItem\",\"position\":1,\"name\":\"Startseite\",\"item\":\"https:\\\/\\\/cioelectro.com\\\/\"},{\"@type\":\"ListItem\",\"position\":2,\"name\":\"LADEN\",\"item\":\"https:\\\/\\\/cioelectro.com\\\/laden\\\/\"},{\"@type\":\"ListItem\",\"position\":3,\"name\":\"Goetze 28 Zoll Eco Fahrrad Damenfahrrad Citybike Schwarz\"}]},{\"@type\":\"WebSite\",\"@id\":\"https:\\\/\\\/cioelectro.com\\\/#website\",\"url\":\"https:\\\/\\\/cioelectro.com\\\/\",\"name\":\"cioelectro.com\",\"description\":\"Treten Sie mit uns ins Abenteuer!\",\"publisher\":{\"@id\":\"https:\\\/\\\/cioelectro.com\\\/#organization\"},\"alternateName\":\"MEIN RADLADEN\",\"potentialAction\":[{\"@type\":\"SearchAction\",\"target\":{\"@type\":\"EntryPoint\",\"urlTemplate\":\"https:\\\/\\\/cioelectro.com\\\/?s={search_term_string}\"},\"query-input\":{\"@type\":\"PropertyValueSpecification\",\"valueRequired\":true,\"valueName\":\"search_term_string\"}}],\"inLanguage\":\"en-US\"},{\"@type\":\"Organization\",\"@id\":\"https:\\\/\\\/cioelectro.com\\\/#organization\",\"name\":\"CIOELECTRO\",\"alternateName\":\"MEIN RADLADEN\",\"url\":\"https:\\\/\\\/cioelectro.com\\\/\",\"logo\":{\"@type\":\"ImageObject\",\"inLanguage\":\"en-US\",\"@id\":\"https:\\\/\\\/cioelectro.com\\\/#\\\/schema\\\/logo\\\/image\\\/\",\"url\":\"https:\\\/\\\/cioelectro.com\\\/wp-content\\\/uploads\\\/2025\\\/12\\\/Logo-2-1200x800.png\",\"contentUrl\":\"https:\\\/\\\/cioelectro.com\\\/wp-content\\\/uploads\\\/2025\\\/12\\\/Logo-2-1200x800.png\",\"width\":1200,\"height\":800,\"caption\":\"CIOELECTRO\"},\"image\":{\"@id\":\"https:\\\/\\\/cioelectro.com\\\/#\\\/schema\\\/logo\\\/image\\\/\"}}]}<\/script>\n<!-- \/ Yoast SEO Premium plugin. -->","yoast_head_json":{"title":"Goetze 28 Zoll Eco Fahrrad Damenfahrrad Citybike Schwarz","description":"Entdecken Sie unseren Online-Fahrradladen: Gro\u00dfe Auswahl an Modellen f\u00fcr alle Radsportbegeisterten. Von Rennr\u00e4dern bis zu Mountainbikes - finden Sie heute Ihren perfekten Wegbegleiter!","robots":{"index":"index","follow":"follow","max-snippet":"max-snippet:-1","max-image-preview":"max-image-preview:large","max-video-preview":"max-video-preview:-1"},"canonical":"https:\/\/cioelectro.com\/en\/produkt\/goetze-28-zoll-eco-fahrrad-damenfahrrad-herrenfahrrad-citybike-schwarz\/","og_locale":"en_US","og_type":"article","og_title":"Goetze 28 Zoll Eco Fahrrad Damenfahrrad Citybike Schwarz","og_description":"Entdecken Sie unseren Online-Fahrradladen: Gro\u00dfe Auswahl an Modellen f\u00fcr alle Radsportbegeisterten. Von Rennr\u00e4dern bis zu Mountainbikes - finden Sie heute Ihren perfekten Wegbegleiter!","og_url":"https:\/\/cioelectro.com\/en\/produkt\/goetze-28-zoll-eco-fahrrad-damenfahrrad-herrenfahrrad-citybike-schwarz\/","og_site_name":"cioelectro.com","article_modified_time":"2023-08-10T18:03:31+00:00","og_image":[{"width":2048,"height":1478,"url":"https:\/\/cioelectro.com\/wp-content\/uploads\/2023\/06\/3af7907a751999577aa1b8cf524aa1b4-1.webp","type":"image\/webp"}],"twitter_card":"summary_large_image","twitter_misc":{"Est. reading time":"1 minute"},"schema":{"@context":"https:\/\/schema.org","@graph":[{"@type":"WebPage","@id":"https:\/\/cioelectro.com\/produkt\/goetze-28-zoll-eco-fahrrad-damenfahrrad-herrenfahrrad-citybike-schwarz\/","url":"https:\/\/cioelectro.com\/produkt\/goetze-28-zoll-eco-fahrrad-damenfahrrad-herrenfahrrad-citybike-schwarz\/","name":"Goetze 28 Zoll Eco Fahrrad Damenfahrrad Citybike Schwarz","isPartOf":{"@id":"https:\/\/cioelectro.com\/#website"},"primaryImageOfPage":{"@id":"https:\/\/cioelectro.com\/produkt\/goetze-28-zoll-eco-fahrrad-damenfahrrad-herrenfahrrad-citybike-schwarz\/#primaryimage"},"image":{"@id":"https:\/\/cioelectro.com\/produkt\/goetze-28-zoll-eco-fahrrad-damenfahrrad-herrenfahrrad-citybike-schwarz\/#primaryimage"},"thumbnailUrl":"https:\/\/cioelectro.com\/wp-content\/uploads\/2023\/06\/3af7907a751999577aa1b8cf524aa1b4-1.webp","datePublished":"2022-12-06T11:49:09+00:00","dateModified":"2023-08-10T18:03:31+00:00","description":"Entdecken Sie unseren Online-Fahrradladen: Gro\u00dfe Auswahl an Modellen f\u00fcr alle Radsportbegeisterten. Von Rennr\u00e4dern bis zu Mountainbikes - finden Sie heute Ihren perfekten Wegbegleiter!","breadcrumb":{"@id":"https:\/\/cioelectro.com\/produkt\/goetze-28-zoll-eco-fahrrad-damenfahrrad-herrenfahrrad-citybike-schwarz\/#breadcrumb"},"inLanguage":"en-US","potentialAction":[{"@type":"ReadAction","target":["https:\/\/cioelectro.com\/produkt\/goetze-28-zoll-eco-fahrrad-damenfahrrad-herrenfahrrad-citybike-schwarz\/"]}]},{"@type":"ImageObject","inLanguage":"en-US","@id":"https:\/\/cioelectro.com\/produkt\/goetze-28-zoll-eco-fahrrad-damenfahrrad-herrenfahrrad-citybike-schwarz\/#primaryimage","url":"https:\/\/cioelectro.com\/wp-content\/uploads\/2023\/06\/3af7907a751999577aa1b8cf524aa1b4-1.webp","contentUrl":"https:\/\/cioelectro.com\/wp-content\/uploads\/2023\/06\/3af7907a751999577aa1b8cf524aa1b4-1.webp","width":2048,"height":1478,"caption":"Goetze 28 Zoll Eco Fahrrad Damenfahrrad Herrenfahrrad Citybike Schwarz"},{"@type":"BreadcrumbList","@id":"https:\/\/cioelectro.com\/produkt\/goetze-28-zoll-eco-fahrrad-damenfahrrad-herrenfahrrad-citybike-schwarz\/#breadcrumb","itemListElement":[{"@type":"ListItem","position":1,"name":"Startseite","item":"https:\/\/cioelectro.com\/"},{"@type":"ListItem","position":2,"name":"LADEN","item":"https:\/\/cioelectro.com\/laden\/"},{"@type":"ListItem","position":3,"name":"Goetze 28 Zoll Eco Fahrrad Damenfahrrad Citybike Schwarz"}]},{"@type":"WebSite","@id":"https:\/\/cioelectro.com\/#website","url":"https:\/\/cioelectro.com\/","name":"cioelectro.com","description":"Treten Sie mit uns ins Abenteuer!","publisher":{"@id":"https:\/\/cioelectro.com\/#organization"},"alternateName":"MEIN RADLADEN","potentialAction":[{"@type":"SearchAction","target":{"@type":"EntryPoint","urlTemplate":"https:\/\/cioelectro.com\/?s={search_term_string}"},"query-input":{"@type":"PropertyValueSpecification","valueRequired":true,"valueName":"search_term_string"}}],"inLanguage":"en-US"},{"@type":"Organization","@id":"https:\/\/cioelectro.com\/#organization","name":"CIOELECTRO","alternateName":"MEIN RADLADEN","url":"https:\/\/cioelectro.com\/","logo":{"@type":"ImageObject","inLanguage":"en-US","@id":"https:\/\/cioelectro.com\/#\/schema\/logo\/image\/","url":"https:\/\/cioelectro.com\/wp-content\/uploads\/2025\/12\/Logo-2-1200x800.png","contentUrl":"https:\/\/cioelectro.com\/wp-content\/uploads\/2025\/12\/Logo-2-1200x800.png","width":1200,"height":800,"caption":"CIOELECTRO"},"image":{"@id":"https:\/\/cioelectro.com\/#\/schema\/logo\/image\/"}}]}},"_links":{"self":[{"href":"https:\/\/cioelectro.com\/en\/wp-json\/wp\/v2\/product\/48266","targetHints":{"allow":["GET"]}}],"collection":[{"href":"https:\/\/cioelectro.com\/en\/wp-json\/wp\/v2\/product"}],"about":[{"href":"https:\/\/cioelectro.com\/en\/wp-json\/wp\/v2\/types\/product"}],"replies":[{"embeddable":true,"href":"https:\/\/cioelectro.com\/en\/wp-json\/wp\/v2\/comments?post=48266"}],"version-history":[{"count":0,"href":"https:\/\/cioelectro.com\/en\/wp-json\/wp\/v2\/product\/48266\/revisions"}],"wp:featuredmedia":[{"embeddable":true,"href":"https:\/\/cioelectro.com\/en\/wp-json\/wp\/v2\/media\/64618"}],"wp:attachment":[{"href":"https:\/\/cioelectro.com\/en\/wp-json\/wp\/v2\/media?parent=48266"}],"wp:term":[{"taxonomy":"product_brand","embeddable":true,"href":"https:\/\/cioelectro.com\/en\/wp-json\/wp\/v2\/product_brand?post=48266"},{"taxonomy":"product_cat","embeddable":true,"href":"https:\/\/cioelectro.com\/en\/wp-json\/wp\/v2\/product_cat?post=48266"},{"taxonomy":"product_tag","embeddable":true,"href":"https:\/\/cioelectro.com\/en\/wp-json\/wp\/v2\/product_tag?post=48266"}],"curies":[{"name":"wp","href":"https:\/\/api.w.org\/{rel}","templated":true}]}}