{"id":48284,"date":"2022-12-06T14:59:26","date_gmt":"2022-12-06T13:59:26","guid":{"rendered":"https:\/\/meinradladen.com\/?post_type=product&#038;p=48284"},"modified":"2023-08-10T20:03:02","modified_gmt":"2023-08-10T18:03:02","slug":"sidney-urbanbiker-city-e-bike-28-504-wh-akku-unisex-city-pedelec-250w","status":"publish","type":"product","link":"https:\/\/cioelectro.com\/en\/produkt\/sidney-urbanbiker-city-e-bike-28-504-wh-akku-unisex-city-pedelec-250w\/","title":{"rendered":"Sidney Urbanbiker City E-Bike 28&#8243; 504 Wh Akku, Unisex City"},"content":{"rendered":"<h2 class=\"rd-title\" title=\"Sidney Urbanbiker City E-Bike 28&quot; 504 Wh Akku, Unisex City Pedelec 250W Motor| Farbe: schwarz\">Sidney Urbanbiker City E-Bike 28&#8243; 504 Wh Akku, Unisex City Pedelec 250W Motor| Farbe: schwarz<\/h2>\n<div class=\"rd-below-title-details\">\n<p>Noch nie war es so einfach, sich in der Stadt zurechtzufinden wie mit das Sidney Urbanbiker City E-Bike, dank seines innovative Formangestaltung. Dieses E-Bike Modell verf\u00fcgt \u00fcber ergonomische Oberfl\u00e4chen wie einen Lenker im niederl\u00e4ndischen Stil, der eine geradlinigere und komfortablere Fahrposition erm\u00f6glicht, einen Selle Royal Gel Sattel und eine vordere Federung, alles, was Sie f\u00fcr ein komfortables und angenehmes Fahren ben\u00f6tigen.<\/p>\n<p><strong>AKKU<\/strong><\/p>\n<p>Vergessen Sie die gro\u00dfen, kurzhaltbare Akku. Die Lithium-ION Batterie mit Samsung-Zellen gibt Ihnen mehr Reichweite und weniger Gewicht, um ein wendiges E-Bike zu genie\u00dfen. 504 Wh Akku (36V und 14 Ah), mit Ladeger\u00e4t inklusive und das im ECO-Modus Ihnen erm\u00f6glicht bis zu 90 km zu erreichen.<\/p>\n<p><strong>MOTOR<\/strong><\/p>\n<p>Das Motor des Sidney E-Bike kann eine Leistung von 250W entwickeln und der F.O.C. Controller bietet ein stabileres und progressiveres Gef\u00fchl beim Radfahren. Dar\u00fcber hinaus verf\u00fcgt dieses Elektrofahrrad \u00fcber einen zugelassenen Gep\u00e4cktr\u00e4ger, der eine Last von bis zu 25 kg aufnehmen kann, um Ihre Bed\u00fcrfnisse so weit wie m\u00f6glich zu erf\u00fcllen.<\/p>\n<p><strong>HYDRAULISCHE SCHEIBENBREMSEN<\/strong><\/p>\n<p>Genie\u00dfen Sie ein reibungsloses Abbremsen dank den hydraulischen Scheibenbremsen, die durch ihrer hervorragenden Anpassung an jede Wetterlage die Sicherheit und das Vertrauen auf der Stra\u00dfe deutlich verbessern.<\/p>\n<p><strong>DISPLAY<\/strong><\/p>\n<p>2,5 Zoll LCD Display das 5 Unterst\u00fctzungsstufen bietet. Zudem ist es mit zahlreichen Funktionen ausgestattet, zum Beispiel ein Tachometer, Kilometerz\u00e4hler, genaue Geschwindigkeitsinformationen und 6 km\/h walk mode. Es verf\u00fcgt \u00fcber eine Hintergrundbeleuchtung, um eine bessere Bildqualit\u00e4t zu erzielen.<\/p>\n<\/div>","protected":false},"excerpt":{"rendered":"<p>Sidney Urbanbiker City E-Bike 28&#8243; 504 Wh Akku, Unisex City Pedelec 250W Motor| Farbe: schwarz Noch nie war es so<\/p>","protected":false},"featured_media":64623,"comment_status":"open","ping_status":"closed","template":"","meta":{"_rtcl_gb_attr":""},"product_brand":[],"product_cat":[33,34],"product_tag":[],"class_list":{"0":"post-48284","1":"product","2":"type-product","3":"status-publish","4":"has-post-thumbnail","6":"product_cat-e-bike","7":"product_cat-e-bike-city-urban","8":"pa_marke-sidney","10":"first","11":"instock","12":"taxable","13":"shipping-taxable","14":"purchasable","15":"product-type-variable"},"yoast_head":"<!-- This site is optimized with the Yoast SEO Premium plugin v20.12 (Yoast SEO v27.4) - https:\/\/yoast.com\/product\/yoast-seo-premium-wordpress\/ -->\n<title>Sidney Urbanbiker City E-Bike 28&quot; 504 Wh Akku, Unisex City<\/title>\n<meta name=\"description\" content=\"Entdecken Sie unseren Online-Fahrradladen: Gro\u00dfe Auswahl an Modellen f\u00fcr alle Radsportbegeisterten. Von Rennr\u00e4dern bis zu Mountainbikes - finden Sie heute Ihren perfekten Wegbegleiter!\" \/>\n<meta name=\"robots\" content=\"index, follow, max-snippet:-1, max-image-preview:large, max-video-preview:-1\" \/>\n<link rel=\"canonical\" href=\"https:\/\/cioelectro.com\/en\/produkt\/sidney-urbanbiker-city-e-bike-28-504-wh-akku-unisex-city-pedelec-250w\/\" \/>\n<meta property=\"og:locale\" content=\"en_US\" \/>\n<meta property=\"og:type\" content=\"article\" \/>\n<meta property=\"og:title\" content=\"Sidney Urbanbiker City E-Bike 28&quot; 504 Wh Akku, Unisex City\" \/>\n<meta property=\"og:description\" content=\"Entdecken Sie unseren Online-Fahrradladen: Gro\u00dfe Auswahl an Modellen f\u00fcr alle Radsportbegeisterten. Von Rennr\u00e4dern bis zu Mountainbikes - finden Sie heute Ihren perfekten Wegbegleiter!\" \/>\n<meta property=\"og:url\" content=\"https:\/\/cioelectro.com\/en\/produkt\/sidney-urbanbiker-city-e-bike-28-504-wh-akku-unisex-city-pedelec-250w\/\" \/>\n<meta property=\"og:site_name\" content=\"cioelectro.com\" \/>\n<meta property=\"article:modified_time\" content=\"2023-08-10T18:03:02+00:00\" \/>\n<meta property=\"og:image\" content=\"https:\/\/cioelectro.com\/wp-content\/uploads\/2023\/06\/a949ec9cdb9264b90d4156dc0961c9b0.webp\" \/>\n\t<meta property=\"og:image:width\" content=\"2048\" \/>\n\t<meta property=\"og:image:height\" content=\"2048\" \/>\n\t<meta property=\"og:image:type\" content=\"image\/webp\" \/>\n<meta name=\"twitter:card\" content=\"summary_large_image\" \/>\n<meta name=\"twitter:label1\" content=\"Est. reading time\" \/>\n\t<meta name=\"twitter:data1\" content=\"2 minutes\" \/>\n<script type=\"application\/ld+json\" class=\"yoast-schema-graph\">{\"@context\":\"https:\\\/\\\/schema.org\",\"@graph\":[{\"@type\":\"WebPage\",\"@id\":\"https:\\\/\\\/cioelectro.com\\\/produkt\\\/sidney-urbanbiker-city-e-bike-28-504-wh-akku-unisex-city-pedelec-250w\\\/\",\"url\":\"https:\\\/\\\/cioelectro.com\\\/produkt\\\/sidney-urbanbiker-city-e-bike-28-504-wh-akku-unisex-city-pedelec-250w\\\/\",\"name\":\"Sidney Urbanbiker City E-Bike 28\\\" 504 Wh Akku, Unisex City\",\"isPartOf\":{\"@id\":\"https:\\\/\\\/cioelectro.com\\\/#website\"},\"primaryImageOfPage\":{\"@id\":\"https:\\\/\\\/cioelectro.com\\\/produkt\\\/sidney-urbanbiker-city-e-bike-28-504-wh-akku-unisex-city-pedelec-250w\\\/#primaryimage\"},\"image\":{\"@id\":\"https:\\\/\\\/cioelectro.com\\\/produkt\\\/sidney-urbanbiker-city-e-bike-28-504-wh-akku-unisex-city-pedelec-250w\\\/#primaryimage\"},\"thumbnailUrl\":\"https:\\\/\\\/cioelectro.com\\\/wp-content\\\/uploads\\\/2023\\\/06\\\/a949ec9cdb9264b90d4156dc0961c9b0.webp\",\"datePublished\":\"2022-12-06T13:59:26+00:00\",\"dateModified\":\"2023-08-10T18:03:02+00:00\",\"description\":\"Entdecken Sie unseren Online-Fahrradladen: Gro\u00dfe Auswahl an Modellen f\u00fcr alle Radsportbegeisterten. Von Rennr\u00e4dern bis zu Mountainbikes - finden Sie heute Ihren perfekten Wegbegleiter!\",\"breadcrumb\":{\"@id\":\"https:\\\/\\\/cioelectro.com\\\/produkt\\\/sidney-urbanbiker-city-e-bike-28-504-wh-akku-unisex-city-pedelec-250w\\\/#breadcrumb\"},\"inLanguage\":\"en-US\",\"potentialAction\":[{\"@type\":\"ReadAction\",\"target\":[\"https:\\\/\\\/cioelectro.com\\\/produkt\\\/sidney-urbanbiker-city-e-bike-28-504-wh-akku-unisex-city-pedelec-250w\\\/\"]}]},{\"@type\":\"ImageObject\",\"inLanguage\":\"en-US\",\"@id\":\"https:\\\/\\\/cioelectro.com\\\/produkt\\\/sidney-urbanbiker-city-e-bike-28-504-wh-akku-unisex-city-pedelec-250w\\\/#primaryimage\",\"url\":\"https:\\\/\\\/cioelectro.com\\\/wp-content\\\/uploads\\\/2023\\\/06\\\/a949ec9cdb9264b90d4156dc0961c9b0.webp\",\"contentUrl\":\"https:\\\/\\\/cioelectro.com\\\/wp-content\\\/uploads\\\/2023\\\/06\\\/a949ec9cdb9264b90d4156dc0961c9b0.webp\",\"width\":2048,\"height\":2048,\"caption\":\"Sidney Urbanbiker City E-Bike 28\\\" 504 Wh Akku\"},{\"@type\":\"BreadcrumbList\",\"@id\":\"https:\\\/\\\/cioelectro.com\\\/produkt\\\/sidney-urbanbiker-city-e-bike-28-504-wh-akku-unisex-city-pedelec-250w\\\/#breadcrumb\",\"itemListElement\":[{\"@type\":\"ListItem\",\"position\":1,\"name\":\"Startseite\",\"item\":\"https:\\\/\\\/cioelectro.com\\\/\"},{\"@type\":\"ListItem\",\"position\":2,\"name\":\"LADEN\",\"item\":\"https:\\\/\\\/cioelectro.com\\\/laden\\\/\"},{\"@type\":\"ListItem\",\"position\":3,\"name\":\"Sidney Urbanbiker City E-Bike 28&#8243; 504 Wh Akku, Unisex City\"}]},{\"@type\":\"WebSite\",\"@id\":\"https:\\\/\\\/cioelectro.com\\\/#website\",\"url\":\"https:\\\/\\\/cioelectro.com\\\/\",\"name\":\"cioelectro.com\",\"description\":\"Treten Sie mit uns ins Abenteuer!\",\"publisher\":{\"@id\":\"https:\\\/\\\/cioelectro.com\\\/#organization\"},\"alternateName\":\"MEIN RADLADEN\",\"potentialAction\":[{\"@type\":\"SearchAction\",\"target\":{\"@type\":\"EntryPoint\",\"urlTemplate\":\"https:\\\/\\\/cioelectro.com\\\/?s={search_term_string}\"},\"query-input\":{\"@type\":\"PropertyValueSpecification\",\"valueRequired\":true,\"valueName\":\"search_term_string\"}}],\"inLanguage\":\"en-US\"},{\"@type\":\"Organization\",\"@id\":\"https:\\\/\\\/cioelectro.com\\\/#organization\",\"name\":\"CIOELECTRO\",\"alternateName\":\"MEIN RADLADEN\",\"url\":\"https:\\\/\\\/cioelectro.com\\\/\",\"logo\":{\"@type\":\"ImageObject\",\"inLanguage\":\"en-US\",\"@id\":\"https:\\\/\\\/cioelectro.com\\\/#\\\/schema\\\/logo\\\/image\\\/\",\"url\":\"https:\\\/\\\/cioelectro.com\\\/wp-content\\\/uploads\\\/2025\\\/12\\\/Logo-2-1200x800.png\",\"contentUrl\":\"https:\\\/\\\/cioelectro.com\\\/wp-content\\\/uploads\\\/2025\\\/12\\\/Logo-2-1200x800.png\",\"width\":1200,\"height\":800,\"caption\":\"CIOELECTRO\"},\"image\":{\"@id\":\"https:\\\/\\\/cioelectro.com\\\/#\\\/schema\\\/logo\\\/image\\\/\"}}]}<\/script>\n<!-- \/ Yoast SEO Premium plugin. -->","yoast_head_json":{"title":"Sidney Urbanbiker City E-Bike 28\" 504 Wh Akku, Unisex City","description":"Entdecken Sie unseren Online-Fahrradladen: Gro\u00dfe Auswahl an Modellen f\u00fcr alle Radsportbegeisterten. Von Rennr\u00e4dern bis zu Mountainbikes - finden Sie heute Ihren perfekten Wegbegleiter!","robots":{"index":"index","follow":"follow","max-snippet":"max-snippet:-1","max-image-preview":"max-image-preview:large","max-video-preview":"max-video-preview:-1"},"canonical":"https:\/\/cioelectro.com\/en\/produkt\/sidney-urbanbiker-city-e-bike-28-504-wh-akku-unisex-city-pedelec-250w\/","og_locale":"en_US","og_type":"article","og_title":"Sidney Urbanbiker City E-Bike 28\" 504 Wh Akku, Unisex City","og_description":"Entdecken Sie unseren Online-Fahrradladen: Gro\u00dfe Auswahl an Modellen f\u00fcr alle Radsportbegeisterten. Von Rennr\u00e4dern bis zu Mountainbikes - finden Sie heute Ihren perfekten Wegbegleiter!","og_url":"https:\/\/cioelectro.com\/en\/produkt\/sidney-urbanbiker-city-e-bike-28-504-wh-akku-unisex-city-pedelec-250w\/","og_site_name":"cioelectro.com","article_modified_time":"2023-08-10T18:03:02+00:00","og_image":[{"width":2048,"height":2048,"url":"https:\/\/cioelectro.com\/wp-content\/uploads\/2023\/06\/a949ec9cdb9264b90d4156dc0961c9b0.webp","type":"image\/webp"}],"twitter_card":"summary_large_image","twitter_misc":{"Est. reading time":"2 minutes"},"schema":{"@context":"https:\/\/schema.org","@graph":[{"@type":"WebPage","@id":"https:\/\/cioelectro.com\/produkt\/sidney-urbanbiker-city-e-bike-28-504-wh-akku-unisex-city-pedelec-250w\/","url":"https:\/\/cioelectro.com\/produkt\/sidney-urbanbiker-city-e-bike-28-504-wh-akku-unisex-city-pedelec-250w\/","name":"Sidney Urbanbiker City E-Bike 28\" 504 Wh Akku, Unisex City","isPartOf":{"@id":"https:\/\/cioelectro.com\/#website"},"primaryImageOfPage":{"@id":"https:\/\/cioelectro.com\/produkt\/sidney-urbanbiker-city-e-bike-28-504-wh-akku-unisex-city-pedelec-250w\/#primaryimage"},"image":{"@id":"https:\/\/cioelectro.com\/produkt\/sidney-urbanbiker-city-e-bike-28-504-wh-akku-unisex-city-pedelec-250w\/#primaryimage"},"thumbnailUrl":"https:\/\/cioelectro.com\/wp-content\/uploads\/2023\/06\/a949ec9cdb9264b90d4156dc0961c9b0.webp","datePublished":"2022-12-06T13:59:26+00:00","dateModified":"2023-08-10T18:03:02+00:00","description":"Entdecken Sie unseren Online-Fahrradladen: Gro\u00dfe Auswahl an Modellen f\u00fcr alle Radsportbegeisterten. Von Rennr\u00e4dern bis zu Mountainbikes - finden Sie heute Ihren perfekten Wegbegleiter!","breadcrumb":{"@id":"https:\/\/cioelectro.com\/produkt\/sidney-urbanbiker-city-e-bike-28-504-wh-akku-unisex-city-pedelec-250w\/#breadcrumb"},"inLanguage":"en-US","potentialAction":[{"@type":"ReadAction","target":["https:\/\/cioelectro.com\/produkt\/sidney-urbanbiker-city-e-bike-28-504-wh-akku-unisex-city-pedelec-250w\/"]}]},{"@type":"ImageObject","inLanguage":"en-US","@id":"https:\/\/cioelectro.com\/produkt\/sidney-urbanbiker-city-e-bike-28-504-wh-akku-unisex-city-pedelec-250w\/#primaryimage","url":"https:\/\/cioelectro.com\/wp-content\/uploads\/2023\/06\/a949ec9cdb9264b90d4156dc0961c9b0.webp","contentUrl":"https:\/\/cioelectro.com\/wp-content\/uploads\/2023\/06\/a949ec9cdb9264b90d4156dc0961c9b0.webp","width":2048,"height":2048,"caption":"Sidney Urbanbiker City E-Bike 28\" 504 Wh Akku"},{"@type":"BreadcrumbList","@id":"https:\/\/cioelectro.com\/produkt\/sidney-urbanbiker-city-e-bike-28-504-wh-akku-unisex-city-pedelec-250w\/#breadcrumb","itemListElement":[{"@type":"ListItem","position":1,"name":"Startseite","item":"https:\/\/cioelectro.com\/"},{"@type":"ListItem","position":2,"name":"LADEN","item":"https:\/\/cioelectro.com\/laden\/"},{"@type":"ListItem","position":3,"name":"Sidney Urbanbiker City E-Bike 28&#8243; 504 Wh Akku, Unisex City"}]},{"@type":"WebSite","@id":"https:\/\/cioelectro.com\/#website","url":"https:\/\/cioelectro.com\/","name":"cioelectro.com","description":"Treten Sie mit uns ins Abenteuer!","publisher":{"@id":"https:\/\/cioelectro.com\/#organization"},"alternateName":"MEIN RADLADEN","potentialAction":[{"@type":"SearchAction","target":{"@type":"EntryPoint","urlTemplate":"https:\/\/cioelectro.com\/?s={search_term_string}"},"query-input":{"@type":"PropertyValueSpecification","valueRequired":true,"valueName":"search_term_string"}}],"inLanguage":"en-US"},{"@type":"Organization","@id":"https:\/\/cioelectro.com\/#organization","name":"CIOELECTRO","alternateName":"MEIN RADLADEN","url":"https:\/\/cioelectro.com\/","logo":{"@type":"ImageObject","inLanguage":"en-US","@id":"https:\/\/cioelectro.com\/#\/schema\/logo\/image\/","url":"https:\/\/cioelectro.com\/wp-content\/uploads\/2025\/12\/Logo-2-1200x800.png","contentUrl":"https:\/\/cioelectro.com\/wp-content\/uploads\/2025\/12\/Logo-2-1200x800.png","width":1200,"height":800,"caption":"CIOELECTRO"},"image":{"@id":"https:\/\/cioelectro.com\/#\/schema\/logo\/image\/"}}]}},"_links":{"self":[{"href":"https:\/\/cioelectro.com\/en\/wp-json\/wp\/v2\/product\/48284","targetHints":{"allow":["GET"]}}],"collection":[{"href":"https:\/\/cioelectro.com\/en\/wp-json\/wp\/v2\/product"}],"about":[{"href":"https:\/\/cioelectro.com\/en\/wp-json\/wp\/v2\/types\/product"}],"replies":[{"embeddable":true,"href":"https:\/\/cioelectro.com\/en\/wp-json\/wp\/v2\/comments?post=48284"}],"version-history":[{"count":0,"href":"https:\/\/cioelectro.com\/en\/wp-json\/wp\/v2\/product\/48284\/revisions"}],"wp:featuredmedia":[{"embeddable":true,"href":"https:\/\/cioelectro.com\/en\/wp-json\/wp\/v2\/media\/64623"}],"wp:attachment":[{"href":"https:\/\/cioelectro.com\/en\/wp-json\/wp\/v2\/media?parent=48284"}],"wp:term":[{"taxonomy":"product_brand","embeddable":true,"href":"https:\/\/cioelectro.com\/en\/wp-json\/wp\/v2\/product_brand?post=48284"},{"taxonomy":"product_cat","embeddable":true,"href":"https:\/\/cioelectro.com\/en\/wp-json\/wp\/v2\/product_cat?post=48284"},{"taxonomy":"product_tag","embeddable":true,"href":"https:\/\/cioelectro.com\/en\/wp-json\/wp\/v2\/product_tag?post=48284"}],"curies":[{"name":"wp","href":"https:\/\/api.w.org\/{rel}","templated":true}]}}