{"id":48298,"date":"2022-12-06T15:37:29","date_gmt":"2022-12-06T14:37:29","guid":{"rendered":"https:\/\/meinradladen.com\/?post_type=product&#038;p=48298"},"modified":"2023-08-10T20:02:49","modified_gmt":"2023-08-10T18:02:49","slug":"goetze-28-zoll-eco-fahrrad-damenfahrrad-herrenfahrrad-citybike-cappucino","status":"publish","type":"product","link":"https:\/\/cioelectro.com\/en\/produkt\/goetze-28-zoll-eco-fahrrad-damenfahrrad-herrenfahrrad-citybike-cappucino\/","title":{"rendered":"Goetze 28 Zoll Eco Fahrrad Damenfahrrad Herrenfahrrad"},"content":{"rendered":"<h2 class=\"rd-title\" title=\"Goetze 28 Zoll Eco Fahrrad Damenfahrrad Herrenfahrrad Citybike Cappucino Weidenkorb\">Goetze 28 Zoll Eco Fahrrad Damenfahrrad Herrenfahrrad Citybike Cappucino Weidenkorb<\/h2>\n<p>Goetze 28 Zoll Eco Fahrrad Damenfahrrad Herrenfahrrad Citybike Cappucino Weidenkorb<\/p>\n<p>Goetze ist ein stilvolles Stadtrad, das den Alltag zu einem ungew\u00f6hnlichen und aufregenden Erlebnis machen kann.<\/p>\n<p>Attraktives Design, das eine einzigartige Mischung aus Stil, Eleganz und Pragmatismus darstellt.<\/p>\n<p>Geben Sie Ihrem einzigartigen Stil Ausdruck und w\u00e4hlen Sie Goetze.<\/p>\n<p><strong>Spezifikation:<\/strong><\/p>\n<ul>\n<li>Stahlrahmen<\/li>\n<li>Rahmengr\u00f6\u00dfe 18 &#8220;<\/li>\n<li>Alufelgen 28 &#8220;<\/li>\n<li>LED-Batteriebeleuchtung<\/li>\n<li>Anzahl der G\u00e4nge 0<\/li>\n<li>Unterst\u00fctzung auf Maschinenlagern<\/li>\n<li>Bremse vorne \/ hinten V-Bremse \/ Torpedo (an Pedalen)<\/li>\n<li>VELOSTEEL Nabe<\/li>\n<li>Reifen 28&#215;1,75<\/li>\n<li>Sattel breit auf Federn<\/li>\n<li>profilierte Griffe<\/li>\n<\/ul>","protected":false},"excerpt":{"rendered":"<p>Goetze 28 Zoll Eco Fahrrad Damenfahrrad Herrenfahrrad Citybike Cappucino Weidenkorb Goetze 28 Zoll Eco Fahrrad Damenfahrrad Herrenfahrrad Citybike Cappucino Weidenkorb<\/p>","protected":false},"featured_media":64640,"comment_status":"open","ping_status":"closed","template":"","meta":{"_rtcl_gb_attr":""},"product_brand":[],"product_cat":[33,34],"product_tag":[],"class_list":{"0":"post-48298","1":"product","2":"type-product","3":"status-publish","4":"has-post-thumbnail","6":"product_cat-e-bike","7":"product_cat-e-bike-city-urban","8":"pa_marke-goetze","10":"first","11":"instock","12":"taxable","13":"shipping-taxable","14":"purchasable","15":"product-type-variable"},"yoast_head":"<!-- This site is optimized with the Yoast SEO Premium plugin v20.12 (Yoast SEO v27.4) - https:\/\/yoast.com\/product\/yoast-seo-premium-wordpress\/ -->\n<title>Goetze 28 Zoll Eco Fahrrad Damenfahrrad Herrenfahrrad<\/title>\n<meta name=\"description\" content=\"Entdecken Sie unseren Online-Fahrradladen: Gro\u00dfe Auswahl an Modellen f\u00fcr alle Radsportbegeisterten. Von Rennr\u00e4dern bis zu Mountainbikes - finden Sie heute Ihren perfekten Wegbegleiter!\" \/>\n<meta name=\"robots\" content=\"index, follow, max-snippet:-1, max-image-preview:large, max-video-preview:-1\" \/>\n<link rel=\"canonical\" href=\"https:\/\/cioelectro.com\/en\/produkt\/goetze-28-zoll-eco-fahrrad-damenfahrrad-herrenfahrrad-citybike-cappucino\/\" \/>\n<meta property=\"og:locale\" content=\"en_US\" \/>\n<meta property=\"og:type\" content=\"article\" \/>\n<meta property=\"og:title\" content=\"Goetze 28 Zoll Eco Fahrrad Damenfahrrad Herrenfahrrad\" \/>\n<meta property=\"og:description\" content=\"Entdecken Sie unseren Online-Fahrradladen: Gro\u00dfe Auswahl an Modellen f\u00fcr alle Radsportbegeisterten. Von Rennr\u00e4dern bis zu Mountainbikes - finden Sie heute Ihren perfekten Wegbegleiter!\" \/>\n<meta property=\"og:url\" content=\"https:\/\/cioelectro.com\/en\/produkt\/goetze-28-zoll-eco-fahrrad-damenfahrrad-herrenfahrrad-citybike-cappucino\/\" \/>\n<meta property=\"og:site_name\" content=\"cioelectro.com\" \/>\n<meta property=\"article:modified_time\" content=\"2023-08-10T18:02:49+00:00\" \/>\n<meta property=\"og:image\" content=\"https:\/\/cioelectro.com\/wp-content\/uploads\/2023\/06\/ec1e5baf101a9bd49a4cd6ba9c1be7d4.webp\" \/>\n\t<meta property=\"og:image:width\" content=\"2048\" \/>\n\t<meta property=\"og:image:height\" content=\"2048\" \/>\n\t<meta property=\"og:image:type\" content=\"image\/webp\" \/>\n<meta name=\"twitter:card\" content=\"summary_large_image\" \/>\n<meta name=\"twitter:label1\" content=\"Est. reading time\" \/>\n\t<meta name=\"twitter:data1\" content=\"1 minute\" \/>\n<script type=\"application\/ld+json\" class=\"yoast-schema-graph\">{\"@context\":\"https:\\\/\\\/schema.org\",\"@graph\":[{\"@type\":\"WebPage\",\"@id\":\"https:\\\/\\\/cioelectro.com\\\/produkt\\\/goetze-28-zoll-eco-fahrrad-damenfahrrad-herrenfahrrad-citybike-cappucino\\\/\",\"url\":\"https:\\\/\\\/cioelectro.com\\\/produkt\\\/goetze-28-zoll-eco-fahrrad-damenfahrrad-herrenfahrrad-citybike-cappucino\\\/\",\"name\":\"Goetze 28 Zoll Eco Fahrrad Damenfahrrad Herrenfahrrad\",\"isPartOf\":{\"@id\":\"https:\\\/\\\/cioelectro.com\\\/#website\"},\"primaryImageOfPage\":{\"@id\":\"https:\\\/\\\/cioelectro.com\\\/produkt\\\/goetze-28-zoll-eco-fahrrad-damenfahrrad-herrenfahrrad-citybike-cappucino\\\/#primaryimage\"},\"image\":{\"@id\":\"https:\\\/\\\/cioelectro.com\\\/produkt\\\/goetze-28-zoll-eco-fahrrad-damenfahrrad-herrenfahrrad-citybike-cappucino\\\/#primaryimage\"},\"thumbnailUrl\":\"https:\\\/\\\/cioelectro.com\\\/wp-content\\\/uploads\\\/2023\\\/06\\\/ec1e5baf101a9bd49a4cd6ba9c1be7d4.webp\",\"datePublished\":\"2022-12-06T14:37:29+00:00\",\"dateModified\":\"2023-08-10T18:02:49+00:00\",\"description\":\"Entdecken Sie unseren Online-Fahrradladen: Gro\u00dfe Auswahl an Modellen f\u00fcr alle Radsportbegeisterten. Von Rennr\u00e4dern bis zu Mountainbikes - finden Sie heute Ihren perfekten Wegbegleiter!\",\"breadcrumb\":{\"@id\":\"https:\\\/\\\/cioelectro.com\\\/produkt\\\/goetze-28-zoll-eco-fahrrad-damenfahrrad-herrenfahrrad-citybike-cappucino\\\/#breadcrumb\"},\"inLanguage\":\"en-US\",\"potentialAction\":[{\"@type\":\"ReadAction\",\"target\":[\"https:\\\/\\\/cioelectro.com\\\/produkt\\\/goetze-28-zoll-eco-fahrrad-damenfahrrad-herrenfahrrad-citybike-cappucino\\\/\"]}]},{\"@type\":\"ImageObject\",\"inLanguage\":\"en-US\",\"@id\":\"https:\\\/\\\/cioelectro.com\\\/produkt\\\/goetze-28-zoll-eco-fahrrad-damenfahrrad-herrenfahrrad-citybike-cappucino\\\/#primaryimage\",\"url\":\"https:\\\/\\\/cioelectro.com\\\/wp-content\\\/uploads\\\/2023\\\/06\\\/ec1e5baf101a9bd49a4cd6ba9c1be7d4.webp\",\"contentUrl\":\"https:\\\/\\\/cioelectro.com\\\/wp-content\\\/uploads\\\/2023\\\/06\\\/ec1e5baf101a9bd49a4cd6ba9c1be7d4.webp\",\"width\":2048,\"height\":2048,\"caption\":\"Goetze 28 Zoll Eco Fahrrad Damenfahrrad Herrenfahrrad Citybike Cappucino\"},{\"@type\":\"BreadcrumbList\",\"@id\":\"https:\\\/\\\/cioelectro.com\\\/produkt\\\/goetze-28-zoll-eco-fahrrad-damenfahrrad-herrenfahrrad-citybike-cappucino\\\/#breadcrumb\",\"itemListElement\":[{\"@type\":\"ListItem\",\"position\":1,\"name\":\"Startseite\",\"item\":\"https:\\\/\\\/cioelectro.com\\\/\"},{\"@type\":\"ListItem\",\"position\":2,\"name\":\"LADEN\",\"item\":\"https:\\\/\\\/cioelectro.com\\\/laden\\\/\"},{\"@type\":\"ListItem\",\"position\":3,\"name\":\"Goetze 28 Zoll Eco Fahrrad Damenfahrrad Herrenfahrrad\"}]},{\"@type\":\"WebSite\",\"@id\":\"https:\\\/\\\/cioelectro.com\\\/#website\",\"url\":\"https:\\\/\\\/cioelectro.com\\\/\",\"name\":\"cioelectro.com\",\"description\":\"Treten Sie mit uns ins Abenteuer!\",\"publisher\":{\"@id\":\"https:\\\/\\\/cioelectro.com\\\/#organization\"},\"alternateName\":\"MEIN RADLADEN\",\"potentialAction\":[{\"@type\":\"SearchAction\",\"target\":{\"@type\":\"EntryPoint\",\"urlTemplate\":\"https:\\\/\\\/cioelectro.com\\\/?s={search_term_string}\"},\"query-input\":{\"@type\":\"PropertyValueSpecification\",\"valueRequired\":true,\"valueName\":\"search_term_string\"}}],\"inLanguage\":\"en-US\"},{\"@type\":\"Organization\",\"@id\":\"https:\\\/\\\/cioelectro.com\\\/#organization\",\"name\":\"CIOELECTRO\",\"alternateName\":\"MEIN RADLADEN\",\"url\":\"https:\\\/\\\/cioelectro.com\\\/\",\"logo\":{\"@type\":\"ImageObject\",\"inLanguage\":\"en-US\",\"@id\":\"https:\\\/\\\/cioelectro.com\\\/#\\\/schema\\\/logo\\\/image\\\/\",\"url\":\"https:\\\/\\\/cioelectro.com\\\/wp-content\\\/uploads\\\/2025\\\/12\\\/Logo-2-1200x800.png\",\"contentUrl\":\"https:\\\/\\\/cioelectro.com\\\/wp-content\\\/uploads\\\/2025\\\/12\\\/Logo-2-1200x800.png\",\"width\":1200,\"height\":800,\"caption\":\"CIOELECTRO\"},\"image\":{\"@id\":\"https:\\\/\\\/cioelectro.com\\\/#\\\/schema\\\/logo\\\/image\\\/\"}}]}<\/script>\n<!-- \/ Yoast SEO Premium plugin. -->","yoast_head_json":{"title":"Goetze 28 Zoll Eco Fahrrad Damenfahrrad Herrenfahrrad","description":"Entdecken Sie unseren Online-Fahrradladen: Gro\u00dfe Auswahl an Modellen f\u00fcr alle Radsportbegeisterten. Von Rennr\u00e4dern bis zu Mountainbikes - finden Sie heute Ihren perfekten Wegbegleiter!","robots":{"index":"index","follow":"follow","max-snippet":"max-snippet:-1","max-image-preview":"max-image-preview:large","max-video-preview":"max-video-preview:-1"},"canonical":"https:\/\/cioelectro.com\/en\/produkt\/goetze-28-zoll-eco-fahrrad-damenfahrrad-herrenfahrrad-citybike-cappucino\/","og_locale":"en_US","og_type":"article","og_title":"Goetze 28 Zoll Eco Fahrrad Damenfahrrad Herrenfahrrad","og_description":"Entdecken Sie unseren Online-Fahrradladen: Gro\u00dfe Auswahl an Modellen f\u00fcr alle Radsportbegeisterten. Von Rennr\u00e4dern bis zu Mountainbikes - finden Sie heute Ihren perfekten Wegbegleiter!","og_url":"https:\/\/cioelectro.com\/en\/produkt\/goetze-28-zoll-eco-fahrrad-damenfahrrad-herrenfahrrad-citybike-cappucino\/","og_site_name":"cioelectro.com","article_modified_time":"2023-08-10T18:02:49+00:00","og_image":[{"width":2048,"height":2048,"url":"https:\/\/cioelectro.com\/wp-content\/uploads\/2023\/06\/ec1e5baf101a9bd49a4cd6ba9c1be7d4.webp","type":"image\/webp"}],"twitter_card":"summary_large_image","twitter_misc":{"Est. reading time":"1 minute"},"schema":{"@context":"https:\/\/schema.org","@graph":[{"@type":"WebPage","@id":"https:\/\/cioelectro.com\/produkt\/goetze-28-zoll-eco-fahrrad-damenfahrrad-herrenfahrrad-citybike-cappucino\/","url":"https:\/\/cioelectro.com\/produkt\/goetze-28-zoll-eco-fahrrad-damenfahrrad-herrenfahrrad-citybike-cappucino\/","name":"Goetze 28 Zoll Eco Fahrrad Damenfahrrad Herrenfahrrad","isPartOf":{"@id":"https:\/\/cioelectro.com\/#website"},"primaryImageOfPage":{"@id":"https:\/\/cioelectro.com\/produkt\/goetze-28-zoll-eco-fahrrad-damenfahrrad-herrenfahrrad-citybike-cappucino\/#primaryimage"},"image":{"@id":"https:\/\/cioelectro.com\/produkt\/goetze-28-zoll-eco-fahrrad-damenfahrrad-herrenfahrrad-citybike-cappucino\/#primaryimage"},"thumbnailUrl":"https:\/\/cioelectro.com\/wp-content\/uploads\/2023\/06\/ec1e5baf101a9bd49a4cd6ba9c1be7d4.webp","datePublished":"2022-12-06T14:37:29+00:00","dateModified":"2023-08-10T18:02:49+00:00","description":"Entdecken Sie unseren Online-Fahrradladen: Gro\u00dfe Auswahl an Modellen f\u00fcr alle Radsportbegeisterten. Von Rennr\u00e4dern bis zu Mountainbikes - finden Sie heute Ihren perfekten Wegbegleiter!","breadcrumb":{"@id":"https:\/\/cioelectro.com\/produkt\/goetze-28-zoll-eco-fahrrad-damenfahrrad-herrenfahrrad-citybike-cappucino\/#breadcrumb"},"inLanguage":"en-US","potentialAction":[{"@type":"ReadAction","target":["https:\/\/cioelectro.com\/produkt\/goetze-28-zoll-eco-fahrrad-damenfahrrad-herrenfahrrad-citybike-cappucino\/"]}]},{"@type":"ImageObject","inLanguage":"en-US","@id":"https:\/\/cioelectro.com\/produkt\/goetze-28-zoll-eco-fahrrad-damenfahrrad-herrenfahrrad-citybike-cappucino\/#primaryimage","url":"https:\/\/cioelectro.com\/wp-content\/uploads\/2023\/06\/ec1e5baf101a9bd49a4cd6ba9c1be7d4.webp","contentUrl":"https:\/\/cioelectro.com\/wp-content\/uploads\/2023\/06\/ec1e5baf101a9bd49a4cd6ba9c1be7d4.webp","width":2048,"height":2048,"caption":"Goetze 28 Zoll Eco Fahrrad Damenfahrrad Herrenfahrrad Citybike Cappucino"},{"@type":"BreadcrumbList","@id":"https:\/\/cioelectro.com\/produkt\/goetze-28-zoll-eco-fahrrad-damenfahrrad-herrenfahrrad-citybike-cappucino\/#breadcrumb","itemListElement":[{"@type":"ListItem","position":1,"name":"Startseite","item":"https:\/\/cioelectro.com\/"},{"@type":"ListItem","position":2,"name":"LADEN","item":"https:\/\/cioelectro.com\/laden\/"},{"@type":"ListItem","position":3,"name":"Goetze 28 Zoll Eco Fahrrad Damenfahrrad Herrenfahrrad"}]},{"@type":"WebSite","@id":"https:\/\/cioelectro.com\/#website","url":"https:\/\/cioelectro.com\/","name":"cioelectro.com","description":"Treten Sie mit uns ins Abenteuer!","publisher":{"@id":"https:\/\/cioelectro.com\/#organization"},"alternateName":"MEIN RADLADEN","potentialAction":[{"@type":"SearchAction","target":{"@type":"EntryPoint","urlTemplate":"https:\/\/cioelectro.com\/?s={search_term_string}"},"query-input":{"@type":"PropertyValueSpecification","valueRequired":true,"valueName":"search_term_string"}}],"inLanguage":"en-US"},{"@type":"Organization","@id":"https:\/\/cioelectro.com\/#organization","name":"CIOELECTRO","alternateName":"MEIN RADLADEN","url":"https:\/\/cioelectro.com\/","logo":{"@type":"ImageObject","inLanguage":"en-US","@id":"https:\/\/cioelectro.com\/#\/schema\/logo\/image\/","url":"https:\/\/cioelectro.com\/wp-content\/uploads\/2025\/12\/Logo-2-1200x800.png","contentUrl":"https:\/\/cioelectro.com\/wp-content\/uploads\/2025\/12\/Logo-2-1200x800.png","width":1200,"height":800,"caption":"CIOELECTRO"},"image":{"@id":"https:\/\/cioelectro.com\/#\/schema\/logo\/image\/"}}]}},"_links":{"self":[{"href":"https:\/\/cioelectro.com\/en\/wp-json\/wp\/v2\/product\/48298","targetHints":{"allow":["GET"]}}],"collection":[{"href":"https:\/\/cioelectro.com\/en\/wp-json\/wp\/v2\/product"}],"about":[{"href":"https:\/\/cioelectro.com\/en\/wp-json\/wp\/v2\/types\/product"}],"replies":[{"embeddable":true,"href":"https:\/\/cioelectro.com\/en\/wp-json\/wp\/v2\/comments?post=48298"}],"version-history":[{"count":0,"href":"https:\/\/cioelectro.com\/en\/wp-json\/wp\/v2\/product\/48298\/revisions"}],"wp:featuredmedia":[{"embeddable":true,"href":"https:\/\/cioelectro.com\/en\/wp-json\/wp\/v2\/media\/64640"}],"wp:attachment":[{"href":"https:\/\/cioelectro.com\/en\/wp-json\/wp\/v2\/media?parent=48298"}],"wp:term":[{"taxonomy":"product_brand","embeddable":true,"href":"https:\/\/cioelectro.com\/en\/wp-json\/wp\/v2\/product_brand?post=48298"},{"taxonomy":"product_cat","embeddable":true,"href":"https:\/\/cioelectro.com\/en\/wp-json\/wp\/v2\/product_cat?post=48298"},{"taxonomy":"product_tag","embeddable":true,"href":"https:\/\/cioelectro.com\/en\/wp-json\/wp\/v2\/product_tag?post=48298"}],"curies":[{"name":"wp","href":"https:\/\/api.w.org\/{rel}","templated":true}]}}