{"id":48305,"date":"2022-12-06T15:55:37","date_gmt":"2022-12-06T14:55:37","guid":{"rendered":"https:\/\/meinradladen.com\/?post_type=product&#038;p=48305"},"modified":"2023-08-10T20:02:31","modified_gmt":"2023-08-10T18:02:31","slug":"hawk-city-wave-deluxe-plus-grey-28","status":"publish","type":"product","link":"https:\/\/cioelectro.com\/en\/produkt\/hawk-city-wave-deluxe-plus-grey-28\/","title":{"rendered":"HAWK City Wave Deluxe Plus Grey : 28&#8243;"},"content":{"rendered":"<h2 class=\"rd-title\" title=\"HAWK City Wave Deluxe Plus Grey : 28&quot;\">HAWK City Wave Deluxe Plus Grey : 28&#8243;<\/h2>\n<p>Das Bike f\u00fcr die Dame mit Klasse. Das HAWK City Wave Deluxe bietet ein Maximum an Komfort und Sicherheit und ist nur mit besten Komponenten f\u00fcr eine sorgenfreie Fahrt ausgestattet. So stellen der leichte Aluminiumrahmen sowie eine perfekt auf den Rahmen abgestimmte Federgabel die Basis dieses tollen Stadtfahrrades dar. Und w\u00e4hrend eine robuste Shimano 7-Gang-Nabenschaltung bei kleinen und gro\u00dfen Anstiegen zuverl\u00e4ssig zur Seite steht, bieten der Gep\u00e4cktr\u00e4ger und der Shimano Nabendynamo ein Mehr an Komfort und Sicherheit. Als besonderes Highlight kommen Continental City Plus Reifen mit Pannenschutzeinlage zum Einsatz. Und somit steht einer dauerhaft sorgenfreien Fahrt nichts im Wege.<\/p>\n<table border=\"0\" cellspacing=\"0\" cellpadding=\"0\">\n<tbody>\n<tr>\n<td width=\"220\" height=\"20\">Kategorie<\/td>\n<td width=\"635\">City<\/td>\n<\/tr>\n<tr>\n<td width=\"220\" height=\"20\">Rahmen<\/td>\n<td>HAWK City Wave Alu<\/td>\n<\/tr>\n<tr>\n<td width=\"220\" height=\"20\">Rahmenh\u00f6he<\/td>\n<td>26&#8243; \/ 44 cm, 28&#8243; \/ 46 cm<\/td>\n<\/tr>\n<tr>\n<td width=\"220\" height=\"20\">Gabel<\/td>\n<td>Federgabel Zoom CH-120<\/td>\n<\/tr>\n<tr>\n<td width=\"220\" height=\"20\">Vorbau<\/td>\n<td>Kobra Alu Vario verstellbar<\/td>\n<\/tr>\n<tr>\n<td width=\"220\" height=\"20\">Lenker<\/td>\n<td>City 620 Ergo<\/td>\n<\/tr>\n<tr>\n<td width=\"220\" height=\"20\">Griffe<\/td>\n<td>Westphal Elipsis Ergo<\/td>\n<\/tr>\n<tr>\n<td width=\"220\" height=\"20\">Steuersatz<\/td>\n<td>Cartridge 1.1\/8<\/td>\n<\/tr>\n<tr>\n<td width=\"220\" height=\"20\">Sattel<\/td>\n<td>Wittkop Big City<\/td>\n<\/tr>\n<tr>\n<td width=\"220\" height=\"20\">Sattelst\u00fctze<\/td>\n<td>Patent Alu<\/td>\n<\/tr>\n<tr>\n<td width=\"220\" height=\"20\">Sattelklemme<\/td>\n<td>Klemmung Sechskant<\/td>\n<\/tr>\n<tr>\n<td width=\"220\" height=\"20\">Gesamtanzahl der G\u00e4nge<\/td>\n<td>7<\/td>\n<\/tr>\n<tr>\n<td width=\"220\" height=\"20\">Schalthebel<\/td>\n<td>Shimano Nexus 7-Gang Drehgriff<\/td>\n<\/tr>\n<tr>\n<td width=\"220\" height=\"20\">Schaltung<\/td>\n<td>Shimano Nexus 7-Gang Nabenschaltung<\/td>\n<\/tr>\n<tr>\n<td width=\"220\" height=\"20\">Kassette \/ Zahnkranz<\/td>\n<td>18T<\/td>\n<\/tr>\n<tr>\n<td width=\"220\" height=\"20\">Kette<\/td>\n<td>KMC<\/td>\n<\/tr>\n<tr>\n<td width=\"220\" height=\"20\">Kurbel<\/td>\n<td>KRG Schwarz 38T<\/td>\n<\/tr>\n<tr>\n<td width=\"220\" height=\"20\">Innenlager<\/td>\n<td>BSA Cartridge<\/td>\n<\/tr>\n<tr>\n<td width=\"220\" height=\"20\">Pedale<\/td>\n<td>City Flat<\/td>\n<\/tr>\n<tr>\n<td width=\"220\" height=\"20\">Bremse vorne<\/td>\n<td>V-Brake<\/td>\n<\/tr>\n<tr>\n<td width=\"220\" height=\"20\">Bremse hinten<\/td>\n<td>V-Brake + R\u00fccktritt<\/td>\n<\/tr>\n<tr>\n<td width=\"220\" height=\"20\">Hinterradnabe<\/td>\n<td>Shimano Nexus 7-Gang Nabenschaltung<\/td>\n<\/tr>\n<tr>\n<td width=\"220\" height=\"20\">Vorderradnabe<\/td>\n<td>Shimano Nabendynamo<\/td>\n<\/tr>\n<tr>\n<td width=\"220\" height=\"20\">Speichen<\/td>\n<td>Nirosta<\/td>\n<\/tr>\n<tr>\n<td width=\"220\" height=\"20\">Felgen<\/td>\n<td>Sch\u00fcrmann Hochbettfelge Alu<\/td>\n<\/tr>\n<tr>\n<td width=\"220\" height=\"20\">Reifen<\/td>\n<td>Continental City Plus 26 \/ 28 x 1.75<\/td>\n<\/tr>\n<tr>\n<td width=\"220\" height=\"20\">Schutzbleche<\/td>\n<td>Schwarz mit Spoiler<\/td>\n<\/tr>\n<tr>\n<td width=\"220\" height=\"20\">Beleuchtung vorne<\/td>\n<td>City Light 25 Lux<\/td>\n<\/tr>\n<tr>\n<td width=\"220\" height=\"20\">Beleuchtung hinten<\/td>\n<td>Blueline Light<\/td>\n<\/tr>\n<tr>\n<td width=\"220\" height=\"20\">Dynamo<\/td>\n<td>Shimano Nabendynamo<\/td>\n<\/tr>\n<tr>\n<td width=\"220\" height=\"20\">Gep\u00e4cktr\u00e4ger<\/td>\n<td>Dreistreben Gep\u00e4cktr\u00e4ger, schwarz<\/td>\n<\/tr>\n<tr>\n<td width=\"220\" height=\"20\">Kettenschutz<\/td>\n<td>Kettenschutz Kunststoff<\/td>\n<\/tr>\n<tr>\n<td width=\"220\" height=\"20\">St\u00e4nder<\/td>\n<td>Seitenst\u00e4nder verstellbar, schwarz<\/td>\n<\/tr>\n<tr>\n<td width=\"220\" height=\"20\">Zubeh\u00f6r<\/td>\n<td>Drahtkorb mit Klicksystem, Sattelschoner, Klingel Minibell<\/td>\n<\/tr>\n<tr>\n<td width=\"220\" height=\"20\">Farbe<\/td>\n<td>Grau<\/td>\n<\/tr>\n<tr>\n<td width=\"220\" height=\"20\">Gewicht ab<\/td>\n<td>18,9 kg<\/td>\n<\/tr>\n<tr>\n<td width=\"220\" height=\"20\">Zul\u00e4ssiges Gesamtgewicht<\/td>\n<td>120 kg<\/td>\n<\/tr>\n<tr>\n<td width=\"220\" height=\"20\">Ausstattung gem\u00e4\u00df StVZO<\/td>\n<td>Ja<\/td>\n<\/tr>\n<\/tbody>\n<\/table>","protected":false},"excerpt":{"rendered":"<p>HAWK City Wave Deluxe Plus Grey : 28&#8243; Das Bike f\u00fcr die Dame mit Klasse. Das HAWK City Wave Deluxe<\/p>","protected":false},"featured_media":64643,"comment_status":"open","ping_status":"closed","template":"","meta":{"_rtcl_gb_attr":""},"product_brand":[],"product_cat":[33,34],"product_tag":[],"class_list":{"0":"post-48305","1":"product","2":"type-product","3":"status-publish","4":"has-post-thumbnail","6":"product_cat-e-bike","7":"product_cat-e-bike-city-urban","8":"pa_marke-hawk","10":"first","11":"instock","12":"taxable","13":"shipping-taxable","14":"purchasable","15":"product-type-variable"},"yoast_head":"<!-- This site is optimized with the Yoast SEO Premium plugin v20.12 (Yoast SEO v27.4) - https:\/\/yoast.com\/product\/yoast-seo-premium-wordpress\/ -->\n<title>HAWK City Wave Deluxe Plus Grey : 28&quot;<\/title>\n<meta name=\"description\" content=\"Entdecken Sie unseren Online-Fahrradladen: Gro\u00dfe Auswahl an Modellen f\u00fcr alle Radsportbegeisterten. Von Rennr\u00e4dern bis zu Mountainbikes - finden Sie heute Ihren perfekten Wegbegleiter!\" \/>\n<meta name=\"robots\" content=\"index, follow, max-snippet:-1, max-image-preview:large, max-video-preview:-1\" \/>\n<link rel=\"canonical\" href=\"https:\/\/cioelectro.com\/en\/produkt\/hawk-city-wave-deluxe-plus-grey-28\/\" \/>\n<meta property=\"og:locale\" content=\"en_US\" \/>\n<meta property=\"og:type\" content=\"article\" \/>\n<meta property=\"og:title\" content=\"HAWK City Wave Deluxe Plus Grey : 28&quot;\" \/>\n<meta property=\"og:description\" content=\"Entdecken Sie unseren Online-Fahrradladen: Gro\u00dfe Auswahl an Modellen f\u00fcr alle Radsportbegeisterten. Von Rennr\u00e4dern bis zu Mountainbikes - finden Sie heute Ihren perfekten Wegbegleiter!\" \/>\n<meta property=\"og:url\" content=\"https:\/\/cioelectro.com\/en\/produkt\/hawk-city-wave-deluxe-plus-grey-28\/\" \/>\n<meta property=\"og:site_name\" content=\"cioelectro.com\" \/>\n<meta property=\"article:modified_time\" content=\"2023-08-10T18:02:31+00:00\" \/>\n<meta property=\"og:image\" content=\"https:\/\/cioelectro.com\/wp-content\/uploads\/2023\/06\/24b8eb51471aac699b9a89dfffa9a0d1.webp\" \/>\n\t<meta property=\"og:image:width\" content=\"2048\" \/>\n\t<meta property=\"og:image:height\" content=\"1365\" \/>\n\t<meta property=\"og:image:type\" content=\"image\/webp\" \/>\n<meta name=\"twitter:card\" content=\"summary_large_image\" \/>\n<meta name=\"twitter:label1\" content=\"Est. reading time\" \/>\n\t<meta name=\"twitter:data1\" content=\"2 minutes\" \/>\n<script type=\"application\/ld+json\" class=\"yoast-schema-graph\">{\"@context\":\"https:\\\/\\\/schema.org\",\"@graph\":[{\"@type\":\"WebPage\",\"@id\":\"https:\\\/\\\/cioelectro.com\\\/produkt\\\/hawk-city-wave-deluxe-plus-grey-28\\\/\",\"url\":\"https:\\\/\\\/cioelectro.com\\\/produkt\\\/hawk-city-wave-deluxe-plus-grey-28\\\/\",\"name\":\"HAWK City Wave Deluxe Plus Grey : 28\\\"\",\"isPartOf\":{\"@id\":\"https:\\\/\\\/cioelectro.com\\\/#website\"},\"primaryImageOfPage\":{\"@id\":\"https:\\\/\\\/cioelectro.com\\\/produkt\\\/hawk-city-wave-deluxe-plus-grey-28\\\/#primaryimage\"},\"image\":{\"@id\":\"https:\\\/\\\/cioelectro.com\\\/produkt\\\/hawk-city-wave-deluxe-plus-grey-28\\\/#primaryimage\"},\"thumbnailUrl\":\"https:\\\/\\\/cioelectro.com\\\/wp-content\\\/uploads\\\/2023\\\/06\\\/24b8eb51471aac699b9a89dfffa9a0d1.webp\",\"datePublished\":\"2022-12-06T14:55:37+00:00\",\"dateModified\":\"2023-08-10T18:02:31+00:00\",\"description\":\"Entdecken Sie unseren Online-Fahrradladen: Gro\u00dfe Auswahl an Modellen f\u00fcr alle Radsportbegeisterten. Von Rennr\u00e4dern bis zu Mountainbikes - finden Sie heute Ihren perfekten Wegbegleiter!\",\"breadcrumb\":{\"@id\":\"https:\\\/\\\/cioelectro.com\\\/produkt\\\/hawk-city-wave-deluxe-plus-grey-28\\\/#breadcrumb\"},\"inLanguage\":\"en-US\",\"potentialAction\":[{\"@type\":\"ReadAction\",\"target\":[\"https:\\\/\\\/cioelectro.com\\\/produkt\\\/hawk-city-wave-deluxe-plus-grey-28\\\/\"]}]},{\"@type\":\"ImageObject\",\"inLanguage\":\"en-US\",\"@id\":\"https:\\\/\\\/cioelectro.com\\\/produkt\\\/hawk-city-wave-deluxe-plus-grey-28\\\/#primaryimage\",\"url\":\"https:\\\/\\\/cioelectro.com\\\/wp-content\\\/uploads\\\/2023\\\/06\\\/24b8eb51471aac699b9a89dfffa9a0d1.webp\",\"contentUrl\":\"https:\\\/\\\/cioelectro.com\\\/wp-content\\\/uploads\\\/2023\\\/06\\\/24b8eb51471aac699b9a89dfffa9a0d1.webp\",\"width\":2048,\"height\":1365,\"caption\":\"HAWK City Wave Deluxe Plus Grey\"},{\"@type\":\"BreadcrumbList\",\"@id\":\"https:\\\/\\\/cioelectro.com\\\/produkt\\\/hawk-city-wave-deluxe-plus-grey-28\\\/#breadcrumb\",\"itemListElement\":[{\"@type\":\"ListItem\",\"position\":1,\"name\":\"Startseite\",\"item\":\"https:\\\/\\\/cioelectro.com\\\/\"},{\"@type\":\"ListItem\",\"position\":2,\"name\":\"LADEN\",\"item\":\"https:\\\/\\\/cioelectro.com\\\/laden\\\/\"},{\"@type\":\"ListItem\",\"position\":3,\"name\":\"HAWK City Wave Deluxe Plus Grey : 28&#8243;\"}]},{\"@type\":\"WebSite\",\"@id\":\"https:\\\/\\\/cioelectro.com\\\/#website\",\"url\":\"https:\\\/\\\/cioelectro.com\\\/\",\"name\":\"cioelectro.com\",\"description\":\"Treten Sie mit uns ins Abenteuer!\",\"publisher\":{\"@id\":\"https:\\\/\\\/cioelectro.com\\\/#organization\"},\"alternateName\":\"MEIN RADLADEN\",\"potentialAction\":[{\"@type\":\"SearchAction\",\"target\":{\"@type\":\"EntryPoint\",\"urlTemplate\":\"https:\\\/\\\/cioelectro.com\\\/?s={search_term_string}\"},\"query-input\":{\"@type\":\"PropertyValueSpecification\",\"valueRequired\":true,\"valueName\":\"search_term_string\"}}],\"inLanguage\":\"en-US\"},{\"@type\":\"Organization\",\"@id\":\"https:\\\/\\\/cioelectro.com\\\/#organization\",\"name\":\"CIOELECTRO\",\"alternateName\":\"MEIN RADLADEN\",\"url\":\"https:\\\/\\\/cioelectro.com\\\/\",\"logo\":{\"@type\":\"ImageObject\",\"inLanguage\":\"en-US\",\"@id\":\"https:\\\/\\\/cioelectro.com\\\/#\\\/schema\\\/logo\\\/image\\\/\",\"url\":\"https:\\\/\\\/cioelectro.com\\\/wp-content\\\/uploads\\\/2025\\\/12\\\/Logo-2-1200x800.png\",\"contentUrl\":\"https:\\\/\\\/cioelectro.com\\\/wp-content\\\/uploads\\\/2025\\\/12\\\/Logo-2-1200x800.png\",\"width\":1200,\"height\":800,\"caption\":\"CIOELECTRO\"},\"image\":{\"@id\":\"https:\\\/\\\/cioelectro.com\\\/#\\\/schema\\\/logo\\\/image\\\/\"}}]}<\/script>\n<!-- \/ Yoast SEO Premium plugin. -->","yoast_head_json":{"title":"HAWK City Wave Deluxe Plus Grey : 28\"","description":"Entdecken Sie unseren Online-Fahrradladen: Gro\u00dfe Auswahl an Modellen f\u00fcr alle Radsportbegeisterten. Von Rennr\u00e4dern bis zu Mountainbikes - finden Sie heute Ihren perfekten Wegbegleiter!","robots":{"index":"index","follow":"follow","max-snippet":"max-snippet:-1","max-image-preview":"max-image-preview:large","max-video-preview":"max-video-preview:-1"},"canonical":"https:\/\/cioelectro.com\/en\/produkt\/hawk-city-wave-deluxe-plus-grey-28\/","og_locale":"en_US","og_type":"article","og_title":"HAWK City Wave Deluxe Plus Grey : 28\"","og_description":"Entdecken Sie unseren Online-Fahrradladen: Gro\u00dfe Auswahl an Modellen f\u00fcr alle Radsportbegeisterten. Von Rennr\u00e4dern bis zu Mountainbikes - finden Sie heute Ihren perfekten Wegbegleiter!","og_url":"https:\/\/cioelectro.com\/en\/produkt\/hawk-city-wave-deluxe-plus-grey-28\/","og_site_name":"cioelectro.com","article_modified_time":"2023-08-10T18:02:31+00:00","og_image":[{"width":2048,"height":1365,"url":"https:\/\/cioelectro.com\/wp-content\/uploads\/2023\/06\/24b8eb51471aac699b9a89dfffa9a0d1.webp","type":"image\/webp"}],"twitter_card":"summary_large_image","twitter_misc":{"Est. reading time":"2 minutes"},"schema":{"@context":"https:\/\/schema.org","@graph":[{"@type":"WebPage","@id":"https:\/\/cioelectro.com\/produkt\/hawk-city-wave-deluxe-plus-grey-28\/","url":"https:\/\/cioelectro.com\/produkt\/hawk-city-wave-deluxe-plus-grey-28\/","name":"HAWK City Wave Deluxe Plus Grey : 28\"","isPartOf":{"@id":"https:\/\/cioelectro.com\/#website"},"primaryImageOfPage":{"@id":"https:\/\/cioelectro.com\/produkt\/hawk-city-wave-deluxe-plus-grey-28\/#primaryimage"},"image":{"@id":"https:\/\/cioelectro.com\/produkt\/hawk-city-wave-deluxe-plus-grey-28\/#primaryimage"},"thumbnailUrl":"https:\/\/cioelectro.com\/wp-content\/uploads\/2023\/06\/24b8eb51471aac699b9a89dfffa9a0d1.webp","datePublished":"2022-12-06T14:55:37+00:00","dateModified":"2023-08-10T18:02:31+00:00","description":"Entdecken Sie unseren Online-Fahrradladen: Gro\u00dfe Auswahl an Modellen f\u00fcr alle Radsportbegeisterten. Von Rennr\u00e4dern bis zu Mountainbikes - finden Sie heute Ihren perfekten Wegbegleiter!","breadcrumb":{"@id":"https:\/\/cioelectro.com\/produkt\/hawk-city-wave-deluxe-plus-grey-28\/#breadcrumb"},"inLanguage":"en-US","potentialAction":[{"@type":"ReadAction","target":["https:\/\/cioelectro.com\/produkt\/hawk-city-wave-deluxe-plus-grey-28\/"]}]},{"@type":"ImageObject","inLanguage":"en-US","@id":"https:\/\/cioelectro.com\/produkt\/hawk-city-wave-deluxe-plus-grey-28\/#primaryimage","url":"https:\/\/cioelectro.com\/wp-content\/uploads\/2023\/06\/24b8eb51471aac699b9a89dfffa9a0d1.webp","contentUrl":"https:\/\/cioelectro.com\/wp-content\/uploads\/2023\/06\/24b8eb51471aac699b9a89dfffa9a0d1.webp","width":2048,"height":1365,"caption":"HAWK City Wave Deluxe Plus Grey"},{"@type":"BreadcrumbList","@id":"https:\/\/cioelectro.com\/produkt\/hawk-city-wave-deluxe-plus-grey-28\/#breadcrumb","itemListElement":[{"@type":"ListItem","position":1,"name":"Startseite","item":"https:\/\/cioelectro.com\/"},{"@type":"ListItem","position":2,"name":"LADEN","item":"https:\/\/cioelectro.com\/laden\/"},{"@type":"ListItem","position":3,"name":"HAWK City Wave Deluxe Plus Grey : 28&#8243;"}]},{"@type":"WebSite","@id":"https:\/\/cioelectro.com\/#website","url":"https:\/\/cioelectro.com\/","name":"cioelectro.com","description":"Treten Sie mit uns ins Abenteuer!","publisher":{"@id":"https:\/\/cioelectro.com\/#organization"},"alternateName":"MEIN RADLADEN","potentialAction":[{"@type":"SearchAction","target":{"@type":"EntryPoint","urlTemplate":"https:\/\/cioelectro.com\/?s={search_term_string}"},"query-input":{"@type":"PropertyValueSpecification","valueRequired":true,"valueName":"search_term_string"}}],"inLanguage":"en-US"},{"@type":"Organization","@id":"https:\/\/cioelectro.com\/#organization","name":"CIOELECTRO","alternateName":"MEIN RADLADEN","url":"https:\/\/cioelectro.com\/","logo":{"@type":"ImageObject","inLanguage":"en-US","@id":"https:\/\/cioelectro.com\/#\/schema\/logo\/image\/","url":"https:\/\/cioelectro.com\/wp-content\/uploads\/2025\/12\/Logo-2-1200x800.png","contentUrl":"https:\/\/cioelectro.com\/wp-content\/uploads\/2025\/12\/Logo-2-1200x800.png","width":1200,"height":800,"caption":"CIOELECTRO"},"image":{"@id":"https:\/\/cioelectro.com\/#\/schema\/logo\/image\/"}}]}},"_links":{"self":[{"href":"https:\/\/cioelectro.com\/en\/wp-json\/wp\/v2\/product\/48305","targetHints":{"allow":["GET"]}}],"collection":[{"href":"https:\/\/cioelectro.com\/en\/wp-json\/wp\/v2\/product"}],"about":[{"href":"https:\/\/cioelectro.com\/en\/wp-json\/wp\/v2\/types\/product"}],"replies":[{"embeddable":true,"href":"https:\/\/cioelectro.com\/en\/wp-json\/wp\/v2\/comments?post=48305"}],"version-history":[{"count":0,"href":"https:\/\/cioelectro.com\/en\/wp-json\/wp\/v2\/product\/48305\/revisions"}],"wp:featuredmedia":[{"embeddable":true,"href":"https:\/\/cioelectro.com\/en\/wp-json\/wp\/v2\/media\/64643"}],"wp:attachment":[{"href":"https:\/\/cioelectro.com\/en\/wp-json\/wp\/v2\/media?parent=48305"}],"wp:term":[{"taxonomy":"product_brand","embeddable":true,"href":"https:\/\/cioelectro.com\/en\/wp-json\/wp\/v2\/product_brand?post=48305"},{"taxonomy":"product_cat","embeddable":true,"href":"https:\/\/cioelectro.com\/en\/wp-json\/wp\/v2\/product_cat?post=48305"},{"taxonomy":"product_tag","embeddable":true,"href":"https:\/\/cioelectro.com\/en\/wp-json\/wp\/v2\/product_tag?post=48305"}],"curies":[{"name":"wp","href":"https:\/\/api.w.org\/{rel}","templated":true}]}}