{"id":48317,"date":"2022-12-06T16:13:42","date_gmt":"2022-12-06T15:13:42","guid":{"rendered":"https:\/\/meinradladen.com\/?post_type=product&#038;p=48317"},"modified":"2023-08-10T20:02:12","modified_gmt":"2023-08-10T18:02:12","slug":"damenfahrrad-citybike-28-zoll-maxim-la-vita-nexus-alu-rahmen","status":"publish","type":"product","link":"https:\/\/cioelectro.com\/en\/produkt\/damenfahrrad-citybike-28-zoll-maxim-la-vita-nexus-alu-rahmen\/","title":{"rendered":"Damenfahrrad Citybike 28 Zoll Maxim La Vita Nexus Alu Rahmen"},"content":{"rendered":"<h2 class=\"rd-title\" title=\"Damenfahrrad Citybike 28 Zoll Maxim La Vita Nexus Alu Rahmen 7- Gang Shimano\">Damenfahrrad Citybike 28 Zoll Maxim La Vita Nexus Alu Rahmen 7- Gang Shimano<\/h2>\n<p>Damenfahrrad Citybike 28 Das stylische Maxim La Vita, in der Variante mit 7-Gang Nabenschaltung, ist dein Garant f\u00fcr einen stilvollen Auftritt im Citylifestyle.<\/p>\n<p>Das auff\u00e4llige Retro-Design des La Vita Nostalgierades \u00fcberzeugt sofort. Highlight dieses Citybikes mit Aluminium-Rahmen, ist der Gep\u00e4ckkorb \u00fcber dem Vorderrad, samt Holzplanken. Damit bringst du auch etwas gr\u00f6\u00dfere Eink\u00e4ufe vom Wochenmarkt heim. Die Formgebung mit tiefem Einstieg zieht herrliche Parallelen zu historischen Fahrr\u00e4dern aus den 50er und 60er Jahren, hier jedoch modern kombiniert mit aktueller Technik.<\/p>\n<p>Die komfortable Sitzposition des Maxim La Vita l\u00e4sst dich entspannt durch die City gleiten. Durch die robuste und wenig zu wartende Shimano Nexus Nabenschaltung, verf\u00fcgst du \u00fcber 7 G\u00e4nge mit denen du auch vor Anstiegen keinen Halt machen muss. Am Vorderrad sowie Hinterrad wird mit V-Bremsen die Fahrt verlangsamt und dazu ist das La Vita Nexus noch mit einer R\u00fccktrittbremse als 3. Bremse ausgestattet.<\/p>\n<p>Der stylische Retro-Auftritt des Maxim La Vita harmoniert wunderbar mit den farbig abgestimmten Elementen. Die Retro-Look LED-Lichtanlage wird vom Shimano Nabendynamo versorgt. Das robuste La Vita l\u00e4sst Erinnerungen an die gute alte Zeit aufkommen, verf\u00fcgt aber trotzdem \u00fcber alle Ausstattungsmerkmale moderner Fahrr\u00e4der.<\/p>\n<p>Moderne Mobilit\u00e4t und trendiger Style: Das Maxim La Vita ist genau das richtige Accessoire f\u00fcr die City.<\/p>\n<h2 class=\"rd-below-title-details\"><\/h2>\n<table>\n<tbody>\n<tr>\n<td>Reifen:<\/td>\n<td>Citybereifung mit Reflexstreifen<\/td>\n<\/tr>\n<tr>\n<td>Felgen:<\/td>\n<td>Aluminium Hohlkammer<\/td>\n<\/tr>\n<tr>\n<td>Kurbelsatz:<\/td>\n<td>Aluminium, Einzel-Kettenblatt<\/td>\n<\/tr>\n<tr>\n<td>Bremstyp:<\/td>\n<td>Felgenbremse<\/td>\n<\/tr>\n<tr>\n<td>Bremse:<\/td>\n<td>Aluminium V-Brake<\/td>\n<\/tr>\n<tr>\n<td>Lenker:<\/td>\n<td>Aluminium Trekking 540 mm<\/td>\n<\/tr>\n<tr>\n<td>Vorbau:<\/td>\n<td>Schaftvorbau, Aluminium<\/td>\n<\/tr>\n<tr>\n<td>Sattel:<\/td>\n<td>komfortabler Tourensattel mit Federn<\/td>\n<\/tr>\n<tr>\n<td>Schaltungsart:<\/td>\n<td>komfortabler Tourensattel mit Federn<\/td>\n<\/tr>\n<tr>\n<td>Gangzahl:<\/td>\n<td>7<\/td>\n<\/tr>\n<tr>\n<td>Schalthebel:<\/td>\n<td>Shimano Nexus Drehgriff<\/td>\n<\/tr>\n<tr>\n<td>Scheinwerfer:<\/td>\n<td>LED mit Schalter<\/td>\n<\/tr>\n<tr>\n<td>R\u00fccklicht:<\/td>\n<td>LED mit Standlicht<\/td>\n<\/tr>\n<tr>\n<td>St\u00e4nder:<\/td>\n<td>Seitenst\u00e4nder in der Mitte<\/td>\n<\/tr>\n<tr>\n<td>Gep\u00e4cktr\u00e4ger:<\/td>\n<td>Tr\u00e4ger vorn und hinten<\/td>\n<\/tr>\n<tr>\n<td>Schutzbleche:<\/td>\n<td>Stahl, lackiert<\/td>\n<\/tr>\n<tr>\n<td>Kettenschutz:<\/td>\n<td>lackierter Kettenschutz<\/td>\n<\/tr>\n<tr>\n<td>Gewicht:<\/td>\n<td>18,5<\/td>\n<\/tr>\n<tr>\n<td>Typ:<\/td>\n<td>unisex<\/td>\n<\/tr>\n<\/tbody>\n<\/table>","protected":false},"excerpt":{"rendered":"<p>Damenfahrrad Citybike 28 Zoll Maxim La Vita Nexus Alu Rahmen 7- Gang Shimano Damenfahrrad Citybike 28 Das stylische Maxim La<\/p>","protected":false},"featured_media":64650,"comment_status":"open","ping_status":"closed","template":"","meta":{"_rtcl_gb_attr":""},"product_brand":[],"product_cat":[33,34],"product_tag":[],"class_list":{"0":"post-48317","1":"product","2":"type-product","3":"status-publish","4":"has-post-thumbnail","6":"product_cat-e-bike","7":"product_cat-e-bike-city-urban","8":"pa_marke-damen-fahrrad","10":"first","11":"instock","12":"taxable","13":"shipping-taxable","14":"purchasable","15":"product-type-variable"},"yoast_head":"<!-- This site is optimized with the Yoast SEO Premium plugin v20.12 (Yoast SEO v27.4) - https:\/\/yoast.com\/product\/yoast-seo-premium-wordpress\/ -->\n<title>Damenfahrrad Citybike 28 Zoll Maxim La Vita Nexus Alu Rahmen<\/title>\n<meta name=\"description\" content=\"Entdecken Sie unseren Online-Fahrradladen: Gro\u00dfe Auswahl an Modellen f\u00fcr alle Radsportbegeisterten. Von Rennr\u00e4dern bis zu Mountainbikes - finden Sie heute Ihren perfekten Wegbegleiter!\" \/>\n<meta name=\"robots\" content=\"index, follow, max-snippet:-1, max-image-preview:large, max-video-preview:-1\" \/>\n<link rel=\"canonical\" href=\"https:\/\/cioelectro.com\/en\/produkt\/damenfahrrad-citybike-28-zoll-maxim-la-vita-nexus-alu-rahmen\/\" \/>\n<meta property=\"og:locale\" content=\"en_US\" \/>\n<meta property=\"og:type\" content=\"article\" \/>\n<meta property=\"og:title\" content=\"Damenfahrrad Citybike 28 Zoll Maxim La Vita Nexus Alu Rahmen\" \/>\n<meta property=\"og:description\" content=\"Entdecken Sie unseren Online-Fahrradladen: Gro\u00dfe Auswahl an Modellen f\u00fcr alle Radsportbegeisterten. Von Rennr\u00e4dern bis zu Mountainbikes - finden Sie heute Ihren perfekten Wegbegleiter!\" \/>\n<meta property=\"og:url\" content=\"https:\/\/cioelectro.com\/en\/produkt\/damenfahrrad-citybike-28-zoll-maxim-la-vita-nexus-alu-rahmen\/\" \/>\n<meta property=\"og:site_name\" content=\"cioelectro.com\" \/>\n<meta property=\"article:modified_time\" content=\"2023-08-10T18:02:12+00:00\" \/>\n<meta property=\"og:image\" content=\"https:\/\/cioelectro.com\/wp-content\/uploads\/2023\/06\/Damenfahrrad-Citybike-28-Zoll-Maxim-La-Vita-Nexus-Alu-Rahmen-7-Gang-Shimano.webp\" \/>\n\t<meta property=\"og:image:width\" content=\"2048\" \/>\n\t<meta property=\"og:image:height\" content=\"1413\" \/>\n\t<meta property=\"og:image:type\" content=\"image\/webp\" \/>\n<meta name=\"twitter:card\" content=\"summary_large_image\" \/>\n<meta name=\"twitter:label1\" content=\"Est. reading time\" \/>\n\t<meta name=\"twitter:data1\" content=\"2 minutes\" \/>\n<script type=\"application\/ld+json\" class=\"yoast-schema-graph\">{\"@context\":\"https:\\\/\\\/schema.org\",\"@graph\":[{\"@type\":\"WebPage\",\"@id\":\"https:\\\/\\\/cioelectro.com\\\/produkt\\\/damenfahrrad-citybike-28-zoll-maxim-la-vita-nexus-alu-rahmen\\\/\",\"url\":\"https:\\\/\\\/cioelectro.com\\\/produkt\\\/damenfahrrad-citybike-28-zoll-maxim-la-vita-nexus-alu-rahmen\\\/\",\"name\":\"Damenfahrrad Citybike 28 Zoll Maxim La Vita Nexus Alu Rahmen\",\"isPartOf\":{\"@id\":\"https:\\\/\\\/cioelectro.com\\\/#website\"},\"primaryImageOfPage\":{\"@id\":\"https:\\\/\\\/cioelectro.com\\\/produkt\\\/damenfahrrad-citybike-28-zoll-maxim-la-vita-nexus-alu-rahmen\\\/#primaryimage\"},\"image\":{\"@id\":\"https:\\\/\\\/cioelectro.com\\\/produkt\\\/damenfahrrad-citybike-28-zoll-maxim-la-vita-nexus-alu-rahmen\\\/#primaryimage\"},\"thumbnailUrl\":\"https:\\\/\\\/cioelectro.com\\\/wp-content\\\/uploads\\\/2023\\\/06\\\/Damenfahrrad-Citybike-28-Zoll-Maxim-La-Vita-Nexus-Alu-Rahmen-7-Gang-Shimano.webp\",\"datePublished\":\"2022-12-06T15:13:42+00:00\",\"dateModified\":\"2023-08-10T18:02:12+00:00\",\"description\":\"Entdecken Sie unseren Online-Fahrradladen: Gro\u00dfe Auswahl an Modellen f\u00fcr alle Radsportbegeisterten. Von Rennr\u00e4dern bis zu Mountainbikes - finden Sie heute Ihren perfekten Wegbegleiter!\",\"breadcrumb\":{\"@id\":\"https:\\\/\\\/cioelectro.com\\\/produkt\\\/damenfahrrad-citybike-28-zoll-maxim-la-vita-nexus-alu-rahmen\\\/#breadcrumb\"},\"inLanguage\":\"en-US\",\"potentialAction\":[{\"@type\":\"ReadAction\",\"target\":[\"https:\\\/\\\/cioelectro.com\\\/produkt\\\/damenfahrrad-citybike-28-zoll-maxim-la-vita-nexus-alu-rahmen\\\/\"]}]},{\"@type\":\"ImageObject\",\"inLanguage\":\"en-US\",\"@id\":\"https:\\\/\\\/cioelectro.com\\\/produkt\\\/damenfahrrad-citybike-28-zoll-maxim-la-vita-nexus-alu-rahmen\\\/#primaryimage\",\"url\":\"https:\\\/\\\/cioelectro.com\\\/wp-content\\\/uploads\\\/2023\\\/06\\\/Damenfahrrad-Citybike-28-Zoll-Maxim-La-Vita-Nexus-Alu-Rahmen-7-Gang-Shimano.webp\",\"contentUrl\":\"https:\\\/\\\/cioelectro.com\\\/wp-content\\\/uploads\\\/2023\\\/06\\\/Damenfahrrad-Citybike-28-Zoll-Maxim-La-Vita-Nexus-Alu-Rahmen-7-Gang-Shimano.webp\",\"width\":2048,\"height\":1413,\"caption\":\"Damenfahrrad Citybike 28 Zoll Maxim La Vita Nexus Alu Rahmen 7- Gang Shimano\"},{\"@type\":\"BreadcrumbList\",\"@id\":\"https:\\\/\\\/cioelectro.com\\\/produkt\\\/damenfahrrad-citybike-28-zoll-maxim-la-vita-nexus-alu-rahmen\\\/#breadcrumb\",\"itemListElement\":[{\"@type\":\"ListItem\",\"position\":1,\"name\":\"Startseite\",\"item\":\"https:\\\/\\\/cioelectro.com\\\/\"},{\"@type\":\"ListItem\",\"position\":2,\"name\":\"LADEN\",\"item\":\"https:\\\/\\\/cioelectro.com\\\/laden\\\/\"},{\"@type\":\"ListItem\",\"position\":3,\"name\":\"Damenfahrrad Citybike 28 Zoll Maxim La Vita Nexus Alu Rahmen\"}]},{\"@type\":\"WebSite\",\"@id\":\"https:\\\/\\\/cioelectro.com\\\/#website\",\"url\":\"https:\\\/\\\/cioelectro.com\\\/\",\"name\":\"cioelectro.com\",\"description\":\"Treten Sie mit uns ins Abenteuer!\",\"publisher\":{\"@id\":\"https:\\\/\\\/cioelectro.com\\\/#organization\"},\"alternateName\":\"MEIN RADLADEN\",\"potentialAction\":[{\"@type\":\"SearchAction\",\"target\":{\"@type\":\"EntryPoint\",\"urlTemplate\":\"https:\\\/\\\/cioelectro.com\\\/?s={search_term_string}\"},\"query-input\":{\"@type\":\"PropertyValueSpecification\",\"valueRequired\":true,\"valueName\":\"search_term_string\"}}],\"inLanguage\":\"en-US\"},{\"@type\":\"Organization\",\"@id\":\"https:\\\/\\\/cioelectro.com\\\/#organization\",\"name\":\"CIOELECTRO\",\"alternateName\":\"MEIN RADLADEN\",\"url\":\"https:\\\/\\\/cioelectro.com\\\/\",\"logo\":{\"@type\":\"ImageObject\",\"inLanguage\":\"en-US\",\"@id\":\"https:\\\/\\\/cioelectro.com\\\/#\\\/schema\\\/logo\\\/image\\\/\",\"url\":\"https:\\\/\\\/cioelectro.com\\\/wp-content\\\/uploads\\\/2025\\\/12\\\/Logo-2-1200x800.png\",\"contentUrl\":\"https:\\\/\\\/cioelectro.com\\\/wp-content\\\/uploads\\\/2025\\\/12\\\/Logo-2-1200x800.png\",\"width\":1200,\"height\":800,\"caption\":\"CIOELECTRO\"},\"image\":{\"@id\":\"https:\\\/\\\/cioelectro.com\\\/#\\\/schema\\\/logo\\\/image\\\/\"}}]}<\/script>\n<!-- \/ Yoast SEO Premium plugin. -->","yoast_head_json":{"title":"Damenfahrrad Citybike 28 Zoll Maxim La Vita Nexus Alu Rahmen","description":"Entdecken Sie unseren Online-Fahrradladen: Gro\u00dfe Auswahl an Modellen f\u00fcr alle Radsportbegeisterten. Von Rennr\u00e4dern bis zu Mountainbikes - finden Sie heute Ihren perfekten Wegbegleiter!","robots":{"index":"index","follow":"follow","max-snippet":"max-snippet:-1","max-image-preview":"max-image-preview:large","max-video-preview":"max-video-preview:-1"},"canonical":"https:\/\/cioelectro.com\/en\/produkt\/damenfahrrad-citybike-28-zoll-maxim-la-vita-nexus-alu-rahmen\/","og_locale":"en_US","og_type":"article","og_title":"Damenfahrrad Citybike 28 Zoll Maxim La Vita Nexus Alu Rahmen","og_description":"Entdecken Sie unseren Online-Fahrradladen: Gro\u00dfe Auswahl an Modellen f\u00fcr alle Radsportbegeisterten. Von Rennr\u00e4dern bis zu Mountainbikes - finden Sie heute Ihren perfekten Wegbegleiter!","og_url":"https:\/\/cioelectro.com\/en\/produkt\/damenfahrrad-citybike-28-zoll-maxim-la-vita-nexus-alu-rahmen\/","og_site_name":"cioelectro.com","article_modified_time":"2023-08-10T18:02:12+00:00","og_image":[{"width":2048,"height":1413,"url":"https:\/\/cioelectro.com\/wp-content\/uploads\/2023\/06\/Damenfahrrad-Citybike-28-Zoll-Maxim-La-Vita-Nexus-Alu-Rahmen-7-Gang-Shimano.webp","type":"image\/webp"}],"twitter_card":"summary_large_image","twitter_misc":{"Est. reading time":"2 minutes"},"schema":{"@context":"https:\/\/schema.org","@graph":[{"@type":"WebPage","@id":"https:\/\/cioelectro.com\/produkt\/damenfahrrad-citybike-28-zoll-maxim-la-vita-nexus-alu-rahmen\/","url":"https:\/\/cioelectro.com\/produkt\/damenfahrrad-citybike-28-zoll-maxim-la-vita-nexus-alu-rahmen\/","name":"Damenfahrrad Citybike 28 Zoll Maxim La Vita Nexus Alu Rahmen","isPartOf":{"@id":"https:\/\/cioelectro.com\/#website"},"primaryImageOfPage":{"@id":"https:\/\/cioelectro.com\/produkt\/damenfahrrad-citybike-28-zoll-maxim-la-vita-nexus-alu-rahmen\/#primaryimage"},"image":{"@id":"https:\/\/cioelectro.com\/produkt\/damenfahrrad-citybike-28-zoll-maxim-la-vita-nexus-alu-rahmen\/#primaryimage"},"thumbnailUrl":"https:\/\/cioelectro.com\/wp-content\/uploads\/2023\/06\/Damenfahrrad-Citybike-28-Zoll-Maxim-La-Vita-Nexus-Alu-Rahmen-7-Gang-Shimano.webp","datePublished":"2022-12-06T15:13:42+00:00","dateModified":"2023-08-10T18:02:12+00:00","description":"Entdecken Sie unseren Online-Fahrradladen: Gro\u00dfe Auswahl an Modellen f\u00fcr alle Radsportbegeisterten. Von Rennr\u00e4dern bis zu Mountainbikes - finden Sie heute Ihren perfekten Wegbegleiter!","breadcrumb":{"@id":"https:\/\/cioelectro.com\/produkt\/damenfahrrad-citybike-28-zoll-maxim-la-vita-nexus-alu-rahmen\/#breadcrumb"},"inLanguage":"en-US","potentialAction":[{"@type":"ReadAction","target":["https:\/\/cioelectro.com\/produkt\/damenfahrrad-citybike-28-zoll-maxim-la-vita-nexus-alu-rahmen\/"]}]},{"@type":"ImageObject","inLanguage":"en-US","@id":"https:\/\/cioelectro.com\/produkt\/damenfahrrad-citybike-28-zoll-maxim-la-vita-nexus-alu-rahmen\/#primaryimage","url":"https:\/\/cioelectro.com\/wp-content\/uploads\/2023\/06\/Damenfahrrad-Citybike-28-Zoll-Maxim-La-Vita-Nexus-Alu-Rahmen-7-Gang-Shimano.webp","contentUrl":"https:\/\/cioelectro.com\/wp-content\/uploads\/2023\/06\/Damenfahrrad-Citybike-28-Zoll-Maxim-La-Vita-Nexus-Alu-Rahmen-7-Gang-Shimano.webp","width":2048,"height":1413,"caption":"Damenfahrrad Citybike 28 Zoll Maxim La Vita Nexus Alu Rahmen 7- Gang Shimano"},{"@type":"BreadcrumbList","@id":"https:\/\/cioelectro.com\/produkt\/damenfahrrad-citybike-28-zoll-maxim-la-vita-nexus-alu-rahmen\/#breadcrumb","itemListElement":[{"@type":"ListItem","position":1,"name":"Startseite","item":"https:\/\/cioelectro.com\/"},{"@type":"ListItem","position":2,"name":"LADEN","item":"https:\/\/cioelectro.com\/laden\/"},{"@type":"ListItem","position":3,"name":"Damenfahrrad Citybike 28 Zoll Maxim La Vita Nexus Alu Rahmen"}]},{"@type":"WebSite","@id":"https:\/\/cioelectro.com\/#website","url":"https:\/\/cioelectro.com\/","name":"cioelectro.com","description":"Treten Sie mit uns ins Abenteuer!","publisher":{"@id":"https:\/\/cioelectro.com\/#organization"},"alternateName":"MEIN RADLADEN","potentialAction":[{"@type":"SearchAction","target":{"@type":"EntryPoint","urlTemplate":"https:\/\/cioelectro.com\/?s={search_term_string}"},"query-input":{"@type":"PropertyValueSpecification","valueRequired":true,"valueName":"search_term_string"}}],"inLanguage":"en-US"},{"@type":"Organization","@id":"https:\/\/cioelectro.com\/#organization","name":"CIOELECTRO","alternateName":"MEIN RADLADEN","url":"https:\/\/cioelectro.com\/","logo":{"@type":"ImageObject","inLanguage":"en-US","@id":"https:\/\/cioelectro.com\/#\/schema\/logo\/image\/","url":"https:\/\/cioelectro.com\/wp-content\/uploads\/2025\/12\/Logo-2-1200x800.png","contentUrl":"https:\/\/cioelectro.com\/wp-content\/uploads\/2025\/12\/Logo-2-1200x800.png","width":1200,"height":800,"caption":"CIOELECTRO"},"image":{"@id":"https:\/\/cioelectro.com\/#\/schema\/logo\/image\/"}}]}},"_links":{"self":[{"href":"https:\/\/cioelectro.com\/en\/wp-json\/wp\/v2\/product\/48317","targetHints":{"allow":["GET"]}}],"collection":[{"href":"https:\/\/cioelectro.com\/en\/wp-json\/wp\/v2\/product"}],"about":[{"href":"https:\/\/cioelectro.com\/en\/wp-json\/wp\/v2\/types\/product"}],"replies":[{"embeddable":true,"href":"https:\/\/cioelectro.com\/en\/wp-json\/wp\/v2\/comments?post=48317"}],"version-history":[{"count":0,"href":"https:\/\/cioelectro.com\/en\/wp-json\/wp\/v2\/product\/48317\/revisions"}],"wp:featuredmedia":[{"embeddable":true,"href":"https:\/\/cioelectro.com\/en\/wp-json\/wp\/v2\/media\/64650"}],"wp:attachment":[{"href":"https:\/\/cioelectro.com\/en\/wp-json\/wp\/v2\/media?parent=48317"}],"wp:term":[{"taxonomy":"product_brand","embeddable":true,"href":"https:\/\/cioelectro.com\/en\/wp-json\/wp\/v2\/product_brand?post=48317"},{"taxonomy":"product_cat","embeddable":true,"href":"https:\/\/cioelectro.com\/en\/wp-json\/wp\/v2\/product_cat?post=48317"},{"taxonomy":"product_tag","embeddable":true,"href":"https:\/\/cioelectro.com\/en\/wp-json\/wp\/v2\/product_tag?post=48317"}],"curies":[{"name":"wp","href":"https:\/\/api.w.org\/{rel}","templated":true}]}}