{"id":48356,"date":"2022-12-06T16:47:33","date_gmt":"2022-12-06T15:47:33","guid":{"rendered":"https:\/\/meinradladen.com\/?post_type=product&#038;p=48356"},"modified":"2023-08-10T20:00:11","modified_gmt":"2023-08-10T18:00:11","slug":"fahrrad-ebike-elektrisches-fahrrad-youin-bk1200-you-ride-texas-250w-25-kmh","status":"publish","type":"product","link":"https:\/\/cioelectro.com\/en\/produkt\/fahrrad-ebike-elektrisches-fahrrad-youin-bk1200-you-ride-texas-250w-25-kmh\/","title":{"rendered":"Fahrrad Youin BK1200 YOU RIDE TEXAS 250W 25 kmh"},"content":{"rendered":"<h2 class=\"rd-title\" title=\"Fahrrad eBike Elektrisches Fahrrad Youin BK1200 YOU-RIDE TEXAS 250W 25 kmh\">Fahrrad eBike Elektrisches Fahrrad Youin BK1200 YOU-RIDE TEXAS 250W 25 kmh<\/h2>\n<div class=\"rd-product-description__top-accordion-content\">\n<dl>\n<dt>Maximalgeschwindigkeit (E-Bike-Modus YOU RIDE TEXAS ):<\/dt>\n<dt><\/dt>\n<dd>25 km\/h<\/dd>\n<dt>Produktfarbe:<\/dt>\n<dd>Schwarz, Orange<\/dd>\n<dt>Autonomie (max.):<\/dt>\n<dd>45 km<\/dd>\n<dt>Reifengr\u00f6\u00dfe (Imperial):<\/dt>\n<dd>50,8 cm (20 Zoll)<\/dd>\n<dt>Maximales Lastgewicht:<\/dt>\n<dd>127 kg<\/dd>\n<dt>Geschlecht:<\/dt>\n<dd>Unisex<\/dd>\n<dt>Anzahl Geschwindigkeiten:<\/dt>\n<dd>7<\/dd>\n<dt>Kettenblattsystem:<\/dt>\n<dd>Einzelbild<\/dd>\n<dt>Hinterbremsensystem:<\/dt>\n<dd>Scheibenbremse<\/dd>\n<dt>Eingebautes Licht:<\/dt>\n<dd>Ja<\/dd>\n<dt>Motorleistung:<\/dt>\n<dd>250 W<\/dd>\n<dt>Eingebautes Display:<\/dt>\n<dd>Ja<\/dd>\n<dt>Display-Typ:<\/dt>\n<dd>LCD<\/dd>\n<dt>Batteriekapazit\u00e4t:<\/dt>\n<dd>10 Ah<\/dd>\n<dt>Abstand pro Batterieladung (Pedalunterst\u00fctzungsmodus):<\/dt>\n<dd>45 km<\/dd>\n<dt>Akku-\/Batteriespannung:<\/dt>\n<dd>36 V<\/dd>\n<dt>Gewicht (mit Batterie):<\/dt>\n<dd>27 kg<\/dd>\n<dt>Hintere Kettenschaltung:<\/dt>\n<dd>Shimano RD-TY300D 7SP<\/dd>\n<dt>Schalthebel:<\/dt>\n<dd>Shimano<\/dd>\n<dt>Kettenbezeichnung:<\/dt>\n<dd>KMC<\/dd>\n<dt>Verpackungsbreite:<\/dt>\n<dd>1050 mm<\/dd>\n<dt>Verpackungstiefe:<\/dt>\n<dd>770 mm<\/dd>\n<dt>Verpackungsh\u00f6he:<\/dt>\n<dd>550 mm<\/dd>\n<\/dl>\n<ul>\n<li>Art: Bremsscheibe<\/li>\n<li>Merkmale:\n<ul>\n<li>Biegsam<\/li>\n<li>Tachometer<\/li>\n<\/ul>\n<\/li>\n<li>Format: 20<\/li>\n<li>Geschwindigkeiten: 7<\/li>\n<li>Leistung: 250 W<\/li>\n<li>Ungef\u00e4hre Ladedauer: 4-6 h<\/li>\n<li>Batterie: Abnehmbarer<\/li>\n<li>Geschwindigkeit: 25 km\/h<\/li>\n<li>Ungef\u00e4hre Reichweite: 45 Km<\/li>\n<li>Sattel: Ergonomisch<\/li>\n<li>Max. unterst\u00fctztes Gewicht: 127 kg<\/li>\n<li>Lichttyp:\n<ul>\n<li>Vorderlicht<\/li>\n<li>R\u00fccklicht<\/li>\n<\/ul>\n<\/li>\n<\/ul>\n<div class=\"rd-product-description__top-accordion-content-attributes\">\n<div class=\"rd-attribute-table\">\n<div class=\"rd-attribute-table__item\"><\/div>\n<\/div>\n<\/div>\n<\/div>","protected":false},"excerpt":{"rendered":"<p>Fahrrad eBike Elektrisches Fahrrad Youin BK1200 YOU-RIDE TEXAS 250W 25 kmh Maximalgeschwindigkeit (E-Bike-Modus YOU RIDE TEXAS ): 25 km\/h Produktfarbe:<\/p>","protected":false},"featured_media":64666,"comment_status":"open","ping_status":"closed","template":"","meta":{"_rtcl_gb_attr":""},"product_brand":[],"product_cat":[33,34],"product_tag":[],"class_list":{"0":"post-48356","1":"product","2":"type-product","3":"status-publish","4":"has-post-thumbnail","6":"product_cat-e-bike","7":"product_cat-e-bike-city-urban","8":"pa_marke-elektrisches","10":"first","11":"instock","12":"taxable","13":"shipping-taxable","14":"purchasable","15":"product-type-variable"},"yoast_head":"<!-- This site is optimized with the Yoast SEO Premium plugin v20.12 (Yoast SEO v27.4) - https:\/\/yoast.com\/product\/yoast-seo-premium-wordpress\/ -->\n<title>Fahrrad Youin BK1200 YOU RIDE TEXAS 250W 25 kmh<\/title>\n<meta name=\"description\" content=\"Entdecken Sie unseren Online-Fahrradladen: Gro\u00dfe Auswahl an Modellen f\u00fcr alle Radsportbegeisterten. Von Rennr\u00e4dern bis zu Mountainbikes - finden Sie heute Ihren perfekten Wegbegleiter!\" \/>\n<meta name=\"robots\" content=\"index, follow, max-snippet:-1, max-image-preview:large, max-video-preview:-1\" \/>\n<link rel=\"canonical\" href=\"https:\/\/cioelectro.com\/en\/produkt\/fahrrad-ebike-elektrisches-fahrrad-youin-bk1200-you-ride-texas-250w-25-kmh\/\" \/>\n<meta property=\"og:locale\" content=\"en_US\" \/>\n<meta property=\"og:type\" content=\"article\" \/>\n<meta property=\"og:title\" content=\"Fahrrad Youin BK1200 YOU RIDE TEXAS 250W 25 kmh\" \/>\n<meta property=\"og:description\" content=\"Entdecken Sie unseren Online-Fahrradladen: Gro\u00dfe Auswahl an Modellen f\u00fcr alle Radsportbegeisterten. Von Rennr\u00e4dern bis zu Mountainbikes - finden Sie heute Ihren perfekten Wegbegleiter!\" \/>\n<meta property=\"og:url\" content=\"https:\/\/cioelectro.com\/en\/produkt\/fahrrad-ebike-elektrisches-fahrrad-youin-bk1200-you-ride-texas-250w-25-kmh\/\" \/>\n<meta property=\"og:site_name\" content=\"cioelectro.com\" \/>\n<meta property=\"article:modified_time\" content=\"2023-08-10T18:00:11+00:00\" \/>\n<meta property=\"og:image\" content=\"https:\/\/cioelectro.com\/wp-content\/uploads\/2023\/06\/e8dc200c50c4171b181f027469579dfc.webp\" \/>\n\t<meta property=\"og:image:width\" content=\"2048\" \/>\n\t<meta property=\"og:image:height\" content=\"1536\" \/>\n\t<meta property=\"og:image:type\" content=\"image\/webp\" \/>\n<meta name=\"twitter:card\" content=\"summary_large_image\" \/>\n<meta name=\"twitter:label1\" content=\"Est. reading time\" \/>\n\t<meta name=\"twitter:data1\" content=\"1 minute\" \/>\n<script type=\"application\/ld+json\" class=\"yoast-schema-graph\">{\"@context\":\"https:\\\/\\\/schema.org\",\"@graph\":[{\"@type\":\"WebPage\",\"@id\":\"https:\\\/\\\/cioelectro.com\\\/produkt\\\/fahrrad-ebike-elektrisches-fahrrad-youin-bk1200-you-ride-texas-250w-25-kmh\\\/\",\"url\":\"https:\\\/\\\/cioelectro.com\\\/produkt\\\/fahrrad-ebike-elektrisches-fahrrad-youin-bk1200-you-ride-texas-250w-25-kmh\\\/\",\"name\":\"Fahrrad Youin BK1200 YOU RIDE TEXAS 250W 25 kmh\",\"isPartOf\":{\"@id\":\"https:\\\/\\\/cioelectro.com\\\/#website\"},\"primaryImageOfPage\":{\"@id\":\"https:\\\/\\\/cioelectro.com\\\/produkt\\\/fahrrad-ebike-elektrisches-fahrrad-youin-bk1200-you-ride-texas-250w-25-kmh\\\/#primaryimage\"},\"image\":{\"@id\":\"https:\\\/\\\/cioelectro.com\\\/produkt\\\/fahrrad-ebike-elektrisches-fahrrad-youin-bk1200-you-ride-texas-250w-25-kmh\\\/#primaryimage\"},\"thumbnailUrl\":\"https:\\\/\\\/cioelectro.com\\\/wp-content\\\/uploads\\\/2023\\\/06\\\/e8dc200c50c4171b181f027469579dfc.webp\",\"datePublished\":\"2022-12-06T15:47:33+00:00\",\"dateModified\":\"2023-08-10T18:00:11+00:00\",\"description\":\"Entdecken Sie unseren Online-Fahrradladen: Gro\u00dfe Auswahl an Modellen f\u00fcr alle Radsportbegeisterten. Von Rennr\u00e4dern bis zu Mountainbikes - finden Sie heute Ihren perfekten Wegbegleiter!\",\"breadcrumb\":{\"@id\":\"https:\\\/\\\/cioelectro.com\\\/produkt\\\/fahrrad-ebike-elektrisches-fahrrad-youin-bk1200-you-ride-texas-250w-25-kmh\\\/#breadcrumb\"},\"inLanguage\":\"en-US\",\"potentialAction\":[{\"@type\":\"ReadAction\",\"target\":[\"https:\\\/\\\/cioelectro.com\\\/produkt\\\/fahrrad-ebike-elektrisches-fahrrad-youin-bk1200-you-ride-texas-250w-25-kmh\\\/\"]}]},{\"@type\":\"ImageObject\",\"inLanguage\":\"en-US\",\"@id\":\"https:\\\/\\\/cioelectro.com\\\/produkt\\\/fahrrad-ebike-elektrisches-fahrrad-youin-bk1200-you-ride-texas-250w-25-kmh\\\/#primaryimage\",\"url\":\"https:\\\/\\\/cioelectro.com\\\/wp-content\\\/uploads\\\/2023\\\/06\\\/e8dc200c50c4171b181f027469579dfc.webp\",\"contentUrl\":\"https:\\\/\\\/cioelectro.com\\\/wp-content\\\/uploads\\\/2023\\\/06\\\/e8dc200c50c4171b181f027469579dfc.webp\",\"width\":2048,\"height\":1536,\"caption\":\"Fahrrad eBike Elektrisches Fahrrad Youin BK1200 YOU-RIDE TEXAS 250W 25 kmh\"},{\"@type\":\"BreadcrumbList\",\"@id\":\"https:\\\/\\\/cioelectro.com\\\/produkt\\\/fahrrad-ebike-elektrisches-fahrrad-youin-bk1200-you-ride-texas-250w-25-kmh\\\/#breadcrumb\",\"itemListElement\":[{\"@type\":\"ListItem\",\"position\":1,\"name\":\"Startseite\",\"item\":\"https:\\\/\\\/cioelectro.com\\\/\"},{\"@type\":\"ListItem\",\"position\":2,\"name\":\"LADEN\",\"item\":\"https:\\\/\\\/cioelectro.com\\\/laden\\\/\"},{\"@type\":\"ListItem\",\"position\":3,\"name\":\"Fahrrad Youin BK1200 YOU RIDE TEXAS 250W 25 kmh\"}]},{\"@type\":\"WebSite\",\"@id\":\"https:\\\/\\\/cioelectro.com\\\/#website\",\"url\":\"https:\\\/\\\/cioelectro.com\\\/\",\"name\":\"cioelectro.com\",\"description\":\"Treten Sie mit uns ins Abenteuer!\",\"publisher\":{\"@id\":\"https:\\\/\\\/cioelectro.com\\\/#organization\"},\"alternateName\":\"MEIN RADLADEN\",\"potentialAction\":[{\"@type\":\"SearchAction\",\"target\":{\"@type\":\"EntryPoint\",\"urlTemplate\":\"https:\\\/\\\/cioelectro.com\\\/?s={search_term_string}\"},\"query-input\":{\"@type\":\"PropertyValueSpecification\",\"valueRequired\":true,\"valueName\":\"search_term_string\"}}],\"inLanguage\":\"en-US\"},{\"@type\":\"Organization\",\"@id\":\"https:\\\/\\\/cioelectro.com\\\/#organization\",\"name\":\"CIOELECTRO\",\"alternateName\":\"MEIN RADLADEN\",\"url\":\"https:\\\/\\\/cioelectro.com\\\/\",\"logo\":{\"@type\":\"ImageObject\",\"inLanguage\":\"en-US\",\"@id\":\"https:\\\/\\\/cioelectro.com\\\/#\\\/schema\\\/logo\\\/image\\\/\",\"url\":\"https:\\\/\\\/cioelectro.com\\\/wp-content\\\/uploads\\\/2025\\\/12\\\/Logo-2-1200x800.png\",\"contentUrl\":\"https:\\\/\\\/cioelectro.com\\\/wp-content\\\/uploads\\\/2025\\\/12\\\/Logo-2-1200x800.png\",\"width\":1200,\"height\":800,\"caption\":\"CIOELECTRO\"},\"image\":{\"@id\":\"https:\\\/\\\/cioelectro.com\\\/#\\\/schema\\\/logo\\\/image\\\/\"}}]}<\/script>\n<!-- \/ Yoast SEO Premium plugin. -->","yoast_head_json":{"title":"Fahrrad Youin BK1200 YOU RIDE TEXAS 250W 25 kmh","description":"Entdecken Sie unseren Online-Fahrradladen: Gro\u00dfe Auswahl an Modellen f\u00fcr alle Radsportbegeisterten. Von Rennr\u00e4dern bis zu Mountainbikes - finden Sie heute Ihren perfekten Wegbegleiter!","robots":{"index":"index","follow":"follow","max-snippet":"max-snippet:-1","max-image-preview":"max-image-preview:large","max-video-preview":"max-video-preview:-1"},"canonical":"https:\/\/cioelectro.com\/en\/produkt\/fahrrad-ebike-elektrisches-fahrrad-youin-bk1200-you-ride-texas-250w-25-kmh\/","og_locale":"en_US","og_type":"article","og_title":"Fahrrad Youin BK1200 YOU RIDE TEXAS 250W 25 kmh","og_description":"Entdecken Sie unseren Online-Fahrradladen: Gro\u00dfe Auswahl an Modellen f\u00fcr alle Radsportbegeisterten. Von Rennr\u00e4dern bis zu Mountainbikes - finden Sie heute Ihren perfekten Wegbegleiter!","og_url":"https:\/\/cioelectro.com\/en\/produkt\/fahrrad-ebike-elektrisches-fahrrad-youin-bk1200-you-ride-texas-250w-25-kmh\/","og_site_name":"cioelectro.com","article_modified_time":"2023-08-10T18:00:11+00:00","og_image":[{"width":2048,"height":1536,"url":"https:\/\/cioelectro.com\/wp-content\/uploads\/2023\/06\/e8dc200c50c4171b181f027469579dfc.webp","type":"image\/webp"}],"twitter_card":"summary_large_image","twitter_misc":{"Est. reading time":"1 minute"},"schema":{"@context":"https:\/\/schema.org","@graph":[{"@type":"WebPage","@id":"https:\/\/cioelectro.com\/produkt\/fahrrad-ebike-elektrisches-fahrrad-youin-bk1200-you-ride-texas-250w-25-kmh\/","url":"https:\/\/cioelectro.com\/produkt\/fahrrad-ebike-elektrisches-fahrrad-youin-bk1200-you-ride-texas-250w-25-kmh\/","name":"Fahrrad Youin BK1200 YOU RIDE TEXAS 250W 25 kmh","isPartOf":{"@id":"https:\/\/cioelectro.com\/#website"},"primaryImageOfPage":{"@id":"https:\/\/cioelectro.com\/produkt\/fahrrad-ebike-elektrisches-fahrrad-youin-bk1200-you-ride-texas-250w-25-kmh\/#primaryimage"},"image":{"@id":"https:\/\/cioelectro.com\/produkt\/fahrrad-ebike-elektrisches-fahrrad-youin-bk1200-you-ride-texas-250w-25-kmh\/#primaryimage"},"thumbnailUrl":"https:\/\/cioelectro.com\/wp-content\/uploads\/2023\/06\/e8dc200c50c4171b181f027469579dfc.webp","datePublished":"2022-12-06T15:47:33+00:00","dateModified":"2023-08-10T18:00:11+00:00","description":"Entdecken Sie unseren Online-Fahrradladen: Gro\u00dfe Auswahl an Modellen f\u00fcr alle Radsportbegeisterten. Von Rennr\u00e4dern bis zu Mountainbikes - finden Sie heute Ihren perfekten Wegbegleiter!","breadcrumb":{"@id":"https:\/\/cioelectro.com\/produkt\/fahrrad-ebike-elektrisches-fahrrad-youin-bk1200-you-ride-texas-250w-25-kmh\/#breadcrumb"},"inLanguage":"en-US","potentialAction":[{"@type":"ReadAction","target":["https:\/\/cioelectro.com\/produkt\/fahrrad-ebike-elektrisches-fahrrad-youin-bk1200-you-ride-texas-250w-25-kmh\/"]}]},{"@type":"ImageObject","inLanguage":"en-US","@id":"https:\/\/cioelectro.com\/produkt\/fahrrad-ebike-elektrisches-fahrrad-youin-bk1200-you-ride-texas-250w-25-kmh\/#primaryimage","url":"https:\/\/cioelectro.com\/wp-content\/uploads\/2023\/06\/e8dc200c50c4171b181f027469579dfc.webp","contentUrl":"https:\/\/cioelectro.com\/wp-content\/uploads\/2023\/06\/e8dc200c50c4171b181f027469579dfc.webp","width":2048,"height":1536,"caption":"Fahrrad eBike Elektrisches Fahrrad Youin BK1200 YOU-RIDE TEXAS 250W 25 kmh"},{"@type":"BreadcrumbList","@id":"https:\/\/cioelectro.com\/produkt\/fahrrad-ebike-elektrisches-fahrrad-youin-bk1200-you-ride-texas-250w-25-kmh\/#breadcrumb","itemListElement":[{"@type":"ListItem","position":1,"name":"Startseite","item":"https:\/\/cioelectro.com\/"},{"@type":"ListItem","position":2,"name":"LADEN","item":"https:\/\/cioelectro.com\/laden\/"},{"@type":"ListItem","position":3,"name":"Fahrrad Youin BK1200 YOU RIDE TEXAS 250W 25 kmh"}]},{"@type":"WebSite","@id":"https:\/\/cioelectro.com\/#website","url":"https:\/\/cioelectro.com\/","name":"cioelectro.com","description":"Treten Sie mit uns ins Abenteuer!","publisher":{"@id":"https:\/\/cioelectro.com\/#organization"},"alternateName":"MEIN RADLADEN","potentialAction":[{"@type":"SearchAction","target":{"@type":"EntryPoint","urlTemplate":"https:\/\/cioelectro.com\/?s={search_term_string}"},"query-input":{"@type":"PropertyValueSpecification","valueRequired":true,"valueName":"search_term_string"}}],"inLanguage":"en-US"},{"@type":"Organization","@id":"https:\/\/cioelectro.com\/#organization","name":"CIOELECTRO","alternateName":"MEIN RADLADEN","url":"https:\/\/cioelectro.com\/","logo":{"@type":"ImageObject","inLanguage":"en-US","@id":"https:\/\/cioelectro.com\/#\/schema\/logo\/image\/","url":"https:\/\/cioelectro.com\/wp-content\/uploads\/2025\/12\/Logo-2-1200x800.png","contentUrl":"https:\/\/cioelectro.com\/wp-content\/uploads\/2025\/12\/Logo-2-1200x800.png","width":1200,"height":800,"caption":"CIOELECTRO"},"image":{"@id":"https:\/\/cioelectro.com\/#\/schema\/logo\/image\/"}}]}},"_links":{"self":[{"href":"https:\/\/cioelectro.com\/en\/wp-json\/wp\/v2\/product\/48356","targetHints":{"allow":["GET"]}}],"collection":[{"href":"https:\/\/cioelectro.com\/en\/wp-json\/wp\/v2\/product"}],"about":[{"href":"https:\/\/cioelectro.com\/en\/wp-json\/wp\/v2\/types\/product"}],"replies":[{"embeddable":true,"href":"https:\/\/cioelectro.com\/en\/wp-json\/wp\/v2\/comments?post=48356"}],"version-history":[{"count":0,"href":"https:\/\/cioelectro.com\/en\/wp-json\/wp\/v2\/product\/48356\/revisions"}],"wp:featuredmedia":[{"embeddable":true,"href":"https:\/\/cioelectro.com\/en\/wp-json\/wp\/v2\/media\/64666"}],"wp:attachment":[{"href":"https:\/\/cioelectro.com\/en\/wp-json\/wp\/v2\/media?parent=48356"}],"wp:term":[{"taxonomy":"product_brand","embeddable":true,"href":"https:\/\/cioelectro.com\/en\/wp-json\/wp\/v2\/product_brand?post=48356"},{"taxonomy":"product_cat","embeddable":true,"href":"https:\/\/cioelectro.com\/en\/wp-json\/wp\/v2\/product_cat?post=48356"},{"taxonomy":"product_tag","embeddable":true,"href":"https:\/\/cioelectro.com\/en\/wp-json\/wp\/v2\/product_tag?post=48356"}],"curies":[{"name":"wp","href":"https:\/\/api.w.org\/{rel}","templated":true}]}}