{"id":48449,"date":"2022-12-06T18:35:59","date_gmt":"2022-12-06T17:35:59","guid":{"rendered":"https:\/\/meinradladen.com\/?post_type=product&#038;p=48449"},"modified":"2023-08-10T19:32:25","modified_gmt":"2023-08-10T17:32:25","slug":"hawk-bikes-cityrad-hawk-citytrek-lady-deluxe-plus-ocean-blue","status":"publish","type":"product","link":"https:\/\/cioelectro.com\/en\/produkt\/hawk-bikes-cityrad-hawk-citytrek-lady-deluxe-plus-ocean-blue\/","title":{"rendered":"HAWK Citytrek Lady \u00bbHAWK Citytrek Lady Blue"},"content":{"rendered":"<h2 class=\"pdp_variation-name pl_headline100\" data-qa=\"variationName\">HAWK Bikes Cityrad \u00bbHAWK Citytrek Lady Deluxe Plus Ocean Blue<\/h2>\n<div class=\"pl_block pl_block--no-gap pdp_description js_pdp_description\">\n<p class=\"pl_text-expander pl_copy100 pdp_description__text-expander js_pdp_description__text-expander\">HAWK Citytrek Lady Sportlich komfortabel &#8211; so l\u00e4sst sich das HAWK Citytrek Lady Deluxe am besten beschreiben, denn es vereint gekonnt die sportiven Eigenschaften eines Trekking-Rahmens mit modernen Citybike-Komponenten. So stellen der leichte Aluminiumrahmen sowie eine perfekt auf den Rahmen abgestimmte Federgabel die Basis dieses tollen Stadt- und Touring-Bikes dar. Die Shimano 7-Gang-Nabenschaltung steht bei kleinen und gro\u00dfen Anstiegen zuverl\u00e4ssig zur Seite, w\u00e4hrend der Gep\u00e4cktr\u00e4ger und der Shimano Nabendynamo ein Mehr an Komfort und Sicherheit bieten. Als besonderes Highlight kommen Continental Contact Reifen mit Pannenschutzeinlage zum Einsatz. Und somit steht einer dauerthaft sorgenfreien Fahrt nichts im Wege.<\/p>\n<\/div>\n<div id=\"pdp-image-gallery\" class=\"js_pdp_image-gallery pdp_image-gallery pl_block\" data-ft5-view-tracking=\"{ &quot;product_ImageGallery&quot;: &quot;view&quot; }\" data-image-count=\"6\">\n<div class=\"pdp_image-gallery__flex-desktop\">\n<div class=\"pdp_image-gallery__flex-column\">\n<h2 class=\"pl_headline200 pl_mb50\">Details<\/h2>\n<div class=\"pl_text-expander pl_copy100 pdp_details__text-expander js_pdp_details__text-expander pl_text-expander--has-more pl_text-expander--expanded\" lang=\"de\">\n<div class=\"pdp_details__characteristics-html\">\n<table class=\"dv_characteristicsTable\">\n<caption>RAHMEN<\/caption>\n<tbody>\n<tr>\n<td class=\"left\">Rahmenh\u00f6he<\/td>\n<td>53 cm<\/td>\n<\/tr>\n<tr>\n<td class=\"left\">Material Rahmen<\/td>\n<td>Aluminium<\/td>\n<\/tr>\n<tr>\n<td class=\"left\">Farbe Rahmen<\/td>\n<td>blau<\/td>\n<\/tr>\n<\/tbody>\n<\/table>\n<table class=\"dv_characteristicsTable\">\n<caption>GABEL<\/caption>\n<tbody>\n<tr>\n<td class=\"left\">Marke Gabel<\/td>\n<td>Zoom<\/td>\n<\/tr>\n<tr>\n<td class=\"left\">Modell Gabel<\/td>\n<td>CH-120<\/td>\n<\/tr>\n<tr>\n<td class=\"left\">Bauart Gabel<\/td>\n<td>Federgabel<\/td>\n<\/tr>\n<\/tbody>\n<\/table>\n<table class=\"dv_characteristicsTable\">\n<caption>BREMSE<\/caption>\n<tbody>\n<tr>\n<td class=\"left\">Typ Vorderbremse<\/td>\n<td>V-Brake<\/td>\n<\/tr>\n<tr>\n<td class=\"left\">Typ Hinterbremse<\/td>\n<td>R\u00fccktrittbremse<\/td>\n<\/tr>\n<\/tbody>\n<\/table>\n<table class=\"dv_characteristicsTable\">\n<caption>LAUFR\u00c4DER<\/caption>\n<tbody>\n<tr>\n<td class=\"left\">Marke Reifen<\/td>\n<td>Continental<\/td>\n<\/tr>\n<tr>\n<td class=\"left\">Gr\u00f6\u00dfe Laufrad<\/td>\n<td>28 Zoll (71,12 cm)<\/td>\n<\/tr>\n<tr>\n<td class=\"left\">Typ Reifen<\/td>\n<td>Drahtreifen<\/td>\n<\/tr>\n<tr>\n<td class=\"left\">Typ Reifen hinten<\/td>\n<td>Drahtreifen<\/td>\n<\/tr>\n<\/tbody>\n<\/table>\n<table class=\"dv_characteristicsTable\">\n<caption>SCHALTUNG \/ ANTRIEB<\/caption>\n<tbody>\n<tr>\n<td class=\"left\">Antriebsform<\/td>\n<td>Kettenantrieb<\/td>\n<\/tr>\n<tr>\n<td class=\"left\">Anzahl G\u00e4nge<\/td>\n<td>7<\/td>\n<\/tr>\n<tr>\n<td class=\"left\">Marke Schaltwerk<\/td>\n<td>Shimano<\/td>\n<\/tr>\n<tr>\n<td class=\"left\">Modell Schaltwerk<\/td>\n<td>Nexus<\/td>\n<\/tr>\n<tr>\n<td class=\"left\">Marke Schalthebel<\/td>\n<td>Shimano<\/td>\n<\/tr>\n<\/tbody>\n<\/table>\n<table class=\"dv_characteristicsTable\">\n<caption>LENKER<\/caption>\n<tbody>\n<tr>\n<td class=\"left\">Typ Lenker<\/td>\n<td>Citylenker<\/td>\n<\/tr>\n<tr>\n<td class=\"left\">Modell Lenker<\/td>\n<td>City 620 Ergo<\/td>\n<\/tr>\n<tr>\n<td class=\"left\">Typ Vorbau<\/td>\n<td>Schaft<\/td>\n<\/tr>\n<\/tbody>\n<\/table>\n<table class=\"dv_characteristicsTable\">\n<caption>SATTEL<\/caption>\n<tbody>\n<tr>\n<td class=\"left\">Marke Sattel<\/td>\n<td>Wittkop<\/td>\n<\/tr>\n<tr>\n<td class=\"left\">Typ Sattelst\u00fctze<\/td>\n<td>Patentsattelst\u00fctze<\/td>\n<\/tr>\n<\/tbody>\n<\/table>\n<table class=\"dv_characteristicsTable\">\n<caption>BELEUCHTUNG<\/caption>\n<tbody>\n<tr>\n<td class=\"left\">Art Stromversorgung<\/td>\n<td>Nabendynamo<\/td>\n<\/tr>\n<tr>\n<td class=\"left\">Art Leuchtmittel Frontlicht<\/td>\n<td>LED<\/td>\n<\/tr>\n<tr>\n<td class=\"left\">Art Leuchtmittel R\u00fccklicht<\/td>\n<td>LED<\/td>\n<\/tr>\n<tr>\n<td class=\"left\">Reflektoren<\/td>\n<td>Reflektorstreifen<\/td>\n<\/tr>\n<\/tbody>\n<\/table>\n<table class=\"dv_characteristicsTable\">\n<caption>PRODUKTDETAILS<\/caption>\n<tbody>\n<tr>\n<td class=\"left\">Fahrradst\u00e4nder<\/td>\n<td>Seitenst\u00e4nder<\/td>\n<\/tr>\n<tr>\n<td class=\"left\">Modelljahr<\/td>\n<td>2020<\/td>\n<\/tr>\n<\/tbody>\n<\/table>\n<table class=\"dv_characteristicsTable\">\n<caption>HINWEISE<\/caption>\n<tbody>\n<tr>\n<td class=\"left\">Noch zu montieren<\/td>\n<td>Lenker<br \/>\nPedale<\/td>\n<\/tr>\n<tr>\n<td class=\"left\">Nutzungsbereich<\/td>\n<td>innerhalb der StVZO<\/td>\n<\/tr>\n<tr>\n<td class=\"left\">Gewicht Fahrrad<\/td>\n<td>17,5 kg<\/td>\n<\/tr>\n<tr>\n<td class=\"left\">Zul\u00e4ssiges Gesamtgewicht<\/td>\n<td>120 kg<\/td>\n<\/tr>\n<\/tbody>\n<\/table>\n<\/div>\n<\/div>\n<\/div>\n<\/div>\n<\/div>","protected":false},"excerpt":{"rendered":"<p>HAWK Bikes Cityrad \u00bbHAWK Citytrek Lady Deluxe Plus Ocean Blue HAWK Citytrek Lady Sportlich komfortabel &#8211; so l\u00e4sst sich das<\/p>","protected":false},"featured_media":64709,"comment_status":"open","ping_status":"closed","template":"","meta":{"_rtcl_gb_attr":""},"product_brand":[],"product_cat":[33,34],"product_tag":[],"class_list":{"0":"post-48449","1":"product","2":"type-product","3":"status-publish","4":"has-post-thumbnail","6":"product_cat-e-bike","7":"product_cat-e-bike-city-urban","8":"pa_marke-hawk","10":"first","11":"instock","12":"taxable","13":"shipping-taxable","14":"purchasable","15":"product-type-variable"},"yoast_head":"<!-- This site is optimized with the Yoast SEO Premium plugin v20.12 (Yoast SEO v27.4) - https:\/\/yoast.com\/product\/yoast-seo-premium-wordpress\/ -->\n<title>HAWK Citytrek Lady \u00bbHAWK Citytrek Lady Blue<\/title>\n<meta name=\"description\" content=\"Entdecken Sie unseren Online-Fahrradladen: Gro\u00dfe Auswahl an Modellen f\u00fcr alle Radsportbegeisterten. Von Rennr\u00e4dern bis zu Mountainbikes - finden Sie heute Ihren perfekten Wegbegleiter!\" \/>\n<meta name=\"robots\" content=\"index, follow, max-snippet:-1, max-image-preview:large, max-video-preview:-1\" \/>\n<link rel=\"canonical\" href=\"https:\/\/cioelectro.com\/en\/produkt\/hawk-bikes-cityrad-hawk-citytrek-lady-deluxe-plus-ocean-blue\/\" \/>\n<meta property=\"og:locale\" content=\"en_US\" \/>\n<meta property=\"og:type\" content=\"article\" \/>\n<meta property=\"og:title\" content=\"HAWK Citytrek Lady \u00bbHAWK Citytrek Lady Blue\" \/>\n<meta property=\"og:description\" content=\"Entdecken Sie unseren Online-Fahrradladen: Gro\u00dfe Auswahl an Modellen f\u00fcr alle Radsportbegeisterten. Von Rennr\u00e4dern bis zu Mountainbikes - finden Sie heute Ihren perfekten Wegbegleiter!\" \/>\n<meta property=\"og:url\" content=\"https:\/\/cioelectro.com\/en\/produkt\/hawk-bikes-cityrad-hawk-citytrek-lady-deluxe-plus-ocean-blue\/\" \/>\n<meta property=\"og:site_name\" content=\"cioelectro.com\" \/>\n<meta property=\"article:modified_time\" content=\"2023-08-10T17:32:25+00:00\" \/>\n<meta property=\"og:image\" content=\"https:\/\/cioelectro.com\/wp-content\/uploads\/2023\/06\/3c74c3d8-a381-5efb-8962-f9ba5f3c8872.jpg\" \/>\n\t<meta property=\"og:image:width\" content=\"551\" \/>\n\t<meta property=\"og:image:height\" content=\"356\" \/>\n\t<meta property=\"og:image:type\" content=\"image\/jpeg\" \/>\n<meta name=\"twitter:card\" content=\"summary_large_image\" \/>\n<meta name=\"twitter:label1\" content=\"Est. reading time\" \/>\n\t<meta name=\"twitter:data1\" content=\"2 minutes\" \/>\n<script type=\"application\/ld+json\" class=\"yoast-schema-graph\">{\"@context\":\"https:\\\/\\\/schema.org\",\"@graph\":[{\"@type\":\"WebPage\",\"@id\":\"https:\\\/\\\/cioelectro.com\\\/produkt\\\/hawk-bikes-cityrad-hawk-citytrek-lady-deluxe-plus-ocean-blue\\\/\",\"url\":\"https:\\\/\\\/cioelectro.com\\\/produkt\\\/hawk-bikes-cityrad-hawk-citytrek-lady-deluxe-plus-ocean-blue\\\/\",\"name\":\"HAWK Citytrek Lady \u00bbHAWK Citytrek Lady Blue\",\"isPartOf\":{\"@id\":\"https:\\\/\\\/cioelectro.com\\\/#website\"},\"primaryImageOfPage\":{\"@id\":\"https:\\\/\\\/cioelectro.com\\\/produkt\\\/hawk-bikes-cityrad-hawk-citytrek-lady-deluxe-plus-ocean-blue\\\/#primaryimage\"},\"image\":{\"@id\":\"https:\\\/\\\/cioelectro.com\\\/produkt\\\/hawk-bikes-cityrad-hawk-citytrek-lady-deluxe-plus-ocean-blue\\\/#primaryimage\"},\"thumbnailUrl\":\"https:\\\/\\\/cioelectro.com\\\/wp-content\\\/uploads\\\/2023\\\/06\\\/3c74c3d8-a381-5efb-8962-f9ba5f3c8872.jpg\",\"datePublished\":\"2022-12-06T17:35:59+00:00\",\"dateModified\":\"2023-08-10T17:32:25+00:00\",\"description\":\"Entdecken Sie unseren Online-Fahrradladen: Gro\u00dfe Auswahl an Modellen f\u00fcr alle Radsportbegeisterten. Von Rennr\u00e4dern bis zu Mountainbikes - finden Sie heute Ihren perfekten Wegbegleiter!\",\"breadcrumb\":{\"@id\":\"https:\\\/\\\/cioelectro.com\\\/produkt\\\/hawk-bikes-cityrad-hawk-citytrek-lady-deluxe-plus-ocean-blue\\\/#breadcrumb\"},\"inLanguage\":\"en-US\",\"potentialAction\":[{\"@type\":\"ReadAction\",\"target\":[\"https:\\\/\\\/cioelectro.com\\\/produkt\\\/hawk-bikes-cityrad-hawk-citytrek-lady-deluxe-plus-ocean-blue\\\/\"]}]},{\"@type\":\"ImageObject\",\"inLanguage\":\"en-US\",\"@id\":\"https:\\\/\\\/cioelectro.com\\\/produkt\\\/hawk-bikes-cityrad-hawk-citytrek-lady-deluxe-plus-ocean-blue\\\/#primaryimage\",\"url\":\"https:\\\/\\\/cioelectro.com\\\/wp-content\\\/uploads\\\/2023\\\/06\\\/3c74c3d8-a381-5efb-8962-f9ba5f3c8872.jpg\",\"contentUrl\":\"https:\\\/\\\/cioelectro.com\\\/wp-content\\\/uploads\\\/2023\\\/06\\\/3c74c3d8-a381-5efb-8962-f9ba5f3c8872.jpg\",\"width\":551,\"height\":356,\"caption\":\"HAWK Bikes Cityrad \u00bbHAWK Citytrek Lady Deluxe Plus Ocean Blue\"},{\"@type\":\"BreadcrumbList\",\"@id\":\"https:\\\/\\\/cioelectro.com\\\/produkt\\\/hawk-bikes-cityrad-hawk-citytrek-lady-deluxe-plus-ocean-blue\\\/#breadcrumb\",\"itemListElement\":[{\"@type\":\"ListItem\",\"position\":1,\"name\":\"Startseite\",\"item\":\"https:\\\/\\\/cioelectro.com\\\/\"},{\"@type\":\"ListItem\",\"position\":2,\"name\":\"LADEN\",\"item\":\"https:\\\/\\\/cioelectro.com\\\/laden\\\/\"},{\"@type\":\"ListItem\",\"position\":3,\"name\":\"HAWK Citytrek Lady \u00bbHAWK Citytrek Lady Blue\"}]},{\"@type\":\"WebSite\",\"@id\":\"https:\\\/\\\/cioelectro.com\\\/#website\",\"url\":\"https:\\\/\\\/cioelectro.com\\\/\",\"name\":\"cioelectro.com\",\"description\":\"Treten Sie mit uns ins Abenteuer!\",\"publisher\":{\"@id\":\"https:\\\/\\\/cioelectro.com\\\/#organization\"},\"alternateName\":\"MEIN RADLADEN\",\"potentialAction\":[{\"@type\":\"SearchAction\",\"target\":{\"@type\":\"EntryPoint\",\"urlTemplate\":\"https:\\\/\\\/cioelectro.com\\\/?s={search_term_string}\"},\"query-input\":{\"@type\":\"PropertyValueSpecification\",\"valueRequired\":true,\"valueName\":\"search_term_string\"}}],\"inLanguage\":\"en-US\"},{\"@type\":\"Organization\",\"@id\":\"https:\\\/\\\/cioelectro.com\\\/#organization\",\"name\":\"CIOELECTRO\",\"alternateName\":\"MEIN RADLADEN\",\"url\":\"https:\\\/\\\/cioelectro.com\\\/\",\"logo\":{\"@type\":\"ImageObject\",\"inLanguage\":\"en-US\",\"@id\":\"https:\\\/\\\/cioelectro.com\\\/#\\\/schema\\\/logo\\\/image\\\/\",\"url\":\"https:\\\/\\\/cioelectro.com\\\/wp-content\\\/uploads\\\/2025\\\/12\\\/Logo-2-1200x800.png\",\"contentUrl\":\"https:\\\/\\\/cioelectro.com\\\/wp-content\\\/uploads\\\/2025\\\/12\\\/Logo-2-1200x800.png\",\"width\":1200,\"height\":800,\"caption\":\"CIOELECTRO\"},\"image\":{\"@id\":\"https:\\\/\\\/cioelectro.com\\\/#\\\/schema\\\/logo\\\/image\\\/\"}}]}<\/script>\n<!-- \/ Yoast SEO Premium plugin. -->","yoast_head_json":{"title":"HAWK Citytrek Lady \u00bbHAWK Citytrek Lady Blue","description":"Entdecken Sie unseren Online-Fahrradladen: Gro\u00dfe Auswahl an Modellen f\u00fcr alle Radsportbegeisterten. Von Rennr\u00e4dern bis zu Mountainbikes - finden Sie heute Ihren perfekten Wegbegleiter!","robots":{"index":"index","follow":"follow","max-snippet":"max-snippet:-1","max-image-preview":"max-image-preview:large","max-video-preview":"max-video-preview:-1"},"canonical":"https:\/\/cioelectro.com\/en\/produkt\/hawk-bikes-cityrad-hawk-citytrek-lady-deluxe-plus-ocean-blue\/","og_locale":"en_US","og_type":"article","og_title":"HAWK Citytrek Lady \u00bbHAWK Citytrek Lady Blue","og_description":"Entdecken Sie unseren Online-Fahrradladen: Gro\u00dfe Auswahl an Modellen f\u00fcr alle Radsportbegeisterten. Von Rennr\u00e4dern bis zu Mountainbikes - finden Sie heute Ihren perfekten Wegbegleiter!","og_url":"https:\/\/cioelectro.com\/en\/produkt\/hawk-bikes-cityrad-hawk-citytrek-lady-deluxe-plus-ocean-blue\/","og_site_name":"cioelectro.com","article_modified_time":"2023-08-10T17:32:25+00:00","og_image":[{"width":551,"height":356,"url":"https:\/\/cioelectro.com\/wp-content\/uploads\/2023\/06\/3c74c3d8-a381-5efb-8962-f9ba5f3c8872.jpg","type":"image\/jpeg"}],"twitter_card":"summary_large_image","twitter_misc":{"Est. reading time":"2 minutes"},"schema":{"@context":"https:\/\/schema.org","@graph":[{"@type":"WebPage","@id":"https:\/\/cioelectro.com\/produkt\/hawk-bikes-cityrad-hawk-citytrek-lady-deluxe-plus-ocean-blue\/","url":"https:\/\/cioelectro.com\/produkt\/hawk-bikes-cityrad-hawk-citytrek-lady-deluxe-plus-ocean-blue\/","name":"HAWK Citytrek Lady \u00bbHAWK Citytrek Lady Blue","isPartOf":{"@id":"https:\/\/cioelectro.com\/#website"},"primaryImageOfPage":{"@id":"https:\/\/cioelectro.com\/produkt\/hawk-bikes-cityrad-hawk-citytrek-lady-deluxe-plus-ocean-blue\/#primaryimage"},"image":{"@id":"https:\/\/cioelectro.com\/produkt\/hawk-bikes-cityrad-hawk-citytrek-lady-deluxe-plus-ocean-blue\/#primaryimage"},"thumbnailUrl":"https:\/\/cioelectro.com\/wp-content\/uploads\/2023\/06\/3c74c3d8-a381-5efb-8962-f9ba5f3c8872.jpg","datePublished":"2022-12-06T17:35:59+00:00","dateModified":"2023-08-10T17:32:25+00:00","description":"Entdecken Sie unseren Online-Fahrradladen: Gro\u00dfe Auswahl an Modellen f\u00fcr alle Radsportbegeisterten. Von Rennr\u00e4dern bis zu Mountainbikes - finden Sie heute Ihren perfekten Wegbegleiter!","breadcrumb":{"@id":"https:\/\/cioelectro.com\/produkt\/hawk-bikes-cityrad-hawk-citytrek-lady-deluxe-plus-ocean-blue\/#breadcrumb"},"inLanguage":"en-US","potentialAction":[{"@type":"ReadAction","target":["https:\/\/cioelectro.com\/produkt\/hawk-bikes-cityrad-hawk-citytrek-lady-deluxe-plus-ocean-blue\/"]}]},{"@type":"ImageObject","inLanguage":"en-US","@id":"https:\/\/cioelectro.com\/produkt\/hawk-bikes-cityrad-hawk-citytrek-lady-deluxe-plus-ocean-blue\/#primaryimage","url":"https:\/\/cioelectro.com\/wp-content\/uploads\/2023\/06\/3c74c3d8-a381-5efb-8962-f9ba5f3c8872.jpg","contentUrl":"https:\/\/cioelectro.com\/wp-content\/uploads\/2023\/06\/3c74c3d8-a381-5efb-8962-f9ba5f3c8872.jpg","width":551,"height":356,"caption":"HAWK Bikes Cityrad \u00bbHAWK Citytrek Lady Deluxe Plus Ocean Blue"},{"@type":"BreadcrumbList","@id":"https:\/\/cioelectro.com\/produkt\/hawk-bikes-cityrad-hawk-citytrek-lady-deluxe-plus-ocean-blue\/#breadcrumb","itemListElement":[{"@type":"ListItem","position":1,"name":"Startseite","item":"https:\/\/cioelectro.com\/"},{"@type":"ListItem","position":2,"name":"LADEN","item":"https:\/\/cioelectro.com\/laden\/"},{"@type":"ListItem","position":3,"name":"HAWK Citytrek Lady \u00bbHAWK Citytrek Lady Blue"}]},{"@type":"WebSite","@id":"https:\/\/cioelectro.com\/#website","url":"https:\/\/cioelectro.com\/","name":"cioelectro.com","description":"Treten Sie mit uns ins Abenteuer!","publisher":{"@id":"https:\/\/cioelectro.com\/#organization"},"alternateName":"MEIN RADLADEN","potentialAction":[{"@type":"SearchAction","target":{"@type":"EntryPoint","urlTemplate":"https:\/\/cioelectro.com\/?s={search_term_string}"},"query-input":{"@type":"PropertyValueSpecification","valueRequired":true,"valueName":"search_term_string"}}],"inLanguage":"en-US"},{"@type":"Organization","@id":"https:\/\/cioelectro.com\/#organization","name":"CIOELECTRO","alternateName":"MEIN RADLADEN","url":"https:\/\/cioelectro.com\/","logo":{"@type":"ImageObject","inLanguage":"en-US","@id":"https:\/\/cioelectro.com\/#\/schema\/logo\/image\/","url":"https:\/\/cioelectro.com\/wp-content\/uploads\/2025\/12\/Logo-2-1200x800.png","contentUrl":"https:\/\/cioelectro.com\/wp-content\/uploads\/2025\/12\/Logo-2-1200x800.png","width":1200,"height":800,"caption":"CIOELECTRO"},"image":{"@id":"https:\/\/cioelectro.com\/#\/schema\/logo\/image\/"}}]}},"_links":{"self":[{"href":"https:\/\/cioelectro.com\/en\/wp-json\/wp\/v2\/product\/48449","targetHints":{"allow":["GET"]}}],"collection":[{"href":"https:\/\/cioelectro.com\/en\/wp-json\/wp\/v2\/product"}],"about":[{"href":"https:\/\/cioelectro.com\/en\/wp-json\/wp\/v2\/types\/product"}],"replies":[{"embeddable":true,"href":"https:\/\/cioelectro.com\/en\/wp-json\/wp\/v2\/comments?post=48449"}],"version-history":[{"count":0,"href":"https:\/\/cioelectro.com\/en\/wp-json\/wp\/v2\/product\/48449\/revisions"}],"wp:featuredmedia":[{"embeddable":true,"href":"https:\/\/cioelectro.com\/en\/wp-json\/wp\/v2\/media\/64709"}],"wp:attachment":[{"href":"https:\/\/cioelectro.com\/en\/wp-json\/wp\/v2\/media?parent=48449"}],"wp:term":[{"taxonomy":"product_brand","embeddable":true,"href":"https:\/\/cioelectro.com\/en\/wp-json\/wp\/v2\/product_brand?post=48449"},{"taxonomy":"product_cat","embeddable":true,"href":"https:\/\/cioelectro.com\/en\/wp-json\/wp\/v2\/product_cat?post=48449"},{"taxonomy":"product_tag","embeddable":true,"href":"https:\/\/cioelectro.com\/en\/wp-json\/wp\/v2\/product_tag?post=48449"}],"curies":[{"name":"wp","href":"https:\/\/api.w.org\/{rel}","templated":true}]}}