{"id":48493,"date":"2022-12-07T11:25:05","date_gmt":"2022-12-07T10:25:05","guid":{"rendered":"https:\/\/meinradladen.com\/?post_type=product&#038;p=48493"},"modified":"2023-08-10T19:30:30","modified_gmt":"2023-08-10T17:30:30","slug":"vecocraft-cityrad-athena-13-ah-8-gang","status":"publish","type":"product","link":"https:\/\/cioelectro.com\/en\/produkt\/vecocraft-cityrad-athena-13-ah-8-gang\/","title":{"rendered":"VECOCRAFT Cityrad \u00bbAthena 13 Ah\u00ab, 8 Gang"},"content":{"rendered":"<div class=\"pl_grid-col-12\">\n<div class=\"pl_block\">\n<h2 class=\"pdp_variation-name pl_headline100\" data-qa=\"variationName\">VECOCRAFT Cityrad \u00bbAthena 13 Ah\u00ab, 8 Gang<\/h2>\n<p>Athena 13 Ah ist ein klassisches Stadtbike in zeitgem\u00e4\u00dfer Optik, das mit seinem integrierten Mittelmotor f\u00fcr besonderen Fahrspa\u00df sorgt. Mit dem Athena 8 gelangen Sie stressfrei zur Arbeit oder k\u00f6nnen kleine Ausfl\u00fcge in der Freizeit unternehmen, wobei Ihnen unser Onlineshop das Ebike g\u00fcnstig und mit einem umfassenden Service anbietet.<\/p>\n<p><strong>E-Citybike aus vielen hochwertigen Komponenten<\/strong><br \/>\nDas Athena 8 ist aus einer hochwertigen Alu-Legierung gefertigt, was f\u00fcr den Rahmen und die Gabel von SR SUNTOUR ebenso gilt Lenker, Sattelst\u00fctze, Pedale und mehr. Als klassisches Stadtfahrrad ist das E-Bike mit LED-Scheinwerfern und R\u00fccklicht mit eingebauter Batterie von Spanniga ausgestattet, eine halbe Kettenabdeckung fungiert als Schutz vor diversen Au\u00dfeneinwirkungen. Mit 700*42C CST Reifen und hochwertigen Alufelgen sowie schwarzen Stahlspeichen bietet das Rad eine sichere Auflage auf Asphalt und anderen Bel\u00e4gen. Griffe und Sattel sind im klassischen Format von Citybikes gefertigt und verleihen Ihnen ein sicheres Fahrgef\u00fchl in allen Verkehrssituationen.<\/p>\n<p><strong>Praktischer Hintermotor f\u00fcr zus\u00e4tzlichen Antrieb<\/strong><br \/>\nUm schneller an Ihr Ziel zu kommen und Kr\u00e4fte bei Anstiegen einzusparen, verf\u00fcgt das Athena 8 \u00fcber einen 250 Watt Hintermotor von Shengyi.<\/p>\n<p>Seine Energie zieht der Motor aus der mittig an der Nabe angebrachten Down-Tube-Batterie mit 12 Ah Ladekapazit\u00e4t bei 36 Volt Spannung. Das Aufladen wird \u00fcber ein intelligentes Ladeger\u00e4t m\u00f6glich, um schnell wieder auf die zus\u00e4tzliche Antriebskraft des Motors vertrauen zu k\u00f6nnen. Alle wichtigen Informationen w\u00e4hrend und nach der Fahrt k\u00f6nnen Sie \u00fcber das praktische LCD-Display im Frontbereich ablesen. Mit seiner Leistung von 250 Watt entspricht das Athena 8 einem zeitgem\u00e4\u00dfen Standard, um kleine und mittlere Anstiege problemlos zu meistern.<\/p>\n<p>Ausstattung<\/p>\n<ul>\n<li>36V 250W Shengyi Hintermotor<\/li>\n<li>SR Suntour Alu-Federgabel, verschlie\u00dfbar<\/li>\n<li>Tektro Scheibenbremsen<\/li>\n<li>Selle Royal Sattel<\/li>\n<li>LCD Display<br \/>\n<h2 class=\"pl_headline200 pl_mb50\">Details<\/h2>\n<div class=\"pl_text-expander pl_copy100 pdp_details__text-expander js_pdp_details__text-expander pl_text-expander--has-more pl_text-expander--expanded\" lang=\"de\">\n<div class=\"pdp_details__characteristics-html\">\n<table class=\"dv_characteristicsTable\">\n<caption>RAHMEN<\/caption>\n<tbody>\n<tr>\n<td class=\"left\">Typ Rahmen<\/td>\n<td>Hardtail<\/td>\n<\/tr>\n<tr>\n<td class=\"left\">Farbe Rahmen<\/td>\n<td>Wei\u00df<\/td>\n<\/tr>\n<\/tbody>\n<\/table>\n<table class=\"dv_characteristicsTable\">\n<caption>SCHALTUNG \/ ANTRIEB<\/caption>\n<tbody>\n<tr>\n<td class=\"left\">Anzahl G\u00e4nge<\/td>\n<td>8<\/td>\n<\/tr>\n<\/tbody>\n<\/table>\n<table class=\"dv_characteristicsTable\">\n<caption>HINWEISE<\/caption>\n<tbody>\n<tr>\n<td class=\"left\">Altersempfehlung<\/td>\n<td>Es liegt keine Altersempfehlung vor<\/td>\n<\/tr>\n<tr>\n<td class=\"left\">Nutzungsbereich<\/td>\n<td>innerhalb der StVZO<\/td>\n<\/tr>\n<tr>\n<td class=\"left\">Zul\u00e4ssiges Gesamtgewicht<\/td>\n<td>120 kg<\/td>\n<\/tr>\n<\/tbody>\n<\/table>\n<\/div>\n<\/div>\n<\/li>\n<\/ul>\n<\/div>\n<\/div>","protected":false},"excerpt":{"rendered":"<p>VECOCRAFT Cityrad \u00bbAthena 13 Ah\u00ab, 8 Gang Athena 13 Ah ist ein klassisches Stadtbike in zeitgem\u00e4\u00dfer Optik, das mit seinem<\/p>","protected":false},"featured_media":64726,"comment_status":"open","ping_status":"closed","template":"","meta":{"_rtcl_gb_attr":""},"product_brand":[],"product_cat":[33,34],"product_tag":[],"class_list":{"0":"post-48493","1":"product","2":"type-product","3":"status-publish","4":"has-post-thumbnail","6":"product_cat-e-bike","7":"product_cat-e-bike-city-urban","8":"pa_marke-vecocraft","10":"first","11":"instock","12":"taxable","13":"shipping-taxable","14":"purchasable","15":"product-type-variable"},"yoast_head":"<!-- This site is optimized with the Yoast SEO Premium plugin v20.12 (Yoast SEO v27.4) - https:\/\/yoast.com\/product\/yoast-seo-premium-wordpress\/ -->\n<title>VECOCRAFT Cityrad \u00bbAthena 13 Ah\u00ab, 8 Gang<\/title>\n<meta name=\"description\" content=\"Entdecken Sie unseren Online-Fahrradladen: Gro\u00dfe Auswahl an Modellen f\u00fcr alle Radsportbegeisterten. Von Rennr\u00e4dern bis zu Mountainbikes - finden Sie heute Ihren perfekten Wegbegleiter!\" \/>\n<meta name=\"robots\" content=\"index, follow, max-snippet:-1, max-image-preview:large, max-video-preview:-1\" \/>\n<link rel=\"canonical\" href=\"https:\/\/cioelectro.com\/en\/produkt\/vecocraft-cityrad-athena-13-ah-8-gang\/\" \/>\n<meta property=\"og:locale\" content=\"en_US\" \/>\n<meta property=\"og:type\" content=\"article\" \/>\n<meta property=\"og:title\" content=\"VECOCRAFT Cityrad \u00bbAthena 13 Ah\u00ab, 8 Gang\" \/>\n<meta property=\"og:description\" content=\"Entdecken Sie unseren Online-Fahrradladen: Gro\u00dfe Auswahl an Modellen f\u00fcr alle Radsportbegeisterten. Von Rennr\u00e4dern bis zu Mountainbikes - finden Sie heute Ihren perfekten Wegbegleiter!\" \/>\n<meta property=\"og:url\" content=\"https:\/\/cioelectro.com\/en\/produkt\/vecocraft-cityrad-athena-13-ah-8-gang\/\" \/>\n<meta property=\"og:site_name\" content=\"cioelectro.com\" \/>\n<meta property=\"article:modified_time\" content=\"2023-08-10T17:30:30+00:00\" \/>\n<meta property=\"og:image\" content=\"https:\/\/cioelectro.com\/wp-content\/uploads\/2023\/06\/7cc67fdc-fe12-436f-9850-4c6db3e34dce.jpg\" \/>\n\t<meta property=\"og:image:width\" content=\"538\" \/>\n\t<meta property=\"og:image:height\" content=\"520\" \/>\n\t<meta property=\"og:image:type\" content=\"image\/jpeg\" \/>\n<meta name=\"twitter:card\" content=\"summary_large_image\" \/>\n<meta name=\"twitter:label1\" content=\"Est. reading time\" \/>\n\t<meta name=\"twitter:data1\" content=\"2 minutes\" \/>\n<script type=\"application\/ld+json\" class=\"yoast-schema-graph\">{\"@context\":\"https:\\\/\\\/schema.org\",\"@graph\":[{\"@type\":\"WebPage\",\"@id\":\"https:\\\/\\\/cioelectro.com\\\/produkt\\\/vecocraft-cityrad-athena-13-ah-8-gang\\\/\",\"url\":\"https:\\\/\\\/cioelectro.com\\\/produkt\\\/vecocraft-cityrad-athena-13-ah-8-gang\\\/\",\"name\":\"VECOCRAFT Cityrad \u00bbAthena 13 Ah\u00ab, 8 Gang\",\"isPartOf\":{\"@id\":\"https:\\\/\\\/cioelectro.com\\\/#website\"},\"primaryImageOfPage\":{\"@id\":\"https:\\\/\\\/cioelectro.com\\\/produkt\\\/vecocraft-cityrad-athena-13-ah-8-gang\\\/#primaryimage\"},\"image\":{\"@id\":\"https:\\\/\\\/cioelectro.com\\\/produkt\\\/vecocraft-cityrad-athena-13-ah-8-gang\\\/#primaryimage\"},\"thumbnailUrl\":\"https:\\\/\\\/cioelectro.com\\\/wp-content\\\/uploads\\\/2023\\\/06\\\/7cc67fdc-fe12-436f-9850-4c6db3e34dce.jpg\",\"datePublished\":\"2022-12-07T10:25:05+00:00\",\"dateModified\":\"2023-08-10T17:30:30+00:00\",\"description\":\"Entdecken Sie unseren Online-Fahrradladen: Gro\u00dfe Auswahl an Modellen f\u00fcr alle Radsportbegeisterten. Von Rennr\u00e4dern bis zu Mountainbikes - finden Sie heute Ihren perfekten Wegbegleiter!\",\"breadcrumb\":{\"@id\":\"https:\\\/\\\/cioelectro.com\\\/produkt\\\/vecocraft-cityrad-athena-13-ah-8-gang\\\/#breadcrumb\"},\"inLanguage\":\"en-US\",\"potentialAction\":[{\"@type\":\"ReadAction\",\"target\":[\"https:\\\/\\\/cioelectro.com\\\/produkt\\\/vecocraft-cityrad-athena-13-ah-8-gang\\\/\"]}]},{\"@type\":\"ImageObject\",\"inLanguage\":\"en-US\",\"@id\":\"https:\\\/\\\/cioelectro.com\\\/produkt\\\/vecocraft-cityrad-athena-13-ah-8-gang\\\/#primaryimage\",\"url\":\"https:\\\/\\\/cioelectro.com\\\/wp-content\\\/uploads\\\/2023\\\/06\\\/7cc67fdc-fe12-436f-9850-4c6db3e34dce.jpg\",\"contentUrl\":\"https:\\\/\\\/cioelectro.com\\\/wp-content\\\/uploads\\\/2023\\\/06\\\/7cc67fdc-fe12-436f-9850-4c6db3e34dce.jpg\",\"width\":538,\"height\":520,\"caption\":\"VECOCRAFT Cityrad \u00bbAthena 13 Ah\u00ab\"},{\"@type\":\"BreadcrumbList\",\"@id\":\"https:\\\/\\\/cioelectro.com\\\/produkt\\\/vecocraft-cityrad-athena-13-ah-8-gang\\\/#breadcrumb\",\"itemListElement\":[{\"@type\":\"ListItem\",\"position\":1,\"name\":\"Startseite\",\"item\":\"https:\\\/\\\/cioelectro.com\\\/\"},{\"@type\":\"ListItem\",\"position\":2,\"name\":\"LADEN\",\"item\":\"https:\\\/\\\/cioelectro.com\\\/laden\\\/\"},{\"@type\":\"ListItem\",\"position\":3,\"name\":\"VECOCRAFT Cityrad \u00bbAthena 13 Ah\u00ab, 8 Gang\"}]},{\"@type\":\"WebSite\",\"@id\":\"https:\\\/\\\/cioelectro.com\\\/#website\",\"url\":\"https:\\\/\\\/cioelectro.com\\\/\",\"name\":\"cioelectro.com\",\"description\":\"Treten Sie mit uns ins Abenteuer!\",\"publisher\":{\"@id\":\"https:\\\/\\\/cioelectro.com\\\/#organization\"},\"alternateName\":\"MEIN RADLADEN\",\"potentialAction\":[{\"@type\":\"SearchAction\",\"target\":{\"@type\":\"EntryPoint\",\"urlTemplate\":\"https:\\\/\\\/cioelectro.com\\\/?s={search_term_string}\"},\"query-input\":{\"@type\":\"PropertyValueSpecification\",\"valueRequired\":true,\"valueName\":\"search_term_string\"}}],\"inLanguage\":\"en-US\"},{\"@type\":\"Organization\",\"@id\":\"https:\\\/\\\/cioelectro.com\\\/#organization\",\"name\":\"CIOELECTRO\",\"alternateName\":\"MEIN RADLADEN\",\"url\":\"https:\\\/\\\/cioelectro.com\\\/\",\"logo\":{\"@type\":\"ImageObject\",\"inLanguage\":\"en-US\",\"@id\":\"https:\\\/\\\/cioelectro.com\\\/#\\\/schema\\\/logo\\\/image\\\/\",\"url\":\"https:\\\/\\\/cioelectro.com\\\/wp-content\\\/uploads\\\/2025\\\/12\\\/Logo-2-1200x800.png\",\"contentUrl\":\"https:\\\/\\\/cioelectro.com\\\/wp-content\\\/uploads\\\/2025\\\/12\\\/Logo-2-1200x800.png\",\"width\":1200,\"height\":800,\"caption\":\"CIOELECTRO\"},\"image\":{\"@id\":\"https:\\\/\\\/cioelectro.com\\\/#\\\/schema\\\/logo\\\/image\\\/\"}}]}<\/script>\n<!-- \/ Yoast SEO Premium plugin. -->","yoast_head_json":{"title":"VECOCRAFT Cityrad \u00bbAthena 13 Ah\u00ab, 8 Gang","description":"Entdecken Sie unseren Online-Fahrradladen: Gro\u00dfe Auswahl an Modellen f\u00fcr alle Radsportbegeisterten. Von Rennr\u00e4dern bis zu Mountainbikes - finden Sie heute Ihren perfekten Wegbegleiter!","robots":{"index":"index","follow":"follow","max-snippet":"max-snippet:-1","max-image-preview":"max-image-preview:large","max-video-preview":"max-video-preview:-1"},"canonical":"https:\/\/cioelectro.com\/en\/produkt\/vecocraft-cityrad-athena-13-ah-8-gang\/","og_locale":"en_US","og_type":"article","og_title":"VECOCRAFT Cityrad \u00bbAthena 13 Ah\u00ab, 8 Gang","og_description":"Entdecken Sie unseren Online-Fahrradladen: Gro\u00dfe Auswahl an Modellen f\u00fcr alle Radsportbegeisterten. Von Rennr\u00e4dern bis zu Mountainbikes - finden Sie heute Ihren perfekten Wegbegleiter!","og_url":"https:\/\/cioelectro.com\/en\/produkt\/vecocraft-cityrad-athena-13-ah-8-gang\/","og_site_name":"cioelectro.com","article_modified_time":"2023-08-10T17:30:30+00:00","og_image":[{"width":538,"height":520,"url":"https:\/\/cioelectro.com\/wp-content\/uploads\/2023\/06\/7cc67fdc-fe12-436f-9850-4c6db3e34dce.jpg","type":"image\/jpeg"}],"twitter_card":"summary_large_image","twitter_misc":{"Est. reading time":"2 minutes"},"schema":{"@context":"https:\/\/schema.org","@graph":[{"@type":"WebPage","@id":"https:\/\/cioelectro.com\/produkt\/vecocraft-cityrad-athena-13-ah-8-gang\/","url":"https:\/\/cioelectro.com\/produkt\/vecocraft-cityrad-athena-13-ah-8-gang\/","name":"VECOCRAFT Cityrad \u00bbAthena 13 Ah\u00ab, 8 Gang","isPartOf":{"@id":"https:\/\/cioelectro.com\/#website"},"primaryImageOfPage":{"@id":"https:\/\/cioelectro.com\/produkt\/vecocraft-cityrad-athena-13-ah-8-gang\/#primaryimage"},"image":{"@id":"https:\/\/cioelectro.com\/produkt\/vecocraft-cityrad-athena-13-ah-8-gang\/#primaryimage"},"thumbnailUrl":"https:\/\/cioelectro.com\/wp-content\/uploads\/2023\/06\/7cc67fdc-fe12-436f-9850-4c6db3e34dce.jpg","datePublished":"2022-12-07T10:25:05+00:00","dateModified":"2023-08-10T17:30:30+00:00","description":"Entdecken Sie unseren Online-Fahrradladen: Gro\u00dfe Auswahl an Modellen f\u00fcr alle Radsportbegeisterten. Von Rennr\u00e4dern bis zu Mountainbikes - finden Sie heute Ihren perfekten Wegbegleiter!","breadcrumb":{"@id":"https:\/\/cioelectro.com\/produkt\/vecocraft-cityrad-athena-13-ah-8-gang\/#breadcrumb"},"inLanguage":"en-US","potentialAction":[{"@type":"ReadAction","target":["https:\/\/cioelectro.com\/produkt\/vecocraft-cityrad-athena-13-ah-8-gang\/"]}]},{"@type":"ImageObject","inLanguage":"en-US","@id":"https:\/\/cioelectro.com\/produkt\/vecocraft-cityrad-athena-13-ah-8-gang\/#primaryimage","url":"https:\/\/cioelectro.com\/wp-content\/uploads\/2023\/06\/7cc67fdc-fe12-436f-9850-4c6db3e34dce.jpg","contentUrl":"https:\/\/cioelectro.com\/wp-content\/uploads\/2023\/06\/7cc67fdc-fe12-436f-9850-4c6db3e34dce.jpg","width":538,"height":520,"caption":"VECOCRAFT Cityrad \u00bbAthena 13 Ah\u00ab"},{"@type":"BreadcrumbList","@id":"https:\/\/cioelectro.com\/produkt\/vecocraft-cityrad-athena-13-ah-8-gang\/#breadcrumb","itemListElement":[{"@type":"ListItem","position":1,"name":"Startseite","item":"https:\/\/cioelectro.com\/"},{"@type":"ListItem","position":2,"name":"LADEN","item":"https:\/\/cioelectro.com\/laden\/"},{"@type":"ListItem","position":3,"name":"VECOCRAFT Cityrad \u00bbAthena 13 Ah\u00ab, 8 Gang"}]},{"@type":"WebSite","@id":"https:\/\/cioelectro.com\/#website","url":"https:\/\/cioelectro.com\/","name":"cioelectro.com","description":"Treten Sie mit uns ins Abenteuer!","publisher":{"@id":"https:\/\/cioelectro.com\/#organization"},"alternateName":"MEIN RADLADEN","potentialAction":[{"@type":"SearchAction","target":{"@type":"EntryPoint","urlTemplate":"https:\/\/cioelectro.com\/?s={search_term_string}"},"query-input":{"@type":"PropertyValueSpecification","valueRequired":true,"valueName":"search_term_string"}}],"inLanguage":"en-US"},{"@type":"Organization","@id":"https:\/\/cioelectro.com\/#organization","name":"CIOELECTRO","alternateName":"MEIN RADLADEN","url":"https:\/\/cioelectro.com\/","logo":{"@type":"ImageObject","inLanguage":"en-US","@id":"https:\/\/cioelectro.com\/#\/schema\/logo\/image\/","url":"https:\/\/cioelectro.com\/wp-content\/uploads\/2025\/12\/Logo-2-1200x800.png","contentUrl":"https:\/\/cioelectro.com\/wp-content\/uploads\/2025\/12\/Logo-2-1200x800.png","width":1200,"height":800,"caption":"CIOELECTRO"},"image":{"@id":"https:\/\/cioelectro.com\/#\/schema\/logo\/image\/"}}]}},"_links":{"self":[{"href":"https:\/\/cioelectro.com\/en\/wp-json\/wp\/v2\/product\/48493","targetHints":{"allow":["GET"]}}],"collection":[{"href":"https:\/\/cioelectro.com\/en\/wp-json\/wp\/v2\/product"}],"about":[{"href":"https:\/\/cioelectro.com\/en\/wp-json\/wp\/v2\/types\/product"}],"replies":[{"embeddable":true,"href":"https:\/\/cioelectro.com\/en\/wp-json\/wp\/v2\/comments?post=48493"}],"version-history":[{"count":0,"href":"https:\/\/cioelectro.com\/en\/wp-json\/wp\/v2\/product\/48493\/revisions"}],"wp:featuredmedia":[{"embeddable":true,"href":"https:\/\/cioelectro.com\/en\/wp-json\/wp\/v2\/media\/64726"}],"wp:attachment":[{"href":"https:\/\/cioelectro.com\/en\/wp-json\/wp\/v2\/media?parent=48493"}],"wp:term":[{"taxonomy":"product_brand","embeddable":true,"href":"https:\/\/cioelectro.com\/en\/wp-json\/wp\/v2\/product_brand?post=48493"},{"taxonomy":"product_cat","embeddable":true,"href":"https:\/\/cioelectro.com\/en\/wp-json\/wp\/v2\/product_cat?post=48493"},{"taxonomy":"product_tag","embeddable":true,"href":"https:\/\/cioelectro.com\/en\/wp-json\/wp\/v2\/product_tag?post=48493"}],"curies":[{"name":"wp","href":"https:\/\/api.w.org\/{rel}","templated":true}]}}