{"id":48597,"date":"2022-12-07T13:15:06","date_gmt":"2022-12-07T12:15:06","guid":{"rendered":"https:\/\/meinradladen.com\/?post_type=product&#038;p=48597"},"modified":"2025-04-13T14:44:03","modified_gmt":"2025-04-13T12:44:03","slug":"bergsteiger-kodiak-24-zoll-kinderfahrrad","status":"publish","type":"product","link":"https:\/\/cioelectro.com\/en\/produkt\/bergsteiger-kodiak-24-zoll-kinderfahrrad\/","title":{"rendered":"Bergsteiger Kodiak 24 Zoll Kinderfahrrad"},"content":{"rendered":"<h2 class=\"rd-title\" title=\"Bergsteiger Kodiak 24 Zoll Kinderfahrrad, geeignet f\u00fcr 8, 9, 10, 11 Jahre, Scheibenbremse, Shimano 21 Gang-Schaltung, Mountainbike mit Vollfederung, Jungen-Fahrrad\">Bergsteiger Kodiak 24 Zoll Kinderfahrrad<\/h2>\n<p>Das Mountainbike f\u00fcr maximalen Fahrspa\u00df. Das sportliche Design des Bergsteiger Bergsteiger Kodiak 24 Mountainbikes kann sich sehen lassen! Da macht es richtig Spa\u00df, zu einer Fahrradtour in freier Natur aufzubrechen, denn die stabile Konstruktion des Mountainbikes macht einfach alles mit. Auch f\u00fcr den t\u00e4glichen Weg zu Freunden oder zur Schule ist das Bergsteiger Kodiak Mountainbike eine tolle Empfehlung. Mit einer Gr\u00f6\u00dfe von 24 Zoll ist es f\u00fcr Jugendliche ab 1,35 m K\u00f6rpergr\u00f6\u00dfe geeignet. Das Modell ist ein absoluter Hingucker, der auch aufgrund seiner hochwertigen Lackierung einen bleibenden Eindruck hinterl\u00e4sst.<\/p>\n<p>Auch die technischen Spezifikationen sind \u00fcberzeugend. Das Kodiak Mountainbike verf\u00fcgt \u00fcber einen vollgefederten Hi-Ten Stahlrahmen mit einer Federgabel, die auch st\u00e4rkere Schl\u00e4ge m\u00fchelos wegsteckt. Eine Shimano Tourney Schaltung mit 21 G\u00e4ngen sorgt f\u00fcr komfortables Fahren auch in schwierigem Gel\u00e4nde. Das Bremssystem besteht aus einer vorderen Scheibenbremse und einer hinteren V-Bremse, wodurch die Vorteile beider Bremsenarten optimal kombiniert werden, was f\u00fcr erh\u00f6hte Sicherheit sorgt. Modern und einfach zu justieren ist der Aluminium MTB-Lenker mit A-Headvorbau, der daf\u00fcr b\u00fcrgt, dass das Bergsteiger Kodiak Mountainbike einfach nur gut in der Hand liegt. Die Rahmenh\u00f6he des Fahrrades betr\u00e4gt 39 cm.<\/p>\n<p>Umst\u00e4ndliches Zusammenbauen entf\u00e4llt also: Tats\u00e4chlich sind nur wenige Handgriffe n\u00f6tig, und schon kann die erste Tour losgehen.<\/p>\n<p>Bergsteiger \u2013 Fahrr\u00e4der die bewegen.<\/p>\n<p>&nbsp;<\/p>","protected":false},"excerpt":{"rendered":"<p>Bergsteiger Kodiak 24 Zoll Kinderfahrrad Das Mountainbike f\u00fcr maximalen Fahrspa\u00df. Das sportliche Design des Bergsteiger Bergsteiger Kodiak 24 Mountainbikes kann<\/p>","protected":false},"featured_media":64794,"comment_status":"open","ping_status":"closed","template":"","meta":{"_rtcl_gb_attr":""},"product_brand":[],"product_cat":[783],"product_tag":[],"class_list":{"0":"post-48597","1":"product","2":"type-product","3":"status-publish","4":"has-post-thumbnail","6":"product_cat-accessories","7":"pa_marke-bergsteiger","9":"first","10":"instock","11":"taxable","12":"shipping-taxable","13":"purchasable","14":"product-type-variable"},"yoast_head":"<!-- This site is optimized with the Yoast SEO Premium plugin v20.12 (Yoast SEO v27.4) - https:\/\/yoast.com\/product\/yoast-seo-premium-wordpress\/ -->\n<title>Bergsteiger Kodiak 24 Zoll Kinderfahrrad<\/title>\n<meta name=\"description\" content=\"Entdecken Sie unseren Online-Fahrradladen: Gro\u00dfe Auswahl an Modellen f\u00fcr alle Radsportbegeisterten. Von Rennr\u00e4dern bis zu Mountainbikes - finden Sie heute Ihren perfekten Wegbegleiter!\" \/>\n<meta name=\"robots\" content=\"index, follow, max-snippet:-1, max-image-preview:large, max-video-preview:-1\" \/>\n<link rel=\"canonical\" href=\"https:\/\/cioelectro.com\/en\/produkt\/bergsteiger-kodiak-24-zoll-kinderfahrrad\/\" \/>\n<meta property=\"og:locale\" content=\"en_US\" \/>\n<meta property=\"og:type\" content=\"article\" \/>\n<meta property=\"og:title\" content=\"Bergsteiger Kodiak 24 Zoll Kinderfahrrad\" \/>\n<meta property=\"og:description\" content=\"Entdecken Sie unseren Online-Fahrradladen: Gro\u00dfe Auswahl an Modellen f\u00fcr alle Radsportbegeisterten. Von Rennr\u00e4dern bis zu Mountainbikes - finden Sie heute Ihren perfekten Wegbegleiter!\" \/>\n<meta property=\"og:url\" content=\"https:\/\/cioelectro.com\/en\/produkt\/bergsteiger-kodiak-24-zoll-kinderfahrrad\/\" \/>\n<meta property=\"og:site_name\" content=\"cioelectro.com\" \/>\n<meta property=\"article:modified_time\" content=\"2025-04-13T12:44:03+00:00\" \/>\n<meta property=\"og:image\" content=\"https:\/\/cioelectro.com\/wp-content\/uploads\/2023\/06\/de7e9ed9af5870eb906689b2fde1b233.webp\" \/>\n\t<meta property=\"og:image:width\" content=\"2048\" \/>\n\t<meta property=\"og:image:height\" content=\"2048\" \/>\n\t<meta property=\"og:image:type\" content=\"image\/webp\" \/>\n<meta name=\"twitter:card\" content=\"summary_large_image\" \/>\n<meta name=\"twitter:label1\" content=\"Est. reading time\" \/>\n\t<meta name=\"twitter:data1\" content=\"2 minutes\" \/>\n<script type=\"application\/ld+json\" class=\"yoast-schema-graph\">{\"@context\":\"https:\\\/\\\/schema.org\",\"@graph\":[{\"@type\":\"WebPage\",\"@id\":\"https:\\\/\\\/cioelectro.com\\\/produkt\\\/bergsteiger-kodiak-24-zoll-kinderfahrrad\\\/\",\"url\":\"https:\\\/\\\/cioelectro.com\\\/produkt\\\/bergsteiger-kodiak-24-zoll-kinderfahrrad\\\/\",\"name\":\"Bergsteiger Kodiak 24 Zoll Kinderfahrrad\",\"isPartOf\":{\"@id\":\"https:\\\/\\\/cioelectro.com\\\/#website\"},\"primaryImageOfPage\":{\"@id\":\"https:\\\/\\\/cioelectro.com\\\/produkt\\\/bergsteiger-kodiak-24-zoll-kinderfahrrad\\\/#primaryimage\"},\"image\":{\"@id\":\"https:\\\/\\\/cioelectro.com\\\/produkt\\\/bergsteiger-kodiak-24-zoll-kinderfahrrad\\\/#primaryimage\"},\"thumbnailUrl\":\"https:\\\/\\\/cioelectro.com\\\/wp-content\\\/uploads\\\/2023\\\/06\\\/de7e9ed9af5870eb906689b2fde1b233.webp\",\"datePublished\":\"2022-12-07T12:15:06+00:00\",\"dateModified\":\"2025-04-13T12:44:03+00:00\",\"description\":\"Entdecken Sie unseren Online-Fahrradladen: Gro\u00dfe Auswahl an Modellen f\u00fcr alle Radsportbegeisterten. Von Rennr\u00e4dern bis zu Mountainbikes - finden Sie heute Ihren perfekten Wegbegleiter!\",\"breadcrumb\":{\"@id\":\"https:\\\/\\\/cioelectro.com\\\/produkt\\\/bergsteiger-kodiak-24-zoll-kinderfahrrad\\\/#breadcrumb\"},\"inLanguage\":\"en-US\",\"potentialAction\":[{\"@type\":\"ReadAction\",\"target\":[\"https:\\\/\\\/cioelectro.com\\\/produkt\\\/bergsteiger-kodiak-24-zoll-kinderfahrrad\\\/\"]}]},{\"@type\":\"ImageObject\",\"inLanguage\":\"en-US\",\"@id\":\"https:\\\/\\\/cioelectro.com\\\/produkt\\\/bergsteiger-kodiak-24-zoll-kinderfahrrad\\\/#primaryimage\",\"url\":\"https:\\\/\\\/cioelectro.com\\\/wp-content\\\/uploads\\\/2023\\\/06\\\/de7e9ed9af5870eb906689b2fde1b233.webp\",\"contentUrl\":\"https:\\\/\\\/cioelectro.com\\\/wp-content\\\/uploads\\\/2023\\\/06\\\/de7e9ed9af5870eb906689b2fde1b233.webp\",\"width\":2048,\"height\":2048,\"caption\":\"Bergsteiger Kodiak 24 Zoll Kinderfahrrad\"},{\"@type\":\"BreadcrumbList\",\"@id\":\"https:\\\/\\\/cioelectro.com\\\/produkt\\\/bergsteiger-kodiak-24-zoll-kinderfahrrad\\\/#breadcrumb\",\"itemListElement\":[{\"@type\":\"ListItem\",\"position\":1,\"name\":\"Startseite\",\"item\":\"https:\\\/\\\/cioelectro.com\\\/\"},{\"@type\":\"ListItem\",\"position\":2,\"name\":\"LADEN\",\"item\":\"https:\\\/\\\/cioelectro.com\\\/laden\\\/\"},{\"@type\":\"ListItem\",\"position\":3,\"name\":\"Bergsteiger Kodiak 24 Zoll Kinderfahrrad\"}]},{\"@type\":\"WebSite\",\"@id\":\"https:\\\/\\\/cioelectro.com\\\/#website\",\"url\":\"https:\\\/\\\/cioelectro.com\\\/\",\"name\":\"cioelectro.com\",\"description\":\"Treten Sie mit uns ins Abenteuer!\",\"publisher\":{\"@id\":\"https:\\\/\\\/cioelectro.com\\\/#organization\"},\"alternateName\":\"MEIN RADLADEN\",\"potentialAction\":[{\"@type\":\"SearchAction\",\"target\":{\"@type\":\"EntryPoint\",\"urlTemplate\":\"https:\\\/\\\/cioelectro.com\\\/?s={search_term_string}\"},\"query-input\":{\"@type\":\"PropertyValueSpecification\",\"valueRequired\":true,\"valueName\":\"search_term_string\"}}],\"inLanguage\":\"en-US\"},{\"@type\":\"Organization\",\"@id\":\"https:\\\/\\\/cioelectro.com\\\/#organization\",\"name\":\"CIOELECTRO\",\"alternateName\":\"MEIN RADLADEN\",\"url\":\"https:\\\/\\\/cioelectro.com\\\/\",\"logo\":{\"@type\":\"ImageObject\",\"inLanguage\":\"en-US\",\"@id\":\"https:\\\/\\\/cioelectro.com\\\/#\\\/schema\\\/logo\\\/image\\\/\",\"url\":\"https:\\\/\\\/cioelectro.com\\\/wp-content\\\/uploads\\\/2025\\\/12\\\/Logo-2-1200x800.png\",\"contentUrl\":\"https:\\\/\\\/cioelectro.com\\\/wp-content\\\/uploads\\\/2025\\\/12\\\/Logo-2-1200x800.png\",\"width\":1200,\"height\":800,\"caption\":\"CIOELECTRO\"},\"image\":{\"@id\":\"https:\\\/\\\/cioelectro.com\\\/#\\\/schema\\\/logo\\\/image\\\/\"}}]}<\/script>\n<!-- \/ Yoast SEO Premium plugin. -->","yoast_head_json":{"title":"Bergsteiger Kodiak 24 Zoll Kinderfahrrad","description":"Entdecken Sie unseren Online-Fahrradladen: Gro\u00dfe Auswahl an Modellen f\u00fcr alle Radsportbegeisterten. Von Rennr\u00e4dern bis zu Mountainbikes - finden Sie heute Ihren perfekten Wegbegleiter!","robots":{"index":"index","follow":"follow","max-snippet":"max-snippet:-1","max-image-preview":"max-image-preview:large","max-video-preview":"max-video-preview:-1"},"canonical":"https:\/\/cioelectro.com\/en\/produkt\/bergsteiger-kodiak-24-zoll-kinderfahrrad\/","og_locale":"en_US","og_type":"article","og_title":"Bergsteiger Kodiak 24 Zoll Kinderfahrrad","og_description":"Entdecken Sie unseren Online-Fahrradladen: Gro\u00dfe Auswahl an Modellen f\u00fcr alle Radsportbegeisterten. Von Rennr\u00e4dern bis zu Mountainbikes - finden Sie heute Ihren perfekten Wegbegleiter!","og_url":"https:\/\/cioelectro.com\/en\/produkt\/bergsteiger-kodiak-24-zoll-kinderfahrrad\/","og_site_name":"cioelectro.com","article_modified_time":"2025-04-13T12:44:03+00:00","og_image":[{"width":2048,"height":2048,"url":"https:\/\/cioelectro.com\/wp-content\/uploads\/2023\/06\/de7e9ed9af5870eb906689b2fde1b233.webp","type":"image\/webp"}],"twitter_card":"summary_large_image","twitter_misc":{"Est. reading time":"2 minutes"},"schema":{"@context":"https:\/\/schema.org","@graph":[{"@type":"WebPage","@id":"https:\/\/cioelectro.com\/produkt\/bergsteiger-kodiak-24-zoll-kinderfahrrad\/","url":"https:\/\/cioelectro.com\/produkt\/bergsteiger-kodiak-24-zoll-kinderfahrrad\/","name":"Bergsteiger Kodiak 24 Zoll Kinderfahrrad","isPartOf":{"@id":"https:\/\/cioelectro.com\/#website"},"primaryImageOfPage":{"@id":"https:\/\/cioelectro.com\/produkt\/bergsteiger-kodiak-24-zoll-kinderfahrrad\/#primaryimage"},"image":{"@id":"https:\/\/cioelectro.com\/produkt\/bergsteiger-kodiak-24-zoll-kinderfahrrad\/#primaryimage"},"thumbnailUrl":"https:\/\/cioelectro.com\/wp-content\/uploads\/2023\/06\/de7e9ed9af5870eb906689b2fde1b233.webp","datePublished":"2022-12-07T12:15:06+00:00","dateModified":"2025-04-13T12:44:03+00:00","description":"Entdecken Sie unseren Online-Fahrradladen: Gro\u00dfe Auswahl an Modellen f\u00fcr alle Radsportbegeisterten. Von Rennr\u00e4dern bis zu Mountainbikes - finden Sie heute Ihren perfekten Wegbegleiter!","breadcrumb":{"@id":"https:\/\/cioelectro.com\/produkt\/bergsteiger-kodiak-24-zoll-kinderfahrrad\/#breadcrumb"},"inLanguage":"en-US","potentialAction":[{"@type":"ReadAction","target":["https:\/\/cioelectro.com\/produkt\/bergsteiger-kodiak-24-zoll-kinderfahrrad\/"]}]},{"@type":"ImageObject","inLanguage":"en-US","@id":"https:\/\/cioelectro.com\/produkt\/bergsteiger-kodiak-24-zoll-kinderfahrrad\/#primaryimage","url":"https:\/\/cioelectro.com\/wp-content\/uploads\/2023\/06\/de7e9ed9af5870eb906689b2fde1b233.webp","contentUrl":"https:\/\/cioelectro.com\/wp-content\/uploads\/2023\/06\/de7e9ed9af5870eb906689b2fde1b233.webp","width":2048,"height":2048,"caption":"Bergsteiger Kodiak 24 Zoll Kinderfahrrad"},{"@type":"BreadcrumbList","@id":"https:\/\/cioelectro.com\/produkt\/bergsteiger-kodiak-24-zoll-kinderfahrrad\/#breadcrumb","itemListElement":[{"@type":"ListItem","position":1,"name":"Startseite","item":"https:\/\/cioelectro.com\/"},{"@type":"ListItem","position":2,"name":"LADEN","item":"https:\/\/cioelectro.com\/laden\/"},{"@type":"ListItem","position":3,"name":"Bergsteiger Kodiak 24 Zoll Kinderfahrrad"}]},{"@type":"WebSite","@id":"https:\/\/cioelectro.com\/#website","url":"https:\/\/cioelectro.com\/","name":"cioelectro.com","description":"Treten Sie mit uns ins Abenteuer!","publisher":{"@id":"https:\/\/cioelectro.com\/#organization"},"alternateName":"MEIN RADLADEN","potentialAction":[{"@type":"SearchAction","target":{"@type":"EntryPoint","urlTemplate":"https:\/\/cioelectro.com\/?s={search_term_string}"},"query-input":{"@type":"PropertyValueSpecification","valueRequired":true,"valueName":"search_term_string"}}],"inLanguage":"en-US"},{"@type":"Organization","@id":"https:\/\/cioelectro.com\/#organization","name":"CIOELECTRO","alternateName":"MEIN RADLADEN","url":"https:\/\/cioelectro.com\/","logo":{"@type":"ImageObject","inLanguage":"en-US","@id":"https:\/\/cioelectro.com\/#\/schema\/logo\/image\/","url":"https:\/\/cioelectro.com\/wp-content\/uploads\/2025\/12\/Logo-2-1200x800.png","contentUrl":"https:\/\/cioelectro.com\/wp-content\/uploads\/2025\/12\/Logo-2-1200x800.png","width":1200,"height":800,"caption":"CIOELECTRO"},"image":{"@id":"https:\/\/cioelectro.com\/#\/schema\/logo\/image\/"}}]}},"_links":{"self":[{"href":"https:\/\/cioelectro.com\/en\/wp-json\/wp\/v2\/product\/48597","targetHints":{"allow":["GET"]}}],"collection":[{"href":"https:\/\/cioelectro.com\/en\/wp-json\/wp\/v2\/product"}],"about":[{"href":"https:\/\/cioelectro.com\/en\/wp-json\/wp\/v2\/types\/product"}],"replies":[{"embeddable":true,"href":"https:\/\/cioelectro.com\/en\/wp-json\/wp\/v2\/comments?post=48597"}],"version-history":[{"count":0,"href":"https:\/\/cioelectro.com\/en\/wp-json\/wp\/v2\/product\/48597\/revisions"}],"wp:featuredmedia":[{"embeddable":true,"href":"https:\/\/cioelectro.com\/en\/wp-json\/wp\/v2\/media\/64794"}],"wp:attachment":[{"href":"https:\/\/cioelectro.com\/en\/wp-json\/wp\/v2\/media?parent=48597"}],"wp:term":[{"taxonomy":"product_brand","embeddable":true,"href":"https:\/\/cioelectro.com\/en\/wp-json\/wp\/v2\/product_brand?post=48597"},{"taxonomy":"product_cat","embeddable":true,"href":"https:\/\/cioelectro.com\/en\/wp-json\/wp\/v2\/product_cat?post=48597"},{"taxonomy":"product_tag","embeddable":true,"href":"https:\/\/cioelectro.com\/en\/wp-json\/wp\/v2\/product_tag?post=48597"}],"curies":[{"name":"wp","href":"https:\/\/api.w.org\/{rel}","templated":true}]}}