{"id":48804,"date":"2022-12-08T11:39:25","date_gmt":"2022-12-08T10:39:25","guid":{"rendered":"https:\/\/meinradladen.com\/?post_type=product&#038;p=48804"},"modified":"2023-08-10T19:19:17","modified_gmt":"2023-08-10T17:19:17","slug":"e-bike-fatbike-schnee-fahrradelektrofahrrad","status":"publish","type":"product","link":"https:\/\/cioelectro.com\/en\/produkt\/e-bike-fatbike-schnee-fahrradelektrofahrrad\/","title":{"rendered":"E-Bike Fatbike Schnee-Fahrrad,Elektrofahrrad,"},"content":{"rendered":"<h2 class=\"rd-title\" title=\"26 Zoll faltbares E-Bikes, E-Bike Fatbike Schnee-Fahrrad,Elektrofahrrad, Mountainbike Klappbar E-Faltrad Citybike 21 G\u00e4nge 40km\/h\">E-Bike Fatbike Schnee-Fahrrad,Elektrofahrrad<\/h2>\n<p>Der neue E-bike Fatbike Schnee-Fahrrad J50 Motor mit 95 NM Drehmoment ist ein echtes Kraftpaket und ist speziell f\u00fcr den Einsatz im Offroad Bereich konzipiert worden und beschert Fahrspa\u00df \u00fcpur.<\/p>\n<p>12.8AH austauschbare Lithiumbatterie<br \/>\nDer J50 wird von einem 48V 12.8 Ah-Lithium-Akku ausreichend mit Strom versorgt. Der 614 Wattstunden Lithium Ionen Akku ist vollst\u00e4ndig in den Rahmen integriert, um ihn noch besser vor \u00e4u\u00dferen Einfl\u00fcssen und Diebstahl zu sch\u00fctzen. Au\u00dferdem ist der Akku abnehmbar und abschlie\u00dfbar und kann verwendet werden Aufgeladen in jeder Standardsteckdose. Abh\u00e4ngig von einer Vielzahl von Faktoren kann mit der Batterie eine Reichweite von 90 km erreicht werden.<\/p>\n<p>Intelligentes LCD-Messger\u00e4t<br \/>\nDas am Lenker befestigte M5 Display mit separater Bedieneinheit l\u00e4sst sich clever und \u00fcbersichtlich bedienen. \u00dcber das die Fernbedienung k\u00f6nnen die vier Unterst\u00fctzungsstufen gew\u00e4hlt und viele Fahrdaten abgerufen werden. Es zeigt dir alle wichtigen Fahrinformationen, wie aktueller Ladezustand des Akkus, Tageskilometer, Geschwindigkeit oder Restreichweite an.<\/p>\n<p>XOD \u00d6l-Scheibenbremse<br \/>\nDer J50 ist mit der XOD-\u00d6lscheibenbremse ausgestattet, die \u00fcber ein eigenes Bremsabschaltsystem verf\u00fcgt.<br \/>\ndie f\u00fcr eine starke und zuverl\u00e4ssige Bremskraft sorgt und den Sicherheitsfaktor beim Fahren deutlich erh\u00f6ht.<\/p>\n<h4>Drei Fahrmodi<\/h4>\n<p>Manueller Modus: Treten Sie das Fahrrad normal wie jedes andere Fahrrad.<br \/>\nPedal Assist-Modus: Der Motor unterst\u00fctzt Sie beim Treten des Fahrrads mit m\u00e4\u00dfiger Leistung. In diesem Modus k\u00f6nnen Sie 70 bis 90 km fahren, bevor Sie aufladen.<br \/>\nVollelektrischer Modus: Drehen Sie den Gashebel in Schritten von Leistung, die Sie zum Antreiben des Fahrradmotors ben\u00f6tigen. In diesem Modus hat er eine Reichweite von 30 bis 40 km.<\/p>\n<p>7-Gang-Schaltung<br \/>\nMit der 7-Geschwindigkeit ist der J50 mit einer ausgereiften E-MTB-Schaltung ausgestattet. Die 7-Gang-Schaltung bietet Ihnen eine breite Palette und unterst\u00fctzt immer Ihre pr\u00e4zise Schaltung. Die hochwertigen Komponenten sind auch unter Last mit sehr robust lange Lebensdauer und niedrige Wartungskosten.<\/p>\n<p>Bereifung<br \/>\nDie 26&#215;4.0-Reifen bieten hervorragende Haftung und Fahrstabilit\u00e4t auch auf rutschigem Untergrund.<br \/>\nSo k\u00f6nnen Sie sich sicher f\u00fchlen, egal ob es windig, regnerisch, sonnig oder verschneit ist.<\/p>","protected":false},"excerpt":{"rendered":"<p>E-Bike Fatbike Schnee-Fahrrad,Elektrofahrrad Der neue E-bike Fatbike Schnee-Fahrrad J50 Motor mit 95 NM Drehmoment ist ein echtes Kraftpaket und ist<\/p>","protected":false},"featured_media":64893,"comment_status":"open","ping_status":"closed","template":"","meta":{"_rtcl_gb_attr":""},"product_brand":[],"product_cat":[33,310],"product_tag":[],"class_list":{"0":"post-48804","1":"product","2":"type-product","3":"status-publish","4":"has-post-thumbnail","6":"product_cat-e-bike","7":"product_cat-e-bike-faltrad","8":"pa_marke-smart","10":"first","11":"instock","12":"taxable","13":"shipping-taxable","14":"purchasable","15":"product-type-variable"},"yoast_head":"<!-- This site is optimized with the Yoast SEO Premium plugin v20.12 (Yoast SEO v27.4) - https:\/\/yoast.com\/product\/yoast-seo-premium-wordpress\/ -->\n<title>E-Bike Fatbike Schnee-Fahrrad,Elektrofahrrad,<\/title>\n<meta name=\"description\" content=\"Entdecken Sie unseren Online-Fahrradladen: Gro\u00dfe Auswahl an Modellen f\u00fcr alle Radsportbegeisterten. Von Rennr\u00e4dern bis zu Mountainbikes - finden Sie heute Ihren perfekten Wegbegleiter!\" \/>\n<meta name=\"robots\" content=\"index, follow, max-snippet:-1, max-image-preview:large, max-video-preview:-1\" \/>\n<link rel=\"canonical\" href=\"https:\/\/cioelectro.com\/en\/produkt\/e-bike-fatbike-schnee-fahrradelektrofahrrad\/\" \/>\n<meta property=\"og:locale\" content=\"en_US\" \/>\n<meta property=\"og:type\" content=\"article\" \/>\n<meta property=\"og:title\" content=\"E-Bike Fatbike Schnee-Fahrrad,Elektrofahrrad,\" \/>\n<meta property=\"og:description\" content=\"Entdecken Sie unseren Online-Fahrradladen: Gro\u00dfe Auswahl an Modellen f\u00fcr alle Radsportbegeisterten. Von Rennr\u00e4dern bis zu Mountainbikes - finden Sie heute Ihren perfekten Wegbegleiter!\" \/>\n<meta property=\"og:url\" content=\"https:\/\/cioelectro.com\/en\/produkt\/e-bike-fatbike-schnee-fahrradelektrofahrrad\/\" \/>\n<meta property=\"og:site_name\" content=\"cioelectro.com\" \/>\n<meta property=\"article:modified_time\" content=\"2023-08-10T17:19:17+00:00\" \/>\n<meta property=\"og:image\" content=\"https:\/\/cioelectro.com\/wp-content\/uploads\/2023\/06\/e11be800e718e82d2ad2031103232c70.webp\" \/>\n\t<meta property=\"og:image:width\" content=\"2048\" \/>\n\t<meta property=\"og:image:height\" content=\"2048\" \/>\n\t<meta property=\"og:image:type\" content=\"image\/webp\" \/>\n<meta name=\"twitter:card\" content=\"summary_large_image\" \/>\n<meta name=\"twitter:label1\" content=\"Est. reading time\" \/>\n\t<meta name=\"twitter:data1\" content=\"2 minutes\" \/>\n<script type=\"application\/ld+json\" class=\"yoast-schema-graph\">{\"@context\":\"https:\\\/\\\/schema.org\",\"@graph\":[{\"@type\":\"WebPage\",\"@id\":\"https:\\\/\\\/cioelectro.com\\\/produkt\\\/e-bike-fatbike-schnee-fahrradelektrofahrrad\\\/\",\"url\":\"https:\\\/\\\/cioelectro.com\\\/produkt\\\/e-bike-fatbike-schnee-fahrradelektrofahrrad\\\/\",\"name\":\"E-Bike Fatbike Schnee-Fahrrad,Elektrofahrrad,\",\"isPartOf\":{\"@id\":\"https:\\\/\\\/cioelectro.com\\\/#website\"},\"primaryImageOfPage\":{\"@id\":\"https:\\\/\\\/cioelectro.com\\\/produkt\\\/e-bike-fatbike-schnee-fahrradelektrofahrrad\\\/#primaryimage\"},\"image\":{\"@id\":\"https:\\\/\\\/cioelectro.com\\\/produkt\\\/e-bike-fatbike-schnee-fahrradelektrofahrrad\\\/#primaryimage\"},\"thumbnailUrl\":\"https:\\\/\\\/cioelectro.com\\\/wp-content\\\/uploads\\\/2023\\\/06\\\/e11be800e718e82d2ad2031103232c70.webp\",\"datePublished\":\"2022-12-08T10:39:25+00:00\",\"dateModified\":\"2023-08-10T17:19:17+00:00\",\"description\":\"Entdecken Sie unseren Online-Fahrradladen: Gro\u00dfe Auswahl an Modellen f\u00fcr alle Radsportbegeisterten. Von Rennr\u00e4dern bis zu Mountainbikes - finden Sie heute Ihren perfekten Wegbegleiter!\",\"breadcrumb\":{\"@id\":\"https:\\\/\\\/cioelectro.com\\\/produkt\\\/e-bike-fatbike-schnee-fahrradelektrofahrrad\\\/#breadcrumb\"},\"inLanguage\":\"en-US\",\"potentialAction\":[{\"@type\":\"ReadAction\",\"target\":[\"https:\\\/\\\/cioelectro.com\\\/produkt\\\/e-bike-fatbike-schnee-fahrradelektrofahrrad\\\/\"]}]},{\"@type\":\"ImageObject\",\"inLanguage\":\"en-US\",\"@id\":\"https:\\\/\\\/cioelectro.com\\\/produkt\\\/e-bike-fatbike-schnee-fahrradelektrofahrrad\\\/#primaryimage\",\"url\":\"https:\\\/\\\/cioelectro.com\\\/wp-content\\\/uploads\\\/2023\\\/06\\\/e11be800e718e82d2ad2031103232c70.webp\",\"contentUrl\":\"https:\\\/\\\/cioelectro.com\\\/wp-content\\\/uploads\\\/2023\\\/06\\\/e11be800e718e82d2ad2031103232c70.webp\",\"width\":2048,\"height\":2048,\"caption\":\"E-Bike Fatbike Schnee-Fahrrad\"},{\"@type\":\"BreadcrumbList\",\"@id\":\"https:\\\/\\\/cioelectro.com\\\/produkt\\\/e-bike-fatbike-schnee-fahrradelektrofahrrad\\\/#breadcrumb\",\"itemListElement\":[{\"@type\":\"ListItem\",\"position\":1,\"name\":\"Startseite\",\"item\":\"https:\\\/\\\/cioelectro.com\\\/\"},{\"@type\":\"ListItem\",\"position\":2,\"name\":\"LADEN\",\"item\":\"https:\\\/\\\/cioelectro.com\\\/laden\\\/\"},{\"@type\":\"ListItem\",\"position\":3,\"name\":\"E-Bike Fatbike Schnee-Fahrrad,Elektrofahrrad,\"}]},{\"@type\":\"WebSite\",\"@id\":\"https:\\\/\\\/cioelectro.com\\\/#website\",\"url\":\"https:\\\/\\\/cioelectro.com\\\/\",\"name\":\"cioelectro.com\",\"description\":\"Treten Sie mit uns ins Abenteuer!\",\"publisher\":{\"@id\":\"https:\\\/\\\/cioelectro.com\\\/#organization\"},\"alternateName\":\"MEIN RADLADEN\",\"potentialAction\":[{\"@type\":\"SearchAction\",\"target\":{\"@type\":\"EntryPoint\",\"urlTemplate\":\"https:\\\/\\\/cioelectro.com\\\/?s={search_term_string}\"},\"query-input\":{\"@type\":\"PropertyValueSpecification\",\"valueRequired\":true,\"valueName\":\"search_term_string\"}}],\"inLanguage\":\"en-US\"},{\"@type\":\"Organization\",\"@id\":\"https:\\\/\\\/cioelectro.com\\\/#organization\",\"name\":\"CIOELECTRO\",\"alternateName\":\"MEIN RADLADEN\",\"url\":\"https:\\\/\\\/cioelectro.com\\\/\",\"logo\":{\"@type\":\"ImageObject\",\"inLanguage\":\"en-US\",\"@id\":\"https:\\\/\\\/cioelectro.com\\\/#\\\/schema\\\/logo\\\/image\\\/\",\"url\":\"https:\\\/\\\/cioelectro.com\\\/wp-content\\\/uploads\\\/2025\\\/12\\\/Logo-2-1200x800.png\",\"contentUrl\":\"https:\\\/\\\/cioelectro.com\\\/wp-content\\\/uploads\\\/2025\\\/12\\\/Logo-2-1200x800.png\",\"width\":1200,\"height\":800,\"caption\":\"CIOELECTRO\"},\"image\":{\"@id\":\"https:\\\/\\\/cioelectro.com\\\/#\\\/schema\\\/logo\\\/image\\\/\"}}]}<\/script>\n<!-- \/ Yoast SEO Premium plugin. -->","yoast_head_json":{"title":"E-Bike Fatbike Schnee-Fahrrad,Elektrofahrrad,","description":"Entdecken Sie unseren Online-Fahrradladen: Gro\u00dfe Auswahl an Modellen f\u00fcr alle Radsportbegeisterten. Von Rennr\u00e4dern bis zu Mountainbikes - finden Sie heute Ihren perfekten Wegbegleiter!","robots":{"index":"index","follow":"follow","max-snippet":"max-snippet:-1","max-image-preview":"max-image-preview:large","max-video-preview":"max-video-preview:-1"},"canonical":"https:\/\/cioelectro.com\/en\/produkt\/e-bike-fatbike-schnee-fahrradelektrofahrrad\/","og_locale":"en_US","og_type":"article","og_title":"E-Bike Fatbike Schnee-Fahrrad,Elektrofahrrad,","og_description":"Entdecken Sie unseren Online-Fahrradladen: Gro\u00dfe Auswahl an Modellen f\u00fcr alle Radsportbegeisterten. Von Rennr\u00e4dern bis zu Mountainbikes - finden Sie heute Ihren perfekten Wegbegleiter!","og_url":"https:\/\/cioelectro.com\/en\/produkt\/e-bike-fatbike-schnee-fahrradelektrofahrrad\/","og_site_name":"cioelectro.com","article_modified_time":"2023-08-10T17:19:17+00:00","og_image":[{"width":2048,"height":2048,"url":"https:\/\/cioelectro.com\/wp-content\/uploads\/2023\/06\/e11be800e718e82d2ad2031103232c70.webp","type":"image\/webp"}],"twitter_card":"summary_large_image","twitter_misc":{"Est. reading time":"2 minutes"},"schema":{"@context":"https:\/\/schema.org","@graph":[{"@type":"WebPage","@id":"https:\/\/cioelectro.com\/produkt\/e-bike-fatbike-schnee-fahrradelektrofahrrad\/","url":"https:\/\/cioelectro.com\/produkt\/e-bike-fatbike-schnee-fahrradelektrofahrrad\/","name":"E-Bike Fatbike Schnee-Fahrrad,Elektrofahrrad,","isPartOf":{"@id":"https:\/\/cioelectro.com\/#website"},"primaryImageOfPage":{"@id":"https:\/\/cioelectro.com\/produkt\/e-bike-fatbike-schnee-fahrradelektrofahrrad\/#primaryimage"},"image":{"@id":"https:\/\/cioelectro.com\/produkt\/e-bike-fatbike-schnee-fahrradelektrofahrrad\/#primaryimage"},"thumbnailUrl":"https:\/\/cioelectro.com\/wp-content\/uploads\/2023\/06\/e11be800e718e82d2ad2031103232c70.webp","datePublished":"2022-12-08T10:39:25+00:00","dateModified":"2023-08-10T17:19:17+00:00","description":"Entdecken Sie unseren Online-Fahrradladen: Gro\u00dfe Auswahl an Modellen f\u00fcr alle Radsportbegeisterten. Von Rennr\u00e4dern bis zu Mountainbikes - finden Sie heute Ihren perfekten Wegbegleiter!","breadcrumb":{"@id":"https:\/\/cioelectro.com\/produkt\/e-bike-fatbike-schnee-fahrradelektrofahrrad\/#breadcrumb"},"inLanguage":"en-US","potentialAction":[{"@type":"ReadAction","target":["https:\/\/cioelectro.com\/produkt\/e-bike-fatbike-schnee-fahrradelektrofahrrad\/"]}]},{"@type":"ImageObject","inLanguage":"en-US","@id":"https:\/\/cioelectro.com\/produkt\/e-bike-fatbike-schnee-fahrradelektrofahrrad\/#primaryimage","url":"https:\/\/cioelectro.com\/wp-content\/uploads\/2023\/06\/e11be800e718e82d2ad2031103232c70.webp","contentUrl":"https:\/\/cioelectro.com\/wp-content\/uploads\/2023\/06\/e11be800e718e82d2ad2031103232c70.webp","width":2048,"height":2048,"caption":"E-Bike Fatbike Schnee-Fahrrad"},{"@type":"BreadcrumbList","@id":"https:\/\/cioelectro.com\/produkt\/e-bike-fatbike-schnee-fahrradelektrofahrrad\/#breadcrumb","itemListElement":[{"@type":"ListItem","position":1,"name":"Startseite","item":"https:\/\/cioelectro.com\/"},{"@type":"ListItem","position":2,"name":"LADEN","item":"https:\/\/cioelectro.com\/laden\/"},{"@type":"ListItem","position":3,"name":"E-Bike Fatbike Schnee-Fahrrad,Elektrofahrrad,"}]},{"@type":"WebSite","@id":"https:\/\/cioelectro.com\/#website","url":"https:\/\/cioelectro.com\/","name":"cioelectro.com","description":"Treten Sie mit uns ins Abenteuer!","publisher":{"@id":"https:\/\/cioelectro.com\/#organization"},"alternateName":"MEIN RADLADEN","potentialAction":[{"@type":"SearchAction","target":{"@type":"EntryPoint","urlTemplate":"https:\/\/cioelectro.com\/?s={search_term_string}"},"query-input":{"@type":"PropertyValueSpecification","valueRequired":true,"valueName":"search_term_string"}}],"inLanguage":"en-US"},{"@type":"Organization","@id":"https:\/\/cioelectro.com\/#organization","name":"CIOELECTRO","alternateName":"MEIN RADLADEN","url":"https:\/\/cioelectro.com\/","logo":{"@type":"ImageObject","inLanguage":"en-US","@id":"https:\/\/cioelectro.com\/#\/schema\/logo\/image\/","url":"https:\/\/cioelectro.com\/wp-content\/uploads\/2025\/12\/Logo-2-1200x800.png","contentUrl":"https:\/\/cioelectro.com\/wp-content\/uploads\/2025\/12\/Logo-2-1200x800.png","width":1200,"height":800,"caption":"CIOELECTRO"},"image":{"@id":"https:\/\/cioelectro.com\/#\/schema\/logo\/image\/"}}]}},"_links":{"self":[{"href":"https:\/\/cioelectro.com\/en\/wp-json\/wp\/v2\/product\/48804","targetHints":{"allow":["GET"]}}],"collection":[{"href":"https:\/\/cioelectro.com\/en\/wp-json\/wp\/v2\/product"}],"about":[{"href":"https:\/\/cioelectro.com\/en\/wp-json\/wp\/v2\/types\/product"}],"replies":[{"embeddable":true,"href":"https:\/\/cioelectro.com\/en\/wp-json\/wp\/v2\/comments?post=48804"}],"version-history":[{"count":0,"href":"https:\/\/cioelectro.com\/en\/wp-json\/wp\/v2\/product\/48804\/revisions"}],"wp:featuredmedia":[{"embeddable":true,"href":"https:\/\/cioelectro.com\/en\/wp-json\/wp\/v2\/media\/64893"}],"wp:attachment":[{"href":"https:\/\/cioelectro.com\/en\/wp-json\/wp\/v2\/media?parent=48804"}],"wp:term":[{"taxonomy":"product_brand","embeddable":true,"href":"https:\/\/cioelectro.com\/en\/wp-json\/wp\/v2\/product_brand?post=48804"},{"taxonomy":"product_cat","embeddable":true,"href":"https:\/\/cioelectro.com\/en\/wp-json\/wp\/v2\/product_cat?post=48804"},{"taxonomy":"product_tag","embeddable":true,"href":"https:\/\/cioelectro.com\/en\/wp-json\/wp\/v2\/product_tag?post=48804"}],"curies":[{"name":"wp","href":"https:\/\/api.w.org\/{rel}","templated":true}]}}