{"id":48963,"date":"2022-12-09T12:52:02","date_gmt":"2022-12-09T11:52:02","guid":{"rendered":"https:\/\/meinradladen.com\/?post_type=product&#038;p=48963"},"modified":"2023-08-10T19:10:10","modified_gmt":"2023-08-10T17:10:10","slug":"followme-tandemkupplung-komplett-set","status":"publish","type":"product","link":"https:\/\/cioelectro.com\/en\/produkt\/followme-tandemkupplung-komplett-set\/","title":{"rendered":"FollowMe Tandemkupplung Komplett-Set"},"content":{"rendered":"<h2 class=\"product--title\"><strong>FollowMe<\/strong>\u00a0Tandemkupplung Komplett-Set<\/h2>\n<p>Die FollowMe Tandemkupplung Komplett &#8211; hier das Komplett-Set &#8211; ist mehrfacher Testsieger und das Nonplusultra im Bereich der Fahrrad-Zugsysteme. Abseits des Verkehrs kann das Kind alleine fahren, wenn es m\u00fcde wird oder der Verkehr st\u00e4rker wird, kann das Kinderrad in Sekundenschnelle werkzeugfrei angekoppelt werden &#8211; und schon bist du sicher mit deinem Kind als Tandem unterwegs.<\/p>\n<h2>Aus zwei mach eins: die clevere Eltern-Kind-Tandemkupplung von FollowMe<\/h2>\n<p>Und das Beste an diesem System: es funktioniert auf der Stra\u00dfe genauso gut wie im Gel\u00e4nde! So seid Ihr sicher unterwegs, kommt immer ans Ziel und die Kinder werden langsam ans Radfahren und den Verkehr herangef\u00fchrt. Und das FollowMe w\u00e4chst mit! Kind und Rad werden gr\u00f6sser \u2013 kein Problem mit FollowMe.<\/p>\n<hr \/>\n<h3><strong>Features &#8211; FollowMe Tandemkupplung Komplett-Set<\/strong><\/h3>\n<ul>\n<li><strong>Zusammen unterwegs:\u00a0<\/strong>Mit FollowMe transportierst du uneingeschr\u00e4nkt einen zweiten Kindersitz oder deinen Einkauf auf dem Gep\u00e4cktr\u00e4ger.<\/li>\n<li><strong>Schnell montiert:<\/strong>\u00a0In Sekundenschnelle \u2013 ohne Werkzeug oder Montageteile \u2013 hast du dein Kind mit ein paar Handgriffen angedockt.<\/li>\n<li><strong>Sicher und stabil:<\/strong>\u00a0Die Zweipunkteaufh\u00e4ngung auf Nabenh\u00f6he bietet dir Sicherheit, Fahrkomfort und Stabilit\u00e4t, da keine Hebel wirken wie bei herk\u00f6mmlichen Fixierungen am Sattelrohr.<\/li>\n<li><strong>Platzsparend:<\/strong>\u00a0Das FollowMe ist schnell und platzsparend verstaut \u2013 am Auto, im Farradkeller oder in der Bahn.<\/li>\n<li><strong>Montage:\u00a0<\/strong>In einmaliger Montage bereitest du Kinder- und Erwachsenenrad vor und montierst Nabe und Halterungen. Am Elternrad mittels Schnellspanner oder entsprechenden Achsadaptern, am Kinderrad mit einer Klammer am Unterrohr. Diese passt auf alle Rohre und Formen. Danach verbindest Du mit der FollowMe-Kupplung ein Kinderrad im Handumdrehen \u2013 und werkzeugfrei \u2013 fest mit Deinem Erwachsenenrad. Dabei st\u00f6ren weder Kinderanh\u00e4ngerkupplung noch Fahrradst\u00e4nder.<\/li>\n<li><strong>FollowMe verstauen:\u00a0<\/strong>Nach Gebrauch, wenn kein Kind angedockt ist, FollowMe einklappen und am Gep\u00e4cktr\u00e4ger oder Sattel mittels Karabinerhaken aufh\u00e4ngen. F\u00fcr Fahrten ohne Kinder ist die komplette FollowMe-Kupplung im Nu vom Zugfahrrad entfernt.<\/li>\n<\/ul>\n<h3>Kompatibilit\u00e4t<\/h3>\n<ul>\n<li><strong>Zugfahrrad\/Erwachsenenrad:<\/strong>\u00a0alle 26&#8243; &#8211; 29&#8243; (bis max. 2.6 Bereifung, je nach Reifenprofil) mit und ohne Hinterbaufederung (\u201eFully\u201c) mit Schnellspanner-Radbefestigung<\/li>\n<li>R\u00e4der mit Vollachse oder Radnabenschaltung k\u00f6nnen mit optional erh\u00e4ltlichen Adaptern vorbereitet werden \u2013\u00a0<strong><em>nicht im Lieferumfang enthalten!<\/em><\/strong><\/li>\n<li><strong>Kinderrad:<\/strong>\u00a0Passend f\u00fcr alle g\u00e4ngigen Gr\u00f6ssen von 12 bis 20 Zoll Raddurchmesser (vom etwa 3. bis 9. Lebensjahr)<\/li>\n<\/ul>\n<h3>Produkteigenschaften<\/h3>\n<ul>\n<li><strong>Material:<\/strong>\u00a0stabile Stahlrahmenkonstruktion, pulverbeschichtet \/\u00a0verchromt<\/li>\n<li><strong>Adapter:\u00a0<\/strong>Typ A<\/li>\n<li><strong>Systemgewicht:<\/strong>\u00a04 kg<\/li>\n<li><strong>Zuggewicht:<\/strong>\u00a0bis 45 kg (T\u00dcV-gepr\u00fcft)<\/li>\n<li><strong>Zusatzbeladung:<\/strong>\u00a0Kindersitz, Gep\u00e4cktr\u00e4ger und Packtaschen bleiben uneingeschr\u00e4nkt nutzbar<\/li>\n<li><strong>Zubeh\u00f6r:<\/strong>\u00a0zus\u00e4tzliche Montagesets zur Vorbereitung weiterer Erwachsenen- und Kinderfahrr\u00e4der \u2013\u00a0<strong><em>nicht im Lieferumfang enthalten!<\/em><\/strong><\/li>\n<\/ul>\n<hr \/>\n<h3>Lieferumfang FollowMe Tandemkupplung Komplett-Set<\/h3>\n<ul>\n<li>Tandemkupplung<\/li>\n<li>Metall-Halteklammer mit Sicherungskappe (Befestigung am Rahmen des Kinderfahrrads)<\/li>\n<li>Klettband (als Rahmenschutz am Kinderfahrrad unter der Metall-Halteklammer anzubringen)<\/li>\n<li>Ersatz-Lochband<\/li>\n<li>Schnellspanner-Adapter (zum Einh\u00e4ngen des Followme am Zugfahrrad)<\/li>\n<li>2 Fl\u00fcgelbefestigungsschrauben inkl. Sicherungssplint M5x10 (zum Sichern der Befestigung am Zugfahrrad)<\/li>\n<li>Aufh\u00e4ngeriemen Standard (zur Befestigung des Followme bei Nichtbenutzung am Zugfahrrad)<\/li>\n<li>Achsverl\u00e4ngerungsmutter 3\/8&#8243; (f\u00fcr Kinderfahrrad)<\/li>\n<li>Achsverl\u00e4ngerungsmutter 5\/16&#8243; (f\u00fcr Kinderfahrrad)<\/li>\n<\/ul>","protected":false},"excerpt":{"rendered":"<p>FollowMe\u00a0Tandemkupplung Komplett-Set Die FollowMe Tandemkupplung Komplett &#8211; hier das Komplett-Set &#8211; ist mehrfacher Testsieger und das Nonplusultra im Bereich der<\/p>","protected":false},"featured_media":64945,"comment_status":"open","ping_status":"closed","template":"","meta":{"_rtcl_gb_attr":""},"product_brand":[],"product_cat":[573,676],"product_tag":[],"class_list":{"0":"post-48963","1":"product","2":"type-product","3":"status-publish","4":"has-post-thumbnail","6":"product_cat-zubehor","7":"product_cat-zugsysteme","8":"pa_marke-followme","10":"first","11":"instock","12":"sale","13":"taxable","14":"shipping-taxable","15":"purchasable","16":"product-type-simple"},"yoast_head":"<!-- This site is optimized with the Yoast SEO Premium plugin v20.12 (Yoast SEO v27.4) - https:\/\/yoast.com\/product\/yoast-seo-premium-wordpress\/ -->\n<title>FollowMe Tandemkupplung Komplett-Set<\/title>\n<meta name=\"description\" content=\"Entdecken Sie unseren Online-Fahrradladen: Gro\u00dfe Auswahl an Modellen f\u00fcr alle Radsportbegeisterten. Von Rennr\u00e4dern bis zu Mountainbikes - finden Sie heute Ihren perfekten Wegbegleiter!\" \/>\n<meta name=\"robots\" content=\"index, follow, max-snippet:-1, max-image-preview:large, max-video-preview:-1\" \/>\n<link rel=\"canonical\" href=\"https:\/\/cioelectro.com\/en\/produkt\/followme-tandemkupplung-komplett-set\/\" \/>\n<meta property=\"og:locale\" content=\"en_US\" \/>\n<meta property=\"og:type\" content=\"article\" \/>\n<meta property=\"og:title\" content=\"FollowMe Tandemkupplung Komplett-Set\" \/>\n<meta property=\"og:description\" content=\"Entdecken Sie unseren Online-Fahrradladen: Gro\u00dfe Auswahl an Modellen f\u00fcr alle Radsportbegeisterten. Von Rennr\u00e4dern bis zu Mountainbikes - finden Sie heute Ihren perfekten Wegbegleiter!\" \/>\n<meta property=\"og:url\" content=\"https:\/\/cioelectro.com\/en\/produkt\/followme-tandemkupplung-komplett-set\/\" \/>\n<meta property=\"og:site_name\" content=\"cioelectro.com\" \/>\n<meta property=\"article:modified_time\" content=\"2023-08-10T17:10:10+00:00\" \/>\n<meta property=\"og:image\" content=\"https:\/\/cioelectro.com\/wp-content\/uploads\/2023\/06\/FollowMe-Tandemkupplung-Komplett-Set-60650001TsX4gEE9ul2T5_800x800-0.jpg\" \/>\n\t<meta property=\"og:image:width\" content=\"800\" \/>\n\t<meta property=\"og:image:height\" content=\"436\" \/>\n\t<meta property=\"og:image:type\" content=\"image\/jpeg\" \/>\n<meta name=\"twitter:card\" content=\"summary_large_image\" \/>\n<meta name=\"twitter:label1\" content=\"Est. reading time\" \/>\n\t<meta name=\"twitter:data1\" content=\"3 minutes\" \/>\n<script type=\"application\/ld+json\" class=\"yoast-schema-graph\">{\"@context\":\"https:\\\/\\\/schema.org\",\"@graph\":[{\"@type\":\"WebPage\",\"@id\":\"https:\\\/\\\/cioelectro.com\\\/produkt\\\/followme-tandemkupplung-komplett-set\\\/\",\"url\":\"https:\\\/\\\/cioelectro.com\\\/produkt\\\/followme-tandemkupplung-komplett-set\\\/\",\"name\":\"FollowMe Tandemkupplung Komplett-Set\",\"isPartOf\":{\"@id\":\"https:\\\/\\\/cioelectro.com\\\/#website\"},\"primaryImageOfPage\":{\"@id\":\"https:\\\/\\\/cioelectro.com\\\/produkt\\\/followme-tandemkupplung-komplett-set\\\/#primaryimage\"},\"image\":{\"@id\":\"https:\\\/\\\/cioelectro.com\\\/produkt\\\/followme-tandemkupplung-komplett-set\\\/#primaryimage\"},\"thumbnailUrl\":\"https:\\\/\\\/cioelectro.com\\\/wp-content\\\/uploads\\\/2023\\\/06\\\/FollowMe-Tandemkupplung-Komplett-Set-60650001TsX4gEE9ul2T5_800x800-0.jpg\",\"datePublished\":\"2022-12-09T11:52:02+00:00\",\"dateModified\":\"2023-08-10T17:10:10+00:00\",\"description\":\"Entdecken Sie unseren Online-Fahrradladen: Gro\u00dfe Auswahl an Modellen f\u00fcr alle Radsportbegeisterten. Von Rennr\u00e4dern bis zu Mountainbikes - finden Sie heute Ihren perfekten Wegbegleiter!\",\"breadcrumb\":{\"@id\":\"https:\\\/\\\/cioelectro.com\\\/produkt\\\/followme-tandemkupplung-komplett-set\\\/#breadcrumb\"},\"inLanguage\":\"en-US\",\"potentialAction\":[{\"@type\":\"ReadAction\",\"target\":[\"https:\\\/\\\/cioelectro.com\\\/produkt\\\/followme-tandemkupplung-komplett-set\\\/\"]}]},{\"@type\":\"ImageObject\",\"inLanguage\":\"en-US\",\"@id\":\"https:\\\/\\\/cioelectro.com\\\/produkt\\\/followme-tandemkupplung-komplett-set\\\/#primaryimage\",\"url\":\"https:\\\/\\\/cioelectro.com\\\/wp-content\\\/uploads\\\/2023\\\/06\\\/FollowMe-Tandemkupplung-Komplett-Set-60650001TsX4gEE9ul2T5_800x800-0.jpg\",\"contentUrl\":\"https:\\\/\\\/cioelectro.com\\\/wp-content\\\/uploads\\\/2023\\\/06\\\/FollowMe-Tandemkupplung-Komplett-Set-60650001TsX4gEE9ul2T5_800x800-0.jpg\",\"width\":800,\"height\":436,\"caption\":\"FollowMe Tandemkupplung Komplett-Set\"},{\"@type\":\"BreadcrumbList\",\"@id\":\"https:\\\/\\\/cioelectro.com\\\/produkt\\\/followme-tandemkupplung-komplett-set\\\/#breadcrumb\",\"itemListElement\":[{\"@type\":\"ListItem\",\"position\":1,\"name\":\"Startseite\",\"item\":\"https:\\\/\\\/cioelectro.com\\\/\"},{\"@type\":\"ListItem\",\"position\":2,\"name\":\"LADEN\",\"item\":\"https:\\\/\\\/cioelectro.com\\\/laden\\\/\"},{\"@type\":\"ListItem\",\"position\":3,\"name\":\"FollowMe Tandemkupplung Komplett-Set\"}]},{\"@type\":\"WebSite\",\"@id\":\"https:\\\/\\\/cioelectro.com\\\/#website\",\"url\":\"https:\\\/\\\/cioelectro.com\\\/\",\"name\":\"cioelectro.com\",\"description\":\"Treten Sie mit uns ins Abenteuer!\",\"publisher\":{\"@id\":\"https:\\\/\\\/cioelectro.com\\\/#organization\"},\"alternateName\":\"MEIN RADLADEN\",\"potentialAction\":[{\"@type\":\"SearchAction\",\"target\":{\"@type\":\"EntryPoint\",\"urlTemplate\":\"https:\\\/\\\/cioelectro.com\\\/?s={search_term_string}\"},\"query-input\":{\"@type\":\"PropertyValueSpecification\",\"valueRequired\":true,\"valueName\":\"search_term_string\"}}],\"inLanguage\":\"en-US\"},{\"@type\":\"Organization\",\"@id\":\"https:\\\/\\\/cioelectro.com\\\/#organization\",\"name\":\"CIOELECTRO\",\"alternateName\":\"MEIN RADLADEN\",\"url\":\"https:\\\/\\\/cioelectro.com\\\/\",\"logo\":{\"@type\":\"ImageObject\",\"inLanguage\":\"en-US\",\"@id\":\"https:\\\/\\\/cioelectro.com\\\/#\\\/schema\\\/logo\\\/image\\\/\",\"url\":\"https:\\\/\\\/cioelectro.com\\\/wp-content\\\/uploads\\\/2025\\\/12\\\/Logo-2-1200x800.png\",\"contentUrl\":\"https:\\\/\\\/cioelectro.com\\\/wp-content\\\/uploads\\\/2025\\\/12\\\/Logo-2-1200x800.png\",\"width\":1200,\"height\":800,\"caption\":\"CIOELECTRO\"},\"image\":{\"@id\":\"https:\\\/\\\/cioelectro.com\\\/#\\\/schema\\\/logo\\\/image\\\/\"}}]}<\/script>\n<!-- \/ Yoast SEO Premium plugin. -->","yoast_head_json":{"title":"FollowMe Tandemkupplung Komplett-Set","description":"Entdecken Sie unseren Online-Fahrradladen: Gro\u00dfe Auswahl an Modellen f\u00fcr alle Radsportbegeisterten. Von Rennr\u00e4dern bis zu Mountainbikes - finden Sie heute Ihren perfekten Wegbegleiter!","robots":{"index":"index","follow":"follow","max-snippet":"max-snippet:-1","max-image-preview":"max-image-preview:large","max-video-preview":"max-video-preview:-1"},"canonical":"https:\/\/cioelectro.com\/en\/produkt\/followme-tandemkupplung-komplett-set\/","og_locale":"en_US","og_type":"article","og_title":"FollowMe Tandemkupplung Komplett-Set","og_description":"Entdecken Sie unseren Online-Fahrradladen: Gro\u00dfe Auswahl an Modellen f\u00fcr alle Radsportbegeisterten. Von Rennr\u00e4dern bis zu Mountainbikes - finden Sie heute Ihren perfekten Wegbegleiter!","og_url":"https:\/\/cioelectro.com\/en\/produkt\/followme-tandemkupplung-komplett-set\/","og_site_name":"cioelectro.com","article_modified_time":"2023-08-10T17:10:10+00:00","og_image":[{"width":800,"height":436,"url":"https:\/\/cioelectro.com\/wp-content\/uploads\/2023\/06\/FollowMe-Tandemkupplung-Komplett-Set-60650001TsX4gEE9ul2T5_800x800-0.jpg","type":"image\/jpeg"}],"twitter_card":"summary_large_image","twitter_misc":{"Est. reading time":"3 minutes"},"schema":{"@context":"https:\/\/schema.org","@graph":[{"@type":"WebPage","@id":"https:\/\/cioelectro.com\/produkt\/followme-tandemkupplung-komplett-set\/","url":"https:\/\/cioelectro.com\/produkt\/followme-tandemkupplung-komplett-set\/","name":"FollowMe Tandemkupplung Komplett-Set","isPartOf":{"@id":"https:\/\/cioelectro.com\/#website"},"primaryImageOfPage":{"@id":"https:\/\/cioelectro.com\/produkt\/followme-tandemkupplung-komplett-set\/#primaryimage"},"image":{"@id":"https:\/\/cioelectro.com\/produkt\/followme-tandemkupplung-komplett-set\/#primaryimage"},"thumbnailUrl":"https:\/\/cioelectro.com\/wp-content\/uploads\/2023\/06\/FollowMe-Tandemkupplung-Komplett-Set-60650001TsX4gEE9ul2T5_800x800-0.jpg","datePublished":"2022-12-09T11:52:02+00:00","dateModified":"2023-08-10T17:10:10+00:00","description":"Entdecken Sie unseren Online-Fahrradladen: Gro\u00dfe Auswahl an Modellen f\u00fcr alle Radsportbegeisterten. Von Rennr\u00e4dern bis zu Mountainbikes - finden Sie heute Ihren perfekten Wegbegleiter!","breadcrumb":{"@id":"https:\/\/cioelectro.com\/produkt\/followme-tandemkupplung-komplett-set\/#breadcrumb"},"inLanguage":"en-US","potentialAction":[{"@type":"ReadAction","target":["https:\/\/cioelectro.com\/produkt\/followme-tandemkupplung-komplett-set\/"]}]},{"@type":"ImageObject","inLanguage":"en-US","@id":"https:\/\/cioelectro.com\/produkt\/followme-tandemkupplung-komplett-set\/#primaryimage","url":"https:\/\/cioelectro.com\/wp-content\/uploads\/2023\/06\/FollowMe-Tandemkupplung-Komplett-Set-60650001TsX4gEE9ul2T5_800x800-0.jpg","contentUrl":"https:\/\/cioelectro.com\/wp-content\/uploads\/2023\/06\/FollowMe-Tandemkupplung-Komplett-Set-60650001TsX4gEE9ul2T5_800x800-0.jpg","width":800,"height":436,"caption":"FollowMe Tandemkupplung Komplett-Set"},{"@type":"BreadcrumbList","@id":"https:\/\/cioelectro.com\/produkt\/followme-tandemkupplung-komplett-set\/#breadcrumb","itemListElement":[{"@type":"ListItem","position":1,"name":"Startseite","item":"https:\/\/cioelectro.com\/"},{"@type":"ListItem","position":2,"name":"LADEN","item":"https:\/\/cioelectro.com\/laden\/"},{"@type":"ListItem","position":3,"name":"FollowMe Tandemkupplung Komplett-Set"}]},{"@type":"WebSite","@id":"https:\/\/cioelectro.com\/#website","url":"https:\/\/cioelectro.com\/","name":"cioelectro.com","description":"Treten Sie mit uns ins Abenteuer!","publisher":{"@id":"https:\/\/cioelectro.com\/#organization"},"alternateName":"MEIN RADLADEN","potentialAction":[{"@type":"SearchAction","target":{"@type":"EntryPoint","urlTemplate":"https:\/\/cioelectro.com\/?s={search_term_string}"},"query-input":{"@type":"PropertyValueSpecification","valueRequired":true,"valueName":"search_term_string"}}],"inLanguage":"en-US"},{"@type":"Organization","@id":"https:\/\/cioelectro.com\/#organization","name":"CIOELECTRO","alternateName":"MEIN RADLADEN","url":"https:\/\/cioelectro.com\/","logo":{"@type":"ImageObject","inLanguage":"en-US","@id":"https:\/\/cioelectro.com\/#\/schema\/logo\/image\/","url":"https:\/\/cioelectro.com\/wp-content\/uploads\/2025\/12\/Logo-2-1200x800.png","contentUrl":"https:\/\/cioelectro.com\/wp-content\/uploads\/2025\/12\/Logo-2-1200x800.png","width":1200,"height":800,"caption":"CIOELECTRO"},"image":{"@id":"https:\/\/cioelectro.com\/#\/schema\/logo\/image\/"}}]}},"_links":{"self":[{"href":"https:\/\/cioelectro.com\/en\/wp-json\/wp\/v2\/product\/48963","targetHints":{"allow":["GET"]}}],"collection":[{"href":"https:\/\/cioelectro.com\/en\/wp-json\/wp\/v2\/product"}],"about":[{"href":"https:\/\/cioelectro.com\/en\/wp-json\/wp\/v2\/types\/product"}],"replies":[{"embeddable":true,"href":"https:\/\/cioelectro.com\/en\/wp-json\/wp\/v2\/comments?post=48963"}],"version-history":[{"count":0,"href":"https:\/\/cioelectro.com\/en\/wp-json\/wp\/v2\/product\/48963\/revisions"}],"wp:featuredmedia":[{"embeddable":true,"href":"https:\/\/cioelectro.com\/en\/wp-json\/wp\/v2\/media\/64945"}],"wp:attachment":[{"href":"https:\/\/cioelectro.com\/en\/wp-json\/wp\/v2\/media?parent=48963"}],"wp:term":[{"taxonomy":"product_brand","embeddable":true,"href":"https:\/\/cioelectro.com\/en\/wp-json\/wp\/v2\/product_brand?post=48963"},{"taxonomy":"product_cat","embeddable":true,"href":"https:\/\/cioelectro.com\/en\/wp-json\/wp\/v2\/product_cat?post=48963"},{"taxonomy":"product_tag","embeddable":true,"href":"https:\/\/cioelectro.com\/en\/wp-json\/wp\/v2\/product_tag?post=48963"}],"curies":[{"name":"wp","href":"https:\/\/api.w.org\/{rel}","templated":true}]}}