{"id":49182,"date":"2022-12-12T15:42:18","date_gmt":"2022-12-12T14:42:18","guid":{"rendered":"https:\/\/meinradladen.com\/?post_type=product&#038;p=49182"},"modified":"2023-08-10T19:02:36","modified_gmt":"2023-08-10T17:02:36","slug":"saxonette-e-bike-optimum-plus-7-gang-nabenschaltung-mittelmotor-250-w-2","status":"publish","type":"product","link":"https:\/\/cioelectro.com\/en\/produkt\/saxonette-e-bike-optimum-plus-7-gang-nabenschaltung-mittelmotor-250-w-2\/","title":{"rendered":"SAXONETTE E-Bike \u00bbOPTIMUM PLUS\u00ab, 7 Gang, Nabenschaltung"},"content":{"rendered":"<h2>SAXONETTE E-Bike \u00bbOPTIMUM PLUS\u00ab, 7 Gang, Nabenschaltung, Mittelmotor 250 W<\/h2>\n<div class=\"pl_block pl_block--no-gap pdp_description js_pdp_description\">\n<p class=\"pl_text-expander pl_copy100 pdp_description__text-expander js_pdp_description__text-expander\">Das SAXONETTE E-Bike Optimum Plus ist mit einem vollintegriertem 36 V, 11,6 Ah, 418 Wh Li-Ion Akku und dem bew\u00e4hrten SFM Mittelmotor ausgestattet. Die SHIMANO Nexus 7-Gang Nabenschaltung bietet Dynamik f\u00fcr alle Routenprofile. Die Promax V-Brakes sorgen f\u00fcr zuverl\u00e4ssige Sicherheit unterwegs.<\/p>\n<\/div>\n<div id=\"pdp-image-gallery\" class=\"js_pdp_image-gallery pdp_image-gallery pl_block\" data-ft5-view-tracking=\"{ &quot;product_ImageGallery&quot;: &quot;view&quot; }\" data-image-count=\"6\">\n<div class=\"pdp_image-gallery__flex-desktop\">\n<div class=\"pdp_image-gallery__flex-column\">\n<h2 class=\"pl_headline200 pl_mb50\">Details<\/h2>\n<div class=\"pl_text-expander pl_copy100 pdp_details__text-expander js_pdp_details__text-expander pl_text-expander--has-more pl_text-expander--expanded\" lang=\"de\">\n<div class=\"pdp_details__characteristics-html\">\n<table class=\"dv_characteristicsTable\">\n<caption>MOTOR \/ AKKU<\/caption>\n<tbody>\n<tr>\n<td class=\"left\">Typ Motor<\/td>\n<td>Mittelmotor SAXONETTE<\/td>\n<\/tr>\n<tr>\n<td class=\"left\">Position Motor<\/td>\n<td>Tretlager<\/td>\n<\/tr>\n<tr>\n<td class=\"left\">H\u00f6chstgeschwindigkeit<\/td>\n<td>25 km\/h<\/td>\n<\/tr>\n<tr>\n<td class=\"left\">Leistung Motor<\/td>\n<td>250 W<\/td>\n<\/tr>\n<tr>\n<td class=\"left\">Leistung Motor in V<\/td>\n<td>36 V<\/td>\n<\/tr>\n<tr>\n<td class=\"left\">Leistung Motor in Nm<\/td>\n<td>70 Nm<\/td>\n<\/tr>\n<tr>\n<td class=\"left\">Details Motor<\/td>\n<td>wartungsfrei<\/td>\n<\/tr>\n<tr>\n<td class=\"left\">Anzahl Unterst\u00fctzungsstufen<\/td>\n<td>5<\/td>\n<\/tr>\n<tr>\n<td class=\"left\">Position Akku<\/td>\n<td>vollintegriert<\/td>\n<\/tr>\n<tr>\n<td class=\"left\">Details Akku<\/td>\n<td>abnehmbar<br \/>\nabschlie\u00dfbar<br \/>\nwartungsfrei<\/td>\n<\/tr>\n<tr>\n<td class=\"left\">Batterie-\/Akku-Technologie<\/td>\n<td>Lithium-Ionen (Li-Ion)<\/td>\n<\/tr>\n<tr>\n<td class=\"left\">Leistung Akku<\/td>\n<td>418 Wh<\/td>\n<\/tr>\n<tr>\n<td class=\"left\">Spannung Akku<\/td>\n<td>36 V<\/td>\n<\/tr>\n<tr>\n<td class=\"left\">Gewicht Akku<\/td>\n<td>4 kg<\/td>\n<\/tr>\n<tr>\n<td class=\"left\">Reichweite Akku<\/td>\n<td>120 km<\/td>\n<\/tr>\n<tr>\n<td class=\"left\">Details Reichweite Akku<\/td>\n<td>abh\u00e4ngig von mehreren Faktoren<br \/>\nbei optimalen Bedingungen<br \/>\nje nach Fahrweise<\/td>\n<\/tr>\n<tr>\n<td class=\"left\">Anzahl Akkus<\/td>\n<td>1 St.<\/td>\n<\/tr>\n<tr>\n<td class=\"left\">Fahrhilfen<\/td>\n<td>Schiebehilfe<\/td>\n<\/tr>\n<tr>\n<td class=\"left\">Typ Netzstecker<\/td>\n<td>Euroflachstecker (Typ C-CEE 7\/16)<\/td>\n<\/tr>\n<\/tbody>\n<\/table>\n<table class=\"dv_characteristicsTable\">\n<caption>GABEL<\/caption>\n<tbody>\n<tr>\n<td class=\"left\">Marke Gabel<\/td>\n<td>SR Suntour<\/td>\n<\/tr>\n<tr>\n<td class=\"left\">Modell Gabel<\/td>\n<td>SR Suntour NEX-E25<\/td>\n<\/tr>\n<tr>\n<td class=\"left\">Material Gabel<\/td>\n<td>Aluminium<\/td>\n<\/tr>\n<tr>\n<td class=\"left\">Typ Gabel<\/td>\n<td>Teleskopgabel<\/td>\n<\/tr>\n<tr>\n<td class=\"left\">Bauart Gabel<\/td>\n<td>Federgabel<\/td>\n<\/tr>\n<tr>\n<td class=\"left\">Federung Gabel<\/td>\n<td>Stahlfedern<\/td>\n<\/tr>\n<tr>\n<td class=\"left\">Details Federung Gabel<\/td>\n<td>nicht einstellbar<br \/>\nohne Lockout<\/td>\n<\/tr>\n<tr>\n<td class=\"left\">Federweg<\/td>\n<td>63 mm<\/td>\n<\/tr>\n<tr>\n<td class=\"left\">D\u00e4mpfung Gabel<\/td>\n<td>mechanisch<\/td>\n<\/tr>\n<tr>\n<td class=\"left\">Farbe Gabel<\/td>\n<td>schwarz<\/td>\n<\/tr>\n<tr>\n<td class=\"left\">Finish Gabel<\/td>\n<td>pulverbeschichtet<\/td>\n<\/tr>\n<\/tbody>\n<\/table>\n<table class=\"dv_characteristicsTable\">\n<caption>SCHALTUNG \/ ANTRIEB<\/caption>\n<tbody>\n<tr>\n<td class=\"left\">Antriebsform<\/td>\n<td>Kettenantrieb<\/td>\n<\/tr>\n<tr>\n<td class=\"left\">Anzahl G\u00e4nge<\/td>\n<td>7<\/td>\n<\/tr>\n<tr>\n<td class=\"left\">Typ Schaltung<\/td>\n<td>Nabenschaltung<\/td>\n<\/tr>\n<tr>\n<td class=\"left\">Anzahl Kettenbl\u00e4tter<\/td>\n<td>1<\/td>\n<\/tr>\n<tr>\n<td class=\"left\">Anzahl Ritzel<\/td>\n<td>1<\/td>\n<\/tr>\n<tr>\n<td class=\"left\">Details Nabe<\/td>\n<td>freilaufend<\/td>\n<\/tr>\n<tr>\n<td class=\"left\">Material Tretkurbel<\/td>\n<td>Aluminium<\/td>\n<\/tr>\n<tr>\n<td class=\"left\">Marke Schalthebel<\/td>\n<td>Shimano<\/td>\n<\/tr>\n<tr>\n<td class=\"left\">Schalthebel<\/td>\n<td>Drehgriff<\/td>\n<\/tr>\n<tr>\n<td class=\"left\">Kettenschutz<\/td>\n<td>freitragender Kettenschutz<\/td>\n<\/tr>\n<tr>\n<td class=\"left\">Art Kettenschutz<\/td>\n<td>halbe Kettenabdeckung<\/td>\n<\/tr>\n<tr>\n<td class=\"left\">Details Pedale<\/td>\n<td>rutschfest<\/td>\n<\/tr>\n<tr>\n<td class=\"left\">Material Pedale<\/td>\n<td>Kunststoff<\/td>\n<\/tr>\n<tr>\n<td class=\"left\">Pedaltyp<\/td>\n<td>Plattformpedal<\/td>\n<\/tr>\n<\/tbody>\n<\/table>\n<table class=\"dv_characteristicsTable\">\n<caption>BREMSE<\/caption>\n<tbody>\n<tr>\n<td class=\"left\">Marke Vorderbremse<\/td>\n<td>Promax<\/td>\n<\/tr>\n<tr>\n<td class=\"left\">Typ Vorderbremse<\/td>\n<td>V-Brake<\/td>\n<\/tr>\n<tr>\n<td class=\"left\">Bauart Vorderbremse<\/td>\n<td>mechanisch<\/td>\n<\/tr>\n<tr>\n<td class=\"left\">Material Vorderbremse<\/td>\n<td>Aluminium<\/td>\n<\/tr>\n<tr>\n<td class=\"left\">Marke Hinterbremse<\/td>\n<td>Promax<\/td>\n<\/tr>\n<tr>\n<td class=\"left\">Typ Hinterbremse<\/td>\n<td>V-Brake<\/td>\n<\/tr>\n<tr>\n<td class=\"left\">Bauart Hinterbremse<\/td>\n<td>mechanisch<\/td>\n<\/tr>\n<tr>\n<td class=\"left\">Material Hinterbremse<\/td>\n<td>Aluminium<\/td>\n<\/tr>\n<\/tbody>\n<\/table>\n<table class=\"dv_characteristicsTable\">\n<caption>LAUFR\u00c4DER<\/caption>\n<tbody>\n<tr>\n<td class=\"left\">Gr\u00f6\u00dfe Laufrad<\/td>\n<td>28 Zoll (71,12 cm)<\/td>\n<\/tr>\n<tr>\n<td class=\"left\">Breite Reifen in Zoll<\/td>\n<td>2 &#8220;<\/td>\n<\/tr>\n<tr>\n<td class=\"left\">Material Felge<\/td>\n<td>Aluminium<\/td>\n<\/tr>\n<tr>\n<td class=\"left\">Typ Felge<\/td>\n<td>Hohlkammerfelge<\/td>\n<\/tr>\n<tr>\n<td class=\"left\">Material Speichen<\/td>\n<td>Stahl<\/td>\n<\/tr>\n<tr>\n<td class=\"left\">Marke Reifen<\/td>\n<td>CST<\/td>\n<\/tr>\n<tr>\n<td class=\"left\">Typ Reifen<\/td>\n<td>Drahtreifen<\/td>\n<\/tr>\n<tr>\n<td class=\"left\">Typ Reifen hinten<\/td>\n<td>Drahtreifen<\/td>\n<\/tr>\n<tr>\n<td class=\"left\">Details Reifen<\/td>\n<td>Pannenschutz<br \/>\nReflexstreifen<\/td>\n<\/tr>\n<tr>\n<td class=\"left\">Reifenst\u00e4rke<\/td>\n<td>50 mm<\/td>\n<\/tr>\n<tr>\n<td class=\"left\">Fahrradventil<\/td>\n<td>Schrader-Ventil<\/td>\n<\/tr>\n<\/tbody>\n<\/table>\n<table class=\"dv_characteristicsTable\">\n<caption>RAHMEN<\/caption>\n<tbody>\n<tr>\n<td class=\"left\">Material Rahmen<\/td>\n<td>Aluminium<\/td>\n<\/tr>\n<tr>\n<td class=\"left\">Typ Rahmen<\/td>\n<td>Hardtail<\/td>\n<\/tr>\n<tr>\n<td class=\"left\">Bauart Rahmen<\/td>\n<td>Waverahmen<\/td>\n<\/tr>\n<tr>\n<td class=\"left\">Finish Rahmen<\/td>\n<td>Unterlack-Dekor<br \/>\npulverbeschichtet<br \/>\nmatt<\/td>\n<\/tr>\n<tr>\n<td class=\"left\">Farbe Rahmen<\/td>\n<td>bordeaux<\/td>\n<\/tr>\n<tr>\n<td class=\"left\">Herstellerfarbbezeichnung<\/td>\n<td>bordeaux matt<\/td>\n<\/tr>\n<tr>\n<td class=\"left\">Rahmenh\u00f6he<\/td>\n<td>45 cm<\/td>\n<\/tr>\n<\/tbody>\n<\/table>\n<table class=\"dv_characteristicsTable\">\n<caption>LENKER<\/caption>\n<tbody>\n<tr>\n<td class=\"left\">Typ Lenker<\/td>\n<td>Multifunktionslenker<\/td>\n<\/tr>\n<tr>\n<td class=\"left\">Material Lenker<\/td>\n<td>Aluminium<\/td>\n<\/tr>\n<tr>\n<td class=\"left\">Farbe Lenker<\/td>\n<td>schwarz<\/td>\n<\/tr>\n<tr>\n<td class=\"left\">Breite Lenker<\/td>\n<td>640 mm<\/td>\n<\/tr>\n<tr>\n<td class=\"left\">Material Lenkergriff<\/td>\n<td>Kunststoff<\/td>\n<\/tr>\n<tr>\n<td class=\"left\">Eigenschaften Lenkergriff<\/td>\n<td>ergonomisch geformt<br \/>\nrutschfest<\/td>\n<\/tr>\n<tr>\n<td class=\"left\">Typ Lenkerklemmung<\/td>\n<td>verstellbar<\/td>\n<\/tr>\n<tr>\n<td class=\"left\">Lenkerklemmung<\/td>\n<td>31,8 mm<\/td>\n<\/tr>\n<tr>\n<td class=\"left\">Material Vorbau<\/td>\n<td>Aluminium<\/td>\n<\/tr>\n<tr>\n<td class=\"left\">Typ Vorbau<\/td>\n<td>Schaft<\/td>\n<\/tr>\n<tr>\n<td class=\"left\">Eigenschaften Vorbau<\/td>\n<td>winkel- und h\u00f6henverstellbar<\/td>\n<\/tr>\n<\/tbody>\n<\/table>\n<table class=\"dv_characteristicsTable\">\n<caption>SATTEL<\/caption>\n<tbody>\n<tr>\n<td class=\"left\">Typ Sattel<\/td>\n<td>Tourensattel<\/td>\n<\/tr>\n<tr>\n<td class=\"left\">Material Sattelbezug<\/td>\n<td>Kunststoff<\/td>\n<\/tr>\n<tr>\n<td class=\"left\">Eigenschaften Sattel<\/td>\n<td>ergonomisch geformt<br \/>\nneigungsverstellbar<br \/>\nrutschfest<\/td>\n<\/tr>\n<tr>\n<td class=\"left\">Farbe Sattel<\/td>\n<td>schwarz<\/td>\n<\/tr>\n<tr>\n<td class=\"left\">Sitzposition<\/td>\n<td>komfortorientiert<\/td>\n<\/tr>\n<tr>\n<td class=\"left\">Material Sattelst\u00fctze<\/td>\n<td>Aluminium<\/td>\n<\/tr>\n<tr>\n<td class=\"left\">Typ Sattelst\u00fctze<\/td>\n<td>Federsattelst\u00fctze<\/td>\n<\/tr>\n<tr>\n<td class=\"left\">Eigenschaften Sattelst\u00fctze<\/td>\n<td>h\u00f6henverstellbar<\/td>\n<\/tr>\n<tr>\n<td class=\"left\">Fixierung Sattelst\u00fctze<\/td>\n<td>Sattelklemme<\/td>\n<\/tr>\n<tr>\n<td class=\"left\">L\u00e4nge Sattelst\u00fctze<\/td>\n<td>350 mm<\/td>\n<\/tr>\n<tr>\n<td class=\"left\">Durchmesser Sattelst\u00fctze<\/td>\n<td>27,2 mm<\/td>\n<\/tr>\n<tr>\n<td class=\"left\">Durchmesser Sattelklemmung<\/td>\n<td>31,8 mm<\/td>\n<\/tr>\n<\/tbody>\n<\/table>\n<table class=\"dv_characteristicsTable\">\n<caption>BELEUCHTUNG<\/caption>\n<tbody>\n<tr>\n<td class=\"left\">Art Stromversorgung<\/td>\n<td>Akku<\/td>\n<\/tr>\n<tr>\n<td class=\"left\">Art Leuchtmittel Frontlicht<\/td>\n<td>LED<\/td>\n<\/tr>\n<tr>\n<td class=\"left\">St\u00e4rke Beleuchtung Frontlicht<\/td>\n<td>40 lx<\/td>\n<\/tr>\n<tr>\n<td class=\"left\">Art Leuchtmittel R\u00fccklicht<\/td>\n<td>LED<\/td>\n<\/tr>\n<tr>\n<td class=\"left\">Reflektoren<\/td>\n<td>Frontreflektor<br \/>\nPedalreflektoren<br \/>\nReflektorstreifen<br \/>\nR\u00fcckreflektor<\/td>\n<\/tr>\n<tr>\n<td class=\"left\">Details Frontlicht<\/td>\n<td>integrierter Reflektor<\/td>\n<\/tr>\n<tr>\n<td class=\"left\">Details R\u00fccklicht<\/td>\n<td>integrierter Reflektor<\/td>\n<\/tr>\n<\/tbody>\n<\/table>\n<table class=\"dv_characteristicsTable\">\n<caption>PRODUKTDETAILS<\/caption>\n<tbody>\n<tr>\n<td class=\"left\">Typ E-Bike<\/td>\n<td>Cityrad<\/td>\n<\/tr>\n<tr>\n<td class=\"left\">Einsatzbereich<\/td>\n<td>Alltag<br \/>\nAusflug<br \/>\nKurzstrecke<br \/>\nLangstrecke<br \/>\nReise<br \/>\nTagesausflug<\/td>\n<\/tr>\n<tr>\n<td class=\"left\">Ausstattung<\/td>\n<td>Beleuchtung<br \/>\nFahrradcomputer<br \/>\nFahrradst\u00e4nder<br \/>\nGep\u00e4cktr\u00e4ger<br \/>\nKettenschutz<br \/>\nKlingel<br \/>\nSchutzbleche<\/td>\n<\/tr>\n<tr>\n<td class=\"left\">Fahrradst\u00e4nder<\/td>\n<td>Mittelst\u00e4nder<\/td>\n<\/tr>\n<tr>\n<td class=\"left\">Modelljahr<\/td>\n<td>2022<\/td>\n<\/tr>\n<\/tbody>\n<\/table>\n<table class=\"dv_characteristicsTable\">\n<caption>HINWEISE<\/caption>\n<tbody>\n<tr>\n<td class=\"left\">Lieferumfang<\/td>\n<td>Akku-Ladeger\u00e4t<br \/>\nFahrradschloss<br \/>\nLuftpumpe<br \/>\nWerkzeug<\/td>\n<\/tr>\n<tr>\n<td class=\"left\">Montagehinweise<\/td>\n<td>Bremsen pr\u00fcfen.<br \/>\nDer Artikel ist fast vollst\u00e4ndig vormontiert. Die Endmontage durch eine fachkundige Person wird empfohlen.<br \/>\nLaufr\u00e4der pr\u00fcfen<br \/>\nLenker gerade stellen.<br \/>\nSchaltung pr\u00fcfen.<br \/>\nSchrauben nachziehen.<\/td>\n<\/tr>\n<tr>\n<td class=\"left\">Noch zu montieren<\/td>\n<td>Pedale<\/td>\n<\/tr>\n<tr>\n<td class=\"left\">Nutzungsbereich<\/td>\n<td>innerhalb der StVZO<\/td>\n<\/tr>\n<tr>\n<td class=\"left\">Rechtliche Pflichten<\/td>\n<td>F\u00fcr Pedelecs gelten keine besonderen rechtlichen Pflichten<\/td>\n<\/tr>\n<tr>\n<td class=\"left\">Gewicht Fahrrad<\/td>\n<td>24 kg<\/td>\n<\/tr>\n<tr>\n<td class=\"left\">Zul\u00e4ssiges Gesamtgewicht<\/td>\n<td>130 kg<\/td>\n<\/tr>\n<\/tbody>\n<\/table>\n<\/div>\n<\/div>\n<\/div>\n<\/div>\n<\/div>\n<p>&nbsp;<\/p>","protected":false},"excerpt":{"rendered":"<p>SAXONETTE E-Bike \u00bbOPTIMUM PLUS\u00ab, 7 Gang, Nabenschaltung, Mittelmotor 250 W Das SAXONETTE E-Bike Optimum Plus ist mit einem vollintegriertem 36<\/p>","protected":false},"featured_media":64996,"comment_status":"open","ping_status":"closed","template":"","meta":{"_rtcl_gb_attr":""},"product_brand":[],"product_cat":[33,34],"product_tag":[],"class_list":{"0":"post-49182","1":"product","2":"type-product","3":"status-publish","4":"has-post-thumbnail","6":"product_cat-e-bike","7":"product_cat-e-bike-city-urban","8":"pa_marke-saxonette","10":"first","11":"instock","12":"taxable","13":"shipping-taxable","14":"purchasable","15":"product-type-simple"},"yoast_head":"<!-- This site is optimized with the Yoast SEO Premium plugin v20.12 (Yoast SEO v27.4) - https:\/\/yoast.com\/product\/yoast-seo-premium-wordpress\/ -->\n<title>SAXONETTE E-Bike \u00bbOPTIMUM PLUS\u00ab, 7 Gang, Nabenschaltung<\/title>\n<meta name=\"description\" content=\"Entdecken Sie unseren Online-Fahrradladen: Gro\u00dfe Auswahl an Modellen f\u00fcr alle Radsportbegeisterten. Von Rennr\u00e4dern bis zu Mountainbikes - finden Sie heute Ihren perfekten Wegbegleiter!\" \/>\n<meta name=\"robots\" content=\"index, follow, max-snippet:-1, max-image-preview:large, max-video-preview:-1\" \/>\n<link rel=\"canonical\" href=\"https:\/\/cioelectro.com\/en\/produkt\/saxonette-e-bike-optimum-plus-7-gang-nabenschaltung-mittelmotor-250-w-2\/\" \/>\n<meta property=\"og:locale\" content=\"en_US\" \/>\n<meta property=\"og:type\" content=\"article\" \/>\n<meta property=\"og:title\" content=\"SAXONETTE E-Bike \u00bbOPTIMUM PLUS\u00ab, 7 Gang, Nabenschaltung\" \/>\n<meta property=\"og:description\" content=\"Entdecken Sie unseren Online-Fahrradladen: Gro\u00dfe Auswahl an Modellen f\u00fcr alle Radsportbegeisterten. Von Rennr\u00e4dern bis zu Mountainbikes - finden Sie heute Ihren perfekten Wegbegleiter!\" \/>\n<meta property=\"og:url\" content=\"https:\/\/cioelectro.com\/en\/produkt\/saxonette-e-bike-optimum-plus-7-gang-nabenschaltung-mittelmotor-250-w-2\/\" \/>\n<meta property=\"og:site_name\" content=\"cioelectro.com\" \/>\n<meta property=\"article:modified_time\" content=\"2023-08-10T17:02:36+00:00\" \/>\n<meta property=\"og:image\" content=\"https:\/\/cioelectro.com\/wp-content\/uploads\/2023\/06\/2334f534-5d10-5014-94f6-b5a764ae2dc9.jpg\" \/>\n\t<meta property=\"og:image:width\" content=\"2500\" \/>\n\t<meta property=\"og:image:height\" content=\"1592\" \/>\n\t<meta property=\"og:image:type\" content=\"image\/jpeg\" \/>\n<meta name=\"twitter:card\" content=\"summary_large_image\" \/>\n<meta name=\"twitter:label1\" content=\"Est. reading time\" \/>\n\t<meta name=\"twitter:data1\" content=\"3 minutes\" \/>\n<script type=\"application\/ld+json\" class=\"yoast-schema-graph\">{\"@context\":\"https:\\\/\\\/schema.org\",\"@graph\":[{\"@type\":\"WebPage\",\"@id\":\"https:\\\/\\\/cioelectro.com\\\/produkt\\\/saxonette-e-bike-optimum-plus-7-gang-nabenschaltung-mittelmotor-250-w-2\\\/\",\"url\":\"https:\\\/\\\/cioelectro.com\\\/produkt\\\/saxonette-e-bike-optimum-plus-7-gang-nabenschaltung-mittelmotor-250-w-2\\\/\",\"name\":\"SAXONETTE E-Bike \u00bbOPTIMUM PLUS\u00ab, 7 Gang, Nabenschaltung\",\"isPartOf\":{\"@id\":\"https:\\\/\\\/cioelectro.com\\\/#website\"},\"primaryImageOfPage\":{\"@id\":\"https:\\\/\\\/cioelectro.com\\\/produkt\\\/saxonette-e-bike-optimum-plus-7-gang-nabenschaltung-mittelmotor-250-w-2\\\/#primaryimage\"},\"image\":{\"@id\":\"https:\\\/\\\/cioelectro.com\\\/produkt\\\/saxonette-e-bike-optimum-plus-7-gang-nabenschaltung-mittelmotor-250-w-2\\\/#primaryimage\"},\"thumbnailUrl\":\"https:\\\/\\\/cioelectro.com\\\/wp-content\\\/uploads\\\/2023\\\/06\\\/2334f534-5d10-5014-94f6-b5a764ae2dc9.jpg\",\"datePublished\":\"2022-12-12T14:42:18+00:00\",\"dateModified\":\"2023-08-10T17:02:36+00:00\",\"description\":\"Entdecken Sie unseren Online-Fahrradladen: Gro\u00dfe Auswahl an Modellen f\u00fcr alle Radsportbegeisterten. Von Rennr\u00e4dern bis zu Mountainbikes - finden Sie heute Ihren perfekten Wegbegleiter!\",\"breadcrumb\":{\"@id\":\"https:\\\/\\\/cioelectro.com\\\/produkt\\\/saxonette-e-bike-optimum-plus-7-gang-nabenschaltung-mittelmotor-250-w-2\\\/#breadcrumb\"},\"inLanguage\":\"en-US\",\"potentialAction\":[{\"@type\":\"ReadAction\",\"target\":[\"https:\\\/\\\/cioelectro.com\\\/produkt\\\/saxonette-e-bike-optimum-plus-7-gang-nabenschaltung-mittelmotor-250-w-2\\\/\"]}]},{\"@type\":\"ImageObject\",\"inLanguage\":\"en-US\",\"@id\":\"https:\\\/\\\/cioelectro.com\\\/produkt\\\/saxonette-e-bike-optimum-plus-7-gang-nabenschaltung-mittelmotor-250-w-2\\\/#primaryimage\",\"url\":\"https:\\\/\\\/cioelectro.com\\\/wp-content\\\/uploads\\\/2023\\\/06\\\/2334f534-5d10-5014-94f6-b5a764ae2dc9.jpg\",\"contentUrl\":\"https:\\\/\\\/cioelectro.com\\\/wp-content\\\/uploads\\\/2023\\\/06\\\/2334f534-5d10-5014-94f6-b5a764ae2dc9.jpg\",\"width\":2500,\"height\":1592,\"caption\":\"SAXONETTE E-Bike \u00bbOPTIMUM PLUS\u00ab\"},{\"@type\":\"BreadcrumbList\",\"@id\":\"https:\\\/\\\/cioelectro.com\\\/produkt\\\/saxonette-e-bike-optimum-plus-7-gang-nabenschaltung-mittelmotor-250-w-2\\\/#breadcrumb\",\"itemListElement\":[{\"@type\":\"ListItem\",\"position\":1,\"name\":\"Startseite\",\"item\":\"https:\\\/\\\/cioelectro.com\\\/\"},{\"@type\":\"ListItem\",\"position\":2,\"name\":\"LADEN\",\"item\":\"https:\\\/\\\/cioelectro.com\\\/laden\\\/\"},{\"@type\":\"ListItem\",\"position\":3,\"name\":\"SAXONETTE E-Bike \u00bbOPTIMUM PLUS\u00ab, 7 Gang, Nabenschaltung\"}]},{\"@type\":\"WebSite\",\"@id\":\"https:\\\/\\\/cioelectro.com\\\/#website\",\"url\":\"https:\\\/\\\/cioelectro.com\\\/\",\"name\":\"cioelectro.com\",\"description\":\"Treten Sie mit uns ins Abenteuer!\",\"publisher\":{\"@id\":\"https:\\\/\\\/cioelectro.com\\\/#organization\"},\"alternateName\":\"MEIN RADLADEN\",\"potentialAction\":[{\"@type\":\"SearchAction\",\"target\":{\"@type\":\"EntryPoint\",\"urlTemplate\":\"https:\\\/\\\/cioelectro.com\\\/?s={search_term_string}\"},\"query-input\":{\"@type\":\"PropertyValueSpecification\",\"valueRequired\":true,\"valueName\":\"search_term_string\"}}],\"inLanguage\":\"en-US\"},{\"@type\":\"Organization\",\"@id\":\"https:\\\/\\\/cioelectro.com\\\/#organization\",\"name\":\"CIOELECTRO\",\"alternateName\":\"MEIN RADLADEN\",\"url\":\"https:\\\/\\\/cioelectro.com\\\/\",\"logo\":{\"@type\":\"ImageObject\",\"inLanguage\":\"en-US\",\"@id\":\"https:\\\/\\\/cioelectro.com\\\/#\\\/schema\\\/logo\\\/image\\\/\",\"url\":\"https:\\\/\\\/cioelectro.com\\\/wp-content\\\/uploads\\\/2025\\\/12\\\/Logo-2-1200x800.png\",\"contentUrl\":\"https:\\\/\\\/cioelectro.com\\\/wp-content\\\/uploads\\\/2025\\\/12\\\/Logo-2-1200x800.png\",\"width\":1200,\"height\":800,\"caption\":\"CIOELECTRO\"},\"image\":{\"@id\":\"https:\\\/\\\/cioelectro.com\\\/#\\\/schema\\\/logo\\\/image\\\/\"}}]}<\/script>\n<!-- \/ Yoast SEO Premium plugin. -->","yoast_head_json":{"title":"SAXONETTE E-Bike \u00bbOPTIMUM PLUS\u00ab, 7 Gang, Nabenschaltung","description":"Entdecken Sie unseren Online-Fahrradladen: Gro\u00dfe Auswahl an Modellen f\u00fcr alle Radsportbegeisterten. Von Rennr\u00e4dern bis zu Mountainbikes - finden Sie heute Ihren perfekten Wegbegleiter!","robots":{"index":"index","follow":"follow","max-snippet":"max-snippet:-1","max-image-preview":"max-image-preview:large","max-video-preview":"max-video-preview:-1"},"canonical":"https:\/\/cioelectro.com\/en\/produkt\/saxonette-e-bike-optimum-plus-7-gang-nabenschaltung-mittelmotor-250-w-2\/","og_locale":"en_US","og_type":"article","og_title":"SAXONETTE E-Bike \u00bbOPTIMUM PLUS\u00ab, 7 Gang, Nabenschaltung","og_description":"Entdecken Sie unseren Online-Fahrradladen: Gro\u00dfe Auswahl an Modellen f\u00fcr alle Radsportbegeisterten. Von Rennr\u00e4dern bis zu Mountainbikes - finden Sie heute Ihren perfekten Wegbegleiter!","og_url":"https:\/\/cioelectro.com\/en\/produkt\/saxonette-e-bike-optimum-plus-7-gang-nabenschaltung-mittelmotor-250-w-2\/","og_site_name":"cioelectro.com","article_modified_time":"2023-08-10T17:02:36+00:00","og_image":[{"width":2500,"height":1592,"url":"https:\/\/cioelectro.com\/wp-content\/uploads\/2023\/06\/2334f534-5d10-5014-94f6-b5a764ae2dc9.jpg","type":"image\/jpeg"}],"twitter_card":"summary_large_image","twitter_misc":{"Est. reading time":"3 minutes"},"schema":{"@context":"https:\/\/schema.org","@graph":[{"@type":"WebPage","@id":"https:\/\/cioelectro.com\/produkt\/saxonette-e-bike-optimum-plus-7-gang-nabenschaltung-mittelmotor-250-w-2\/","url":"https:\/\/cioelectro.com\/produkt\/saxonette-e-bike-optimum-plus-7-gang-nabenschaltung-mittelmotor-250-w-2\/","name":"SAXONETTE E-Bike \u00bbOPTIMUM PLUS\u00ab, 7 Gang, Nabenschaltung","isPartOf":{"@id":"https:\/\/cioelectro.com\/#website"},"primaryImageOfPage":{"@id":"https:\/\/cioelectro.com\/produkt\/saxonette-e-bike-optimum-plus-7-gang-nabenschaltung-mittelmotor-250-w-2\/#primaryimage"},"image":{"@id":"https:\/\/cioelectro.com\/produkt\/saxonette-e-bike-optimum-plus-7-gang-nabenschaltung-mittelmotor-250-w-2\/#primaryimage"},"thumbnailUrl":"https:\/\/cioelectro.com\/wp-content\/uploads\/2023\/06\/2334f534-5d10-5014-94f6-b5a764ae2dc9.jpg","datePublished":"2022-12-12T14:42:18+00:00","dateModified":"2023-08-10T17:02:36+00:00","description":"Entdecken Sie unseren Online-Fahrradladen: Gro\u00dfe Auswahl an Modellen f\u00fcr alle Radsportbegeisterten. Von Rennr\u00e4dern bis zu Mountainbikes - finden Sie heute Ihren perfekten Wegbegleiter!","breadcrumb":{"@id":"https:\/\/cioelectro.com\/produkt\/saxonette-e-bike-optimum-plus-7-gang-nabenschaltung-mittelmotor-250-w-2\/#breadcrumb"},"inLanguage":"en-US","potentialAction":[{"@type":"ReadAction","target":["https:\/\/cioelectro.com\/produkt\/saxonette-e-bike-optimum-plus-7-gang-nabenschaltung-mittelmotor-250-w-2\/"]}]},{"@type":"ImageObject","inLanguage":"en-US","@id":"https:\/\/cioelectro.com\/produkt\/saxonette-e-bike-optimum-plus-7-gang-nabenschaltung-mittelmotor-250-w-2\/#primaryimage","url":"https:\/\/cioelectro.com\/wp-content\/uploads\/2023\/06\/2334f534-5d10-5014-94f6-b5a764ae2dc9.jpg","contentUrl":"https:\/\/cioelectro.com\/wp-content\/uploads\/2023\/06\/2334f534-5d10-5014-94f6-b5a764ae2dc9.jpg","width":2500,"height":1592,"caption":"SAXONETTE E-Bike \u00bbOPTIMUM PLUS\u00ab"},{"@type":"BreadcrumbList","@id":"https:\/\/cioelectro.com\/produkt\/saxonette-e-bike-optimum-plus-7-gang-nabenschaltung-mittelmotor-250-w-2\/#breadcrumb","itemListElement":[{"@type":"ListItem","position":1,"name":"Startseite","item":"https:\/\/cioelectro.com\/"},{"@type":"ListItem","position":2,"name":"LADEN","item":"https:\/\/cioelectro.com\/laden\/"},{"@type":"ListItem","position":3,"name":"SAXONETTE E-Bike \u00bbOPTIMUM PLUS\u00ab, 7 Gang, Nabenschaltung"}]},{"@type":"WebSite","@id":"https:\/\/cioelectro.com\/#website","url":"https:\/\/cioelectro.com\/","name":"cioelectro.com","description":"Treten Sie mit uns ins Abenteuer!","publisher":{"@id":"https:\/\/cioelectro.com\/#organization"},"alternateName":"MEIN RADLADEN","potentialAction":[{"@type":"SearchAction","target":{"@type":"EntryPoint","urlTemplate":"https:\/\/cioelectro.com\/?s={search_term_string}"},"query-input":{"@type":"PropertyValueSpecification","valueRequired":true,"valueName":"search_term_string"}}],"inLanguage":"en-US"},{"@type":"Organization","@id":"https:\/\/cioelectro.com\/#organization","name":"CIOELECTRO","alternateName":"MEIN RADLADEN","url":"https:\/\/cioelectro.com\/","logo":{"@type":"ImageObject","inLanguage":"en-US","@id":"https:\/\/cioelectro.com\/#\/schema\/logo\/image\/","url":"https:\/\/cioelectro.com\/wp-content\/uploads\/2025\/12\/Logo-2-1200x800.png","contentUrl":"https:\/\/cioelectro.com\/wp-content\/uploads\/2025\/12\/Logo-2-1200x800.png","width":1200,"height":800,"caption":"CIOELECTRO"},"image":{"@id":"https:\/\/cioelectro.com\/#\/schema\/logo\/image\/"}}]}},"_links":{"self":[{"href":"https:\/\/cioelectro.com\/en\/wp-json\/wp\/v2\/product\/49182","targetHints":{"allow":["GET"]}}],"collection":[{"href":"https:\/\/cioelectro.com\/en\/wp-json\/wp\/v2\/product"}],"about":[{"href":"https:\/\/cioelectro.com\/en\/wp-json\/wp\/v2\/types\/product"}],"replies":[{"embeddable":true,"href":"https:\/\/cioelectro.com\/en\/wp-json\/wp\/v2\/comments?post=49182"}],"version-history":[{"count":0,"href":"https:\/\/cioelectro.com\/en\/wp-json\/wp\/v2\/product\/49182\/revisions"}],"wp:featuredmedia":[{"embeddable":true,"href":"https:\/\/cioelectro.com\/en\/wp-json\/wp\/v2\/media\/64996"}],"wp:attachment":[{"href":"https:\/\/cioelectro.com\/en\/wp-json\/wp\/v2\/media?parent=49182"}],"wp:term":[{"taxonomy":"product_brand","embeddable":true,"href":"https:\/\/cioelectro.com\/en\/wp-json\/wp\/v2\/product_brand?post=49182"},{"taxonomy":"product_cat","embeddable":true,"href":"https:\/\/cioelectro.com\/en\/wp-json\/wp\/v2\/product_cat?post=49182"},{"taxonomy":"product_tag","embeddable":true,"href":"https:\/\/cioelectro.com\/en\/wp-json\/wp\/v2\/product_tag?post=49182"}],"curies":[{"name":"wp","href":"https:\/\/api.w.org\/{rel}","templated":true}]}}