{"id":49206,"date":"2022-12-13T15:56:18","date_gmt":"2022-12-13T14:56:18","guid":{"rendered":"https:\/\/meinradladen.com\/?post_type=product&#038;p=49206"},"modified":"2023-08-10T19:02:18","modified_gmt":"2023-08-10T17:02:18","slug":"myatu-e-bike-26-zoll-elektrofahrrad-citybike-e-cityrad-c0126-weiss","status":"publish","type":"product","link":"https:\/\/cioelectro.com\/en\/produkt\/myatu-e-bike-26-zoll-elektrofahrrad-citybike-e-cityrad-c0126-weiss\/","title":{"rendered":"Myatu E-Bike \u00bb26 Zoll Elektrofahrrad Citybike, E Cityrad Wei\u00df"},"content":{"rendered":"<h2 class=\"pdp_variation-name pl_headline100\" data-qa=\"variationName\">Myatu E-Bike \u00bb26 Zoll Elektrofahrrad Citybike, E Cityrad C0126 Wei\u00df<\/h2>\n<p>Empfohlene Gr\u00f6\u00dfe f\u00fcr dieses 26 Zoll E-Bike: Dieses Citybike eignet sich f\u00fcr Leute mit 1,60 Meter und 1,80 Meter. Myatu E-Bike Das Elektrofahrrad erm\u00f6glicht Ihnen einen perfekten Einstieg ins freie Gel\u00e4nde und unterst\u00fctzt Sie dabei durch den eingebauten Motor mit 250 Watt. Dieser wird vom 36 V, 12,5AH Akku versorgt und erm\u00f6glicht Ihnen eine Reichweite von bis zu 65 Kilometern, je nach Belastung. Auf dem mitgeliefertem LED-Display werden Sie w\u00e4hrend der Fahrt mit Information \u00fcber Akkustatus und Elektro-Unterst\u00fctzung versorgt. Mit der 6-Gang Kettenschaltung von Shimano und das Fahrrad Vollausstattung steht der n\u00e4chsten Gel\u00e4ndetour mit dem E Bike nichts mehr im Wege. F\u00fcr Ihre Sicherheit sorgen Scheibenbremsen vorne und hinten. Da das Fahrrad zu 85 Prozent vormontiert ausgeliefert wird, m\u00fcssen Sie nach der Ankunft noch weniges vornehmen (Vorderrad, Lenker, Sattel und Pedale montieren und dann Schrauben \u00fcberpr\u00fcfen) und k\u00f6nnen so in k\u00fcrzester Zeit zu Ihrer ersten Probefahrt durchstarten. Technische Daten -Rahmen: Stahl -Bremse: Scheibenbremsen vorne und hinten -Gabel: Starrgabel<\/p>\n<div class=\"pl_text-expander__toggle\">\n<h2 class=\"pl_headline200 pl_mb50\">Details<\/h2>\n<div class=\"pl_text-expander pl_copy100 pdp_details__text-expander js_pdp_details__text-expander pl_text-expander--has-more pl_text-expander--expanded\" lang=\"de\">\n<div class=\"pdp_details__characteristics-html\">\n<table class=\"dv_characteristicsTable\">\n<caption>MOTOR \/ AKKU<\/caption>\n<tbody>\n<tr>\n<td class=\"left\">H\u00f6chstgeschwindigkeit<\/td>\n<td>25 km\/h<\/td>\n<\/tr>\n<tr>\n<td class=\"left\">Leistung Motor<\/td>\n<td>250,00 W<\/td>\n<\/tr>\n<tr>\n<td class=\"left\">Leistung Motor in V<\/td>\n<td>36 V<\/td>\n<\/tr>\n<tr>\n<td class=\"left\">Position Akku<\/td>\n<td>Sitzrohr<\/td>\n<\/tr>\n<tr>\n<td class=\"left\">Details Akku<\/td>\n<td>abnehmbar<br \/>\nabschlie\u00dfbar<\/td>\n<\/tr>\n<tr>\n<td class=\"left\">Batterie-\/Akku-Technologie<\/td>\n<td>Lithium-Ionen<\/td>\n<\/tr>\n<tr>\n<td class=\"left\">Leistung Akku<\/td>\n<td>450,00 Wh<\/td>\n<\/tr>\n<tr>\n<td class=\"left\">Spannung Akku<\/td>\n<td>36,00 V<\/td>\n<\/tr>\n<tr>\n<td class=\"left\">Akkukapazit\u00e4t<\/td>\n<td>12500,00 mAh<\/td>\n<\/tr>\n<\/tbody>\n<\/table>\n<table class=\"dv_characteristicsTable\">\n<caption>GABEL<\/caption>\n<tbody>\n<tr>\n<td class=\"left\">Bauart Gabel<\/td>\n<td>Starrgabel<\/td>\n<\/tr>\n<\/tbody>\n<\/table>\n<table class=\"dv_characteristicsTable\">\n<caption>SCHALTUNG \/ ANTRIEB<\/caption>\n<tbody>\n<tr>\n<td class=\"left\">Anzahl G\u00e4nge<\/td>\n<td>6<\/td>\n<\/tr>\n<tr>\n<td class=\"left\">Typ Schaltung<\/td>\n<td>Kettenschaltung<\/td>\n<\/tr>\n<tr>\n<td class=\"left\">Marke Schaltwerk<\/td>\n<td>Shimano<\/td>\n<\/tr>\n<tr>\n<td class=\"left\">Details Pedale<\/td>\n<td>rutschfest<\/td>\n<\/tr>\n<\/tbody>\n<\/table>\n<table class=\"dv_characteristicsTable\">\n<caption>BREMSE<\/caption>\n<tbody>\n<tr>\n<td class=\"left\">Typ Vorderbremse<\/td>\n<td>Scheibenbremse<\/td>\n<\/tr>\n<tr>\n<td class=\"left\">Bauart Vorderbremse<\/td>\n<td>mechanisch<\/td>\n<\/tr>\n<tr>\n<td class=\"left\">Typ Hinterbremse<\/td>\n<td>Scheibenbremse<\/td>\n<\/tr>\n<tr>\n<td class=\"left\">Bauart Hinterbremse<\/td>\n<td>mechanisch<\/td>\n<\/tr>\n<\/tbody>\n<\/table>\n<table class=\"dv_characteristicsTable\">\n<caption>RAHMEN<\/caption>\n<tbody>\n<tr>\n<td class=\"left\">Bauart Rahmen<\/td>\n<td>Tiefeinsteiger-Rahmen<\/td>\n<\/tr>\n<tr>\n<td class=\"left\">Farbe Rahmen<\/td>\n<td>Schwarz<\/td>\n<\/tr>\n<\/tbody>\n<\/table>\n<table class=\"dv_characteristicsTable\">\n<caption>SATTEL<\/caption>\n<tbody>\n<tr>\n<td class=\"left\">Eigenschaften Sattel<\/td>\n<td>gepolstert<\/td>\n<\/tr>\n<tr>\n<td class=\"left\">Eigenschaften Rahmen<\/td>\n<td>verst\u00e4rkt<\/td>\n<\/tr>\n<\/tbody>\n<\/table>\n<table class=\"dv_characteristicsTable\">\n<caption>BELEUCHTUNG<\/caption>\n<tbody>\n<tr>\n<td class=\"left\">Art Stromversorgung<\/td>\n<td>Akku<\/td>\n<\/tr>\n<tr>\n<td class=\"left\">Art Leuchtmittel Frontlicht<\/td>\n<td>LED<\/td>\n<\/tr>\n<\/tbody>\n<\/table>\n<table class=\"dv_characteristicsTable\">\n<caption>PRODUKTDETAILS<\/caption>\n<tbody>\n<tr>\n<td class=\"left\">Typ E-Bike<\/td>\n<td>Cityrad<\/td>\n<\/tr>\n<tr>\n<td class=\"left\">Einsatzbereich<\/td>\n<td>Alltag<br \/>\nAusflug<\/td>\n<\/tr>\n<tr>\n<td class=\"left\">Ausstattung<\/td>\n<td>Fahrradst\u00e4nder<br \/>\nKlingel<br \/>\nBeleuchtung<\/td>\n<\/tr>\n<\/tbody>\n<\/table>\n<table class=\"dv_characteristicsTable\">\n<caption>HINWEISE<\/caption>\n<tbody>\n<tr>\n<td class=\"left\">Lieferumfang<\/td>\n<td>Werkzeug<br \/>\nAkku-Ladeger\u00e4t<\/td>\n<\/tr>\n<tr>\n<td class=\"left\">Montagehinweise<\/td>\n<td>Der Artikel ist fast vollst\u00e4ndig vormontiert. Die Endmontage durch eine fachkundige Person wird empfohlen.<\/td>\n<\/tr>\n<tr>\n<td class=\"left\">Altersempfehlung<\/td>\n<td>ab 18 Jahren<\/td>\n<\/tr>\n<tr>\n<td class=\"left\">Nutzungsbereich<\/td>\n<td>innerhalb der StVZO<\/td>\n<\/tr>\n<tr>\n<td class=\"left\">Rechtliche Pflichten<\/td>\n<td>Helmpflicht<\/td>\n<\/tr>\n<tr>\n<td class=\"left\">Gewicht Fahrrad<\/td>\n<td>29,00 kg<\/td>\n<\/tr>\n<tr>\n<td class=\"left\">Zul\u00e4ssiges Gesamtgewicht<\/td>\n<td>120 kg<\/td>\n<\/tr>\n<tr>\n<td class=\"left\">Sprachen Bedienungs-\/Aufbauanleitung<\/td>\n<td>Englisch<br \/>\nDeutsch<\/td>\n<\/tr>\n<tr>\n<td class=\"left\">Ben\u00f6tigte Fahrerlaubnis<\/td>\n<td>keine<\/td>\n<\/tr>\n<\/tbody>\n<\/table>\n<\/div>\n<\/div>\n<\/div>","protected":false},"excerpt":{"rendered":"<p>Myatu E-Bike \u00bb26 Zoll Elektrofahrrad Citybike, E Cityrad C0126 Wei\u00df Empfohlene Gr\u00f6\u00dfe f\u00fcr dieses 26 Zoll E-Bike: Dieses Citybike eignet<\/p>","protected":false},"featured_media":64997,"comment_status":"open","ping_status":"closed","template":"","meta":{"_rtcl_gb_attr":""},"product_brand":[],"product_cat":[33,34,35],"product_tag":[],"class_list":{"0":"post-49206","1":"product","2":"type-product","3":"status-publish","4":"has-post-thumbnail","6":"product_cat-e-bike","7":"product_cat-e-bike-city-urban","8":"product_cat-e-bikes-2022","9":"pa_marke-myatu","11":"first","12":"instock","13":"taxable","14":"shipping-taxable","15":"purchasable","16":"product-type-simple"},"yoast_head":"<!-- This site is optimized with the Yoast SEO Premium plugin v20.12 (Yoast SEO v27.4) - https:\/\/yoast.com\/product\/yoast-seo-premium-wordpress\/ -->\n<title>Myatu E-Bike \u00bb26 Zoll Elektrofahrrad Citybike, E Cityrad Wei\u00df<\/title>\n<meta name=\"description\" content=\"Entdecken Sie unseren Online-Fahrradladen: Gro\u00dfe Auswahl an Modellen f\u00fcr alle Radsportbegeisterten. Von Rennr\u00e4dern bis zu Mountainbikes - finden Sie heute Ihren perfekten Wegbegleiter!\" \/>\n<meta name=\"robots\" content=\"index, follow, max-snippet:-1, max-image-preview:large, max-video-preview:-1\" \/>\n<link rel=\"canonical\" href=\"https:\/\/cioelectro.com\/en\/produkt\/myatu-e-bike-26-zoll-elektrofahrrad-citybike-e-cityrad-c0126-weiss\/\" \/>\n<meta property=\"og:locale\" content=\"en_US\" \/>\n<meta property=\"og:type\" content=\"article\" \/>\n<meta property=\"og:title\" content=\"Myatu E-Bike \u00bb26 Zoll Elektrofahrrad Citybike, E Cityrad Wei\u00df\" \/>\n<meta property=\"og:description\" content=\"Entdecken Sie unseren Online-Fahrradladen: Gro\u00dfe Auswahl an Modellen f\u00fcr alle Radsportbegeisterten. Von Rennr\u00e4dern bis zu Mountainbikes - finden Sie heute Ihren perfekten Wegbegleiter!\" \/>\n<meta property=\"og:url\" content=\"https:\/\/cioelectro.com\/en\/produkt\/myatu-e-bike-26-zoll-elektrofahrrad-citybike-e-cityrad-c0126-weiss\/\" \/>\n<meta property=\"og:site_name\" content=\"cioelectro.com\" \/>\n<meta property=\"article:modified_time\" content=\"2023-08-10T17:02:18+00:00\" \/>\n<meta property=\"og:image\" content=\"https:\/\/cioelectro.com\/wp-content\/uploads\/2023\/06\/af224c27-e818-4bf6-8120-e136b65ef569.jpg\" \/>\n\t<meta property=\"og:image:width\" content=\"551\" \/>\n\t<meta property=\"og:image:height\" content=\"414\" \/>\n\t<meta property=\"og:image:type\" content=\"image\/jpeg\" \/>\n<meta name=\"twitter:card\" content=\"summary_large_image\" \/>\n<meta name=\"twitter:label1\" content=\"Est. reading time\" \/>\n\t<meta name=\"twitter:data1\" content=\"2 minutes\" \/>\n<script type=\"application\/ld+json\" class=\"yoast-schema-graph\">{\"@context\":\"https:\\\/\\\/schema.org\",\"@graph\":[{\"@type\":\"WebPage\",\"@id\":\"https:\\\/\\\/cioelectro.com\\\/produkt\\\/myatu-e-bike-26-zoll-elektrofahrrad-citybike-e-cityrad-c0126-weiss\\\/\",\"url\":\"https:\\\/\\\/cioelectro.com\\\/produkt\\\/myatu-e-bike-26-zoll-elektrofahrrad-citybike-e-cityrad-c0126-weiss\\\/\",\"name\":\"Myatu E-Bike \u00bb26 Zoll Elektrofahrrad Citybike, E Cityrad Wei\u00df\",\"isPartOf\":{\"@id\":\"https:\\\/\\\/cioelectro.com\\\/#website\"},\"primaryImageOfPage\":{\"@id\":\"https:\\\/\\\/cioelectro.com\\\/produkt\\\/myatu-e-bike-26-zoll-elektrofahrrad-citybike-e-cityrad-c0126-weiss\\\/#primaryimage\"},\"image\":{\"@id\":\"https:\\\/\\\/cioelectro.com\\\/produkt\\\/myatu-e-bike-26-zoll-elektrofahrrad-citybike-e-cityrad-c0126-weiss\\\/#primaryimage\"},\"thumbnailUrl\":\"https:\\\/\\\/cioelectro.com\\\/wp-content\\\/uploads\\\/2023\\\/06\\\/af224c27-e818-4bf6-8120-e136b65ef569.jpg\",\"datePublished\":\"2022-12-13T14:56:18+00:00\",\"dateModified\":\"2023-08-10T17:02:18+00:00\",\"description\":\"Entdecken Sie unseren Online-Fahrradladen: Gro\u00dfe Auswahl an Modellen f\u00fcr alle Radsportbegeisterten. Von Rennr\u00e4dern bis zu Mountainbikes - finden Sie heute Ihren perfekten Wegbegleiter!\",\"breadcrumb\":{\"@id\":\"https:\\\/\\\/cioelectro.com\\\/produkt\\\/myatu-e-bike-26-zoll-elektrofahrrad-citybike-e-cityrad-c0126-weiss\\\/#breadcrumb\"},\"inLanguage\":\"en-US\",\"potentialAction\":[{\"@type\":\"ReadAction\",\"target\":[\"https:\\\/\\\/cioelectro.com\\\/produkt\\\/myatu-e-bike-26-zoll-elektrofahrrad-citybike-e-cityrad-c0126-weiss\\\/\"]}]},{\"@type\":\"ImageObject\",\"inLanguage\":\"en-US\",\"@id\":\"https:\\\/\\\/cioelectro.com\\\/produkt\\\/myatu-e-bike-26-zoll-elektrofahrrad-citybike-e-cityrad-c0126-weiss\\\/#primaryimage\",\"url\":\"https:\\\/\\\/cioelectro.com\\\/wp-content\\\/uploads\\\/2023\\\/06\\\/af224c27-e818-4bf6-8120-e136b65ef569.jpg\",\"contentUrl\":\"https:\\\/\\\/cioelectro.com\\\/wp-content\\\/uploads\\\/2023\\\/06\\\/af224c27-e818-4bf6-8120-e136b65ef569.jpg\",\"width\":551,\"height\":414,\"caption\":\"Myatu E-Bike \u00bb26 Zoll Elektrofahrrad Citybike\"},{\"@type\":\"BreadcrumbList\",\"@id\":\"https:\\\/\\\/cioelectro.com\\\/produkt\\\/myatu-e-bike-26-zoll-elektrofahrrad-citybike-e-cityrad-c0126-weiss\\\/#breadcrumb\",\"itemListElement\":[{\"@type\":\"ListItem\",\"position\":1,\"name\":\"Startseite\",\"item\":\"https:\\\/\\\/cioelectro.com\\\/\"},{\"@type\":\"ListItem\",\"position\":2,\"name\":\"LADEN\",\"item\":\"https:\\\/\\\/cioelectro.com\\\/laden\\\/\"},{\"@type\":\"ListItem\",\"position\":3,\"name\":\"Myatu E-Bike \u00bb26 Zoll Elektrofahrrad Citybike, E Cityrad Wei\u00df\"}]},{\"@type\":\"WebSite\",\"@id\":\"https:\\\/\\\/cioelectro.com\\\/#website\",\"url\":\"https:\\\/\\\/cioelectro.com\\\/\",\"name\":\"cioelectro.com\",\"description\":\"Treten Sie mit uns ins Abenteuer!\",\"publisher\":{\"@id\":\"https:\\\/\\\/cioelectro.com\\\/#organization\"},\"alternateName\":\"MEIN RADLADEN\",\"potentialAction\":[{\"@type\":\"SearchAction\",\"target\":{\"@type\":\"EntryPoint\",\"urlTemplate\":\"https:\\\/\\\/cioelectro.com\\\/?s={search_term_string}\"},\"query-input\":{\"@type\":\"PropertyValueSpecification\",\"valueRequired\":true,\"valueName\":\"search_term_string\"}}],\"inLanguage\":\"en-US\"},{\"@type\":\"Organization\",\"@id\":\"https:\\\/\\\/cioelectro.com\\\/#organization\",\"name\":\"CIOELECTRO\",\"alternateName\":\"MEIN RADLADEN\",\"url\":\"https:\\\/\\\/cioelectro.com\\\/\",\"logo\":{\"@type\":\"ImageObject\",\"inLanguage\":\"en-US\",\"@id\":\"https:\\\/\\\/cioelectro.com\\\/#\\\/schema\\\/logo\\\/image\\\/\",\"url\":\"https:\\\/\\\/cioelectro.com\\\/wp-content\\\/uploads\\\/2025\\\/12\\\/Logo-2-1200x800.png\",\"contentUrl\":\"https:\\\/\\\/cioelectro.com\\\/wp-content\\\/uploads\\\/2025\\\/12\\\/Logo-2-1200x800.png\",\"width\":1200,\"height\":800,\"caption\":\"CIOELECTRO\"},\"image\":{\"@id\":\"https:\\\/\\\/cioelectro.com\\\/#\\\/schema\\\/logo\\\/image\\\/\"}}]}<\/script>\n<!-- \/ Yoast SEO Premium plugin. -->","yoast_head_json":{"title":"Myatu E-Bike \u00bb26 Zoll Elektrofahrrad Citybike, E Cityrad Wei\u00df","description":"Entdecken Sie unseren Online-Fahrradladen: Gro\u00dfe Auswahl an Modellen f\u00fcr alle Radsportbegeisterten. Von Rennr\u00e4dern bis zu Mountainbikes - finden Sie heute Ihren perfekten Wegbegleiter!","robots":{"index":"index","follow":"follow","max-snippet":"max-snippet:-1","max-image-preview":"max-image-preview:large","max-video-preview":"max-video-preview:-1"},"canonical":"https:\/\/cioelectro.com\/en\/produkt\/myatu-e-bike-26-zoll-elektrofahrrad-citybike-e-cityrad-c0126-weiss\/","og_locale":"en_US","og_type":"article","og_title":"Myatu E-Bike \u00bb26 Zoll Elektrofahrrad Citybike, E Cityrad Wei\u00df","og_description":"Entdecken Sie unseren Online-Fahrradladen: Gro\u00dfe Auswahl an Modellen f\u00fcr alle Radsportbegeisterten. Von Rennr\u00e4dern bis zu Mountainbikes - finden Sie heute Ihren perfekten Wegbegleiter!","og_url":"https:\/\/cioelectro.com\/en\/produkt\/myatu-e-bike-26-zoll-elektrofahrrad-citybike-e-cityrad-c0126-weiss\/","og_site_name":"cioelectro.com","article_modified_time":"2023-08-10T17:02:18+00:00","og_image":[{"width":551,"height":414,"url":"https:\/\/cioelectro.com\/wp-content\/uploads\/2023\/06\/af224c27-e818-4bf6-8120-e136b65ef569.jpg","type":"image\/jpeg"}],"twitter_card":"summary_large_image","twitter_misc":{"Est. reading time":"2 minutes"},"schema":{"@context":"https:\/\/schema.org","@graph":[{"@type":"WebPage","@id":"https:\/\/cioelectro.com\/produkt\/myatu-e-bike-26-zoll-elektrofahrrad-citybike-e-cityrad-c0126-weiss\/","url":"https:\/\/cioelectro.com\/produkt\/myatu-e-bike-26-zoll-elektrofahrrad-citybike-e-cityrad-c0126-weiss\/","name":"Myatu E-Bike \u00bb26 Zoll Elektrofahrrad Citybike, E Cityrad Wei\u00df","isPartOf":{"@id":"https:\/\/cioelectro.com\/#website"},"primaryImageOfPage":{"@id":"https:\/\/cioelectro.com\/produkt\/myatu-e-bike-26-zoll-elektrofahrrad-citybike-e-cityrad-c0126-weiss\/#primaryimage"},"image":{"@id":"https:\/\/cioelectro.com\/produkt\/myatu-e-bike-26-zoll-elektrofahrrad-citybike-e-cityrad-c0126-weiss\/#primaryimage"},"thumbnailUrl":"https:\/\/cioelectro.com\/wp-content\/uploads\/2023\/06\/af224c27-e818-4bf6-8120-e136b65ef569.jpg","datePublished":"2022-12-13T14:56:18+00:00","dateModified":"2023-08-10T17:02:18+00:00","description":"Entdecken Sie unseren Online-Fahrradladen: Gro\u00dfe Auswahl an Modellen f\u00fcr alle Radsportbegeisterten. Von Rennr\u00e4dern bis zu Mountainbikes - finden Sie heute Ihren perfekten Wegbegleiter!","breadcrumb":{"@id":"https:\/\/cioelectro.com\/produkt\/myatu-e-bike-26-zoll-elektrofahrrad-citybike-e-cityrad-c0126-weiss\/#breadcrumb"},"inLanguage":"en-US","potentialAction":[{"@type":"ReadAction","target":["https:\/\/cioelectro.com\/produkt\/myatu-e-bike-26-zoll-elektrofahrrad-citybike-e-cityrad-c0126-weiss\/"]}]},{"@type":"ImageObject","inLanguage":"en-US","@id":"https:\/\/cioelectro.com\/produkt\/myatu-e-bike-26-zoll-elektrofahrrad-citybike-e-cityrad-c0126-weiss\/#primaryimage","url":"https:\/\/cioelectro.com\/wp-content\/uploads\/2023\/06\/af224c27-e818-4bf6-8120-e136b65ef569.jpg","contentUrl":"https:\/\/cioelectro.com\/wp-content\/uploads\/2023\/06\/af224c27-e818-4bf6-8120-e136b65ef569.jpg","width":551,"height":414,"caption":"Myatu E-Bike \u00bb26 Zoll Elektrofahrrad Citybike"},{"@type":"BreadcrumbList","@id":"https:\/\/cioelectro.com\/produkt\/myatu-e-bike-26-zoll-elektrofahrrad-citybike-e-cityrad-c0126-weiss\/#breadcrumb","itemListElement":[{"@type":"ListItem","position":1,"name":"Startseite","item":"https:\/\/cioelectro.com\/"},{"@type":"ListItem","position":2,"name":"LADEN","item":"https:\/\/cioelectro.com\/laden\/"},{"@type":"ListItem","position":3,"name":"Myatu E-Bike \u00bb26 Zoll Elektrofahrrad Citybike, E Cityrad Wei\u00df"}]},{"@type":"WebSite","@id":"https:\/\/cioelectro.com\/#website","url":"https:\/\/cioelectro.com\/","name":"cioelectro.com","description":"Treten Sie mit uns ins Abenteuer!","publisher":{"@id":"https:\/\/cioelectro.com\/#organization"},"alternateName":"MEIN RADLADEN","potentialAction":[{"@type":"SearchAction","target":{"@type":"EntryPoint","urlTemplate":"https:\/\/cioelectro.com\/?s={search_term_string}"},"query-input":{"@type":"PropertyValueSpecification","valueRequired":true,"valueName":"search_term_string"}}],"inLanguage":"en-US"},{"@type":"Organization","@id":"https:\/\/cioelectro.com\/#organization","name":"CIOELECTRO","alternateName":"MEIN RADLADEN","url":"https:\/\/cioelectro.com\/","logo":{"@type":"ImageObject","inLanguage":"en-US","@id":"https:\/\/cioelectro.com\/#\/schema\/logo\/image\/","url":"https:\/\/cioelectro.com\/wp-content\/uploads\/2025\/12\/Logo-2-1200x800.png","contentUrl":"https:\/\/cioelectro.com\/wp-content\/uploads\/2025\/12\/Logo-2-1200x800.png","width":1200,"height":800,"caption":"CIOELECTRO"},"image":{"@id":"https:\/\/cioelectro.com\/#\/schema\/logo\/image\/"}}]}},"_links":{"self":[{"href":"https:\/\/cioelectro.com\/en\/wp-json\/wp\/v2\/product\/49206","targetHints":{"allow":["GET"]}}],"collection":[{"href":"https:\/\/cioelectro.com\/en\/wp-json\/wp\/v2\/product"}],"about":[{"href":"https:\/\/cioelectro.com\/en\/wp-json\/wp\/v2\/types\/product"}],"replies":[{"embeddable":true,"href":"https:\/\/cioelectro.com\/en\/wp-json\/wp\/v2\/comments?post=49206"}],"version-history":[{"count":0,"href":"https:\/\/cioelectro.com\/en\/wp-json\/wp\/v2\/product\/49206\/revisions"}],"wp:featuredmedia":[{"embeddable":true,"href":"https:\/\/cioelectro.com\/en\/wp-json\/wp\/v2\/media\/64997"}],"wp:attachment":[{"href":"https:\/\/cioelectro.com\/en\/wp-json\/wp\/v2\/media?parent=49206"}],"wp:term":[{"taxonomy":"product_brand","embeddable":true,"href":"https:\/\/cioelectro.com\/en\/wp-json\/wp\/v2\/product_brand?post=49206"},{"taxonomy":"product_cat","embeddable":true,"href":"https:\/\/cioelectro.com\/en\/wp-json\/wp\/v2\/product_cat?post=49206"},{"taxonomy":"product_tag","embeddable":true,"href":"https:\/\/cioelectro.com\/en\/wp-json\/wp\/v2\/product_tag?post=49206"}],"curies":[{"name":"wp","href":"https:\/\/api.w.org\/{rel}","templated":true}]}}