{"id":49645,"date":"2022-12-26T12:52:48","date_gmt":"2022-12-26T11:52:48","guid":{"rendered":"https:\/\/meinradladen.com\/?post_type=product&#038;p=49645"},"modified":"2023-08-10T18:46:56","modified_gmt":"2023-08-10T16:46:56","slug":"shimano-sh-gr9n-mtb-gravity-schuhe","status":"publish","type":"product","link":"https:\/\/cioelectro.com\/en\/produkt\/shimano-sh-gr9n-mtb-gravity-schuhe\/","title":{"rendered":"Shimano SH-GR9N &#8211; MTB Gravity Schuhe"},"content":{"rendered":"<h2 class=\"product--title\"><strong>Shimano<\/strong>\u00a0SH-GR9N &#8211; MTB Gravity Schuhe<\/h2>\n<p>Die Shimano SH-GR9N wurden mit einer besonders griffigen Gummi-Au\u00dfensohle von Michelin ausgestattet. Ihr Schnellschn\u00fcrsystem erm\u00f6glicht eine schnelle und sichere Einstellung, w\u00e4hrend die Sch\u00fctzende Schn\u00fcrungsabdeckung f\u00fcr zus\u00e4tzliche Abwehr von Steinchen sorgt.<\/p>\n<hr \/>\n<h3>Produktdetails &#8211; SH-GR9N<\/h3>\n<ul>\n<li>Besonders griffige Gravity Gummi-Au\u00dfensohle von Michelin\u2122<\/li>\n<li>Sch\u00fctzende Schn\u00fcrungsabdeckung f\u00fcr zus\u00e4tzliche Abwehr von Steinchen<\/li>\n<li>Robuste geformte Zehenkappe f\u00fcr verbesserten Zehenschutz<\/li>\n<li>Asymmetrisch hochgezogener Sprunggelenkschaft mit Polsterung und seitlich hochgezogene Sohle f\u00fcr zus\u00e4tzlichen Schutz<\/li>\n<li>Schnellschn\u00fcrsystem erm\u00f6glicht schnelle, sichere Einstellung<\/li>\n<li><strong>Gewicht:<\/strong>\u00a0ca. 390 g pro Schuh (Gr\u00f6\u00dfe 42)<\/li>\n<li><strong>Pedalempfehlung<\/strong>: PD-M828<\/li>\n<\/ul>\n<hr \/>\n<p>Shimano empfiehlt dir folgende Kombination f\u00fcr das \u201ePerfect-Match\u201c:<\/p>\n<p><a title=\"Perfect-Match\" href=\"https:\/\/www.bike-discount.de\/index.php?vw_type=5&amp;vw_name=detail&amp;vw_id=249\" target=\"_blank\" rel=\"noopener\"><img fetchpriority=\"high\" decoding=\"async\" title=\"Perfect-Match\" src=\"https:\/\/cd.bike-discount.de\/media\/image\/f7\/7f\/f7\/sh-gr901_26pd-m828.jpg\" alt=\"\" width=\"728\" height=\"90\" data-src=\"media\/image\/sh-gr901_26pd-m828.jpg\" \/><\/a><\/p>\n<hr \/>\n<h3>Technologien<\/h3>\n<p><strong>MICHELIN<sup>\u00ae<\/sup>-LAUFSOHLE<\/strong><br \/>\nDie flache MICHELIN<sup>\u00ae<\/sup>-Au\u00dfensohle wurde eigens nach Vorgaben von SHIMANO entwickelt und bietet exzellenten Halt.<\/p>","protected":false},"excerpt":{"rendered":"<p>Shimano\u00a0SH-GR9N &#8211; MTB Gravity Schuhe Die Shimano SH-GR9N wurden mit einer besonders griffigen Gummi-Au\u00dfensohle von Michelin ausgestattet. Ihr Schnellschn\u00fcrsystem erm\u00f6glicht<\/p>","protected":false},"featured_media":65121,"comment_status":"open","ping_status":"closed","template":"","meta":{"_rtcl_gb_attr":""},"product_brand":[],"product_cat":[783],"product_tag":[],"class_list":{"0":"post-49645","1":"product","2":"type-product","3":"status-publish","4":"has-post-thumbnail","6":"product_cat-accessories","7":"pa_marke-shimano","9":"first","10":"instock","11":"sale","12":"taxable","13":"shipping-taxable","14":"purchasable","15":"product-type-variable"},"yoast_head":"<!-- This site is optimized with the Yoast SEO Premium plugin v20.12 (Yoast SEO v27.4) - https:\/\/yoast.com\/product\/yoast-seo-premium-wordpress\/ -->\n<title>Shimano SH-GR9N - MTB Gravity Schuhe<\/title>\n<meta name=\"description\" content=\"cioelectro.com bietet Ihnen das Shimano SH-GR9N - MTB Gravity Schuhe zum besten Preis mit kostenlosem Versand in ganz Europa und sichere Zahlung\" \/>\n<meta name=\"robots\" content=\"index, follow, max-snippet:-1, max-image-preview:large, max-video-preview:-1\" \/>\n<link rel=\"canonical\" href=\"https:\/\/cioelectro.com\/en\/produkt\/shimano-sh-gr9n-mtb-gravity-schuhe\/\" \/>\n<meta property=\"og:locale\" content=\"en_US\" \/>\n<meta property=\"og:type\" content=\"article\" \/>\n<meta property=\"og:title\" content=\"Shimano SH-GR9N - MTB Gravity Schuhe\" \/>\n<meta property=\"og:description\" content=\"Entdecken Sie unseren Online-Fahrradladen: Gro\u00dfe Auswahl an Modellen f\u00fcr alle Radsportbegeisterten. Von Rennr\u00e4dern bis zu Mountainbikes - finden Sie heute Ihren perfekten Wegbegleiter!\" \/>\n<meta property=\"og:url\" content=\"https:\/\/cioelectro.com\/en\/produkt\/shimano-sh-gr9n-mtb-gravity-schuhe\/\" \/>\n<meta property=\"og:site_name\" content=\"cioelectro.com\" \/>\n<meta property=\"article:modified_time\" content=\"2023-08-10T16:46:56+00:00\" \/>\n<meta property=\"og:image\" content=\"https:\/\/cioelectro.com\/wp-content\/uploads\/2023\/06\/Shimano-SH-GR9N-MTB-Gravity-Schuhe-ESHGR901MCN01S40000_master_800x800-0-1.jpg\" \/>\n\t<meta property=\"og:image:width\" content=\"800\" \/>\n\t<meta property=\"og:image:height\" content=\"800\" \/>\n\t<meta property=\"og:image:type\" content=\"image\/jpeg\" \/>\n<meta name=\"twitter:card\" content=\"summary_large_image\" \/>\n<meta name=\"twitter:label1\" content=\"Est. reading time\" \/>\n\t<meta name=\"twitter:data1\" content=\"1 minute\" \/>\n<script type=\"application\/ld+json\" class=\"yoast-schema-graph\">{\"@context\":\"https:\\\/\\\/schema.org\",\"@graph\":[{\"@type\":\"WebPage\",\"@id\":\"https:\\\/\\\/cioelectro.com\\\/produkt\\\/shimano-sh-gr9n-mtb-gravity-schuhe\\\/\",\"url\":\"https:\\\/\\\/cioelectro.com\\\/produkt\\\/shimano-sh-gr9n-mtb-gravity-schuhe\\\/\",\"name\":\"Shimano SH-GR9N - MTB Gravity Schuhe\",\"isPartOf\":{\"@id\":\"https:\\\/\\\/cioelectro.com\\\/#website\"},\"primaryImageOfPage\":{\"@id\":\"https:\\\/\\\/cioelectro.com\\\/produkt\\\/shimano-sh-gr9n-mtb-gravity-schuhe\\\/#primaryimage\"},\"image\":{\"@id\":\"https:\\\/\\\/cioelectro.com\\\/produkt\\\/shimano-sh-gr9n-mtb-gravity-schuhe\\\/#primaryimage\"},\"thumbnailUrl\":\"https:\\\/\\\/cioelectro.com\\\/wp-content\\\/uploads\\\/2023\\\/06\\\/Shimano-SH-GR9N-MTB-Gravity-Schuhe-ESHGR901MCN01S40000_master_800x800-0-1.jpg\",\"datePublished\":\"2022-12-26T11:52:48+00:00\",\"dateModified\":\"2023-08-10T16:46:56+00:00\",\"description\":\"cioelectro.com bietet Ihnen das Shimano SH-GR9N - MTB Gravity Schuhe zum besten Preis mit kostenlosem Versand in ganz Europa und sichere Zahlung\",\"breadcrumb\":{\"@id\":\"https:\\\/\\\/cioelectro.com\\\/produkt\\\/shimano-sh-gr9n-mtb-gravity-schuhe\\\/#breadcrumb\"},\"inLanguage\":\"en-US\",\"potentialAction\":[{\"@type\":\"ReadAction\",\"target\":[\"https:\\\/\\\/cioelectro.com\\\/produkt\\\/shimano-sh-gr9n-mtb-gravity-schuhe\\\/\"]}]},{\"@type\":\"ImageObject\",\"inLanguage\":\"en-US\",\"@id\":\"https:\\\/\\\/cioelectro.com\\\/produkt\\\/shimano-sh-gr9n-mtb-gravity-schuhe\\\/#primaryimage\",\"url\":\"https:\\\/\\\/cioelectro.com\\\/wp-content\\\/uploads\\\/2023\\\/06\\\/Shimano-SH-GR9N-MTB-Gravity-Schuhe-ESHGR901MCN01S40000_master_800x800-0-1.jpg\",\"contentUrl\":\"https:\\\/\\\/cioelectro.com\\\/wp-content\\\/uploads\\\/2023\\\/06\\\/Shimano-SH-GR9N-MTB-Gravity-Schuhe-ESHGR901MCN01S40000_master_800x800-0-1.jpg\",\"width\":800,\"height\":800,\"caption\":\"Shimano SH-GR9N - MTB Gravity Schuhe\"},{\"@type\":\"BreadcrumbList\",\"@id\":\"https:\\\/\\\/cioelectro.com\\\/produkt\\\/shimano-sh-gr9n-mtb-gravity-schuhe\\\/#breadcrumb\",\"itemListElement\":[{\"@type\":\"ListItem\",\"position\":1,\"name\":\"Startseite\",\"item\":\"https:\\\/\\\/cioelectro.com\\\/\"},{\"@type\":\"ListItem\",\"position\":2,\"name\":\"LADEN\",\"item\":\"https:\\\/\\\/cioelectro.com\\\/laden\\\/\"},{\"@type\":\"ListItem\",\"position\":3,\"name\":\"Shimano SH-GR9N &#8211; MTB Gravity Schuhe\"}]},{\"@type\":\"WebSite\",\"@id\":\"https:\\\/\\\/cioelectro.com\\\/#website\",\"url\":\"https:\\\/\\\/cioelectro.com\\\/\",\"name\":\"cioelectro.com\",\"description\":\"Treten Sie mit uns ins Abenteuer!\",\"publisher\":{\"@id\":\"https:\\\/\\\/cioelectro.com\\\/#organization\"},\"alternateName\":\"MEIN RADLADEN\",\"potentialAction\":[{\"@type\":\"SearchAction\",\"target\":{\"@type\":\"EntryPoint\",\"urlTemplate\":\"https:\\\/\\\/cioelectro.com\\\/?s={search_term_string}\"},\"query-input\":{\"@type\":\"PropertyValueSpecification\",\"valueRequired\":true,\"valueName\":\"search_term_string\"}}],\"inLanguage\":\"en-US\"},{\"@type\":\"Organization\",\"@id\":\"https:\\\/\\\/cioelectro.com\\\/#organization\",\"name\":\"CIOELECTRO\",\"alternateName\":\"MEIN RADLADEN\",\"url\":\"https:\\\/\\\/cioelectro.com\\\/\",\"logo\":{\"@type\":\"ImageObject\",\"inLanguage\":\"en-US\",\"@id\":\"https:\\\/\\\/cioelectro.com\\\/#\\\/schema\\\/logo\\\/image\\\/\",\"url\":\"https:\\\/\\\/cioelectro.com\\\/wp-content\\\/uploads\\\/2025\\\/12\\\/Logo-2-1200x800.png\",\"contentUrl\":\"https:\\\/\\\/cioelectro.com\\\/wp-content\\\/uploads\\\/2025\\\/12\\\/Logo-2-1200x800.png\",\"width\":1200,\"height\":800,\"caption\":\"CIOELECTRO\"},\"image\":{\"@id\":\"https:\\\/\\\/cioelectro.com\\\/#\\\/schema\\\/logo\\\/image\\\/\"}}]}<\/script>\n<!-- \/ Yoast SEO Premium plugin. -->","yoast_head_json":{"title":"Shimano SH-GR9N - MTB Gravity Schuhe","description":"cioelectro.com bietet Ihnen das Shimano SH-GR9N - MTB Gravity Schuhe zum besten Preis mit kostenlosem Versand in ganz Europa und sichere Zahlung","robots":{"index":"index","follow":"follow","max-snippet":"max-snippet:-1","max-image-preview":"max-image-preview:large","max-video-preview":"max-video-preview:-1"},"canonical":"https:\/\/cioelectro.com\/en\/produkt\/shimano-sh-gr9n-mtb-gravity-schuhe\/","og_locale":"en_US","og_type":"article","og_title":"Shimano SH-GR9N - MTB Gravity Schuhe","og_description":"Entdecken Sie unseren Online-Fahrradladen: Gro\u00dfe Auswahl an Modellen f\u00fcr alle Radsportbegeisterten. Von Rennr\u00e4dern bis zu Mountainbikes - finden Sie heute Ihren perfekten Wegbegleiter!","og_url":"https:\/\/cioelectro.com\/en\/produkt\/shimano-sh-gr9n-mtb-gravity-schuhe\/","og_site_name":"cioelectro.com","article_modified_time":"2023-08-10T16:46:56+00:00","og_image":[{"width":800,"height":800,"url":"https:\/\/cioelectro.com\/wp-content\/uploads\/2023\/06\/Shimano-SH-GR9N-MTB-Gravity-Schuhe-ESHGR901MCN01S40000_master_800x800-0-1.jpg","type":"image\/jpeg"}],"twitter_card":"summary_large_image","twitter_misc":{"Est. reading time":"1 minute"},"schema":{"@context":"https:\/\/schema.org","@graph":[{"@type":"WebPage","@id":"https:\/\/cioelectro.com\/produkt\/shimano-sh-gr9n-mtb-gravity-schuhe\/","url":"https:\/\/cioelectro.com\/produkt\/shimano-sh-gr9n-mtb-gravity-schuhe\/","name":"Shimano SH-GR9N - MTB Gravity Schuhe","isPartOf":{"@id":"https:\/\/cioelectro.com\/#website"},"primaryImageOfPage":{"@id":"https:\/\/cioelectro.com\/produkt\/shimano-sh-gr9n-mtb-gravity-schuhe\/#primaryimage"},"image":{"@id":"https:\/\/cioelectro.com\/produkt\/shimano-sh-gr9n-mtb-gravity-schuhe\/#primaryimage"},"thumbnailUrl":"https:\/\/cioelectro.com\/wp-content\/uploads\/2023\/06\/Shimano-SH-GR9N-MTB-Gravity-Schuhe-ESHGR901MCN01S40000_master_800x800-0-1.jpg","datePublished":"2022-12-26T11:52:48+00:00","dateModified":"2023-08-10T16:46:56+00:00","description":"cioelectro.com bietet Ihnen das Shimano SH-GR9N - MTB Gravity Schuhe zum besten Preis mit kostenlosem Versand in ganz Europa und sichere Zahlung","breadcrumb":{"@id":"https:\/\/cioelectro.com\/produkt\/shimano-sh-gr9n-mtb-gravity-schuhe\/#breadcrumb"},"inLanguage":"en-US","potentialAction":[{"@type":"ReadAction","target":["https:\/\/cioelectro.com\/produkt\/shimano-sh-gr9n-mtb-gravity-schuhe\/"]}]},{"@type":"ImageObject","inLanguage":"en-US","@id":"https:\/\/cioelectro.com\/produkt\/shimano-sh-gr9n-mtb-gravity-schuhe\/#primaryimage","url":"https:\/\/cioelectro.com\/wp-content\/uploads\/2023\/06\/Shimano-SH-GR9N-MTB-Gravity-Schuhe-ESHGR901MCN01S40000_master_800x800-0-1.jpg","contentUrl":"https:\/\/cioelectro.com\/wp-content\/uploads\/2023\/06\/Shimano-SH-GR9N-MTB-Gravity-Schuhe-ESHGR901MCN01S40000_master_800x800-0-1.jpg","width":800,"height":800,"caption":"Shimano SH-GR9N - MTB Gravity Schuhe"},{"@type":"BreadcrumbList","@id":"https:\/\/cioelectro.com\/produkt\/shimano-sh-gr9n-mtb-gravity-schuhe\/#breadcrumb","itemListElement":[{"@type":"ListItem","position":1,"name":"Startseite","item":"https:\/\/cioelectro.com\/"},{"@type":"ListItem","position":2,"name":"LADEN","item":"https:\/\/cioelectro.com\/laden\/"},{"@type":"ListItem","position":3,"name":"Shimano SH-GR9N &#8211; MTB Gravity Schuhe"}]},{"@type":"WebSite","@id":"https:\/\/cioelectro.com\/#website","url":"https:\/\/cioelectro.com\/","name":"cioelectro.com","description":"Treten Sie mit uns ins Abenteuer!","publisher":{"@id":"https:\/\/cioelectro.com\/#organization"},"alternateName":"MEIN RADLADEN","potentialAction":[{"@type":"SearchAction","target":{"@type":"EntryPoint","urlTemplate":"https:\/\/cioelectro.com\/?s={search_term_string}"},"query-input":{"@type":"PropertyValueSpecification","valueRequired":true,"valueName":"search_term_string"}}],"inLanguage":"en-US"},{"@type":"Organization","@id":"https:\/\/cioelectro.com\/#organization","name":"CIOELECTRO","alternateName":"MEIN RADLADEN","url":"https:\/\/cioelectro.com\/","logo":{"@type":"ImageObject","inLanguage":"en-US","@id":"https:\/\/cioelectro.com\/#\/schema\/logo\/image\/","url":"https:\/\/cioelectro.com\/wp-content\/uploads\/2025\/12\/Logo-2-1200x800.png","contentUrl":"https:\/\/cioelectro.com\/wp-content\/uploads\/2025\/12\/Logo-2-1200x800.png","width":1200,"height":800,"caption":"CIOELECTRO"},"image":{"@id":"https:\/\/cioelectro.com\/#\/schema\/logo\/image\/"}}]}},"_links":{"self":[{"href":"https:\/\/cioelectro.com\/en\/wp-json\/wp\/v2\/product\/49645","targetHints":{"allow":["GET"]}}],"collection":[{"href":"https:\/\/cioelectro.com\/en\/wp-json\/wp\/v2\/product"}],"about":[{"href":"https:\/\/cioelectro.com\/en\/wp-json\/wp\/v2\/types\/product"}],"replies":[{"embeddable":true,"href":"https:\/\/cioelectro.com\/en\/wp-json\/wp\/v2\/comments?post=49645"}],"version-history":[{"count":0,"href":"https:\/\/cioelectro.com\/en\/wp-json\/wp\/v2\/product\/49645\/revisions"}],"wp:featuredmedia":[{"embeddable":true,"href":"https:\/\/cioelectro.com\/en\/wp-json\/wp\/v2\/media\/65121"}],"wp:attachment":[{"href":"https:\/\/cioelectro.com\/en\/wp-json\/wp\/v2\/media?parent=49645"}],"wp:term":[{"taxonomy":"product_brand","embeddable":true,"href":"https:\/\/cioelectro.com\/en\/wp-json\/wp\/v2\/product_brand?post=49645"},{"taxonomy":"product_cat","embeddable":true,"href":"https:\/\/cioelectro.com\/en\/wp-json\/wp\/v2\/product_cat?post=49645"},{"taxonomy":"product_tag","embeddable":true,"href":"https:\/\/cioelectro.com\/en\/wp-json\/wp\/v2\/product_tag?post=49645"}],"curies":[{"name":"wp","href":"https:\/\/api.w.org\/{rel}","templated":true}]}}