{"id":49844,"date":"2022-12-28T18:22:42","date_gmt":"2022-12-28T17:22:42","guid":{"rendered":"https:\/\/meinradladen.com\/?post_type=product&#038;p=49844"},"modified":"2023-08-10T18:42:44","modified_gmt":"2023-08-10T16:42:44","slug":"garmin-foretrex-601-outdoor-navigationsgeraet","status":"publish","type":"product","link":"https:\/\/cioelectro.com\/en\/produkt\/garmin-foretrex-601-outdoor-navigationsgeraet\/","title":{"rendered":"Garmin Foretrex 601 &#8211; Outdoor Navigationsger\u00e4t"},"content":{"rendered":"<h2 class=\"product--title\"><strong>Garmin<\/strong> Foretrex 601 &#8211; Outdoor Navigationsger\u00e4t<\/h2>\n<div class=\"tab-menu--product js--tab-menu\">\n<div class=\"tab--container-list\">\n<div class=\"tab--container description has--content is--active\">\n<div class=\"tab--content box-description\">\n<div class=\"content--description\">\n<div class=\"product--description\">\n<p>Der Garmin Foretrex 601 unterst\u00fctzt Smart Notifications, <a href=\"http:\/\/1-1\">damit<\/a> du Emails, SMS-Nachrichten und Alarme von deinem Smartphone direkt auf dem Ger\u00e4t empfangen kannst. Starte mit der Garmin Connect Mobile-App die LiveTrack-Funktion, sodass andere deine Reise verfolgen k\u00f6nnen (sofern Mobilfunkempfang besteht). Als weitere Online-Funktionen stehen automatische Uploads in unsere Online-Fitness-Community Garmin Connect\u2122 zur Verf\u00fcgung, sowie automatische Software-Updates, wenn das Ger\u00e4t mit einem mobilen Ger\u00e4t gekoppelt ist.<\/p>\n<hr \/>\n<p><iframe src=\"https:\/\/www.youtube-nocookie.com\/embed\/ikmmFZkctuo?rel=0&amp;showinfo=0\" width=\"640\" height=\"360\" frameborder=\"0\" allowfullscreen=\"allowfullscreen\" data-mce-fragment=\"1\"><\/iframe><\/p>\n<hr \/>\n<h3>Allgemein<\/h3>\n<h3><\/h3>\n<table border=\"1\">\n<tbody>\n<tr>\n<th scope=\"row\">Abmessungen<\/th>\n<td>7,4\u00a0x 4,3\u00a0x 2,3\u00a0cm<\/td>\n<\/tr>\n<tr>\n<th>Gewicht<\/th>\n<td>88\u00a0g mit Batterien<\/td>\n<\/tr>\n<tr>\n<th>Wasserdichtigkeit<\/th>\n<td>IPX7<\/td>\n<\/tr>\n<tr>\n<th>Batterie<\/th>\n<td>2\u00a0AAA-Batterien (nicht im Lieferumfang enthalten)<\/td>\n<\/tr>\n<tr>\n<th>Anzeigetyp<\/th>\n<td>Hochaufl\u00f6sendes Graustufen-Display<\/td>\n<\/tr>\n<tr>\n<th>Anzeigegr\u00f6\u00dfe, B x H<\/th>\n<td>2\u00a0Zoll (Diagonale)<\/td>\n<\/tr>\n<tr>\n<th>Anzeigeaufl\u00f6sung, B x H<\/th>\n<td>200\u00a0x 128\u00a0Pixel<\/td>\n<\/tr>\n<tr>\n<th>Batterielaufzeit<\/th>\n<td>Mehr als 48\u00a0Stunden im GPS-Modus, bis zu einer Woche im UltraTrac<sup>\u2122<\/sup>-Modus, bis zu einem Monat im Uhrmodus<\/td>\n<\/tr>\n<tr>\n<th>PC-Schnittstelle<\/th>\n<td>USB<\/td>\n<\/tr>\n<\/tbody>\n<\/table>\n<h3>Karten und Speicher<\/h3>\n<table border=\"1\">\n<tbody>\n<tr>\n<th scope=\"row\">Basiskarte<\/th>\n<td class=\"yes\">\u00a0\u00a0\u00a0\u00a0\u00a0\u00a0\u00a0\u00a0\u00a0\u00a0\u00a0\u00a0 Ja<\/td>\n<\/tr>\n<tr>\n<th scope=\"row\">Wegpunkte<\/th>\n<td>\u00a0\u00a0\u00a0\u00a0\u00a0\u00a0\u00a0\u00a0\u00a0\u00a0 500<\/td>\n<\/tr>\n<tr>\n<th scope=\"row\">Routen<\/th>\n<td>\u00a0\u00a0\u00a0\u00a0\u00a0\u00a0\u00a0\u00a0\u00a0\u00a0\u00a0\u00a0 20<\/td>\n<\/tr>\n<tr>\n<th scope=\"row\">Trackaufzeichnung<\/th>\n<td>\u00a0\u00a0\u00a0\u00a0\u00a0\u00a0\u00a0\u00a0\u00a0\u00a0\u00a0\u00a0 10<\/td>\n<\/tr>\n<\/tbody>\n<\/table>\n<h3>Sensoren<\/h3>\n<table border=\"1\">\n<tbody>\n<tr>\n<th scope=\"row\">Barometrischer H\u00f6henmesser<\/th>\n<td class=\"yes\">\u00a0\u00a0\u00a0\u00a0\u00a0\u00a0\u00a0\u00a0\u00a0\u00a0 Ja<\/td>\n<\/tr>\n<tr>\n<th scope=\"row\">Kompass<\/th>\n<td class=\"yes\">\u00a0\u00a0\u00a0\u00a0\u00a0\u00a0\u00a0\u00a0\u00a0\u00a0 Ja<\/td>\n<\/tr>\n<\/tbody>\n<\/table>\n<h3>Outdoor-Freizeitfunktionen<\/h3>\n<table border=\"1\">\n<tbody>\n<tr>\n<th scope=\"row\">Fl\u00e4chenberechnung<\/th>\n<td class=\"yes\">\u00a0\u00a0\u00a0\u00a0\u00a0\u00a0\u00a0\u00a0\u00a0\u00a0 Ja<\/td>\n<\/tr>\n<tr>\n<th scope=\"row\">Jagd- und Angelkalender<\/th>\n<td class=\"yes\">\u00a0\u00a0\u00a0\u00a0\u00a0\u00a0\u00a0\u00a0\u00a0\u00a0 Ja<\/td>\n<\/tr>\n<tr>\n<th scope=\"row\">Sonnen- und Mondkalender<\/th>\n<td class=\"yes\">\u00a0\u00a0\u00a0\u00a0\u00a0\u00a0\u00a0\u00a0\u00a0\u00a0 Ja<\/td>\n<\/tr>\n<\/tbody>\n<\/table>\n<h3>Garmin Connect\u2122<\/h3>\n<table border=\"1\">\n<tbody>\n<tr>\n<th scope=\"row\">Mit Garmin Connect\u2122 kompatibel (Online-Community zur<br \/>\nAnalyse, Klassifizierung und zum Austausch von Daten)<\/th>\n<td class=\"yes\">\u00a0\u00a0\u00a0\u00a0\u00a0\u00a0\u00a0\u00a0 Ja<\/td>\n<\/tr>\n<\/tbody>\n<\/table>\n<h3>Zus\u00e4tzliches<\/h3>\n<ul>\n<li>Entspricht MIL-STD-810: W\u00e4rmebelastung, Sto\u00dffestigkeit, Wasserbest\u00e4ndigkeit<\/li>\n<li>Dualgitter-Koordinaten: anpassbar<\/li>\n<li>Kompatibilit\u00e4t mit Nachtsichtbrillen<\/li>\n<li>Tonsignale<\/li>\n<li>GPS-Antennentyp: Panelantenne<\/li>\n<li>Unterst\u00fctzung von GPS\/GLONASS\/Galileo<\/li>\n<li>Gespeicherte Tracks: 100\/200\u00a0Punkte pro Track<\/li>\n<li>Uhrfunktionen: Uhrzeit\/Datum, Uhrmodus, Milit\u00e4rzeitformat, GPS-Uhrzeitsynchronisierung, automatische Sommerzeit, Wecker, Timer, Stoppuhr, Zeiten f\u00fcr Sonnenaufgang und Sonnenuntergang<\/li>\n<li>Anpassbare Datenseiten<\/li>\n<li>Touchscreen- und\/oder Tastensperre<\/li>\n<li>GPS-Geschwindigkeit und -Distanz<\/li>\n<li>Sensorkompatibilit\u00e4t: HR-Brustgurt, Geschwindigkeitssensor, Trittfrequenzsensor, VIRB<sup>\u00ae<\/sup>, tempe<sup>\u2122<\/sup><\/li>\n<li>GPS-basierte Daten zu Distanz, Zeit und Pace<\/li>\n<li>Jumpmaster<\/li>\n<li>Punkt-zu-Punkt-Navigation<\/li>\n<li>Trackaufzeichnung in Echtzeit<\/li>\n<li>Zur\u00fcck zum Start<\/li>\n<li>TracBack<sup>\u00ae<\/sup><\/li>\n<li>H\u00f6henprofil<\/li>\n<li>Distanz zum Ziel<\/li>\n<li>Barometrische Trendanzeige<\/li>\n<li>Vertikalgeschwindigkeit<\/li>\n<li>Anstieg\/Abstieg gesamt<\/li>\n<li>Teilen von Routen\/Positionen zwischen zwei Ger\u00e4ten<\/li>\n<li>GPS-Koordinaten<\/li>\n<li>Wegpunkt-Projektion<\/li>\n<li>Peilen und Los<\/li>\n<li>Smart Notifications<\/li>\n<li>LiveTrack<\/li>\n<\/ul>\n<\/div>\n<div class=\"ean-box\"><label>Hersteller Artikelnr.:<\/label>\u00a0<span class=\"supplier-number\">010-01772-00<\/span><br \/>\n<label>UPC:<\/label>\u00a0<span class=\"netz-upc\">753759181529<\/span><\/div>\n<\/div>\n<\/div>\n<\/div>\n<\/div>\n<\/div>\n<p><a class=\"rating-link-info--box\" name=\"product--publish-comment\"><\/a><\/p>\n<div id=\"detail--product-reviews\" class=\"content--product-reviews 123\">\n<div class=\"content--title\">Bewertungen<\/div>\n<div>\n<div class=\"product--rating-container\"><span class=\"product--rating\"><i class=\"icon--star\"><\/i>\u00a0<i class=\"icon--star\"><\/i>\u00a0<i class=\"icon--star\"><\/i>\u00a0<i class=\"icon--star\"><\/i>\u00a0<i class=\"icon--star\"><\/i>\u00a0<span class=\"rating--count-wrapper\">(<span class=\"rating--count\">4<\/span>)\u00a0<span class=\"rating--link\">jetzt bewerten<\/span><\/span><\/span><\/div>\n<div>\n<div class=\"points\"><span class=\"point-label\">5 Sterne<\/span><span class=\"point-label\">4<\/span><span class=\"point-count\">(4)<\/span><\/div>\n<div class=\"points\"><span class=\"point-label\">4 Sterne<\/span><span class=\"point-label\">_<\/span><span class=\"point-count\">(0)<\/span><\/div>\n<div class=\"points\"><span class=\"point-label\">3 Sterne<\/span><span class=\"point-label\">_<\/span><span class=\"point-count\">(0)<\/span><\/div>\n<div class=\"points\"><span class=\"point-label\">2 Sterne<\/span><span class=\"point-label\">_<\/span><span class=\"point-count\">(0)<\/span><\/div>\n<div class=\"points\"><span class=\"point-label\">1 Sterne<\/span><span class=\"point-label\">_<\/span><span class=\"point-count\">(0)<\/span><\/div>\n<\/div>\n<\/div>\n<div class=\"small--comment_block\">\n<div class=\"review--entry entry1\">\n<div class=\"entry--header\"><span class=\"content--field author\">Frank S.<\/span><span class=\"product--rating\"><i class=\"icon--star\"><\/i>\u00a0<i class=\"icon--star\"><\/i>\u00a0<i class=\"icon--star\"><\/i>\u00a0<i class=\"icon--star\"><\/i>\u00a0<\/span><\/div>\n<\/div>\n<\/div>\n<\/div>","protected":false},"excerpt":{"rendered":"<p>Garmin Foretrex 601 &#8211; Outdoor Navigationsger\u00e4t Der Garmin Foretrex 601 unterst\u00fctzt Smart Notifications, damit du Emails, SMS-Nachrichten und Alarme von<\/p>","protected":false},"featured_media":65224,"comment_status":"open","ping_status":"closed","template":"","meta":{"_rtcl_gb_attr":""},"product_brand":[],"product_cat":[676],"product_tag":[],"class_list":{"0":"post-49844","1":"product","2":"type-product","3":"status-publish","4":"has-post-thumbnail","6":"product_cat-zugsysteme","7":"pa_marke-garmin","9":"first","10":"instock","11":"sale","12":"taxable","13":"shipping-taxable","14":"purchasable","15":"product-type-simple"},"yoast_head":"<!-- This site is optimized with the Yoast SEO Premium plugin v20.12 (Yoast SEO v27.4) - https:\/\/yoast.com\/product\/yoast-seo-premium-wordpress\/ -->\n<title>Garmin Foretrex 601 - Outdoor Navigationsger\u00e4t<\/title>\n<meta name=\"description\" content=\"Entdecken Sie unseren Online-Fahrradladen: Gro\u00dfe Auswahl an Modellen f\u00fcr alle Radsportbegeisterten. Von Rennr\u00e4dern bis zu Mountainbikes - finden Sie heute Ihren perfekten Wegbegleiter!\" \/>\n<meta name=\"robots\" content=\"index, follow, max-snippet:-1, max-image-preview:large, max-video-preview:-1\" \/>\n<link rel=\"canonical\" href=\"https:\/\/cioelectro.com\/en\/produkt\/garmin-foretrex-601-outdoor-navigationsgeraet\/\" \/>\n<meta property=\"og:locale\" content=\"en_US\" \/>\n<meta property=\"og:type\" content=\"article\" \/>\n<meta property=\"og:title\" content=\"Garmin Foretrex 601 - Outdoor Navigationsger\u00e4t\" \/>\n<meta property=\"og:description\" content=\"Entdecken Sie unseren Online-Fahrradladen: Gro\u00dfe Auswahl an Modellen f\u00fcr alle Radsportbegeisterten. Von Rennr\u00e4dern bis zu Mountainbikes - finden Sie heute Ihren perfekten Wegbegleiter!\" \/>\n<meta property=\"og:url\" content=\"https:\/\/cioelectro.com\/en\/produkt\/garmin-foretrex-601-outdoor-navigationsgeraet\/\" \/>\n<meta property=\"og:site_name\" content=\"cioelectro.com\" \/>\n<meta property=\"article:modified_time\" content=\"2023-08-10T16:42:44+00:00\" \/>\n<meta property=\"og:image\" content=\"https:\/\/cioelectro.com\/wp-content\/uploads\/2023\/06\/Foretrex-601-1_800x800-0.jpg\" \/>\n\t<meta property=\"og:image:width\" content=\"800\" \/>\n\t<meta property=\"og:image:height\" content=\"800\" \/>\n\t<meta property=\"og:image:type\" content=\"image\/jpeg\" \/>\n<meta name=\"twitter:card\" content=\"summary_large_image\" \/>\n<meta name=\"twitter:label1\" content=\"Est. reading time\" \/>\n\t<meta name=\"twitter:data1\" content=\"2 minutes\" \/>\n<script type=\"application\/ld+json\" class=\"yoast-schema-graph\">{\"@context\":\"https:\\\/\\\/schema.org\",\"@graph\":[{\"@type\":\"WebPage\",\"@id\":\"https:\\\/\\\/cioelectro.com\\\/produkt\\\/garmin-foretrex-601-outdoor-navigationsgeraet\\\/\",\"url\":\"https:\\\/\\\/cioelectro.com\\\/produkt\\\/garmin-foretrex-601-outdoor-navigationsgeraet\\\/\",\"name\":\"Garmin Foretrex 601 - Outdoor Navigationsger\u00e4t\",\"isPartOf\":{\"@id\":\"https:\\\/\\\/cioelectro.com\\\/#website\"},\"primaryImageOfPage\":{\"@id\":\"https:\\\/\\\/cioelectro.com\\\/produkt\\\/garmin-foretrex-601-outdoor-navigationsgeraet\\\/#primaryimage\"},\"image\":{\"@id\":\"https:\\\/\\\/cioelectro.com\\\/produkt\\\/garmin-foretrex-601-outdoor-navigationsgeraet\\\/#primaryimage\"},\"thumbnailUrl\":\"https:\\\/\\\/cioelectro.com\\\/wp-content\\\/uploads\\\/2023\\\/06\\\/Foretrex-601-1_800x800-0.jpg\",\"datePublished\":\"2022-12-28T17:22:42+00:00\",\"dateModified\":\"2023-08-10T16:42:44+00:00\",\"description\":\"Entdecken Sie unseren Online-Fahrradladen: Gro\u00dfe Auswahl an Modellen f\u00fcr alle Radsportbegeisterten. Von Rennr\u00e4dern bis zu Mountainbikes - finden Sie heute Ihren perfekten Wegbegleiter!\",\"breadcrumb\":{\"@id\":\"https:\\\/\\\/cioelectro.com\\\/produkt\\\/garmin-foretrex-601-outdoor-navigationsgeraet\\\/#breadcrumb\"},\"inLanguage\":\"en-US\",\"potentialAction\":[{\"@type\":\"ReadAction\",\"target\":[\"https:\\\/\\\/cioelectro.com\\\/produkt\\\/garmin-foretrex-601-outdoor-navigationsgeraet\\\/\"]}]},{\"@type\":\"ImageObject\",\"inLanguage\":\"en-US\",\"@id\":\"https:\\\/\\\/cioelectro.com\\\/produkt\\\/garmin-foretrex-601-outdoor-navigationsgeraet\\\/#primaryimage\",\"url\":\"https:\\\/\\\/cioelectro.com\\\/wp-content\\\/uploads\\\/2023\\\/06\\\/Foretrex-601-1_800x800-0.jpg\",\"contentUrl\":\"https:\\\/\\\/cioelectro.com\\\/wp-content\\\/uploads\\\/2023\\\/06\\\/Foretrex-601-1_800x800-0.jpg\",\"width\":800,\"height\":800,\"caption\":\"Garmin Foretrex 601 - Outdoor Navigationsger\u00e4t\"},{\"@type\":\"BreadcrumbList\",\"@id\":\"https:\\\/\\\/cioelectro.com\\\/produkt\\\/garmin-foretrex-601-outdoor-navigationsgeraet\\\/#breadcrumb\",\"itemListElement\":[{\"@type\":\"ListItem\",\"position\":1,\"name\":\"Startseite\",\"item\":\"https:\\\/\\\/cioelectro.com\\\/\"},{\"@type\":\"ListItem\",\"position\":2,\"name\":\"LADEN\",\"item\":\"https:\\\/\\\/cioelectro.com\\\/laden\\\/\"},{\"@type\":\"ListItem\",\"position\":3,\"name\":\"Garmin Foretrex 601 &#8211; Outdoor Navigationsger\u00e4t\"}]},{\"@type\":\"WebSite\",\"@id\":\"https:\\\/\\\/cioelectro.com\\\/#website\",\"url\":\"https:\\\/\\\/cioelectro.com\\\/\",\"name\":\"cioelectro.com\",\"description\":\"Treten Sie mit uns ins Abenteuer!\",\"publisher\":{\"@id\":\"https:\\\/\\\/cioelectro.com\\\/#organization\"},\"alternateName\":\"MEIN RADLADEN\",\"potentialAction\":[{\"@type\":\"SearchAction\",\"target\":{\"@type\":\"EntryPoint\",\"urlTemplate\":\"https:\\\/\\\/cioelectro.com\\\/?s={search_term_string}\"},\"query-input\":{\"@type\":\"PropertyValueSpecification\",\"valueRequired\":true,\"valueName\":\"search_term_string\"}}],\"inLanguage\":\"en-US\"},{\"@type\":\"Organization\",\"@id\":\"https:\\\/\\\/cioelectro.com\\\/#organization\",\"name\":\"CIOELECTRO\",\"alternateName\":\"MEIN RADLADEN\",\"url\":\"https:\\\/\\\/cioelectro.com\\\/\",\"logo\":{\"@type\":\"ImageObject\",\"inLanguage\":\"en-US\",\"@id\":\"https:\\\/\\\/cioelectro.com\\\/#\\\/schema\\\/logo\\\/image\\\/\",\"url\":\"https:\\\/\\\/cioelectro.com\\\/wp-content\\\/uploads\\\/2025\\\/12\\\/Logo-2-1200x800.png\",\"contentUrl\":\"https:\\\/\\\/cioelectro.com\\\/wp-content\\\/uploads\\\/2025\\\/12\\\/Logo-2-1200x800.png\",\"width\":1200,\"height\":800,\"caption\":\"CIOELECTRO\"},\"image\":{\"@id\":\"https:\\\/\\\/cioelectro.com\\\/#\\\/schema\\\/logo\\\/image\\\/\"}}]}<\/script>\n<!-- \/ Yoast SEO Premium plugin. -->","yoast_head_json":{"title":"Garmin Foretrex 601 - Outdoor Navigationsger\u00e4t","description":"Entdecken Sie unseren Online-Fahrradladen: Gro\u00dfe Auswahl an Modellen f\u00fcr alle Radsportbegeisterten. Von Rennr\u00e4dern bis zu Mountainbikes - finden Sie heute Ihren perfekten Wegbegleiter!","robots":{"index":"index","follow":"follow","max-snippet":"max-snippet:-1","max-image-preview":"max-image-preview:large","max-video-preview":"max-video-preview:-1"},"canonical":"https:\/\/cioelectro.com\/en\/produkt\/garmin-foretrex-601-outdoor-navigationsgeraet\/","og_locale":"en_US","og_type":"article","og_title":"Garmin Foretrex 601 - Outdoor Navigationsger\u00e4t","og_description":"Entdecken Sie unseren Online-Fahrradladen: Gro\u00dfe Auswahl an Modellen f\u00fcr alle Radsportbegeisterten. Von Rennr\u00e4dern bis zu Mountainbikes - finden Sie heute Ihren perfekten Wegbegleiter!","og_url":"https:\/\/cioelectro.com\/en\/produkt\/garmin-foretrex-601-outdoor-navigationsgeraet\/","og_site_name":"cioelectro.com","article_modified_time":"2023-08-10T16:42:44+00:00","og_image":[{"width":800,"height":800,"url":"https:\/\/cioelectro.com\/wp-content\/uploads\/2023\/06\/Foretrex-601-1_800x800-0.jpg","type":"image\/jpeg"}],"twitter_card":"summary_large_image","twitter_misc":{"Est. reading time":"2 minutes"},"schema":{"@context":"https:\/\/schema.org","@graph":[{"@type":"WebPage","@id":"https:\/\/cioelectro.com\/produkt\/garmin-foretrex-601-outdoor-navigationsgeraet\/","url":"https:\/\/cioelectro.com\/produkt\/garmin-foretrex-601-outdoor-navigationsgeraet\/","name":"Garmin Foretrex 601 - Outdoor Navigationsger\u00e4t","isPartOf":{"@id":"https:\/\/cioelectro.com\/#website"},"primaryImageOfPage":{"@id":"https:\/\/cioelectro.com\/produkt\/garmin-foretrex-601-outdoor-navigationsgeraet\/#primaryimage"},"image":{"@id":"https:\/\/cioelectro.com\/produkt\/garmin-foretrex-601-outdoor-navigationsgeraet\/#primaryimage"},"thumbnailUrl":"https:\/\/cioelectro.com\/wp-content\/uploads\/2023\/06\/Foretrex-601-1_800x800-0.jpg","datePublished":"2022-12-28T17:22:42+00:00","dateModified":"2023-08-10T16:42:44+00:00","description":"Entdecken Sie unseren Online-Fahrradladen: Gro\u00dfe Auswahl an Modellen f\u00fcr alle Radsportbegeisterten. Von Rennr\u00e4dern bis zu Mountainbikes - finden Sie heute Ihren perfekten Wegbegleiter!","breadcrumb":{"@id":"https:\/\/cioelectro.com\/produkt\/garmin-foretrex-601-outdoor-navigationsgeraet\/#breadcrumb"},"inLanguage":"en-US","potentialAction":[{"@type":"ReadAction","target":["https:\/\/cioelectro.com\/produkt\/garmin-foretrex-601-outdoor-navigationsgeraet\/"]}]},{"@type":"ImageObject","inLanguage":"en-US","@id":"https:\/\/cioelectro.com\/produkt\/garmin-foretrex-601-outdoor-navigationsgeraet\/#primaryimage","url":"https:\/\/cioelectro.com\/wp-content\/uploads\/2023\/06\/Foretrex-601-1_800x800-0.jpg","contentUrl":"https:\/\/cioelectro.com\/wp-content\/uploads\/2023\/06\/Foretrex-601-1_800x800-0.jpg","width":800,"height":800,"caption":"Garmin Foretrex 601 - Outdoor Navigationsger\u00e4t"},{"@type":"BreadcrumbList","@id":"https:\/\/cioelectro.com\/produkt\/garmin-foretrex-601-outdoor-navigationsgeraet\/#breadcrumb","itemListElement":[{"@type":"ListItem","position":1,"name":"Startseite","item":"https:\/\/cioelectro.com\/"},{"@type":"ListItem","position":2,"name":"LADEN","item":"https:\/\/cioelectro.com\/laden\/"},{"@type":"ListItem","position":3,"name":"Garmin Foretrex 601 &#8211; Outdoor Navigationsger\u00e4t"}]},{"@type":"WebSite","@id":"https:\/\/cioelectro.com\/#website","url":"https:\/\/cioelectro.com\/","name":"cioelectro.com","description":"Treten Sie mit uns ins Abenteuer!","publisher":{"@id":"https:\/\/cioelectro.com\/#organization"},"alternateName":"MEIN RADLADEN","potentialAction":[{"@type":"SearchAction","target":{"@type":"EntryPoint","urlTemplate":"https:\/\/cioelectro.com\/?s={search_term_string}"},"query-input":{"@type":"PropertyValueSpecification","valueRequired":true,"valueName":"search_term_string"}}],"inLanguage":"en-US"},{"@type":"Organization","@id":"https:\/\/cioelectro.com\/#organization","name":"CIOELECTRO","alternateName":"MEIN RADLADEN","url":"https:\/\/cioelectro.com\/","logo":{"@type":"ImageObject","inLanguage":"en-US","@id":"https:\/\/cioelectro.com\/#\/schema\/logo\/image\/","url":"https:\/\/cioelectro.com\/wp-content\/uploads\/2025\/12\/Logo-2-1200x800.png","contentUrl":"https:\/\/cioelectro.com\/wp-content\/uploads\/2025\/12\/Logo-2-1200x800.png","width":1200,"height":800,"caption":"CIOELECTRO"},"image":{"@id":"https:\/\/cioelectro.com\/#\/schema\/logo\/image\/"}}]}},"_links":{"self":[{"href":"https:\/\/cioelectro.com\/en\/wp-json\/wp\/v2\/product\/49844","targetHints":{"allow":["GET"]}}],"collection":[{"href":"https:\/\/cioelectro.com\/en\/wp-json\/wp\/v2\/product"}],"about":[{"href":"https:\/\/cioelectro.com\/en\/wp-json\/wp\/v2\/types\/product"}],"replies":[{"embeddable":true,"href":"https:\/\/cioelectro.com\/en\/wp-json\/wp\/v2\/comments?post=49844"}],"version-history":[{"count":0,"href":"https:\/\/cioelectro.com\/en\/wp-json\/wp\/v2\/product\/49844\/revisions"}],"wp:featuredmedia":[{"embeddable":true,"href":"https:\/\/cioelectro.com\/en\/wp-json\/wp\/v2\/media\/65224"}],"wp:attachment":[{"href":"https:\/\/cioelectro.com\/en\/wp-json\/wp\/v2\/media?parent=49844"}],"wp:term":[{"taxonomy":"product_brand","embeddable":true,"href":"https:\/\/cioelectro.com\/en\/wp-json\/wp\/v2\/product_brand?post=49844"},{"taxonomy":"product_cat","embeddable":true,"href":"https:\/\/cioelectro.com\/en\/wp-json\/wp\/v2\/product_cat?post=49844"},{"taxonomy":"product_tag","embeddable":true,"href":"https:\/\/cioelectro.com\/en\/wp-json\/wp\/v2\/product_tag?post=49844"}],"curies":[{"name":"wp","href":"https:\/\/api.w.org\/{rel}","templated":true}]}}