{"id":49889,"date":"2022-12-28T20:32:17","date_gmt":"2022-12-28T19:32:17","guid":{"rendered":"https:\/\/meinradladen.com\/?post_type=product&#038;p=49889"},"modified":"2023-08-10T18:35:40","modified_gmt":"2023-08-10T16:35:40","slug":"garmin-vivosmart-5-smarter-fitness-tracker","status":"publish","type":"product","link":"https:\/\/cioelectro.com\/en\/produkt\/garmin-vivosmart-5-smarter-fitness-tracker\/","title":{"rendered":"Garmin VIVOSMART 5 &#8211; Smarter Fitness Tracker"},"content":{"rendered":"<h2 class=\"product--title\"><strong>Garmin<\/strong>\u00a0VIVOSMART 5 &#8211; Smarter Fitness Tracker<\/h2>\n<p>Der Garmin VIVOSMART 5 ist ein stilvoller Fitness-Tracker f\u00fcr deinen <a href=\"http:\/\/1-1\">aktiven<\/a> Lebensstil. Dank des integrierten Pulse Ox-Sensor wird w\u00e4hrend des Schlafens die Sauerstoffs\u00e4ttigung im Blut gemessen und zeichnet zudem die Herzfrequenz am Handgelenk auf.<\/p>\n<h2>\u00dcbernehme die Verantwortung f\u00fcr deine Gesundheit: V\u00edvosmart\u00ae 5 von Garmin<\/h2>\n<p>\u00dcbernehme mit der v\u00edvosmart\u00ae 5 die Verantwortung f\u00fcr deine Gesundheit. Der einfach zu bedienende, komfortable Fitness-Tracker1 verf\u00fcgt \u00fcber zahlreiche Funktionen, mit denen du deine Aktivit\u00e4ten am Tag und deinen Schlaf in der Nacht analysieren und verbessern kannst. Herzfrequenzmessung am Handgelenk, Stresslevelmessung,<\/p>\n<hr \/>\n<h3>Features &#8211; Garmin v\u00edvosmart\u00ae 5<\/h3>\n<ul>\n<li>Smarter Fitness-Tracker mit OLED Touchdisplay<\/li>\n<li>Gesundheitsfunktionen wie Herzfrequenz, Body Battery<\/li>\n<li>Erweiterte Schlafanalyse mit Sleep Score, Atmung und Pulse Ox<\/li>\n<li>Fitnessfunktionen wie Schritte, Kalorien und Intensit\u00e4tsminuten<\/li>\n<li>\u00dcber 10 Sport-Apps wie Gehen, Laufen, Radfahren, HIIT und Yoga<\/li>\n<li>Notfall-Assistenz und Unfallerkennung bei ausgew\u00e4hlten Sportarten<\/li>\n<li>Smart Notifications und Connected GPS via Smartphone<\/li>\n<li>Akkulaufzeit bis zu 7 Tage und wasserdicht bis 5 ATM (entspricht einem Pr\u00fcfdruck von 50 m Tiefe<\/li>\n<\/ul>\n<ul>\n<li>S\/M black<\/li>\n<li>L black<\/li>\n<li>S\/M mint<\/li>\n<li>S\/M white<\/li>\n<\/ul>\n<h3>Gewicht (Herstellerangabe)<\/h3>\n<ul>\n<li><strong>S\/M:<\/strong>\u00a024,5g<\/li>\n<li><strong>L:<\/strong>\u00a026,5g<\/li>\n<\/ul>\n<hr \/>\n<h3>Lieferumfang<\/h3>\n<ul>\n<li>1 x Garmin VIVOSMART 5 &#8211; Smarter Fitness Tracker<\/li>\n<li>1 x Ladekabel<\/li>\n<li>1 x Gebrauchsanweisung<\/li>\n<\/ul>\n<hr \/>\n<h3>Garmin | v\u00edvosmart 5-Fitness-Tracker | Du packst das<\/h3>\n<p><iframe title=\"YouTube video player\" src=\"https:\/\/www.youtube-nocookie.com\/embed\/DTgB_Kdp-E8\" width=\"640\" height=\"360\" frameborder=\"0\" allowfullscreen=\"allowfullscreen\" data-mce-fragment=\"1\"><\/iframe><\/p>","protected":false},"excerpt":{"rendered":"<p>Garmin\u00a0VIVOSMART 5 &#8211; Smarter Fitness Tracker Der Garmin VIVOSMART 5 ist ein stilvoller Fitness-Tracker f\u00fcr deinen aktiven Lebensstil. Dank des<\/p>","protected":false},"featured_media":65257,"comment_status":"open","ping_status":"closed","template":"","meta":{"_rtcl_gb_attr":""},"product_brand":[],"product_cat":[573,676],"product_tag":[],"class_list":{"0":"post-49889","1":"product","2":"type-product","3":"status-publish","4":"has-post-thumbnail","6":"product_cat-zubehor","7":"product_cat-zugsysteme","8":"pa_marke-garmin","10":"first","11":"instock","12":"sale","13":"taxable","14":"shipping-taxable","15":"purchasable","16":"product-type-variable"},"yoast_head":"<!-- This site is optimized with the Yoast SEO Premium plugin v20.12 (Yoast SEO v27.4) - https:\/\/yoast.com\/product\/yoast-seo-premium-wordpress\/ -->\n<title>Garmin VIVOSMART 5 - Smarter Fitness Tracker<\/title>\n<meta name=\"description\" content=\"Entdecken Sie unseren Online-Fahrradladen: Gro\u00dfe Auswahl an Modellen f\u00fcr alle Radsportbegeisterten. Von Rennr\u00e4dern bis zu Mountainbikes - finden Sie heute Ihren perfekten Wegbegleiter!\" \/>\n<meta name=\"robots\" content=\"index, follow, max-snippet:-1, max-image-preview:large, max-video-preview:-1\" \/>\n<link rel=\"canonical\" href=\"https:\/\/cioelectro.com\/en\/produkt\/garmin-vivosmart-5-smarter-fitness-tracker\/\" \/>\n<meta property=\"og:locale\" content=\"en_US\" \/>\n<meta property=\"og:type\" content=\"article\" \/>\n<meta property=\"og:title\" content=\"Garmin VIVOSMART 5 - Smarter Fitness Tracker\" \/>\n<meta property=\"og:description\" content=\"Entdecken Sie unseren Online-Fahrradladen: Gro\u00dfe Auswahl an Modellen f\u00fcr alle Radsportbegeisterten. Von Rennr\u00e4dern bis zu Mountainbikes - finden Sie heute Ihren perfekten Wegbegleiter!\" \/>\n<meta property=\"og:url\" content=\"https:\/\/cioelectro.com\/en\/produkt\/garmin-vivosmart-5-smarter-fitness-tracker\/\" \/>\n<meta property=\"og:site_name\" content=\"cioelectro.com\" \/>\n<meta property=\"article:modified_time\" content=\"2023-08-10T16:35:40+00:00\" \/>\n<meta property=\"og:image\" content=\"https:\/\/cioelectro.com\/wp-content\/uploads\/2023\/06\/garmin-20116358-VIVOSMART-5-Smarter-Fitness-Tracker-all-1_800x800-0-1.jpg\" \/>\n\t<meta property=\"og:image:width\" content=\"800\" \/>\n\t<meta property=\"og:image:height\" content=\"726\" \/>\n\t<meta property=\"og:image:type\" content=\"image\/jpeg\" \/>\n<meta name=\"twitter:card\" content=\"summary_large_image\" \/>\n<meta name=\"twitter:label1\" content=\"Est. reading time\" \/>\n\t<meta name=\"twitter:data1\" content=\"2 minutes\" \/>\n<script type=\"application\/ld+json\" class=\"yoast-schema-graph\">{\"@context\":\"https:\\\/\\\/schema.org\",\"@graph\":[{\"@type\":\"WebPage\",\"@id\":\"https:\\\/\\\/cioelectro.com\\\/produkt\\\/garmin-vivosmart-5-smarter-fitness-tracker\\\/\",\"url\":\"https:\\\/\\\/cioelectro.com\\\/produkt\\\/garmin-vivosmart-5-smarter-fitness-tracker\\\/\",\"name\":\"Garmin VIVOSMART 5 - Smarter Fitness Tracker\",\"isPartOf\":{\"@id\":\"https:\\\/\\\/cioelectro.com\\\/#website\"},\"primaryImageOfPage\":{\"@id\":\"https:\\\/\\\/cioelectro.com\\\/produkt\\\/garmin-vivosmart-5-smarter-fitness-tracker\\\/#primaryimage\"},\"image\":{\"@id\":\"https:\\\/\\\/cioelectro.com\\\/produkt\\\/garmin-vivosmart-5-smarter-fitness-tracker\\\/#primaryimage\"},\"thumbnailUrl\":\"https:\\\/\\\/cioelectro.com\\\/wp-content\\\/uploads\\\/2023\\\/06\\\/garmin-20116358-VIVOSMART-5-Smarter-Fitness-Tracker-all-1_800x800-0-1.jpg\",\"datePublished\":\"2022-12-28T19:32:17+00:00\",\"dateModified\":\"2023-08-10T16:35:40+00:00\",\"description\":\"Entdecken Sie unseren Online-Fahrradladen: Gro\u00dfe Auswahl an Modellen f\u00fcr alle Radsportbegeisterten. Von Rennr\u00e4dern bis zu Mountainbikes - finden Sie heute Ihren perfekten Wegbegleiter!\",\"breadcrumb\":{\"@id\":\"https:\\\/\\\/cioelectro.com\\\/produkt\\\/garmin-vivosmart-5-smarter-fitness-tracker\\\/#breadcrumb\"},\"inLanguage\":\"en-US\",\"potentialAction\":[{\"@type\":\"ReadAction\",\"target\":[\"https:\\\/\\\/cioelectro.com\\\/produkt\\\/garmin-vivosmart-5-smarter-fitness-tracker\\\/\"]}]},{\"@type\":\"ImageObject\",\"inLanguage\":\"en-US\",\"@id\":\"https:\\\/\\\/cioelectro.com\\\/produkt\\\/garmin-vivosmart-5-smarter-fitness-tracker\\\/#primaryimage\",\"url\":\"https:\\\/\\\/cioelectro.com\\\/wp-content\\\/uploads\\\/2023\\\/06\\\/garmin-20116358-VIVOSMART-5-Smarter-Fitness-Tracker-all-1_800x800-0-1.jpg\",\"contentUrl\":\"https:\\\/\\\/cioelectro.com\\\/wp-content\\\/uploads\\\/2023\\\/06\\\/garmin-20116358-VIVOSMART-5-Smarter-Fitness-Tracker-all-1_800x800-0-1.jpg\",\"width\":800,\"height\":726,\"caption\":\"Garmin VIVOSMART 5 - Smarter Fitness Tracker\"},{\"@type\":\"BreadcrumbList\",\"@id\":\"https:\\\/\\\/cioelectro.com\\\/produkt\\\/garmin-vivosmart-5-smarter-fitness-tracker\\\/#breadcrumb\",\"itemListElement\":[{\"@type\":\"ListItem\",\"position\":1,\"name\":\"Startseite\",\"item\":\"https:\\\/\\\/cioelectro.com\\\/\"},{\"@type\":\"ListItem\",\"position\":2,\"name\":\"LADEN\",\"item\":\"https:\\\/\\\/cioelectro.com\\\/laden\\\/\"},{\"@type\":\"ListItem\",\"position\":3,\"name\":\"Garmin VIVOSMART 5 &#8211; Smarter Fitness Tracker\"}]},{\"@type\":\"WebSite\",\"@id\":\"https:\\\/\\\/cioelectro.com\\\/#website\",\"url\":\"https:\\\/\\\/cioelectro.com\\\/\",\"name\":\"cioelectro.com\",\"description\":\"Treten Sie mit uns ins Abenteuer!\",\"publisher\":{\"@id\":\"https:\\\/\\\/cioelectro.com\\\/#organization\"},\"alternateName\":\"MEIN RADLADEN\",\"potentialAction\":[{\"@type\":\"SearchAction\",\"target\":{\"@type\":\"EntryPoint\",\"urlTemplate\":\"https:\\\/\\\/cioelectro.com\\\/?s={search_term_string}\"},\"query-input\":{\"@type\":\"PropertyValueSpecification\",\"valueRequired\":true,\"valueName\":\"search_term_string\"}}],\"inLanguage\":\"en-US\"},{\"@type\":\"Organization\",\"@id\":\"https:\\\/\\\/cioelectro.com\\\/#organization\",\"name\":\"CIOELECTRO\",\"alternateName\":\"MEIN RADLADEN\",\"url\":\"https:\\\/\\\/cioelectro.com\\\/\",\"logo\":{\"@type\":\"ImageObject\",\"inLanguage\":\"en-US\",\"@id\":\"https:\\\/\\\/cioelectro.com\\\/#\\\/schema\\\/logo\\\/image\\\/\",\"url\":\"https:\\\/\\\/cioelectro.com\\\/wp-content\\\/uploads\\\/2025\\\/12\\\/Logo-2-1200x800.png\",\"contentUrl\":\"https:\\\/\\\/cioelectro.com\\\/wp-content\\\/uploads\\\/2025\\\/12\\\/Logo-2-1200x800.png\",\"width\":1200,\"height\":800,\"caption\":\"CIOELECTRO\"},\"image\":{\"@id\":\"https:\\\/\\\/cioelectro.com\\\/#\\\/schema\\\/logo\\\/image\\\/\"}}]}<\/script>\n<!-- \/ Yoast SEO Premium plugin. -->","yoast_head_json":{"title":"Garmin VIVOSMART 5 - Smarter Fitness Tracker","description":"Entdecken Sie unseren Online-Fahrradladen: Gro\u00dfe Auswahl an Modellen f\u00fcr alle Radsportbegeisterten. Von Rennr\u00e4dern bis zu Mountainbikes - finden Sie heute Ihren perfekten Wegbegleiter!","robots":{"index":"index","follow":"follow","max-snippet":"max-snippet:-1","max-image-preview":"max-image-preview:large","max-video-preview":"max-video-preview:-1"},"canonical":"https:\/\/cioelectro.com\/en\/produkt\/garmin-vivosmart-5-smarter-fitness-tracker\/","og_locale":"en_US","og_type":"article","og_title":"Garmin VIVOSMART 5 - Smarter Fitness Tracker","og_description":"Entdecken Sie unseren Online-Fahrradladen: Gro\u00dfe Auswahl an Modellen f\u00fcr alle Radsportbegeisterten. Von Rennr\u00e4dern bis zu Mountainbikes - finden Sie heute Ihren perfekten Wegbegleiter!","og_url":"https:\/\/cioelectro.com\/en\/produkt\/garmin-vivosmart-5-smarter-fitness-tracker\/","og_site_name":"cioelectro.com","article_modified_time":"2023-08-10T16:35:40+00:00","og_image":[{"width":800,"height":726,"url":"https:\/\/cioelectro.com\/wp-content\/uploads\/2023\/06\/garmin-20116358-VIVOSMART-5-Smarter-Fitness-Tracker-all-1_800x800-0-1.jpg","type":"image\/jpeg"}],"twitter_card":"summary_large_image","twitter_misc":{"Est. reading time":"2 minutes"},"schema":{"@context":"https:\/\/schema.org","@graph":[{"@type":"WebPage","@id":"https:\/\/cioelectro.com\/produkt\/garmin-vivosmart-5-smarter-fitness-tracker\/","url":"https:\/\/cioelectro.com\/produkt\/garmin-vivosmart-5-smarter-fitness-tracker\/","name":"Garmin VIVOSMART 5 - Smarter Fitness Tracker","isPartOf":{"@id":"https:\/\/cioelectro.com\/#website"},"primaryImageOfPage":{"@id":"https:\/\/cioelectro.com\/produkt\/garmin-vivosmart-5-smarter-fitness-tracker\/#primaryimage"},"image":{"@id":"https:\/\/cioelectro.com\/produkt\/garmin-vivosmart-5-smarter-fitness-tracker\/#primaryimage"},"thumbnailUrl":"https:\/\/cioelectro.com\/wp-content\/uploads\/2023\/06\/garmin-20116358-VIVOSMART-5-Smarter-Fitness-Tracker-all-1_800x800-0-1.jpg","datePublished":"2022-12-28T19:32:17+00:00","dateModified":"2023-08-10T16:35:40+00:00","description":"Entdecken Sie unseren Online-Fahrradladen: Gro\u00dfe Auswahl an Modellen f\u00fcr alle Radsportbegeisterten. Von Rennr\u00e4dern bis zu Mountainbikes - finden Sie heute Ihren perfekten Wegbegleiter!","breadcrumb":{"@id":"https:\/\/cioelectro.com\/produkt\/garmin-vivosmart-5-smarter-fitness-tracker\/#breadcrumb"},"inLanguage":"en-US","potentialAction":[{"@type":"ReadAction","target":["https:\/\/cioelectro.com\/produkt\/garmin-vivosmart-5-smarter-fitness-tracker\/"]}]},{"@type":"ImageObject","inLanguage":"en-US","@id":"https:\/\/cioelectro.com\/produkt\/garmin-vivosmart-5-smarter-fitness-tracker\/#primaryimage","url":"https:\/\/cioelectro.com\/wp-content\/uploads\/2023\/06\/garmin-20116358-VIVOSMART-5-Smarter-Fitness-Tracker-all-1_800x800-0-1.jpg","contentUrl":"https:\/\/cioelectro.com\/wp-content\/uploads\/2023\/06\/garmin-20116358-VIVOSMART-5-Smarter-Fitness-Tracker-all-1_800x800-0-1.jpg","width":800,"height":726,"caption":"Garmin VIVOSMART 5 - Smarter Fitness Tracker"},{"@type":"BreadcrumbList","@id":"https:\/\/cioelectro.com\/produkt\/garmin-vivosmart-5-smarter-fitness-tracker\/#breadcrumb","itemListElement":[{"@type":"ListItem","position":1,"name":"Startseite","item":"https:\/\/cioelectro.com\/"},{"@type":"ListItem","position":2,"name":"LADEN","item":"https:\/\/cioelectro.com\/laden\/"},{"@type":"ListItem","position":3,"name":"Garmin VIVOSMART 5 &#8211; Smarter Fitness Tracker"}]},{"@type":"WebSite","@id":"https:\/\/cioelectro.com\/#website","url":"https:\/\/cioelectro.com\/","name":"cioelectro.com","description":"Treten Sie mit uns ins Abenteuer!","publisher":{"@id":"https:\/\/cioelectro.com\/#organization"},"alternateName":"MEIN RADLADEN","potentialAction":[{"@type":"SearchAction","target":{"@type":"EntryPoint","urlTemplate":"https:\/\/cioelectro.com\/?s={search_term_string}"},"query-input":{"@type":"PropertyValueSpecification","valueRequired":true,"valueName":"search_term_string"}}],"inLanguage":"en-US"},{"@type":"Organization","@id":"https:\/\/cioelectro.com\/#organization","name":"CIOELECTRO","alternateName":"MEIN RADLADEN","url":"https:\/\/cioelectro.com\/","logo":{"@type":"ImageObject","inLanguage":"en-US","@id":"https:\/\/cioelectro.com\/#\/schema\/logo\/image\/","url":"https:\/\/cioelectro.com\/wp-content\/uploads\/2025\/12\/Logo-2-1200x800.png","contentUrl":"https:\/\/cioelectro.com\/wp-content\/uploads\/2025\/12\/Logo-2-1200x800.png","width":1200,"height":800,"caption":"CIOELECTRO"},"image":{"@id":"https:\/\/cioelectro.com\/#\/schema\/logo\/image\/"}}]}},"_links":{"self":[{"href":"https:\/\/cioelectro.com\/en\/wp-json\/wp\/v2\/product\/49889","targetHints":{"allow":["GET"]}}],"collection":[{"href":"https:\/\/cioelectro.com\/en\/wp-json\/wp\/v2\/product"}],"about":[{"href":"https:\/\/cioelectro.com\/en\/wp-json\/wp\/v2\/types\/product"}],"replies":[{"embeddable":true,"href":"https:\/\/cioelectro.com\/en\/wp-json\/wp\/v2\/comments?post=49889"}],"version-history":[{"count":0,"href":"https:\/\/cioelectro.com\/en\/wp-json\/wp\/v2\/product\/49889\/revisions"}],"wp:featuredmedia":[{"embeddable":true,"href":"https:\/\/cioelectro.com\/en\/wp-json\/wp\/v2\/media\/65257"}],"wp:attachment":[{"href":"https:\/\/cioelectro.com\/en\/wp-json\/wp\/v2\/media?parent=49889"}],"wp:term":[{"taxonomy":"product_brand","embeddable":true,"href":"https:\/\/cioelectro.com\/en\/wp-json\/wp\/v2\/product_brand?post=49889"},{"taxonomy":"product_cat","embeddable":true,"href":"https:\/\/cioelectro.com\/en\/wp-json\/wp\/v2\/product_cat?post=49889"},{"taxonomy":"product_tag","embeddable":true,"href":"https:\/\/cioelectro.com\/en\/wp-json\/wp\/v2\/product_tag?post=49889"}],"curies":[{"name":"wp","href":"https:\/\/api.w.org\/{rel}","templated":true}]}}