{"id":65830,"date":"2023-03-01T09:46:58","date_gmt":"2023-03-01T08:46:58","guid":{"rendered":"https:\/\/meinradladen.com\/?post_type=product&#038;p=65830"},"modified":"2025-04-07T12:21:33","modified_gmt":"2025-04-07T10:21:33","slug":"cube-nulane-pro-greynblack","status":"publish","type":"product","link":"https:\/\/cioelectro.com\/en\/produkt\/cube-nulane-pro-greynblack\/","title":{"rendered":"Cube Nulane Pro grey\u00b4n\u00b4black"},"content":{"rendered":"<div class=\"content--title\"><strong>Cube<\/strong>\u00a0Nulane Pro grey\u00b4n\u00b4black<\/div>\n<div class=\"product--description\">\n<p>Vielseitige Bikes gibt es wie Sand am Meer, aber keins kommt an das Nulane Pro heran. Es hat einen leichten, agilen Rahmen und eine Vollcarbongabel aus CUBE&#8217;s Race-Bike-Kategorie \u2013 soll hei\u00dfen: Es ist pfeilschnell. Hydraulische Bremsen und Montagepunkte f\u00fcr Schutzbleche und Gep\u00e4cktr\u00e4ger sorgen f\u00fcr die n\u00f6tige Vielseitigkeit. Aufsitzen, losradeln, genie\u00dfen!<\/p>\n<hr \/>\n<p><a href=\"https:\/\/www.cube.eu\/360\/651200\" target=\"_blank\" rel=\"noopener\"><img decoding=\"async\" title=\"360\u00b0\" src=\"https:\/\/cd.bike-discount.de\/media\/image\/3a\/ee\/83\/360.png\" alt=\"\" width=\"40\" height=\"39\" data-mid=\"729769\" data-src=\"media\/image\/360.png\" \/>360\u00b0-Ansicht \u00f6ffnen<\/a><\/p>\n<hr \/>\n<p>Einfachheit ist Trumpf \u2013 aber auch Flexibilit\u00e4t und Vielseitigkeit! Das Nulane Pro begeistert mit seinem geringen Gewicht und einfachen Handling und wird in der City ebenso wie bei Touren \u00fcber Land zweifellos von sich reden machen. Die robuste, leichte \u2013 und breit gef\u00e4cherte \u2013 GRX 2&#215;10-Gang Schaltung von Shimano wechselt dabei sauber und geschmeidig die G\u00e4nge. Und in Sachen Kontrolle, Bremskraft und Sicherheit kannst du dich auf die leistungsstarken hydraulischen Flat Mount Scheibenbremsen von Tektro voll verlassen, selbst bei N\u00e4sse. Au\u00dferdem mit im Paket: eine komfortable Vollcarbongabel, Schwalbe G-One Allround Reifen und zahlreiche Verschraubungsoptionen f\u00fcr praktisches Zubeh\u00f6r.<\/p>\n<hr \/>\n<h3>RAHMEN CUBE Nulane Pro<\/h3>\n<p>Speed und Vielseitigkeit ein Widerspruch? Mitnichten! Der Beweis daf\u00fcr ist der Nulane Rahmen mit Montagepunkten f\u00fcr das einfache Nachr\u00fcsten mit Schutzblechen und Gep\u00e4cktr\u00e4ger \u2013 und sogar einer Aufnahme f\u00fcr einen Lowrider Gep\u00e4cktr\u00e4ger an der Vollcarbongabel. Das ist praktisch und superkomfortabel. Dazu gibt&#8217;s Montagepunkte f\u00fcr Flat Mount Scheibenbremsen, f\u00fcr einen cleanen Look und ein Plus an Bremskraft. Und dank doppelt konifizierter Aluminiumrohre ist der Nulane ein echtes Fliegengewicht. Last, but not least garantieren Steckachsen vorne und hinten sicheres, kontrolliertes Handling, egal ob mit oder ohne Gep\u00e4ck an Bord.<\/p>\n<h2>Ausstattung<\/h2>\n<div class=\"product--properties panel has--border\">\n<table class=\"product--properties-table\">\n<tbody>\n<tr class=\"product--properties-row row1\">\n<td class=\"product--properties-label is--bold\">Rahmen:<\/td>\n<td class=\"product--properties-value\">Aluminium Superlite Trekking Sport, Flat Mount Disc, 12x142mm, AXH<\/td>\n<\/tr>\n<tr class=\"product--properties-row row2\">\n<td class=\"product--properties-label is--bold\">Rahmenmaterial:<\/td>\n<td class=\"product--properties-value\">Aluminium<\/td>\n<\/tr>\n<tr class=\"product--properties-row row3\">\n<td class=\"product--properties-label is--bold\">Laufradgr\u00f6\u00dfe:<\/td>\n<td class=\"product--properties-value\">28&#8243;<\/td>\n<\/tr>\n<tr class=\"product--properties-row row4\">\n<td class=\"product--properties-label is--bold\">Farbe:<\/td>\n<td class=\"product--properties-value\">grey\u00b4n\u00b4black<\/td>\n<\/tr>\n<tr class=\"product--properties-row row5\">\n<td class=\"product--properties-label is--bold\">Gabel:<\/td>\n<td class=\"product--properties-value\">CUBE TS Disc, Full Carbon, Taper, Flat Mount, 12x100mm<\/td>\n<\/tr>\n<tr class=\"product--properties-row row6\">\n<td class=\"product--properties-label is--bold\">Bremsen:<\/td>\n<td class=\"product--properties-value\">Tektro HD-R280, Hydr. Disc, Flat Mount<\/td>\n<\/tr>\n<tr class=\"product--properties-row row7\">\n<td class=\"product--properties-label is--bold\">Bremsscheiben:<\/td>\n<td class=\"product--properties-value\">160mm \/ 160 mm<\/td>\n<\/tr>\n<tr class=\"product--properties-row row8\">\n<td class=\"product--properties-label is--bold\">Steuersatz:<\/td>\n<td class=\"product--properties-value\">VP Semi-Integrated, 1 1\/8&#8243;, Bottom Integrated, 1 1\/4&#8243;<\/td>\n<\/tr>\n<tr class=\"product--properties-row row9\">\n<td class=\"product--properties-label is--bold\">Vorbau:<\/td>\n<td class=\"product--properties-value\">CUBE Performance Stem Pro, 31.8mm<\/td>\n<\/tr>\n<tr class=\"product--properties-row row10\">\n<td class=\"product--properties-label is--bold\">Lenker:<\/td>\n<td class=\"product--properties-value\">CUBE Flat Race Bar, 660mm<\/td>\n<\/tr>\n<tr class=\"product--properties-row row11\">\n<td class=\"product--properties-label is--bold\">Griffe:<\/td>\n<td class=\"product--properties-value\">ACID Travel<\/td>\n<\/tr>\n<tr class=\"product--properties-row row12\">\n<td class=\"product--properties-label is--bold\">Sattel:<\/td>\n<td class=\"product--properties-value\">Natural Fit Nuacne Lite<\/td>\n<\/tr>\n<tr class=\"product--properties-row row13\">\n<td class=\"product--properties-label is--bold\">Sattelst\u00fctze:<\/td>\n<td class=\"product--properties-value\">CUBE Performance Post, 27.2mm<\/td>\n<\/tr>\n<tr class=\"product--properties-row row14\">\n<td class=\"product--properties-label is--bold\">Sattelklemme:<\/td>\n<td class=\"product--properties-value\">CUBE Screwlock, 31.8mm<\/td>\n<\/tr>\n<tr class=\"product--properties-row row15\">\n<td class=\"product--properties-label is--bold\">Kurbel:<\/td>\n<td class=\"product--properties-value\">Shimano GRX FC-RX600, 46x30T<\/td>\n<\/tr>\n<\/tbody>\n<\/table>\n<table class=\"product--properties-table\">\n<tbody>\n<tr class=\"product--properties-row row16\">\n<td class=\"product--properties-label is--bold\">Schaltwerk:<\/td>\n<td class=\"product--properties-value\">Shimano GRX RD-RX400, 10-Speed<\/td>\n<\/tr>\n<tr class=\"product--properties-row row17\">\n<td class=\"product--properties-label is--bold\">Schalthebel:<\/td>\n<td class=\"product--properties-value\">Shimano Tiagra SL-4700<\/td>\n<\/tr>\n<tr class=\"product--properties-row row18\">\n<td class=\"product--properties-label is--bold\">Umwerfer:<\/td>\n<td class=\"product--properties-value\">Shimano GRX FD-RX400<\/td>\n<\/tr>\n<tr class=\"product--properties-row row19\">\n<td class=\"product--properties-label is--bold\">Kassette:<\/td>\n<td class=\"product--properties-value\">Shimano CS-HG500, 11-34T<\/td>\n<\/tr>\n<tr class=\"product--properties-row row20\">\n<td class=\"product--properties-label is--bold\">Kette:<\/td>\n<td class=\"product--properties-value\">KMC X10<\/td>\n<\/tr>\n<tr class=\"product--properties-row row21\">\n<td class=\"product--properties-label is--bold\">Reifen:<\/td>\n<td class=\"product--properties-value\">Schwalbe G-One Allround, Kevlar, 40-622<\/td>\n<\/tr>\n<tr class=\"product--properties-row row22\">\n<td class=\"product--properties-label is--bold\">Laufradsatz:<\/td>\n<td class=\"product--properties-value\">CUBE RA 1.9 Aero Disc, Tubeless Ready<\/td>\n<\/tr>\n<tr class=\"product--properties-row row23\">\n<td class=\"product--properties-label is--bold\">Pedale:<\/td>\n<td class=\"product--properties-value\">ACID PP Trekking<\/td>\n<\/tr>\n<tr class=\"product--properties-row row24\">\n<td class=\"product--properties-label is--bold\">Zul\u00e4ssiges Gesamtgewicht:<\/td>\n<td class=\"product--properties-value\">115 kg (K\u00f6rpergewicht + Fahrrad + Ausr\u00fcstung)<\/td>\n<\/tr>\n<tr class=\"product--properties-row row25\">\n<td class=\"product--properties-label is--bold\">Gewicht Komplettrad:<\/td>\n<td class=\"product--properties-value\">ab 10,3 kg<\/td>\n<\/tr>\n<\/tbody>\n<\/table>\n<\/div>\n<\/div>","protected":false},"excerpt":{"rendered":"<p><label>EAN:<\/label>\u00a0<span class=\"netz-ean\">4054571405180<\/span><br \/>\n<label>Modelljahr:<\/label>\u00a02023<\/p>","protected":false},"featured_media":65831,"comment_status":"open","ping_status":"closed","template":"","meta":{"_rtcl_gb_attr":""},"product_brand":[],"product_cat":[719,36],"product_tag":[],"class_list":{"0":"post-65830","1":"product","2":"type-product","3":"status-publish","4":"has-post-thumbnail","6":"product_cat-cross-fitnessbike","7":"product_cat-fahrrad","8":"pa_marke-cube","10":"first","11":"instock","12":"sale","13":"taxable","14":"shipping-taxable","15":"purchasable","16":"product-type-variable"},"yoast_head":"<!-- This site is optimized with the Yoast SEO Premium plugin v20.12 (Yoast SEO v27.4) - https:\/\/yoast.com\/product\/yoast-seo-premium-wordpress\/ -->\n<title>Cube Nulane Pro grey\u00b4n\u00b4black<\/title>\n<meta name=\"description\" content=\"cioelectro.com bietet Ihnen das Cube Nulane Pro grey\u00b4n\u00b4black zum besten Preis mit kostenlosem Versand in ganz Europa und mit sicherer Zahlung\" \/>\n<meta name=\"robots\" content=\"index, follow, max-snippet:-1, max-image-preview:large, max-video-preview:-1\" \/>\n<link rel=\"canonical\" href=\"https:\/\/cioelectro.com\/en\/produkt\/cube-nulane-pro-greynblack\/\" \/>\n<meta property=\"og:locale\" content=\"en_US\" \/>\n<meta property=\"og:type\" content=\"article\" \/>\n<meta property=\"og:title\" content=\"Cube Nulane Pro grey\u00b4n\u00b4black\" \/>\n<meta property=\"og:description\" content=\"Entdecken Sie unseren Online-Fahrradladen: Gro\u00dfe Auswahl an Modellen f\u00fcr alle Radsportbegeisterten. Von Rennr\u00e4dern bis zu Mountainbikes - finden Sie heute Ihren perfekten Wegbegleiter!\" \/>\n<meta property=\"og:url\" content=\"https:\/\/cioelectro.com\/en\/produkt\/cube-nulane-pro-greynblack\/\" \/>\n<meta property=\"og:site_name\" content=\"cioelectro.com\" \/>\n<meta property=\"article:modified_time\" content=\"2025-04-07T10:21:33+00:00\" \/>\n<meta property=\"og:image\" content=\"https:\/\/cioelectro.com\/wp-content\/uploads\/2023\/06\/Cube-Nulane-Pro-grey\u00b4n\u00b4black.jpg\" \/>\n\t<meta property=\"og:image:width\" content=\"1600\" \/>\n\t<meta property=\"og:image:height\" content=\"947\" \/>\n\t<meta property=\"og:image:type\" content=\"image\/jpeg\" \/>\n<meta name=\"twitter:card\" content=\"summary_large_image\" \/>\n<meta name=\"twitter:label1\" content=\"Est. reading time\" \/>\n\t<meta name=\"twitter:data1\" content=\"3 minutes\" \/>\n<script type=\"application\/ld+json\" class=\"yoast-schema-graph\">{\"@context\":\"https:\\\/\\\/schema.org\",\"@graph\":[{\"@type\":\"WebPage\",\"@id\":\"https:\\\/\\\/cioelectro.com\\\/produkt\\\/cube-nulane-pro-greynblack\\\/\",\"url\":\"https:\\\/\\\/cioelectro.com\\\/produkt\\\/cube-nulane-pro-greynblack\\\/\",\"name\":\"Cube Nulane Pro grey\u00b4n\u00b4black\",\"isPartOf\":{\"@id\":\"https:\\\/\\\/cioelectro.com\\\/#website\"},\"primaryImageOfPage\":{\"@id\":\"https:\\\/\\\/cioelectro.com\\\/produkt\\\/cube-nulane-pro-greynblack\\\/#primaryimage\"},\"image\":{\"@id\":\"https:\\\/\\\/cioelectro.com\\\/produkt\\\/cube-nulane-pro-greynblack\\\/#primaryimage\"},\"thumbnailUrl\":\"https:\\\/\\\/cioelectro.com\\\/wp-content\\\/uploads\\\/2023\\\/06\\\/Cube-Nulane-Pro-grey\u00b4n\u00b4black.jpg\",\"datePublished\":\"2023-03-01T08:46:58+00:00\",\"dateModified\":\"2025-04-07T10:21:33+00:00\",\"description\":\"cioelectro.com bietet Ihnen das Cube Nulane Pro grey\u00b4n\u00b4black zum besten Preis mit kostenlosem Versand in ganz Europa und mit sicherer Zahlung\",\"breadcrumb\":{\"@id\":\"https:\\\/\\\/cioelectro.com\\\/produkt\\\/cube-nulane-pro-greynblack\\\/#breadcrumb\"},\"inLanguage\":\"en-US\",\"potentialAction\":[{\"@type\":\"ReadAction\",\"target\":[\"https:\\\/\\\/cioelectro.com\\\/produkt\\\/cube-nulane-pro-greynblack\\\/\"]}]},{\"@type\":\"ImageObject\",\"inLanguage\":\"en-US\",\"@id\":\"https:\\\/\\\/cioelectro.com\\\/produkt\\\/cube-nulane-pro-greynblack\\\/#primaryimage\",\"url\":\"https:\\\/\\\/cioelectro.com\\\/wp-content\\\/uploads\\\/2023\\\/06\\\/Cube-Nulane-Pro-grey\u00b4n\u00b4black.jpg\",\"contentUrl\":\"https:\\\/\\\/cioelectro.com\\\/wp-content\\\/uploads\\\/2023\\\/06\\\/Cube-Nulane-Pro-grey\u00b4n\u00b4black.jpg\",\"width\":1600,\"height\":947,\"caption\":\"Cube Nulane Pro grey\u00b4n\u00b4black\"},{\"@type\":\"BreadcrumbList\",\"@id\":\"https:\\\/\\\/cioelectro.com\\\/produkt\\\/cube-nulane-pro-greynblack\\\/#breadcrumb\",\"itemListElement\":[{\"@type\":\"ListItem\",\"position\":1,\"name\":\"Startseite\",\"item\":\"https:\\\/\\\/cioelectro.com\\\/\"},{\"@type\":\"ListItem\",\"position\":2,\"name\":\"LADEN\",\"item\":\"https:\\\/\\\/cioelectro.com\\\/laden\\\/\"},{\"@type\":\"ListItem\",\"position\":3,\"name\":\"Cube Nulane Pro grey\u00b4n\u00b4black\"}]},{\"@type\":\"WebSite\",\"@id\":\"https:\\\/\\\/cioelectro.com\\\/#website\",\"url\":\"https:\\\/\\\/cioelectro.com\\\/\",\"name\":\"cioelectro.com\",\"description\":\"Treten Sie mit uns ins Abenteuer!\",\"publisher\":{\"@id\":\"https:\\\/\\\/cioelectro.com\\\/#organization\"},\"alternateName\":\"MEIN RADLADEN\",\"potentialAction\":[{\"@type\":\"SearchAction\",\"target\":{\"@type\":\"EntryPoint\",\"urlTemplate\":\"https:\\\/\\\/cioelectro.com\\\/?s={search_term_string}\"},\"query-input\":{\"@type\":\"PropertyValueSpecification\",\"valueRequired\":true,\"valueName\":\"search_term_string\"}}],\"inLanguage\":\"en-US\"},{\"@type\":\"Organization\",\"@id\":\"https:\\\/\\\/cioelectro.com\\\/#organization\",\"name\":\"CIOELECTRO\",\"alternateName\":\"MEIN RADLADEN\",\"url\":\"https:\\\/\\\/cioelectro.com\\\/\",\"logo\":{\"@type\":\"ImageObject\",\"inLanguage\":\"en-US\",\"@id\":\"https:\\\/\\\/cioelectro.com\\\/#\\\/schema\\\/logo\\\/image\\\/\",\"url\":\"https:\\\/\\\/cioelectro.com\\\/wp-content\\\/uploads\\\/2025\\\/12\\\/Logo-2-1200x800.png\",\"contentUrl\":\"https:\\\/\\\/cioelectro.com\\\/wp-content\\\/uploads\\\/2025\\\/12\\\/Logo-2-1200x800.png\",\"width\":1200,\"height\":800,\"caption\":\"CIOELECTRO\"},\"image\":{\"@id\":\"https:\\\/\\\/cioelectro.com\\\/#\\\/schema\\\/logo\\\/image\\\/\"}}]}<\/script>\n<!-- \/ Yoast SEO Premium plugin. -->","yoast_head_json":{"title":"Cube Nulane Pro grey\u00b4n\u00b4black","description":"cioelectro.com bietet Ihnen das Cube Nulane Pro grey\u00b4n\u00b4black zum besten Preis mit kostenlosem Versand in ganz Europa und mit sicherer Zahlung","robots":{"index":"index","follow":"follow","max-snippet":"max-snippet:-1","max-image-preview":"max-image-preview:large","max-video-preview":"max-video-preview:-1"},"canonical":"https:\/\/cioelectro.com\/en\/produkt\/cube-nulane-pro-greynblack\/","og_locale":"en_US","og_type":"article","og_title":"Cube Nulane Pro grey\u00b4n\u00b4black","og_description":"Entdecken Sie unseren Online-Fahrradladen: Gro\u00dfe Auswahl an Modellen f\u00fcr alle Radsportbegeisterten. Von Rennr\u00e4dern bis zu Mountainbikes - finden Sie heute Ihren perfekten Wegbegleiter!","og_url":"https:\/\/cioelectro.com\/en\/produkt\/cube-nulane-pro-greynblack\/","og_site_name":"cioelectro.com","article_modified_time":"2025-04-07T10:21:33+00:00","og_image":[{"width":1600,"height":947,"url":"https:\/\/cioelectro.com\/wp-content\/uploads\/2023\/06\/Cube-Nulane-Pro-grey\u00b4n\u00b4black.jpg","type":"image\/jpeg"}],"twitter_card":"summary_large_image","twitter_misc":{"Est. reading time":"3 minutes"},"schema":{"@context":"https:\/\/schema.org","@graph":[{"@type":"WebPage","@id":"https:\/\/cioelectro.com\/produkt\/cube-nulane-pro-greynblack\/","url":"https:\/\/cioelectro.com\/produkt\/cube-nulane-pro-greynblack\/","name":"Cube Nulane Pro grey\u00b4n\u00b4black","isPartOf":{"@id":"https:\/\/cioelectro.com\/#website"},"primaryImageOfPage":{"@id":"https:\/\/cioelectro.com\/produkt\/cube-nulane-pro-greynblack\/#primaryimage"},"image":{"@id":"https:\/\/cioelectro.com\/produkt\/cube-nulane-pro-greynblack\/#primaryimage"},"thumbnailUrl":"https:\/\/cioelectro.com\/wp-content\/uploads\/2023\/06\/Cube-Nulane-Pro-grey\u00b4n\u00b4black.jpg","datePublished":"2023-03-01T08:46:58+00:00","dateModified":"2025-04-07T10:21:33+00:00","description":"cioelectro.com bietet Ihnen das Cube Nulane Pro grey\u00b4n\u00b4black zum besten Preis mit kostenlosem Versand in ganz Europa und mit sicherer Zahlung","breadcrumb":{"@id":"https:\/\/cioelectro.com\/produkt\/cube-nulane-pro-greynblack\/#breadcrumb"},"inLanguage":"en-US","potentialAction":[{"@type":"ReadAction","target":["https:\/\/cioelectro.com\/produkt\/cube-nulane-pro-greynblack\/"]}]},{"@type":"ImageObject","inLanguage":"en-US","@id":"https:\/\/cioelectro.com\/produkt\/cube-nulane-pro-greynblack\/#primaryimage","url":"https:\/\/cioelectro.com\/wp-content\/uploads\/2023\/06\/Cube-Nulane-Pro-grey\u00b4n\u00b4black.jpg","contentUrl":"https:\/\/cioelectro.com\/wp-content\/uploads\/2023\/06\/Cube-Nulane-Pro-grey\u00b4n\u00b4black.jpg","width":1600,"height":947,"caption":"Cube Nulane Pro grey\u00b4n\u00b4black"},{"@type":"BreadcrumbList","@id":"https:\/\/cioelectro.com\/produkt\/cube-nulane-pro-greynblack\/#breadcrumb","itemListElement":[{"@type":"ListItem","position":1,"name":"Startseite","item":"https:\/\/cioelectro.com\/"},{"@type":"ListItem","position":2,"name":"LADEN","item":"https:\/\/cioelectro.com\/laden\/"},{"@type":"ListItem","position":3,"name":"Cube Nulane Pro grey\u00b4n\u00b4black"}]},{"@type":"WebSite","@id":"https:\/\/cioelectro.com\/#website","url":"https:\/\/cioelectro.com\/","name":"cioelectro.com","description":"Treten Sie mit uns ins Abenteuer!","publisher":{"@id":"https:\/\/cioelectro.com\/#organization"},"alternateName":"MEIN RADLADEN","potentialAction":[{"@type":"SearchAction","target":{"@type":"EntryPoint","urlTemplate":"https:\/\/cioelectro.com\/?s={search_term_string}"},"query-input":{"@type":"PropertyValueSpecification","valueRequired":true,"valueName":"search_term_string"}}],"inLanguage":"en-US"},{"@type":"Organization","@id":"https:\/\/cioelectro.com\/#organization","name":"CIOELECTRO","alternateName":"MEIN RADLADEN","url":"https:\/\/cioelectro.com\/","logo":{"@type":"ImageObject","inLanguage":"en-US","@id":"https:\/\/cioelectro.com\/#\/schema\/logo\/image\/","url":"https:\/\/cioelectro.com\/wp-content\/uploads\/2025\/12\/Logo-2-1200x800.png","contentUrl":"https:\/\/cioelectro.com\/wp-content\/uploads\/2025\/12\/Logo-2-1200x800.png","width":1200,"height":800,"caption":"CIOELECTRO"},"image":{"@id":"https:\/\/cioelectro.com\/#\/schema\/logo\/image\/"}}]}},"_links":{"self":[{"href":"https:\/\/cioelectro.com\/en\/wp-json\/wp\/v2\/product\/65830","targetHints":{"allow":["GET"]}}],"collection":[{"href":"https:\/\/cioelectro.com\/en\/wp-json\/wp\/v2\/product"}],"about":[{"href":"https:\/\/cioelectro.com\/en\/wp-json\/wp\/v2\/types\/product"}],"replies":[{"embeddable":true,"href":"https:\/\/cioelectro.com\/en\/wp-json\/wp\/v2\/comments?post=65830"}],"version-history":[{"count":0,"href":"https:\/\/cioelectro.com\/en\/wp-json\/wp\/v2\/product\/65830\/revisions"}],"wp:featuredmedia":[{"embeddable":true,"href":"https:\/\/cioelectro.com\/en\/wp-json\/wp\/v2\/media\/65831"}],"wp:attachment":[{"href":"https:\/\/cioelectro.com\/en\/wp-json\/wp\/v2\/media?parent=65830"}],"wp:term":[{"taxonomy":"product_brand","embeddable":true,"href":"https:\/\/cioelectro.com\/en\/wp-json\/wp\/v2\/product_brand?post=65830"},{"taxonomy":"product_cat","embeddable":true,"href":"https:\/\/cioelectro.com\/en\/wp-json\/wp\/v2\/product_cat?post=65830"},{"taxonomy":"product_tag","embeddable":true,"href":"https:\/\/cioelectro.com\/en\/wp-json\/wp\/v2\/product_tag?post=65830"}],"curies":[{"name":"wp","href":"https:\/\/api.w.org\/{rel}","templated":true}]}}