{"id":66908,"date":"2023-03-03T16:34:13","date_gmt":"2023-03-03T15:34:13","guid":{"rendered":"https:\/\/meinradladen.com\/?post_type=product&#038;p=66908"},"modified":"2023-08-10T13:27:06","modified_gmt":"2023-08-10T11:27:06","slug":"kalkhoff-endeavour-7-b-advance-herren-trekking-e-bike-2022","status":"publish","type":"product","link":"https:\/\/cioelectro.com\/en\/produkt\/kalkhoff-endeavour-7-b-advance-herren-trekking-e-bike-2022\/","title":{"rendered":"Kalkhoff ENDEAVOUR 7.B ADVANCE+ &#8211; Herren Trekking E-Bike &#8211; 2022"},"content":{"rendered":"<h3 class=\"product-detail-information-area__product-name\">Kalkhoff ENDEAVOUR 7.B ADVANCE+ &#8211; Herren Trekking E-Bike &#8211; 2022<\/h3>\n<p>&nbsp;<\/p>\n<h3>Absolute Freiheit genie\u00dfen.<\/h3>\n<p>Dieses Trekking E-Bike ist ein Allesk\u00f6nner, das dich \u00fcberall hinbringt. Ins B\u00fcro, in den Supermarkt \u2013 ja, sogar auf eine Mehrtagestour entlang ganzer Fl\u00fcsse. Und dank des starken Plus-Konzepts kannst du obendrauf noch jede Menge mitnehmen.<\/p>\n<h3>Hauptmerkmale des Kalkhoff ENDEAVOUR 7.B ADVANCE+<\/h3>\n<ul>\n<li>Plus+ mit einem zul\u00e4ssigen Gesamtgewicht von bis zu 170kg<\/li>\n<li>Bosch\u00a0Performance Line CX Smart System\u00a0der 4. Generation mit 85Nm<\/li>\n<li>Bosch PowerTube Akku mit 750Wh<\/li>\n<li>Shimano Deore XT 11-fach Schaltung<\/li>\n<li>Suntour Mobie 25 Air Federgabel<\/li>\n<li>Tektro M-535 4-Kolben Scheibenbremsen<\/li>\n<li>Kind Shock\u00a0Federsattelst\u00fctze<\/li>\n<li>voll ausgestattet mit LED-Beleuchtung, Gep\u00e4cktr\u00e4ger und Schutzblechen<\/li>\n<\/ul>\n<h3 class=\"product-detail-data-sheet__title\">DATENBLATT F\u00dcR KALKHOFF ENDEAVOUR 7.B ADVANCE+ &#8211; HERREN TREKKING E-BIKE &#8211; 2022 &#8211; JETGREY MATT A01<\/h3>\n<table class=\"product-detail-data-sheet__table\">\n<tbody>\n<tr class=\"product-detail-data-sheet__row\">\n<td class=\"product-detail-data-sheet__cell product-detail-data-sheet__cell--title\">Produktname:<\/td>\n<td class=\"product-detail-data-sheet__cell product-detail-data-sheet__cell--value\">Kalkhoff ENDEAVOUR 7.B ADVANCE+ &#8211; Herren Trekking E-Bike &#8211; 2022 &#8211; jetgrey matt A01<\/td>\n<\/tr>\n<tr class=\"product-detail-data-sheet__row\">\n<td class=\"product-detail-data-sheet__cell product-detail-data-sheet__cell--title\">Hersteller:<\/td>\n<td class=\"product-detail-data-sheet__cell product-detail-data-sheet__cell--value\">Kalkhoff Bikes<\/td>\n<\/tr>\n<tr class=\"product-detail-data-sheet__row\">\n<td class=\"product-detail-data-sheet__cell product-detail-data-sheet__cell--title\">Artikelnummer:<\/td>\n<td class=\"product-detail-data-sheet__cell product-detail-data-sheet__cell--value\">KHB642656<\/td>\n<\/tr>\n<tr class=\"product-detail-data-sheet__row\">\n<td class=\"product-detail-data-sheet__cell product-detail-data-sheet__cell--title\">Aktivit\u00e4t:<\/td>\n<td class=\"product-detail-data-sheet__cell product-detail-data-sheet__cell--value\">Fahrrad<\/td>\n<\/tr>\n<tr class=\"product-detail-data-sheet__row\">\n<td class=\"product-detail-data-sheet__cell product-detail-data-sheet__cell--title\">Geschlecht:<\/td>\n<td class=\"product-detail-data-sheet__cell product-detail-data-sheet__cell--value\">Herren<\/td>\n<\/tr>\n<tr class=\"product-detail-data-sheet__row\">\n<td class=\"product-detail-data-sheet__cell product-detail-data-sheet__cell--title\">Material:<\/td>\n<td class=\"product-detail-data-sheet__cell product-detail-data-sheet__cell--value\">Aluminium<\/td>\n<\/tr>\n<tr class=\"product-detail-data-sheet__row\">\n<td class=\"product-detail-data-sheet__cell product-detail-data-sheet__cell--title\">Einsatzbereich:<\/td>\n<td class=\"product-detail-data-sheet__cell product-detail-data-sheet__cell--value\">Trekking, E-Bike, Asphalt + Gel\u00e4nde<\/td>\n<\/tr>\n<tr class=\"product-detail-data-sheet__row\">\n<td class=\"product-detail-data-sheet__cell product-detail-data-sheet__cell--title\">Naben:<\/td>\n<td class=\"product-detail-data-sheet__cell product-detail-data-sheet__cell--value\">Shimano Alivio MT400, QR 15&#215;100 mm | Shimano GRX RS470, TA 12&#215;142 mm<\/td>\n<\/tr>\n<tr class=\"product-detail-data-sheet__row\">\n<td class=\"product-detail-data-sheet__cell product-detail-data-sheet__cell--title\">Speichen:<\/td>\n<td class=\"product-detail-data-sheet__cell product-detail-data-sheet__cell--value\">Niro<\/td>\n<\/tr>\n<tr class=\"product-detail-data-sheet__row\">\n<td class=\"product-detail-data-sheet__cell product-detail-data-sheet__cell--title\">Felgen:<\/td>\n<td class=\"product-detail-data-sheet__cell product-detail-data-sheet__cell--value\">Rodi TRYP35, with double eyelets<\/td>\n<\/tr>\n<tr class=\"product-detail-data-sheet__row\">\n<td class=\"product-detail-data-sheet__cell product-detail-data-sheet__cell--title\">Kette:<\/td>\n<td class=\"product-detail-data-sheet__cell product-detail-data-sheet__cell--value\">Shimano CN-HG50<\/td>\n<\/tr>\n<tr class=\"product-detail-data-sheet__row\">\n<td class=\"product-detail-data-sheet__cell product-detail-data-sheet__cell--title\">Kassette:<\/td>\n<td class=\"product-detail-data-sheet__cell product-detail-data-sheet__cell--value\">Shimano<\/td>\n<\/tr>\n<tr class=\"product-detail-data-sheet__row\">\n<td class=\"product-detail-data-sheet__cell product-detail-data-sheet__cell--title\">Schalthebel:<\/td>\n<td class=\"product-detail-data-sheet__cell product-detail-data-sheet__cell--value\">Shimano Deore XT<\/td>\n<\/tr>\n<tr class=\"product-detail-data-sheet__row\">\n<td class=\"product-detail-data-sheet__cell product-detail-data-sheet__cell--title\">Schaltwerk:<\/td>\n<td class=\"product-detail-data-sheet__cell product-detail-data-sheet__cell--value\">Shimano Deore XT M8130<\/td>\n<\/tr>\n<tr class=\"product-detail-data-sheet__row\">\n<td class=\"product-detail-data-sheet__cell product-detail-data-sheet__cell--title\">Kettenblatt Abstufung:<\/td>\n<td class=\"product-detail-data-sheet__cell product-detail-data-sheet__cell--value\">38<\/td>\n<\/tr>\n<tr class=\"product-detail-data-sheet__row\">\n<td class=\"product-detail-data-sheet__cell product-detail-data-sheet__cell--title\">Kurbel:<\/td>\n<td class=\"product-detail-data-sheet__cell product-detail-data-sheet__cell--value\">AL<\/td>\n<\/tr>\n<tr class=\"product-detail-data-sheet__row\">\n<td class=\"product-detail-data-sheet__cell product-detail-data-sheet__cell--title\">Bremsen:<\/td>\n<td class=\"product-detail-data-sheet__cell product-detail-data-sheet__cell--value\"><span style=\"color: red;\">Tektro Gemini SL, 180\/180mm<\/span><\/td>\n<\/tr>\n<tr class=\"product-detail-data-sheet__row\">\n<td class=\"product-detail-data-sheet__cell product-detail-data-sheet__cell--title\">Sattelst\u00fctze:<\/td>\n<td class=\"product-detail-data-sheet__cell product-detail-data-sheet__cell--value\">Kind Shock, suspension dropper post<\/td>\n<\/tr>\n<tr class=\"product-detail-data-sheet__row\">\n<td class=\"product-detail-data-sheet__cell product-detail-data-sheet__cell--title\">Sattel:<\/td>\n<td class=\"product-detail-data-sheet__cell product-detail-data-sheet__cell--value\"><span style=\"color: red;\">Ergon ST10<\/span><\/td>\n<\/tr>\n<tr class=\"product-detail-data-sheet__row\">\n<td class=\"product-detail-data-sheet__cell product-detail-data-sheet__cell--title\">Lenker:<\/td>\n<td class=\"product-detail-data-sheet__cell product-detail-data-sheet__cell--value\">Concept EX Riser<\/td>\n<\/tr>\n<tr class=\"product-detail-data-sheet__row\">\n<td class=\"product-detail-data-sheet__cell product-detail-data-sheet__cell--title\">Vorbau:<\/td>\n<td class=\"product-detail-data-sheet__cell product-detail-data-sheet__cell--value\">Concept EX, adjustable<\/td>\n<\/tr>\n<tr class=\"product-detail-data-sheet__row\">\n<td class=\"product-detail-data-sheet__cell product-detail-data-sheet__cell--title\">Gabel:<\/td>\n<td class=\"product-detail-data-sheet__cell product-detail-data-sheet__cell--value\">Suntour Mobie25 Air, lockout, TA 15mm<\/td>\n<\/tr>\n<tr class=\"product-detail-data-sheet__row\">\n<td class=\"product-detail-data-sheet__cell product-detail-data-sheet__cell--title\">Rahmen:<\/td>\n<td class=\"product-detail-data-sheet__cell product-detail-data-sheet__cell--value\">Integrale 1.6, Aluminium<\/td>\n<\/tr>\n<tr class=\"product-detail-data-sheet__row\">\n<td class=\"product-detail-data-sheet__cell product-detail-data-sheet__cell--title\">Schaltgruppe:<\/td>\n<td class=\"product-detail-data-sheet__cell product-detail-data-sheet__cell--value\">Shimano<\/td>\n<\/tr>\n<tr class=\"product-detail-data-sheet__row\">\n<td class=\"product-detail-data-sheet__cell product-detail-data-sheet__cell--title\">Abstufung Kassette:<\/td>\n<td class=\"product-detail-data-sheet__cell product-detail-data-sheet__cell--value\">11-50<\/td>\n<\/tr>\n<tr class=\"product-detail-data-sheet__row\">\n<td class=\"product-detail-data-sheet__cell product-detail-data-sheet__cell--title\">Akku Energie:<\/td>\n<td class=\"product-detail-data-sheet__cell product-detail-data-sheet__cell--value\">750Wh<\/td>\n<\/tr>\n<tr class=\"product-detail-data-sheet__row\">\n<td class=\"product-detail-data-sheet__cell product-detail-data-sheet__cell--title\">Anzahl der Kettenbl\u00e4tter:<\/td>\n<td class=\"product-detail-data-sheet__cell product-detail-data-sheet__cell--value\">1<\/td>\n<\/tr>\n<tr class=\"product-detail-data-sheet__row\">\n<td class=\"product-detail-data-sheet__cell product-detail-data-sheet__cell--title\">Schaltung:<\/td>\n<td class=\"product-detail-data-sheet__cell product-detail-data-sheet__cell--value\">11-fach<\/td>\n<\/tr>\n<tr class=\"product-detail-data-sheet__row\">\n<td class=\"product-detail-data-sheet__cell product-detail-data-sheet__cell--title\">Schaltbet\u00e4tigung:<\/td>\n<td class=\"product-detail-data-sheet__cell product-detail-data-sheet__cell--value\">Mechanisch<\/td>\n<\/tr>\n<tr class=\"product-detail-data-sheet__row\">\n<td class=\"product-detail-data-sheet__cell product-detail-data-sheet__cell--title\">E-Bike Akku:<\/td>\n<td class=\"product-detail-data-sheet__cell product-detail-data-sheet__cell--value\">Bosch PowerTube<\/td>\n<\/tr>\n<tr class=\"product-detail-data-sheet__row\">\n<td class=\"product-detail-data-sheet__cell product-detail-data-sheet__cell--title\">Unterst\u00fctzte Geschwindigkeit:<\/td>\n<td class=\"product-detail-data-sheet__cell product-detail-data-sheet__cell--value\">max. 25 km\/h<\/td>\n<\/tr>\n<tr class=\"product-detail-data-sheet__row\">\n<td class=\"product-detail-data-sheet__cell product-detail-data-sheet__cell--title\">Antriebseinheit Hersteller:<\/td>\n<td class=\"product-detail-data-sheet__cell product-detail-data-sheet__cell--value\">Bosch<\/td>\n<\/tr>\n<tr class=\"product-detail-data-sheet__row\">\n<td class=\"product-detail-data-sheet__cell product-detail-data-sheet__cell--title\">Motorposition:<\/td>\n<td class=\"product-detail-data-sheet__cell product-detail-data-sheet__cell--value\">Mittelmotor<\/td>\n<\/tr>\n<tr class=\"product-detail-data-sheet__row\">\n<td class=\"product-detail-data-sheet__cell product-detail-data-sheet__cell--title\">Fahrrad Zusatzausstattung:<\/td>\n<td class=\"product-detail-data-sheet__cell product-detail-data-sheet__cell--value\">mit Lichtanlage, mit Schutzblech, mit Gep\u00e4cktr\u00e4ger<\/td>\n<\/tr>\n<tr class=\"product-detail-data-sheet__row\">\n<td class=\"product-detail-data-sheet__cell product-detail-data-sheet__cell--title\">Art der Bremse:<\/td>\n<td class=\"product-detail-data-sheet__cell product-detail-data-sheet__cell--value\">Scheibenbremse<\/td>\n<\/tr>\n<tr class=\"product-detail-data-sheet__row\">\n<td class=\"product-detail-data-sheet__cell product-detail-data-sheet__cell--title\">Laufradgr\u00f6\u00dfe:<\/td>\n<td class=\"product-detail-data-sheet__cell product-detail-data-sheet__cell--value\">27,5&#8243; \/ 650B (584mm)<\/td>\n<\/tr>\n<tr class=\"product-detail-data-sheet__row\">\n<td class=\"product-detail-data-sheet__cell product-detail-data-sheet__cell--title\">Fahrrad Beleuchtung:<\/td>\n<td class=\"product-detail-data-sheet__cell product-detail-data-sheet__cell--value\">Supernova Mini 2 with High Beam | Spanninga Pimento<\/td>\n<\/tr>\n<tr class=\"product-detail-data-sheet__row\">\n<td class=\"product-detail-data-sheet__cell product-detail-data-sheet__cell--title\">Griffe:<\/td>\n<td class=\"product-detail-data-sheet__cell product-detail-data-sheet__cell--value\">Ergon GA30<\/td>\n<\/tr>\n<tr class=\"product-detail-data-sheet__row\">\n<td class=\"product-detail-data-sheet__cell product-detail-data-sheet__cell--title\">Federweg Gabel:<\/td>\n<td class=\"product-detail-data-sheet__cell product-detail-data-sheet__cell--value\">75mm<\/td>\n<\/tr>\n<tr class=\"product-detail-data-sheet__row\">\n<td class=\"product-detail-data-sheet__cell product-detail-data-sheet__cell--title\">Pedale:<\/td>\n<td class=\"product-detail-data-sheet__cell product-detail-data-sheet__cell--value\">Comfort | Anti Slip<\/td>\n<\/tr>\n<tr class=\"product-detail-data-sheet__row\">\n<td class=\"product-detail-data-sheet__cell product-detail-data-sheet__cell--title\">Reifen:<\/td>\n<td class=\"product-detail-data-sheet__cell product-detail-data-sheet__cell--value\">Schwalbe Marathon Almotion, 55-584<\/td>\n<\/tr>\n<tr class=\"product-detail-data-sheet__row\">\n<td class=\"product-detail-data-sheet__cell product-detail-data-sheet__cell--title\">Bremsbet\u00e4tigung:<\/td>\n<td class=\"product-detail-data-sheet__cell product-detail-data-sheet__cell--value\">Hydraulisch<\/td>\n<\/tr>\n<tr class=\"product-detail-data-sheet__row\">\n<td class=\"product-detail-data-sheet__cell product-detail-data-sheet__cell--title\">Modelljahr:<\/td>\n<td class=\"product-detail-data-sheet__cell product-detail-data-sheet__cell--value\">2022<\/td>\n<\/tr>\n<tr class=\"product-detail-data-sheet__row\">\n<td class=\"product-detail-data-sheet__cell product-detail-data-sheet__cell--title\">Farbe:<\/td>\n<td class=\"product-detail-data-sheet__cell product-detail-data-sheet__cell--value\">Grau<\/td>\n<\/tr>\n<tr class=\"product-detail-data-sheet__row\">\n<td class=\"product-detail-data-sheet__cell product-detail-data-sheet__cell--title\">Gabel Bauart:<\/td>\n<td class=\"product-detail-data-sheet__cell product-detail-data-sheet__cell--value\">klassische Federgabel<\/td>\n<\/tr>\n<tr class=\"product-detail-data-sheet__row\">\n<td class=\"product-detail-data-sheet__cell product-detail-data-sheet__cell--title\">Herstellerartikelnummer:<\/td>\n<td class=\"product-detail-data-sheet__cell product-detail-data-sheet__cell--value\">KH0020029<\/td>\n<\/tr>\n<tr class=\"product-detail-data-sheet__row\">\n<td class=\"product-detail-data-sheet__cell product-detail-data-sheet__cell--title\">Zugverlegung:<\/td>\n<td class=\"product-detail-data-sheet__cell product-detail-data-sheet__cell--value\">intern<\/td>\n<\/tr>\n<\/tbody>\n<\/table>","protected":false},"excerpt":{"rendered":"<p>Kalkhoff ENDEAVOUR 7.B ADVANCE+ &#8211; Herren Trekking E-Bike &#8211; 2022 &nbsp; Absolute Freiheit genie\u00dfen. Dieses Trekking E-Bike ist ein Allesk\u00f6nner,<\/p>","protected":false},"featured_media":66909,"comment_status":"open","ping_status":"closed","template":"","meta":{"_rtcl_gb_attr":""},"product_brand":[],"product_cat":[33,247,35],"product_tag":[],"class_list":{"0":"post-66908","1":"product","2":"type-product","3":"status-publish","4":"has-post-thumbnail","6":"product_cat-e-bike","7":"product_cat-e-bike-trekking","8":"product_cat-e-bikes-2022","10":"first","11":"instock","12":"sale","13":"taxable","14":"shipping-taxable","15":"purchasable","16":"product-type-variable"},"yoast_head":"<!-- This site is optimized with the Yoast SEO Premium plugin v20.12 (Yoast SEO v27.4) - https:\/\/yoast.com\/product\/yoast-seo-premium-wordpress\/ -->\n<title>Kalkhoff ENDEAVOUR 7.B ADVANCE+ - Herren - 2022<\/title>\n<meta name=\"description\" content=\"Entdecken Sie unseren Online-Fahrradladen: Gro\u00dfe Auswahl an Modellen f\u00fcr alle Radsportbegeisterten. Von Rennr\u00e4dern bis zu Mountainbikes - finden Sie heute Ihren perfekten Wegbegleiter!\" \/>\n<meta name=\"robots\" content=\"index, follow, max-snippet:-1, max-image-preview:large, max-video-preview:-1\" \/>\n<link rel=\"canonical\" href=\"https:\/\/cioelectro.com\/en\/produkt\/kalkhoff-endeavour-7-b-advance-herren-trekking-e-bike-2022\/\" \/>\n<meta property=\"og:locale\" content=\"en_US\" \/>\n<meta property=\"og:type\" content=\"article\" \/>\n<meta property=\"og:title\" content=\"Kalkhoff ENDEAVOUR 7.B ADVANCE+ - Herren Trekking E-Bike - 2022\" \/>\n<meta property=\"og:description\" content=\"Entdecken Sie unseren Online-Fahrradladen: Gro\u00dfe Auswahl an Modellen f\u00fcr alle Radsportbegeisterten. Von Rennr\u00e4dern bis zu Mountainbikes - finden Sie heute Ihren perfekten Wegbegleiter!\" \/>\n<meta property=\"og:url\" content=\"https:\/\/cioelectro.com\/en\/produkt\/kalkhoff-endeavour-7-b-advance-herren-trekking-e-bike-2022\/\" \/>\n<meta property=\"og:site_name\" content=\"cioelectro.com\" \/>\n<meta property=\"article:modified_time\" content=\"2023-08-10T11:27:06+00:00\" \/>\n<meta property=\"og:image\" content=\"https:\/\/cioelectro.com\/wp-content\/uploads\/2023\/06\/d644528404-kalkhoff-endeavour-7-1198560-1439773.jpg\" \/>\n\t<meta property=\"og:image:width\" content=\"720\" \/>\n\t<meta property=\"og:image:height\" content=\"720\" \/>\n\t<meta property=\"og:image:type\" content=\"image\/jpeg\" \/>\n<meta name=\"twitter:card\" content=\"summary_large_image\" \/>\n<meta name=\"twitter:label1\" content=\"Est. reading time\" \/>\n\t<meta name=\"twitter:data1\" content=\"2 minutes\" \/>\n<script type=\"application\/ld+json\" class=\"yoast-schema-graph\">{\"@context\":\"https:\\\/\\\/schema.org\",\"@graph\":[{\"@type\":\"WebPage\",\"@id\":\"https:\\\/\\\/cioelectro.com\\\/produkt\\\/kalkhoff-endeavour-7-b-advance-herren-trekking-e-bike-2022\\\/\",\"url\":\"https:\\\/\\\/cioelectro.com\\\/produkt\\\/kalkhoff-endeavour-7-b-advance-herren-trekking-e-bike-2022\\\/\",\"name\":\"Kalkhoff ENDEAVOUR 7.B ADVANCE+ - Herren - 2022\",\"isPartOf\":{\"@id\":\"https:\\\/\\\/cioelectro.com\\\/#website\"},\"primaryImageOfPage\":{\"@id\":\"https:\\\/\\\/cioelectro.com\\\/produkt\\\/kalkhoff-endeavour-7-b-advance-herren-trekking-e-bike-2022\\\/#primaryimage\"},\"image\":{\"@id\":\"https:\\\/\\\/cioelectro.com\\\/produkt\\\/kalkhoff-endeavour-7-b-advance-herren-trekking-e-bike-2022\\\/#primaryimage\"},\"thumbnailUrl\":\"https:\\\/\\\/cioelectro.com\\\/wp-content\\\/uploads\\\/2023\\\/06\\\/d644528404-kalkhoff-endeavour-7-1198560-1439773.jpg\",\"datePublished\":\"2023-03-03T15:34:13+00:00\",\"dateModified\":\"2023-08-10T11:27:06+00:00\",\"description\":\"Entdecken Sie unseren Online-Fahrradladen: Gro\u00dfe Auswahl an Modellen f\u00fcr alle Radsportbegeisterten. Von Rennr\u00e4dern bis zu Mountainbikes - finden Sie heute Ihren perfekten Wegbegleiter!\",\"breadcrumb\":{\"@id\":\"https:\\\/\\\/cioelectro.com\\\/produkt\\\/kalkhoff-endeavour-7-b-advance-herren-trekking-e-bike-2022\\\/#breadcrumb\"},\"inLanguage\":\"en-US\",\"potentialAction\":[{\"@type\":\"ReadAction\",\"target\":[\"https:\\\/\\\/cioelectro.com\\\/produkt\\\/kalkhoff-endeavour-7-b-advance-herren-trekking-e-bike-2022\\\/\"]}]},{\"@type\":\"ImageObject\",\"inLanguage\":\"en-US\",\"@id\":\"https:\\\/\\\/cioelectro.com\\\/produkt\\\/kalkhoff-endeavour-7-b-advance-herren-trekking-e-bike-2022\\\/#primaryimage\",\"url\":\"https:\\\/\\\/cioelectro.com\\\/wp-content\\\/uploads\\\/2023\\\/06\\\/d644528404-kalkhoff-endeavour-7-1198560-1439773.jpg\",\"contentUrl\":\"https:\\\/\\\/cioelectro.com\\\/wp-content\\\/uploads\\\/2023\\\/06\\\/d644528404-kalkhoff-endeavour-7-1198560-1439773.jpg\",\"width\":720,\"height\":720,\"caption\":\"Kalkhoff ENDEAVOUR 7.B ADVANCE+ - Herren Trekking E-Bike - 2022\"},{\"@type\":\"BreadcrumbList\",\"@id\":\"https:\\\/\\\/cioelectro.com\\\/produkt\\\/kalkhoff-endeavour-7-b-advance-herren-trekking-e-bike-2022\\\/#breadcrumb\",\"itemListElement\":[{\"@type\":\"ListItem\",\"position\":1,\"name\":\"Startseite\",\"item\":\"https:\\\/\\\/cioelectro.com\\\/\"},{\"@type\":\"ListItem\",\"position\":2,\"name\":\"LADEN\",\"item\":\"https:\\\/\\\/cioelectro.com\\\/laden\\\/\"},{\"@type\":\"ListItem\",\"position\":3,\"name\":\"Kalkhoff ENDEAVOUR 7.B ADVANCE+ &#8211; Herren Trekking E-Bike &#8211; 2022\"}]},{\"@type\":\"WebSite\",\"@id\":\"https:\\\/\\\/cioelectro.com\\\/#website\",\"url\":\"https:\\\/\\\/cioelectro.com\\\/\",\"name\":\"cioelectro.com\",\"description\":\"Treten Sie mit uns ins Abenteuer!\",\"publisher\":{\"@id\":\"https:\\\/\\\/cioelectro.com\\\/#organization\"},\"alternateName\":\"MEIN RADLADEN\",\"potentialAction\":[{\"@type\":\"SearchAction\",\"target\":{\"@type\":\"EntryPoint\",\"urlTemplate\":\"https:\\\/\\\/cioelectro.com\\\/?s={search_term_string}\"},\"query-input\":{\"@type\":\"PropertyValueSpecification\",\"valueRequired\":true,\"valueName\":\"search_term_string\"}}],\"inLanguage\":\"en-US\"},{\"@type\":\"Organization\",\"@id\":\"https:\\\/\\\/cioelectro.com\\\/#organization\",\"name\":\"CIOELECTRO\",\"alternateName\":\"MEIN RADLADEN\",\"url\":\"https:\\\/\\\/cioelectro.com\\\/\",\"logo\":{\"@type\":\"ImageObject\",\"inLanguage\":\"en-US\",\"@id\":\"https:\\\/\\\/cioelectro.com\\\/#\\\/schema\\\/logo\\\/image\\\/\",\"url\":\"https:\\\/\\\/cioelectro.com\\\/wp-content\\\/uploads\\\/2025\\\/12\\\/Logo-2-1200x800.png\",\"contentUrl\":\"https:\\\/\\\/cioelectro.com\\\/wp-content\\\/uploads\\\/2025\\\/12\\\/Logo-2-1200x800.png\",\"width\":1200,\"height\":800,\"caption\":\"CIOELECTRO\"},\"image\":{\"@id\":\"https:\\\/\\\/cioelectro.com\\\/#\\\/schema\\\/logo\\\/image\\\/\"}}]}<\/script>\n<!-- \/ Yoast SEO Premium plugin. -->","yoast_head_json":{"title":"Kalkhoff ENDEAVOUR 7.B ADVANCE+ - Herren - 2022","description":"Entdecken Sie unseren Online-Fahrradladen: Gro\u00dfe Auswahl an Modellen f\u00fcr alle Radsportbegeisterten. Von Rennr\u00e4dern bis zu Mountainbikes - finden Sie heute Ihren perfekten Wegbegleiter!","robots":{"index":"index","follow":"follow","max-snippet":"max-snippet:-1","max-image-preview":"max-image-preview:large","max-video-preview":"max-video-preview:-1"},"canonical":"https:\/\/cioelectro.com\/en\/produkt\/kalkhoff-endeavour-7-b-advance-herren-trekking-e-bike-2022\/","og_locale":"en_US","og_type":"article","og_title":"Kalkhoff ENDEAVOUR 7.B ADVANCE+ - Herren Trekking E-Bike - 2022","og_description":"Entdecken Sie unseren Online-Fahrradladen: Gro\u00dfe Auswahl an Modellen f\u00fcr alle Radsportbegeisterten. Von Rennr\u00e4dern bis zu Mountainbikes - finden Sie heute Ihren perfekten Wegbegleiter!","og_url":"https:\/\/cioelectro.com\/en\/produkt\/kalkhoff-endeavour-7-b-advance-herren-trekking-e-bike-2022\/","og_site_name":"cioelectro.com","article_modified_time":"2023-08-10T11:27:06+00:00","og_image":[{"width":720,"height":720,"url":"https:\/\/cioelectro.com\/wp-content\/uploads\/2023\/06\/d644528404-kalkhoff-endeavour-7-1198560-1439773.jpg","type":"image\/jpeg"}],"twitter_card":"summary_large_image","twitter_misc":{"Est. reading time":"2 minutes"},"schema":{"@context":"https:\/\/schema.org","@graph":[{"@type":"WebPage","@id":"https:\/\/cioelectro.com\/produkt\/kalkhoff-endeavour-7-b-advance-herren-trekking-e-bike-2022\/","url":"https:\/\/cioelectro.com\/produkt\/kalkhoff-endeavour-7-b-advance-herren-trekking-e-bike-2022\/","name":"Kalkhoff ENDEAVOUR 7.B ADVANCE+ - Herren - 2022","isPartOf":{"@id":"https:\/\/cioelectro.com\/#website"},"primaryImageOfPage":{"@id":"https:\/\/cioelectro.com\/produkt\/kalkhoff-endeavour-7-b-advance-herren-trekking-e-bike-2022\/#primaryimage"},"image":{"@id":"https:\/\/cioelectro.com\/produkt\/kalkhoff-endeavour-7-b-advance-herren-trekking-e-bike-2022\/#primaryimage"},"thumbnailUrl":"https:\/\/cioelectro.com\/wp-content\/uploads\/2023\/06\/d644528404-kalkhoff-endeavour-7-1198560-1439773.jpg","datePublished":"2023-03-03T15:34:13+00:00","dateModified":"2023-08-10T11:27:06+00:00","description":"Entdecken Sie unseren Online-Fahrradladen: Gro\u00dfe Auswahl an Modellen f\u00fcr alle Radsportbegeisterten. Von Rennr\u00e4dern bis zu Mountainbikes - finden Sie heute Ihren perfekten Wegbegleiter!","breadcrumb":{"@id":"https:\/\/cioelectro.com\/produkt\/kalkhoff-endeavour-7-b-advance-herren-trekking-e-bike-2022\/#breadcrumb"},"inLanguage":"en-US","potentialAction":[{"@type":"ReadAction","target":["https:\/\/cioelectro.com\/produkt\/kalkhoff-endeavour-7-b-advance-herren-trekking-e-bike-2022\/"]}]},{"@type":"ImageObject","inLanguage":"en-US","@id":"https:\/\/cioelectro.com\/produkt\/kalkhoff-endeavour-7-b-advance-herren-trekking-e-bike-2022\/#primaryimage","url":"https:\/\/cioelectro.com\/wp-content\/uploads\/2023\/06\/d644528404-kalkhoff-endeavour-7-1198560-1439773.jpg","contentUrl":"https:\/\/cioelectro.com\/wp-content\/uploads\/2023\/06\/d644528404-kalkhoff-endeavour-7-1198560-1439773.jpg","width":720,"height":720,"caption":"Kalkhoff ENDEAVOUR 7.B ADVANCE+ - Herren Trekking E-Bike - 2022"},{"@type":"BreadcrumbList","@id":"https:\/\/cioelectro.com\/produkt\/kalkhoff-endeavour-7-b-advance-herren-trekking-e-bike-2022\/#breadcrumb","itemListElement":[{"@type":"ListItem","position":1,"name":"Startseite","item":"https:\/\/cioelectro.com\/"},{"@type":"ListItem","position":2,"name":"LADEN","item":"https:\/\/cioelectro.com\/laden\/"},{"@type":"ListItem","position":3,"name":"Kalkhoff ENDEAVOUR 7.B ADVANCE+ &#8211; Herren Trekking E-Bike &#8211; 2022"}]},{"@type":"WebSite","@id":"https:\/\/cioelectro.com\/#website","url":"https:\/\/cioelectro.com\/","name":"cioelectro.com","description":"Treten Sie mit uns ins Abenteuer!","publisher":{"@id":"https:\/\/cioelectro.com\/#organization"},"alternateName":"MEIN RADLADEN","potentialAction":[{"@type":"SearchAction","target":{"@type":"EntryPoint","urlTemplate":"https:\/\/cioelectro.com\/?s={search_term_string}"},"query-input":{"@type":"PropertyValueSpecification","valueRequired":true,"valueName":"search_term_string"}}],"inLanguage":"en-US"},{"@type":"Organization","@id":"https:\/\/cioelectro.com\/#organization","name":"CIOELECTRO","alternateName":"MEIN RADLADEN","url":"https:\/\/cioelectro.com\/","logo":{"@type":"ImageObject","inLanguage":"en-US","@id":"https:\/\/cioelectro.com\/#\/schema\/logo\/image\/","url":"https:\/\/cioelectro.com\/wp-content\/uploads\/2025\/12\/Logo-2-1200x800.png","contentUrl":"https:\/\/cioelectro.com\/wp-content\/uploads\/2025\/12\/Logo-2-1200x800.png","width":1200,"height":800,"caption":"CIOELECTRO"},"image":{"@id":"https:\/\/cioelectro.com\/#\/schema\/logo\/image\/"}}]}},"_links":{"self":[{"href":"https:\/\/cioelectro.com\/en\/wp-json\/wp\/v2\/product\/66908","targetHints":{"allow":["GET"]}}],"collection":[{"href":"https:\/\/cioelectro.com\/en\/wp-json\/wp\/v2\/product"}],"about":[{"href":"https:\/\/cioelectro.com\/en\/wp-json\/wp\/v2\/types\/product"}],"replies":[{"embeddable":true,"href":"https:\/\/cioelectro.com\/en\/wp-json\/wp\/v2\/comments?post=66908"}],"version-history":[{"count":0,"href":"https:\/\/cioelectro.com\/en\/wp-json\/wp\/v2\/product\/66908\/revisions"}],"wp:featuredmedia":[{"embeddable":true,"href":"https:\/\/cioelectro.com\/en\/wp-json\/wp\/v2\/media\/66909"}],"wp:attachment":[{"href":"https:\/\/cioelectro.com\/en\/wp-json\/wp\/v2\/media?parent=66908"}],"wp:term":[{"taxonomy":"product_brand","embeddable":true,"href":"https:\/\/cioelectro.com\/en\/wp-json\/wp\/v2\/product_brand?post=66908"},{"taxonomy":"product_cat","embeddable":true,"href":"https:\/\/cioelectro.com\/en\/wp-json\/wp\/v2\/product_cat?post=66908"},{"taxonomy":"product_tag","embeddable":true,"href":"https:\/\/cioelectro.com\/en\/wp-json\/wp\/v2\/product_tag?post=66908"}],"curies":[{"name":"wp","href":"https:\/\/api.w.org\/{rel}","templated":true}]}}