{"id":7322,"date":"2022-11-04T09:53:47","date_gmt":"2022-11-04T08:53:47","guid":{"rendered":"https:\/\/meinradladen.com\/?post_type=product&#038;p=7322"},"modified":"2024-10-02T12:09:02","modified_gmt":"2024-10-02T10:09:02","slug":"cube-supreme-hybrid-slt-625-easy-entry-midnightnblack","status":"publish","type":"product","link":"https:\/\/cioelectro.com\/en\/produkt\/cube-supreme-hybrid-slt-625-easy-entry-midnightnblack\/","title":{"rendered":"Cube Supreme Hybrid SLT 625 Easy Entry midnight\u00b4n\u00b4black"},"content":{"rendered":"<h2>Cube Supreme Hybrid SLT 625 Easy Entry midnight\u00b4n\u00b4black<\/h2>\n<p>&nbsp;<\/p>\n<p>Wer&#8217;s etwas exquisiter mag, wird von Cubes neuem Supreme Hybrid SLT begeistert sein. Warum? Weil es dank einer Kombination aus E-Bike-spezifischer Shimano Nexus 5-Gang Nabenschaltung, leistungsstarkem Bosch CX Motor der vierten Generation und ger\u00e4uscharm arbeitendem, cleanem und wartungsfreiem Gates Zahnriemen unschlagbaren Vortrieb liefert.<\/p>\n<hr \/>\n<p><a href=\"https:\/\/www.cube.eu\/360\/532322\" target=\"_blank\" rel=\"nofollow noopener\"><img decoding=\"async\" title=\"360\u00b0\" src=\"https:\/\/cd.bike-discount.de\/media\/image\/3a\/ee\/83\/360.png\" alt=\"\" width=\"40\" height=\"39\" data-mid=\"729769\" data-src=\"media\/image\/360.png\" \/>360\u00b0-Ansicht \u00f6ffnen<\/a><\/p>\n<hr \/>\n<p>Im R\u00fcckw\u00e4rts spielen die hydraulischen Shimano Scheibenbremsen und griffigen Schwalbe Marathon E-Plus Reifen ihre Qualit\u00e4ten aus und bringen das Bike zuverl\u00e4ssig zum Stehen, egal bei welchem Wetter. Und weil wir eine Suntour Federgabel, eine gefederte Byschulz Sattelst\u00fctze und einen verstellbaren Speedlifter Lenker verbaut haben, ist man immer \u00fcberaus komfortabel unterwegs. Support und Sicherheit auf dem Arbeitsweg, beim Shoppen oder in der Freizeit liefern die Schutzbleche, ein semi-integrierter Gep\u00e4cktr\u00e4ger, Lichter und ein Seitenst\u00e4nder. City-E-Biken geht jetzt so einfach &#8211; und stylish &#8211; wie noch nie!<\/p>\n<hr \/>\n<h2>RAHMEN Cube Supreme Hybrid SLT 625 Easy Entry midnight\u00b4n\u00b4black<\/h2>\n<p>Der Supreme Hybrid SLT Rahmen bringt Benutzerfreundlichkeit, Komfort und Eleganz gekonnt auf einen Nenner. Wie er das macht? Zum einen f\u00fcgt sich der leistungsstarke und geschmeidig arbeitende Bosch CX Motor der vierten Generation harmonisch in das Design ein &#8211; als Powertube Tiefeinsteiger nimmt er den hochkapazitiven Bosch Akku so dezent auf, dass man ihn kaum bemerkt. Das Ergebnis: ein schlanker Look und einfaches Handling. Zum anderen ist das Bike mit einem semi-integrierten Gep\u00e4cktr\u00e4ger und einer wartungsarmen Nabenschaltung mit interner Zugf\u00fchrung ausgestattet. Von den Technologien unserer Highend-Mountainbikes haben wir uns \u00fcbrigens das konifizierte Steuerrohr ausgeliehen, weil es mehr Sicherheit, h\u00f6here Stabilit\u00e4t und bessere Bedienbarkeit verspricht. Und dank unserem Smooth Welding Verfahren begeistert der schlanke Rahmen mit einer edlen Optik. Super Fahrgef\u00fchl, super Style.<\/p>\n<h2>Ausstattung<\/h2>\n<div class=\"product--properties panel has--border\">\n<table class=\"product--properties-table\">\n<tbody>\n<tr class=\"product--properties-row row1\">\n<td class=\"product--properties-label is--bold\">Rahmen:<\/td>\n<td class=\"product--properties-value\">Aluminium Superlite, Comfort Ride Geometry, Tapered Headtube, Premium Comfort And Safety, Semi-Integrated Carrier, Full Integrated Battery, Slider Dropout<\/td>\n<\/tr>\n<tr class=\"product--properties-row row2\">\n<td class=\"product--properties-label is--bold\">Rahmenmaterial:<\/td>\n<td class=\"product--properties-value\">Aluminium<\/td>\n<\/tr>\n<tr class=\"product--properties-row row3\">\n<td class=\"product--properties-label is--bold\">Laufradgr\u00f6\u00dfe:<\/td>\n<td class=\"product--properties-value\">28&#8243;<\/td>\n<\/tr>\n<tr class=\"product--properties-row row4\">\n<td class=\"product--properties-label is--bold\">Farbe:<\/td>\n<td class=\"product--properties-value\">midnight\u00b4n\u00b4black<\/td>\n<\/tr>\n<tr class=\"product--properties-row row5\">\n<td class=\"product--properties-label is--bold\">Gabel:<\/td>\n<td class=\"product--properties-value\">SR Suntour XCR32 LO-R Air, 50mm, Lockout<\/td>\n<\/tr>\n<tr class=\"product--properties-row row6\">\n<td class=\"product--properties-label is--bold\">Federweg:<\/td>\n<td class=\"product--properties-value\">50 mm<\/td>\n<\/tr>\n<tr class=\"product--properties-row row7\">\n<td class=\"product--properties-label is--bold\">Bremsen:<\/td>\n<td class=\"product--properties-value\">Shimano Deore BR-M6120\/M6100, Hydr. Disc Brake (180\/180)<\/td>\n<\/tr>\n<tr class=\"product--properties-row row8\">\n<td class=\"product--properties-label is--bold\">Steuersatz:<\/td>\n<td class=\"product--properties-value\">ACROS AZF-1038, Top Zero-Stack 1 1\/8&#8243; (ZS 44mm), Bottom Zero-Stack 1 1\/2&#8243; (ZS 56mm)<\/td>\n<\/tr>\n<tr class=\"product--properties-row row9\">\n<td class=\"product--properties-label is--bold\">Vorbau:<\/td>\n<td class=\"product--properties-value\">BySchulz Speedlifter Twist<\/td>\n<\/tr>\n<tr class=\"product--properties-row row10\">\n<td class=\"product--properties-label is--bold\">Lenker:<\/td>\n<td class=\"product--properties-value\">CUBE Comfort Shape Bar<\/td>\n<\/tr>\n<tr class=\"product--properties-row row11\">\n<td class=\"product--properties-label is--bold\">Griffe:<\/td>\n<td class=\"product--properties-value\">RFR Comfort<\/td>\n<\/tr>\n<tr class=\"product--properties-row row12\">\n<td class=\"product--properties-label is--bold\">Sattel:<\/td>\n<td class=\"product--properties-value\">Natural Fit Shen Ponso<\/td>\n<\/tr>\n<tr class=\"product--properties-row row13\">\n<td class=\"product--properties-label is--bold\">Sattelst\u00fctze:<\/td>\n<td class=\"product--properties-value\">BySchulz G.2 Parallelogram Suspension Seatpost, 30.9mm<\/td>\n<\/tr>\n<tr class=\"product--properties-row row14\">\n<td class=\"product--properties-label is--bold\">Sattelklemme:<\/td>\n<td class=\"product--properties-value\">CUBE Screwlock, 36mm<\/td>\n<\/tr>\n<tr class=\"product--properties-row row15\">\n<td class=\"product--properties-label is--bold\">Kurbel:<\/td>\n<td class=\"product--properties-value\">ACID E-Crank, 165mm, 48T<\/td>\n<\/tr>\n<\/tbody>\n<\/table>\n<table class=\"product--properties-table\">\n<tbody>\n<tr class=\"product--properties-row row16\">\n<td class=\"product--properties-label is--bold\">Schalthebel:<\/td>\n<td class=\"product--properties-value\">Shimano Nexus SL-C7000-5, Revoshift<\/td>\n<\/tr>\n<tr class=\"product--properties-row row17\">\n<td class=\"product--properties-label is--bold\">Kassette:<\/td>\n<td class=\"product--properties-value\">Gates Rear Sprocket CDX, 34T<\/td>\n<\/tr>\n<tr class=\"product--properties-row row18\">\n<td class=\"product--properties-label is--bold\">Kette:<\/td>\n<td class=\"product--properties-value\">Gates CDX, 132T<\/td>\n<\/tr>\n<tr class=\"product--properties-row row19\">\n<td class=\"product--properties-label is--bold\">Reifen:<\/td>\n<td class=\"product--properties-value\">Schwalbe Marathon E-Plus, Smart-DualGuard, 50-622<\/td>\n<\/tr>\n<tr class=\"product--properties-row row20\">\n<td class=\"product--properties-label is--bold\">Nabe Vorderrad:<\/td>\n<td class=\"product--properties-value\">Shimano Deore HB-M6000, QR, Centerlock<\/td>\n<\/tr>\n<tr class=\"product--properties-row row21\">\n<td class=\"product--properties-label is--bold\">Nabe Hinterrad:<\/td>\n<td class=\"product--properties-value\">Shimano Nexus SG-C7000-5D, 5-Speed, Centerlock, Nut<\/td>\n<\/tr>\n<tr class=\"product--properties-row row22\">\n<td class=\"product--properties-label is--bold\">Felgen:<\/td>\n<td class=\"product--properties-value\">CUBE EX23, 36H, Disc, Tubeless Ready<\/td>\n<\/tr>\n<tr class=\"product--properties-row row23\">\n<td class=\"product--properties-label is--bold\">Display:<\/td>\n<td class=\"product--properties-value\">Bosch Nyon<\/td>\n<\/tr>\n<tr class=\"product--properties-row row24\">\n<td class=\"product--properties-label is--bold\">Akku:<\/td>\n<td class=\"product--properties-value\">Bosch PowerTube 625<\/td>\n<\/tr>\n<tr class=\"product--properties-row row25\">\n<td class=\"product--properties-label is--bold\">Ladeger\u00e4t:<\/td>\n<td class=\"product--properties-value\">Bosch 4A<\/td>\n<\/tr>\n<tr class=\"product--properties-row row26\">\n<td class=\"product--properties-label is--bold\">Motor:<\/td>\n<td class=\"product--properties-value\">Bosch Drive Unit Performance CX Generation 4 (85Nm) Cruise (250Watt)<\/td>\n<\/tr>\n<tr class=\"product--properties-row row27\">\n<td class=\"product--properties-label is--bold\">Scheinwerfer:<\/td>\n<td class=\"product--properties-value\">ACID Front Light PRO-E 60, 12V, DC<\/td>\n<\/tr>\n<tr class=\"product--properties-row row28\">\n<td class=\"product--properties-label is--bold\">R\u00fccklicht:<\/td>\n<td class=\"product--properties-value\">ACID Mudguard Rear Light PRO-E, 12V, DC<\/td>\n<\/tr>\n<tr class=\"product--properties-row row29\">\n<td class=\"product--properties-label is--bold\">Gep\u00e4cktr\u00e4ger:<\/td>\n<td class=\"product--properties-value\">ACID Semi-Integrated Carrier, ACID RILink Adapter Compatible<\/td>\n<\/tr>\n<tr class=\"product--properties-row row30\">\n<td class=\"product--properties-label is--bold\">Pedale:<\/td>\n<td class=\"product--properties-value\">ACID PP Trekking<\/td>\n<\/tr>\n<tr class=\"product--properties-row row31\">\n<td class=\"product--properties-label is--bold\">Sonstiges:<\/td>\n<td class=\"product--properties-value\">Schutzblech, St\u00e4nder, Glocke<\/td>\n<\/tr>\n<tr class=\"product--properties-row row32\">\n<td class=\"product--properties-label is--bold\">Zul\u00e4ssiges Gesamtgewicht:<\/td>\n<td class=\"product--properties-value\">140 kg (K\u00f6rpergewicht + Fahrrad + Ausr\u00fcstung)<\/td>\n<\/tr>\n<\/tbody>\n<\/table>\n<\/div>","protected":false},"excerpt":{"rendered":"<p>Cube Supreme Hybrid SLT 625 Easy Entry midnight\u00b4n\u00b4black &nbsp; Wer&#8217;s etwas exquisiter mag, wird von Cubes neuem Supreme Hybrid SLT<\/p>","protected":false},"featured_media":7323,"comment_status":"open","ping_status":"closed","template":"","meta":{"_rtcl_gb_attr":""},"product_brand":[],"product_cat":[33,34,35],"product_tag":[],"class_list":{"0":"post-7322","1":"product","2":"type-product","3":"status-publish","4":"has-post-thumbnail","6":"product_cat-e-bike","7":"product_cat-e-bike-city-urban","8":"product_cat-e-bikes-2022","9":"pa_marke-cube","11":"first","12":"instock","13":"sale","14":"taxable","15":"shipping-taxable","16":"purchasable","17":"product-type-variable"},"yoast_head":"<!-- This site is optimized with the Yoast SEO Premium plugin v20.12 (Yoast SEO v27.4) - https:\/\/yoast.com\/product\/yoast-seo-premium-wordpress\/ -->\n<title>Cube Supreme Hybrid SLT 625 Easy Entry midnight\u00b4n\u00b4black<\/title>\n<meta name=\"description\" content=\"Entdecken Sie unseren Online-Fahrradladen: Gro\u00dfe Auswahl an Modellen f\u00fcr alle Radsportbegeisterten. Von Rennr\u00e4dern bis zu Mountainbikes - finden Sie heute Ihren perfekten Wegbegleiter!\" \/>\n<meta name=\"robots\" content=\"index, follow, max-snippet:-1, max-image-preview:large, max-video-preview:-1\" \/>\n<link rel=\"canonical\" href=\"https:\/\/cioelectro.com\/en\/produkt\/cube-supreme-hybrid-slt-625-easy-entry-midnightnblack\/\" \/>\n<meta property=\"og:locale\" content=\"en_US\" \/>\n<meta property=\"og:type\" content=\"article\" \/>\n<meta property=\"og:title\" content=\"Cube Supreme Hybrid SLT 625 Easy Entry midnight\u00b4n\u00b4black\" \/>\n<meta property=\"og:description\" content=\"Entdecken Sie unseren Online-Fahrradladen: Gro\u00dfe Auswahl an Modellen f\u00fcr alle Radsportbegeisterten. Von Rennr\u00e4dern bis zu Mountainbikes - finden Sie heute Ihren perfekten Wegbegleiter!\" \/>\n<meta property=\"og:url\" content=\"https:\/\/cioelectro.com\/en\/produkt\/cube-supreme-hybrid-slt-625-easy-entry-midnightnblack\/\" \/>\n<meta property=\"og:site_name\" content=\"cioelectro.com\" \/>\n<meta property=\"article:modified_time\" content=\"2024-10-02T10:09:02+00:00\" \/>\n<meta property=\"og:image\" content=\"https:\/\/cioelectro.com\/wp-content\/uploads\/2023\/06\/532322E_light_zoom.jpg\" \/>\n\t<meta property=\"og:image:width\" content=\"1000\" \/>\n\t<meta property=\"og:image:height\" content=\"663\" \/>\n\t<meta property=\"og:image:type\" content=\"image\/jpeg\" \/>\n<meta name=\"twitter:card\" content=\"summary_large_image\" \/>\n<meta name=\"twitter:label1\" content=\"Est. reading time\" \/>\n\t<meta name=\"twitter:data1\" content=\"3 minutes\" \/>\n<script type=\"application\/ld+json\" class=\"yoast-schema-graph\">{\"@context\":\"https:\\\/\\\/schema.org\",\"@graph\":[{\"@type\":\"WebPage\",\"@id\":\"https:\\\/\\\/cioelectro.com\\\/produkt\\\/cube-supreme-hybrid-slt-625-easy-entry-midnightnblack\\\/\",\"url\":\"https:\\\/\\\/cioelectro.com\\\/produkt\\\/cube-supreme-hybrid-slt-625-easy-entry-midnightnblack\\\/\",\"name\":\"Cube Supreme Hybrid SLT 625 Easy Entry midnight\u00b4n\u00b4black\",\"isPartOf\":{\"@id\":\"https:\\\/\\\/cioelectro.com\\\/#website\"},\"primaryImageOfPage\":{\"@id\":\"https:\\\/\\\/cioelectro.com\\\/produkt\\\/cube-supreme-hybrid-slt-625-easy-entry-midnightnblack\\\/#primaryimage\"},\"image\":{\"@id\":\"https:\\\/\\\/cioelectro.com\\\/produkt\\\/cube-supreme-hybrid-slt-625-easy-entry-midnightnblack\\\/#primaryimage\"},\"thumbnailUrl\":\"https:\\\/\\\/cioelectro.com\\\/wp-content\\\/uploads\\\/2023\\\/06\\\/532322E_light_zoom.jpg\",\"datePublished\":\"2022-11-04T08:53:47+00:00\",\"dateModified\":\"2024-10-02T10:09:02+00:00\",\"description\":\"Entdecken Sie unseren Online-Fahrradladen: Gro\u00dfe Auswahl an Modellen f\u00fcr alle Radsportbegeisterten. Von Rennr\u00e4dern bis zu Mountainbikes - finden Sie heute Ihren perfekten Wegbegleiter!\",\"breadcrumb\":{\"@id\":\"https:\\\/\\\/cioelectro.com\\\/produkt\\\/cube-supreme-hybrid-slt-625-easy-entry-midnightnblack\\\/#breadcrumb\"},\"inLanguage\":\"en-US\",\"potentialAction\":[{\"@type\":\"ReadAction\",\"target\":[\"https:\\\/\\\/cioelectro.com\\\/produkt\\\/cube-supreme-hybrid-slt-625-easy-entry-midnightnblack\\\/\"]}]},{\"@type\":\"ImageObject\",\"inLanguage\":\"en-US\",\"@id\":\"https:\\\/\\\/cioelectro.com\\\/produkt\\\/cube-supreme-hybrid-slt-625-easy-entry-midnightnblack\\\/#primaryimage\",\"url\":\"https:\\\/\\\/cioelectro.com\\\/wp-content\\\/uploads\\\/2023\\\/06\\\/532322E_light_zoom.jpg\",\"contentUrl\":\"https:\\\/\\\/cioelectro.com\\\/wp-content\\\/uploads\\\/2023\\\/06\\\/532322E_light_zoom.jpg\",\"width\":1000,\"height\":663,\"caption\":\"Cube Supreme Hybrid SLT 625 Easy Entry midnight\u00b4n\u00b4black\"},{\"@type\":\"BreadcrumbList\",\"@id\":\"https:\\\/\\\/cioelectro.com\\\/produkt\\\/cube-supreme-hybrid-slt-625-easy-entry-midnightnblack\\\/#breadcrumb\",\"itemListElement\":[{\"@type\":\"ListItem\",\"position\":1,\"name\":\"Startseite\",\"item\":\"https:\\\/\\\/cioelectro.com\\\/\"},{\"@type\":\"ListItem\",\"position\":2,\"name\":\"LADEN\",\"item\":\"https:\\\/\\\/cioelectro.com\\\/laden\\\/\"},{\"@type\":\"ListItem\",\"position\":3,\"name\":\"Cube Supreme Hybrid SLT 625 Easy Entry midnight\u00b4n\u00b4black\"}]},{\"@type\":\"WebSite\",\"@id\":\"https:\\\/\\\/cioelectro.com\\\/#website\",\"url\":\"https:\\\/\\\/cioelectro.com\\\/\",\"name\":\"cioelectro.com\",\"description\":\"Treten Sie mit uns ins Abenteuer!\",\"publisher\":{\"@id\":\"https:\\\/\\\/cioelectro.com\\\/#organization\"},\"alternateName\":\"MEIN RADLADEN\",\"potentialAction\":[{\"@type\":\"SearchAction\",\"target\":{\"@type\":\"EntryPoint\",\"urlTemplate\":\"https:\\\/\\\/cioelectro.com\\\/?s={search_term_string}\"},\"query-input\":{\"@type\":\"PropertyValueSpecification\",\"valueRequired\":true,\"valueName\":\"search_term_string\"}}],\"inLanguage\":\"en-US\"},{\"@type\":\"Organization\",\"@id\":\"https:\\\/\\\/cioelectro.com\\\/#organization\",\"name\":\"CIOELECTRO\",\"alternateName\":\"MEIN RADLADEN\",\"url\":\"https:\\\/\\\/cioelectro.com\\\/\",\"logo\":{\"@type\":\"ImageObject\",\"inLanguage\":\"en-US\",\"@id\":\"https:\\\/\\\/cioelectro.com\\\/#\\\/schema\\\/logo\\\/image\\\/\",\"url\":\"https:\\\/\\\/cioelectro.com\\\/wp-content\\\/uploads\\\/2025\\\/12\\\/Logo-2-1200x800.png\",\"contentUrl\":\"https:\\\/\\\/cioelectro.com\\\/wp-content\\\/uploads\\\/2025\\\/12\\\/Logo-2-1200x800.png\",\"width\":1200,\"height\":800,\"caption\":\"CIOELECTRO\"},\"image\":{\"@id\":\"https:\\\/\\\/cioelectro.com\\\/#\\\/schema\\\/logo\\\/image\\\/\"}}]}<\/script>\n<!-- \/ Yoast SEO Premium plugin. -->","yoast_head_json":{"title":"Cube Supreme Hybrid SLT 625 Easy Entry midnight\u00b4n\u00b4black","description":"Entdecken Sie unseren Online-Fahrradladen: Gro\u00dfe Auswahl an Modellen f\u00fcr alle Radsportbegeisterten. Von Rennr\u00e4dern bis zu Mountainbikes - finden Sie heute Ihren perfekten Wegbegleiter!","robots":{"index":"index","follow":"follow","max-snippet":"max-snippet:-1","max-image-preview":"max-image-preview:large","max-video-preview":"max-video-preview:-1"},"canonical":"https:\/\/cioelectro.com\/en\/produkt\/cube-supreme-hybrid-slt-625-easy-entry-midnightnblack\/","og_locale":"en_US","og_type":"article","og_title":"Cube Supreme Hybrid SLT 625 Easy Entry midnight\u00b4n\u00b4black","og_description":"Entdecken Sie unseren Online-Fahrradladen: Gro\u00dfe Auswahl an Modellen f\u00fcr alle Radsportbegeisterten. Von Rennr\u00e4dern bis zu Mountainbikes - finden Sie heute Ihren perfekten Wegbegleiter!","og_url":"https:\/\/cioelectro.com\/en\/produkt\/cube-supreme-hybrid-slt-625-easy-entry-midnightnblack\/","og_site_name":"cioelectro.com","article_modified_time":"2024-10-02T10:09:02+00:00","og_image":[{"width":1000,"height":663,"url":"https:\/\/cioelectro.com\/wp-content\/uploads\/2023\/06\/532322E_light_zoom.jpg","type":"image\/jpeg"}],"twitter_card":"summary_large_image","twitter_misc":{"Est. reading time":"3 minutes"},"schema":{"@context":"https:\/\/schema.org","@graph":[{"@type":"WebPage","@id":"https:\/\/cioelectro.com\/produkt\/cube-supreme-hybrid-slt-625-easy-entry-midnightnblack\/","url":"https:\/\/cioelectro.com\/produkt\/cube-supreme-hybrid-slt-625-easy-entry-midnightnblack\/","name":"Cube Supreme Hybrid SLT 625 Easy Entry midnight\u00b4n\u00b4black","isPartOf":{"@id":"https:\/\/cioelectro.com\/#website"},"primaryImageOfPage":{"@id":"https:\/\/cioelectro.com\/produkt\/cube-supreme-hybrid-slt-625-easy-entry-midnightnblack\/#primaryimage"},"image":{"@id":"https:\/\/cioelectro.com\/produkt\/cube-supreme-hybrid-slt-625-easy-entry-midnightnblack\/#primaryimage"},"thumbnailUrl":"https:\/\/cioelectro.com\/wp-content\/uploads\/2023\/06\/532322E_light_zoom.jpg","datePublished":"2022-11-04T08:53:47+00:00","dateModified":"2024-10-02T10:09:02+00:00","description":"Entdecken Sie unseren Online-Fahrradladen: Gro\u00dfe Auswahl an Modellen f\u00fcr alle Radsportbegeisterten. Von Rennr\u00e4dern bis zu Mountainbikes - finden Sie heute Ihren perfekten Wegbegleiter!","breadcrumb":{"@id":"https:\/\/cioelectro.com\/produkt\/cube-supreme-hybrid-slt-625-easy-entry-midnightnblack\/#breadcrumb"},"inLanguage":"en-US","potentialAction":[{"@type":"ReadAction","target":["https:\/\/cioelectro.com\/produkt\/cube-supreme-hybrid-slt-625-easy-entry-midnightnblack\/"]}]},{"@type":"ImageObject","inLanguage":"en-US","@id":"https:\/\/cioelectro.com\/produkt\/cube-supreme-hybrid-slt-625-easy-entry-midnightnblack\/#primaryimage","url":"https:\/\/cioelectro.com\/wp-content\/uploads\/2023\/06\/532322E_light_zoom.jpg","contentUrl":"https:\/\/cioelectro.com\/wp-content\/uploads\/2023\/06\/532322E_light_zoom.jpg","width":1000,"height":663,"caption":"Cube Supreme Hybrid SLT 625 Easy Entry midnight\u00b4n\u00b4black"},{"@type":"BreadcrumbList","@id":"https:\/\/cioelectro.com\/produkt\/cube-supreme-hybrid-slt-625-easy-entry-midnightnblack\/#breadcrumb","itemListElement":[{"@type":"ListItem","position":1,"name":"Startseite","item":"https:\/\/cioelectro.com\/"},{"@type":"ListItem","position":2,"name":"LADEN","item":"https:\/\/cioelectro.com\/laden\/"},{"@type":"ListItem","position":3,"name":"Cube Supreme Hybrid SLT 625 Easy Entry midnight\u00b4n\u00b4black"}]},{"@type":"WebSite","@id":"https:\/\/cioelectro.com\/#website","url":"https:\/\/cioelectro.com\/","name":"cioelectro.com","description":"Treten Sie mit uns ins Abenteuer!","publisher":{"@id":"https:\/\/cioelectro.com\/#organization"},"alternateName":"MEIN RADLADEN","potentialAction":[{"@type":"SearchAction","target":{"@type":"EntryPoint","urlTemplate":"https:\/\/cioelectro.com\/?s={search_term_string}"},"query-input":{"@type":"PropertyValueSpecification","valueRequired":true,"valueName":"search_term_string"}}],"inLanguage":"en-US"},{"@type":"Organization","@id":"https:\/\/cioelectro.com\/#organization","name":"CIOELECTRO","alternateName":"MEIN RADLADEN","url":"https:\/\/cioelectro.com\/","logo":{"@type":"ImageObject","inLanguage":"en-US","@id":"https:\/\/cioelectro.com\/#\/schema\/logo\/image\/","url":"https:\/\/cioelectro.com\/wp-content\/uploads\/2025\/12\/Logo-2-1200x800.png","contentUrl":"https:\/\/cioelectro.com\/wp-content\/uploads\/2025\/12\/Logo-2-1200x800.png","width":1200,"height":800,"caption":"CIOELECTRO"},"image":{"@id":"https:\/\/cioelectro.com\/#\/schema\/logo\/image\/"}}]}},"_links":{"self":[{"href":"https:\/\/cioelectro.com\/en\/wp-json\/wp\/v2\/product\/7322","targetHints":{"allow":["GET"]}}],"collection":[{"href":"https:\/\/cioelectro.com\/en\/wp-json\/wp\/v2\/product"}],"about":[{"href":"https:\/\/cioelectro.com\/en\/wp-json\/wp\/v2\/types\/product"}],"replies":[{"embeddable":true,"href":"https:\/\/cioelectro.com\/en\/wp-json\/wp\/v2\/comments?post=7322"}],"version-history":[{"count":0,"href":"https:\/\/cioelectro.com\/en\/wp-json\/wp\/v2\/product\/7322\/revisions"}],"wp:featuredmedia":[{"embeddable":true,"href":"https:\/\/cioelectro.com\/en\/wp-json\/wp\/v2\/media\/7323"}],"wp:attachment":[{"href":"https:\/\/cioelectro.com\/en\/wp-json\/wp\/v2\/media?parent=7322"}],"wp:term":[{"taxonomy":"product_brand","embeddable":true,"href":"https:\/\/cioelectro.com\/en\/wp-json\/wp\/v2\/product_brand?post=7322"},{"taxonomy":"product_cat","embeddable":true,"href":"https:\/\/cioelectro.com\/en\/wp-json\/wp\/v2\/product_cat?post=7322"},{"taxonomy":"product_tag","embeddable":true,"href":"https:\/\/cioelectro.com\/en\/wp-json\/wp\/v2\/product_tag?post=7322"}],"curies":[{"name":"wp","href":"https:\/\/api.w.org\/{rel}","templated":true}]}}