{"id":7499,"date":"2022-11-04T18:22:20","date_gmt":"2022-11-04T17:22:20","guid":{"rendered":"https:\/\/meinradladen.com\/?post_type=product&#038;p=7499"},"modified":"2023-08-10T21:28:20","modified_gmt":"2023-08-10T19:28:20","slug":"cube-fold-sport-hybrid-500-greennblack","status":"publish","type":"product","link":"https:\/\/cioelectro.com\/en\/produkt\/cube-fold-sport-hybrid-500-greennblack\/","title":{"rendered":"Cube Fold Sport Hybrid 500 green\u00b4n\u00b4black"},"content":{"rendered":"<div class=\"content--title\"><strong>Cube\u00a0Fold Sport Hybrid 500 green\u00b4n\u00b4black<\/strong><\/div>\n<div class=\"product--description\">\n<p>Das brandneue Cube Fold Sport Hybrid 500 ist ein Zweiradpartner, der alles mitmacht, was sein Fahrer von ihm verlangt &#8211; und es l\u00e4sst sich zusammenfalten und somit unkompliziert lagern oder transportieren. Den Antrieb \u00fcbernimmt der leistungsstarke Bosch Performance Motor (gespeist von einem 500 Wh starken Akku), die optimale \u00fcbertragung der Power auf die Stra\u00dfe die breit gef\u00e4cherte und einfach bedienbare Shimano 10-fach Schaltung.<\/p>\n<hr \/>\n<p><a href=\"https:\/\/www.cube.eu\/360\/589560\" target=\"_blank\" rel=\"nofollow noopener\"><img decoding=\"async\" title=\"360\u00b0\" src=\"https:\/\/cd.bike-discount.de\/media\/image\/3a\/ee\/83\/360.png\" alt=\"\" width=\"40\" height=\"39\" data-mid=\"729769\" data-src=\"media\/image\/360.png\" \/>360\u00b0-Ansicht \u00f6ffnen <\/a><\/p>\n<p>Der Vorteil: tatkr\u00e4ftige Unterst\u00fctzung in Bewegung plus kompaktes Design zum platzsparenden Lagern oder Transportieren. Die schlichte, robuste und so gut wie wartungsfreie Shimano Nexus 5-Gang Nabenschaltung in Verbindung mit dem robusten Gates CDX Riemenantrieb hat immer den richtigen Gang im Programm. Auf dem Gep\u00e4cktr\u00e4ger (ein Front-Gep\u00e4cktr\u00e4ger ist nachr\u00fcstbar) reist alles, was man braucht, von A nach B. Was noch? Schutzbleche, ein stabiler Doppelbeinst\u00e4nder zum Abstellen und ein robuster Tragegriff. Alles da &#8211; was will man mehr?<\/p>\n<hr \/>\n<h4><strong>RAHMEN Cube Fold Sport Hybrid 500 green\u00b4n\u00b4black<\/strong><\/h4>\n<p>Neue Ma\u00dfst\u00e4be in puncto Flexiblit\u00e4t, Mobilit\u00e4t und Funktionalit\u00e4t setzt unser neues faltbares E-Bike mit Bosch Antrieb, das Fold Hybrid 500. Und dass es auch noch genial aussieht, ist kein Zufall, denn wie so oft folgt hier die Form der Funktion. Dank seinem cleveren Faltmechanismus und integrierten Tragegriff l\u00e4sst sich das Rad auf platzsparende Ma\u00dfe zusammenklappen und dadurch effizient und einfach lagern oder transportieren. Und dank solider Verstellm\u00f6glichkeiten am Sattel und am faltbaren Vorbau kann man das Bike ganz leicht auf fast alle K\u00f6rpergr\u00f6\u00dfen anpassen. Doch damit nicht genug: Wir haben auch an Schutzbleche, einen superstabilen Seitenst\u00e4nder und einen robusten Gep\u00e4cktr\u00e4ger gedacht, der durch einen optimalen Front-Gep\u00e4cktr\u00e4ger erg\u00e4nzt werden kann. Auch lassen sich Taschen und K\u00f6rbe ganz leicht und schnell mit innovativen Mechanismen am Bike befestigen. So ist immer alles dabei, was mit muss. Bleibt die Frage, wie man je ohne diesen faltbaren Begleiter ausgekommen ist!<\/p>\n<hr \/>\n<p><strong>ONE SIZE CONCEPT<\/strong><\/p>\n<p>Durch das flexible ONE SIZE CONCEPT k\u00f6nnen mehrere Menschen dasselbe Bike nutzen. Eine aufrechte Sitzposition und ein tiefer Einstieg erm\u00f6glichen eine komfortable Fahrt f\u00fcr alle &#8211; unabh\u00e4ngig von der jeweiligen K\u00f6rpergr\u00f6\u00dfe. Sattel und Vorbau k\u00f6nnen mit wenigen Handgriffen in der H\u00f6he angepasst werden. So ist das Bike f\u00fcr unterschiedliche K\u00f6rpergr\u00f6\u00dfen von 1,60 m bis 1,90 m nutzbar. Das ONE SIZE Concept bietet das universelle Bike f\u00fcr die ganze Familie, Partner, Freunde, Nachbarn, Kollegen oder auch \u201enur\u201c f\u00fcr dich und alle zuk\u00fcnftigen Eventualit\u00e4ten. Ein Fahrrad flexibel f\u00fcr alle!<\/p>\n<hr \/>\n<h3>Fold Hybrid 2022 &#8211; CUBE Bikes Official<\/h3>\n<p><iframe title=\"YouTube video player\" src=\"https:\/\/www.youtube-nocookie.com\/embed\/cV7HRbJ93Ww\" width=\"640\" height=\"360\" frameborder=\"0\" allowfullscreen=\"allowfullscreen\" data-mce-fragment=\"1\"><\/iframe><\/p>\n<\/div>\n<div class=\"ean-box\"><label>Hersteller Artikelnr.: <span class=\"supplier-number\">589560<\/span><\/label><label>EAN: <span class=\"netz-ean\">4054571353849<\/span><\/label><\/div>","protected":false},"excerpt":{"rendered":"<p>Cube\u00a0Fold Sport Hybrid 500 green\u00b4n\u00b4black Das brandneue Cube Fold Sport Hybrid 500 ist ein Zweiradpartner, der alles mitmacht, was sein<\/p>","protected":false},"featured_media":60446,"comment_status":"open","ping_status":"closed","template":"","meta":{"_rtcl_gb_attr":""},"product_brand":[],"product_cat":[33,34,35],"product_tag":[],"class_list":{"0":"post-7499","1":"product","2":"type-product","3":"status-publish","4":"has-post-thumbnail","6":"product_cat-e-bike","7":"product_cat-e-bike-city-urban","8":"product_cat-e-bikes-2022","9":"pa_marke-cube","11":"first","12":"instock","13":"sale","14":"taxable","15":"shipping-taxable","16":"purchasable","17":"product-type-variable"},"yoast_head":"<!-- This site is optimized with the Yoast SEO Premium plugin v20.12 (Yoast SEO v27.4) - https:\/\/yoast.com\/product\/yoast-seo-premium-wordpress\/ -->\n<title>Cube Fold Sport Hybrid 500 green\u00b4n\u00b4black<\/title>\n<meta name=\"description\" content=\"Entdecken Sie unseren Online-Fahrradladen: Gro\u00dfe Auswahl an Modellen f\u00fcr alle Radsportbegeisterten. Von Rennr\u00e4dern bis zu Mountainbikes - finden Sie heute Ihren perfekten Wegbegleiter!\" \/>\n<meta name=\"robots\" content=\"index, follow, max-snippet:-1, max-image-preview:large, max-video-preview:-1\" \/>\n<link rel=\"canonical\" href=\"https:\/\/cioelectro.com\/en\/produkt\/cube-fold-sport-hybrid-500-greennblack\/\" \/>\n<meta property=\"og:locale\" content=\"en_US\" \/>\n<meta property=\"og:type\" content=\"article\" \/>\n<meta property=\"og:title\" content=\"Cube Fold Sport Hybrid 500 green\u00b4n\u00b4black\" \/>\n<meta property=\"og:description\" content=\"Entdecken Sie unseren Online-Fahrradladen: Gro\u00dfe Auswahl an Modellen f\u00fcr alle Radsportbegeisterten. Von Rennr\u00e4dern bis zu Mountainbikes - finden Sie heute Ihren perfekten Wegbegleiter!\" \/>\n<meta property=\"og:url\" content=\"https:\/\/cioelectro.com\/en\/produkt\/cube-fold-sport-hybrid-500-greennblack\/\" \/>\n<meta property=\"og:site_name\" content=\"cioelectro.com\" \/>\n<meta property=\"article:modified_time\" content=\"2023-08-10T19:28:20+00:00\" \/>\n<meta property=\"og:image\" content=\"https:\/\/cioelectro.com\/wp-content\/uploads\/2023\/06\/589560.jpg\" \/>\n\t<meta property=\"og:image:width\" content=\"1000\" \/>\n\t<meta property=\"og:image:height\" content=\"706\" \/>\n\t<meta property=\"og:image:type\" content=\"image\/jpeg\" \/>\n<meta name=\"twitter:card\" content=\"summary_large_image\" \/>\n<meta name=\"twitter:label1\" content=\"Est. reading time\" \/>\n\t<meta name=\"twitter:data1\" content=\"3 minutes\" \/>\n<script type=\"application\/ld+json\" class=\"yoast-schema-graph\">{\"@context\":\"https:\\\/\\\/schema.org\",\"@graph\":[{\"@type\":\"WebPage\",\"@id\":\"https:\\\/\\\/cioelectro.com\\\/produkt\\\/cube-fold-sport-hybrid-500-greennblack\\\/\",\"url\":\"https:\\\/\\\/cioelectro.com\\\/produkt\\\/cube-fold-sport-hybrid-500-greennblack\\\/\",\"name\":\"Cube Fold Sport Hybrid 500 green\u00b4n\u00b4black\",\"isPartOf\":{\"@id\":\"https:\\\/\\\/cioelectro.com\\\/#website\"},\"primaryImageOfPage\":{\"@id\":\"https:\\\/\\\/cioelectro.com\\\/produkt\\\/cube-fold-sport-hybrid-500-greennblack\\\/#primaryimage\"},\"image\":{\"@id\":\"https:\\\/\\\/cioelectro.com\\\/produkt\\\/cube-fold-sport-hybrid-500-greennblack\\\/#primaryimage\"},\"thumbnailUrl\":\"https:\\\/\\\/cioelectro.com\\\/wp-content\\\/uploads\\\/2023\\\/06\\\/589560.jpg\",\"datePublished\":\"2022-11-04T17:22:20+00:00\",\"dateModified\":\"2023-08-10T19:28:20+00:00\",\"description\":\"Entdecken Sie unseren Online-Fahrradladen: Gro\u00dfe Auswahl an Modellen f\u00fcr alle Radsportbegeisterten. Von Rennr\u00e4dern bis zu Mountainbikes - finden Sie heute Ihren perfekten Wegbegleiter!\",\"breadcrumb\":{\"@id\":\"https:\\\/\\\/cioelectro.com\\\/produkt\\\/cube-fold-sport-hybrid-500-greennblack\\\/#breadcrumb\"},\"inLanguage\":\"en-US\",\"potentialAction\":[{\"@type\":\"ReadAction\",\"target\":[\"https:\\\/\\\/cioelectro.com\\\/produkt\\\/cube-fold-sport-hybrid-500-greennblack\\\/\"]}]},{\"@type\":\"ImageObject\",\"inLanguage\":\"en-US\",\"@id\":\"https:\\\/\\\/cioelectro.com\\\/produkt\\\/cube-fold-sport-hybrid-500-greennblack\\\/#primaryimage\",\"url\":\"https:\\\/\\\/cioelectro.com\\\/wp-content\\\/uploads\\\/2023\\\/06\\\/589560.jpg\",\"contentUrl\":\"https:\\\/\\\/cioelectro.com\\\/wp-content\\\/uploads\\\/2023\\\/06\\\/589560.jpg\",\"width\":1000,\"height\":706,\"caption\":\"Cube Fold Sport Hybrid 500 green\u00b4n\u00b4black\"},{\"@type\":\"BreadcrumbList\",\"@id\":\"https:\\\/\\\/cioelectro.com\\\/produkt\\\/cube-fold-sport-hybrid-500-greennblack\\\/#breadcrumb\",\"itemListElement\":[{\"@type\":\"ListItem\",\"position\":1,\"name\":\"Startseite\",\"item\":\"https:\\\/\\\/cioelectro.com\\\/\"},{\"@type\":\"ListItem\",\"position\":2,\"name\":\"LADEN\",\"item\":\"https:\\\/\\\/cioelectro.com\\\/laden\\\/\"},{\"@type\":\"ListItem\",\"position\":3,\"name\":\"Cube Fold Sport Hybrid 500 green\u00b4n\u00b4black\"}]},{\"@type\":\"WebSite\",\"@id\":\"https:\\\/\\\/cioelectro.com\\\/#website\",\"url\":\"https:\\\/\\\/cioelectro.com\\\/\",\"name\":\"cioelectro.com\",\"description\":\"Treten Sie mit uns ins Abenteuer!\",\"publisher\":{\"@id\":\"https:\\\/\\\/cioelectro.com\\\/#organization\"},\"alternateName\":\"MEIN RADLADEN\",\"potentialAction\":[{\"@type\":\"SearchAction\",\"target\":{\"@type\":\"EntryPoint\",\"urlTemplate\":\"https:\\\/\\\/cioelectro.com\\\/?s={search_term_string}\"},\"query-input\":{\"@type\":\"PropertyValueSpecification\",\"valueRequired\":true,\"valueName\":\"search_term_string\"}}],\"inLanguage\":\"en-US\"},{\"@type\":\"Organization\",\"@id\":\"https:\\\/\\\/cioelectro.com\\\/#organization\",\"name\":\"CIOELECTRO\",\"alternateName\":\"MEIN RADLADEN\",\"url\":\"https:\\\/\\\/cioelectro.com\\\/\",\"logo\":{\"@type\":\"ImageObject\",\"inLanguage\":\"en-US\",\"@id\":\"https:\\\/\\\/cioelectro.com\\\/#\\\/schema\\\/logo\\\/image\\\/\",\"url\":\"https:\\\/\\\/cioelectro.com\\\/wp-content\\\/uploads\\\/2025\\\/12\\\/Logo-2-1200x800.png\",\"contentUrl\":\"https:\\\/\\\/cioelectro.com\\\/wp-content\\\/uploads\\\/2025\\\/12\\\/Logo-2-1200x800.png\",\"width\":1200,\"height\":800,\"caption\":\"CIOELECTRO\"},\"image\":{\"@id\":\"https:\\\/\\\/cioelectro.com\\\/#\\\/schema\\\/logo\\\/image\\\/\"}}]}<\/script>\n<!-- \/ Yoast SEO Premium plugin. -->","yoast_head_json":{"title":"Cube Fold Sport Hybrid 500 green\u00b4n\u00b4black","description":"Entdecken Sie unseren Online-Fahrradladen: Gro\u00dfe Auswahl an Modellen f\u00fcr alle Radsportbegeisterten. Von Rennr\u00e4dern bis zu Mountainbikes - finden Sie heute Ihren perfekten Wegbegleiter!","robots":{"index":"index","follow":"follow","max-snippet":"max-snippet:-1","max-image-preview":"max-image-preview:large","max-video-preview":"max-video-preview:-1"},"canonical":"https:\/\/cioelectro.com\/en\/produkt\/cube-fold-sport-hybrid-500-greennblack\/","og_locale":"en_US","og_type":"article","og_title":"Cube Fold Sport Hybrid 500 green\u00b4n\u00b4black","og_description":"Entdecken Sie unseren Online-Fahrradladen: Gro\u00dfe Auswahl an Modellen f\u00fcr alle Radsportbegeisterten. Von Rennr\u00e4dern bis zu Mountainbikes - finden Sie heute Ihren perfekten Wegbegleiter!","og_url":"https:\/\/cioelectro.com\/en\/produkt\/cube-fold-sport-hybrid-500-greennblack\/","og_site_name":"cioelectro.com","article_modified_time":"2023-08-10T19:28:20+00:00","og_image":[{"width":1000,"height":706,"url":"https:\/\/cioelectro.com\/wp-content\/uploads\/2023\/06\/589560.jpg","type":"image\/jpeg"}],"twitter_card":"summary_large_image","twitter_misc":{"Est. reading time":"3 minutes"},"schema":{"@context":"https:\/\/schema.org","@graph":[{"@type":"WebPage","@id":"https:\/\/cioelectro.com\/produkt\/cube-fold-sport-hybrid-500-greennblack\/","url":"https:\/\/cioelectro.com\/produkt\/cube-fold-sport-hybrid-500-greennblack\/","name":"Cube Fold Sport Hybrid 500 green\u00b4n\u00b4black","isPartOf":{"@id":"https:\/\/cioelectro.com\/#website"},"primaryImageOfPage":{"@id":"https:\/\/cioelectro.com\/produkt\/cube-fold-sport-hybrid-500-greennblack\/#primaryimage"},"image":{"@id":"https:\/\/cioelectro.com\/produkt\/cube-fold-sport-hybrid-500-greennblack\/#primaryimage"},"thumbnailUrl":"https:\/\/cioelectro.com\/wp-content\/uploads\/2023\/06\/589560.jpg","datePublished":"2022-11-04T17:22:20+00:00","dateModified":"2023-08-10T19:28:20+00:00","description":"Entdecken Sie unseren Online-Fahrradladen: Gro\u00dfe Auswahl an Modellen f\u00fcr alle Radsportbegeisterten. Von Rennr\u00e4dern bis zu Mountainbikes - finden Sie heute Ihren perfekten Wegbegleiter!","breadcrumb":{"@id":"https:\/\/cioelectro.com\/produkt\/cube-fold-sport-hybrid-500-greennblack\/#breadcrumb"},"inLanguage":"en-US","potentialAction":[{"@type":"ReadAction","target":["https:\/\/cioelectro.com\/produkt\/cube-fold-sport-hybrid-500-greennblack\/"]}]},{"@type":"ImageObject","inLanguage":"en-US","@id":"https:\/\/cioelectro.com\/produkt\/cube-fold-sport-hybrid-500-greennblack\/#primaryimage","url":"https:\/\/cioelectro.com\/wp-content\/uploads\/2023\/06\/589560.jpg","contentUrl":"https:\/\/cioelectro.com\/wp-content\/uploads\/2023\/06\/589560.jpg","width":1000,"height":706,"caption":"Cube Fold Sport Hybrid 500 green\u00b4n\u00b4black"},{"@type":"BreadcrumbList","@id":"https:\/\/cioelectro.com\/produkt\/cube-fold-sport-hybrid-500-greennblack\/#breadcrumb","itemListElement":[{"@type":"ListItem","position":1,"name":"Startseite","item":"https:\/\/cioelectro.com\/"},{"@type":"ListItem","position":2,"name":"LADEN","item":"https:\/\/cioelectro.com\/laden\/"},{"@type":"ListItem","position":3,"name":"Cube Fold Sport Hybrid 500 green\u00b4n\u00b4black"}]},{"@type":"WebSite","@id":"https:\/\/cioelectro.com\/#website","url":"https:\/\/cioelectro.com\/","name":"cioelectro.com","description":"Treten Sie mit uns ins Abenteuer!","publisher":{"@id":"https:\/\/cioelectro.com\/#organization"},"alternateName":"MEIN RADLADEN","potentialAction":[{"@type":"SearchAction","target":{"@type":"EntryPoint","urlTemplate":"https:\/\/cioelectro.com\/?s={search_term_string}"},"query-input":{"@type":"PropertyValueSpecification","valueRequired":true,"valueName":"search_term_string"}}],"inLanguage":"en-US"},{"@type":"Organization","@id":"https:\/\/cioelectro.com\/#organization","name":"CIOELECTRO","alternateName":"MEIN RADLADEN","url":"https:\/\/cioelectro.com\/","logo":{"@type":"ImageObject","inLanguage":"en-US","@id":"https:\/\/cioelectro.com\/#\/schema\/logo\/image\/","url":"https:\/\/cioelectro.com\/wp-content\/uploads\/2025\/12\/Logo-2-1200x800.png","contentUrl":"https:\/\/cioelectro.com\/wp-content\/uploads\/2025\/12\/Logo-2-1200x800.png","width":1200,"height":800,"caption":"CIOELECTRO"},"image":{"@id":"https:\/\/cioelectro.com\/#\/schema\/logo\/image\/"}}]}},"_links":{"self":[{"href":"https:\/\/cioelectro.com\/en\/wp-json\/wp\/v2\/product\/7499","targetHints":{"allow":["GET"]}}],"collection":[{"href":"https:\/\/cioelectro.com\/en\/wp-json\/wp\/v2\/product"}],"about":[{"href":"https:\/\/cioelectro.com\/en\/wp-json\/wp\/v2\/types\/product"}],"replies":[{"embeddable":true,"href":"https:\/\/cioelectro.com\/en\/wp-json\/wp\/v2\/comments?post=7499"}],"version-history":[{"count":0,"href":"https:\/\/cioelectro.com\/en\/wp-json\/wp\/v2\/product\/7499\/revisions"}],"wp:featuredmedia":[{"embeddable":true,"href":"https:\/\/cioelectro.com\/en\/wp-json\/wp\/v2\/media\/60446"}],"wp:attachment":[{"href":"https:\/\/cioelectro.com\/en\/wp-json\/wp\/v2\/media?parent=7499"}],"wp:term":[{"taxonomy":"product_brand","embeddable":true,"href":"https:\/\/cioelectro.com\/en\/wp-json\/wp\/v2\/product_brand?post=7499"},{"taxonomy":"product_cat","embeddable":true,"href":"https:\/\/cioelectro.com\/en\/wp-json\/wp\/v2\/product_cat?post=7499"},{"taxonomy":"product_tag","embeddable":true,"href":"https:\/\/cioelectro.com\/en\/wp-json\/wp\/v2\/product_tag?post=7499"}],"curies":[{"name":"wp","href":"https:\/\/api.w.org\/{rel}","templated":true}]}}